{"id":3753,"date":"2025-01-17T08:42:15","date_gmt":"2025-01-17T08:42:15","guid":{"rendered":"https:\/\/vapestornado.com\/?post_type=product&#038;p=3753"},"modified":"2025-08-23T09:30:14","modified_gmt":"2025-08-23T09:30:14","slug":"bang-tornado-40000-puffs-disposable-vape-big-smart-screen-vapor","status":"publish","type":"product","link":"https:\/\/vapestornado.com\/hr\/product\/bang-tornado-40000-puffs-disposable-vape-big-smart-screen-vapor\/","title":{"rendered":"Bang Tornado 40000 Puffs jednokratni Vape Big Smart Screen Vapor"},"content":{"rendered":"<h1>\u00a0Bang Tornado 40000 Puffs jednokratni Vape Big Smart Screen Vapor<\/h1>\n<p>&nbsp;<\/p>\n<div role=\"article\" data-tabster=\"{&quot;groupper&quot;:{&quot;tabbability&quot;:2},&quot;focusable&quot;:{}}\" data-content=\"ai-message\" aria-labelledby=\"64JRvXrTnY7mRmPkEQLLT-author 64JRvXrTnY7mRmPkEQLLT-content\">\n<div id=\"64JRvXrTnY7mRmPkEQLLT-content\">\n<p data-start=\"328\" data-end=\"622\">Ovo <strong data-start=\"332\" data-end=\"376\">Bang Tornado 40000 Puffs Jednokratni Vape<\/strong> je izra\u0111en za kapacitet i napredne performanse, \u0161to ga \u010dini sna\u017enom opcijom za veleprodajne kupce i vape trgovine. S <strong data-start=\"495\" data-end=\"528\">40 ml prethodno napunjenog spremnika e-teku\u0107ine<\/strong> i do <strong data-start=\"539\" data-end=\"555\">40.000 udisaja<\/strong>, osigurava dugotrajne sesije bez \u010destih zamjena.<\/p>\n<p data-start=\"624\" data-end=\"892\">Pokre\u0107e ga <strong data-start=\"638\" data-end=\"669\">850mAh punjiva baterija<\/strong> sa <strong data-start=\"675\" data-end=\"699\">Type-C brzo punjenje<\/strong>, Bang Tornado 40K pru\u017ea dosljednu snagu za produljenu upotrebu. Njegova <strong data-start=\"770\" data-end=\"795\">0.5\u03a9 trostruka mre\u017easta zavojnica<\/strong> pobolj\u0161ava gusto\u0107u pare i bogatstvo okusa isporu\u010duju\u0107i glatko, ravnomjerno zagrijavanje pri svakom povla\u010denju.<\/p>\n<p data-start=\"894\" data-end=\"1089\">Dizajniran s <strong data-start=\"910\" data-end=\"940\">veliki pametni zaslon<\/strong>, korisnici mogu pratiti snagu i upotrebu u stvarnom vremenu. Ergonomski dizajn i elegantan izgled \u010dine ga prenosivim, pouzdanim i prakti\u010dnim za svakodnevnu upotrebu.<\/p>\n<p data-start=\"1091\" data-end=\"1294\">Za veletrgovce i distributere, <strong data-start=\"1129\" data-end=\"1162\">Bang Tornado 40000 Udisaja Vape<\/strong> kombinira veliki kapacitet puhanja, u\u010dinkovitost punjenja i vrhunsku kvalitetu izrade, nude\u0107i sna\u017enu tr\u017ei\u0161nu privla\u010dnost i profitabilnost.<\/p>\n<p><img fetchpriority=\"high\" decoding=\"async\" class=\"size-medium wp-image-2951\" src=\"https:\/\/vapestornado.com\/wp-content\/uploads\/2024\/12\/Wholesale-Disposable-Vape-265x300.jpg\" alt=\"Veleprodaja jednokratnih vape ure\u0111aja\" width=\"265\" height=\"300\" srcset=\"https:\/\/vapestornado.com\/wp-content\/uploads\/2024\/12\/Wholesale-Disposable-Vape-265x300.jpg 265w, https:\/\/vapestornado.com\/wp-content\/uploads\/2024\/12\/Wholesale-Disposable-Vape-768x871.jpg 768w, https:\/\/vapestornado.com\/wp-content\/uploads\/2024\/12\/Wholesale-Disposable-Vape-600x680.jpg 600w, https:\/\/vapestornado.com\/wp-content\/uploads\/2024\/12\/Wholesale-Disposable-Vape.jpg 823w\" sizes=\"(max-width: 265px) 100vw, 265px\" \/><\/p>\n<h5>Molimo kontaktirajte Mandy's WhatsApp za cijenu s popustom<a href=\"https:\/\/wa.me\/8618077105796\" target=\"_blank\" rel=\"noopener\">+8618077105796<\/a><\/h5>\n<p>&nbsp;<\/p>\n<\/div>\n<\/div>\n<div class=\"mb-2 flex gap-3 empty:hidden -ml-2\">\n<h2 class=\"sr-proMainInfo-baseInfoH1 J-baseInfo-name\">\u00a0Bang 40000 Puffs punjivi vapes Klju\u010dne zna\u010dajke:<\/h2>\n<ul>\n<li><strong>40ml e-teku\u0107ine<\/strong> do <strong>40.000 udisaja<\/strong><\/li>\n<li><strong>850mAh punjiva baterija<\/strong> sa <strong>Type-C priklju\u010dak za punjenje<\/strong><\/li>\n<li><strong>0.5ohm trostruka mre\u017easta zavojnica<\/strong> za glatku paru i pobolj\u0161ani okus<\/li>\n<li><strong>Prilagodljiva snaga<\/strong> za personalizirano iskustvo vapinga<\/li>\n<li><strong>Dugotrajno<\/strong> i prakti\u010dno za produ\u017eenu upotrebu<\/li>\n<li>Elegantan, <strong>ergonomski dizajn<\/strong> za prenosivost<\/li>\n<li>Idealno za povremene i iskusne vapere<\/li>\n<\/ul>\n<\/div>\n<h2 class=\"sr-proMainInfo-baseInfoH1 J-baseInfo-name\">Bang Tornado 40000 Puff Veleprodaja okusa za vape:<\/h2>\n<p>1.Jagoda Lubenica<br \/>\n2.Lubenica<br \/>\n3.LJUBAV 66<br \/>\n4.Energetsko pi\u0107e<br \/>\n5.Jagoda Kivi<br \/>\n6.Borovnica Limun<br \/>\n7.Borovnica Gro\u017e\u0111e<br \/>\n8.Borovnica malina<br \/>\n9. Mango Breskva<br \/>\n10.Trostruko bobi\u010dasto vo\u0107e<br \/>\n11.Dvostruka jabuka<br \/>\n12.Ledena Breskva<\/p>\n<div role=\"article\" data-tabster=\"{&quot;groupper&quot;:{&quot;tabbability&quot;:2},&quot;focusable&quot;:{}}\" data-content=\"ai-message\" aria-labelledby=\"dARUyEWDoEYhnSPXFwx5A-author dARUyEWDoEYhnSPXFwx5A-content\">\n<div id=\"dARUyEWDoEYhnSPXFwx5A-content\">\n<h3><strong>Za\u0161to kupiti <\/strong>Bang Tornado 40k Puff para <strong>od vapestornada?<\/strong><\/h3>\n<div class=\"flex max-w-full flex-col flex-grow\">\n<div class=\"min-h-8 text-message flex w-full flex-col items-end gap-2 whitespace-normal break-words text-start [.text-message+&amp;]:mt-5\" dir=\"auto\" data-message-author-role=\"assistant\" data-message-id=\"8ec0866b-3616-4b38-8c41-2e75d00fce2d\" data-message-model-slug=\"gpt-4o-mini\">\n<div class=\"flex w-full flex-col gap-1 empty:hidden first:pt-[3px]\">\n<div class=\"markdown prose w-full break-words dark:prose-invert light\">\n<ul>\n<li><strong>Vrhunska kvaliteta<\/strong>: vapestornado nudi autenti\u010dne, visokokvalitetne Bang Tornado 40000 Puffs, osiguravaju\u0107i vrhunsko iskustvo vapinga s glatkom parom i bogatim okusom.<\/li>\n<li><strong>Konkurentne cijene<\/strong>: U\u017eivajte u konkurentnim veleprodajnim cijenama za kupnju na veliko, \u0161to ga \u010dini idealnim za individualne korisnike i tvrtke.<\/li>\n<li><strong>Brza dostava<\/strong>: vapestornado osigurava brzu i pouzdanu dostavu, tako da mo\u017eete po\u010deti u\u017eivati u svom proizvodu bez odgode.<\/li>\n<li><strong>Izvrsna korisni\u010dka podr\u0161ka<\/strong>: Posve\u0107eni tim za podr\u0161ku spreman je pomo\u0107i sa svim pitanjima ili nedoumicama, osiguravaju\u0107i besprijekorno iskustvo kupnje.<\/li>\n<li><strong>\u0160irok izbor<\/strong>: vapestornado nudi razne okuse i opcije, omogu\u0107uju\u0107i vam da odaberete savr\u0161eni spoj za svoje preferencije.<\/li>\n<li><strong>Sigurna kupovina<\/strong>: S obvezom prema sigurnosti kupaca, vapestornado jam\u010di sigurne opcije pla\u0107anja i transakcije.<\/li>\n<\/ul>\n<\/div>\n<\/div>\n<\/div>\n<\/div>\n<div class=\"mb-2 flex gap-3 empty:hidden -ml-2\">\n<div class=\"items-center justify-start rounded-xl p-1 flex\"><\/div>\n<\/div>\n<\/div>\n<\/div>\n<h3>\u010cesta pitanja o jednokratnim vapesima Bang Tornado puff 40000<\/h3>\n<ul>\n<li><strong>Koliko dugo traje Bang tornado vape 40.000 Puffs?<\/strong><br \/>\nBang Tornado 40.000 Puffs traje do 40.000 udisaja, ovisno o kori\u0161tenju. S velikim kapacitetom e-teku\u0107ine od 40 ml, nudi dugotrajno vaping bez \u010destih zamjena.<\/li>\n<li><strong>Kako napuniti vapes Bang Tornado 40.000 Puff?<\/strong><br \/>\nUre\u0111aj je opremljen s <strong>850mAh punjiva baterija<\/strong> i <strong>Type-C priklju\u010dak za punjenje<\/strong>, \u0161to omogu\u0107uje brzo i u\u010dinkovito punjenje kada se baterija isprazni.<\/li>\n<li><strong>Koliki je otpor zavojnice u Bang vape Tornado 40.000 Puffs?<\/strong><br \/>\nUre\u0111aj koristi <strong>0.5ohm trostruka mre\u017easta zavojnica<\/strong> za gla\u0111u proizvodnju pare i pobolj\u0161an okus, pru\u017eaju\u0107i vrhunsko iskustvo vapinga.<\/li>\n<li><strong>Koja je ja\u010dina nikotina u Bang Tornado 40.000 Puffs?<\/strong><br \/>\nBang Tornado 40.000 Puffs obi\u010dno dolazi u razli\u010ditim ja\u010dinama nikotina (obi\u010dno 2% ili 5%) kako bi odgovarao razli\u010ditim preferencijama.<\/li>\n<\/ul>","protected":false},"excerpt":{"rendered":"<ul>\n<li><strong>Vrhunski Bang Tornado 40K Puffs jednokratni Vape Pen<\/strong><\/li>\n<li><strong>Izdr\u017eljivi Bang Tornado 40K Puffs punjivi Vape ure\u0111aj<\/strong><\/li>\n<li><strong>Bang Tornado 40K Puffs E-Cig s prilagodljivim ledenim okusima<\/strong><\/li>\n<\/ul>\n<figure id=\"attachment_2951\" aria-describedby=\"caption-attachment-2951\" style=\"width: 265px\" class=\"wp-caption alignnone\"><img fetchpriority=\"high\" decoding=\"async\" class=\"size-medium wp-image-2951\" src=\"https:\/\/vapestornado.com\/wp-content\/uploads\/2024\/12\/Wholesale-Disposable-Vape-265x300.jpg\" alt=\"Veleprodaja jednokratnih vape ure\u0111aja\" width=\"265\" height=\"300\" srcset=\"https:\/\/vapestornado.com\/wp-content\/uploads\/2024\/12\/Wholesale-Disposable-Vape-265x300.jpg 265w, https:\/\/vapestornado.com\/wp-content\/uploads\/2024\/12\/Wholesale-Disposable-Vape-768x871.jpg 768w, https:\/\/vapestornado.com\/wp-content\/uploads\/2024\/12\/Wholesale-Disposable-Vape-600x680.jpg 600w, https:\/\/vapestornado.com\/wp-content\/uploads\/2024\/12\/Wholesale-Disposable-Vape.jpg 823w\" sizes=\"(max-width: 265px) 100vw, 265px\" \/><figcaption id=\"caption-attachment-2951\" class=\"wp-caption-text\">Molimo kontaktirajte Mandy's WhatsApp za cijenu s popustom\u00a0 <a href=\"https:\/\/wa.me\/8618077105796\">+8618077105796<\/a><\/figcaption><\/figure>\n<p>&nbsp;<\/p>","protected":false},"featured_media":3746,"comment_status":"open","ping_status":"closed","template":"","meta":{"_acf_changed":false,"_uag_custom_page_level_css":"","_lmt_disableupdate":"no","_lmt_disable":"","_monsterinsights_skip_tracking":false,"_monsterinsights_sitenote_active":false,"_monsterinsights_sitenote_note":"","_monsterinsights_sitenote_category":0,"site-sidebar-layout":"default","site-content-layout":"","ast-site-content-layout":"default","site-content-style":"default","site-sidebar-style":"default","ast-global-header-display":"","ast-banner-title-visibility":"","ast-main-header-display":"","ast-hfb-above-header-display":"","ast-hfb-below-header-display":"","ast-hfb-mobile-header-display":"","site-post-title":"","ast-breadcrumbs-content":"","ast-featured-img":"","footer-sml-layout":"","ast-disable-related-posts":"","theme-transparent-header-meta":"default","adv-header-id-meta":"","stick-header-meta":"","header-above-stick-meta":"","header-main-stick-meta":"","header-below-stick-meta":"","astra-migrate-meta-layouts":"set","ast-page-background-enabled":"default","ast-page-background-meta":{"desktop":{"background-color":"","background-image":"","background-repeat":"repeat","background-position":"center center","background-size":"auto","background-attachment":"scroll","background-type":"","background-media":"","overlay-type":"","overlay-color":"","overlay-opacity":"","overlay-gradient":""},"tablet":{"background-color":"","background-image":"","background-repeat":"repeat","background-position":"center center","background-size":"auto","background-attachment":"scroll","background-type":"","background-media":"","overlay-type":"","overlay-color":"","overlay-opacity":"","overlay-gradient":""},"mobile":{"background-color":"","background-image":"","background-repeat":"repeat","background-position":"center center","background-size":"auto","background-attachment":"scroll","background-type":"","background-media":"","overlay-type":"","overlay-color":"","overlay-opacity":"","overlay-gradient":""}},"ast-content-background-meta":{"desktop":{"background-color":"var(--ast-global-color-5)","background-image":"","background-repeat":"repeat","background-position":"center center","background-size":"auto","background-attachment":"scroll","background-type":"","background-media":"","overlay-type":"","overlay-color":"","overlay-opacity":"","overlay-gradient":""},"tablet":{"background-color":"var(--ast-global-color-5)","background-image":"","background-repeat":"repeat","background-position":"center center","background-size":"auto","background-attachment":"scroll","background-type":"","background-media":"","overlay-type":"","overlay-color":"","overlay-opacity":"","overlay-gradient":""},"mobile":{"background-color":"var(--ast-global-color-5)","background-image":"","background-repeat":"repeat","background-position":"center center","background-size":"auto","background-attachment":"scroll","background-type":"","background-media":"","overlay-type":"","overlay-color":"","overlay-opacity":"","overlay-gradient":""}},"_joinchat":[]},"product_brand":[],"product_cat":[140,65,62,151,154,159,146,148],"product_tag":[212,97,98],"class_list":{"0":"post-3753","1":"product","2":"type-product","3":"status-publish","4":"has-post-thumbnail","6":"product_cat-big-puffs-disposable-vapes","7":"product_cat-40000-puff","8":"product_cat-bang-vape","9":"product_cat-buy-disposable-vapes-in-france","10":"product_cat-buy-disposable-vapes-in-netherlands","11":"product_cat-buy-disposable-vapes-in-sweden","12":"product_cat-rechargeable-disposable-vapes","13":"product_cat-tornado-disposable-vapes","14":"product_tag-bang-vape-40000","15":"product_tag-hot-sale-disposable-vape","16":"product_tag-wholesale-price-disposable-vape","17":"desktop-align-left","18":"tablet-align-left","19":"mobile-align-left","21":"first","22":"instock","23":"sale","24":"shipping-taxable","25":"purchasable","26":"product-type-simple"},"acf":[],"uagb_featured_image_src":{"full":["https:\/\/vapestornado.com\/wp-content\/uploads\/2025\/01\/Bang-Tornado-40K-Puff-Adjustable-Power-Disposable-Vape.webp",800,800,false],"thumbnail":["https:\/\/vapestornado.com\/wp-content\/uploads\/2025\/01\/Bang-Tornado-40K-Puff-Adjustable-Power-Disposable-Vape-150x150.webp",150,150,true],"medium":["https:\/\/vapestornado.com\/wp-content\/uploads\/2025\/01\/Bang-Tornado-40K-Puff-Adjustable-Power-Disposable-Vape-300x300.webp",300,300,true],"medium_large":["https:\/\/vapestornado.com\/wp-content\/uploads\/2025\/01\/Bang-Tornado-40K-Puff-Adjustable-Power-Disposable-Vape-768x768.webp",768,768,true],"large":["https:\/\/vapestornado.com\/wp-content\/uploads\/2025\/01\/Bang-Tornado-40K-Puff-Adjustable-Power-Disposable-Vape.webp",800,800,false],"1536x1536":["https:\/\/vapestornado.com\/wp-content\/uploads\/2025\/01\/Bang-Tornado-40K-Puff-Adjustable-Power-Disposable-Vape.webp",800,800,false],"2048x2048":["https:\/\/vapestornado.com\/wp-content\/uploads\/2025\/01\/Bang-Tornado-40K-Puff-Adjustable-Power-Disposable-Vape.webp",800,800,false],"trp-custom-language-flag":["https:\/\/vapestornado.com\/wp-content\/uploads\/2025\/01\/Bang-Tornado-40K-Puff-Adjustable-Power-Disposable-Vape.webp",12,12,false],"woocommerce_thumbnail":["https:\/\/vapestornado.com\/wp-content\/uploads\/2025\/01\/Bang-Tornado-40K-Puff-Adjustable-Power-Disposable-Vape-300x300.webp",300,300,true],"woocommerce_single":["https:\/\/vapestornado.com\/wp-content\/uploads\/2025\/01\/Bang-Tornado-40K-Puff-Adjustable-Power-Disposable-Vape-600x600.webp",600,600,true],"woocommerce_gallery_thumbnail":["https:\/\/vapestornado.com\/wp-content\/uploads\/2025\/01\/Bang-Tornado-40K-Puff-Adjustable-Power-Disposable-Vape-100x100.webp",100,100,true]},"uagb_author_info":{"display_name":"ESMANDY","author_link":"https:\/\/vapestornado.com\/hr\/author\/"},"uagb_comment_info":0,"uagb_excerpt":"High-End Bang Tornado 40K Puff Disposable Vape Pen Durable Bang Tornado 40K Puffs Rechargeable Vape Device Bang Tornado 40K Puffs E-Cig with Customizable Ice Flavor Pods [caption id=\"attachment_2951\" align=\"alignnone\" width=\"265\"] Pls Contact Mandy's WhatsApp For Discount Price\u00a0 +8618077105796[\/caption] &nbsp;","_links":{"self":[{"href":"https:\/\/vapestornado.com\/hr\/wp-json\/wp\/v2\/product\/3753","targetHints":{"allow":["GET"]}}],"collection":[{"href":"https:\/\/vapestornado.com\/hr\/wp-json\/wp\/v2\/product"}],"about":[{"href":"https:\/\/vapestornado.com\/hr\/wp-json\/wp\/v2\/types\/product"}],"replies":[{"embeddable":true,"href":"https:\/\/vapestornado.com\/hr\/wp-json\/wp\/v2\/comments?post=3753"}],"wp:featuredmedia":[{"embeddable":true,"href":"https:\/\/vapestornado.com\/hr\/wp-json\/wp\/v2\/media\/3746"}],"wp:attachment":[{"href":"https:\/\/vapestornado.com\/hr\/wp-json\/wp\/v2\/media?parent=3753"}],"wp:term":[{"taxonomy":"product_brand","embeddable":true,"href":"https:\/\/vapestornado.com\/hr\/wp-json\/wp\/v2\/product_brand?post=3753"},{"taxonomy":"product_cat","embeddable":true,"href":"https:\/\/vapestornado.com\/hr\/wp-json\/wp\/v2\/product_cat?post=3753"},{"taxonomy":"product_tag","embeddable":true,"href":"https:\/\/vapestornado.com\/hr\/wp-json\/wp\/v2\/product_tag?post=3753"}],"curies":[{"name":"wp","href":"https:\/\/api.w.org\/{rel}","templated":true}]}}