{"id":3745,"date":"2025-01-14T09:29:58","date_gmt":"2025-01-14T09:29:58","guid":{"rendered":"https:\/\/vapestornado.com\/?post_type=product&#038;p=3745"},"modified":"2025-08-23T09:30:57","modified_gmt":"2025-08-23T09:30:57","slug":"high-capacity-bang-28000-puffs-disposable-e-cigarette","status":"publish","type":"product","link":"https:\/\/vapestornado.com\/hr\/product\/high-capacity-bang-28000-puffs-disposable-e-cigarette\/","title":{"rendered":"Bang 28000 Puffs jednokratna e-cigareta velikog kapaciteta"},"content":{"rendered":"<h1>Bang 28000 Puffs jednokratna e-cigareta velikog kapaciteta<\/h1>\n<p>&nbsp;<\/p>\n<div role=\"article\" data-tabster=\"{&quot;groupper&quot;:{&quot;tabbability&quot;:2},&quot;focusable&quot;:{}}\" data-content=\"ai-message\" aria-labelledby=\"64JRvXrTnY7mRmPkEQLLT-author 64JRvXrTnY7mRmPkEQLLT-content\">\n<div id=\"64JRvXrTnY7mRmPkEQLLT-content\">\n<p data-start=\"313\" data-end=\"602\">Ovo <strong data-start=\"317\" data-end=\"353\">Bang 28000 Puffs jednokratni vape<\/strong> pru\u017ea produljene performanse i prakti\u010dnost s masivnim <strong data-start=\"415\" data-end=\"439\">kapacitetom od 28.000 udisaja<\/strong> i <strong data-start=\"446\" data-end=\"479\">30 ml prethodno napunjenim spremnikom e-teku\u0107ine<\/strong>. Koriste\u0107i <strong data-start=\"487\" data-end=\"520\">naprednom tehnologijom mre\u017easte zavojnice<\/strong>, osigurava dosljedan okus i glatku proizvodnju pare od po\u010detka do kraja.<\/p>\n<p data-start=\"604\" data-end=\"814\">Dostupno u <strong data-start=\"617\" data-end=\"656\">0%, 2%, 3% i 5% opcijama nikotina<\/strong>, Bang 28K udovoljava svim preferencijama, dok <strong data-start=\"708\" data-end=\"732\">podesive razine leda<\/strong> zna\u010dajka omogu\u0107uje korisnicima da prilagode intenzitet hla\u0111enja za osvje\u017eavaju\u0107i mentol efekt.<\/p>\n<p data-start=\"816\" data-end=\"1116\">Pokre\u0107e ga <strong data-start=\"829\" data-end=\"860\">650mAh punjiva baterija<\/strong> sa <strong data-start=\"866\" data-end=\"890\">Type-C brzo punjenje<\/strong>, ovaj ure\u0111aj smanjuje zastoje i podr\u017eava pouzdanu cjelodnevnu upotrebu. Njegov <strong data-start=\"962\" data-end=\"1001\">dizajn protoka zraka Direct-to-Lung (DTL)<\/strong> proizvodi guste oblake pare i sna\u017ene okuse, \u0161to ga \u010dini idealnim za vapere koji \u017eele i kapacitet i performanse.<\/p>\n<p data-start=\"1118\" data-end=\"1279\">Za veletrgovce i distributere, <strong data-start=\"1156\" data-end=\"1181\">Bang 28000 Udaraca Vape<\/strong> nudi sna\u017enu privla\u010dnost s visokim brojem udisaja, mogu\u0107nostima prilagodbe i pouzdanom kvalitetom izrade.<\/p>\n<hr data-start=\"1281\" data-end=\"1284\" \/>\n<h3 data-start=\"1286\" data-end=\"1312\">SEO Meta Opis<\/h3>\n<\/div>\n<\/div>\n<div class=\"flex max-w-full flex-col flex-grow\">\n<div class=\"min-h-8 text-message flex w-full flex-col items-end gap-2 whitespace-normal break-words text-start [.text-message+&amp;]:mt-5\" dir=\"auto\" data-message-author-role=\"assistant\" data-message-id=\"cdb991c0-f594-4bff-b2d5-fbbdd7ce9e54\" data-message-model-slug=\"gpt-4o-mini\">\n<div class=\"flex w-full flex-col gap-1 empty:hidden first:pt-[3px]\">\n<div class=\"markdown prose w-full break-words dark:prose-invert light\"><\/div>\n<\/div>\n<\/div>\n<\/div>\n<div class=\"mb-2 flex gap-3 empty:hidden -ml-2\">\n<h2 class=\"sr-proMainInfo-baseInfoH1 J-baseInfo-name\">Top rasprodaja 28000 dimova bang jednokratni vape Klju\u010dne zna\u010dajke:<\/h2>\n<ul>\n<li><strong>Velik broj pufova<\/strong>: Isporuka do <strong>28,000 dimova<\/strong>, pru\u017eaju\u0107i produ\u017eene sesije vapinga bez \u010destih zamjena.<\/li>\n<li><strong>Velikodu\u0161an kapacitet e-teku\u0107ine<\/strong>: Napunjeno s <strong>30mL visokokvalitetnog vape soka<\/strong> za dosljedan okus i glatku proizvodnju pare.<\/li>\n<li><strong>Prilagodljive ja\u010dine nikotina<\/strong>: Dostupan u <strong>0%, 2%, 3% ili 5% nikotina<\/strong>, udovoljavaju\u0107i razli\u010ditim preferencijama i potrebama vapinga.<\/li>\n<li><strong>Napredna mre\u017easta zavojnica<\/strong>: Sadr\u017ei <strong>Mre\u017easta zavojnica od 1,0 \u03a9<\/strong> za pobolj\u0161anu gusto\u0107u pare, hrabre okuse i glatke hitove.<\/li>\n<li><strong>Podesiva razina leda<\/strong>: Personalizirajte svoje iskustvo vapinga s <strong>podesivim efektom hla\u0111enja<\/strong>, savr\u0161eno za osvje\u017eavaju\u0107i osje\u0107aj mentola.<\/li>\n<li><strong>Punjiva baterija<\/strong>: Pokre\u0107e ga <strong>650mAh punjiva baterija<\/strong>, osiguravaju\u0107i pouzdane performanse tijekom vijeka trajanja ure\u0111aja.<\/li>\n<li><strong>Brzo punjenje Type-C<\/strong>: Opremljen s <strong>Tehnologija brzog punjenja tipa C<\/strong> za minimalno vrijeme zastoja i u\u010dinkovito punjenje.<\/li>\n<li><strong>Izravni protok zraka do plu\u0107a (DTL)<\/strong>: Dizajniran za <strong>Duhan na paru<\/strong>, isporu\u010duju\u0107i guste oblake i intenzivne arome.<\/li>\n<li><strong>Prijenosni i elegantan dizajn<\/strong>: Kompaktan, lagan i elegantan, \u0161to ga \u010dini idealnim za putovanja ili svakodnevnu upotrebu.<\/li>\n<li><strong>Ekolo\u0161ki prihvatljivo i jednokratno<\/strong>: Dizajnirano za prakti\u010dnost i odr\u017eivost, nudi jednostavno odlaganje nakon upotrebe.<\/li>\n<\/ul>\n<\/div>\n<p><img fetchpriority=\"high\" decoding=\"async\" class=\"wp-image-2951\" src=\"https:\/\/vapestornado.com\/wp-content\/uploads\/2024\/12\/Wholesale-Disposable-Vape-265x300.jpg\" alt=\"Veleprodaja jednokratnih vape ure\u0111aja\" width=\"313\" height=\"354\" srcset=\"https:\/\/vapestornado.com\/wp-content\/uploads\/2024\/12\/Wholesale-Disposable-Vape-265x300.jpg 265w, https:\/\/vapestornado.com\/wp-content\/uploads\/2024\/12\/Wholesale-Disposable-Vape-768x871.jpg 768w, https:\/\/vapestornado.com\/wp-content\/uploads\/2024\/12\/Wholesale-Disposable-Vape-600x680.jpg 600w, https:\/\/vapestornado.com\/wp-content\/uploads\/2024\/12\/Wholesale-Disposable-Vape.jpg 823w\" sizes=\"(max-width: 313px) 100vw, 313px\" \/><\/p>\n<h5>Molimo kontaktirajte Mandy's WhatsApp za cijenu s popustom<a href=\"https:\/\/wa.me\/8618077105796\" target=\"_blank\" rel=\"noopener\">+8618077105796<\/a><\/h5>\n<p>&nbsp;<\/p>\n<h3 class=\"sr-proMainInfo-baseInfoH1 J-baseInfo-name\">bangvape 28k Puffs Veleprodaja okusa vape-a:<\/h3>\n<p>1.Jagoda Lubenica<br \/>\n2.Led od borovnice<br \/>\n3.Krv i pijesak<br \/>\n4. Ananas Kokos<br \/>\n5. Jagoda i banana<br \/>\n6. Mije\u0161ano vo\u0107e<br \/>\n7. Borovnice Maline<br \/>\n8. Led od Breskve<br \/>\n9. Mango Breskva<br \/>\n10. Lubenica<br \/>\n11. Gro\u017e\u0111e led<br \/>\n12. Jagoda Kivi Vo\u0107e<\/p>\n<div role=\"article\" data-tabster=\"{&quot;groupper&quot;:{&quot;tabbability&quot;:2},&quot;focusable&quot;:{}}\" data-content=\"ai-message\" aria-labelledby=\"dARUyEWDoEYhnSPXFwx5A-author dARUyEWDoEYhnSPXFwx5A-content\">\n<div id=\"dARUyEWDoEYhnSPXFwx5A-content\">\n<h3><strong>Za\u0161to kupiti HQ Bang 28000 Puff <\/strong>\u00a0vapeove\u00a0<strong>od vapestornada?<\/strong><\/h3>\n<ul>\n<li><strong>Zajam\u010deni autenti\u010dni proizvodi<\/strong><br \/>\nvapestornado osigurava da dobijete originalne <strong>Bang 28000 Puffs Vapeove<\/strong>, pru\u017eaju\u0107i vrhunsku kvalitetu i pouzdane performanse sa svakom kupnjom.<\/li>\n<li><strong>Nenadma\u0161ne cijene<\/strong><br \/>\nU\u017eivajte u konkurentnim cijenama i ekskluzivnim ponudama na jednokratne vapeove velikog kapaciteta, \u010dine\u0107i vapestornado odredi\u0161tem za narud\u017ebe na veliko ili pojedina\u010dno.<\/li>\n<li><strong>Brza dostava diljem Hrvatske<\/strong><br \/>\nFokusiraju\u0107i se na udobnost kupaca, vapestornado pru\u017ea <strong>brzu i pouzdanu dostavu<\/strong> u hrvatske \u017eupanije, osiguravaju\u0107i pravovremenu isporuku.<\/li>\n<li><strong>Podr\u0161ka usmjerena na kupca<\/strong><br \/>\nIskoristite prednosti <strong>posve\u0107ena korisni\u010dka podr\u0161ka<\/strong> za pomo\u0107 pri upitima, \u010dine\u0107i va\u0161e iskustvo kupovine glatkim i bezbri\u017enim.<\/li>\n<li><strong>Vrhunsko iskustvo vapinga<\/strong><br \/>\nBang 28000 Puffs vape ure\u0111aji imaju napredne <strong>mre\u017easte zavojnice<\/strong>, <strong>podesive razine hla\u0111enja<\/strong>i <strong>izravno-u-plu\u0107a (DTL) protok zraka<\/strong>, jam\u010de\u0107i intenzivne okuse, guste oblake i personalizirane senzacije hla\u0111enja.<\/li>\n<li><strong>Ekolo\u0161ki osvije\u0161teno i prakti\u010dno<\/strong><br \/>\nvapestornado podr\u017eava ekolo\u0161ki odgovorno vaping s vrhunskim jednokratnim vape ure\u0111ajima dizajniranima za jednostavnu upotrebu i lako odlaganje.<\/li>\n<\/ul>\n<\/div>\n<\/div>\n<h3>\u010cesta pitanja o novom Vape Bang 28000 Puffs<\/h3>\n<p><strong>1. Kako mogu pratiti svoju narud\u017ebu za Bang 28000 Puffs?<\/strong><br \/>\nPra\u0107enje va\u0161e narud\u017ebe je jednostavno. Nakon \u0161to je va\u0161a narud\u017eba potvr\u0111ena, primit \u0107ete broj za pra\u0107enje putem WhatsAppa. Koristite taj broj na web stranici navedenog dostavnog prijevoznika kako biste pratili napredak isporuke va\u0161eg paketa. Za dodatnu pomo\u0107, slobodno se obratite na\u0161em timu korisni\u010dke podr\u0161ke.<\/p>\n<p><strong>2. Mogu li odrediti okuse za nasumi\u010dno odabrane proizvode?<\/strong><br \/>\nDa, mo\u017eete! Dok neki paketi proizvoda dolaze s unaprijed odabranim okusima, trudimo se udovoljiti specifi\u010dnim preferencijama okusa. Jednostavno ostavite bilje\u0161ku prilikom naplate ili se obratite na\u0161oj korisni\u010dkoj podr\u0161ci sa svojim zahtjevom. Osigurat \u0107emo da va\u0161i preferirani okusi budu uklju\u010deni ako su na zalihama.<\/p>\n<p><strong>3. Po \u010demu su Bang 28000 Puffs vape ure\u0111aji jedinstveni?<\/strong><br \/>\nOvo <strong>Bang 28000 Puffs jednokratni vape<\/strong> nudi ogroman broj uvla\u010denja, <strong>kapacitet 30 ml e-teku\u0107ine<\/strong>, podesive razine hla\u0111enja i naprednu tehnologiju mre\u017eastih zavojnica. Dizajniran je za prakti\u010dnost, dugotrajnu upotrebu i prilagodljivo iskustvo vapinga.<\/p>","protected":false},"excerpt":{"rendered":"<ul>\n<li>Premium Bang 28000 Puffs jednokratna vape olovka<\/li>\n<li>Dugotrajni Bang 28000 Puffs punjivi Vape<\/li>\n<li>Bang 28000 Puffs E-cigareta s podesivim Ice Vape Pods<\/li>\n<\/ul>\n<figure id=\"attachment_2951\" aria-describedby=\"caption-attachment-2951\" style=\"width: 265px\" class=\"wp-caption alignnone\"><img decoding=\"async\" class=\"size-medium wp-image-2951\" src=\"https:\/\/vapestornado.com\/wp-content\/uploads\/2024\/12\/Wholesale-Disposable-Vape-265x300.jpg\" alt=\"Veleprodaja jednokratnih vape ure\u0111aja\" width=\"265\" height=\"300\" srcset=\"https:\/\/vapestornado.com\/wp-content\/uploads\/2024\/12\/Wholesale-Disposable-Vape-265x300.jpg 265w, https:\/\/vapestornado.com\/wp-content\/uploads\/2024\/12\/Wholesale-Disposable-Vape-768x871.jpg 768w, https:\/\/vapestornado.com\/wp-content\/uploads\/2024\/12\/Wholesale-Disposable-Vape-600x680.jpg 600w, https:\/\/vapestornado.com\/wp-content\/uploads\/2024\/12\/Wholesale-Disposable-Vape.jpg 823w\" sizes=\"(max-width: 265px) 100vw, 265px\" \/><figcaption id=\"caption-attachment-2951\" class=\"wp-caption-text\">Molimo kontaktirajte Mandy's WhatsApp za cijenu s popustom\u00a0 <a href=\"https:\/\/wa.me\/8618077105796\">+8618077105796<\/a><\/figcaption><\/figure>\n<p>&nbsp;<\/p>","protected":false},"featured_media":3738,"comment_status":"open","ping_status":"closed","template":"","meta":{"_acf_changed":false,"_uag_custom_page_level_css":"","_lmt_disableupdate":"no","_lmt_disable":"","_monsterinsights_skip_tracking":false,"_monsterinsights_sitenote_active":false,"_monsterinsights_sitenote_note":"","_monsterinsights_sitenote_category":0,"site-sidebar-layout":"default","site-content-layout":"","ast-site-content-layout":"default","site-content-style":"default","site-sidebar-style":"default","ast-global-header-display":"","ast-banner-title-visibility":"","ast-main-header-display":"","ast-hfb-above-header-display":"","ast-hfb-below-header-display":"","ast-hfb-mobile-header-display":"","site-post-title":"","ast-breadcrumbs-content":"","ast-featured-img":"","footer-sml-layout":"","ast-disable-related-posts":"","theme-transparent-header-meta":"default","adv-header-id-meta":"","stick-header-meta":"","header-above-stick-meta":"","header-main-stick-meta":"","header-below-stick-meta":"","astra-migrate-meta-layouts":"set","ast-page-background-enabled":"default","ast-page-background-meta":{"desktop":{"background-color":"","background-image":"","background-repeat":"repeat","background-position":"center center","background-size":"auto","background-attachment":"scroll","background-type":"","background-media":"","overlay-type":"","overlay-color":"","overlay-opacity":"","overlay-gradient":""},"tablet":{"background-color":"","background-image":"","background-repeat":"repeat","background-position":"center center","background-size":"auto","background-attachment":"scroll","background-type":"","background-media":"","overlay-type":"","overlay-color":"","overlay-opacity":"","overlay-gradient":""},"mobile":{"background-color":"","background-image":"","background-repeat":"repeat","background-position":"center center","background-size":"auto","background-attachment":"scroll","background-type":"","background-media":"","overlay-type":"","overlay-color":"","overlay-opacity":"","overlay-gradient":""}},"ast-content-background-meta":{"desktop":{"background-color":"var(--ast-global-color-5)","background-image":"","background-repeat":"repeat","background-position":"center center","background-size":"auto","background-attachment":"scroll","background-type":"","background-media":"","overlay-type":"","overlay-color":"","overlay-opacity":"","overlay-gradient":""},"tablet":{"background-color":"var(--ast-global-color-5)","background-image":"","background-repeat":"repeat","background-position":"center center","background-size":"auto","background-attachment":"scroll","background-type":"","background-media":"","overlay-type":"","overlay-color":"","overlay-opacity":"","overlay-gradient":""},"mobile":{"background-color":"var(--ast-global-color-5)","background-image":"","background-repeat":"repeat","background-position":"center center","background-size":"auto","background-attachment":"scroll","background-type":"","background-media":"","overlay-type":"","overlay-color":"","overlay-opacity":"","overlay-gradient":""}},"_joinchat":{"telephone":"+8618077105796"}},"product_brand":[],"product_cat":[235,150,153,144],"product_tag":[236,97,98],"class_list":{"0":"post-3745","1":"product","2":"type-product","3":"status-publish","4":"has-post-thumbnail","6":"product_cat-28000-puff","7":"product_cat-buy-disposable-vapes-in-belgium","8":"product_cat-buy-disposable-vapes-in-italy","9":"product_cat-low-nicotine-disposable-vapes","10":"product_tag-bang-28000-puffs","11":"product_tag-hot-sale-disposable-vape","12":"product_tag-wholesale-price-disposable-vape","13":"desktop-align-left","14":"tablet-align-left","15":"mobile-align-left","17":"first","18":"instock","19":"sale","20":"shipping-taxable","21":"purchasable","22":"product-type-simple"},"acf":[],"uagb_featured_image_src":{"full":["https:\/\/vapestornado.com\/wp-content\/uploads\/2025\/01\/Bang-28000-Puffs-Ultimate-Long-Lasting-Vape.webp",800,800,false],"thumbnail":["https:\/\/vapestornado.com\/wp-content\/uploads\/2025\/01\/Bang-28000-Puffs-Ultimate-Long-Lasting-Vape-150x150.webp",150,150,true],"medium":["https:\/\/vapestornado.com\/wp-content\/uploads\/2025\/01\/Bang-28000-Puffs-Ultimate-Long-Lasting-Vape-300x300.webp",300,300,true],"medium_large":["https:\/\/vapestornado.com\/wp-content\/uploads\/2025\/01\/Bang-28000-Puffs-Ultimate-Long-Lasting-Vape-768x768.webp",768,768,true],"large":["https:\/\/vapestornado.com\/wp-content\/uploads\/2025\/01\/Bang-28000-Puffs-Ultimate-Long-Lasting-Vape.webp",800,800,false],"1536x1536":["https:\/\/vapestornado.com\/wp-content\/uploads\/2025\/01\/Bang-28000-Puffs-Ultimate-Long-Lasting-Vape.webp",800,800,false],"2048x2048":["https:\/\/vapestornado.com\/wp-content\/uploads\/2025\/01\/Bang-28000-Puffs-Ultimate-Long-Lasting-Vape.webp",800,800,false],"trp-custom-language-flag":["https:\/\/vapestornado.com\/wp-content\/uploads\/2025\/01\/Bang-28000-Puffs-Ultimate-Long-Lasting-Vape.webp",12,12,false],"woocommerce_thumbnail":["https:\/\/vapestornado.com\/wp-content\/uploads\/2025\/01\/Bang-28000-Puffs-Ultimate-Long-Lasting-Vape-300x300.webp",300,300,true],"woocommerce_single":["https:\/\/vapestornado.com\/wp-content\/uploads\/2025\/01\/Bang-28000-Puffs-Ultimate-Long-Lasting-Vape-600x600.webp",600,600,true],"woocommerce_gallery_thumbnail":["https:\/\/vapestornado.com\/wp-content\/uploads\/2025\/01\/Bang-28000-Puffs-Ultimate-Long-Lasting-Vape-100x100.webp",100,100,true]},"uagb_author_info":{"display_name":"ESMANDY","author_link":"https:\/\/vapestornado.com\/hr\/author\/"},"uagb_comment_info":0,"uagb_excerpt":"Premium Bang 28000 Puffs Disposable Vape Pen Long-Lasting Bang 28000 Puff Rechargeable Vape Bang 28000 Puffs E-Cigarette with Adjustable Ice Vape Pods [caption id=\"attachment_2951\" align=\"alignnone\" width=\"265\"] Pls Contact Mandy's WhatsApp For Discount Price\u00a0 +8618077105796[\/caption] &nbsp;","_links":{"self":[{"href":"https:\/\/vapestornado.com\/hr\/wp-json\/wp\/v2\/product\/3745","targetHints":{"allow":["GET"]}}],"collection":[{"href":"https:\/\/vapestornado.com\/hr\/wp-json\/wp\/v2\/product"}],"about":[{"href":"https:\/\/vapestornado.com\/hr\/wp-json\/wp\/v2\/types\/product"}],"replies":[{"embeddable":true,"href":"https:\/\/vapestornado.com\/hr\/wp-json\/wp\/v2\/comments?post=3745"}],"wp:featuredmedia":[{"embeddable":true,"href":"https:\/\/vapestornado.com\/hr\/wp-json\/wp\/v2\/media\/3738"}],"wp:attachment":[{"href":"https:\/\/vapestornado.com\/hr\/wp-json\/wp\/v2\/media?parent=3745"}],"wp:term":[{"taxonomy":"product_brand","embeddable":true,"href":"https:\/\/vapestornado.com\/hr\/wp-json\/wp\/v2\/product_brand?post=3745"},{"taxonomy":"product_cat","embeddable":true,"href":"https:\/\/vapestornado.com\/hr\/wp-json\/wp\/v2\/product_cat?post=3745"},{"taxonomy":"product_tag","embeddable":true,"href":"https:\/\/vapestornado.com\/hr\/wp-json\/wp\/v2\/product_tag?post=3745"}],"curies":[{"name":"wp","href":"https:\/\/api.w.org\/{rel}","templated":true}]}}