{"id":3734,"date":"2025-01-13T08:21:51","date_gmt":"2025-01-13T08:21:51","guid":{"rendered":"https:\/\/vapestornado.com\/?post_type=product&#038;p=3734"},"modified":"2025-08-23T09:32:47","modified_gmt":"2025-08-23T09:32:47","slug":"waspe-crystal-40000-puffs-40k-double-flavor-rechargeable-disposable-vapes-cheap-price","status":"publish","type":"product","link":"https:\/\/vapestornado.com\/hr\/product\/waspe-crystal-40000-puffs-40k-double-flavor-rechargeable-disposable-vapes-cheap-price\/","title":{"rendered":"WASPE Crystal 40000 Udisaja 40k Dvostruki okus Punjivi jednokratni VAPE Niska cijena"},"content":{"rendered":"<h1 class=\"product-title\">WASPE Crystal 40000 Udisaja 40k Dvostruki okus Punjivi jednokratni VAPE Niska cijena<\/h1>\n<p>Ovo <strong>WASPE Crystal 40000 Udisaja<\/strong> je vrhunski <strong>punjiva jednokratna vape<\/strong> dizajniran za vapere koji tra\u017ee produ\u017eeno, ukusno i prilagodljivo iskustvo. Sa svojim masivnim brojem udisaja, <strong>podesivi protok zraka<\/strong>, i inovativnim <strong>2-okusa-u-1<\/strong> tehnologijom, isti\u010de se me\u0111u <strong>vrhunskih marki jednokratnih vape ure\u0111aja<\/strong> po nevjerojatno <strong>niskoj veleprodajnoj cijeni<\/strong>.<\/p>\n<p>S impresivnih <strong>40.000 udisaja<\/strong>, ovaj ure\u0111aj nudi jedan od najve\u0107ih kapaciteta na tr\u017ei\u0161tu jednokratnih vapea, osiguravaju\u0107i dugotrajno u\u017eivanje bez \u010destih zamjena. The <strong>tehnologija dvostrukog okusa<\/strong> kombinira dva komplementarna okusa u jednom ure\u0111aju, omogu\u0107uju\u0107i korisnicima da se bez napora prebacuju izme\u0111u njih i u\u017eivaju u dinami\u010dnom iskustvu vapinga.<\/p>\n<p data-start=\"598\" data-end=\"841\">Ovo <strong data-start=\"602\" data-end=\"624\">sustav dvostrukog okusa<\/strong> omogu\u0107uje korisnicima prebacivanje izme\u0111u dvije mje\u0161avine u jednom ure\u0111aju, pru\u017eaju\u0107i raznolikost i svje\u017einu u svakoj sesiji. U kombinaciji s <strong data-start=\"744\" data-end=\"766\">podesivi protok zraka<\/strong>, omogu\u0107uje korisnicima da prilagode svoje povla\u010denje - od uskih udaraca do glatkih oblaka.<\/p>\n<p data-start=\"843\" data-end=\"1081\">Opremljen sa <strong data-start=\"857\" data-end=\"881\">dvostruke mre\u017easte zavojnice od 0,9 \u03a9<\/strong>, WASPE Crystal pobolj\u0161ava konzistenciju okusa i gusto\u0107u pare. Dostupan u <strong data-start=\"961\" data-end=\"998\">ja\u010dinama nikotina 0%, 2% i 5%<\/strong>, odgovara razli\u010ditim preferencijama, od upotrebe bez nikotina do ja\u010dih udaraca u grlo.<\/p>\n<p data-start=\"1083\" data-end=\"1291\">Pokre\u0107e ga <strong data-start=\"1097\" data-end=\"1128\">850mAh punjiva baterija<\/strong> sa <strong data-start=\"1134\" data-end=\"1158\">Type-C brzo punjenje<\/strong>, ovaj ure\u0111aj smanjuje vrijeme zastoja. A <strong data-start=\"1194\" data-end=\"1217\">LED digitalni zaslon<\/strong> prikazuje razinu baterije i e-teku\u0107ine u stvarnom vremenu, daju\u0107i korisnicima potpunu kontrolu.<\/p>\n<p data-start=\"1293\" data-end=\"1484\">Za veletrgovce i trgovce na malo, <strong data-start=\"1328\" data-end=\"1354\">WASPE Crystal 40K Vape<\/strong> je u\u010dinkovito pakiran s <strong data-start=\"1384\" data-end=\"1424\">200 komada po kutiji i 10 po kutiji<\/strong>, \u0161to ga \u010dini isplativom opcijom za distribuciju u velikim koli\u010dinama.<\/p>\n<p>Za one koji \u017eele <strong>kupovati na veliko<\/strong>, WASPE Crystal nudi izvrsne veleprodajne opcije s pakiranjem od <strong>200 komada po kutiji i 10 komada po kutiji<\/strong>, \u0161to ga \u010dini savr\u0161enim za trgovce i distributere. Ukupna bruto te\u017eina od 22,5 kg osigurava u\u010dinkovitu i isplativu dostavu za kupce na veliko.<\/p>\n<p><strong>Dodajte Amy na WhatsApp za brzi odgovor i kupon za vape!<\/strong><\/p>\n<p><img fetchpriority=\"high\" decoding=\"async\" class=\"size-full wp-image-2932\" src=\"https:\/\/vapestornado.com\/wp-content\/uploads\/2024\/12\/Vape-Wholesale.jpg\" alt=\"Veleprodaja vejpova\" width=\"229\" height=\"300\" \/><\/p>\n<h3><a href=\"https:\/\/wa.me\/8617776015835\" target=\"_blank\" rel=\"noopener\"><span style=\"color: #ff0000;\"><strong>WhatsApp: +86 17776015835<\/strong><\/span><\/a><\/h3>\n<p>&nbsp;<\/p>\n<h2><strong>WASPE Crystal 40000 Zna\u010dajke proizvoda<\/strong><\/h2>\n<ol>\n<li><strong>Maksimalni broj udisaja<\/strong>: 40000<\/li>\n<li><strong>Dvostruki okusi<\/strong>: 20000 udisaja + 20000 udisaja = 40000 udisaja<\/li>\n<li><strong>Ja\u010dina Nikotina<\/strong>: 0% \/ 2% \/ 3% \/ 5%<\/li>\n<li><strong>Prethodno napunjeni kapacitet<\/strong>: 32mL<\/li>\n<li><strong>Kapacitet Baterije<\/strong>: 850mAh<\/li>\n<li><strong>Priklju\u010dak za punjenje<\/strong>: USB Type-C<\/li>\n<li><strong>Rad<\/strong>: Aktivacija povla\u010denjem<\/li>\n<li><strong>0.9ohm Dvostruka mre\u017easta zavojnica<\/strong><\/li>\n<li><strong>LED zaslon<\/strong><\/li>\n<li><strong>Indikator razine baterije<\/strong><\/li>\n<li><strong>Indikator razine e-teku\u0107ine<\/strong><\/li>\n<\/ol>\n<h2 class=\"product-title\"><strong>WASPE Crystal 40000 Popis okusa<\/strong><\/h2>\n<p>1. Lubenica Led<br \/>\n2. Red Bull Ice<br \/>\n3. Jagoda Red Bull<br \/>\n4. Bombon od borovnice<br \/>\n5. Jagoda Kiwi<br \/>\n6. Borovnica Malina<br \/>\n7. Jagoda Malina Tre\u0161nja<br \/>\n8. Led od breskve<br \/>\n9. Jagoda Banana<br \/>\n10. Led od gro\u017e\u0111a<br \/>\n11. Mije\u0161ano bobi\u010dasto vo\u0107e<br \/>\n12. Led od borovnice<\/p>\n<h3 class=\"product-title\"><strong>Detaljan pregled popisa okusa WASPE Crystal 40000 Puffs<\/strong><\/h3>\n<ol>\n<li><strong>Led od lubenice<\/strong> \u2013 Osvje\u017eavaju\u0107a mje\u0161avina hladne lubenice s pikantnim limun-limeta okusom.<\/li>\n<li><strong>Led od borovnice<\/strong> \u2013 Slatke borovnice susre\u0107u pjenu\u0161avi u\u017eitak tre\u0161nje kole s ledenim zavr\u0161etkom.<\/li>\n<li><strong>Mije\u0161ano bobi\u010dasto vo\u0107e<\/strong> \u2013 Vo\u0107na mje\u0161avina mije\u0161anog bobi\u010dastog vo\u0107a s pikantnim okusom limunade od maline.<\/li>\n<li><strong>Led od gro\u017e\u0111a<\/strong> \u2013 So\u010dan okus gro\u017e\u0111a uparen s egzoti\u010dnom hladno\u0107om crnog zmajevog leda.<\/li>\n<li><strong>Jagoda Banana<\/strong> \u2013 Tropska fuzija kremaste banane, slatke jagode i ledenog ananasa i kokosa.<\/li>\n<li><strong>Led od breskve<\/strong> \u2013 Glatki led od breskve pomije\u0161an sa so\u010dnom lubenicom i mangom.<\/li>\n<li><strong>Jagoda Malina Tre\u0161nja<\/strong> \u2013 Slastan miks jagoda, malina, tre\u0161anja i misterioznog okusa Love 666.<\/li>\n<li><strong>Borovnica Malina<\/strong> \u2013 Slatke borovnice i maline pomije\u0161ane s ledenim breskvama i bobicama.<\/li>\n<li><strong>Jagoda Kiwi<\/strong> \u2013 Divna mje\u0161avina slatkih jagoda s oporim kivijem i tre\u0161njom.<\/li>\n<li><strong>Bombon od borovnice<\/strong> \u2013 Slatko\u0107a borovnice poput bombona u kombinaciji sa so\u010dnom jagodom i lubenicom.<\/li>\n<li><strong>Jagoda Red Bull<\/strong> \u2013 Jedinstvena mje\u0161avina energiziraju\u0107eg okusa Red Bulla sa slatkom borovnicom i tre\u0161njom.<\/li>\n<li><strong>Red Bull Led<\/strong> \u2013 Osvje\u017eavaju\u0107i Red Bull led uparen sa slatkim jagodama i mangom.<\/li>\n<\/ol>\n<h3>Za\u0161to odabrati vapestornado za WASPE Crystal 40000 Vape veleprodaju?<\/h3>\n<div class=\"flex-shrink-0 flex flex-col relative items-end\">\n<div class=\"pt-0\">\n<div class=\"gizmo-bot-avatar flex h-8 w-8 items-center justify-center overflow-hidden rounded-full\">\n<div class=\"relative p-1 rounded-sm flex items-center justify-center bg-token-main-surface-primary text-token-text-primary h-8 w-8\">\n<p>Dobrodo\u0161li u vapestornado, va\u0161u pouzdanu online vape trgovinu za vrhunske jednokratne vape ure\u0111aje. S vi\u0161e od 5 godina stru\u010dnosti, donosimo vam popularne marke jednokratnih vape ure\u0111aja kao \u0161to su Fumot RandM Vape, <a href=\"https:\/\/vapestornado.com\/hr\/product\/vapme-crystal-7000-puffs-rechargeable-disposable-vape-wholesale-cheap-price\/\">Vapme<\/a>, Bang Vape, Waspe Vape i WGA Vape, itd.<\/p>\n<p>Na\u0161 asortiman uklju\u010duje vru\u0107e vapeove poput <a href=\"https:\/\/vapestornado.com\/hr\/product\/fumot-randm-tornado-15000-puffs-rechargeable-disposable-vape-wholesale\/\">RandM Tornado 15000<\/a>, i izbor bogat okusom poput <a href=\"https:\/\/vapestornado.com\/hr\/product\/waspe-40000-puffs-double-flavour-led-display-disposable-vape-wholesale\/\">WASPE Dvostruki Okus 40000 Pufova<\/a> . Svaki proizvod odabran je s fokusom na kvalitetu, vrijednost i raznolikost, osiguravaju\u0107i da prona\u0111ete savr\u0161eno podudaranje za svoje potrebe. Otkrijte iznimnu uslugu i \u0161irok spektar vrhunskih proizvoda po veleprodajnoj cijeni na vapestornado.<\/p>\n<\/div>\n<h3><\/h3>\n<div class=\"relative p-1 rounded-sm flex items-center justify-center bg-token-main-surface-primary text-token-text-primary h-8 w-8\">\n<h3>\u010cesto postavljana pitanja za WASPE Crystal 40000 jednokratni vape<\/h3>\n<\/div>\n<\/div>\n<\/div>\n<\/div>\n<div class=\"flex-shrink-0 flex flex-col relative items-end\">\n<div class=\"pt-0\">\n<div class=\"gizmo-bot-avatar flex h-8 w-8 items-center justify-center overflow-hidden rounded-full\">\n<div class=\"relative p-1 rounded-sm flex items-center justify-center bg-token-main-surface-primary text-token-text-primary h-8 w-8\">\n<div class=\"mb-2 flex gap-3 empty:hidden -ml-2\">\n<ol>\n<li><strong>Koliko je vremena potrebno da se WASPE Crystal potpuno napuni?<\/strong>\n<ul>\n<li>Uz Type-C brzo punjenje, ure\u0111aju je potrebno otprilike 1 sat da se potpuno napuni.<\/li>\n<\/ul>\n<\/li>\n<li><strong>Gdje mogu kupiti WASPE Crystal po veleprodajnoj cijeni?<\/strong>\n<ul>\n<li>Mo\u017eete ga kupiti po veleprodajnim cijenama od vapestornado, koji nudi izvrsne ponude i opcije za velike koli\u010dine.<\/li>\n<\/ul>\n<\/li>\n<li><strong>Kako funkcionira sustav dvostrukog okusa?<\/strong>\n<ul>\n<li>Jednostavno prilagodite postavke protoka zraka za neprimjetno prebacivanje izme\u0111u dva okusa.<\/li>\n<\/ul>\n<\/li>\n<li><strong>Je li WASPE Crystal prikladan za po\u010detnike?<\/strong>\n<ul>\n<li>Da, jednostavan je za kori\u0161tenje i nudi opciju nikotina 0%, \u0161to ga \u010dini savr\u0161enim za po\u010detnike.<\/li>\n<\/ul>\n<\/li>\n<li><strong>Koju vrstu punjenja podr\u017eava WASPE Crystal?<\/strong>\n<ul>\n<li>Podr\u017eava punjenje Type-C, \u0161to ga \u010dini kompatibilnim s ve\u0107inom modernih punja\u010da.<\/li>\n<\/ul>\n<\/li>\n<\/ol>\n<h2>Kako naru\u010diti?<\/h2>\n<p><strong>1. Koje na\u010dine pla\u0107anja prihva\u0107ate?<\/strong><br \/>\nPrihva\u0107amo prijenos IBAN-om i <span style=\"font-size: 16px;\">Western Union<\/span>\u00a0za sigurne i prakti\u010dne transakcije.<\/p>\n<p><strong>2. Kako mogu pratiti svoju narud\u017ebu?<\/strong><br \/>\nNakon \u0161to va\u0161a narud\u017eba bude poslana, <span class=\"selectable-text copyable-text false\">nastavit \u0107emo a\u017eurirati pra\u0107enje po\u0161iljke dok ne primite po\u0161iljku<\/span>.<\/p>\n<p><strong>3. Koje je procijenjeno vrijeme dostave?<\/strong><\/p>\n<ul>\n<li>Dostava iz <strong>Kineskih skladi\u0161ta<\/strong> traje otprilike <strong>7-14 radnih dana<\/strong>.<\/li>\n<li>Dostava iz <strong>Europskih skladi\u0161ta<\/strong> obi\u010dno traje <strong>3-6 radnih dana<\/strong>.<\/li>\n<\/ul>\n<p><strong>4. Kako mogu dobiti br\u017eu dostavu?<\/strong><br \/>\nZa br\u017eu dostavu, preporu\u010dujemo naru\u010divanje iz na\u0161eg <strong>Europskog skladi\u0161ta<\/strong>, koje nudi kra\u0107e vrijeme isporuke.<\/p>\n<p><strong>5. Kako mogu vratiti artikl?<\/strong><br \/>\nZa povrat artikla, kontaktirajte na\u0161 tim korisni\u010dke slu\u017ebe za detaljne upute o postupku povrata.<\/p>\n<p><strong>6. Nudite li me\u0111unarodnu dostavu?<\/strong><br \/>\nDa, dostavljamo u ve\u0107inu zemalja i brinemo se o <strong>carinjenju<\/strong> za besprijekorno iskustvo dostave.<\/p>\n<p><strong>7. \u0160to ako primim o\u0161te\u0107en ili neispravan proizvod?<\/strong><br \/>\nAko je va\u0161 artikl o\u0161te\u0107en ili neispravan, kontaktirajte korisni\u010dku slu\u017ebu za <strong>zamjenu ili povrat novca<\/strong>.<\/p>\n<p><strong>8. Kako mogu kontaktirati korisni\u010dku slu\u017ebu?<\/strong><br \/>\nMo\u017eete nas kontaktirati putem <strong>e-po\u0161te, WhatsAppa ili chata u\u017eivo<\/strong> na na\u0161oj web stranici za svu pomo\u0107.<\/p>\n<\/div>\n<\/div>\n<\/div>\n<\/div>\n<\/div>","protected":false},"excerpt":{"rendered":"<p>Najbolji Waspe Crystal Vape 40000 Puffs Dvostruki Okusi Niska Nikotinska Jednokratna Vape Veleprodaja<br \/>\nWASPE Crystal 40000 Puffs Dvostruki Okus LED Zaslon Jednokratna Vape Kupnja na veliko<br \/>\nWASPE Crystal 40000 Puffs 2 u 1 Okus Punjive Jednokratne Vape Jeftina Cijena<\/p>\n<p><strong>Dodajte Amy na WhatsApp za brzi odgovor i kupon za vape!<\/strong><\/p>\n<p><img fetchpriority=\"high\" decoding=\"async\" class=\"size-full wp-image-2932\" src=\"https:\/\/vapestornado.com\/wp-content\/uploads\/2024\/12\/Vape-Wholesale.jpg\" alt=\"Veleprodaja vejpova\" width=\"229\" height=\"300\" \/><\/p>\n<h3><a href=\"https:\/\/wa.me\/8617776015835\"><span style=\"color: #ff0000;\"><strong>WhatsApp: +86 17776015835<\/strong><\/span><\/a><\/h3>\n<p>&nbsp;<\/p>","protected":false},"featured_media":3756,"comment_status":"open","ping_status":"closed","template":"","meta":{"_acf_changed":false,"_uag_custom_page_level_css":"","_lmt_disableupdate":"no","_lmt_disable":"","_monsterinsights_skip_tracking":false,"_monsterinsights_sitenote_active":false,"_monsterinsights_sitenote_note":"","_monsterinsights_sitenote_category":0,"site-sidebar-layout":"default","site-content-layout":"","ast-site-content-layout":"default","site-content-style":"default","site-sidebar-style":"default","ast-global-header-display":"","ast-banner-title-visibility":"","ast-main-header-display":"","ast-hfb-above-header-display":"","ast-hfb-below-header-display":"","ast-hfb-mobile-header-display":"","site-post-title":"","ast-breadcrumbs-content":"","ast-featured-img":"","footer-sml-layout":"","ast-disable-related-posts":"","theme-transparent-header-meta":"default","adv-header-id-meta":"","stick-header-meta":"","header-above-stick-meta":"","header-main-stick-meta":"","header-below-stick-meta":"","astra-migrate-meta-layouts":"set","ast-page-background-enabled":"default","ast-page-background-meta":{"desktop":{"background-color":"","background-image":"","background-repeat":"repeat","background-position":"center center","background-size":"auto","background-attachment":"scroll","background-type":"","background-media":"","overlay-type":"","overlay-color":"","overlay-opacity":"","overlay-gradient":""},"tablet":{"background-color":"","background-image":"","background-repeat":"repeat","background-position":"center center","background-size":"auto","background-attachment":"scroll","background-type":"","background-media":"","overlay-type":"","overlay-color":"","overlay-opacity":"","overlay-gradient":""},"mobile":{"background-color":"","background-image":"","background-repeat":"repeat","background-position":"center center","background-size":"auto","background-attachment":"scroll","background-type":"","background-media":"","overlay-type":"","overlay-color":"","overlay-opacity":"","overlay-gradient":""}},"ast-content-background-meta":{"desktop":{"background-color":"var(--ast-global-color-5)","background-image":"","background-repeat":"repeat","background-position":"center center","background-size":"auto","background-attachment":"scroll","background-type":"","background-media":"","overlay-type":"","overlay-color":"","overlay-opacity":"","overlay-gradient":""},"tablet":{"background-color":"var(--ast-global-color-5)","background-image":"","background-repeat":"repeat","background-position":"center center","background-size":"auto","background-attachment":"scroll","background-type":"","background-media":"","overlay-type":"","overlay-color":"","overlay-opacity":"","overlay-gradient":""},"mobile":{"background-color":"var(--ast-global-color-5)","background-image":"","background-repeat":"repeat","background-position":"center center","background-size":"auto","background-attachment":"scroll","background-type":"","background-media":"","overlay-type":"","overlay-color":"","overlay-opacity":"","overlay-gradient":""}},"_joinchat":{"telephone":"+8617776015835"}},"product_brand":[],"product_cat":[19,65,140,153,155,141,142,60],"product_tag":[120,97,94,93,237,163],"class_list":{"0":"post-3734","1":"product","2":"type-product","3":"status-publish","4":"has-post-thumbnail","6":"product_cat-vapes","7":"product_cat-40000-puff","8":"product_cat-big-puffs-disposable-vapes","9":"product_cat-buy-disposable-vapes-in-italy","10":"product_cat-buy-disposable-vapes-in-norway","11":"product_cat-crystal-disposable-vapes","12":"product_cat-digital-box-disposable-vapes","13":"product_cat-waspe-fihp-vape","14":"product_tag-crystal-vape","15":"product_tag-hot-sale-disposable-vape","16":"product_tag-rechargeable-disposable-vape","17":"product_tag-vape-wholesale","18":"product_tag-waspe-crystal-40000","19":"product_tag-waspe-vape","20":"desktop-align-left","21":"tablet-align-left","22":"mobile-align-left","24":"first","25":"instock","26":"sale","27":"shipping-taxable","28":"purchasable","29":"product-type-simple"},"acf":[],"uagb_featured_image_src":{"full":["https:\/\/vapestornado.com\/wp-content\/uploads\/2025\/01\/WASPE-40000-Puffs-Crystal-Disposable-Vape-Wholesale-Price.webp",1000,1000,false],"thumbnail":["https:\/\/vapestornado.com\/wp-content\/uploads\/2025\/01\/WASPE-40000-Puffs-Crystal-Disposable-Vape-Wholesale-Price-150x150.webp",150,150,true],"medium":["https:\/\/vapestornado.com\/wp-content\/uploads\/2025\/01\/WASPE-40000-Puffs-Crystal-Disposable-Vape-Wholesale-Price-300x300.webp",300,300,true],"medium_large":["https:\/\/vapestornado.com\/wp-content\/uploads\/2025\/01\/WASPE-40000-Puffs-Crystal-Disposable-Vape-Wholesale-Price-768x768.webp",768,768,true],"large":["https:\/\/vapestornado.com\/wp-content\/uploads\/2025\/01\/WASPE-40000-Puffs-Crystal-Disposable-Vape-Wholesale-Price.webp",1000,1000,false],"1536x1536":["https:\/\/vapestornado.com\/wp-content\/uploads\/2025\/01\/WASPE-40000-Puffs-Crystal-Disposable-Vape-Wholesale-Price.webp",1000,1000,false],"2048x2048":["https:\/\/vapestornado.com\/wp-content\/uploads\/2025\/01\/WASPE-40000-Puffs-Crystal-Disposable-Vape-Wholesale-Price.webp",1000,1000,false],"trp-custom-language-flag":["https:\/\/vapestornado.com\/wp-content\/uploads\/2025\/01\/WASPE-40000-Puffs-Crystal-Disposable-Vape-Wholesale-Price.webp",12,12,false],"woocommerce_thumbnail":["https:\/\/vapestornado.com\/wp-content\/uploads\/2025\/01\/WASPE-40000-Puffs-Crystal-Disposable-Vape-Wholesale-Price-300x300.webp",300,300,true],"woocommerce_single":["https:\/\/vapestornado.com\/wp-content\/uploads\/2025\/01\/WASPE-40000-Puffs-Crystal-Disposable-Vape-Wholesale-Price-600x600.webp",600,600,true],"woocommerce_gallery_thumbnail":["https:\/\/vapestornado.com\/wp-content\/uploads\/2025\/01\/WASPE-40000-Puffs-Crystal-Disposable-Vape-Wholesale-Price-100x100.webp",100,100,true]},"uagb_author_info":{"display_name":"ESAMY","author_link":"https:\/\/vapestornado.com\/hr\/author\/"},"uagb_comment_info":0,"uagb_excerpt":"Best Waspe Crystal Vape 40000 Puffs Dual Flavors Low Nicotine Disposable Vape Wholesale WASPE Crystal 40000 Puffs Double Flavor LED Display Disposable Vape Bulk Buy WASPE Crystal 40000 Puffs 2 in 1 Flavor Rechargeable Disposable Vapes Cheap Price Add Amy's whatsapp get right reply and vape vape coupon! WhatsApp: +86 17776015835 &nbsp;","_links":{"self":[{"href":"https:\/\/vapestornado.com\/hr\/wp-json\/wp\/v2\/product\/3734","targetHints":{"allow":["GET"]}}],"collection":[{"href":"https:\/\/vapestornado.com\/hr\/wp-json\/wp\/v2\/product"}],"about":[{"href":"https:\/\/vapestornado.com\/hr\/wp-json\/wp\/v2\/types\/product"}],"replies":[{"embeddable":true,"href":"https:\/\/vapestornado.com\/hr\/wp-json\/wp\/v2\/comments?post=3734"}],"wp:featuredmedia":[{"embeddable":true,"href":"https:\/\/vapestornado.com\/hr\/wp-json\/wp\/v2\/media\/3756"}],"wp:attachment":[{"href":"https:\/\/vapestornado.com\/hr\/wp-json\/wp\/v2\/media?parent=3734"}],"wp:term":[{"taxonomy":"product_brand","embeddable":true,"href":"https:\/\/vapestornado.com\/hr\/wp-json\/wp\/v2\/product_brand?post=3734"},{"taxonomy":"product_cat","embeddable":true,"href":"https:\/\/vapestornado.com\/hr\/wp-json\/wp\/v2\/product_cat?post=3734"},{"taxonomy":"product_tag","embeddable":true,"href":"https:\/\/vapestornado.com\/hr\/wp-json\/wp\/v2\/product_tag?post=3734"}],"curies":[{"name":"wp","href":"https:\/\/api.w.org\/{rel}","templated":true}]}}