{"id":3726,"date":"2025-01-13T07:22:44","date_gmt":"2025-01-13T07:22:44","guid":{"rendered":"https:\/\/vapestornado.com\/?post_type=product&#038;p=3726"},"modified":"2025-08-23T12:33:57","modified_gmt":"2025-08-23T12:33:57","slug":"bang-king-35k-35000-puffs-2-in-1-dual-flavour-disposable-vape-wholesale-cheap-price","status":"publish","type":"product","link":"https:\/\/vapestornado.com\/hr\/product\/bang-king-35k-35000-puffs-2-in-1-dual-flavour-disposable-vape-wholesale-cheap-price\/","title":{"rendered":"Bang King 35K 35000 Puffs 2 u 1 dvostruki okus jednokratni Vape veleprodaja jeftina cijena"},"content":{"rendered":"<h1 class=\"product-title\">Bang King 35K 35000 Puffs 2 u 1 dvostruki okus jednokratni Vape veleprodaja jeftina cijena<\/h1>\n<p>&nbsp;<\/p>\n<p>Za\u0161to je <strong>Bang King 35K 35000 Puffs 2 u 1 Dvostruki Okus Jednokratni Vape<\/strong> postaje popularan? Ovaj ure\u0111aj kombinira prakti\u010dnost, okus i pristupa\u010dnost sve zajedno. S elegantnim digitalnim zaslonom, impresivnim brojem udisaja i dva razli\u010dita okusa u jednom ure\u0111aju, ovaj vape redefinira \u0161to jednokratni vapeovi mogu ponuditi.<\/p>\n<p>Recite zbogom \u010destim zamjenama! S nevjerojatnih <strong>35.000 udisaja<\/strong>, Bang King 35K osigurava dugotrajno zadovoljstvo, \u010dine\u0107i ga jednim od naj <strong>popularnijih jednokratnih vapeova<\/strong> na tr\u017ei\u0161tu. Za\u0161to se zadovoljiti jednim okusom kada mo\u017eete imati dva? U\u017eivajte u <strong>dizajnu 2 u 1 okusa<\/strong>, omogu\u0107uju\u0107i vam prebacivanje izme\u0111u dva nevjerojatna okusa u jednom ure\u0111aju. U\u017eivajte u dvostrukom okusu, sve u jednom elegantnom pakiranju. Ostanite pod kontrolom s <strong>LED zaslonom osjetljivim na dodir<\/strong>. Prikazuje trajanje baterije, razinu e-teku\u0107ine i omogu\u0107uje vam pode\u0161avanje protoka zraka i postavki snage za prilagodljivo iskustvo.<\/p>\n<p>S tri na\u010dina protoka zraka, mo\u017eete jednostavno prilagoditi povla\u010denje prema svojim \u017eeljama. Bez obzira preferirate li glatke ili sna\u017ene udarce, ovaj vape se prilago\u0111ava vama. The <strong>700mAh punjiva baterija<\/strong> i <strong>Type-C punjenje<\/strong> osigurava brzo i u\u010dinkovito punjenje, odr\u017eavaju\u0107i va\u0161 ure\u0111aj napajanim tijekom cijelog dana. <strong>35 ml spremnik za e-teku\u0107inu<\/strong> smanjuje potrebu za \u010destim punjenjima, nude\u0107i vi\u0161e neprekinutog vapinga. Savr\u0161eno za kupce koji kupuju na veliko, <strong>veleprodajna cijena<\/strong> \u010dini ga idealnim za preprodava\u010de i ljubitelje vapinga koji tra\u017ee najbolju ponudu.<\/p>\n<p><span style=\"color: #ff0000;\"><strong>Dodajte Amy na WhatsApp za brzi odgovor i kupon za vape!<\/strong><\/span><\/p>\n<p><img fetchpriority=\"high\" decoding=\"async\" class=\"size-full wp-image-2932\" src=\"https:\/\/vapestornado.com\/wp-content\/uploads\/2024\/12\/Vape-Wholesale.jpg\" alt=\"Veleprodaja vejpova\" width=\"229\" height=\"300\" \/><\/p>\n<h3><a href=\"https:\/\/wa.me\/8617776015835\" target=\"_blank\" rel=\"noopener\"><span style=\"color: #ff0000;\"><strong>WhatsApp: +86 17776015835<\/strong><\/span><\/a><\/h3>\n<p>&nbsp;<\/p>\n<h2 class=\"product-title\"><strong>Zna\u010dajke proizvoda Bang King 35K<\/strong><\/h2>\n<div role=\"article\" data-tabster=\"{&quot;groupper&quot;:{&quot;tabbability&quot;:2},&quot;focusable&quot;:{}}\" data-content=\"ai-message\" aria-labelledby=\"juhNTJ6o7Gk1cgwZMJgv2-author juhNTJ6o7Gk1cgwZMJgv2-content\">\n<div id=\"juhNTJ6o7Gk1cgwZMJgv2-content\">\n<div role=\"article\" data-tabster=\"{&quot;groupper&quot;:{&quot;tabbability&quot;:2},&quot;focusable&quot;:{}}\" data-content=\"ai-message\" aria-labelledby=\"x4EZuCZWrTbh3weWUt7CU-author x4EZuCZWrTbh3weWUt7CU-content\">\n<div id=\"x4EZuCZWrTbh3weWUt7CU-content\">\n<div class=\"flex max-w-full flex-col flex-grow\">\n<div class=\"min-h-8 text-message flex w-full flex-col items-end gap-2 whitespace-normal break-words text-start [.text-message+&amp;]:mt-5\" dir=\"auto\" data-message-author-role=\"assistant\" data-message-id=\"52c6e00a-252f-4104-805d-2f1a84739c71\" data-message-model-slug=\"gpt-4o\">\n<div class=\"flex w-full flex-col gap-1 empty:hidden first:pt-[3px]\">\n<div class=\"markdown prose w-full break-words dark:prose-invert light\">\n<div class=\"flex max-w-full flex-col flex-grow\">\n<div class=\"min-h-8 text-message flex w-full flex-col items-end gap-2 whitespace-normal break-words text-start [.text-message+&amp;]:mt-5\" dir=\"auto\" data-message-author-role=\"assistant\" data-message-id=\"3c321776-aace-4a97-95f3-35c104de1c0a\" data-message-model-slug=\"gpt-4o\">\n<div class=\"flex w-full flex-col gap-1 empty:hidden first:pt-[3px]\">\n<div class=\"markdown prose w-full break-words dark:prose-invert light\">\n<h3><\/h3>\n<ul>\n<li><strong>Udisaji:<\/strong> Do 35.000<\/li>\n<li><strong>Baterija:<\/strong> 700mAh punjiva s Type-C punjenjem<\/li>\n<li><strong>Okusi:<\/strong> Dvostruki okus u jednom ure\u0111aju<\/li>\n<li><strong>Protok zraka:<\/strong> Prilagodljiv s tri na\u010dina rada<\/li>\n<li><strong>Kapacitet e-teku\u0107ine:<\/strong> 35 ml<\/li>\n<li><strong>Digitalni zaslon:<\/strong> LED zaslon osjetljiv na dodir za pra\u0107enje i pode\u0161avanje<\/li>\n<li><strong>Prenosivost:<\/strong> Lagani dizajn, savr\u0161en za kori\u0161tenje u pokretu<\/li>\n<\/ul>\n<\/div>\n<\/div>\n<\/div>\n<\/div>\n<\/div>\n<\/div>\n<\/div>\n<\/div>\n<div class=\"mb-2 flex gap-3 empty:hidden -ml-2\">\n<figure id=\"attachment_3733\" aria-describedby=\"caption-attachment-3733\" style=\"width: 800px\" class=\"wp-caption alignnone\"><img decoding=\"async\" class=\"wp-image-3733 size-full\" src=\"https:\/\/vapestornado.com\/wp-content\/uploads\/2025\/01\/Bangking-Vape-36000-Disposable-Vape-Wholesale.webp\" alt=\"Veleprodaja Bangking Vape 35000 jednokratnih vape ure\u0111aja\" width=\"800\" height=\"800\" srcset=\"https:\/\/vapestornado.com\/wp-content\/uploads\/2025\/01\/Bangking-Vape-36000-Disposable-Vape-Wholesale.webp 800w, https:\/\/vapestornado.com\/wp-content\/uploads\/2025\/01\/Bangking-Vape-36000-Disposable-Vape-Wholesale-300x300.webp 300w, https:\/\/vapestornado.com\/wp-content\/uploads\/2025\/01\/Bangking-Vape-36000-Disposable-Vape-Wholesale-150x150.webp 150w, https:\/\/vapestornado.com\/wp-content\/uploads\/2025\/01\/Bangking-Vape-36000-Disposable-Vape-Wholesale-768x768.webp 768w, https:\/\/vapestornado.com\/wp-content\/uploads\/2025\/01\/Bangking-Vape-36000-Disposable-Vape-Wholesale-600x600.webp 600w, https:\/\/vapestornado.com\/wp-content\/uploads\/2025\/01\/Bangking-Vape-36000-Disposable-Vape-Wholesale-100x100.webp 100w\" sizes=\"(max-width: 800px) 100vw, 800px\" \/><figcaption id=\"caption-attachment-3733\" class=\"wp-caption-text\">Veleprodaja Bangking Vape 35000 jednokratnih vape ure\u0111aja<\/figcaption><\/figure>\n<\/div>\n<\/div>\n<\/div>\n<\/div>\n<\/div>\n<h2 class=\"product-title\"><strong>Popularni okusi za Bang King 35K<\/strong><strong>\u00a0<\/strong><strong>Jednokratni Vape ure\u0111aji<\/strong><\/h2>\n<p>Bez obzira preferirate li tropski bijeg ili ledeno zadovoljstvo, <strong>Bangking 35000 Puffs Dual Flavour jednokratni Vape ure\u0111aj<\/strong> ima savr\u0161enu kombinaciju da zadovolji va\u0161e okusne pupoljke! Koji je popularni okus za BANG KING 35000 Vape? Molimo pogledajte \u0161to ka\u017eu na\u0161i kupci.<\/p>\n<p>1.Blue Razz Ice + Juicy Peach Ice<br \/>\n2.Strawberry Watermelon + Watermelon Ice <span style=\"color: #ff0000;\"><strong>&gt;&gt;&gt;&gt; Vru\u0107e !<\/strong><\/span><br \/>\n3.Jagoda Banana + Dvostruka Jabuka<br \/>\n4. Trostruki bobi\u010dasti led + tropsko vo\u0107e<br \/>\n5. Tre\u0161nja bomba + ledeno gro\u017e\u0111e <span style=\"color: #ff0000;\"><strong>&gt;&gt;&gt;&gt; Vru\u0107e !<\/strong><\/span><br \/>\n6. Breskva mango + jagoda mango<br \/>\n7. Mango limeta + svje\u017ea menta<br \/>\n8. Tre\u0161nja pop + Mr. Blue<br \/>\n9. Crni zmajev led + jagoda kivi<br \/>\n10. Red Bull + breskva bobica <span style=\"color: #ff0000;\"><strong>&gt;&gt;&gt;&gt; Vru\u0107e !<\/strong><\/span><br \/>\n11. Ru\u017ei\u010dasti limun + Mr. Blue<br \/>\n12. Kivi marakuja guava + plavi limun tre\u0161nja<\/p>\n<div class=\"flex-shrink-0 flex flex-col relative items-end\">\n<div class=\"pt-0\">\n<div class=\"gizmo-bot-avatar flex h-8 w-8 items-center justify-center overflow-hidden rounded-full\">\n<div class=\"relative p-1 rounded-sm flex items-center justify-center bg-token-main-surface-primary text-token-text-primary h-8 w-8\">\n<h3>\u010cesta pitanja za Bang King 35K Puffs punjivi<strong>\u00a0<\/strong>Vape za jednokratnu upotrebu<\/h3>\n<h3><\/h3>\n<p><strong>1. Gdje mogu kupiti Bang King 35K po veleprodajnim cijenama u Njema\u010dkoj?<\/strong><br \/>\nMo\u017eete ga kupiti u Vapestornado<strong>\u00a0online vape trgovini<\/strong> ili provjerite s lokalnim distributerom za najbolje ponude.<\/p>\n<p><strong>2. Kako znam kada je e-teku\u0107ina pri kraju?<\/strong><br \/>\nOvo <strong>digitalni zaslon<\/strong> prikazuje razine e-teku\u0107ine, informiraju\u0107i vas u svakom trenutku.<\/p>\n<p><strong>3. Kako mogu napuniti Bang King 35000?<\/strong><br \/>\nJednostavno koristite <strong>Type-C priklju\u010dak za punjenje<\/strong> za brzo i jednostavno punjenje.<\/p>\n<p><strong>4. Po \u010demu se ovaj Bang King 35k vape isti\u010de me\u0111u ostalim markama jednokratnih vape ure\u0111aja?<\/strong><br \/>\nOvo <strong>dizajn s dvostrukim okusom<\/strong>, <strong>prilagodljiv protok zraka<\/strong>, i masivan <strong>35.000 udisaja<\/strong> izdvajaju ga, \u010dine\u0107i ga jednim od <strong>najpopularnijih jednokratnih vape ure\u0111aja<\/strong>.<\/p>\n<p><strong>5. Mogu li prilagoditi protok zraka prema svojim \u017eeljama?<\/strong><br \/>\nDa! Ure\u0111aj nudi <strong>tri na\u010dina protoka zraka<\/strong> kako biste osigurali savr\u0161eno povla\u010denje svaki put.<\/p>\n<p><strong>6. Jesu li okusi prikladni za niske preferencije nikotina?<\/strong><br \/>\nApsolutno. Bang King 35K nudi <strong>prilagodljivim razinama nikotina<\/strong> u 0%, 2% i 5%.<\/p>\n<div class=\"flex max-w-full flex-col flex-grow\">\n<div class=\"min-h-8 text-message flex w-full flex-col items-end gap-2 whitespace-normal break-words text-start [.text-message+&amp;]:mt-5\" dir=\"auto\" data-message-author-role=\"assistant\" data-message-id=\"4dc48248-df95-45bd-b800-6dedb43cf7f1\" data-message-model-slug=\"gpt-4o\">\n<div class=\"flex w-full flex-col gap-1 empty:hidden first:pt-[3px]\"><\/div>\n<\/div>\n<\/div>\n<\/div>\n<\/div>\n<\/div>\n<\/div>\n<div class=\"flex-shrink-0 flex flex-col relative items-end\">\n<div class=\"pt-0\">\n<div class=\"gizmo-bot-avatar flex h-8 w-8 items-center justify-center overflow-hidden rounded-full\">\n<div class=\"relative p-1 rounded-sm flex items-center justify-center bg-token-main-surface-primary text-token-text-primary h-8 w-8\">\n<div class=\"mb-2 flex gap-3 empty:hidden -ml-2\">\n<div role=\"article\" data-tabster=\"{&quot;groupper&quot;:{&quot;tabbability&quot;:2},&quot;focusable&quot;:{}}\" data-content=\"ai-message\" aria-labelledby=\"Vdt5ez4X7Tg813x6rFVha-author Vdt5ez4X7Tg813x6rFVha-content\">\n<div id=\"Vdt5ez4X7Tg813x6rFVha-content\">\n<div role=\"article\" data-tabster=\"{&quot;groupper&quot;:{&quot;tabbability&quot;:2},&quot;focusable&quot;:{}}\" data-content=\"ai-message\" aria-labelledby=\"o968oC7CEo2fGHsGdsRYC-author o968oC7CEo2fGHsGdsRYC-content\">\n<div id=\"o968oC7CEo2fGHsGdsRYC-content\">\n<h3>Za\u0161to odabrati vapestornado za Uwin Crystal 20000 Shisha Hookah jednokratni vape na veliko?<\/h3>\n<div class=\"flex-shrink-0 flex flex-col relative items-end\">\n<div class=\"pt-0\">\n<div class=\"gizmo-bot-avatar flex h-8 w-8 items-center justify-center overflow-hidden rounded-full\">\n<div class=\"relative p-1 rounded-sm flex items-center justify-center bg-token-main-surface-primary text-token-text-primary h-8 w-8\">\n<p>U sve ve\u0107oj konkurenciji u industriji jednokratnih vape ure\u0111aja, vapestornado je vode\u0107a globalna platforma za veleprodajna rje\u0161enja e-cigareta, predstavila je revolucionarni Bang King 35K Puffs jednokratni vape. Sa svojim privla\u010dnim kristalnim dizajnom i vi\u0161enamjenskim zna\u010dajkama, ovaj inovativni proizvod sadr\u017ei spoj stila i funkcionalnosti. Nude\u0107i \u0161irok izbor vo\u0107nih okusa, ima za cilj zadovoljiti razli\u010dite ukuse za vapere.<\/p>\n<p>vapestornado je va\u0161a pouzdana internetska trgovina vape ure\u0111aja za visokokvalitetne jednokratne vape ure\u0111aje. Donosimo vam popularne marke jednokratnih vape ure\u0111aja kao \u0161to su Waspe Vape i WGA Vape, Fumot RandM Vape, Vozol Vape, Bang Vape, itd.<\/p>\n<p>Na\u0161 asortiman uklju\u010duje najpopularnije jednokratne vape ure\u0111aje kao \u0161to su <a href=\"https:\/\/vapestornado.com\/hr\/product\/randm-tornado-30000-puffs-music-rechargeable-disposable-vape-pen-wholesale\/\">Randm Tornado 30000<\/a>, i izbor bogat okusom poput <a href=\"https:\/\/vapestornado.com\/hr\/product\/uwin-crystal-20000-shisha-hookah-20k-puffs-disposable-vape-factory-cheap-price\/\"> Uwin Crystal 20000 Udisaja<\/a> . Svaki proizvod odabran je s fokusom na kvalitetu, vrijednost i raznolikost, osiguravaju\u0107i da prona\u0111ete savr\u0161eno podudaranje za svoje potrebe. Otkrijte iznimnu uslugu i \u0161irok spektar vrhunskih proizvoda po veleprodajnoj cijeni na vapestornado.<\/p>\n<\/div>\n<p>&nbsp;<\/p>\n<p><strong>Ostali popularni jednokratni vape ure\u0111aji<\/strong><\/p>\n<p><a href=\"https:\/\/vapestornado.com\/hr\/product\/fumot-randm-tornado-25000-puffs-touch-disposable-vape-wholesale-online\/\">Fumot 25000 Udisaja <span style=\"color: #ff0000;\"><strong>&gt;&gt;&gt;&gt; Kreni !<\/strong><\/span><\/a><\/p>\n<p><a href=\"https:\/\/vapestornado.com\/hr\/product\/bang-36000-smart-disposable-vape-wholesale-shop-online\/\">Bang 36000 Udisaja<span style=\"color: #ff0000;\"><strong>&gt;&gt;&gt;&gt; Kreni !<\/strong><\/span><\/a><\/p>\n<p><a href=\"https:\/\/vapestornado.com\/hr\/product\/randm-tornado-9000-puffs-rechargeable-disposable-vape-wholesale-online\/\">RandM Tornado 9000 <span style=\"color: #ff0000;\"><strong>&gt;&gt;&gt;&gt; Kreni !<\/strong><\/span><\/a><\/p>\n<\/div>\n<\/div>\n<\/div>\n<p>&nbsp;<\/p>\n<\/div>\n<\/div>\n<\/div>\n<\/div>\n<\/div>\n<\/div>\n<\/div>\n<\/div>\n<\/div>","protected":false},"excerpt":{"rendered":"<p>Bang King 35000 Puffs Pametni Zaslon Veleprodaja Jednokratni<br \/>\nBang King 35000 Puffs Jednokratna Vape Kupovina na veliko<br \/>\nBang King Tornado 35000 35K Puffs Jednokratna Vape Olovka<\/p>\n<p><strong>Dodajte Amy na WhatsApp za brzi odgovor i kupon za vape!<\/strong><\/p>\n<p><img fetchpriority=\"high\" decoding=\"async\" class=\"size-full wp-image-2932\" src=\"https:\/\/vapestornado.com\/wp-content\/uploads\/2024\/12\/Vape-Wholesale.jpg\" alt=\"Veleprodaja vejpova\" width=\"229\" height=\"300\" \/><\/p>\n<h3><a href=\"https:\/\/wa.me\/8617776015835\"><span style=\"color: #ff0000;\"><strong>WhatsApp: +86 17776015835<\/strong><\/span><\/a><\/h3>\n<p>&nbsp;<\/p>","protected":false},"featured_media":3731,"comment_status":"open","ping_status":"closed","template":"","meta":{"_acf_changed":false,"_uag_custom_page_level_css":"","_lmt_disableupdate":"no","_lmt_disable":"","_monsterinsights_skip_tracking":false,"_monsterinsights_sitenote_active":false,"_monsterinsights_sitenote_note":"","_monsterinsights_sitenote_category":0,"site-sidebar-layout":"default","site-content-layout":"","ast-site-content-layout":"default","site-content-style":"default","site-sidebar-style":"default","ast-global-header-display":"","ast-banner-title-visibility":"","ast-main-header-display":"","ast-hfb-above-header-display":"","ast-hfb-below-header-display":"","ast-hfb-mobile-header-display":"","site-post-title":"","ast-breadcrumbs-content":"","ast-featured-img":"","footer-sml-layout":"","ast-disable-related-posts":"","theme-transparent-header-meta":"default","adv-header-id-meta":"","stick-header-meta":"","header-above-stick-meta":"","header-main-stick-meta":"","header-below-stick-meta":"","astra-migrate-meta-layouts":"set","ast-page-background-enabled":"default","ast-page-background-meta":{"desktop":{"background-color":"","background-image":"","background-repeat":"repeat","background-position":"center center","background-size":"auto","background-attachment":"scroll","background-type":"","background-media":"","overlay-type":"","overlay-color":"","overlay-opacity":"","overlay-gradient":""},"tablet":{"background-color":"","background-image":"","background-repeat":"repeat","background-position":"center center","background-size":"auto","background-attachment":"scroll","background-type":"","background-media":"","overlay-type":"","overlay-color":"","overlay-opacity":"","overlay-gradient":""},"mobile":{"background-color":"","background-image":"","background-repeat":"repeat","background-position":"center center","background-size":"auto","background-attachment":"scroll","background-type":"","background-media":"","overlay-type":"","overlay-color":"","overlay-opacity":"","overlay-gradient":""}},"ast-content-background-meta":{"desktop":{"background-color":"var(--ast-global-color-5)","background-image":"","background-repeat":"repeat","background-position":"center center","background-size":"auto","background-attachment":"scroll","background-type":"","background-media":"","overlay-type":"","overlay-color":"","overlay-opacity":"","overlay-gradient":""},"tablet":{"background-color":"var(--ast-global-color-5)","background-image":"","background-repeat":"repeat","background-position":"center center","background-size":"auto","background-attachment":"scroll","background-type":"","background-media":"","overlay-type":"","overlay-color":"","overlay-opacity":"","overlay-gradient":""},"mobile":{"background-color":"var(--ast-global-color-5)","background-image":"","background-repeat":"repeat","background-position":"center center","background-size":"auto","background-attachment":"scroll","background-type":"","background-media":"","overlay-type":"","overlay-color":"","overlay-opacity":"","overlay-gradient":""}},"_joinchat":{"telephone":"+8617776015835"}},"product_brand":[],"product_cat":[175,63,153,155,159,143,146],"product_tag":[196,234,165,198,97,166,94],"class_list":{"0":"post-3726","1":"product","2":"type-product","3":"status-publish","4":"has-post-thumbnail","6":"product_cat-35000-puff","7":"product_cat-bangking","8":"product_cat-buy-disposable-vapes-in-italy","9":"product_cat-buy-disposable-vapes-in-norway","10":"product_cat-buy-disposable-vapes-in-sweden","11":"product_cat-dual-mesh-disposable-vapes","12":"product_cat-rechargeable-disposable-vapes","13":"product_tag-bang-vape","14":"product_tag-bangking-35000","15":"product_tag-cheap-vapes","16":"product_tag-double-flavor-disposable-vape","17":"product_tag-hot-sale-disposable-vape","18":"product_tag-low-nicotine-vape","19":"product_tag-rechargeable-disposable-vape","20":"desktop-align-left","21":"tablet-align-left","22":"mobile-align-left","24":"first","25":"instock","26":"sale","27":"shipping-taxable","28":"purchasable","29":"product-type-simple"},"acf":[],"uagb_featured_image_src":{"full":["https:\/\/vapestornado.com\/wp-content\/uploads\/2025\/01\/Bang-Vape-Bangking-36k-Disposable-Vape-Bulk-Price.webp",800,800,false],"thumbnail":["https:\/\/vapestornado.com\/wp-content\/uploads\/2025\/01\/Bang-Vape-Bangking-36k-Disposable-Vape-Bulk-Price-150x150.webp",150,150,true],"medium":["https:\/\/vapestornado.com\/wp-content\/uploads\/2025\/01\/Bang-Vape-Bangking-36k-Disposable-Vape-Bulk-Price-300x300.webp",300,300,true],"medium_large":["https:\/\/vapestornado.com\/wp-content\/uploads\/2025\/01\/Bang-Vape-Bangking-36k-Disposable-Vape-Bulk-Price-768x768.webp",768,768,true],"large":["https:\/\/vapestornado.com\/wp-content\/uploads\/2025\/01\/Bang-Vape-Bangking-36k-Disposable-Vape-Bulk-Price.webp",800,800,false],"1536x1536":["https:\/\/vapestornado.com\/wp-content\/uploads\/2025\/01\/Bang-Vape-Bangking-36k-Disposable-Vape-Bulk-Price.webp",800,800,false],"2048x2048":["https:\/\/vapestornado.com\/wp-content\/uploads\/2025\/01\/Bang-Vape-Bangking-36k-Disposable-Vape-Bulk-Price.webp",800,800,false],"trp-custom-language-flag":["https:\/\/vapestornado.com\/wp-content\/uploads\/2025\/01\/Bang-Vape-Bangking-36k-Disposable-Vape-Bulk-Price.webp",12,12,false],"woocommerce_thumbnail":["https:\/\/vapestornado.com\/wp-content\/uploads\/2025\/01\/Bang-Vape-Bangking-36k-Disposable-Vape-Bulk-Price-300x300.webp",300,300,true],"woocommerce_single":["https:\/\/vapestornado.com\/wp-content\/uploads\/2025\/01\/Bang-Vape-Bangking-36k-Disposable-Vape-Bulk-Price-600x600.webp",600,600,true],"woocommerce_gallery_thumbnail":["https:\/\/vapestornado.com\/wp-content\/uploads\/2025\/01\/Bang-Vape-Bangking-36k-Disposable-Vape-Bulk-Price-100x100.webp",100,100,true]},"uagb_author_info":{"display_name":"ESAMY","author_link":"https:\/\/vapestornado.com\/hr\/author\/"},"uagb_comment_info":0,"uagb_excerpt":"Bang King 35000 Puffs Smart Screen Wholesale Disposable Bang King 35000 Puffs Disposable Vape Bulk Buy Bang King Tornado 35000 35K Puffs Disposable Vape Pen Add Amy's whatsapp get right reply and vape coupon! WhatsApp: +86 17776015835 &nbsp;","_links":{"self":[{"href":"https:\/\/vapestornado.com\/hr\/wp-json\/wp\/v2\/product\/3726","targetHints":{"allow":["GET"]}}],"collection":[{"href":"https:\/\/vapestornado.com\/hr\/wp-json\/wp\/v2\/product"}],"about":[{"href":"https:\/\/vapestornado.com\/hr\/wp-json\/wp\/v2\/types\/product"}],"replies":[{"embeddable":true,"href":"https:\/\/vapestornado.com\/hr\/wp-json\/wp\/v2\/comments?post=3726"}],"wp:featuredmedia":[{"embeddable":true,"href":"https:\/\/vapestornado.com\/hr\/wp-json\/wp\/v2\/media\/3731"}],"wp:attachment":[{"href":"https:\/\/vapestornado.com\/hr\/wp-json\/wp\/v2\/media?parent=3726"}],"wp:term":[{"taxonomy":"product_brand","embeddable":true,"href":"https:\/\/vapestornado.com\/hr\/wp-json\/wp\/v2\/product_brand?post=3726"},{"taxonomy":"product_cat","embeddable":true,"href":"https:\/\/vapestornado.com\/hr\/wp-json\/wp\/v2\/product_cat?post=3726"},{"taxonomy":"product_tag","embeddable":true,"href":"https:\/\/vapestornado.com\/hr\/wp-json\/wp\/v2\/product_tag?post=3726"}],"curies":[{"name":"wp","href":"https:\/\/api.w.org\/{rel}","templated":true}]}}