{"id":3724,"date":"2025-01-11T02:00:22","date_gmt":"2025-01-11T02:00:22","guid":{"rendered":"https:\/\/vapestornado.com\/?post_type=product&#038;p=3724"},"modified":"2025-08-23T12:33:40","modified_gmt":"2025-08-23T12:33:40","slug":"uwin-crystal-20000-shisha-hookah-20k-puffs-disposable-vape-factory-cheap-price","status":"publish","type":"product","link":"https:\/\/vapestornado.com\/hr\/product\/uwin-crystal-20000-shisha-hookah-20k-puffs-disposable-vape-factory-cheap-price\/","title":{"rendered":"Uwin Crystal 20000 Shisha Hookah 20K Udisaja jednokratni VAPE Tvorni\u010dka niska cijena"},"content":{"rendered":"<h1 class=\"product-title\">Uwin Crystal 20000 Shisha Hookah 20K Udisaja jednokratni VAPE Tvorni\u010dka niska cijena<\/h1>\n<p>Ovo <strong>Uwin Kristal 20000<\/strong> Puffs je va\u0161e vrhunsko rje\u0161enje za vaping, koje nudi nevjerojatne performanse, pristupa\u010dnost i raznolikost. S elegantnim <strong>kristalnom dizajnu<\/strong> i <strong>tvorni\u010dka niska cijena<\/strong>, ovaj <strong>jednokratni vape<\/strong> je savr\u0161eno za one koji tra\u017ee vrhunsku kvalitetu po pristupa\u010dnoj cijeni. Dobijte <strong>20.000 puffova<\/strong> po ure\u0111aju, osiguravaju\u0107i dugotrajno zadovoljstvo bez potrebe za \u010destim zamjenama. Idealno za korisnike koji \u017eele maksimalnu vrijednost i minimalan napor.<\/p>\n<p>Tra\u017eite <strong>jeftinim vape ure\u0111ajima<\/strong> s vrhunskom kvalitetom? Uwin Shisha Hookah 20K dostupan je po <strong>tvorni\u010dkim cijenama<\/strong>, \u0161to ga \u010dini odli\u010dnim izborom za veletrgovce i individualne kupce. Napredni <strong>0,8\u03a9 mre\u017easta zavojnica<\/strong> jam\u010di aromati\u010dno i glatko iskustvo vapinga. Uparite ga s 12 opcija okusa, savr\u0161en je za ljubitelje okusa.<\/p>\n<p>Odaberite svoju idealnu ja\u010dinu nikotina, Uwin Crystal 20000 dolazi s opcijama nikotina u rasponu od <strong>0%, 2% i 5%<\/strong>, \u0161to ovaj ure\u0111aj \u010dini svestranim za svakog vapera. Njegov prenosiv i ergonomi\u010dan <strong>kristalnom dizajnu<\/strong> savr\u0161en je za korisnike koji cijene i formu i funkciju, \u0161to ga \u010dini jednim od <strong>najpopularnijih jednokratnih vape ure\u0111aja<\/strong> danas. Nabavite <strong>Uwin Kristal 20000 Dimnih Usta\u0161ica Za Nargilu <\/strong>\u00a0danas i u\u017eivajte u savr\u0161enoj mje\u0161avini stila, okusa i vrijednosti!<\/p>\n<p><span style=\"color: #ff0000;\"><strong>Dodajte Amy na WhatsApp za brzi odgovor i kupon za vape!<\/strong><\/span><\/p>\n<p><img fetchpriority=\"high\" decoding=\"async\" class=\"size-full wp-image-2932\" src=\"https:\/\/vapestornado.com\/wp-content\/uploads\/2024\/12\/Vape-Wholesale.jpg\" alt=\"Veleprodaja vejpova\" width=\"229\" height=\"300\" \/><\/p>\n<h3><a href=\"https:\/\/wa.me\/8617776015835\" target=\"_blank\" rel=\"noopener\"><span style=\"color: #ff0000;\"><strong>WhatsApp: +86 17776015835<\/strong><\/span><\/a><\/h3>\n<p>&nbsp;<\/p>\n<h2 class=\"product-title\"><strong>Uwin Crystal 20000 Zna\u010dajke proizvoda<\/strong><\/h2>\n<div role=\"article\" data-tabster=\"{&quot;groupper&quot;:{&quot;tabbability&quot;:2},&quot;focusable&quot;:{}}\" data-content=\"ai-message\" aria-labelledby=\"juhNTJ6o7Gk1cgwZMJgv2-author juhNTJ6o7Gk1cgwZMJgv2-content\">\n<div id=\"juhNTJ6o7Gk1cgwZMJgv2-content\">\n<div role=\"article\" data-tabster=\"{&quot;groupper&quot;:{&quot;tabbability&quot;:2},&quot;focusable&quot;:{}}\" data-content=\"ai-message\" aria-labelledby=\"x4EZuCZWrTbh3weWUt7CU-author x4EZuCZWrTbh3weWUt7CU-content\">\n<div id=\"x4EZuCZWrTbh3weWUt7CU-content\">\n<div class=\"flex max-w-full flex-col flex-grow\">\n<div class=\"min-h-8 text-message flex w-full flex-col items-end gap-2 whitespace-normal break-words text-start [.text-message+&amp;]:mt-5\" dir=\"auto\" data-message-author-role=\"assistant\" data-message-id=\"52c6e00a-252f-4104-805d-2f1a84739c71\" data-message-model-slug=\"gpt-4o\">\n<div class=\"flex w-full flex-col gap-1 empty:hidden first:pt-[3px]\">\n<div class=\"markdown prose w-full break-words dark:prose-invert light\">\n<div class=\"flex max-w-full flex-col flex-grow\">\n<div class=\"min-h-8 text-message flex w-full flex-col items-end gap-2 whitespace-normal break-words text-start [.text-message+&amp;]:mt-5\" dir=\"auto\" data-message-author-role=\"assistant\" data-message-id=\"3c321776-aace-4a97-95f3-35c104de1c0a\" data-message-model-slug=\"gpt-4o\">\n<div class=\"flex w-full flex-col gap-1 empty:hidden first:pt-[3px]\">\n<div class=\"markdown prose w-full break-words dark:prose-invert light\">\n<h3><\/h3>\n<ol>\n<li><strong>Veliki broj udisaja<\/strong>: Omogu\u0107uje do 20 000 udisaja za dugotrajnu upotrebu.<\/li>\n<li><strong>Opcije nikotina<\/strong>: Dostupno u razinama nikotina od 0%, 2%, 3% i 5%.<\/li>\n<li><strong>Kristalni dizajn<\/strong>: Moderan, lagan i prenosiv ergonomski dizajn.<\/li>\n<li><strong>Tehnologija mre\u017easte zavojnice<\/strong>: Mre\u017easta spirala od 0.8\u03a9 osigurava glatku paru i bogat okus.<\/li>\n<li><strong>Raznovrsnost okusa<\/strong>: Nudi 12 jedinstvenih okusa za zadovoljenje razli\u010ditih ukusa.<\/li>\n<li><strong>Veliki kapacitet E-teku\u0107ine<\/strong>: 22 ml prethodno napunjene e-teku\u0107ine smanjuje potrebu za \u010destim dopunjavanjem.<\/li>\n<li><strong>Punjiva baterija<\/strong>: 650 mAh kobaltna baterija s brzim punjenjem Type-C.<\/li>\n<li><strong>Povoljna veleprodajna cijena<\/strong>: Savr\u0161eno za kupnju na veliko s odli\u010dnom vrijedno\u0161\u0107u.<\/li>\n<\/ol>\n<\/div>\n<\/div>\n<\/div>\n<\/div>\n<div class=\"mb-2 flex gap-3 empty:hidden -ml-2\">\n<div class=\"items-center justify-start rounded-xl p-1 flex\"><\/div>\n<\/div>\n<\/div>\n<\/div>\n<\/div>\n<\/div>\n<div class=\"mb-2 flex gap-3 empty:hidden -ml-2\">\n<figure id=\"attachment_3719\" aria-describedby=\"caption-attachment-3719\" style=\"width: 800px\" class=\"wp-caption alignnone\"><img decoding=\"async\" class=\"wp-image-3719 size-full\" src=\"https:\/\/vapestornado.com\/wp-content\/uploads\/2025\/01\/Hookah-Shisha-20k-20000-Puffs-E-Disposable-Vape.webp\" alt=\"Hookah Shisha 20k 20000 Puffs E Jednokratni Vape\" width=\"800\" height=\"800\" srcset=\"https:\/\/vapestornado.com\/wp-content\/uploads\/2025\/01\/Hookah-Shisha-20k-20000-Puffs-E-Disposable-Vape.webp 800w, https:\/\/vapestornado.com\/wp-content\/uploads\/2025\/01\/Hookah-Shisha-20k-20000-Puffs-E-Disposable-Vape-300x300.webp 300w, https:\/\/vapestornado.com\/wp-content\/uploads\/2025\/01\/Hookah-Shisha-20k-20000-Puffs-E-Disposable-Vape-150x150.webp 150w, https:\/\/vapestornado.com\/wp-content\/uploads\/2025\/01\/Hookah-Shisha-20k-20000-Puffs-E-Disposable-Vape-768x768.webp 768w, https:\/\/vapestornado.com\/wp-content\/uploads\/2025\/01\/Hookah-Shisha-20k-20000-Puffs-E-Disposable-Vape-600x600.webp 600w, https:\/\/vapestornado.com\/wp-content\/uploads\/2025\/01\/Hookah-Shisha-20k-20000-Puffs-E-Disposable-Vape-100x100.webp 100w\" sizes=\"(max-width: 800px) 100vw, 800px\" \/><figcaption id=\"caption-attachment-3719\" class=\"wp-caption-text\">Hookah Shisha 20k 20000 Puffs E Jednokratni Vape<\/figcaption><\/figure>\n<\/div>\n<\/div>\n<\/div>\n<\/div>\n<\/div>\n<h2 class=\"product-title\"><strong>Popularni okusi za Uwin Crystal 20k<\/strong><strong>\u00a0<\/strong><strong>Jednokratni Vape ure\u0111aji<\/strong><\/h2>\n<p>Uwin Crystal 20000 nudi impresivan izbor od 12 razli\u010ditih okusa, prilago\u0111enih svakom ukusu. Koji su najpopularniji okusi za Uwin Crystal 20k? Svaki okus pru\u017ea jedinstveno iskustvo vapinga, ali Mje\u0161ovito vo\u0107e i Limun menta dosljedno se svrstavaju me\u0111u najbolje izbore zbog svojih \u017eivopisnih, dobro uravnote\u017eenih i zadovoljavaju\u0107ih profila. Ovi okusi \u010dine Uwin Crystal 20000 istaknutim u svijetu jednokratnih vapea. Istra\u017eite svih 12 okusa i prona\u0111ite svog favorita ve\u0107 danas!<\/p>\n<ol>\n<li>Lubenica<\/li>\n<li>Ledeni Mango<\/li>\n<li>Borovnica Malina <span style=\"color: #ff0000;\"><strong>&gt;&gt;&gt;&gt; Vru\u0107e !<\/strong><\/span><\/li>\n<li>Menta od gro\u017e\u0111a<\/li>\n<li>Marakuja<\/li>\n<li>Jagoda Kivi<\/li>\n<li>Dvojno Jablko<\/li>\n<li>Breskva Led<\/li>\n<li>Ananas kokos<\/li>\n<li>Mije\u0161ano bobi\u010dasto vo\u0107e<span style=\"color: #ff0000;\"><strong>&gt;&gt;&gt;&gt; Najbolje !<\/strong><\/span><\/li>\n<li>Limun metvica <span style=\"color: #ff0000;\"><strong>&gt;&gt;&gt;&gt; Vru\u0107e !<\/strong><\/span><\/li>\n<li>Naran\u010dasti Sok<\/li>\n<\/ol>\n<div class=\"flex-shrink-0 flex flex-col relative items-end\">\n<div class=\"pt-0\">\n<div class=\"gizmo-bot-avatar flex h-8 w-8 items-center justify-center overflow-hidden rounded-full\">\n<div class=\"relative p-1 rounded-sm flex items-center justify-center bg-token-main-surface-primary text-token-text-primary h-8 w-8\">\n<h3>\u010cesto postavljana pitanja za Uwin Crystal 20000 Shisha Hookah punjivu<strong>\u00a0<\/strong>Vape za jednokratnu upotrebu<\/h3>\n<h3><\/h3>\n<h4><strong>1. Za\u0161to odabrati Uwin Shisha Hookah 20K?<\/strong><\/h4>\n<p>S <strong>20.000 puffova<\/strong>, prilagodljive razine nikotina i elegantan kristalni dizajn, ovaj ure\u0111aj je i prakti\u010dan i moderan.<\/p>\n<h4><strong>2. Je li ovaj vape pristupa\u010dan?<\/strong><\/h4>\n<p>Da! Dostupan je po <strong>povoljnim tvorni\u010dkim cijenama<\/strong>, savr\u0161eno za one koji tra\u017ee <strong>jeftinim vape ure\u0111ajima<\/strong> bez \u017ertvovanja kvalitete.<\/p>\n<h4><strong>3. Koje su arome dostupne?<\/strong><\/h4>\n<p>Uwin Shisha Hookah 20K nudi 12 jedinstvenih okusa, kao \u0161to su <strong>Ledeni Mango<\/strong>, <strong>Breskva Led<\/strong>i <strong>Ru\u017ei\u010dasta Limunada<\/strong>.<\/p>\n<h4><strong>4. Za koga je ovaj ure\u0111aj idealan?<\/strong><\/h4>\n<p>Savr\u0161en je za sve korisnike, od povremenih vapera do iskusnih entuzijasta, zahvaljuju\u0107i velikom broju uvla\u010denja, \u0161irokom rasponu okusa i pristupa\u010dnoj cijeni.<\/p>\n<h4><strong>5. Gdje kupiti jednokratne vape poput ovog?<\/strong><\/h4>\n<p>Kupujte na <strong><a href=\"https:\/\/vapestornado.com\/hr\/\" target=\"_new\" rel=\"noopener\">vapestornado online vape trgovinu<\/a><\/strong>, jednom od <strong>najpopularnijih web mjesta za jednokratne vape<\/strong>, kako biste dobili najbolje ponude za Uwin Shisha Hookah 20K.<\/p>\n<div class=\"flex max-w-full flex-col flex-grow\">\n<div class=\"min-h-8 text-message flex w-full flex-col items-end gap-2 whitespace-normal break-words text-start [.text-message+&amp;]:mt-5\" dir=\"auto\" data-message-author-role=\"assistant\" data-message-id=\"4dc48248-df95-45bd-b800-6dedb43cf7f1\" data-message-model-slug=\"gpt-4o\">\n<div class=\"flex w-full flex-col gap-1 empty:hidden first:pt-[3px]\"><\/div>\n<\/div>\n<\/div>\n<\/div>\n<\/div>\n<\/div>\n<\/div>\n<div class=\"flex-shrink-0 flex flex-col relative items-end\">\n<div class=\"pt-0\">\n<div class=\"gizmo-bot-avatar flex h-8 w-8 items-center justify-center overflow-hidden rounded-full\">\n<div class=\"relative p-1 rounded-sm flex items-center justify-center bg-token-main-surface-primary text-token-text-primary h-8 w-8\">\n<div class=\"mb-2 flex gap-3 empty:hidden -ml-2\">\n<div role=\"article\" data-tabster=\"{&quot;groupper&quot;:{&quot;tabbability&quot;:2},&quot;focusable&quot;:{}}\" data-content=\"ai-message\" aria-labelledby=\"Vdt5ez4X7Tg813x6rFVha-author Vdt5ez4X7Tg813x6rFVha-content\">\n<div id=\"Vdt5ez4X7Tg813x6rFVha-content\">\n<div role=\"article\" data-tabster=\"{&quot;groupper&quot;:{&quot;tabbability&quot;:2},&quot;focusable&quot;:{}}\" data-content=\"ai-message\" aria-labelledby=\"o968oC7CEo2fGHsGdsRYC-author o968oC7CEo2fGHsGdsRYC-content\">\n<div id=\"o968oC7CEo2fGHsGdsRYC-content\">\n<h3>Za\u0161to odabrati vapestornado za Uwin Crystal 20000 Shisha Hookah jednokratni vape na veliko?<\/h3>\n<div class=\"flex-shrink-0 flex flex-col relative items-end\">\n<div class=\"pt-0\">\n<div class=\"gizmo-bot-avatar flex h-8 w-8 items-center justify-center overflow-hidden rounded-full\">\n<div class=\"relative p-1 rounded-sm flex items-center justify-center bg-token-main-surface-primary text-token-text-primary h-8 w-8\">\n<p>U rastu\u0107oj konkurenciji u industriji jednokratnih vapeova, vapestornado je vode\u0107a globalna platforma za veleprodajna rje\u0161enja e-cigareta, predstavio je revolucionarni Uwin Shisha Hookah Crystal 20000 Puffs jednokratni vape. Sa svojim privla\u010dnim kristalnim dizajnom i vi\u0161enamjenskim zna\u010dajkama, ovaj inovativni proizvod neprimjetno spaja stil s funkcionalno\u0161\u0107u. Nude\u0107i \u0161irok izbor vo\u0107nih okusa, cilj mu je zadovoljiti razli\u010dite ukuse vapera.<\/p>\n<p>vapestornado je va\u0161a pouzdana internetska trgovina vapeova za visokokvalitetne jednokratne vapeove. S vi\u0161e od 5 godina iskustva, donosimo vam popularne marke jednokratnih vapeova kao \u0161to su Waspe Vape, WGA Vape, Fumot RandM Vape, Vozol Vape, Bang Vape, itd.<\/p>\n<p>Na\u0161 asortiman uklju\u010duje najpopularnije jednokratne vape ure\u0111aje kao \u0161to su <a href=\"https:\/\/vapestornado.com\/hr\/product\/vapsolo-viking-12000-puffs-2-5-low-nicotine-bulk-buy-rechargeable-disposable-vapes-pen-wholesale-price\/\">VapSolo Viking 12000<\/a>, i izbor bogat okusom poput <a href=\"https:\/\/vapestornado.com\/hr\/product\/uwin-crystal-10000-puffs-wholesale-disposable-vape-puff-10k-low-nicotine-rechargeable-vapes-pen-bulk-buy-wholesalepuffs-disposable-vape-wholesale-price-copy\/\"> Uwin Kristal 10000 Udisaja<\/a> . Svaki proizvod odabran je s fokusom na kvalitetu, vrijednost i raznolikost, osiguravaju\u0107i da prona\u0111ete savr\u0161eno podudaranje za svoje potrebe. Otkrijte iznimnu uslugu i \u0161irok spektar vrhunskih proizvoda po veleprodajnoj cijeni na vapestornado.<\/p>\n<\/div>\n<p>&nbsp;<\/p>\n<p><strong>Ostali popularni jednokratni vape ure\u0111aji<\/strong><\/p>\n<p><a href=\"https:\/\/vapestornado.com\/hr\/product\/china-factory-vapsolo-super-15000-puffs-disposable-wholesale-price-disposable-vape-rechargeable-disposable-vapes-pen-bulk-buy-wholesale\/\">Vapsolo Super 15000 uvla\u010denja <span style=\"color: #ff0000;\"><strong>&gt;&gt;&gt;&gt; Kreni !<\/strong><\/span><\/a><\/p>\n<p><a href=\"https:\/\/vapestornado.com\/hr\/product\/jnr-falcon-x-18000-puffs-disposable-vape-wholesale-price\/\">JNR Falcon X 18000 uvla\u010denja<span style=\"color: #ff0000;\"><strong>&gt;&gt;&gt;&gt; Kreni !<\/strong><\/span><\/a><\/p>\n<p><a href=\"https:\/\/vapestornado.com\/hr\/product\/tornado-vape-uwin-35000-puff-35k-music-wholesale-price\/\">Tornado Vape Uwin 35000 <span style=\"color: #ff0000;\"><strong>&gt;&gt;&gt;&gt; Kreni !<\/strong><\/span><\/a><\/p>\n<\/div>\n<\/div>\n<\/div>\n<p>&nbsp;<\/p>\n<\/div>\n<\/div>\n<\/div>\n<\/div>\n<\/div>\n<\/div>\n<\/div>\n<\/div>\n<\/div>","protected":false},"excerpt":{"rendered":"<p>Najbolji Uwin Shisha Hookah Crystal 20000 Puffs jednokratni vape<br \/>\nUwin Crystal 20k Puffs jednokratna shisha hookah veleprodajna cijena<br \/>\nUwin crystal 20000 Puffs niska cijena veleprodajni dobavlja\u010d<\/p>\n<p><strong>Dodajte Amy na WhatsApp za brzi odgovor i kupon za vape!<\/strong><\/p>\n<p><img fetchpriority=\"high\" decoding=\"async\" class=\"size-full wp-image-2932\" src=\"https:\/\/vapestornado.com\/wp-content\/uploads\/2024\/12\/Vape-Wholesale.jpg\" alt=\"Veleprodaja vejpova\" width=\"229\" height=\"300\" \/><\/p>\n<h3><a href=\"https:\/\/wa.me\/8617776015835\"><span style=\"color: #ff0000;\"><strong>WhatsApp: +86 17776015835<\/strong><\/span><\/a><\/h3>\n<p>&nbsp;<\/p>","protected":false},"featured_media":3723,"comment_status":"open","ping_status":"closed","template":"","meta":{"_acf_changed":false,"_uag_custom_page_level_css":"","_lmt_disableupdate":"no","_lmt_disable":"","_monsterinsights_skip_tracking":false,"_monsterinsights_sitenote_active":false,"_monsterinsights_sitenote_note":"","_monsterinsights_sitenote_category":0,"site-sidebar-layout":"default","site-content-layout":"","ast-site-content-layout":"default","site-content-style":"default","site-sidebar-style":"default","ast-global-header-display":"","ast-banner-title-visibility":"","ast-main-header-display":"","ast-hfb-above-header-display":"","ast-hfb-below-header-display":"","ast-hfb-mobile-header-display":"","site-post-title":"","ast-breadcrumbs-content":"","ast-featured-img":"","footer-sml-layout":"","ast-disable-related-posts":"","theme-transparent-header-meta":"default","adv-header-id-meta":"","stick-header-meta":"","header-above-stick-meta":"","header-main-stick-meta":"","header-below-stick-meta":"","astra-migrate-meta-layouts":"set","ast-page-background-enabled":"default","ast-page-background-meta":{"desktop":{"background-color":"","background-image":"","background-repeat":"repeat","background-position":"center center","background-size":"auto","background-attachment":"scroll","background-type":"","background-media":"","overlay-type":"","overlay-color":"","overlay-opacity":"","overlay-gradient":""},"tablet":{"background-color":"","background-image":"","background-repeat":"repeat","background-position":"center center","background-size":"auto","background-attachment":"scroll","background-type":"","background-media":"","overlay-type":"","overlay-color":"","overlay-opacity":"","overlay-gradient":""},"mobile":{"background-color":"","background-image":"","background-repeat":"repeat","background-position":"center center","background-size":"auto","background-attachment":"scroll","background-type":"","background-media":"","overlay-type":"","overlay-color":"","overlay-opacity":"","overlay-gradient":""}},"ast-content-background-meta":{"desktop":{"background-color":"var(--ast-global-color-5)","background-image":"","background-repeat":"repeat","background-position":"center center","background-size":"auto","background-attachment":"scroll","background-type":"","background-media":"","overlay-type":"","overlay-color":"","overlay-opacity":"","overlay-gradient":""},"tablet":{"background-color":"var(--ast-global-color-5)","background-image":"","background-repeat":"repeat","background-position":"center center","background-size":"auto","background-attachment":"scroll","background-type":"","background-media":"","overlay-type":"","overlay-color":"","overlay-opacity":"","overlay-gradient":""},"mobile":{"background-color":"var(--ast-global-color-5)","background-image":"","background-repeat":"repeat","background-position":"center center","background-size":"auto","background-attachment":"scroll","background-type":"","background-media":"","overlay-type":"","overlay-color":"","overlay-opacity":"","overlay-gradient":""}},"_joinchat":{"telephone":"+8617776015835"}},"product_brand":[],"product_cat":[69,157,141,143,147,233],"product_tag":[165,120,97,166,94,232],"class_list":{"0":"post-3724","1":"product","2":"type-product","3":"status-publish","4":"has-post-thumbnail","6":"product_cat-20000-puff","7":"product_cat-buy-disposable-vapes-in-portugal","8":"product_cat-crystal-disposable-vapes","9":"product_cat-dual-mesh-disposable-vapes","10":"product_cat-shisha-hookah-disposable-vapes","11":"product_cat-uwin-vape","12":"product_tag-cheap-vapes","13":"product_tag-crystal-vape","14":"product_tag-hot-sale-disposable-vape","15":"product_tag-low-nicotine-vape","16":"product_tag-rechargeable-disposable-vape","17":"product_tag-uwin-crystal-20000","18":"desktop-align-left","19":"tablet-align-left","20":"mobile-align-left","22":"first","23":"instock","24":"sale","25":"shipping-taxable","26":"purchasable","27":"product-type-simple"},"acf":[],"uagb_featured_image_src":{"full":["https:\/\/vapestornado.com\/wp-content\/uploads\/2025\/01\/Uwin-Shisha-Hookah-Crystal-20000-Puffs-Disposable-Vape.webp",800,800,false],"thumbnail":["https:\/\/vapestornado.com\/wp-content\/uploads\/2025\/01\/Uwin-Shisha-Hookah-Crystal-20000-Puffs-Disposable-Vape-150x150.webp",150,150,true],"medium":["https:\/\/vapestornado.com\/wp-content\/uploads\/2025\/01\/Uwin-Shisha-Hookah-Crystal-20000-Puffs-Disposable-Vape-300x300.webp",300,300,true],"medium_large":["https:\/\/vapestornado.com\/wp-content\/uploads\/2025\/01\/Uwin-Shisha-Hookah-Crystal-20000-Puffs-Disposable-Vape-768x768.webp",768,768,true],"large":["https:\/\/vapestornado.com\/wp-content\/uploads\/2025\/01\/Uwin-Shisha-Hookah-Crystal-20000-Puffs-Disposable-Vape.webp",800,800,false],"1536x1536":["https:\/\/vapestornado.com\/wp-content\/uploads\/2025\/01\/Uwin-Shisha-Hookah-Crystal-20000-Puffs-Disposable-Vape.webp",800,800,false],"2048x2048":["https:\/\/vapestornado.com\/wp-content\/uploads\/2025\/01\/Uwin-Shisha-Hookah-Crystal-20000-Puffs-Disposable-Vape.webp",800,800,false],"trp-custom-language-flag":["https:\/\/vapestornado.com\/wp-content\/uploads\/2025\/01\/Uwin-Shisha-Hookah-Crystal-20000-Puffs-Disposable-Vape.webp",12,12,false],"woocommerce_thumbnail":["https:\/\/vapestornado.com\/wp-content\/uploads\/2025\/01\/Uwin-Shisha-Hookah-Crystal-20000-Puffs-Disposable-Vape-300x300.webp",300,300,true],"woocommerce_single":["https:\/\/vapestornado.com\/wp-content\/uploads\/2025\/01\/Uwin-Shisha-Hookah-Crystal-20000-Puffs-Disposable-Vape-600x600.webp",600,600,true],"woocommerce_gallery_thumbnail":["https:\/\/vapestornado.com\/wp-content\/uploads\/2025\/01\/Uwin-Shisha-Hookah-Crystal-20000-Puffs-Disposable-Vape-100x100.webp",100,100,true]},"uagb_author_info":{"display_name":"ESAMY","author_link":"https:\/\/vapestornado.com\/hr\/author\/"},"uagb_comment_info":0,"uagb_excerpt":"Best Uwin Shisha Hookah Crystal 20000 Puffs Disposable Vape Uwin Crystal 20k Puff Disoisable Shisha Hookah Bulk Price Uwin crystal 20000 Puffs Cheap Price Wholesale Supplier Add Amy's whatsapp get right reply and vape coupon! WhatsApp: +86 17776015835 &nbsp;","_links":{"self":[{"href":"https:\/\/vapestornado.com\/hr\/wp-json\/wp\/v2\/product\/3724","targetHints":{"allow":["GET"]}}],"collection":[{"href":"https:\/\/vapestornado.com\/hr\/wp-json\/wp\/v2\/product"}],"about":[{"href":"https:\/\/vapestornado.com\/hr\/wp-json\/wp\/v2\/types\/product"}],"replies":[{"embeddable":true,"href":"https:\/\/vapestornado.com\/hr\/wp-json\/wp\/v2\/comments?post=3724"}],"wp:featuredmedia":[{"embeddable":true,"href":"https:\/\/vapestornado.com\/hr\/wp-json\/wp\/v2\/media\/3723"}],"wp:attachment":[{"href":"https:\/\/vapestornado.com\/hr\/wp-json\/wp\/v2\/media?parent=3724"}],"wp:term":[{"taxonomy":"product_brand","embeddable":true,"href":"https:\/\/vapestornado.com\/hr\/wp-json\/wp\/v2\/product_brand?post=3724"},{"taxonomy":"product_cat","embeddable":true,"href":"https:\/\/vapestornado.com\/hr\/wp-json\/wp\/v2\/product_cat?post=3724"},{"taxonomy":"product_tag","embeddable":true,"href":"https:\/\/vapestornado.com\/hr\/wp-json\/wp\/v2\/product_tag?post=3724"}],"curies":[{"name":"wp","href":"https:\/\/api.w.org\/{rel}","templated":true}]}}