{"id":3716,"date":"2025-01-08T09:49:40","date_gmt":"2025-01-08T09:49:40","guid":{"rendered":"https:\/\/vapestornado.com\/?post_type=product&#038;p=3716"},"modified":"2025-08-23T09:33:37","modified_gmt":"2025-08-23T09:33:37","slug":"bood-twins-46000-puff-display-disposable-vape-cheap-price","status":"publish","type":"product","link":"https:\/\/vapestornado.com\/hr\/product\/bood-twins-46000-puff-display-disposable-vape-cheap-price\/","title":{"rendered":"Bood Twins 46000 Puf Display Jednokratna Vaping jeftina cijena"},"content":{"rendered":"<h1>Bood Twins 46000 Puf Display Jednokratna Vaping jeftina cijena<\/h1>\n<p>&nbsp;<\/p>\n<div role=\"article\" data-tabster=\"{&quot;groupper&quot;:{&quot;tabbability&quot;:2},&quot;focusable&quot;:{}}\" data-content=\"ai-message\" aria-labelledby=\"64JRvXrTnY7mRmPkEQLLT-author 64JRvXrTnY7mRmPkEQLLT-content\">\n<div id=\"64JRvXrTnY7mRmPkEQLLT-content\">\n<p>Ovo <strong data-start=\"341\" data-end=\"383\">Bood Twins 46000 Puffs Jednokratni Vape<\/strong> je izra\u0111en za kapacitet, performanse i svestranost. S do <strong data-start=\"448\" data-end=\"464\">46.000 udisaja<\/strong> i <strong data-start=\"471\" data-end=\"493\">dvostruki sustav okusa<\/strong>, omogu\u0107uje korisnicima prebacivanje izme\u0111u dvije mje\u0161avine u jednom ure\u0111aju, pru\u017eaju\u0107i raznolikost i dugotrajno u\u017eivanje<\/p>\n<p>Opremljen s <strong>napredna mre\u017easta zavojnica<\/strong>, Bood Twins pru\u017ea dosljednu, glatku i ukusnu paru sa svakim udisajem. Njegov <strong>elegantni zaslon preko cijelog ekrana<\/strong> dodaje da\u0161ak sofisticiranosti i pru\u017ea bitne detalje o kori\u0161tenju, \u0161to ga \u010dini idealnim za vapere koji paze na stil. Punjiva baterija osigurava da ure\u0111aj mo\u017ee isporu\u010diti svoj puni kapacitet udisaja bez kompromisa, eliminiraju\u0107i potrebu za \u010destim zamjenama.<\/p>\n<p>Ovaj vrhunski jednokratni vape savr\u0161en je za veleprodajne kupce koji \u017eele svojim kupcima ponuditi vrhunske proizvode. <strong>Bood Twins 46000 puffvapea <\/strong>kombinira inovativnu tehnologiju, elegantan dizajn i nenadma\u0161ne performanse, \u0161to ga \u010dini tra\u017eenim izborom u industriji vapinga. Za najbolje veleprodajne ponude Bood Twins 46000 Puffs, posjetite vapestornado<strong>.com<\/strong> i danas unaprijedite svoj inventar za vaping!<\/p>\n<\/div>\n<\/div>\n<p><img fetchpriority=\"high\" decoding=\"async\" class=\"alignleft wp-image-2951 size-medium\" src=\"https:\/\/vapestornado.com\/wp-content\/uploads\/2024\/12\/Wholesale-Disposable-Vape-265x300.jpg\" alt=\"Veleprodaja jednokratnih vape ure\u0111aja\" width=\"265\" height=\"300\" srcset=\"https:\/\/vapestornado.com\/wp-content\/uploads\/2024\/12\/Wholesale-Disposable-Vape-265x300.jpg 265w, https:\/\/vapestornado.com\/wp-content\/uploads\/2024\/12\/Wholesale-Disposable-Vape-768x871.jpg 768w, https:\/\/vapestornado.com\/wp-content\/uploads\/2024\/12\/Wholesale-Disposable-Vape-600x680.jpg 600w, https:\/\/vapestornado.com\/wp-content\/uploads\/2024\/12\/Wholesale-Disposable-Vape.jpg 823w\" sizes=\"(max-width: 265px) 100vw, 265px\" \/><\/p>\n<h5>Molimo kontaktirajte Mandy's WhatsApp za cijenu s popustom<a href=\"https:\/\/wa.me\/8618077105796\" target=\"_blank\" rel=\"noopener\">+8618077105796<\/a><\/h5>\n<div class=\"flex max-w-full flex-col flex-grow\">\n<div class=\"min-h-8 text-message flex w-full flex-col items-end gap-2 whitespace-normal break-words text-start [.text-message+&amp;]:mt-5\" dir=\"auto\" data-message-author-role=\"assistant\" data-message-id=\"cdb991c0-f594-4bff-b2d5-fbbdd7ce9e54\" data-message-model-slug=\"gpt-4o-mini\">\n<div class=\"flex w-full flex-col gap-1 empty:hidden first:pt-[3px]\">\n<div class=\"markdown prose w-full break-words dark:prose-invert light\"><\/div>\n<\/div>\n<\/div>\n<\/div>\n<div class=\"mb-2 flex gap-3 empty:hidden -ml-2\">\n<h2 class=\"sr-proMainInfo-baseInfoH1 J-baseInfo-name\">Veleprodaja Vape Bood Twins 46000 Puffs Klju\u010dne zna\u010dajke:<\/h2>\n<ul>\n<li><strong>Velik broj pufova<\/strong>: U\u017eivajte u do 46.000 udisaja, savr\u0161eno za dugotrajnu upotrebu.<\/li>\n<li><strong>Dvostruki okusi<\/strong>: Inovativan dizajn s dvostrukim okusom u jednom ure\u0111aju za svestrano iskustvo vapinga.<\/li>\n<li><strong>Tehnologija mre\u017easte zavojnice<\/strong>: Omogu\u0107uje glatku, dosljednu proizvodnju pare s pobolj\u0161anom isporukom okusa.<\/li>\n<li><strong>Zaslon punog prikaza<\/strong>: Elegantan i moderan dizajn s lako \u010ditljivim zaslonom za osnovne informacije.<\/li>\n<li><strong>Veleprodajna prednost<\/strong>: Idealno za masovne kupnje radi u\u010dinkovitog zadovoljavanja potra\u017enje kupaca.<\/li>\n<\/ul>\n<\/div>\n<h2 class=\"sr-proMainInfo-baseInfoH1 J-baseInfo-name\">Bood Twins 46000Puff Okus:<\/h2>\n<p>1. Lubenica<br \/>\n2. Jabuka<br \/>\n3. Limeta<br \/>\n4. Zelena jabuka<br \/>\n5. Kisela malina s borovnicom<br \/>\n6. Ribizla Malina<br \/>\n7. Breskva Mango<br \/>\n8. Gro\u017e\u0111e<br \/>\n9. Ru\u017ei\u010dasta limunada<br \/>\n10. Zeleno gro\u017e\u0111e<\/p>\n<div role=\"article\" data-tabster=\"{&quot;groupper&quot;:{&quot;tabbability&quot;:2},&quot;focusable&quot;:{}}\" data-content=\"ai-message\" aria-labelledby=\"dARUyEWDoEYhnSPXFwx5A-author dARUyEWDoEYhnSPXFwx5A-content\">\n<div id=\"dARUyEWDoEYhnSPXFwx5A-content\">\n<h2><strong>Za\u0161to kupiti <\/strong>Bood Twins 46000puff vape <strong>od vapestornada?<\/strong><\/h2>\n<ul>\n<li><strong>Nenadma\u0161na kvaliteta<\/strong>: U vapestornado, osiguravamo da svaki Bood Twins 46000 Puff jednokratni vape zadovoljava najvi\u0161e standarde kvalitete, pru\u017eaju\u0107i vrhunsko iskustvo vapinga s dvostrukim okusima i naprednom tehnologijom mre\u017eastih zavojnica.<\/li>\n<li><strong>Konkurentne cijene<\/strong>: U\u017eivajte u ekskluzivnim veleprodajnim cijenama za masovne narud\u017ebe, \u0161to \u010dini vapestornado idealnim izborom za trgovce i ljubitelje vapea.<\/li>\n<li><strong>Dostava u Hrvatsku<\/strong>: vapestornado nudi pouzdanu i u\u010dinkovitu dostavu diljem Hrvatske, osiguravaju\u0107i pravovremenu isporuku va\u0161ih omiljenih proizvoda.<\/li>\n<li><strong>Zajam\u010dena autenti\u010dnost<\/strong>: Svi proizvodi koji se prodaju u vapestornado su 100% autenti\u010dni i provjereni na kvalitetu, daju\u0107i vam bezbri\u017enost sa svakom kupnjom.<\/li>\n<li><strong>Posve\u0107ena korisni\u010dka podr\u0161ka<\/strong>: Na\u0161 stru\u010dan i ljubazan tim za podr\u0161ku dostupan je da vam pomogne s bilo kakvim upitima, osiguravaju\u0107i glatko i zadovoljavaju\u0107e iskustvo kupnje.<\/li>\n<\/ul>\n<\/div>\n<\/div>\n<h2>\u010cesto postavljana pitanja o Bood Twins 46000 puffs veleprodajnim jednokratnim vapeovima u HRK<\/h2>\n<ul>\n<li><strong>\u0160to je Bood Twins 46000 Puffs jednokratni vape?<\/strong><br \/>\nBood Twins 46000 Puffs je vrhunski jednokratni vape s nevjerojatnim kapacitetom od 46.000 puffova, dvostrukim okusima u jednom ure\u0111aju, mre\u017eastom zavojnicom za superioran okus i elegantnim zaslonom preko cijelog ekrana.<\/li>\n<li><strong>Koliko ko\u0161ta masovna kupnja Bood Twins 46000 Puffs u HRK?<\/strong><br \/>\nCijene za masovne narud\u017ebe ovise o kupljenoj koli\u010dini. vapestornado nudi konkurentne veleprodajne cijene u HRK kako bi pru\u017eio najbolju vrijednost za trgovce i masovne kupce.<\/li>\n<li><strong>Mogu li platiti masovne narud\u017ebe u EUR?<\/strong><br \/>\nDa, vapestornado prihva\u0107a pla\u0107anja u EUR-ima za masovne kupnje, \u0161to je pogodno za europske kupce.<\/li>\n<li><strong>Koje su prednosti kupnje bood vape 46k puffs vape boxa u rasutom stanju?<\/strong><br \/>\nKupnja na veliko osigurava zna\u010dajne u\u0161tede, stalnu dostupnost proizvoda i bolje profitne mar\u017ee za tvrtke.<\/li>\n<li><strong>Dostavlja li vapestornado u europske zemlje?<\/strong><br \/>\nApsolutno! vapestornado pru\u017ea brzu i pouzdanu dostavu diljem Europe, uklju\u010duju\u0107i Njema\u010dku, Francusku, \u0160panjolsku i Nizozemsku.<\/li>\n<li><strong>Jesu li dostupni popusti za velike narud\u017ebe?<\/strong><br \/>\nDa, vapestornado nudi vi\u0161eslojno odre\u0111ivanje cijena i popuste za ve\u0107e koli\u010dine, osiguravaju\u0107i maksimalne u\u0161tede za kupce na veliko.<\/li>\n<li><strong>Koja je minimalna koli\u010dina narud\u017ebe za veleprodaju?<\/strong><br \/>\nMinimalna koli\u010dina narud\u017ebe je 50 komada. Za pojedinosti o zahtjevima za kupnju na veliko, obratite se timu za korisni\u010dku podr\u0161ku vapestornada.<\/li>\n<\/ul>","protected":false},"excerpt":{"rendered":"<p><strong>Bood Twins 46000 Puffs LED Display jednokratni Vape<\/strong> po nenadma\u0161nim cijenama. U\u017eivajte u dvostrukim okusima, elegantnom zaslonu preko cijelog ekrana i naprednoj tehnologiji mre\u017eastih zavojnica za vrhunsko iskustvo vapinga.<\/p>\n<figure id=\"attachment_2951\" aria-describedby=\"caption-attachment-2951\" style=\"width: 265px\" class=\"wp-caption alignnone\"><img decoding=\"async\" class=\"size-medium wp-image-2951\" src=\"https:\/\/vapestornado.com\/wp-content\/uploads\/2024\/12\/Wholesale-Disposable-Vape-265x300.jpg\" alt=\"Veleprodaja jednokratnih vape ure\u0111aja\" width=\"265\" height=\"300\" srcset=\"https:\/\/vapestornado.com\/wp-content\/uploads\/2024\/12\/Wholesale-Disposable-Vape-265x300.jpg 265w, https:\/\/vapestornado.com\/wp-content\/uploads\/2024\/12\/Wholesale-Disposable-Vape-768x871.jpg 768w, https:\/\/vapestornado.com\/wp-content\/uploads\/2024\/12\/Wholesale-Disposable-Vape-600x680.jpg 600w, https:\/\/vapestornado.com\/wp-content\/uploads\/2024\/12\/Wholesale-Disposable-Vape.jpg 823w\" sizes=\"(max-width: 265px) 100vw, 265px\" \/><figcaption id=\"caption-attachment-2951\" class=\"wp-caption-text\">Molimo kontaktirajte Mandy's WhatsApp za cijenu s popustom\u00a0 <a href=\"https:\/\/wa.me\/8618077105796\">+8618077105796<\/a><\/figcaption><\/figure>\n<p>&nbsp;<\/p>","protected":false},"featured_media":3713,"comment_status":"open","ping_status":"closed","template":"","meta":{"_acf_changed":false,"_uag_custom_page_level_css":"","_lmt_disableupdate":"no","_lmt_disable":"","_monsterinsights_skip_tracking":false,"_monsterinsights_sitenote_active":false,"_monsterinsights_sitenote_note":"","_monsterinsights_sitenote_category":0,"site-sidebar-layout":"default","site-content-layout":"","ast-site-content-layout":"default","site-content-style":"default","site-sidebar-style":"default","ast-global-header-display":"","ast-banner-title-visibility":"","ast-main-header-display":"","ast-hfb-above-header-display":"","ast-hfb-below-header-display":"","ast-hfb-mobile-header-display":"","site-post-title":"","ast-breadcrumbs-content":"","ast-featured-img":"","footer-sml-layout":"","ast-disable-related-posts":"","theme-transparent-header-meta":"default","adv-header-id-meta":"","stick-header-meta":"","header-above-stick-meta":"","header-main-stick-meta":"","header-below-stick-meta":"","astra-migrate-meta-layouts":"set","ast-page-background-enabled":"default","ast-page-background-meta":{"desktop":{"background-color":"","background-image":"","background-repeat":"repeat","background-position":"center center","background-size":"auto","background-attachment":"scroll","background-type":"","background-media":"","overlay-type":"","overlay-color":"","overlay-opacity":"","overlay-gradient":""},"tablet":{"background-color":"","background-image":"","background-repeat":"repeat","background-position":"center center","background-size":"auto","background-attachment":"scroll","background-type":"","background-media":"","overlay-type":"","overlay-color":"","overlay-opacity":"","overlay-gradient":""},"mobile":{"background-color":"","background-image":"","background-repeat":"repeat","background-position":"center center","background-size":"auto","background-attachment":"scroll","background-type":"","background-media":"","overlay-type":"","overlay-color":"","overlay-opacity":"","overlay-gradient":""}},"ast-content-background-meta":{"desktop":{"background-color":"var(--ast-global-color-5)","background-image":"","background-repeat":"repeat","background-position":"center center","background-size":"auto","background-attachment":"scroll","background-type":"","background-media":"","overlay-type":"","overlay-color":"","overlay-opacity":"","overlay-gradient":""},"tablet":{"background-color":"var(--ast-global-color-5)","background-image":"","background-repeat":"repeat","background-position":"center center","background-size":"auto","background-attachment":"scroll","background-type":"","background-media":"","overlay-type":"","overlay-color":"","overlay-opacity":"","overlay-gradient":""},"mobile":{"background-color":"var(--ast-global-color-5)","background-image":"","background-repeat":"repeat","background-position":"center center","background-size":"auto","background-attachment":"scroll","background-type":"","background-media":"","overlay-type":"","overlay-color":"","overlay-opacity":"","overlay-gradient":""}},"_joinchat":{"telephone":"+8618077105796"}},"product_brand":[],"product_cat":[230,193,149,160,146],"product_tag":[231,97,98],"class_list":{"0":"post-3716","1":"product","2":"type-product","3":"status-publish","4":"has-post-thumbnail","6":"product_cat-46000-puff","7":"product_cat-bood-disposable-vapes","8":"product_cat-buy-disposable-vapes-in-austria","9":"product_cat-buy-disposable-vapes-in-switzerland","10":"product_cat-rechargeable-disposable-vapes","11":"product_tag-bood-twins-46000-puff","12":"product_tag-hot-sale-disposable-vape","13":"product_tag-wholesale-price-disposable-vape","14":"desktop-align-left","15":"tablet-align-left","16":"mobile-align-left","18":"first","19":"instock","20":"sale","21":"shipping-taxable","22":"purchasable","23":"product-type-simple"},"acf":[],"uagb_featured_image_src":{"full":["https:\/\/vapestornado.com\/wp-content\/uploads\/2025\/01\/Bood-Twins-46000-Puffs-Top-Sale-Vape-In-Poland.webp",800,800,false],"thumbnail":["https:\/\/vapestornado.com\/wp-content\/uploads\/2025\/01\/Bood-Twins-46000-Puffs-Top-Sale-Vape-In-Poland-150x150.webp",150,150,true],"medium":["https:\/\/vapestornado.com\/wp-content\/uploads\/2025\/01\/Bood-Twins-46000-Puffs-Top-Sale-Vape-In-Poland-300x300.webp",300,300,true],"medium_large":["https:\/\/vapestornado.com\/wp-content\/uploads\/2025\/01\/Bood-Twins-46000-Puffs-Top-Sale-Vape-In-Poland-768x768.webp",768,768,true],"large":["https:\/\/vapestornado.com\/wp-content\/uploads\/2025\/01\/Bood-Twins-46000-Puffs-Top-Sale-Vape-In-Poland.webp",800,800,false],"1536x1536":["https:\/\/vapestornado.com\/wp-content\/uploads\/2025\/01\/Bood-Twins-46000-Puffs-Top-Sale-Vape-In-Poland.webp",800,800,false],"2048x2048":["https:\/\/vapestornado.com\/wp-content\/uploads\/2025\/01\/Bood-Twins-46000-Puffs-Top-Sale-Vape-In-Poland.webp",800,800,false],"trp-custom-language-flag":["https:\/\/vapestornado.com\/wp-content\/uploads\/2025\/01\/Bood-Twins-46000-Puffs-Top-Sale-Vape-In-Poland.webp",12,12,false],"woocommerce_thumbnail":["https:\/\/vapestornado.com\/wp-content\/uploads\/2025\/01\/Bood-Twins-46000-Puffs-Top-Sale-Vape-In-Poland-300x300.webp",300,300,true],"woocommerce_single":["https:\/\/vapestornado.com\/wp-content\/uploads\/2025\/01\/Bood-Twins-46000-Puffs-Top-Sale-Vape-In-Poland-600x600.webp",600,600,true],"woocommerce_gallery_thumbnail":["https:\/\/vapestornado.com\/wp-content\/uploads\/2025\/01\/Bood-Twins-46000-Puffs-Top-Sale-Vape-In-Poland-100x100.webp",100,100,true]},"uagb_author_info":{"display_name":"ESMANDY","author_link":"https:\/\/vapestornado.com\/hr\/author\/"},"uagb_comment_info":0,"uagb_excerpt":"Bood Twins 46000 Puffs LED Display Disposable Vape at unbeatable prices. Enjoy dual flavors, a sleek full-screen display, and advanced mesh coil technology for a premium vaping experience. [caption id=\"attachment_2951\" align=\"alignnone\" width=\"265\"] Pls Contact Mandy's WhatsApp For Discount Price\u00a0 +8618077105796[\/caption] &nbsp;","_links":{"self":[{"href":"https:\/\/vapestornado.com\/hr\/wp-json\/wp\/v2\/product\/3716","targetHints":{"allow":["GET"]}}],"collection":[{"href":"https:\/\/vapestornado.com\/hr\/wp-json\/wp\/v2\/product"}],"about":[{"href":"https:\/\/vapestornado.com\/hr\/wp-json\/wp\/v2\/types\/product"}],"replies":[{"embeddable":true,"href":"https:\/\/vapestornado.com\/hr\/wp-json\/wp\/v2\/comments?post=3716"}],"wp:featuredmedia":[{"embeddable":true,"href":"https:\/\/vapestornado.com\/hr\/wp-json\/wp\/v2\/media\/3713"}],"wp:attachment":[{"href":"https:\/\/vapestornado.com\/hr\/wp-json\/wp\/v2\/media?parent=3716"}],"wp:term":[{"taxonomy":"product_brand","embeddable":true,"href":"https:\/\/vapestornado.com\/hr\/wp-json\/wp\/v2\/product_brand?post=3716"},{"taxonomy":"product_cat","embeddable":true,"href":"https:\/\/vapestornado.com\/hr\/wp-json\/wp\/v2\/product_cat?post=3716"},{"taxonomy":"product_tag","embeddable":true,"href":"https:\/\/vapestornado.com\/hr\/wp-json\/wp\/v2\/product_tag?post=3716"}],"curies":[{"name":"wp","href":"https:\/\/api.w.org\/{rel}","templated":true}]}}