{"id":3700,"date":"2025-01-07T09:47:56","date_gmt":"2025-01-07T09:47:56","guid":{"rendered":"https:\/\/vapestornado.com\/?post_type=product&#038;p=3700"},"modified":"2025-08-23T09:34:23","modified_gmt":"2025-08-23T09:34:23","slug":"wholesale-price-bang-king-35000-puffs-tornado-vape","status":"publish","type":"product","link":"https:\/\/vapestornado.com\/hr\/product\/wholesale-price-bang-king-35000-puffs-tornado-vape\/","title":{"rendered":"Veleprodajna cijena Bang King 35000 Puffs Tornado Vape"},"content":{"rendered":"<h1>Veleprodajna cijena Bang King 35000 Puffs Tornado Vape<\/h1>\n<p>&nbsp;<\/p>\n<div role=\"article\" data-tabster=\"{&quot;groupper&quot;:{&quot;tabbability&quot;:2},&quot;focusable&quot;:{}}\" data-content=\"ai-message\" aria-labelledby=\"64JRvXrTnY7mRmPkEQLLT-author 64JRvXrTnY7mRmPkEQLLT-content\">\n<div id=\"64JRvXrTnY7mRmPkEQLLT-content\">\n<p data-start=\"302\" data-end=\"548\">Ovo <strong data-start=\"306\" data-end=\"347\">Bang King 35000 Puffs jednokratni vape<\/strong> pru\u017ea kapacitet, performanse i gladak okus u jednom ure\u0111aju. S do <strong data-start=\"424\" data-end=\"440\">35.000 udisaja<\/strong> i <strong data-start=\"447\" data-end=\"480\">23 ml prethodno napunjene e-teku\u0107ine<\/strong>, pru\u017ea dugotrajnu upotrebu uz odr\u017eavanje dosljednog okusa.<\/p>\n<p data-start=\"550\" data-end=\"829\">Opremljen s <strong data-start=\"566\" data-end=\"584\">0,6\u03a9 mre\u017easta zavojnica<\/strong>, Bang King 35K osigurava bogatu paru i stalan protok zraka. A <strong data-start=\"645\" data-end=\"677\">1000mAh punjiva baterija<\/strong> sa <strong data-start=\"683\" data-end=\"707\">Type-C brzo punjenje<\/strong> podr\u017eava neprekidne sesije, dok <strong data-start=\"747\" data-end=\"775\">za\u0161tite od suhog sagorijevanja<\/strong> sprje\u010dava suhe udarce za pouzdano iskustvo vapinga.<\/p>\n<p data-start=\"831\" data-end=\"1092\">Dostupno u <strong data-start=\"844\" data-end=\"885\">0%, 2%, 3% i 5% ja\u010dinama nikotina<\/strong>, odgovara i lak\u0161im i te\u017eim korisnicima. Pakirano <strong data-start=\"933\" data-end=\"972\">10 komada po kutiji i 200 komada po pakiranju<\/strong>, Bang King 35000 idealan je za veleprodajnu distribuciju i kupce koji kupuju na veliko i tra\u017ee veliku potra\u017enju <strong data-start=\"1068\" data-end=\"1089\">Vape s 35.000 udisaja<\/strong><\/p>\n<p>Kupujte sada na <strong>Vapebulkp.com<\/strong> kako biste iskusili neusporedive performanse i kvalitetu Bang King 35.000 Puffs.<\/p>\n<\/div>\n<\/div>\n<p><img fetchpriority=\"high\" decoding=\"async\" class=\"alignleft wp-image-2951 size-medium\" src=\"https:\/\/vapestornado.com\/wp-content\/uploads\/2024\/12\/Wholesale-Disposable-Vape-265x300.jpg\" alt=\"Veleprodaja jednokratnih vape ure\u0111aja\" width=\"265\" height=\"300\" srcset=\"https:\/\/vapestornado.com\/wp-content\/uploads\/2024\/12\/Wholesale-Disposable-Vape-265x300.jpg 265w, https:\/\/vapestornado.com\/wp-content\/uploads\/2024\/12\/Wholesale-Disposable-Vape-768x871.jpg 768w, https:\/\/vapestornado.com\/wp-content\/uploads\/2024\/12\/Wholesale-Disposable-Vape-600x680.jpg 600w, https:\/\/vapestornado.com\/wp-content\/uploads\/2024\/12\/Wholesale-Disposable-Vape.jpg 823w\" sizes=\"(max-width: 265px) 100vw, 265px\" \/><\/p>\n<h5>Molimo kontaktirajte Mandy's WhatsApp za cijenu s popustom<a href=\"https:\/\/wa.me\/8618077105796\" target=\"_blank\" rel=\"noopener\">+8618077105796<\/a><\/h5>\n<div class=\"flex max-w-full flex-col flex-grow\">\n<div class=\"min-h-8 text-message flex w-full flex-col items-end gap-2 whitespace-normal break-words text-start [.text-message+&amp;]:mt-5\" dir=\"auto\" data-message-author-role=\"assistant\" data-message-id=\"cdb991c0-f594-4bff-b2d5-fbbdd7ce9e54\" data-message-model-slug=\"gpt-4o-mini\">\n<div class=\"flex w-full flex-col gap-1 empty:hidden first:pt-[3px]\">\n<div class=\"markdown prose w-full break-words dark:prose-invert light\"><\/div>\n<\/div>\n<\/div>\n<\/div>\n<div class=\"mb-2 flex gap-3 empty:hidden -ml-2\">\n<h2 class=\"sr-proMainInfo-baseInfoH1 J-baseInfo-name\">Veleprodajni pametni vape Bang King 35k Puffs klju\u010dne zna\u010dajke:<\/h2>\n<ul>\n<li><strong>Nenadma\u0161an kapacitet udisaja<\/strong>: U\u017eivajte <strong>35.000 udisaja<\/strong>, savr\u0161eno za dugotrajnu upotrebu bez \u010destih zamjena.<\/li>\n<li><strong>Veliki volumen E-teku\u0107ine<\/strong>: Napunjeno s <strong>23 ml vrhunske teku\u0107ine za vape<\/strong> za dosljedan okus.<\/li>\n<li><strong>Punjiva baterija<\/strong>: Pokre\u0107e ga <strong>Baterija od 1000mAh<\/strong> sa <strong>Type-C brzo punjenje<\/strong>.<\/li>\n<li><strong>Tehnologija mre\u017easte zavojnice<\/strong>: Napredno <strong>0,6\u03a9 mre\u017easta zavojnica<\/strong> osigurava bogatu, glatku i gustu paru.<\/li>\n<li><strong>Prilagodljive ja\u010dine nikotina<\/strong>: Dostupan u <strong>0%, 2%, 3% i 5% nikotinske soli<\/strong> koji odgovaraju svakoj preferenciji.<\/li>\n<li><strong>Za\u0161tita od suhog spaljivanja<\/strong>: Sprje\u010dava pregrijavanje i suhe udarce za sigurnije i gla\u0111e iskustvo vapinga.<\/li>\n<li><strong>Veleprodajno pakiranje<\/strong>: Prakti\u010dno zapakirano kao <strong>10 komada po kutiji i 200 komada po pakiranju<\/strong>, idealno za osobne i masovne kupce.<\/li>\n<\/ul>\n<\/div>\n<h2 class=\"sr-proMainInfo-baseInfoH1 J-baseInfo-name\">BANGKING 35000PUFF VAPOR Okus:<\/h2>\n<p>1. jagoda mango<br \/>\n2. ljubav 66<br \/>\n3. plavi led od maline<br \/>\n4. jagoda lubenica<br \/>\n5. limun menta<br \/>\n6. dvostruka jabuka<br \/>\n7.energetsko pi\u0107e<br \/>\n8.breskva led<br \/>\n9.jagoda kivi<br \/>\n10.gro\u017e\u0111e led<br \/>\n11.borovnica led<br \/>\n12.lubenica<\/p>\n<div role=\"article\" data-tabster=\"{&quot;groupper&quot;:{&quot;tabbability&quot;:2},&quot;focusable&quot;:{}}\" data-content=\"ai-message\" aria-labelledby=\"dARUyEWDoEYhnSPXFwx5A-author dARUyEWDoEYhnSPXFwx5A-content\">\n<div id=\"dARUyEWDoEYhnSPXFwx5A-content\">\n<h2><strong>Za\u0161to kupiti Bang King 35000puff Vapes od vapestornado?<\/strong><\/h2>\n<ul>\n<li><strong>Pouzdana kvaliteta<\/strong>: vapestornado je vode\u0107i distributer <strong>premium jednokratnih vapeova<\/strong>, osiguravaju\u0107i da dobijete autenti\u010dne, visokokvalitetne proizvode.<\/li>\n<li><strong>Konkurentne cijene<\/strong>: Ostvarite najbolje veleprodajne ponude i cijene za Bang King 35,000 Puffs.<\/li>\n<li><strong>Brza dostava<\/strong>: Brzo isporu\u010dujemo diljem Europe, osiguravaju\u0107i da va\u0161i proizvodi stignu na vrijeme.<\/li>\n<li><strong>Izuzetna korisni\u010dka podr\u0161ka<\/strong>: Na\u0161 tim je dostupan za pomo\u0107 s upitima, osiguravaju\u0107i glatko iskustvo kupnje.<\/li>\n<li><strong>Sveobuhvatan izbor<\/strong>: Istra\u017eite \u0161irok asortiman <strong>vrhunske jednokratne e-cigarete<\/strong> kako bi odgovaralo svakoj preferenciji vapinga.<\/li>\n<\/ul>\n<\/div>\n<\/div>\n<h2>\u010cesto postavljana pitanja o dugotrajnim jednokratnim e-cigaretama Bang Vape 35000 Puff<\/h2>\n<h4><strong>1. Koliko dugo traje Bang Vape King 35000 Puffs?<\/strong><\/h4>\n<p>Bang King je dizajniran da pru\u017ei do <strong>35.000 udisaja<\/strong>, \u0161to ga \u010dini jednim od najizdr\u017eljivijih jednokratnih vape-ova na tr\u017ei\u0161tu. Vrijeme kori\u0161tenja ovisit \u0107e o va\u0161oj u\u010destalosti vapinga i trajanju uvla\u010denja.<\/p>\n<h4><strong>2. Mogu li napuniti Hot Sale Vape Bang King 35000 Puffs?<\/strong><\/h4>\n<p>Da, ovaj ure\u0111aj ima <strong>Type-C priklju\u010dak za punjenje<\/strong> i <strong>1000mAh punjiva baterija<\/strong>, osiguravaju\u0107i da mo\u017eete u\u017eivati u svih 35.000 uvla\u010denja bez prekida.<\/p>\n<h4><strong>3. Po \u010demu se Bang 35000 puffvape razlikuje od ostalih jednokratnih vape-ova?<\/strong><\/h4>\n<p>Njegova kombinacija <strong>kapacitetom od 35.000 udisaja<\/strong>, <strong>23ml volumena e-teku\u0107ine<\/strong>, <strong>mre\u017easte zavojnice<\/strong>i <strong>za\u0161tite od suhog sagorijevanja<\/strong> izdvaja ga kao vrhunsku jednokratnu e-cigaretu.<\/p>","protected":false},"excerpt":{"rendered":"<p>Istra\u017eite veleprodajne cijene za Bang King 35000 Puffs Tornado Vape na Vapebulkp.com. S 35.000 udisaja, 23 ml e-teku\u0107ine, 1000 mAh baterijom, Type-C punjenjem i tehnologijom protiv suhog sagorijevanja. Idealno za masovne narud\u017ebe s prilagodljivim opcijama nikotina (0%, 2%, 3%, 5%). Kupite vrhunske jednokratne vape ure\u0111aje ve\u0107 danas!<\/p>\n<figure id=\"attachment_2951\" aria-describedby=\"caption-attachment-2951\" style=\"width: 265px\" class=\"wp-caption alignnone\"><img decoding=\"async\" class=\"size-medium wp-image-2951\" src=\"https:\/\/vapestornado.com\/wp-content\/uploads\/2024\/12\/Wholesale-Disposable-Vape-265x300.jpg\" alt=\"Veleprodaja jednokratnih vape ure\u0111aja\" width=\"265\" height=\"300\" srcset=\"https:\/\/vapestornado.com\/wp-content\/uploads\/2024\/12\/Wholesale-Disposable-Vape-265x300.jpg 265w, https:\/\/vapestornado.com\/wp-content\/uploads\/2024\/12\/Wholesale-Disposable-Vape-768x871.jpg 768w, https:\/\/vapestornado.com\/wp-content\/uploads\/2024\/12\/Wholesale-Disposable-Vape-600x680.jpg 600w, https:\/\/vapestornado.com\/wp-content\/uploads\/2024\/12\/Wholesale-Disposable-Vape.jpg 823w\" sizes=\"(max-width: 265px) 100vw, 265px\" \/><figcaption id=\"caption-attachment-2951\" class=\"wp-caption-text\">Molimo kontaktirajte Mandy's WhatsApp za cijenu s popustom\u00a0 <a href=\"https:\/\/wa.me\/8618077105796\">+8618077105796<\/a><\/figcaption><\/figure>\n<p>&nbsp;<\/p>","protected":false},"featured_media":3702,"comment_status":"open","ping_status":"closed","template":"","meta":{"_acf_changed":false,"_uag_custom_page_level_css":"","_lmt_disableupdate":"no","_lmt_disable":"","_monsterinsights_skip_tracking":false,"_monsterinsights_sitenote_active":false,"_monsterinsights_sitenote_note":"","_monsterinsights_sitenote_category":0,"site-sidebar-layout":"default","site-content-layout":"","ast-site-content-layout":"default","site-content-style":"default","site-sidebar-style":"default","ast-global-header-display":"","ast-banner-title-visibility":"","ast-main-header-display":"","ast-hfb-above-header-display":"","ast-hfb-below-header-display":"","ast-hfb-mobile-header-display":"","site-post-title":"","ast-breadcrumbs-content":"","ast-featured-img":"","footer-sml-layout":"","ast-disable-related-posts":"","theme-transparent-header-meta":"default","adv-header-id-meta":"","stick-header-meta":"","header-above-stick-meta":"","header-main-stick-meta":"","header-below-stick-meta":"","astra-migrate-meta-layouts":"set","ast-page-background-enabled":"default","ast-page-background-meta":{"desktop":{"background-color":"","background-image":"","background-repeat":"repeat","background-position":"center center","background-size":"auto","background-attachment":"scroll","background-type":"","background-media":"","overlay-type":"","overlay-color":"","overlay-opacity":"","overlay-gradient":""},"tablet":{"background-color":"","background-image":"","background-repeat":"repeat","background-position":"center center","background-size":"auto","background-attachment":"scroll","background-type":"","background-media":"","overlay-type":"","overlay-color":"","overlay-opacity":"","overlay-gradient":""},"mobile":{"background-color":"","background-image":"","background-repeat":"repeat","background-position":"center center","background-size":"auto","background-attachment":"scroll","background-type":"","background-media":"","overlay-type":"","overlay-color":"","overlay-opacity":"","overlay-gradient":""}},"ast-content-background-meta":{"desktop":{"background-color":"var(--ast-global-color-5)","background-image":"","background-repeat":"repeat","background-position":"center center","background-size":"auto","background-attachment":"scroll","background-type":"","background-media":"","overlay-type":"","overlay-color":"","overlay-opacity":"","overlay-gradient":""},"tablet":{"background-color":"var(--ast-global-color-5)","background-image":"","background-repeat":"repeat","background-position":"center center","background-size":"auto","background-attachment":"scroll","background-type":"","background-media":"","overlay-type":"","overlay-color":"","overlay-opacity":"","overlay-gradient":""},"mobile":{"background-color":"var(--ast-global-color-5)","background-image":"","background-repeat":"repeat","background-position":"center center","background-size":"auto","background-attachment":"scroll","background-type":"","background-media":"","overlay-type":"","overlay-color":"","overlay-opacity":"","overlay-gradient":""}},"_joinchat":{"telephone":"+8618077105796"}},"product_brand":[],"product_cat":[175,63,140,158,159],"product_tag":[223,97,98],"class_list":{"0":"post-3700","1":"product","2":"type-product","3":"status-publish","4":"has-post-thumbnail","6":"product_cat-35000-puff","7":"product_cat-bangking","8":"product_cat-big-puffs-disposable-vapes","9":"product_cat-buy-disposable-vapes-in-spain","10":"product_cat-buy-disposable-vapes-in-sweden","11":"product_tag-bang-king-vape-35000","12":"product_tag-hot-sale-disposable-vape","13":"product_tag-wholesale-price-disposable-vape","14":"desktop-align-left","15":"tablet-align-left","16":"mobile-align-left","18":"first","19":"instock","20":"sale","21":"shipping-taxable","22":"purchasable","23":"product-type-simple"},"acf":[],"uagb_featured_image_src":{"full":["https:\/\/vapestornado.com\/wp-content\/uploads\/2025\/01\/Bang-Vape-35000-Puffs-Disposable-Vape-Hot-Sale-In-Germany.webp",800,800,false],"thumbnail":["https:\/\/vapestornado.com\/wp-content\/uploads\/2025\/01\/Bang-Vape-35000-Puffs-Disposable-Vape-Hot-Sale-In-Germany-150x150.webp",150,150,true],"medium":["https:\/\/vapestornado.com\/wp-content\/uploads\/2025\/01\/Bang-Vape-35000-Puffs-Disposable-Vape-Hot-Sale-In-Germany-300x300.webp",300,300,true],"medium_large":["https:\/\/vapestornado.com\/wp-content\/uploads\/2025\/01\/Bang-Vape-35000-Puffs-Disposable-Vape-Hot-Sale-In-Germany-768x768.webp",768,768,true],"large":["https:\/\/vapestornado.com\/wp-content\/uploads\/2025\/01\/Bang-Vape-35000-Puffs-Disposable-Vape-Hot-Sale-In-Germany.webp",800,800,false],"1536x1536":["https:\/\/vapestornado.com\/wp-content\/uploads\/2025\/01\/Bang-Vape-35000-Puffs-Disposable-Vape-Hot-Sale-In-Germany.webp",800,800,false],"2048x2048":["https:\/\/vapestornado.com\/wp-content\/uploads\/2025\/01\/Bang-Vape-35000-Puffs-Disposable-Vape-Hot-Sale-In-Germany.webp",800,800,false],"trp-custom-language-flag":["https:\/\/vapestornado.com\/wp-content\/uploads\/2025\/01\/Bang-Vape-35000-Puffs-Disposable-Vape-Hot-Sale-In-Germany.webp",12,12,false],"woocommerce_thumbnail":["https:\/\/vapestornado.com\/wp-content\/uploads\/2025\/01\/Bang-Vape-35000-Puffs-Disposable-Vape-Hot-Sale-In-Germany-300x300.webp",300,300,true],"woocommerce_single":["https:\/\/vapestornado.com\/wp-content\/uploads\/2025\/01\/Bang-Vape-35000-Puffs-Disposable-Vape-Hot-Sale-In-Germany-600x600.webp",600,600,true],"woocommerce_gallery_thumbnail":["https:\/\/vapestornado.com\/wp-content\/uploads\/2025\/01\/Bang-Vape-35000-Puffs-Disposable-Vape-Hot-Sale-In-Germany-100x100.webp",100,100,true]},"uagb_author_info":{"display_name":"ESMANDY","author_link":"https:\/\/vapestornado.com\/hr\/author\/"},"uagb_comment_info":0,"uagb_excerpt":"Explore wholesale prices for Bang King 35000 Puffs Tornado Vape at Vapebulkp.com. Featuring 35,000 puffs, 23ml e-liquid, 1000mAh battery, Type-C charging, and anti-dry burn technology. Ideal for bulk orders with customizable nicotine options (0%, 2%, 3%, 5%). Shop premium disposable vapes today! [caption id=\"attachment_2951\" align=\"alignnone\" width=\"265\"] Pls Contact Mandy's WhatsApp For Discount Price\u00a0 +8618077105796[\/caption] &nbsp;","_links":{"self":[{"href":"https:\/\/vapestornado.com\/hr\/wp-json\/wp\/v2\/product\/3700","targetHints":{"allow":["GET"]}}],"collection":[{"href":"https:\/\/vapestornado.com\/hr\/wp-json\/wp\/v2\/product"}],"about":[{"href":"https:\/\/vapestornado.com\/hr\/wp-json\/wp\/v2\/types\/product"}],"replies":[{"embeddable":true,"href":"https:\/\/vapestornado.com\/hr\/wp-json\/wp\/v2\/comments?post=3700"}],"wp:featuredmedia":[{"embeddable":true,"href":"https:\/\/vapestornado.com\/hr\/wp-json\/wp\/v2\/media\/3702"}],"wp:attachment":[{"href":"https:\/\/vapestornado.com\/hr\/wp-json\/wp\/v2\/media?parent=3700"}],"wp:term":[{"taxonomy":"product_brand","embeddable":true,"href":"https:\/\/vapestornado.com\/hr\/wp-json\/wp\/v2\/product_brand?post=3700"},{"taxonomy":"product_cat","embeddable":true,"href":"https:\/\/vapestornado.com\/hr\/wp-json\/wp\/v2\/product_cat?post=3700"},{"taxonomy":"product_tag","embeddable":true,"href":"https:\/\/vapestornado.com\/hr\/wp-json\/wp\/v2\/product_tag?post=3700"}],"curies":[{"name":"wp","href":"https:\/\/api.w.org\/{rel}","templated":true}]}}