{"id":3690,"date":"2025-01-06T09:55:58","date_gmt":"2025-01-06T09:55:58","guid":{"rendered":"https:\/\/vapestornado.com\/?post_type=product&#038;p=3690"},"modified":"2025-08-23T09:35:59","modified_gmt":"2025-08-23T09:35:59","slug":"wholesale-price-bang-beach-20000-puffs-high-quality-vape-pods","status":"publish","type":"product","link":"https:\/\/vapestornado.com\/hr\/product\/wholesale-price-bang-beach-20000-puffs-high-quality-vape-pods\/","title":{"rendered":"Veleprodajna cijena Bang Beach 20000 Puffs Visokokvalitetni Vape Podovi"},"content":{"rendered":"<h1>Veleprodajna cijena Bang Beach 20000 Puffs Visokokvalitetni Vape Podovi<\/h1>\n<p>&nbsp;<\/p>\n<div role=\"article\" data-tabster=\"{&quot;groupper&quot;:{&quot;tabbability&quot;:2},&quot;focusable&quot;:{}}\" data-content=\"ai-message\" aria-labelledby=\"64JRvXrTnY7mRmPkEQLLT-author 64JRvXrTnY7mRmPkEQLLT-content\">\n<div id=\"64JRvXrTnY7mRmPkEQLLT-content\">\n<p data-start=\"323\" data-end=\"588\">Ovo <strong data-start=\"327\" data-end=\"369\">Bang Beach 20000 Puffs jednokratna vape<\/strong> kombinira veliki kapacitet, pametnu tehnologiju i moderan dizajn za pouzdanu opciju vapinga. S do <strong data-start=\"473\" data-end=\"489\">20.000 puffova<\/strong> i <strong data-start=\"496\" data-end=\"529\">35 ml prethodno napunjenog spremnika e-teku\u0107ine<\/strong>, pru\u017ea produ\u017eenu upotrebu bez \u010destih zamjena.<\/p>\n<p data-start=\"590\" data-end=\"854\">Pokre\u0107e ga <strong data-start=\"603\" data-end=\"634\">650mAh punjiva baterija<\/strong> sa <strong data-start=\"640\" data-end=\"664\">Type-C brzo punjenje<\/strong>, Bang Beach 20K osigurava dosljedne performanse tijekom cijelog dana. Integrirani <strong data-start=\"740\" data-end=\"767\">pametni zaslon<\/strong> pru\u017ea a\u017euriranja u stvarnom vremenu o trajanju baterije i kori\u0161tenju puffova, dr\u017ee\u0107i korisnike pod kontrolom.<\/p>\n<p data-start=\"856\" data-end=\"1041\">Dostupno u <strong data-start=\"869\" data-end=\"910\">0%, 2%, 3% i 5% ja\u010dinama nikotina<\/strong>, udovoljava razli\u010ditim preferencijama, dok <strong data-start=\"958\" data-end=\"987\">ergonomski gradijentni dizajn<\/strong> \u010dini ga privla\u010dnim i ugodnim za dr\u017eanje.<\/p>\n<p data-start=\"1043\" data-end=\"1235\">Za veletrgovce i trgovce na malo, <strong data-start=\"1078\" data-end=\"1109\">Bang Beach 20000 Udaraca Vape<\/strong> nudi sna\u017ean spoj kapaciteta, dizajna i veleprodajne vrijednosti, \u0161to ga \u010dini konkurentnim izborom na tr\u017ei\u0161tu jednokratnih vape ure\u0111aja.<\/p>\n<figure id=\"attachment_3691\" aria-describedby=\"caption-attachment-3691\" style=\"width: 676px\" class=\"wp-caption alignnone\"><img fetchpriority=\"high\" decoding=\"async\" class=\"wp-image-3691\" src=\"https:\/\/vapestornado.com\/wp-content\/uploads\/2025\/01\/Bang-Beach-20000-puff-vape-best-sale-Germany.jpg\" alt=\"Bang Beach 20000 puff vape najbolje prodaje u Hrvatskoj\" width=\"676\" height=\"676\" srcset=\"https:\/\/vapestornado.com\/wp-content\/uploads\/2025\/01\/Bang-Beach-20000-puff-vape-best-sale-Germany.jpg 800w, https:\/\/vapestornado.com\/wp-content\/uploads\/2025\/01\/Bang-Beach-20000-puff-vape-best-sale-Germany-300x300.jpg 300w, https:\/\/vapestornado.com\/wp-content\/uploads\/2025\/01\/Bang-Beach-20000-puff-vape-best-sale-Germany-150x150.jpg 150w, https:\/\/vapestornado.com\/wp-content\/uploads\/2025\/01\/Bang-Beach-20000-puff-vape-best-sale-Germany-768x768.jpg 768w, https:\/\/vapestornado.com\/wp-content\/uploads\/2025\/01\/Bang-Beach-20000-puff-vape-best-sale-Germany-600x600.jpg 600w, https:\/\/vapestornado.com\/wp-content\/uploads\/2025\/01\/Bang-Beach-20000-puff-vape-best-sale-Germany-100x100.jpg 100w\" sizes=\"(max-width: 676px) 100vw, 676px\" \/><figcaption id=\"caption-attachment-3691\" class=\"wp-caption-text\">Bang Beach 20000 puff vape najbolje prodaje u Hrvatskoj<\/figcaption><\/figure>\n<\/div>\n<\/div>\n<p><img decoding=\"async\" class=\"alignleft wp-image-2951 size-medium\" src=\"https:\/\/vapestornado.com\/wp-content\/uploads\/2024\/12\/Wholesale-Disposable-Vape-265x300.jpg\" alt=\"Veleprodaja jednokratnih vape ure\u0111aja\" width=\"265\" height=\"300\" srcset=\"https:\/\/vapestornado.com\/wp-content\/uploads\/2024\/12\/Wholesale-Disposable-Vape-265x300.jpg 265w, https:\/\/vapestornado.com\/wp-content\/uploads\/2024\/12\/Wholesale-Disposable-Vape-768x871.jpg 768w, https:\/\/vapestornado.com\/wp-content\/uploads\/2024\/12\/Wholesale-Disposable-Vape-600x680.jpg 600w, https:\/\/vapestornado.com\/wp-content\/uploads\/2024\/12\/Wholesale-Disposable-Vape.jpg 823w\" sizes=\"(max-width: 265px) 100vw, 265px\" \/><\/p>\n<h5>Molimo kontaktirajte Mandy's WhatsApp za cijenu s popustom<a href=\"https:\/\/wa.me\/8618077105796\" target=\"_blank\" rel=\"noopener\">+8618077105796<\/a><\/h5>\n<div class=\"flex max-w-full flex-col flex-grow\">\n<div class=\"min-h-8 text-message flex w-full flex-col items-end gap-2 whitespace-normal break-words text-start [.text-message+&amp;]:mt-5\" dir=\"auto\" data-message-author-role=\"assistant\" data-message-id=\"cdb991c0-f594-4bff-b2d5-fbbdd7ce9e54\" data-message-model-slug=\"gpt-4o-mini\">\n<div class=\"flex w-full flex-col gap-1 empty:hidden first:pt-[3px]\">\n<div class=\"markdown prose w-full break-words dark:prose-invert light\"><\/div>\n<\/div>\n<\/div>\n<\/div>\n<div class=\"mb-2 flex gap-3 empty:hidden -ml-2\">\n<h2>Bang Beach 20000 Puffs Klju\u010dne zna\u010dajke:<\/h2>\n<ul>\n<li>Produ\u017eene sesije vapinga s 20.000 udisaja.<\/li>\n<li>Veliki kapacitet e-teku\u0107ine od 35 ml za bogate, dugotrajne okuse.<\/li>\n<li>Prilagodljive razine nikotina za personalizirano zadovoljstvo.<\/li>\n<li>Sna\u017ena baterija od 650 mAh za dugotrajno kori\u0161tenje.<\/li>\n<li>Pametni zaslon za uvide o kori\u0161tenju u stvarnom vremenu.<\/li>\n<li>Elegantan, ergonomski dizajn sa \u017eivopisnim gradijentnim bojama.<\/li>\n<\/ul>\n<\/div>\n<h2>Bang Beach 20000 Puffs Okusi:<\/h2>\n<p>1) Trostruko bobi\u010dasto vo\u0107e s ledom<br \/>\n2) Ru\u017ei\u010dasta limunada<br \/>\n3) Borovnica Malina<br \/>\n4) Mije\u0161ano bobi\u010dasto vo\u0107e<br \/>\n5) Jagoda lubenica<br \/>\n6) Ledena jagoda<br \/>\n7) Ledeno gro\u017e\u0111e<br \/>\n8) Breskva mango<br \/>\n9) Plava malina led<br \/>\n10) Kisela jabuka<br \/>\n11) Ledena lubenica<br \/>\n12) Ledena breskva<\/p>\n<h2 data-pm-slice=\"1 1 []\">Za\u0161to se isti\u010de Bang Beach Smart Screen 20000 e-cigareta?<\/h2>\n<p>Ovo <strong>Bang Beach Smart Ekran 20000<\/strong> vi\u0161e je od obi\u010dne jednokratne e-cigarete; to je ure\u0111aj visokih performansi namijenjen korisnicima koji tra\u017ee vrhunsku kvalitetu i pouzdanost. Njegov veliki broj uvla\u010denja, sna\u017ena baterija i prilagodljive ja\u010dine nikotina \u010dine ga svestranim izborom za sve preferencije. Bilo da ste iskusni korisnik ili tek po\u010dinjete, zna\u010dajka pametnog zaslona i jednostavan dizajn podi\u017eu va\u0161e iskustvo vapinga na vi\u0161u razinu.<\/p>\n<div role=\"article\" data-tabster=\"{&quot;groupper&quot;:{&quot;tabbability&quot;:2},&quot;focusable&quot;:{}}\" data-content=\"ai-message\" aria-labelledby=\"dARUyEWDoEYhnSPXFwx5A-author dARUyEWDoEYhnSPXFwx5A-content\">\n<div id=\"dARUyEWDoEYhnSPXFwx5A-content\">\n<h2>Za\u0161to odabrati Bang Beach Smart Screen 20000 na <a href=\"https:\/\/vapestornado.com\/hr\/product\/bang-box-35k-puffs-high-capacity-long-lasting-disposable-vape\/\">vapestornado.com?<\/a><\/h2>\n<p>vapestornado.com je va\u0161e krajnje odredi\u0161te za vrhunske proizvode za e-cigarete, a <strong>Bang Beach Smart Screen 20000<\/strong> nije iznimka. Evo za\u0161to se ovaj ure\u0111aj isti\u010de i za\u0161to je vapestornado.com najbolje mjesto za kupnju:<\/p>\n<h4><strong>*Neponovljiva kvaliteta<\/strong><\/h4>\n<p>Na vapestornado.com nudimo samo autenti\u010dne i visokokvalitetne proizvode za e-cigarete. Bang Beach Smart Screen 20000 dizajniran je s naglaskom na trajnost i performanse, osiguravaju\u0107i pouzdano i ugodno iskustvo pri svakoj upotrebi.<\/p>\n<h4><strong>*Konkurentne cijene<\/strong><\/h4>\n<p>vapestornado.com nudi Bang Beach Smart Screen 20000 po vrlo konkurentnim cijenama, osiguravaju\u0107i vam izvrsnu vrijednost za vrhunski proizvod.<\/p>\n<h4><strong>*Brza dostava<\/strong><\/h4>\n<p>U\u017eivajte u brzoj, pouzdanoj dostavi u svim regijama, osiguravaju\u0107i da va\u0161e iskustvo s vapingom nikada ne bude odgo\u0111eno.<\/p>\n<h4><strong>*Podr\u0161ka usmjerena na kupca<\/strong><\/h4>\n<p>Na\u0161 posve\u0107eni tim za podr\u0161ku spreman vam je pomo\u0107i sa svim upitima, osiguravaju\u0107i glatko iskustvo kupnje.<\/p>\n<p>Unaprijedite svoje vaping iskustvo ve\u0107 danas uz <strong>Bang Beach Vape 20k Puffs punjivi vapeovi<\/strong>, dostupno isklju\u010divo na vapestornado.com\u2014va\u0161em pouzdanom partneru za sve \u0161to se ti\u010de vapinga!<\/p>\n<p>Unaprijedite svoje vaping iskustvo ve\u0107 danas uz <strong>Bang Beach 20000 Puffs vape podovi<\/strong>, dostupno isklju\u010divo na vapestornado.com\u2014va\u0161em pouzdanom partneru za sve \u0161to se ti\u010de vapinga!<\/p>\n<\/div>\n<\/div>\n<h2>\u010cesta pitanja o kupnji na veliko vape Bang Beach Vape 20000 Puffs<\/h2>\n<p><strong>1. Kako mogu naru\u010diti na veliko Bang Beach vape 20000 Puffs?<\/strong><br \/>\nPosjetite pouzdanog dobavlja\u010da kao \u0161to je vapestornado.com, pregledajte stranicu proizvoda Bang Beach Vape i odaberite opciju kupnje na veliko. Alternativno, kontaktirajte njihov tim za korisni\u010dku podr\u0161ku za pomo\u0107 s velikim narud\u017ebama.<\/p>\n<p><strong>2. Koje su opcije dostave za masovne narud\u017ebe za bangvape 20000puff?<\/strong><br \/>\nMasovne narud\u017ebe se sigurno isporu\u010duju kako bi se proizvod za\u0161titio tijekom transporta. Mnogi dobavlja\u010di nude opcije ekspresne dostave i usluge pra\u0107enja kako bi osigurali pravovremenu isporuku.<\/p>\n<p><strong>3. Je li Bang Beach Vape 20000 puffs vapes pogodan za veleprodajnu distribuciju?<\/strong><br \/>\nApsolutno. Sa svojim naprednim zna\u010dajkama, dugotrajnim performansama i elegantnim dizajnom, Bang Beach Vape 20000 je vrlo privla\u010dan potro\u0161a\u010dima, \u0161to ga \u010dini izvrsnim izborom za veleprodajnu distribuciju.<\/p>\n<p><strong>4. Kako mogu osigurati da kupujem autenti\u010dne Bang Beach Vape proizvode?<\/strong><br \/>\nUvijek kupujte od provjerenih dobavlja\u010da ili ovla\u0161tenih distributera kao \u0161to je vapestornado.com kako biste jam\u010dili autenti\u010dnost i kvalitetu. Izbjegavajte neprovjerene prodava\u010de kako biste sprije\u010dili kupnju krivotvorenih proizvoda.<\/p>","protected":false},"excerpt":{"rendered":"<p>Bang Beach 20000 Puffs nudi do 20.000 udisaja, 35 ml napunjene e-teku\u0107ine, prilagodljive razine nikotina (0%, 2%, 3%, 5%), punjivu bateriju od 650 mAh i pametni zaslon za pra\u0107enje kori\u0161tenja. Elegantan i dugotrajan vape, savr\u0161en za svaku potrebu.<\/p>\n<figure id=\"attachment_2951\" aria-describedby=\"caption-attachment-2951\" style=\"width: 265px\" class=\"wp-caption alignnone\"><img decoding=\"async\" class=\"size-medium wp-image-2951\" src=\"https:\/\/vapestornado.com\/wp-content\/uploads\/2024\/12\/Wholesale-Disposable-Vape-265x300.jpg\" alt=\"Veleprodaja jednokratnih vape ure\u0111aja\" width=\"265\" height=\"300\" srcset=\"https:\/\/vapestornado.com\/wp-content\/uploads\/2024\/12\/Wholesale-Disposable-Vape-265x300.jpg 265w, https:\/\/vapestornado.com\/wp-content\/uploads\/2024\/12\/Wholesale-Disposable-Vape-768x871.jpg 768w, https:\/\/vapestornado.com\/wp-content\/uploads\/2024\/12\/Wholesale-Disposable-Vape-600x680.jpg 600w, https:\/\/vapestornado.com\/wp-content\/uploads\/2024\/12\/Wholesale-Disposable-Vape.jpg 823w\" sizes=\"(max-width: 265px) 100vw, 265px\" \/><figcaption id=\"caption-attachment-2951\" class=\"wp-caption-text\">Molimo kontaktirajte Mandy's WhatsApp za cijenu s popustom\u00a0 <a href=\"https:\/\/wa.me\/8618077105796\">+8618077105796<\/a><\/figcaption><\/figure>\n<p>&nbsp;<\/p>","protected":false},"featured_media":3693,"comment_status":"open","ping_status":"closed","template":"","meta":{"_acf_changed":false,"_uag_custom_page_level_css":"","_lmt_disableupdate":"no","_lmt_disable":"","_monsterinsights_skip_tracking":false,"_monsterinsights_sitenote_active":false,"_monsterinsights_sitenote_note":"","_monsterinsights_sitenote_category":0,"site-sidebar-layout":"default","site-content-layout":"","ast-site-content-layout":"default","site-content-style":"default","site-sidebar-style":"default","ast-global-header-display":"","ast-banner-title-visibility":"","ast-main-header-display":"","ast-hfb-above-header-display":"","ast-hfb-below-header-display":"","ast-hfb-mobile-header-display":"","site-post-title":"","ast-breadcrumbs-content":"","ast-featured-img":"","footer-sml-layout":"","ast-disable-related-posts":"","theme-transparent-header-meta":"default","adv-header-id-meta":"","stick-header-meta":"","header-above-stick-meta":"","header-main-stick-meta":"","header-below-stick-meta":"","astra-migrate-meta-layouts":"set","ast-page-background-enabled":"default","ast-page-background-meta":{"desktop":{"background-color":"","background-image":"","background-repeat":"repeat","background-position":"center center","background-size":"auto","background-attachment":"scroll","background-type":"","background-media":"","overlay-type":"","overlay-color":"","overlay-opacity":"","overlay-gradient":""},"tablet":{"background-color":"","background-image":"","background-repeat":"repeat","background-position":"center center","background-size":"auto","background-attachment":"scroll","background-type":"","background-media":"","overlay-type":"","overlay-color":"","overlay-opacity":"","overlay-gradient":""},"mobile":{"background-color":"","background-image":"","background-repeat":"repeat","background-position":"center center","background-size":"auto","background-attachment":"scroll","background-type":"","background-media":"","overlay-type":"","overlay-color":"","overlay-opacity":"","overlay-gradient":""}},"ast-content-background-meta":{"desktop":{"background-color":"var(--ast-global-color-5)","background-image":"","background-repeat":"repeat","background-position":"center center","background-size":"auto","background-attachment":"scroll","background-type":"","background-media":"","overlay-type":"","overlay-color":"","overlay-opacity":"","overlay-gradient":""},"tablet":{"background-color":"var(--ast-global-color-5)","background-image":"","background-repeat":"repeat","background-position":"center center","background-size":"auto","background-attachment":"scroll","background-type":"","background-media":"","overlay-type":"","overlay-color":"","overlay-opacity":"","overlay-gradient":""},"mobile":{"background-color":"var(--ast-global-color-5)","background-image":"","background-repeat":"repeat","background-position":"center center","background-size":"auto","background-attachment":"scroll","background-type":"","background-media":"","overlay-type":"","overlay-color":"","overlay-opacity":"","overlay-gradient":""}},"_joinchat":{"telephone":"+8618077105796"}},"product_brand":[],"product_cat":[69,62,151,157],"product_tag":[229,97,98],"class_list":{"0":"post-3690","1":"product","2":"type-product","3":"status-publish","4":"has-post-thumbnail","6":"product_cat-20000-puff","7":"product_cat-bang-vape","8":"product_cat-buy-disposable-vapes-in-france","9":"product_cat-buy-disposable-vapes-in-portugal","10":"product_tag-bang-beach-20000-puffs","11":"product_tag-hot-sale-disposable-vape","12":"product_tag-wholesale-price-disposable-vape","13":"desktop-align-left","14":"tablet-align-left","15":"mobile-align-left","17":"first","18":"instock","19":"sale","20":"shipping-taxable","21":"purchasable","22":"product-type-simple"},"acf":[],"uagb_featured_image_src":{"full":["https:\/\/vapestornado.com\/wp-content\/uploads\/2025\/01\/Bang-Beach-20000-puff-vape-good-sale-Germany.webp",800,800,false],"thumbnail":["https:\/\/vapestornado.com\/wp-content\/uploads\/2025\/01\/Bang-Beach-20000-puff-vape-good-sale-Germany-150x150.webp",150,150,true],"medium":["https:\/\/vapestornado.com\/wp-content\/uploads\/2025\/01\/Bang-Beach-20000-puff-vape-good-sale-Germany-300x300.webp",300,300,true],"medium_large":["https:\/\/vapestornado.com\/wp-content\/uploads\/2025\/01\/Bang-Beach-20000-puff-vape-good-sale-Germany-768x768.webp",768,768,true],"large":["https:\/\/vapestornado.com\/wp-content\/uploads\/2025\/01\/Bang-Beach-20000-puff-vape-good-sale-Germany.webp",800,800,false],"1536x1536":["https:\/\/vapestornado.com\/wp-content\/uploads\/2025\/01\/Bang-Beach-20000-puff-vape-good-sale-Germany.webp",800,800,false],"2048x2048":["https:\/\/vapestornado.com\/wp-content\/uploads\/2025\/01\/Bang-Beach-20000-puff-vape-good-sale-Germany.webp",800,800,false],"trp-custom-language-flag":["https:\/\/vapestornado.com\/wp-content\/uploads\/2025\/01\/Bang-Beach-20000-puff-vape-good-sale-Germany.webp",12,12,false],"woocommerce_thumbnail":["https:\/\/vapestornado.com\/wp-content\/uploads\/2025\/01\/Bang-Beach-20000-puff-vape-good-sale-Germany-300x300.webp",300,300,true],"woocommerce_single":["https:\/\/vapestornado.com\/wp-content\/uploads\/2025\/01\/Bang-Beach-20000-puff-vape-good-sale-Germany-600x600.webp",600,600,true],"woocommerce_gallery_thumbnail":["https:\/\/vapestornado.com\/wp-content\/uploads\/2025\/01\/Bang-Beach-20000-puff-vape-good-sale-Germany-100x100.webp",100,100,true]},"uagb_author_info":{"display_name":"ESMANDY","author_link":"https:\/\/vapestornado.com\/hr\/author\/"},"uagb_comment_info":0,"uagb_excerpt":"Bang Beach 20000 Puffs offers up to 20,000 puffs, a 35ml pre-filled e-liquid, customizable nicotine levels (0%, 2%, 3%, 5%), a 650mAh rechargeable battery, and a smart screen for tracking usage. Stylish and long-lasting vape, perfect for every vaping need. [caption id=\"attachment_2951\" align=\"alignnone\" width=\"265\"] Pls Contact Mandy's WhatsApp For Discount Price\u00a0 +8618077105796[\/caption] &nbsp;","_links":{"self":[{"href":"https:\/\/vapestornado.com\/hr\/wp-json\/wp\/v2\/product\/3690","targetHints":{"allow":["GET"]}}],"collection":[{"href":"https:\/\/vapestornado.com\/hr\/wp-json\/wp\/v2\/product"}],"about":[{"href":"https:\/\/vapestornado.com\/hr\/wp-json\/wp\/v2\/types\/product"}],"replies":[{"embeddable":true,"href":"https:\/\/vapestornado.com\/hr\/wp-json\/wp\/v2\/comments?post=3690"}],"wp:featuredmedia":[{"embeddable":true,"href":"https:\/\/vapestornado.com\/hr\/wp-json\/wp\/v2\/media\/3693"}],"wp:attachment":[{"href":"https:\/\/vapestornado.com\/hr\/wp-json\/wp\/v2\/media?parent=3690"}],"wp:term":[{"taxonomy":"product_brand","embeddable":true,"href":"https:\/\/vapestornado.com\/hr\/wp-json\/wp\/v2\/product_brand?post=3690"},{"taxonomy":"product_cat","embeddable":true,"href":"https:\/\/vapestornado.com\/hr\/wp-json\/wp\/v2\/product_cat?post=3690"},{"taxonomy":"product_tag","embeddable":true,"href":"https:\/\/vapestornado.com\/hr\/wp-json\/wp\/v2\/product_tag?post=3690"}],"curies":[{"name":"wp","href":"https:\/\/api.w.org\/{rel}","templated":true}]}}