{"id":3661,"date":"2025-01-03T08:52:12","date_gmt":"2025-01-03T08:52:12","guid":{"rendered":"https:\/\/vapestornado.com\/?post_type=product&#038;p=3661"},"modified":"2025-08-23T09:37:36","modified_gmt":"2025-08-23T09:37:36","slug":"cheap-price-razz-bar-25000-puffs-wholesale-vape","status":"publish","type":"product","link":"https:\/\/vapestornado.com\/hr\/product\/cheap-price-razz-bar-25000-puffs-wholesale-vape\/","title":{"rendered":"Jeftina cijena RAZZ BAR 25000 Puffs Veleprodaja Vape"},"content":{"rendered":"<h1>Jeftina cijena RAZZ BAR 25000 Puffs Veleprodaja Vape<\/h1>\n<div role=\"article\" data-tabster=\"{&quot;groupper&quot;:{&quot;tabbability&quot;:2},&quot;focusable&quot;:{}}\" data-content=\"ai-message\" aria-labelledby=\"64JRvXrTnY7mRmPkEQLLT-author 64JRvXrTnY7mRmPkEQLLT-content\">\n<div id=\"64JRvXrTnY7mRmPkEQLLT-content\">\n<div role=\"article\" data-tabster=\"{&quot;groupper&quot;:{&quot;tabbability&quot;:2},&quot;focusable&quot;:{}}\" data-content=\"ai-message\" aria-labelledby=\"64JRvXrTnY7mRmPkEQLLT-author 64JRvXrTnY7mRmPkEQLLT-content\">\n<div id=\"64JRvXrTnY7mRmPkEQLLT-content\">\n<p>Ovo <strong>RAZZ BAR 25000 Udisaja Jednokratni Vape<\/strong> mijenja pravila igre za ljubitelje vapinga i veletrgovce. Dizajniran s inovacijama u svojoj sr\u017ei, ovaj ure\u0111aj visokog kapaciteta nudi besprijekornu kombinaciju kvalitete, stila i pristupa\u010dnosti. S impresivnim <strong>brojem od 25.000 udisaja<\/strong>, jam\u010di dugotrajno u\u017eivanje, \u0161to ga \u010dini savr\u0161enim za one koji tra\u017ee dugoro\u010dnu vrijednost.<\/p>\n<p>Svaka jedinica ima <strong>650mAh punjiva baterija<\/strong>, dopunjeno brzim i pouzdanim <strong>tehnologijom punjenja Type-C<\/strong>, osiguravaju\u0107i da ostanete napunjeni gdje god idete. Njegov <strong>mre\u017easte zavojnice<\/strong> poja\u010dava svaki okus, isporu\u010duju\u0107i glatke, guste oblake koji pobolj\u0161avaju va\u0161e zadovoljstvo vapingom.<\/p>\n<p>Dostupno u <strong>16 neodoljivih okusa<\/strong> i pro\u017eet s <strong>2% ili 5% nikotina u soli<\/strong>, RAZZ BAR udovoljava razli\u010ditim ukusima. Njegov lagan i prenosiv dizajn \u010dini ga idealnim za povremene korisnike i predane vapere.<\/p>\n<p>Za tvrtke, RAZZ BAR je veleprodajni san, pakiran u <strong>200 komada po kutiji<\/strong> za u\u010dinkovitu distribuciju na veliko. Sa svojom konkurentnom cijenom i vrhunskim zna\u010dajkama, ovaj je proizvod neophodan za pro\u0161irenje va\u0161eg inventara.<\/p>\n<p>Unaprijedite svoju igru \u200b\u200bvapinga ili napunite svoje police s <strong>RAZZ BAR 25000 Udisaja<\/strong>, savr\u0161enom ravnote\u017eom performansi i pristupa\u010dnosti. Ne propustite priliku ponuditi proizvod koji redefinira tr\u017ei\u0161te jednokratnih vape ure\u0111aja!<\/p>\n<\/div>\n<\/div>\n<figure id=\"attachment_3686\" aria-describedby=\"caption-attachment-3686\" style=\"width: 531px\" class=\"wp-caption alignnone\"><img fetchpriority=\"high\" decoding=\"async\" class=\"wp-image-3686\" src=\"https:\/\/vapestornado.com\/wp-content\/uploads\/2025\/01\/RAZZ-BAR-25000-Puffs-Lemon-Lime.webp\" alt=\"RAZZ BAR 25000 Udisaja Limun Limeta\" width=\"531\" height=\"531\" srcset=\"https:\/\/vapestornado.com\/wp-content\/uploads\/2025\/01\/RAZZ-BAR-25000-Puffs-Lemon-Lime.webp 800w, https:\/\/vapestornado.com\/wp-content\/uploads\/2025\/01\/RAZZ-BAR-25000-Puffs-Lemon-Lime-300x300.webp 300w, https:\/\/vapestornado.com\/wp-content\/uploads\/2025\/01\/RAZZ-BAR-25000-Puffs-Lemon-Lime-150x150.webp 150w, https:\/\/vapestornado.com\/wp-content\/uploads\/2025\/01\/RAZZ-BAR-25000-Puffs-Lemon-Lime-768x768.webp 768w, https:\/\/vapestornado.com\/wp-content\/uploads\/2025\/01\/RAZZ-BAR-25000-Puffs-Lemon-Lime-600x600.webp 600w, https:\/\/vapestornado.com\/wp-content\/uploads\/2025\/01\/RAZZ-BAR-25000-Puffs-Lemon-Lime-100x100.webp 100w\" sizes=\"(max-width: 531px) 100vw, 531px\" \/><figcaption id=\"caption-attachment-3686\" class=\"wp-caption-text\">RAZZ BAR 25000 Udisaja Limun Limeta<\/figcaption><\/figure>\n<\/div>\n<\/div>\n<p><img decoding=\"async\" class=\"alignleft wp-image-2951 size-medium\" src=\"https:\/\/vapestornado.com\/wp-content\/uploads\/2024\/12\/Wholesale-Disposable-Vape-265x300.jpg\" alt=\"Veleprodaja jednokratnih vape ure\u0111aja\" width=\"265\" height=\"300\" srcset=\"https:\/\/vapestornado.com\/wp-content\/uploads\/2024\/12\/Wholesale-Disposable-Vape-265x300.jpg 265w, https:\/\/vapestornado.com\/wp-content\/uploads\/2024\/12\/Wholesale-Disposable-Vape-768x871.jpg 768w, https:\/\/vapestornado.com\/wp-content\/uploads\/2024\/12\/Wholesale-Disposable-Vape-600x680.jpg 600w, https:\/\/vapestornado.com\/wp-content\/uploads\/2024\/12\/Wholesale-Disposable-Vape.jpg 823w\" sizes=\"(max-width: 265px) 100vw, 265px\" \/><\/p>\n<h5>Molimo kontaktirajte Mandy's WhatsApp za cijenu s popustom<a href=\"https:\/\/wa.me\/8618077105796\" target=\"_blank\" rel=\"noopener\">+8618077105796<\/a><\/h5>\n<div class=\"flex max-w-full flex-col flex-grow\">\n<div class=\"min-h-8 text-message flex w-full flex-col items-end gap-2 whitespace-normal break-words text-start [.text-message+&amp;]:mt-5\" dir=\"auto\" data-message-author-role=\"assistant\" data-message-id=\"cdb991c0-f594-4bff-b2d5-fbbdd7ce9e54\" data-message-model-slug=\"gpt-4o-mini\">\n<div class=\"flex w-full flex-col gap-1 empty:hidden first:pt-[3px]\">\n<div class=\"markdown prose w-full break-words dark:prose-invert light\"><\/div>\n<\/div>\n<\/div>\n<\/div>\n<div class=\"mb-2 flex gap-3 empty:hidden -ml-2\">\n<h2>Razz bar 25000 udisaja vape Klju\u010dne zna\u010dajke:<\/h2>\n<ul>\n<li><strong>Ja\u010dina nikotina:<\/strong> Dostupno u 2% i 5% nikotinske soli za prilago\u0111eno iskustvo vapinga.<\/li>\n<li><strong>Broj udisaja:<\/strong> Do <strong>25.000 udisaja<\/strong>, osiguravaju\u0107i neusporedivu dugovje\u010dnost.<\/li>\n<li><strong>Okusi:<\/strong> Birajte izme\u0111u <strong>16 vrhunskih okusa<\/strong>, svaki izra\u0111en za vrhunsko zadovoljstvo.<\/li>\n<li><strong>Baterija:<\/strong> <strong>650mAh punjiva baterija<\/strong> s u\u010dinkovitim <strong>Type-C brzo punjenje<\/strong> za neprekidnu upotrebu.<\/li>\n<li><strong>Tehnologija:<\/strong> Integrirana <strong>mre\u017easte zavojnice<\/strong> pru\u017ea dosljednu, glatku paru i poja\u010dan okus.<\/li>\n<li><strong>Pakiranje:<\/strong> Prakti\u010dno pakirano s <strong>200 komada po kutiji<\/strong> za skupne narud\u017ebe.<\/li>\n<\/ul>\n<\/div>\n<h2>RAZZBAR 25000 Udisaja Vape Podovi za vru\u0107u prodaju Okus:<\/h2>\n<p>1.So\u010dan Led od Breskve<br \/>\n2.Banana od Jagode<br \/>\n3.Red Bull Gro\u017e\u0111e<br \/>\n4.Led od Borovnice<br \/>\n5. Led od lubenice<br \/>\n6. Bujni led<br \/>\n7. Tropsko vo\u0107e<br \/>\n8. Jagoda kivi<br \/>\n9. Led od jagode<br \/>\n10. Mije\u0161ano bobi\u010dasto vo\u0107e<br \/>\n11. Led od jagode, maline i tre\u0161nje<br \/>\n12. Love 66<br \/>\n13. Led od crnog zmaja<br \/>\n14. Limun Limeta<br \/>\n15. Borovnica kisela malina<br \/>\n16. \u017dvaka\u0107a guma s okusom jagode i lubenice<\/p>\n<div role=\"article\" data-tabster=\"{&quot;groupper&quot;:{&quot;tabbability&quot;:2},&quot;focusable&quot;:{}}\" data-content=\"ai-message\" aria-labelledby=\"dARUyEWDoEYhnSPXFwx5A-author dARUyEWDoEYhnSPXFwx5A-content\">\n<div id=\"dARUyEWDoEYhnSPXFwx5A-content\">\n<h2>Za\u0161to odabrati RAZZ BAR 25000 Puffs <strong>\u00a0<\/strong>at <a href=\"https:\/\/vapestornado.com\/hr\/product\/bang-box-35k-puffs-high-capacity-long-lasting-disposable-vape\/\">vapestornado.com?<\/a><\/h2>\n<h4><strong>*Nepremostiva dugotrajnost<\/strong><\/h4>\n<p>Ovo <strong>RAZZ BAR 25000 Udisaja<\/strong> je dizajniran za izdr\u017eljivost, pru\u017eaju\u0107i do <strong>25.000 udisaja<\/strong> puffs po ure\u0111aju. To ga \u010dini ultimativnim izborom za vapere kojima je prioritet dugotrajna izvedba bez stalnih zamjena.<\/p>\n<h4><strong>*Vrhunska kvaliteta po konkurentnim cijenama<\/strong><\/h4>\n<p>At <strong>vapestornado.hr<\/strong>, nudimo RAZZ BAR po nenadma\u0161nim veleprodajnim cijenama, \u0161to ga \u010dini isplativom opcijom za trgovce i pojedina\u010dne kupce. U\u017eivajte u vrhunskoj tehnologiji vapinga bez probijanja banke.<\/p>\n<h4><strong>*Raznolike opcije okusa<\/strong><\/h4>\n<p>S <strong>16 \u017eivopisnih okusa<\/strong> dostupno, postoji ne\u0161to za svakoga. Od vo\u0107nih mje\u0161avina do osvje\u017eavaju\u0107eg mentola, svaki je okus osmi\u0161ljen kako bi pru\u017eio bogato i zadovoljavaju\u0107e iskustvo.<\/p>\n<h4><strong>*Napredne zna\u010dajke<\/strong><\/h4>\n<p>Ovo <strong>650mAh punjiva baterija<\/strong>, u kombinaciji s <strong>Type-C brzo punjenje<\/strong> i <strong>mre\u017easte zavojnice<\/strong>, osigurava dosljednu izvedbu, glatku proizvodnju pare i intenzivan okus pri svakom udisaju.<\/p>\n<h4><strong>*Pouzdani veleprodajni partner<\/strong><\/h4>\n<p>vapestornado.com je pouzdani dobavlja\u010d u industriji vapinga, nude\u0107i <strong>sigurne transakcije<\/strong>, <strong>brzu dostavu<\/strong>, i posve\u0107enu korisni\u010dku podr\u0161ku. S masovnim pakiranjem od <strong>200 komada po kutiji<\/strong>, opskrba va\u0161eg inventara nikada nije bila lak\u0161a.<\/p>\n<h4><strong>*Ekolo\u0161ki prihvatljiv dizajn<\/strong><\/h4>\n<p>RAZZ BAR ima tehnologiju punjenja, smanjuju\u0107i otpad i podr\u017eavaju\u0107i odr\u017eiviji stil \u017eivota vapinga.<\/p>\n<p>Odaberite <strong>RAZZ BAR 25000 Udisaja<\/strong> at <strong>vapestornado.hr<\/strong> za vrhunsko rje\u0161enje za vaping koje pru\u017ea iznimnu vrijednost, inovaciju i okus u svakom udisaju!<\/p>\n<\/div>\n<\/div>\n<h2>\u010cesto postavljana pitanja o RAZZ BAR VAPE 25000 Puffs<\/h2>\n<p><strong>1. Koliko dugo traje RAZZ BAR 25000 Puffs?<\/strong><br \/>\nRAZZ BAR 25000 Puffs pru\u017ea do 25.000 udisaja, \u0161to ga \u010dini jednim od najizdr\u017eljivijih jednokratnih vape ure\u0111aja na tr\u017ei\u0161tu. Njegova dugotrajnost ovisi o individualnim navikama kori\u0161tenja, ali obi\u010dno traje nekoliko tjedana ili \u010dak mjeseci za umjerene korisnike.<\/p>\n<p><strong>2. Mogu li vi\u0161e puta puniti RAZZ BAR 25000 puffvape?<\/strong><br \/>\nDa, RAZZ BAR je opremljen punjivom baterijom od 650 mAh koja se mo\u017ee puniti vi\u0161e puta. Dizajniran je kako bi osigurao dosljedne performanse tijekom cijelog \u017eivotnog vijeka, tako da ga mo\u017eete koristiti dok se e-teku\u0107ina potpuno ne potro\u0161i.<\/p>\n<p><strong>3. Dolazi li Type-C priklju\u010dak za punjenje s RAZZ BAR 25k puff?<\/strong><br \/>\nRAZZ BAR dolazi s integriranim Type-C priklju\u010dkom za punjenje, \u0161to omogu\u0107uje prakti\u010dno i brzo punjenje. Me\u0111utim, paket ne uklju\u010duje kabel za punjenje, tako da \u0107ete za punjenje morati koristiti standardni Type-C kabel.<\/p>\n<p><strong>4. Koji je najbolji na\u010din za odr\u017eavanje optimalnih performansi za 25000 Puffs Vape For RAZZ BAR?<\/strong><br \/>\nKako bi RAZZ BAR radio najbolje \u0161to mo\u017ee, redovito ga punite pomo\u0107u Type-C kabela i izbjegavajte prekomjerno punjenje baterije. Ure\u0111aj \u010duvajte na hladnom i suhom mjestu, daleko od topline ili izravne sun\u010deve svjetlosti. Osigurajte da priklju\u010dak za punjenje ostane \u010dist i bez pra\u0161ine. Uz to, dopustite ure\u0111aju da se odmori izme\u0111u dugih sesija vapinga kako biste sprije\u010dili pregrijavanje.<\/p>","protected":false},"excerpt":{"rendered":"<p><strong>RAZZ BAR 25000 Udisaja Veleprodaja Vape<\/strong> po nenadma\u0161nim cijenama. Nudi 16 vrhunskih okusa, 650mAh punjivu bateriju i 25.000 udisaja za dugotrajno zadovoljstvo!<\/p>\n<figure id=\"attachment_2951\" aria-describedby=\"caption-attachment-2951\" style=\"width: 265px\" class=\"wp-caption alignnone\"><img decoding=\"async\" class=\"size-medium wp-image-2951\" src=\"https:\/\/vapestornado.com\/wp-content\/uploads\/2024\/12\/Wholesale-Disposable-Vape-265x300.jpg\" alt=\"Veleprodaja jednokratnih vape ure\u0111aja\" width=\"265\" height=\"300\" srcset=\"https:\/\/vapestornado.com\/wp-content\/uploads\/2024\/12\/Wholesale-Disposable-Vape-265x300.jpg 265w, https:\/\/vapestornado.com\/wp-content\/uploads\/2024\/12\/Wholesale-Disposable-Vape-768x871.jpg 768w, https:\/\/vapestornado.com\/wp-content\/uploads\/2024\/12\/Wholesale-Disposable-Vape-600x680.jpg 600w, https:\/\/vapestornado.com\/wp-content\/uploads\/2024\/12\/Wholesale-Disposable-Vape.jpg 823w\" sizes=\"(max-width: 265px) 100vw, 265px\" \/><figcaption id=\"caption-attachment-2951\" class=\"wp-caption-text\">Molimo kontaktirajte Mandy's WhatsApp za cijenu s popustom\u00a0 <a href=\"https:\/\/wa.me\/8618077105796\">+8618077105796<\/a><\/figcaption><\/figure>\n<p>&nbsp;<\/p>","protected":false},"featured_media":3687,"comment_status":"open","ping_status":"closed","template":"","meta":{"_acf_changed":false,"_uag_custom_page_level_css":"","_lmt_disableupdate":"no","_lmt_disable":"","_monsterinsights_skip_tracking":false,"_monsterinsights_sitenote_active":false,"_monsterinsights_sitenote_note":"","_monsterinsights_sitenote_category":0,"site-sidebar-layout":"default","site-content-layout":"","ast-site-content-layout":"default","site-content-style":"default","site-sidebar-style":"default","ast-global-header-display":"","ast-banner-title-visibility":"","ast-main-header-display":"","ast-hfb-above-header-display":"","ast-hfb-below-header-display":"","ast-hfb-mobile-header-display":"","site-post-title":"","ast-breadcrumbs-content":"","ast-featured-img":"","footer-sml-layout":"","ast-disable-related-posts":"","theme-transparent-header-meta":"default","adv-header-id-meta":"","stick-header-meta":"","header-above-stick-meta":"","header-main-stick-meta":"","header-below-stick-meta":"","astra-migrate-meta-layouts":"set","ast-page-background-enabled":"default","ast-page-background-meta":{"desktop":{"background-color":"","background-image":"","background-repeat":"repeat","background-position":"center center","background-size":"auto","background-attachment":"scroll","background-type":"","background-media":"","overlay-type":"","overlay-color":"","overlay-opacity":"","overlay-gradient":""},"tablet":{"background-color":"","background-image":"","background-repeat":"repeat","background-position":"center center","background-size":"auto","background-attachment":"scroll","background-type":"","background-media":"","overlay-type":"","overlay-color":"","overlay-opacity":"","overlay-gradient":""},"mobile":{"background-color":"","background-image":"","background-repeat":"repeat","background-position":"center center","background-size":"auto","background-attachment":"scroll","background-type":"","background-media":"","overlay-type":"","overlay-color":"","overlay-opacity":"","overlay-gradient":""}},"ast-content-background-meta":{"desktop":{"background-color":"var(--ast-global-color-5)","background-image":"","background-repeat":"repeat","background-position":"center center","background-size":"auto","background-attachment":"scroll","background-type":"","background-media":"","overlay-type":"","overlay-color":"","overlay-opacity":"","overlay-gradient":""},"tablet":{"background-color":"var(--ast-global-color-5)","background-image":"","background-repeat":"repeat","background-position":"center center","background-size":"auto","background-attachment":"scroll","background-type":"","background-media":"","overlay-type":"","overlay-color":"","overlay-opacity":"","overlay-gradient":""},"mobile":{"background-color":"var(--ast-global-color-5)","background-image":"","background-repeat":"repeat","background-position":"center center","background-size":"auto","background-attachment":"scroll","background-type":"","background-media":"","overlay-type":"","overlay-color":"","overlay-opacity":"","overlay-gradient":""}},"_joinchat":{"telephone":"+8618077105796"}},"product_brand":[],"product_cat":[68,149,153,158,146],"product_tag":[97,228],"class_list":{"0":"post-3661","1":"product","2":"type-product","3":"status-publish","4":"has-post-thumbnail","6":"product_cat-25000-puff","7":"product_cat-buy-disposable-vapes-in-austria","8":"product_cat-buy-disposable-vapes-in-italy","9":"product_cat-buy-disposable-vapes-in-spain","10":"product_cat-rechargeable-disposable-vapes","11":"product_tag-hot-sale-disposable-vape","12":"product_tag-razz-bar-25000-puffs","13":"desktop-align-left","14":"tablet-align-left","15":"mobile-align-left","17":"first","18":"instock","19":"sale","20":"shipping-taxable","21":"purchasable","22":"product-type-simple"},"acf":[],"uagb_featured_image_src":{"full":["https:\/\/vapestornado.com\/wp-content\/uploads\/2025\/01\/RAZZ-BAR-25000-Puffs-Black-Dragon-ice-GEEK-BAR.webp",800,800,false],"thumbnail":["https:\/\/vapestornado.com\/wp-content\/uploads\/2025\/01\/RAZZ-BAR-25000-Puffs-Black-Dragon-ice-GEEK-BAR-150x150.webp",150,150,true],"medium":["https:\/\/vapestornado.com\/wp-content\/uploads\/2025\/01\/RAZZ-BAR-25000-Puffs-Black-Dragon-ice-GEEK-BAR-300x300.webp",300,300,true],"medium_large":["https:\/\/vapestornado.com\/wp-content\/uploads\/2025\/01\/RAZZ-BAR-25000-Puffs-Black-Dragon-ice-GEEK-BAR-768x768.webp",768,768,true],"large":["https:\/\/vapestornado.com\/wp-content\/uploads\/2025\/01\/RAZZ-BAR-25000-Puffs-Black-Dragon-ice-GEEK-BAR.webp",800,800,false],"1536x1536":["https:\/\/vapestornado.com\/wp-content\/uploads\/2025\/01\/RAZZ-BAR-25000-Puffs-Black-Dragon-ice-GEEK-BAR.webp",800,800,false],"2048x2048":["https:\/\/vapestornado.com\/wp-content\/uploads\/2025\/01\/RAZZ-BAR-25000-Puffs-Black-Dragon-ice-GEEK-BAR.webp",800,800,false],"trp-custom-language-flag":["https:\/\/vapestornado.com\/wp-content\/uploads\/2025\/01\/RAZZ-BAR-25000-Puffs-Black-Dragon-ice-GEEK-BAR.webp",12,12,false],"woocommerce_thumbnail":["https:\/\/vapestornado.com\/wp-content\/uploads\/2025\/01\/RAZZ-BAR-25000-Puffs-Black-Dragon-ice-GEEK-BAR-300x300.webp",300,300,true],"woocommerce_single":["https:\/\/vapestornado.com\/wp-content\/uploads\/2025\/01\/RAZZ-BAR-25000-Puffs-Black-Dragon-ice-GEEK-BAR-600x600.webp",600,600,true],"woocommerce_gallery_thumbnail":["https:\/\/vapestornado.com\/wp-content\/uploads\/2025\/01\/RAZZ-BAR-25000-Puffs-Black-Dragon-ice-GEEK-BAR-100x100.webp",100,100,true]},"uagb_author_info":{"display_name":"ESMANDY","author_link":"https:\/\/vapestornado.com\/hr\/author\/"},"uagb_comment_info":0,"uagb_excerpt":"RAZZ BAR 25000 Puffs Wholesale Vape at unbeatable prices. Offering 16 premium flavors, 650mAh rechargeable battery, and 25,000 puffs for long-lasting satisfaction! [caption id=\"attachment_2951\" align=\"alignnone\" width=\"265\"] Pls Contact Mandy's WhatsApp For Discount Price\u00a0 +8618077105796[\/caption] &nbsp;","_links":{"self":[{"href":"https:\/\/vapestornado.com\/hr\/wp-json\/wp\/v2\/product\/3661","targetHints":{"allow":["GET"]}}],"collection":[{"href":"https:\/\/vapestornado.com\/hr\/wp-json\/wp\/v2\/product"}],"about":[{"href":"https:\/\/vapestornado.com\/hr\/wp-json\/wp\/v2\/types\/product"}],"replies":[{"embeddable":true,"href":"https:\/\/vapestornado.com\/hr\/wp-json\/wp\/v2\/comments?post=3661"}],"wp:featuredmedia":[{"embeddable":true,"href":"https:\/\/vapestornado.com\/hr\/wp-json\/wp\/v2\/media\/3687"}],"wp:attachment":[{"href":"https:\/\/vapestornado.com\/hr\/wp-json\/wp\/v2\/media?parent=3661"}],"wp:term":[{"taxonomy":"product_brand","embeddable":true,"href":"https:\/\/vapestornado.com\/hr\/wp-json\/wp\/v2\/product_brand?post=3661"},{"taxonomy":"product_cat","embeddable":true,"href":"https:\/\/vapestornado.com\/hr\/wp-json\/wp\/v2\/product_cat?post=3661"},{"taxonomy":"product_tag","embeddable":true,"href":"https:\/\/vapestornado.com\/hr\/wp-json\/wp\/v2\/product_tag?post=3661"}],"curies":[{"name":"wp","href":"https:\/\/api.w.org\/{rel}","templated":true}]}}