{"id":3639,"date":"2025-01-03T01:54:34","date_gmt":"2025-01-03T01:54:34","guid":{"rendered":"https:\/\/vapestornado.com\/?post_type=product&#038;p=3639"},"modified":"2025-08-28T07:39:36","modified_gmt":"2025-08-28T07:39:36","slug":"bang-king-vape-35000-puff-smart-digital-display-wholesale-disposable-electronic-cigarette-wholesale","status":"publish","type":"product","link":"https:\/\/vapestornado.com\/hr\/product\/bang-king-vape-35000-puff-smart-digital-display-wholesale-disposable-electronic-cigarette-wholesale\/","title":{"rendered":"Bang King Vape 35000 Puff pametni digitalni zaslon veleprodaja jednokratna elektroni\u010dka cigareta veleprodaja"},"content":{"rendered":"<h1 class=\"product-title\">Bang King Vape 35000 Puff pametni digitalni zaslon veleprodaja jednokratna elektroni\u010dka cigareta veleprodaja<\/h1>\n<p data-start=\"389\" data-end=\"758\">Ako tra\u017eite jednokratni vape koji uravnote\u017euje dugotrajne performanse, moderne zna\u010dajke i odva\u017ene izbore okusa, <strong data-start=\"517\" data-end=\"546\">Bang King Vape 35000 Udaraca<\/strong> je napravljen da impresionira. Dizajniran s <strong data-start=\"584\" data-end=\"609\">pametni digitalni zaslon<\/strong> i pokretan <strong data-start=\"627\" data-end=\"659\">1000mAh punjiva baterija<\/strong>, ovaj ure\u0111aj podi\u017ee prakti\u010dnost vapinga na vi\u0161u razinu, a istovremeno ostaje elegantan i d\u017eepne veli\u010dine.<\/p>\n<h4 data-start=\"760\" data-end=\"797\">35.000 Udisaja \u010distog u\u017eitka<\/h4>\n<p data-start=\"798\" data-end=\"1171\">Sa svojim <strong data-start=\"807\" data-end=\"829\">23mL spremnikom e-teku\u0107ine<\/strong> i naprednom <strong data-start=\"843\" data-end=\"863\">mre\u017easti sustav zavojnica<\/strong>, Bang King Vape jam\u010di dosljednost od prvog do zadnjeg udisaja. Svaki povla\u010denje donosi glatku paru i bogat okus bez suhih udaraca od kojih pate mnogi drugi jednokratni ure\u0111aji. Nudi do <strong data-start=\"1060\" data-end=\"1076\">35.000 udisaja<\/strong>, to je savr\u0161en izbor za mu\u0161karce koji cijene trajnost i vrhunske performanse u jednom ure\u0111aju.<\/p>\n<h4 data-start=\"1173\" data-end=\"1204\">Fleksibilne opcije nikotina<\/h4>\n<p data-start=\"1205\" data-end=\"1495\">Udovoljavaju\u0107i razli\u010ditim preferencijama, ovaj jednokratni vape dolazi s <strong data-start=\"1272\" data-end=\"1312\">0%, 2%, 3% i 5% ja\u010dinama nikotina<\/strong>. Bez obzira smanjujete li postupno ili preferirate ja\u010di udarac, Bang King Vape prilago\u0111ava se va\u0161im potrebama - \u0161to ga \u010dini izvrsnom veleprodajnom opcijom za raznolika tr\u017ei\u0161ta diljem Europe.<\/p>\n<h4 data-start=\"1497\" data-end=\"1542\">Pametni digitalni zaslon za potpunu kontrolu<\/h4>\n<p data-start=\"1543\" data-end=\"1881\">Nema vi\u0161e naga\u0111anja. Ugra\u0111eni zaslon prikazuje va\u0161 <strong data-start=\"1593\" data-end=\"1632\">razinu baterije i kapacitet e-teku\u0107ine<\/strong> u stvarnom vremenu, tako da uvijek znate kada je vrijeme za punjenje ili prebacivanje. Ova zna\u010dajka ga izdvaja od tradicionalnih jednokratnih vapea i stavlja ga u isti premium razred kao i popularni modeli poput <strong data-start=\"1830\" data-end=\"1878\">Elf Bar GH23000 Nikotinska Jednokratna Vape Jastu\u010di\u0107<\/strong>.<\/p>\n<h4 data-start=\"1883\" data-end=\"1915\">Brzo punjenje s Type-C<\/h4>\n<p data-start=\"1916\" data-end=\"2180\">Opremljen sa <strong data-start=\"1930\" data-end=\"1953\">USB-C brzo punjenje<\/strong>, baterija od 1000 mAh spremna je za rad u kratkom vremenu. To ga \u010dini posebno privla\u010dnim za veleprodajne kupce koji tra\u017ee jednokratni vape koji kombinira prakti\u010dnost ponovne upotrebe s jednostavno\u0161\u0107u prethodno napunjenih mahuna.<\/p>\n<p>&nbsp;<\/p>\n<p><span style=\"color: #ff0000;\"><strong>Dodajte Amy na WhatsApp za brzi odgovor i kupon za vape!<\/strong><\/span><\/p>\n<p><img fetchpriority=\"high\" decoding=\"async\" class=\"size-full wp-image-2932\" src=\"https:\/\/vapestornado.com\/wp-content\/uploads\/2024\/12\/Vape-Wholesale.jpg\" alt=\"Veleprodaja vejpova\" width=\"229\" height=\"300\" \/><\/p>\n<h3><a href=\"https:\/\/wa.me\/8617776015835\" target=\"_blank\" rel=\"noopener\"><span style=\"color: #ff0000;\"><strong>WhatsApp: +86 17776015835<\/strong><\/span><\/a><\/h3>\n<p>&nbsp;<\/p>\n<h2 class=\"product-title\"><strong>Bang King Vape 35000 Zna\u010dajke proizvoda<\/strong><\/h2>\n<div role=\"article\" data-tabster=\"{&quot;groupper&quot;:{&quot;tabbability&quot;:2},&quot;focusable&quot;:{}}\" data-content=\"ai-message\" aria-labelledby=\"juhNTJ6o7Gk1cgwZMJgv2-author juhNTJ6o7Gk1cgwZMJgv2-content\">\n<div id=\"juhNTJ6o7Gk1cgwZMJgv2-content\">\n<div role=\"article\" data-tabster=\"{&quot;groupper&quot;:{&quot;tabbability&quot;:2},&quot;focusable&quot;:{}}\" data-content=\"ai-message\" aria-labelledby=\"x4EZuCZWrTbh3weWUt7CU-author x4EZuCZWrTbh3weWUt7CU-content\">\n<div id=\"x4EZuCZWrTbh3weWUt7CU-content\">\n<div class=\"flex max-w-full flex-col flex-grow\">\n<div class=\"min-h-8 text-message flex w-full flex-col items-end gap-2 whitespace-normal break-words text-start [.text-message+&amp;]:mt-5\" dir=\"auto\" data-message-author-role=\"assistant\" data-message-id=\"52c6e00a-252f-4104-805d-2f1a84739c71\" data-message-model-slug=\"gpt-4o\">\n<div class=\"flex w-full flex-col gap-1 empty:hidden first:pt-[3px]\">\n<div class=\"markdown prose w-full break-words dark:prose-invert light\">\n<ol>\n<li><strong>35.000 Udisaja<\/strong>: Izniman broj udisaja za dugotrajno zadovoljstvo.<\/li>\n<li><strong>Pametni digitalni zaslon<\/strong>: Prikazuje razinu baterije i e-teku\u0107ine za jednostavnu upotrebu.<\/li>\n<li><strong>23 ml Kapacitet E-teku\u0107ine<\/strong>: Velikodu\u0161an kapacitet za produljene sesije vapinga.<\/li>\n<li><strong>Tehnologija mre\u017easte zavojnice<\/strong>: Pobolj\u0161ava okus i osigurava dosljedne performanse.<\/li>\n<li><strong>1000mAh Punjiva baterija<\/strong>: Pouzdana snaga s brzim USB-C punjenjem.<\/li>\n<li><strong>Za\u0161tita od pregorijevanja<\/strong>: Jam\u010di glatke i zadovoljavaju\u0107e udarce.<\/li>\n<\/ol>\n<\/div>\n<\/div>\n<\/div>\n<\/div>\n<div class=\"mb-2 flex gap-3 empty:hidden -ml-2\"><img decoding=\"async\" class=\"wp-image-3635 size-full\" src=\"https:\/\/vapestornado.com\/wp-content\/uploads\/2025\/01\/Bang-King-35000-Puffs-Disposable-Vapes-Wholesale.jpg\" alt=\"Bang King 35000 Udisaja Jednokratni Vapeovi Veleprodaja\" width=\"800\" height=\"800\" srcset=\"https:\/\/vapestornado.com\/wp-content\/uploads\/2025\/01\/Bang-King-35000-Puffs-Disposable-Vapes-Wholesale.jpg 800w, https:\/\/vapestornado.com\/wp-content\/uploads\/2025\/01\/Bang-King-35000-Puffs-Disposable-Vapes-Wholesale-300x300.jpg 300w, https:\/\/vapestornado.com\/wp-content\/uploads\/2025\/01\/Bang-King-35000-Puffs-Disposable-Vapes-Wholesale-150x150.jpg 150w, https:\/\/vapestornado.com\/wp-content\/uploads\/2025\/01\/Bang-King-35000-Puffs-Disposable-Vapes-Wholesale-768x768.jpg 768w, https:\/\/vapestornado.com\/wp-content\/uploads\/2025\/01\/Bang-King-35000-Puffs-Disposable-Vapes-Wholesale-600x600.jpg 600w, https:\/\/vapestornado.com\/wp-content\/uploads\/2025\/01\/Bang-King-35000-Puffs-Disposable-Vapes-Wholesale-100x100.jpg 100w\" sizes=\"(max-width: 800px) 100vw, 800px\" \/><\/div>\n<\/div>\n<\/div>\n<\/div>\n<\/div>\n<h2 class=\"product-title\"><strong>Popularni okusi za Bang King Vape 35000<\/strong><strong>\u00a0<\/strong><strong>Jednokratni Vape ure\u0111aji<\/strong><\/h2>\n<p>Bang King Vape 35000 pru\u017ea raznolik i uzbudljiv raspon opcija za va\u0161u liniju proizvoda, udovoljavaju\u0107i razli\u010ditim ukusima! Molimo prona\u0111ite popularne okuse prema na\u0161im podacima o prodaji i povratnim informacijama kupaca.<\/p>\n<p>1. Jagoda Mango <strong><span style=\"color: #ff0000;\">&gt;&gt;&gt; Vru\u0107e!<\/span><\/strong><br \/>\n2. Love66<br \/>\n3. Blue Razz Ice <strong><span style=\"color: #ff0000;\">&gt;&gt;&gt; Vru\u0107e!<\/span><\/strong><br \/>\n4. Jagoda Lubenica<br \/>\n5. Limun Menta<br \/>\n6. Dvostruka Jabuka<br \/>\n7. Energetsko Pi\u0107e<br \/>\n8. Led od Breskve<br \/>\n9. Jagoda Kiwi <strong><span style=\"color: #ff0000;\">&gt;&gt;&gt; Najbolje!<\/span><\/strong><br \/>\n10. Led od Gro\u017e\u0111a<br \/>\n11.Ledena Borovnica <strong><span style=\"color: #ff0000;\">&gt;&gt;&gt; Vru\u0107e!<\/span><\/strong><br \/>\n12. Lubenica<\/p>\n<div class=\"flex-shrink-0 flex flex-col relative items-end\">\n<div class=\"pt-0\">\n<div class=\"gizmo-bot-avatar flex h-8 w-8 items-center justify-center overflow-hidden rounded-full\">\n<div class=\"relative p-1 rounded-sm flex items-center justify-center bg-token-main-surface-primary text-token-text-primary h-8 w-8\">\n<h2>\u010cesto postavljana pitanja za BangKing Vape 35000 Smart<strong>\u00a0<\/strong>Vape za jednokratnu upotrebu<\/h2>\n<h3><\/h3>\n<ol>\n<li><strong>Koliko udisaja pru\u017ea Bang King 35000?<\/strong><br \/>\nOvo <strong>Bang King 35000<\/strong> nudi zapanjuju\u0107ih <strong>35.000 udisaja<\/strong>, \u0161to ga \u010dini jednim od najdugotrajnijih jednokratnih vape ure\u0111aja na tr\u017ei\u0161tu.<\/li>\n<li><strong>Koliki je kapacitet e-teku\u0107ine Bang King 35000 Vape ure\u0111aja?<\/strong><br \/>\nIma <strong>23 ml kapaciteta e-teku\u0107ine<\/strong>, osiguravaju\u0107i produljeno kori\u0161tenje bez \u010destih punjenja.<\/li>\n<li><strong>Ima li BangKing 35000 punjivu bateriju?<\/strong><br \/>\nDa, uklju\u010duje <strong>1000mAh punjiva baterija<\/strong> sa <strong>USB-C punjenjem<\/strong>, nude\u0107i odr\u017eivu i prakti\u010dnu upotrebu.<\/li>\n<li><strong>\u0160to \u010dini pametni digitalni zaslon jedinstvenim?<\/strong><br \/>\nOvo <strong>digitalni zaslon<\/strong> prikazuje va\u017ene detalje kao \u0161to su <strong>postotak baterije<\/strong> i <strong>razine e-teku\u0107ine<\/strong>, \u0161to olak\u0161ava pra\u0107enje va\u0161e upotrebe.<\/li>\n<li><strong>Gdje mogu kupiti Bang King Vape 35000 Puff po veleprodajnim cijenama?<\/strong><br \/>\nZa najbolje <strong>veleprodajne cijene<\/strong>, posjetite <strong>vapestornado Online du\u0107an za vaporizere<\/strong>, nude\u0107i izvrsne ponude i \u0161irok asortiman proizvoda.<\/li>\n<\/ol>\n<div class=\"flex max-w-full flex-col flex-grow\">\n<div class=\"min-h-8 text-message flex w-full flex-col items-end gap-2 whitespace-normal break-words text-start [.text-message+&amp;]:mt-5\" dir=\"auto\" data-message-author-role=\"assistant\" data-message-id=\"4dc48248-df95-45bd-b800-6dedb43cf7f1\" data-message-model-slug=\"gpt-4o\">\n<div class=\"flex w-full flex-col gap-1 empty:hidden first:pt-[3px]\"><\/div>\n<\/div>\n<\/div>\n<\/div>\n<\/div>\n<\/div>\n<\/div>\n<div class=\"flex-shrink-0 flex flex-col relative items-end\">\n<div class=\"pt-0\">\n<div class=\"gizmo-bot-avatar flex h-8 w-8 items-center justify-center overflow-hidden rounded-full\">\n<div class=\"relative p-1 rounded-sm flex items-center justify-center bg-token-main-surface-primary text-token-text-primary h-8 w-8\">\n<div class=\"mb-2 flex gap-3 empty:hidden -ml-2\">\n<div role=\"article\" data-tabster=\"{&quot;groupper&quot;:{&quot;tabbability&quot;:2},&quot;focusable&quot;:{}}\" data-content=\"ai-message\" aria-labelledby=\"Vdt5ez4X7Tg813x6rFVha-author Vdt5ez4X7Tg813x6rFVha-content\">\n<div id=\"Vdt5ez4X7Tg813x6rFVha-content\">\n<div role=\"article\" data-tabster=\"{&quot;groupper&quot;:{&quot;tabbability&quot;:2},&quot;focusable&quot;:{}}\" data-content=\"ai-message\" aria-labelledby=\"o968oC7CEo2fGHsGdsRYC-author o968oC7CEo2fGHsGdsRYC-content\">\n<div id=\"o968oC7CEo2fGHsGdsRYC-content\">\n<h2>Za\u0161to odabrati vapestornado za Bang King Vape 35k Puff Vape veleprodaju?<\/h2>\n<div class=\"flex-shrink-0 flex flex-col relative items-end\">\n<div class=\"pt-0\">\n<div class=\"gizmo-bot-avatar flex h-8 w-8 items-center justify-center overflow-hidden rounded-full\">\n<div class=\"relative p-1 rounded-sm flex items-center justify-center bg-token-main-surface-primary text-token-text-primary h-8 w-8\">\n<p>Dobrodo\u0161li u vapestornado, va\u0161u pouzdanu online vape trgovinu za vrhunske jednokratne vape ure\u0111aje. S vi\u0161e od 5 godina stru\u010dnosti, donosimo vam popularne marke jednokratnih vape ure\u0111aja kao \u0161to su Fumot RandM Vape, <a href=\"https:\/\/vapestornado.com\/hr\/product-category\/vapme-shisha\/\">Vapme<\/a>, Bang Vape, Waspe Vape i WGA Vape, itd.<\/p>\n<p>Na\u0161 asortiman uklju\u010duje vru\u0107e vapeove poput <a href=\"https:\/\/vapestornado.com\/hr\/product\/randm-12000-puffs-fumot-digital-disposable-vape-wholesale-price\/\">RandM Tornado 12000<\/a>, i izbor bogat okusom poput <a href=\"https:\/\/vapestornado.com\/hr\/product\/wga-crystal-pro-max-extra-15000-puffs-rechargeable-disposable-vape-wholesale-bulk-buy\/\">\u00a0WGA Crystal 15k Udisaja<\/a> . Svaki proizvod odabran je s fokusom na kvalitetu, vrijednost i raznolikost, osiguravaju\u0107i da prona\u0111ete savr\u0161eno podudaranje za svoje potrebe. Otkrijte iznimnu uslugu i \u0161irok spektar vrhunskih proizvoda po veleprodajnoj cijeni na vapestornado.<\/p>\n<\/div>\n<p>&nbsp;<\/p>\n<p><strong>Ostali popularni jednokratni vape ure\u0111aji<\/strong><\/p>\n<p><a href=\"https:\/\/vapestornado.com\/hr\/product\/vozol-star-20000-puffs-disposable-vape-2-low-nicotine-bulk-buy-wholesale-cheap-price\/\">VOZOL Star 20000 Udisaja <span style=\"color: #ff0000;\"><strong>&gt;&gt;&gt;&gt; Kreni !<\/strong><\/span><\/a><\/p>\n<p><a href=\"https:\/\/vapestornado.com\/hr\/product\/refillable-disposable-vape-bang-40000-puffs-with-smart-screen-display-wholesale\/\">Bang 40000 Udisaja<span style=\"color: #ff0000;\"><strong>&gt;&gt;&gt;&gt; Kreni !<\/strong><\/span><\/a><\/p>\n<p><a href=\"https:\/\/vapestornado.com\/hr\/product\/puff-25k-bang-king-25000-puffs-rechargeable-disposable-vape-wholesale-bulk-buy\/\">Bang King 25000 <span style=\"color: #ff0000;\"><strong>&gt;&gt;&gt;&gt; Kreni !<\/strong><\/span><\/a><\/p>\n<\/div>\n<\/div>\n<\/div>\n<p>&nbsp;<\/p>\n<\/div>\n<\/div>\n<\/div>\n<\/div>\n<\/div>\n<\/div>\n<\/div>\n<\/div>\n<\/div>","protected":false},"excerpt":{"rendered":"<p>BangKing Vape 35000 Puffs 2% Jednokratna Vape Niske Razine Nikotina Veleprodaja<br \/>\nBang King 35000 Puff Digitalni Zaslon Jednokratna Vape Kupovina na veliko<br \/>\nBang King Vape 35k Punjiva Jednokratna Vape Jeftina Cijena<\/p>\n<p><strong>Dodajte Amy na WhatsApp za brzi odgovor i kupon za vape!<\/strong><\/p>\n<p><img fetchpriority=\"high\" decoding=\"async\" class=\"size-full wp-image-2932\" src=\"https:\/\/vapestornado.com\/wp-content\/uploads\/2024\/12\/Vape-Wholesale.jpg\" alt=\"Veleprodaja vejpova\" width=\"229\" height=\"300\" \/><\/p>\n<h3><a href=\"https:\/\/wa.me\/8617776015835\"><span style=\"color: #ff0000;\"><strong>WhatsApp: +86 17776015835<\/strong><\/span><\/a><\/h3>\n<p>&nbsp;<\/p>","protected":false},"featured_media":3636,"comment_status":"open","ping_status":"closed","template":"","meta":{"_acf_changed":false,"_uag_custom_page_level_css":"","_lmt_disableupdate":"no","_lmt_disable":"","_monsterinsights_skip_tracking":false,"_monsterinsights_sitenote_active":false,"_monsterinsights_sitenote_note":"","_monsterinsights_sitenote_category":0,"site-sidebar-layout":"default","site-content-layout":"","ast-site-content-layout":"default","site-content-style":"default","site-sidebar-style":"default","ast-global-header-display":"","ast-banner-title-visibility":"","ast-main-header-display":"","ast-hfb-above-header-display":"","ast-hfb-below-header-display":"","ast-hfb-mobile-header-display":"","site-post-title":"","ast-breadcrumbs-content":"","ast-featured-img":"","footer-sml-layout":"","ast-disable-related-posts":"","theme-transparent-header-meta":"default","adv-header-id-meta":"","stick-header-meta":"","header-above-stick-meta":"","header-main-stick-meta":"","header-below-stick-meta":"","astra-migrate-meta-layouts":"set","ast-page-background-enabled":"default","ast-page-background-meta":{"desktop":{"background-color":"","background-image":"","background-repeat":"repeat","background-position":"center center","background-size":"auto","background-attachment":"scroll","background-type":"","background-media":"","overlay-type":"","overlay-color":"","overlay-opacity":"","overlay-gradient":""},"tablet":{"background-color":"","background-image":"","background-repeat":"repeat","background-position":"center center","background-size":"auto","background-attachment":"scroll","background-type":"","background-media":"","overlay-type":"","overlay-color":"","overlay-opacity":"","overlay-gradient":""},"mobile":{"background-color":"","background-image":"","background-repeat":"repeat","background-position":"center center","background-size":"auto","background-attachment":"scroll","background-type":"","background-media":"","overlay-type":"","overlay-color":"","overlay-opacity":"","overlay-gradient":""}},"ast-content-background-meta":{"desktop":{"background-color":"var(--ast-global-color-5)","background-image":"","background-repeat":"repeat","background-position":"center center","background-size":"auto","background-attachment":"scroll","background-type":"","background-media":"","overlay-type":"","overlay-color":"","overlay-opacity":"","overlay-gradient":""},"tablet":{"background-color":"var(--ast-global-color-5)","background-image":"","background-repeat":"repeat","background-position":"center center","background-size":"auto","background-attachment":"scroll","background-type":"","background-media":"","overlay-type":"","overlay-color":"","overlay-opacity":"","overlay-gradient":""},"mobile":{"background-color":"var(--ast-global-color-5)","background-image":"","background-repeat":"repeat","background-position":"center center","background-size":"auto","background-attachment":"scroll","background-type":"","background-media":"","overlay-type":"","overlay-color":"","overlay-opacity":"","overlay-gradient":""}},"_joinchat":{"telephone":"+8617776015835"}},"product_brand":[],"product_cat":[175,63,152,157,160,143,144],"product_tag":[224,223,165,105,97,166,94],"class_list":{"0":"post-3639","1":"product","2":"type-product","3":"status-publish","4":"has-post-thumbnail","6":"product_cat-35000-puff","7":"product_cat-bangking","8":"product_cat-buy-disposable-vapes-in-cermany","9":"product_cat-buy-disposable-vapes-in-portugal","10":"product_cat-buy-disposable-vapes-in-switzerland","11":"product_cat-dual-mesh-disposable-vapes","12":"product_cat-low-nicotine-disposable-vapes","13":"product_tag-bang-king-35000","14":"product_tag-bang-king-vape-35000","15":"product_tag-cheap-vapes","16":"product_tag-digital-disposable-vape","17":"product_tag-hot-sale-disposable-vape","18":"product_tag-low-nicotine-vape","19":"product_tag-rechargeable-disposable-vape","20":"desktop-align-left","21":"tablet-align-left","22":"mobile-align-left","24":"first","25":"instock","26":"sale","27":"shipping-taxable","28":"purchasable","29":"product-type-simple"},"acf":[],"uagb_featured_image_src":{"full":["https:\/\/vapestornado.com\/wp-content\/uploads\/2025\/01\/Bang-King-Vape-35000-Puffs-Wholesale.webp",800,800,false],"thumbnail":["https:\/\/vapestornado.com\/wp-content\/uploads\/2025\/01\/Bang-King-Vape-35000-Puffs-Wholesale-150x150.webp",150,150,true],"medium":["https:\/\/vapestornado.com\/wp-content\/uploads\/2025\/01\/Bang-King-Vape-35000-Puffs-Wholesale-300x300.webp",300,300,true],"medium_large":["https:\/\/vapestornado.com\/wp-content\/uploads\/2025\/01\/Bang-King-Vape-35000-Puffs-Wholesale-768x768.webp",768,768,true],"large":["https:\/\/vapestornado.com\/wp-content\/uploads\/2025\/01\/Bang-King-Vape-35000-Puffs-Wholesale.webp",800,800,false],"1536x1536":["https:\/\/vapestornado.com\/wp-content\/uploads\/2025\/01\/Bang-King-Vape-35000-Puffs-Wholesale.webp",800,800,false],"2048x2048":["https:\/\/vapestornado.com\/wp-content\/uploads\/2025\/01\/Bang-King-Vape-35000-Puffs-Wholesale.webp",800,800,false],"trp-custom-language-flag":["https:\/\/vapestornado.com\/wp-content\/uploads\/2025\/01\/Bang-King-Vape-35000-Puffs-Wholesale.webp",12,12,false],"woocommerce_thumbnail":["https:\/\/vapestornado.com\/wp-content\/uploads\/2025\/01\/Bang-King-Vape-35000-Puffs-Wholesale-300x300.webp",300,300,true],"woocommerce_single":["https:\/\/vapestornado.com\/wp-content\/uploads\/2025\/01\/Bang-King-Vape-35000-Puffs-Wholesale-600x600.webp",600,600,true],"woocommerce_gallery_thumbnail":["https:\/\/vapestornado.com\/wp-content\/uploads\/2025\/01\/Bang-King-Vape-35000-Puffs-Wholesale-100x100.webp",100,100,true]},"uagb_author_info":{"display_name":"ESAMY","author_link":"https:\/\/vapestornado.com\/hr\/author\/"},"uagb_comment_info":0,"uagb_excerpt":"BangKing Vape 35000 Puffs 2% Low Nicotine Disposable Vape Wholesale Bang King 35000 Puff \u00a0Digital Display Disposable Vape Bulk Buy Bang King Vape 35k Rechargeable Disposable Vape Cheap Price Add Amy's whatsapp get right reply and vape coupon! WhatsApp: +86 17776015835 &nbsp;","_links":{"self":[{"href":"https:\/\/vapestornado.com\/hr\/wp-json\/wp\/v2\/product\/3639","targetHints":{"allow":["GET"]}}],"collection":[{"href":"https:\/\/vapestornado.com\/hr\/wp-json\/wp\/v2\/product"}],"about":[{"href":"https:\/\/vapestornado.com\/hr\/wp-json\/wp\/v2\/types\/product"}],"replies":[{"embeddable":true,"href":"https:\/\/vapestornado.com\/hr\/wp-json\/wp\/v2\/comments?post=3639"}],"wp:featuredmedia":[{"embeddable":true,"href":"https:\/\/vapestornado.com\/hr\/wp-json\/wp\/v2\/media\/3636"}],"wp:attachment":[{"href":"https:\/\/vapestornado.com\/hr\/wp-json\/wp\/v2\/media?parent=3639"}],"wp:term":[{"taxonomy":"product_brand","embeddable":true,"href":"https:\/\/vapestornado.com\/hr\/wp-json\/wp\/v2\/product_brand?post=3639"},{"taxonomy":"product_cat","embeddable":true,"href":"https:\/\/vapestornado.com\/hr\/wp-json\/wp\/v2\/product_cat?post=3639"},{"taxonomy":"product_tag","embeddable":true,"href":"https:\/\/vapestornado.com\/hr\/wp-json\/wp\/v2\/product_tag?post=3639"}],"curies":[{"name":"wp","href":"https:\/\/api.w.org\/{rel}","templated":true}]}}