{"id":3631,"date":"2025-01-02T09:26:09","date_gmt":"2025-01-02T09:26:09","guid":{"rendered":"https:\/\/vapestornado.com\/?post_type=product&#038;p=3631"},"modified":"2025-08-23T09:38:46","modified_gmt":"2025-08-23T09:38:46","slug":"uwin-tornado-vape-music-35000-puffs-wholesale-price","status":"publish","type":"product","link":"https:\/\/vapestornado.com\/hr\/product\/uwin-tornado-vape-music-35000-puffs-wholesale-price\/","title":{"rendered":"UWIN Tornado Vape Music 35000 Puffs Veleprodajna cijena"},"content":{"rendered":"<h1>UWIN Tornado Vape Music 35000 Puffs Veleprodajna cijena<\/h1>\n<p>&nbsp;<\/p>\n<div role=\"article\" data-tabster=\"{&quot;groupper&quot;:{&quot;tabbability&quot;:2},&quot;focusable&quot;:{}}\" data-content=\"ai-message\" aria-labelledby=\"64JRvXrTnY7mRmPkEQLLT-author 64JRvXrTnY7mRmPkEQLLT-content\">\n<div id=\"64JRvXrTnY7mRmPkEQLLT-content\">\n<p data-start=\"318\" data-end=\"611\">Ovo <strong data-start=\"322\" data-end=\"377\">UWIN Tornado Vape Music 35000 Puffs Jednokratni Vape<\/strong> kombinira visoki kapacitet, performanse i jedinstveni dizajn za pojedina\u010dne korisnike i veleprodajne kupce. S do <strong data-start=\"492\" data-end=\"508\">35.000 udisaja<\/strong> i <strong data-start=\"513\" data-end=\"535\">16 vrhunskih okusa<\/strong>, pru\u017ea dugotrajnu upotrebu i raznolikost koja odgovara razli\u010ditim preferencijama.<\/p>\n<p data-start=\"613\" data-end=\"882\">Dostupno u <strong data-start=\"626\" data-end=\"667\">0%, 2%, 3% i 5% ja\u010dinama nikotina<\/strong>, ovaj vape udovoljava \u0161irokoj publici. The <strong data-start=\"710\" data-end=\"728\">Mre\u017easta zavojnica od 1,0 \u03a9<\/strong> osigurava glatku proizvodnju pare, dok <strong data-start=\"772\" data-end=\"803\">650mAh punjiva baterija<\/strong> sa <strong data-start=\"809\" data-end=\"833\">Type-C brzo punjenje<\/strong> pru\u017ea pouzdanu snagu za produljene sesije.<\/p>\n<p data-start=\"884\" data-end=\"1179\">Njegov istaknuti <strong data-start=\"897\" data-end=\"920\">RGB sustav osvjetljenja<\/strong> sinkronizira se s glazbenim ritmovima, nude\u0107i interaktivno iskustvo uz dosljedan okus i performanse. Pakirano u <strong data-start=\"1037\" data-end=\"1058\">kartone od 160 komada<\/strong> (21 kg po kartonu), <strong data-start=\"1082\" data-end=\"1102\">UWIN Tornado 35K<\/strong> dizajniran je za u\u010dinkovitu veleprodajnu distribuciju i sna\u017enu maloprodajnu potra\u017enju.<\/p>\n<figure id=\"attachment_3652\" aria-describedby=\"caption-attachment-3652\" style=\"width: 669px\" class=\"wp-caption alignnone\"><img fetchpriority=\"high\" decoding=\"async\" class=\"wp-image-3652\" src=\"https:\/\/vapestornado.com\/wp-content\/uploads\/2025\/01\/Cheap-Price-Uwin-Tornado-35k-Puffs-Vape.jpg\" alt=\"Jeftina cijena Uwin Tornado 35k Puffs Vape\" width=\"669\" height=\"669\" srcset=\"https:\/\/vapestornado.com\/wp-content\/uploads\/2025\/01\/Cheap-Price-Uwin-Tornado-35k-Puffs-Vape.jpg 800w, https:\/\/vapestornado.com\/wp-content\/uploads\/2025\/01\/Cheap-Price-Uwin-Tornado-35k-Puffs-Vape-300x300.jpg 300w, https:\/\/vapestornado.com\/wp-content\/uploads\/2025\/01\/Cheap-Price-Uwin-Tornado-35k-Puffs-Vape-150x150.jpg 150w, https:\/\/vapestornado.com\/wp-content\/uploads\/2025\/01\/Cheap-Price-Uwin-Tornado-35k-Puffs-Vape-768x768.jpg 768w, https:\/\/vapestornado.com\/wp-content\/uploads\/2025\/01\/Cheap-Price-Uwin-Tornado-35k-Puffs-Vape-600x600.jpg 600w, https:\/\/vapestornado.com\/wp-content\/uploads\/2025\/01\/Cheap-Price-Uwin-Tornado-35k-Puffs-Vape-100x100.jpg 100w\" sizes=\"(max-width: 669px) 100vw, 669px\" \/><figcaption id=\"caption-attachment-3652\" class=\"wp-caption-text\">Jeftina cijena Uwin Tornado 35k Puffs Vape<\/figcaption><\/figure>\n<\/div>\n<\/div>\n<p><img decoding=\"async\" class=\"alignleft wp-image-2951 size-medium\" src=\"https:\/\/vapestornado.com\/wp-content\/uploads\/2024\/12\/Wholesale-Disposable-Vape-265x300.jpg\" alt=\"Veleprodaja jednokratnih vape ure\u0111aja\" width=\"265\" height=\"300\" srcset=\"https:\/\/vapestornado.com\/wp-content\/uploads\/2024\/12\/Wholesale-Disposable-Vape-265x300.jpg 265w, https:\/\/vapestornado.com\/wp-content\/uploads\/2024\/12\/Wholesale-Disposable-Vape-768x871.jpg 768w, https:\/\/vapestornado.com\/wp-content\/uploads\/2024\/12\/Wholesale-Disposable-Vape-600x680.jpg 600w, https:\/\/vapestornado.com\/wp-content\/uploads\/2024\/12\/Wholesale-Disposable-Vape.jpg 823w\" sizes=\"(max-width: 265px) 100vw, 265px\" \/><\/p>\n<h5>Molimo kontaktirajte Mandy's WhatsApp za cijenu s popustom<a href=\"https:\/\/wa.me\/8618077105796\" target=\"_blank\" rel=\"noopener\">+8618077105796<\/a><\/h5>\n<div class=\"flex max-w-full flex-col flex-grow\">\n<div class=\"min-h-8 text-message flex w-full flex-col items-end gap-2 whitespace-normal break-words text-start [.text-message+&amp;]:mt-5\" dir=\"auto\" data-message-author-role=\"assistant\" data-message-id=\"cdb991c0-f594-4bff-b2d5-fbbdd7ce9e54\" data-message-model-slug=\"gpt-4o-mini\">\n<div class=\"flex w-full flex-col gap-1 empty:hidden first:pt-[3px]\">\n<div class=\"markdown prose w-full break-words dark:prose-invert light\"><\/div>\n<\/div>\n<\/div>\n<\/div>\n<div class=\"mb-2 flex gap-3 empty:hidden -ml-2\">\n<h2>UWIN Tornado Vape Music 35000 Puffs Klju\u010dne zna\u010dajke:<\/h2>\n<ul>\n<li><strong>Opcije nikotina<\/strong>: 0%, 2%, 3%, 5% \u2013 Prilago\u0111eno za zadovoljavanje razli\u010ditih preferencija.<\/li>\n<li><strong>Udisaji<\/strong>: 35.000 \u2013 Izuzetna dugotrajnost za neprekinuto iskustvo vapinga.<\/li>\n<li><strong>Koli\u010dina u kutiji<\/strong>: 160 kom \u2013 Idealno za veleprodaju i distribuciju velikih razmjera.<\/li>\n<li><strong>Okusi<\/strong>: 16 \u2013 \u0160irok izbor koji odgovara svakom ukusu.<\/li>\n<li><strong>Baterija<\/strong>: 650mAh Punjiva s Type-C priklju\u010dkom \u2013 Pouzdana snaga s brzim punjenjem.<\/li>\n<li><strong>Grija\u010d<\/strong>: 1.0-ohm Mre\u017easti grija\u010d \u2013 Osigurava glatku i dosljednu proizvodnju pare.<\/li>\n<li><strong>Te\u017eina kutije<\/strong>: 21 kg \u2013 \u010cvrsto pakiranje za jednostavno rukovanje.<\/li>\n<li><strong>Dimenzije kartona<\/strong>: Kompaktne i optimizirane za u\u010dinkovito skladi\u0161tenje i otpremu.<\/li>\n<li><strong>RGB svjetla<\/strong>: \u017divopisna rasvjeta za moderan izgled.<\/li>\n<li><strong>Dinami\u010dko osvjetljenje<\/strong>: Svjetla prate glazbu, stvaraju\u0107i impresivno iskustvo vapinga.<\/li>\n<\/ul>\n<\/div>\n<h2>UWIN Tornado Music 35000 Puffs Jednokratni Vape Okusi:<\/h2>\n<p>1. Borovnica Malina<br \/>\n2. Led od gro\u017e\u0111a<br \/>\n3. Jagoda Lubenica<br \/>\n4. Borovnica na ledu<br \/>\n5. Lubenica led<br \/>\n6. Tre\u0161nja led<br \/>\n7. Jagoda Malina Tre\u0161nja Led<br \/>\n8. Kivi, marakuja, guava<br \/>\n9. Jagoda led<br \/>\n10. Breskva, mango, ananas<br \/>\n11. Borovnica, tre\u0161nja, brusnica<br \/>\n12. Breskva, bobice<br \/>\n13. Tre\u0161nja Cola<br \/>\n14. Mije\u0161ano bobi\u010dasto vo\u0107e<br \/>\n15. Mr. Blue<br \/>\n16. Ledena ljetna breskva<\/p>\n<div role=\"article\" data-tabster=\"{&quot;groupper&quot;:{&quot;tabbability&quot;:2},&quot;focusable&quot;:{}}\" data-content=\"ai-message\" aria-labelledby=\"dARUyEWDoEYhnSPXFwx5A-author dARUyEWDoEYhnSPXFwx5A-content\">\n<div id=\"dARUyEWDoEYhnSPXFwx5A-content\">\n<h2>Za\u0161to odabrati UWIN Tornado Vapes Music 35000 Puff? <strong>\u00a0<\/strong>at <a href=\"https:\/\/vapestornado.com\/hr\/product\/bang-box-35k-puffs-high-capacity-long-lasting-disposable-vape\/\">vapestornado.com?<\/a><\/h2>\n<ul>\n<li><strong>Nepremostiv kapacitet uvla\u010denja<\/strong>: 35.000 uvla\u010denja po ure\u0111aju osigurava iznimnu vrijednost i dugotrajnost, privla\u010de\u0107i vi\u0161e kupaca.<\/li>\n<li><strong>Inovativni dizajn<\/strong>: Opremljen RGB svjetlima koja se sinkroniziraju s glazbom, pru\u017eaju\u0107i jedinstveno i impresivno iskustvo vapinga koje se isti\u010de na tr\u017ei\u0161tu.<\/li>\n<li><strong>Visokokvalitetne komponente<\/strong>: Sadr\u017ei punjivu bateriju od 650 mAh, Type-C priklju\u010dak i mre\u017eastu zavojnicu od 1,0 ohma za dosljedne i pouzdane performanse.<\/li>\n<li><strong>Raznolikost okusa<\/strong>: Sa 16 razli\u010ditih okusa, kupci mogu istra\u017eiti \u0161irok raspon okusa, osiguravaju\u0107i ponovljeno poslovanje.<\/li>\n<li><strong>Pakiranje pogodno za rasute koli\u010dine<\/strong>: Svaka kutija sadr\u017ei 160 komada, \u0161to je \u010dini savr\u0161enom za veleprodaju i maloprodaju.<\/li>\n<li><strong>Konkurentne cijene<\/strong>: vapestornado.com nudi vode\u0107e veleprodajne cijene u industriji kako bi maksimizirao va\u0161e profitne mar\u017ee.<\/li>\n<li><strong>Pouzdani dobavlja\u010d<\/strong>: Uz predanost kvaliteti i pouzdanoj isporuci, vapestornado.com je partner kojem mo\u017eete vjerovati za rast va\u0161eg poslovanja.<\/li>\n<\/ul>\n<\/div>\n<\/div>\n<h2>\u010cesto postavljana pitanja o UWIN Tornado Vape Music 35000 Puffs Vape Podovima<\/h2>\n<ul>\n<li><strong>\u0160to \u010dini UWIN 35k puffs Tornado Vape Music jedinstvenim?<\/strong><br \/>\nUWIN Tornado se isti\u010de svojim <strong>kapacitetom od 35.000 udisaja<\/strong>, RGB svjetlima koja se sinkroniziraju s glazbom i \u0161irokim rasponom <strong>16 vrhunskih okusa<\/strong>, nude\u0107i elegantno i impresivno iskustvo vapinga.<\/li>\n<li><strong>Koju vrstu grija\u010da koristi UWIN Tornado Vape Music 35k puff?<\/strong><br \/>\nUWIN Tornado ima <strong>mre\u017easti grija\u010d od 1,0 ohma<\/strong>, osiguravaju\u0107i glatku, ukusnu i dosljednu proizvodnju pare za svaki puff.<\/li>\n<li><strong>Kako rade RGB svjetla?<\/strong><br \/>\nRGB svjetla ure\u0111aja su dinami\u010dna i prate ritam glazbe, stvaraju\u0107i vizualno privla\u010dno iskustvo koje nadopunjuje njegov moderan dizajn.<\/li>\n<li><strong>Za\u0161to bih trebao odabrati UWIN Tornado Vapes 35000 Puffs umjesto drugih jednokratnih vapeova?<\/strong><br \/>\nUWIN Tornado kombinira vrhunsku kvalitetu, inovativne zna\u010dajke i neusporediv kapacitet puffova, \u0161to ga \u010dini vrhunskim izborom na tr\u017ei\u0161tu vrhunskih vapeova.<\/li>\n<\/ul>","protected":false},"excerpt":{"rendered":"<p><strong>UWIN Tornado Vape Glazba 35000 Udisaja<\/strong>, revolucionarna promjena u jednokratnoj upotrebi vapea. Sa svojim dinami\u010dnim LED svjetlima sinkroniziranim s glazbom, ogromnim kapacitetom od 35.000 udisaja i punjivim Type-C dizajnom, ovaj vape spaja inovaciju sa stilom. Savr\u0161en za veletrgovce koji tra\u017ee vrhunske ure\u0111aje visokih performansi po konkurentnim cijenama.<\/p>\n<figure id=\"attachment_2951\" aria-describedby=\"caption-attachment-2951\" style=\"width: 265px\" class=\"wp-caption alignnone\"><img decoding=\"async\" class=\"size-medium wp-image-2951\" src=\"https:\/\/vapestornado.com\/wp-content\/uploads\/2024\/12\/Wholesale-Disposable-Vape-265x300.jpg\" alt=\"Veleprodaja jednokratnih vape ure\u0111aja\" width=\"265\" height=\"300\" srcset=\"https:\/\/vapestornado.com\/wp-content\/uploads\/2024\/12\/Wholesale-Disposable-Vape-265x300.jpg 265w, https:\/\/vapestornado.com\/wp-content\/uploads\/2024\/12\/Wholesale-Disposable-Vape-768x871.jpg 768w, https:\/\/vapestornado.com\/wp-content\/uploads\/2024\/12\/Wholesale-Disposable-Vape-600x680.jpg 600w, https:\/\/vapestornado.com\/wp-content\/uploads\/2024\/12\/Wholesale-Disposable-Vape.jpg 823w\" sizes=\"(max-width: 265px) 100vw, 265px\" \/><figcaption id=\"caption-attachment-2951\" class=\"wp-caption-text\">Molimo kontaktirajte Mandy's WhatsApp za cijenu s popustom\u00a0 <a href=\"https:\/\/wa.me\/8618077105796\">+8618077105796<\/a><\/figcaption><\/figure>\n<p>&nbsp;<\/p>","protected":false},"featured_media":3654,"comment_status":"open","ping_status":"closed","template":"","meta":{"_acf_changed":false,"_uag_custom_page_level_css":"","_lmt_disableupdate":"no","_lmt_disable":"","_monsterinsights_skip_tracking":false,"_monsterinsights_sitenote_active":false,"_monsterinsights_sitenote_note":"","_monsterinsights_sitenote_category":0,"site-sidebar-layout":"default","site-content-layout":"","ast-site-content-layout":"default","site-content-style":"default","site-sidebar-style":"default","ast-global-header-display":"","ast-banner-title-visibility":"","ast-main-header-display":"","ast-hfb-above-header-display":"","ast-hfb-below-header-display":"","ast-hfb-mobile-header-display":"","site-post-title":"","ast-breadcrumbs-content":"","ast-featured-img":"","footer-sml-layout":"","ast-disable-related-posts":"","theme-transparent-header-meta":"default","adv-header-id-meta":"","stick-header-meta":"","header-above-stick-meta":"","header-main-stick-meta":"","header-below-stick-meta":"","astra-migrate-meta-layouts":"set","ast-page-background-enabled":"default","ast-page-background-meta":{"desktop":{"background-color":"","background-image":"","background-repeat":"repeat","background-position":"center center","background-size":"auto","background-attachment":"scroll","background-type":"","background-media":"","overlay-type":"","overlay-color":"","overlay-opacity":"","overlay-gradient":""},"tablet":{"background-color":"","background-image":"","background-repeat":"repeat","background-position":"center center","background-size":"auto","background-attachment":"scroll","background-type":"","background-media":"","overlay-type":"","overlay-color":"","overlay-opacity":"","overlay-gradient":""},"mobile":{"background-color":"","background-image":"","background-repeat":"repeat","background-position":"center center","background-size":"auto","background-attachment":"scroll","background-type":"","background-media":"","overlay-type":"","overlay-color":"","overlay-opacity":"","overlay-gradient":""}},"ast-content-background-meta":{"desktop":{"background-color":"var(--ast-global-color-5)","background-image":"","background-repeat":"repeat","background-position":"center center","background-size":"auto","background-attachment":"scroll","background-type":"","background-media":"","overlay-type":"","overlay-color":"","overlay-opacity":"","overlay-gradient":""},"tablet":{"background-color":"var(--ast-global-color-5)","background-image":"","background-repeat":"repeat","background-position":"center center","background-size":"auto","background-attachment":"scroll","background-type":"","background-media":"","overlay-type":"","overlay-color":"","overlay-opacity":"","overlay-gradient":""},"mobile":{"background-color":"var(--ast-global-color-5)","background-image":"","background-repeat":"repeat","background-position":"center center","background-size":"auto","background-attachment":"scroll","background-type":"","background-media":"","overlay-type":"","overlay-color":"","overlay-opacity":"","overlay-gradient":""}},"_joinchat":{"telephone":"+8618077105796"}},"product_brand":[],"product_cat":[175,140,150,157,233],"product_tag":[97,133],"class_list":{"0":"post-3631","1":"product","2":"type-product","3":"status-publish","4":"has-post-thumbnail","6":"product_cat-35000-puff","7":"product_cat-big-puffs-disposable-vapes","8":"product_cat-buy-disposable-vapes-in-belgium","9":"product_cat-buy-disposable-vapes-in-portugal","10":"product_cat-uwin-vape","11":"product_tag-hot-sale-disposable-vape","12":"product_tag-uwin-tornado-35000","13":"desktop-align-left","14":"tablet-align-left","15":"mobile-align-left","17":"first","18":"instock","19":"sale","20":"shipping-taxable","21":"purchasable","22":"product-type-simple"},"acf":[],"uagb_featured_image_src":{"full":["https:\/\/vapestornado.com\/wp-content\/uploads\/2025\/01\/Good-Sale-Uwin-Tornado-35k-Puffs-Disposable-Vape.jpg",800,800,false],"thumbnail":["https:\/\/vapestornado.com\/wp-content\/uploads\/2025\/01\/Good-Sale-Uwin-Tornado-35k-Puffs-Disposable-Vape-150x150.jpg",150,150,true],"medium":["https:\/\/vapestornado.com\/wp-content\/uploads\/2025\/01\/Good-Sale-Uwin-Tornado-35k-Puffs-Disposable-Vape-300x300.jpg",300,300,true],"medium_large":["https:\/\/vapestornado.com\/wp-content\/uploads\/2025\/01\/Good-Sale-Uwin-Tornado-35k-Puffs-Disposable-Vape-768x768.jpg",768,768,true],"large":["https:\/\/vapestornado.com\/wp-content\/uploads\/2025\/01\/Good-Sale-Uwin-Tornado-35k-Puffs-Disposable-Vape.jpg",800,800,false],"1536x1536":["https:\/\/vapestornado.com\/wp-content\/uploads\/2025\/01\/Good-Sale-Uwin-Tornado-35k-Puffs-Disposable-Vape.jpg",800,800,false],"2048x2048":["https:\/\/vapestornado.com\/wp-content\/uploads\/2025\/01\/Good-Sale-Uwin-Tornado-35k-Puffs-Disposable-Vape.jpg",800,800,false],"trp-custom-language-flag":["https:\/\/vapestornado.com\/wp-content\/uploads\/2025\/01\/Good-Sale-Uwin-Tornado-35k-Puffs-Disposable-Vape.jpg",12,12,false],"woocommerce_thumbnail":["https:\/\/vapestornado.com\/wp-content\/uploads\/2025\/01\/Good-Sale-Uwin-Tornado-35k-Puffs-Disposable-Vape-300x300.jpg",300,300,true],"woocommerce_single":["https:\/\/vapestornado.com\/wp-content\/uploads\/2025\/01\/Good-Sale-Uwin-Tornado-35k-Puffs-Disposable-Vape-600x600.jpg",600,600,true],"woocommerce_gallery_thumbnail":["https:\/\/vapestornado.com\/wp-content\/uploads\/2025\/01\/Good-Sale-Uwin-Tornado-35k-Puffs-Disposable-Vape-100x100.jpg",100,100,true]},"uagb_author_info":{"display_name":"ESMANDY","author_link":"https:\/\/vapestornado.com\/hr\/author\/"},"uagb_comment_info":0,"uagb_excerpt":"UWIN Tornado Vape Music 35000 Puffs, a game-changer in disposable vaping. With its dynamic music-synced LED lights, massive 35,000 puffs capacity, and rechargeable Type-C design, this vape blends innovation with style. Perfect for wholesalers seeking premium, high-performance devices at competitive prices. [caption id=\"attachment_2951\" align=\"alignnone\" width=\"265\"] Pls Contact Mandy's WhatsApp For Discount Price\u00a0 +8618077105796[\/caption] &nbsp;","_links":{"self":[{"href":"https:\/\/vapestornado.com\/hr\/wp-json\/wp\/v2\/product\/3631","targetHints":{"allow":["GET"]}}],"collection":[{"href":"https:\/\/vapestornado.com\/hr\/wp-json\/wp\/v2\/product"}],"about":[{"href":"https:\/\/vapestornado.com\/hr\/wp-json\/wp\/v2\/types\/product"}],"replies":[{"embeddable":true,"href":"https:\/\/vapestornado.com\/hr\/wp-json\/wp\/v2\/comments?post=3631"}],"wp:featuredmedia":[{"embeddable":true,"href":"https:\/\/vapestornado.com\/hr\/wp-json\/wp\/v2\/media\/3654"}],"wp:attachment":[{"href":"https:\/\/vapestornado.com\/hr\/wp-json\/wp\/v2\/media?parent=3631"}],"wp:term":[{"taxonomy":"product_brand","embeddable":true,"href":"https:\/\/vapestornado.com\/hr\/wp-json\/wp\/v2\/product_brand?post=3631"},{"taxonomy":"product_cat","embeddable":true,"href":"https:\/\/vapestornado.com\/hr\/wp-json\/wp\/v2\/product_cat?post=3631"},{"taxonomy":"product_tag","embeddable":true,"href":"https:\/\/vapestornado.com\/hr\/wp-json\/wp\/v2\/product_tag?post=3631"}],"curies":[{"name":"wp","href":"https:\/\/api.w.org\/{rel}","templated":true}]}}