{"id":3624,"date":"2025-01-02T07:15:34","date_gmt":"2025-01-02T07:15:34","guid":{"rendered":"https:\/\/vapestornado.com\/?post_type=product&#038;p=3624"},"modified":"2025-08-23T11:39:50","modified_gmt":"2025-08-23T11:39:50","slug":"vozol-star-20000-puffs-disposable-vape-2-low-nicotine-bulk-buy-wholesale-cheap-price","status":"publish","type":"product","link":"https:\/\/vapestornado.com\/hr\/product\/vozol-star-20000-puffs-disposable-vape-2-low-nicotine-bulk-buy-wholesale-cheap-price\/","title":{"rendered":"VOZOL Star 20000 Puffs Jednokratni Vape 2% Niska Nikotinska Masovna Kupnja Veleprodajna Jeftina Cijena"},"content":{"rendered":"<h1 class=\"product-title\">VOZOL Star 20000 Puffs Jednokratni Vape 2% Niska Nikotinska Masovna Kupnja Veleprodajna Jeftina Cijena<\/h1>\n<p data-start=\"197\" data-end=\"530\">Ovo <strong data-start=\"201\" data-end=\"243\">VOZOL Star 20000 Puffs Jednokratni Vape<\/strong> je inovativan ure\u0111aj izra\u0111en za vapere i <strong data-start=\"289\" data-end=\"315\">veleprodajne distributere<\/strong> koji \u017eele ne\u0161to jedinstveno na polici. Kao prvi jednokratni ure\u0111aj na svijetu s <strong data-start=\"395\" data-end=\"421\">2.2\u201d HD zrcalnim zaslonom<\/strong>, pru\u017ea futuristi\u010dki dizajn i prakti\u010dnu funkcionalnost, \u010dine\u0107i ga istaknutim u svakoj maloprodajnoj ponudi.<\/p>\n<p data-start=\"532\" data-end=\"840\">S do <strong data-start=\"543\" data-end=\"559\">20.000 puffova<\/strong>, Star pokre\u0107e <strong data-start=\"586\" data-end=\"617\">650mAh punjiva baterija<\/strong> i <strong data-start=\"624\" data-end=\"657\">24 ml prethodno napunjen spremnik e-teku\u0107ine<\/strong>, osiguravaju\u0107i produljenu izvedbu. Ure\u0111aj <strong data-start=\"694\" data-end=\"719\">sustav dvostruke mre\u017easte zavojnice<\/strong> proizvodi bogat okus i guste oblake, dok podesive postavke omogu\u0107uju korisnicima da personaliziraju svoje sesije vapinga.<\/p>\n<p data-start=\"842\" data-end=\"1136\">Ovo <strong data-start=\"846\" data-end=\"874\">interaktivni zaslon u boji<\/strong> prikazuje broj udisaja, razinu baterije i preostalu e-teku\u0107inu u stvarnom vremenu, daju\u0107i kupcima potpunu kontrolu nad njihovim iskustvom. Njegova elegantna i moderna zavr\u0161na obrada \u010dini ga posebno privla\u010dnim mla\u0111oj populaciji diljem Njema\u010dke, Francuske, \u0160panjolske i drugih tr\u017ei\u0161ta EU.<\/p>\n<p data-start=\"1138\" data-end=\"1324\">Za veletrgovce, <strong data-start=\"1159\" data-end=\"1177\">VOZOL Star 20K<\/strong> kombinira napredne zna\u010dajke, dugotrajnu upotrebu i konkurentne cijene za velike koli\u010dine\u2014\u0161to ga \u010dini jednokratnim vapeom s jakom prodajom za distribuciju u Hrvatskoj.<\/p>\n<p><strong>Naru\u010dite VOZOL Star 20000 jednokratni vape<\/strong> online putem <strong>vapestornado online trgovine vape opremom<\/strong>\u00a0i u\u017eivajte u jedinstvenim uslugama dostave diljem <strong>Njema\u010dku<\/strong>, <strong>Nizozemska<\/strong>, <strong>Francusku<\/strong>, <strong>Italiju<\/strong>, <strong>\u0160panjolsku<\/strong>, <strong>Hrvatske<\/strong>, <strong>\u0160vedska<\/strong>, <strong>Poljsku<\/strong>, <strong>Belgija<\/strong>, <strong>Austrija<\/strong>, <strong>Hrvatske<\/strong>, <strong>Danska<\/strong>, <strong>Finska<\/strong>, <strong>Portugal<\/strong>, <strong>Ma\u0111arska<\/strong>, i vi\u0161e.<\/p>\n<p>&nbsp;<\/p>\n<p><span style=\"color: #ff0000;\"><strong>Dodajte Amy na WhatsApp za brzi odgovor i kupon za vape!<\/strong><\/span><\/p>\n<p><img fetchpriority=\"high\" decoding=\"async\" class=\"size-full wp-image-2932\" src=\"https:\/\/vapestornado.com\/wp-content\/uploads\/2024\/12\/Vape-Wholesale.jpg\" alt=\"Veleprodaja vejpova\" width=\"229\" height=\"300\" \/><\/p>\n<h3><a href=\"https:\/\/wa.me\/8617776015835\" target=\"_blank\" rel=\"noopener\"><span style=\"color: #ff0000;\"><strong>WhatsApp: +86 17776015835<\/strong><\/span><\/a><\/h3>\n<p>&nbsp;<\/p>\n<h2 class=\"product-title\"><strong>VOZOL Star 20000 zna\u010dajke proizvoda<\/strong><\/h2>\n<div role=\"article\" data-tabster=\"{&quot;groupper&quot;:{&quot;tabbability&quot;:2},&quot;focusable&quot;:{}}\" data-content=\"ai-message\" aria-labelledby=\"juhNTJ6o7Gk1cgwZMJgv2-author juhNTJ6o7Gk1cgwZMJgv2-content\">\n<div id=\"juhNTJ6o7Gk1cgwZMJgv2-content\">\n<div role=\"article\" data-tabster=\"{&quot;groupper&quot;:{&quot;tabbability&quot;:2},&quot;focusable&quot;:{}}\" data-content=\"ai-message\" aria-labelledby=\"x4EZuCZWrTbh3weWUt7CU-author x4EZuCZWrTbh3weWUt7CU-content\">\n<div id=\"x4EZuCZWrTbh3weWUt7CU-content\">\n<div class=\"flex max-w-full flex-col flex-grow\">\n<div class=\"min-h-8 text-message flex w-full flex-col items-end gap-2 whitespace-normal break-words text-start [.text-message+&amp;]:mt-5\" dir=\"auto\" data-message-author-role=\"assistant\" data-message-id=\"52c6e00a-252f-4104-805d-2f1a84739c71\" data-message-model-slug=\"gpt-4o\">\n<div class=\"flex w-full flex-col gap-1 empty:hidden first:pt-[3px]\">\n<div class=\"markdown prose w-full break-words dark:prose-invert light\">\n<p>&nbsp;<\/p>\n<ol>\n<li><strong>2,2\u2033 HD zrcalni zaslon<\/strong>: Jasan, interaktivni zaslon za jednostavno pra\u0107enje statistike vapinga.<\/li>\n<li><strong>Tehnologija dvostruke mre\u017easte zavojnice<\/strong>: Poja\u010dava intenzitet okusa i osigurava dosljednu proizvodnju pare.<\/li>\n<li><strong>Do 20.000 uvla\u010denja<\/strong>: Dugotrajno iskustvo vapinga s prilagodljivim performansama.<\/li>\n<li><strong>650mAh Punjiva Baterija<\/strong>: Brzo punjenje za produ\u017eenu upotrebu s minimalnim zastojima.<\/li>\n<li><strong>Kapacitet e-teku\u0107ine 24 ml<\/strong>: Osigurava dovoljno e-teku\u0107ine za duge sesije bez \u010destog dopunjavanja.<\/li>\n<li><strong>Prozirni dizajn<\/strong>: Pregled preostale e-teku\u0107ine za dodatnu prakti\u010dnost i jednostavnost upotrebe.<\/li>\n<\/ol>\n<figure id=\"attachment_3630\" aria-describedby=\"caption-attachment-3630\" style=\"width: 800px\" class=\"wp-caption alignnone\"><img decoding=\"async\" class=\"wp-image-3630 size-full\" src=\"https:\/\/vapestornado.com\/wp-content\/uploads\/2025\/01\/Vozol-Star-20000-Puff-Rechargeable-Disposable-Vape.webp\" alt=\"Vozol Star 20000 Puff punjivi jednokratni vape\" width=\"800\" height=\"800\" srcset=\"https:\/\/vapestornado.com\/wp-content\/uploads\/2025\/01\/Vozol-Star-20000-Puff-Rechargeable-Disposable-Vape.webp 800w, https:\/\/vapestornado.com\/wp-content\/uploads\/2025\/01\/Vozol-Star-20000-Puff-Rechargeable-Disposable-Vape-300x300.webp 300w, https:\/\/vapestornado.com\/wp-content\/uploads\/2025\/01\/Vozol-Star-20000-Puff-Rechargeable-Disposable-Vape-150x150.webp 150w, https:\/\/vapestornado.com\/wp-content\/uploads\/2025\/01\/Vozol-Star-20000-Puff-Rechargeable-Disposable-Vape-768x768.webp 768w, https:\/\/vapestornado.com\/wp-content\/uploads\/2025\/01\/Vozol-Star-20000-Puff-Rechargeable-Disposable-Vape-600x600.webp 600w, https:\/\/vapestornado.com\/wp-content\/uploads\/2025\/01\/Vozol-Star-20000-Puff-Rechargeable-Disposable-Vape-100x100.webp 100w\" sizes=\"(max-width: 800px) 100vw, 800px\" \/><figcaption id=\"caption-attachment-3630\" class=\"wp-caption-text\">Vozol Star 20000 Puff punjivi jednokratni vape<\/figcaption><\/figure>\n<\/div>\n<\/div>\n<\/div>\n<\/div>\n<div class=\"mb-2 flex gap-3 empty:hidden -ml-2\"><\/div>\n<\/div>\n<\/div>\n<\/div>\n<\/div>\n<h2 class=\"product-title\"><strong>Popularan okus za VOZOL Star 20000<\/strong><strong>\u00a0<\/strong><strong>Jednokratni Vape ure\u0111aji<\/strong><\/h2>\n<p>Vozol Vista 20000 pru\u017ea raznolik i uzbudljiv niz opcija za va\u0161u liniju proizvoda, udovoljavaju\u0107i razli\u010ditim ukusima! U nastavku prona\u0111ite popularne okuse prema na\u0161im podacima o prodaji i povratnim informacijama kupaca.<\/p>\n<p>1.Limun metvica<br \/>\n2. Mije\u0161ano bobi\u010dasto vo\u0107e<span style=\"color: #ff0000;\"> <strong>&gt;&gt;&gt; Vru\u0107e!<\/strong><\/span><br \/>\n3.Jagoda Mango<br \/>\n4.Mango Led<br \/>\n5.Mango Ananas Grejp<br \/>\n6. Ledeno gro\u017e\u0111e<span style=\"color: #ff0000;\"><strong>&gt;&gt;&gt; Vru\u0107e!<\/strong><\/span><br \/>\n7. Led od breskve<br \/>\n8. Lemom Limeta<br \/>\n9. Led od lubenice <span style=\"color: #ff0000;\"><strong>&gt;&gt;&gt; Vru\u0107e!<\/strong><\/span><br \/>\n10. Zmajevo vo\u0107e Banana Tre\u0161nja<br \/>\n11. Dvostruki led od jabuke<br \/>\n12. Limunada od tre\u0161nje<br \/>\n13. Jagoda lubenica<br \/>\n14. Led od plave maline <span style=\"color: #ff0000;\"><strong>&gt;&gt;&gt; Vru\u0107e!<\/strong><\/span><br \/>\n15. Oluja borovnica<br \/>\n16. Plavi Mojito <span style=\"color: #ff0000;\"><strong>&gt;&gt;&gt; Najbolje !<\/strong><\/span><br \/>\n17. Malina Lubenica<br \/>\n18. Lavafire<\/p>\n<p>&nbsp;<\/p>\n<div class=\"flex-shrink-0 flex flex-col relative items-end\">\n<div class=\"pt-0\">\n<div class=\"gizmo-bot-avatar flex h-8 w-8 items-center justify-center overflow-hidden rounded-full\">\n<div class=\"relative p-1 rounded-sm flex items-center justify-center bg-token-main-surface-primary text-token-text-primary h-8 w-8\">\n<h2>\u010cesta pitanja za VOZOL Star 20k<strong>\u00a0<\/strong>Vape za jednokratnu upotrebu<\/h2>\n<p>&nbsp;<\/p>\n<ol>\n<li><strong>Koliko traje VOZOL Star 20000?<\/strong><br \/>\nVOZOL Star pru\u017ea do <strong>20.000 puffova<\/strong>, nude\u0107i dugotrajno iskustvo za strastvene korisnike.<\/li>\n<li><strong>Koja je svrha 2,2-in\u010dnog HD zrcalnog zaslona?<\/strong><br \/>\nOvo <strong>2.2\u2033 HD zrcalni zaslon<\/strong> prikazuje va\u017ene informacije poput broja puhanja, trajanja baterije i razine e-teku\u0107ine za interaktivno iskustvo prilago\u0111eno korisniku.<\/li>\n<li><strong>Kako tehnologija dvostruke mre\u017easte zavojnice pobolj\u0161ava iskustvo kori\u0161tenja?<\/strong><br \/>\nOvo <strong>tehnologiji s dvostrukom mre\u017eastom zavojnicom<\/strong> pove\u0107ava intenzitet okusa i osigurava dosljednu proizvodnju pare, pru\u017eaju\u0107i korisnicima gla\u0111e i bogatije iskustvo.<\/li>\n<li><strong>Je li VOZOL Star punjiv?<\/strong><br \/>\nDa, ure\u0111aj dolazi s <strong>650mAh punjiva baterija<\/strong> i mo\u017ee se brzo napuniti kako bi se smanjilo vrijeme neaktivnosti.<\/li>\n<li><strong>Koliko e-teku\u0107ine dr\u017ei VOZOL Star?<\/strong><br \/>\nOvo <strong>VOZOL Zvijezda<\/strong> ima <strong>24mL kapacitetom e-teku\u0107ine<\/strong>, \u0161to je idealno za duge sesije parenja.<\/li>\n<li><strong>Gdje mogu kupiti VOZOL Star 20000 Puffs?<\/strong><br \/>\nOvo <strong>VOZOL Star 20000 Udisaja<\/strong> dostupan je za kupnju online na <strong>vapestornado<\/strong>, s uslugama dostave u razne europske zemlje, uklju\u010duju\u0107i <strong>Njema\u010dku<\/strong>, <strong>Francusku<\/strong>, <strong>Italiju<\/strong>, i vi\u0161e.<\/li>\n<\/ol>\n<div class=\"flex max-w-full flex-col flex-grow\"><\/div>\n<\/div>\n<\/div>\n<\/div>\n<\/div>\n<div class=\"flex-shrink-0 flex flex-col relative items-end\">\n<div class=\"pt-0\">\n<div class=\"gizmo-bot-avatar flex h-8 w-8 items-center justify-center overflow-hidden rounded-full\">\n<div class=\"relative p-1 rounded-sm flex items-center justify-center bg-token-main-surface-primary text-token-text-primary h-8 w-8\">\n<div class=\"mb-2 flex gap-3 empty:hidden -ml-2\">\n<div role=\"article\" data-tabster=\"{&quot;groupper&quot;:{&quot;tabbability&quot;:2},&quot;focusable&quot;:{}}\" data-content=\"ai-message\" aria-labelledby=\"Vdt5ez4X7Tg813x6rFVha-author Vdt5ez4X7Tg813x6rFVha-content\">\n<div id=\"Vdt5ez4X7Tg813x6rFVha-content\">\n<div role=\"article\" data-tabster=\"{&quot;groupper&quot;:{&quot;tabbability&quot;:2},&quot;focusable&quot;:{}}\" data-content=\"ai-message\" aria-labelledby=\"o968oC7CEo2fGHsGdsRYC-author o968oC7CEo2fGHsGdsRYC-content\">\n<div id=\"o968oC7CEo2fGHsGdsRYC-content\">\n<h2>Za\u0161to odabrati vapestornado za veleprodaju Vozol Star 20k Puffs Vape?<\/h2>\n<div class=\"flex-shrink-0 flex flex-col relative items-end\">\n<div class=\"pt-0\">\n<div class=\"gizmo-bot-avatar flex h-8 w-8 items-center justify-center overflow-hidden rounded-full\">\n<div class=\"relative p-1 rounded-sm flex items-center justify-center bg-token-main-surface-primary text-token-text-primary h-8 w-8\">\n<p>Dobrodo\u0161li u vapestornado, va\u0161u pouzdanu online vape trgovinu za vrhunske jednokratne vape ure\u0111aje. S vi\u0161e od 5 godina stru\u010dnosti, donosimo vam popularne marke jednokratnih vape ure\u0111aja kao \u0161to su Fumot RandM Vape, <a href=\"https:\/\/vapestornado.com\/hr\/product-category\/vapme-shisha\/\">Vapme<\/a>, Bang Vape, Waspe Vape i WGA Vape, itd.<\/p>\n<p>Na\u0161 asortiman uklju\u010duje vru\u0107e vapeove poput <a href=\"https:\/\/vapestornado.com\/hr\/product\/randm-12000-puffs-fumot-digital-disposable-vape-wholesale-price\/\">RandM Tornado 12000<\/a>, i izbor bogat okusom poput <a href=\"https:\/\/vapestornado.com\/hr\/product\/wga-crystal-pro-max-extra-15000-puffs-rechargeable-disposable-vape-wholesale-bulk-buy\/\">\u00a0WGA Crystal 15k Udisaja<\/a> . Svaki proizvod odabran je s fokusom na kvalitetu, vrijednost i raznolikost, osiguravaju\u0107i da prona\u0111ete savr\u0161eno podudaranje za svoje potrebe. Otkrijte iznimnu uslugu i \u0161irok spektar vrhunskih proizvoda po veleprodajnoj cijeni na vapestornado.<\/p>\n<\/div>\n<p>&nbsp;<\/p>\n<p><strong>Ostali popularni jednokratni vape ure\u0111aji<\/strong><\/p>\n<p><a href=\"https:\/\/vapestornado.com\/hr\/product\/vozol-vista-20000-vape-rechargeable-disposable-vape-wholesale-cheap-price\/\">VOZOL VISTA 20000 Usta <span style=\"color: #ff0000;\"><strong>&gt;&gt;&gt;&gt; Kreni !<\/strong><\/span><\/a><\/p>\n<p><a href=\"https:\/\/vapestornado.com\/hr\/product\/vozol-gear-power-20k-20000-puffs-vape-rechargeable-disposable-box-bulk-buy-cheap-price\/\">VOZOL Zvijezda 20000<span style=\"color: #ff0000;\"><strong>&gt;&gt;&gt;&gt; Kreni !<\/strong><\/span><\/a><\/p>\n<p><a href=\"https:\/\/vapestornado.com\/hr\/product\/puff-25k-bang-king-25000-puffs-rechargeable-disposable-vape-wholesale-bulk-buy\/\">Bang King 25000 <span style=\"color: #ff0000;\"><strong>&gt;&gt;&gt;&gt; Kreni !<\/strong><\/span><\/a><\/p>\n<\/div>\n<\/div>\n<\/div>\n<p>&nbsp;<\/p>\n<\/div>\n<\/div>\n<\/div>\n<\/div>\n<\/div>\n<\/div>\n<\/div>\n<\/div>\n<\/div>","protected":false},"excerpt":{"rendered":"<p>VOZOL Star 20000 Puffs 21% Low Nicotine Disposable Vape Veleprodaja<br \/>\nVOZOL Star 20000 Puff Digitalni Display jednokratni Vape Masovna kupnja<br \/>\nVOZOL Star 20k Punivi jednokratni Vape Povoljna cijena<\/p>\n<p><strong>Dodajte Amy na WhatsApp za brzi odgovor i kupon za vape!<\/strong><\/p>\n<p><img fetchpriority=\"high\" decoding=\"async\" class=\"size-full wp-image-2932\" src=\"https:\/\/vapestornado.com\/wp-content\/uploads\/2024\/12\/Vape-Wholesale.jpg\" alt=\"Veleprodaja vejpova\" width=\"229\" height=\"300\" \/><\/p>\n<h3><a href=\"https:\/\/wa.me\/8617776015835\"><span style=\"color: #ff0000;\"><strong>WhatsApp: +86 17776015835<\/strong><\/span><\/a><\/h3>\n<p>&nbsp;<\/p>","protected":false},"featured_media":3625,"comment_status":"open","ping_status":"closed","template":"","meta":{"_acf_changed":false,"_uag_custom_page_level_css":"","_lmt_disableupdate":"no","_lmt_disable":"","_monsterinsights_skip_tracking":false,"_monsterinsights_sitenote_active":false,"_monsterinsights_sitenote_note":"","_monsterinsights_sitenote_category":0,"site-sidebar-layout":"default","site-content-layout":"","ast-site-content-layout":"default","site-content-style":"default","site-sidebar-style":"default","ast-global-header-display":"","ast-banner-title-visibility":"","ast-main-header-display":"","ast-hfb-above-header-display":"","ast-hfb-below-header-display":"","ast-hfb-mobile-header-display":"","site-post-title":"","ast-breadcrumbs-content":"","ast-featured-img":"","footer-sml-layout":"","ast-disable-related-posts":"","theme-transparent-header-meta":"default","adv-header-id-meta":"","stick-header-meta":"","header-above-stick-meta":"","header-main-stick-meta":"","header-below-stick-meta":"","astra-migrate-meta-layouts":"set","ast-page-background-enabled":"default","ast-page-background-meta":{"desktop":{"background-color":"","background-image":"","background-repeat":"repeat","background-position":"center center","background-size":"auto","background-attachment":"scroll","background-type":"","background-media":"","overlay-type":"","overlay-color":"","overlay-opacity":"","overlay-gradient":""},"tablet":{"background-color":"","background-image":"","background-repeat":"repeat","background-position":"center center","background-size":"auto","background-attachment":"scroll","background-type":"","background-media":"","overlay-type":"","overlay-color":"","overlay-opacity":"","overlay-gradient":""},"mobile":{"background-color":"","background-image":"","background-repeat":"repeat","background-position":"center center","background-size":"auto","background-attachment":"scroll","background-type":"","background-media":"","overlay-type":"","overlay-color":"","overlay-opacity":"","overlay-gradient":""}},"ast-content-background-meta":{"desktop":{"background-color":"var(--ast-global-color-5)","background-image":"","background-repeat":"repeat","background-position":"center center","background-size":"auto","background-attachment":"scroll","background-type":"","background-media":"","overlay-type":"","overlay-color":"","overlay-opacity":"","overlay-gradient":""},"tablet":{"background-color":"var(--ast-global-color-5)","background-image":"","background-repeat":"repeat","background-position":"center center","background-size":"auto","background-attachment":"scroll","background-type":"","background-media":"","overlay-type":"","overlay-color":"","overlay-opacity":"","overlay-gradient":""},"mobile":{"background-color":"var(--ast-global-color-5)","background-image":"","background-repeat":"repeat","background-position":"center center","background-size":"auto","background-attachment":"scroll","background-type":"","background-media":"","overlay-type":"","overlay-color":"","overlay-opacity":"","overlay-gradient":""}},"_joinchat":{"telephone":"+8617776015835"}},"product_brand":[],"product_cat":[69,154,155,157,160,142,146,57],"product_tag":[165,105,97,166,94,222,221,220],"class_list":{"0":"post-3624","1":"product","2":"type-product","3":"status-publish","4":"has-post-thumbnail","6":"product_cat-20000-puff","7":"product_cat-buy-disposable-vapes-in-netherlands","8":"product_cat-buy-disposable-vapes-in-norway","9":"product_cat-buy-disposable-vapes-in-portugal","10":"product_cat-buy-disposable-vapes-in-switzerland","11":"product_cat-digital-box-disposable-vapes","12":"product_cat-rechargeable-disposable-vapes","13":"product_cat-vozol-vape","14":"product_tag-cheap-vapes","15":"product_tag-digital-disposable-vape","16":"product_tag-hot-sale-disposable-vape","17":"product_tag-low-nicotine-vape","18":"product_tag-rechargeable-disposable-vape","19":"product_tag-vozol-gear-power-20000","20":"product_tag-vozol-gear-power-20k","21":"product_tag-vozol-vape","22":"desktop-align-left","23":"tablet-align-left","24":"mobile-align-left","26":"first","27":"instock","28":"sale","29":"shipping-taxable","30":"purchasable","31":"product-type-simple"},"acf":[],"uagb_featured_image_src":{"full":["https:\/\/vapestornado.com\/wp-content\/uploads\/2025\/01\/Vozol-Star-20000-Puff-Disposable-Vape-Love-777-Flavor.webp",800,800,false],"thumbnail":["https:\/\/vapestornado.com\/wp-content\/uploads\/2025\/01\/Vozol-Star-20000-Puff-Disposable-Vape-Love-777-Flavor-150x150.webp",150,150,true],"medium":["https:\/\/vapestornado.com\/wp-content\/uploads\/2025\/01\/Vozol-Star-20000-Puff-Disposable-Vape-Love-777-Flavor-300x300.webp",300,300,true],"medium_large":["https:\/\/vapestornado.com\/wp-content\/uploads\/2025\/01\/Vozol-Star-20000-Puff-Disposable-Vape-Love-777-Flavor-768x768.webp",768,768,true],"large":["https:\/\/vapestornado.com\/wp-content\/uploads\/2025\/01\/Vozol-Star-20000-Puff-Disposable-Vape-Love-777-Flavor.webp",800,800,false],"1536x1536":["https:\/\/vapestornado.com\/wp-content\/uploads\/2025\/01\/Vozol-Star-20000-Puff-Disposable-Vape-Love-777-Flavor.webp",800,800,false],"2048x2048":["https:\/\/vapestornado.com\/wp-content\/uploads\/2025\/01\/Vozol-Star-20000-Puff-Disposable-Vape-Love-777-Flavor.webp",800,800,false],"trp-custom-language-flag":["https:\/\/vapestornado.com\/wp-content\/uploads\/2025\/01\/Vozol-Star-20000-Puff-Disposable-Vape-Love-777-Flavor.webp",12,12,false],"woocommerce_thumbnail":["https:\/\/vapestornado.com\/wp-content\/uploads\/2025\/01\/Vozol-Star-20000-Puff-Disposable-Vape-Love-777-Flavor-300x300.webp",300,300,true],"woocommerce_single":["https:\/\/vapestornado.com\/wp-content\/uploads\/2025\/01\/Vozol-Star-20000-Puff-Disposable-Vape-Love-777-Flavor-600x600.webp",600,600,true],"woocommerce_gallery_thumbnail":["https:\/\/vapestornado.com\/wp-content\/uploads\/2025\/01\/Vozol-Star-20000-Puff-Disposable-Vape-Love-777-Flavor-100x100.webp",100,100,true]},"uagb_author_info":{"display_name":"ESAMY","author_link":"https:\/\/vapestornado.com\/hr\/author\/"},"uagb_comment_info":0,"uagb_excerpt":"VOZOL Star 20000 Puffs 2% Low Nicotine Disposable Vape Wholesale VOZOL Star 20000 Puff \u00a0Digital Display Disposable Vape Bulk Buy VOZOL Star 20k Rechargeable Disposable Vape Cheap Price Add Amy's whatsapp get right reply and vape coupon! WhatsApp: +86 17776015835 &nbsp;","_links":{"self":[{"href":"https:\/\/vapestornado.com\/hr\/wp-json\/wp\/v2\/product\/3624","targetHints":{"allow":["GET"]}}],"collection":[{"href":"https:\/\/vapestornado.com\/hr\/wp-json\/wp\/v2\/product"}],"about":[{"href":"https:\/\/vapestornado.com\/hr\/wp-json\/wp\/v2\/types\/product"}],"replies":[{"embeddable":true,"href":"https:\/\/vapestornado.com\/hr\/wp-json\/wp\/v2\/comments?post=3624"}],"wp:featuredmedia":[{"embeddable":true,"href":"https:\/\/vapestornado.com\/hr\/wp-json\/wp\/v2\/media\/3625"}],"wp:attachment":[{"href":"https:\/\/vapestornado.com\/hr\/wp-json\/wp\/v2\/media?parent=3624"}],"wp:term":[{"taxonomy":"product_brand","embeddable":true,"href":"https:\/\/vapestornado.com\/hr\/wp-json\/wp\/v2\/product_brand?post=3624"},{"taxonomy":"product_cat","embeddable":true,"href":"https:\/\/vapestornado.com\/hr\/wp-json\/wp\/v2\/product_cat?post=3624"},{"taxonomy":"product_tag","embeddable":true,"href":"https:\/\/vapestornado.com\/hr\/wp-json\/wp\/v2\/product_tag?post=3624"}],"curies":[{"name":"wp","href":"https:\/\/api.w.org\/{rel}","templated":true}]}}