{"id":3614,"date":"2025-01-02T03:10:17","date_gmt":"2025-01-02T03:10:17","guid":{"rendered":"https:\/\/vapestornado.com\/?post_type=product&#038;p=3614"},"modified":"2025-08-23T12:23:25","modified_gmt":"2025-08-23T12:23:25","slug":"vozol-gear-power-20k-20000-puffs-vape-rechargeable-disposable-box-bulk-buy-cheap-price","status":"publish","type":"product","link":"https:\/\/vapestornado.com\/hr\/product\/vozol-gear-power-20k-20000-puffs-vape-rechargeable-disposable-box-bulk-buy-cheap-price\/","title":{"rendered":"VOZOL Gear Power 20K 20000 Puffs Vape Punjiva Jednokratna Kutija Masovna Kupnja Jeftina Cijena"},"content":{"rendered":"<h1 class=\"product-title\">VOZOL Gear Power 20K 20000 Puffs Vape Punjiva Jednokratna Kutija Masovna Kupnja Jeftina Cijena<\/h1>\n<p>VOZOL GEAR POWER 20k dolazi prethodno napunjen s impresivnih <strong>20 mL e-teku\u0107ine<\/strong>, \u0161to ga \u010dini idealnim \u010dak i za najzahtjevnije korisnike, traju\u0107i vi\u0161e od tjedan dana. Nudi <strong>tri opcije ja\u010dine nikotina<\/strong>\u20140 mg, 20 mg i 50 mg\u2014i dostupan je u <strong>20 jedinstvenih okusa<\/strong>, zadovoljavaju\u0107i \u0161irok raspon preferencija.<\/p>\n<p>Ure\u0111aj ima <strong>650 mAh punjiva baterija<\/strong>, osiguravaju\u0107i dosljedne performanse. Brzo se puni putem USB-C priklju\u010dka i uklju\u010duje <strong>mre\u017easte dvostruke zavojnice sa S.i.L.C (glatko, identi\u010dno, dugotrajno, \u010disto) tehnologijom<\/strong>, pru\u017eaju\u0107i glatko i dosljedno iskustvo vapinga s pobolj\u0161anim okusom i proizvodnjom pare.<\/p>\n<p>Dizajniran za svestranost, GEAR POWER nudi dva na\u010dina rada. <strong>ECO na\u010din rada<\/strong> isporu\u010duje do <strong>20.000 puffova<\/strong>, idealno za dugotrajnu upotrebu, dok <strong>NA\u010cIN RADA POWER<\/strong> prioritizira bogatiji okus i gu\u0161\u0107u paru, pru\u017eaju\u0107i oko <strong>12.000 udisaja<\/strong>.<\/p>\n<p>Korisni\u010dki prilago\u0111en <strong>LED zaslon<\/strong> prikazuje trenutni na\u010din rada, preostali postotak baterije i razinu e-teku\u0107ine, \u0161to olak\u0161ava pra\u0107enje kori\u0161tenja. Za dodatnu higijenu, ure\u0111aj dolazi sa <strong>silikonskim poklopcem<\/strong> za za\u0161titu usnika kada se ne koristi.<\/p>\n<p>Kombiniraju\u0107i iznimne performanse, prakti\u010dnost i moderan dizajn, VOZOL GEAR POWER savr\u0161en je izbor za vapere koji tra\u017ee pouzdan ure\u0111aj za jednokratnu upotrebu visoke kvalitete.<\/p>\n<p>&nbsp;<\/p>\n<p><span style=\"color: #ff0000;\"><strong>Dodajte Amy na WhatsApp za brzi odgovor i kupon za vape!<\/strong><\/span><\/p>\n<p><img fetchpriority=\"high\" decoding=\"async\" class=\"size-full wp-image-2932\" src=\"https:\/\/vapestornado.com\/wp-content\/uploads\/2024\/12\/Vape-Wholesale.jpg\" alt=\"Veleprodaja vejpova\" width=\"229\" height=\"300\" \/><\/p>\n<h3><a href=\"https:\/\/wa.me\/8617776015835\" target=\"_blank\" rel=\"noopener\"><span style=\"color: #ff0000;\"><strong>WhatsApp: +86 17776015835<\/strong><\/span><\/a><\/h3>\n<p>&nbsp;<\/p>\n<h2 class=\"product-title\"><strong>VOZOL Gear Power 20K Zna\u010dajke proizvoda<\/strong><\/h2>\n<div role=\"article\" data-tabster=\"{&quot;groupper&quot;:{&quot;tabbability&quot;:2},&quot;focusable&quot;:{}}\" data-content=\"ai-message\" aria-labelledby=\"juhNTJ6o7Gk1cgwZMJgv2-author juhNTJ6o7Gk1cgwZMJgv2-content\">\n<div id=\"juhNTJ6o7Gk1cgwZMJgv2-content\">\n<div role=\"article\" data-tabster=\"{&quot;groupper&quot;:{&quot;tabbability&quot;:2},&quot;focusable&quot;:{}}\" data-content=\"ai-message\" aria-labelledby=\"x4EZuCZWrTbh3weWUt7CU-author x4EZuCZWrTbh3weWUt7CU-content\">\n<div id=\"x4EZuCZWrTbh3weWUt7CU-content\">\n<div class=\"flex max-w-full flex-col flex-grow\">\n<div class=\"min-h-8 text-message flex w-full flex-col items-end gap-2 whitespace-normal break-words text-start [.text-message+&amp;]:mt-5\" dir=\"auto\" data-message-author-role=\"assistant\" data-message-id=\"52c6e00a-252f-4104-805d-2f1a84739c71\" data-message-model-slug=\"gpt-4o\">\n<div class=\"flex w-full flex-col gap-1 empty:hidden first:pt-[3px]\">\n<div class=\"markdown prose w-full break-words dark:prose-invert light\">\n<p>&nbsp;<\/p>\n<ul>\n<li><strong>Ogroman kapacitet e-teku\u0107ine<\/strong>: Prethodno napunjen s 20 ml e-teku\u0107ine, traje vi\u0161e od tjedan dana, \u010dak i za te\u0161ke korisnike.<\/li>\n<li><strong>Opcije nikotina<\/strong>: Dostupan u <strong>0, 20 i 50 mg<\/strong> ja\u010dinama u 20 jedinstvenih okusa.<\/li>\n<li><strong>Punjiva baterija<\/strong>: Sadr\u017ei bateriju od 650 mAh, punjivu putem USB-C.<\/li>\n<li><strong>Napredni grija\u010di<\/strong>: Mre\u017easti dvostruki grija\u010di sa <strong>S.i.L.C tehnologijom<\/strong> osiguravaju glatke, dosljedne udarce.<\/li>\n<\/ul>\n<p><strong>Dvostruki na\u010dini rada za svestranost<\/strong><\/p>\n<ul>\n<li><strong>ECO na\u010din rada<\/strong>: Nudi do <strong>20.000 puffova<\/strong> za dugotrajnu upotrebu.<\/li>\n<li><strong>NA\u010cIN RADA POWER<\/strong>: Pru\u017ea bogatiji okus i gu\u0161\u0107u paru, s otprilike <strong>12.000 udisaja<\/strong>.<\/li>\n<\/ul>\n<\/div>\n<\/div>\n<\/div>\n<\/div>\n<div class=\"mb-2 flex gap-3 empty:hidden -ml-2\">\n<figure id=\"attachment_3610\" aria-describedby=\"caption-attachment-3610\" style=\"width: 1000px\" class=\"wp-caption alignnone\"><img decoding=\"async\" class=\"wp-image-3610 size-full\" src=\"https:\/\/vapestornado.com\/wp-content\/uploads\/2025\/01\/VOZOL-Gear-Power-20000-Disposable-Bulk-Buy.jpg\" alt=\"VOZOL Gear Power 20000 Jednokratna kupnja na veliko\" width=\"1000\" height=\"1000\" srcset=\"https:\/\/vapestornado.com\/wp-content\/uploads\/2025\/01\/VOZOL-Gear-Power-20000-Disposable-Bulk-Buy.jpg 1000w, https:\/\/vapestornado.com\/wp-content\/uploads\/2025\/01\/VOZOL-Gear-Power-20000-Disposable-Bulk-Buy-300x300.jpg 300w, https:\/\/vapestornado.com\/wp-content\/uploads\/2025\/01\/VOZOL-Gear-Power-20000-Disposable-Bulk-Buy-150x150.jpg 150w, https:\/\/vapestornado.com\/wp-content\/uploads\/2025\/01\/VOZOL-Gear-Power-20000-Disposable-Bulk-Buy-768x768.jpg 768w, https:\/\/vapestornado.com\/wp-content\/uploads\/2025\/01\/VOZOL-Gear-Power-20000-Disposable-Bulk-Buy-600x600.jpg 600w, https:\/\/vapestornado.com\/wp-content\/uploads\/2025\/01\/VOZOL-Gear-Power-20000-Disposable-Bulk-Buy-100x100.jpg 100w\" sizes=\"(max-width: 1000px) 100vw, 1000px\" \/><figcaption id=\"caption-attachment-3610\" class=\"wp-caption-text\">VOZOL Gear Power 20000 Jednokratna kupnja na veliko<\/figcaption><\/figure>\n<\/div>\n<\/div>\n<\/div>\n<\/div>\n<\/div>\n<h2 class=\"product-title\"><strong>Popularni okusi za VOZOL Gear Power 20000<\/strong><strong>\u00a0<\/strong><strong>Jednokratni Vape ure\u0111aji<\/strong><\/h2>\n<p>Vozol Vista 20000 pru\u017ea raznolik i uzbudljiv niz opcija za va\u0161u liniju proizvoda, udovoljavaju\u0107i razli\u010ditim ukusima! U nastavku prona\u0111ite popularne okuse prema na\u0161im podacima o prodaji i povratnim informacijama kupaca.<\/p>\n<p>1.Limun metvica<br \/>\n2. Mije\u0161ano bobi\u010dasto vo\u0107e <span style=\"color: #ff0000;\"><strong>&gt;&gt;&gt; Vru\u0107e!<\/strong><\/span><br \/>\n3.Jagoda Mango<br \/>\n4.Mango Led<br \/>\n5.Mango Ananas Grejp<br \/>\n6. Ledeno gro\u017e\u0111e<span style=\"color: #ff0000;\"><strong>&gt;&gt;&gt; Vru\u0107e!<\/strong><\/span><br \/>\n7. Led od breskve<br \/>\n8. Lemom Limeta<br \/>\n9. Led od lubenice<br \/>\n10. Zmajevo vo\u0107e Banana Tre\u0161nja <span style=\"color: #ff0000;\"><strong>&gt;&gt;&gt; Vru\u0107e!<\/strong><\/span><br \/>\n11. Dvostruki led od jabuke<br \/>\n12. Limunada od tre\u0161nje<br \/>\n13. Jagoda lubenica<br \/>\n14. Led od plave maline <span style=\"color: #ff0000;\"><strong>&gt;&gt;&gt; Najbolje !<\/strong><\/span><br \/>\n15. Oluja borovnica<br \/>\n16. Plavi Mojito <span style=\"color: #ff0000;\"><strong>&gt;&gt;&gt; Vru\u0107e!<\/strong><\/span><br \/>\n17. Malina Lubenica<br \/>\n18. Lavafire<\/p>\n<div class=\"flex-shrink-0 flex flex-col relative items-end\">\n<div class=\"pt-0\">\n<div class=\"gizmo-bot-avatar flex h-8 w-8 items-center justify-center overflow-hidden rounded-full\">\n<div class=\"relative p-1 rounded-sm flex items-center justify-center bg-token-main-surface-primary text-token-text-primary h-8 w-8\">\n<h2>\u010cesto postavljana pitanja za VOZOL Gear Power 20K<strong>\u00a0<\/strong>Vape za jednokratnu upotrebu<\/h2>\n<p>&nbsp;<\/p>\n<div class=\"flex max-w-full flex-col flex-grow\">\n<div class=\"min-h-8 text-message flex w-full flex-col items-end gap-2 whitespace-normal break-words text-start [.text-message+&amp;]:mt-5\" dir=\"auto\" data-message-author-role=\"assistant\" data-message-id=\"4dc48248-df95-45bd-b800-6dedb43cf7f1\" data-message-model-slug=\"gpt-4o\">\n<div class=\"flex w-full flex-col gap-1 empty:hidden first:pt-[3px]\">\n<div class=\"markdown prose w-full break-words dark:prose-invert light\">\n<ol>\n<li><strong>Koliko dugo traje VOZOL GEAR POWER?<\/strong><br \/>\nVOZOL GEAR POWER nudi do <strong>20.000 puffova<\/strong> u ECO na\u010dinu rada i oko <strong>12.000 udisaja<\/strong> u POWER na\u010dinu rada, ovisno o navikama kori\u0161tenja. Sa svojim kapacitetom e-teku\u0107ine od 20 ml, mo\u017ee trajati vi\u0161e od tjedan dana za te\u0161ke korisnike.<\/li>\n<li><strong>Koje su ja\u010dine nikotina dostupne za VOZOL GEAR POWER 20k?<\/strong><br \/>\nGEAR POWER 20k je dostupan u <strong>0 mg, 20 mg i 50 mg ja\u010dine nikotina<\/strong>, \u0161to ga \u010dini prikladnim za razli\u010dite preferencije i potrebe za nikotinom.<\/li>\n<li><strong>Mogu li napuniti GEAR POWER i kako to mogu u\u010diniti?<\/strong><br \/>\nDa, ure\u0111aj ima <strong>650 mAh punjiva baterija<\/strong>. Mo\u017ee se lako napuniti pomo\u0107u <strong>USB-C kabela<\/strong>, osiguravaju\u0107i neprekidnu upotrebu.<\/li>\n<li><strong>Koje su arome dostupne za VOZOL GEAR POWER 20000?<\/strong><br \/>\nGEAR POWER dolazi u <strong>20 jedinstvenih okusa<\/strong>, u rasponu od vo\u0107nih i slatkih do klasi\u010dnih i odva\u017enih, zadovoljavaju\u0107i \u0161irok raspon ukusa.<\/li>\n<li><strong>Kako VOZL 20000 osigurava dosljednu aromu i proizvodnju pare?<\/strong><br \/>\nUre\u0111aj je opremljen s <strong>mre\u017eastim dvostrukim grija\u010dima i S.i.L.C (glatka, identi\u010dna, dugotrajna, \u010dista) tehnologija<\/strong>, osiguravaju\u0107i glatke, dosljedne udarce s pobolj\u0161anom aromom i proizvodnjom pare.<\/li>\n<li><strong>Koje zna\u010dajke \u010dine GEAR POWER jednostavnim za kori\u0161tenje?<\/strong><br \/>\nGEAR POWER uklju\u010duje <strong>svijetli LED zaslon<\/strong> koji prikazuje na\u010din rada, postotak baterije i razinu e-teku\u0107ine. Tako\u0111er dolazi s <strong>silikonskim poklopcem<\/strong> za\u0161titnim poklopcem za usnik kako bi usnik bio \u010dist kada se ne koristi, dodaju\u0107i prakti\u010dnost i higijenu.<\/li>\n<\/ol>\n<\/div>\n<\/div>\n<\/div>\n<\/div>\n<\/div>\n<\/div>\n<\/div>\n<\/div>\n<div class=\"flex-shrink-0 flex flex-col relative items-end\">\n<div class=\"pt-0\">\n<div class=\"gizmo-bot-avatar flex h-8 w-8 items-center justify-center overflow-hidden rounded-full\">\n<div class=\"relative p-1 rounded-sm flex items-center justify-center bg-token-main-surface-primary text-token-text-primary h-8 w-8\">\n<div class=\"mb-2 flex gap-3 empty:hidden -ml-2\">\n<div role=\"article\" data-tabster=\"{&quot;groupper&quot;:{&quot;tabbability&quot;:2},&quot;focusable&quot;:{}}\" data-content=\"ai-message\" aria-labelledby=\"Vdt5ez4X7Tg813x6rFVha-author Vdt5ez4X7Tg813x6rFVha-content\">\n<div id=\"Vdt5ez4X7Tg813x6rFVha-content\">\n<div role=\"article\" data-tabster=\"{&quot;groupper&quot;:{&quot;tabbability&quot;:2},&quot;focusable&quot;:{}}\" data-content=\"ai-message\" aria-labelledby=\"o968oC7CEo2fGHsGdsRYC-author o968oC7CEo2fGHsGdsRYC-content\">\n<div id=\"o968oC7CEo2fGHsGdsRYC-content\">\n<h2>Za\u0161to odabrati vapestornado za VOZOL 20K Puffs Vape veleprodaju?<\/h2>\n<div class=\"flex-shrink-0 flex flex-col relative items-end\">\n<div class=\"pt-0\">\n<div class=\"gizmo-bot-avatar flex h-8 w-8 items-center justify-center overflow-hidden rounded-full\">\n<div class=\"relative p-1 rounded-sm flex items-center justify-center bg-token-main-surface-primary text-token-text-primary h-8 w-8\">\n<p>Dobrodo\u0161li u vapestornado, va\u0161u pouzdanu online vape trgovinu za vrhunske jednokratne vape ure\u0111aje. S vi\u0161e od 5 godina stru\u010dnosti, donosimo vam popularne marke jednokratnih vape ure\u0111aja kao \u0161to su Fumot RandM Vape, <a href=\"https:\/\/vapestornado.com\/hr\/product-category\/vapme-shisha\/\">Vapme<\/a>, Bang Vape, Waspe Vape i WGA Vape, itd.<\/p>\n<p>Na\u0161 asortiman uklju\u010duje vru\u0107e vapeove poput <a href=\"https:\/\/vapestornado.com\/hr\/product\/randm-12000-puffs-fumot-digital-disposable-vape-wholesale-price\/\">RandM Tornado 12000<\/a>, i izbor bogat okusom poput <a href=\"https:\/\/vapestornado.com\/hr\/product\/wga-crystal-pro-max-extra-15000-puffs-rechargeable-disposable-vape-wholesale-bulk-buy\/\">\u00a0WGA Crystal 15k Udisaja<\/a> . Svaki proizvod odabran je s fokusom na kvalitetu, vrijednost i raznolikost, osiguravaju\u0107i da prona\u0111ete savr\u0161eno podudaranje za svoje potrebe. Otkrijte iznimnu uslugu i \u0161irok spektar vrhunskih proizvoda po veleprodajnoj cijeni na vapestornado.<\/p>\n<\/div>\n<p>&nbsp;<\/p>\n<p><strong>Ostali popularni jednokratni vape ure\u0111aji<\/strong><\/p>\n<p><a href=\"https:\/\/vapestornado.com\/hr\/product\/vozol-vista-20000-vape-rechargeable-disposable-vape-wholesale-cheap-price\/\">VOZOL VISTA 20000 Usta <span style=\"color: #ff0000;\"><strong>&gt;&gt;&gt;&gt; Kreni !<\/strong><\/span><\/a><\/p>\n<p><a href=\"https:\/\/vapestornado.com\/hr\/product\/vopk-ultra-40000-puffs-2-in-1-digital-screen-rechargeable-disposable-vape\/\">VOPK 40000 Dvostruki okus<span style=\"color: #ff0000;\"><strong>&gt;&gt;&gt;&gt; Kreni !<\/strong><\/span><\/a><\/p>\n<p><a href=\"https:\/\/vapestornado.com\/hr\/product\/puff-25k-bang-king-25000-puffs-rechargeable-disposable-vape-wholesale-bulk-buy\/\">Bang King 25000 <span style=\"color: #ff0000;\"><strong>&gt;&gt;&gt;&gt; Kreni !<\/strong><\/span><\/a><\/p>\n<\/div>\n<\/div>\n<\/div>\n<p>&nbsp;<\/p>\n<\/div>\n<\/div>\n<\/div>\n<\/div>\n<\/div>\n<\/div>\n<\/div>\n<\/div>\n<\/div>","protected":false},"excerpt":{"rendered":"<p>VOZOL Gear Power 20K Puffova 2% Jednokratna Vape Niske Razine Nikotina Veleprodaja<br \/>\nVOZOL Gear Power 20000 Puffova Jednokratna Vape s Digitalnim Zaslonom Skupna Kupnja<br \/>\nVOZOL Gear Power 20k Punjiva Jednokratna Vape Jeftina Cijena<\/p>\n<p><strong>Dodajte Amy na WhatsApp za brzi odgovor i kupon za vape!<\/strong><\/p>\n<p><img fetchpriority=\"high\" decoding=\"async\" class=\"size-full wp-image-2932\" src=\"https:\/\/vapestornado.com\/wp-content\/uploads\/2024\/12\/Vape-Wholesale.jpg\" alt=\"Veleprodaja vejpova\" width=\"229\" height=\"300\" \/><\/p>\n<h3><a href=\"https:\/\/wa.me\/8617776015835\"><span style=\"color: #ff0000;\"><strong>WhatsApp: +86 17776015835<\/strong><\/span><\/a><\/h3>\n<p>&nbsp;<\/p>","protected":false},"featured_media":3611,"comment_status":"open","ping_status":"closed","template":"","meta":{"_acf_changed":false,"_uag_custom_page_level_css":"","_lmt_disableupdate":"no","_lmt_disable":"","_monsterinsights_skip_tracking":false,"_monsterinsights_sitenote_active":false,"_monsterinsights_sitenote_note":"","_monsterinsights_sitenote_category":0,"site-sidebar-layout":"default","site-content-layout":"","ast-site-content-layout":"default","site-content-style":"default","site-sidebar-style":"default","ast-global-header-display":"","ast-banner-title-visibility":"","ast-main-header-display":"","ast-hfb-above-header-display":"","ast-hfb-below-header-display":"","ast-hfb-mobile-header-display":"","site-post-title":"","ast-breadcrumbs-content":"","ast-featured-img":"","footer-sml-layout":"","ast-disable-related-posts":"","theme-transparent-header-meta":"default","adv-header-id-meta":"","stick-header-meta":"","header-above-stick-meta":"","header-main-stick-meta":"","header-below-stick-meta":"","astra-migrate-meta-layouts":"set","ast-page-background-enabled":"default","ast-page-background-meta":{"desktop":{"background-color":"","background-image":"","background-repeat":"repeat","background-position":"center center","background-size":"auto","background-attachment":"scroll","background-type":"","background-media":"","overlay-type":"","overlay-color":"","overlay-opacity":"","overlay-gradient":""},"tablet":{"background-color":"","background-image":"","background-repeat":"repeat","background-position":"center center","background-size":"auto","background-attachment":"scroll","background-type":"","background-media":"","overlay-type":"","overlay-color":"","overlay-opacity":"","overlay-gradient":""},"mobile":{"background-color":"","background-image":"","background-repeat":"repeat","background-position":"center center","background-size":"auto","background-attachment":"scroll","background-type":"","background-media":"","overlay-type":"","overlay-color":"","overlay-opacity":"","overlay-gradient":""}},"ast-content-background-meta":{"desktop":{"background-color":"var(--ast-global-color-5)","background-image":"","background-repeat":"repeat","background-position":"center center","background-size":"auto","background-attachment":"scroll","background-type":"","background-media":"","overlay-type":"","overlay-color":"","overlay-opacity":"","overlay-gradient":""},"tablet":{"background-color":"var(--ast-global-color-5)","background-image":"","background-repeat":"repeat","background-position":"center center","background-size":"auto","background-attachment":"scroll","background-type":"","background-media":"","overlay-type":"","overlay-color":"","overlay-opacity":"","overlay-gradient":""},"mobile":{"background-color":"var(--ast-global-color-5)","background-image":"","background-repeat":"repeat","background-position":"center center","background-size":"auto","background-attachment":"scroll","background-type":"","background-media":"","overlay-type":"","overlay-color":"","overlay-opacity":"","overlay-gradient":""}},"_joinchat":{"telephone":"+8617776015835"}},"product_brand":[],"product_cat":[69,140,150,154,158,143,144,146,57],"product_tag":[165,105,97,166,94,222,221,220],"class_list":{"0":"post-3614","1":"product","2":"type-product","3":"status-publish","4":"has-post-thumbnail","6":"product_cat-20000-puff","7":"product_cat-big-puffs-disposable-vapes","8":"product_cat-buy-disposable-vapes-in-belgium","9":"product_cat-buy-disposable-vapes-in-netherlands","10":"product_cat-buy-disposable-vapes-in-spain","11":"product_cat-dual-mesh-disposable-vapes","12":"product_cat-low-nicotine-disposable-vapes","13":"product_cat-rechargeable-disposable-vapes","14":"product_cat-vozol-vape","15":"product_tag-cheap-vapes","16":"product_tag-digital-disposable-vape","17":"product_tag-hot-sale-disposable-vape","18":"product_tag-low-nicotine-vape","19":"product_tag-rechargeable-disposable-vape","20":"product_tag-vozol-gear-power-20000","21":"product_tag-vozol-gear-power-20k","22":"product_tag-vozol-vape","23":"desktop-align-left","24":"tablet-align-left","25":"mobile-align-left","27":"first","28":"instock","29":"sale","30":"shipping-taxable","31":"purchasable","32":"product-type-simple"},"acf":[],"uagb_featured_image_src":{"full":["https:\/\/vapestornado.com\/wp-content\/uploads\/2025\/01\/VOZOL-Gear-Power-20000-Disposable-Wholesale-Price.jpg",1000,1000,false],"thumbnail":["https:\/\/vapestornado.com\/wp-content\/uploads\/2025\/01\/VOZOL-Gear-Power-20000-Disposable-Wholesale-Price-150x150.jpg",150,150,true],"medium":["https:\/\/vapestornado.com\/wp-content\/uploads\/2025\/01\/VOZOL-Gear-Power-20000-Disposable-Wholesale-Price-300x300.jpg",300,300,true],"medium_large":["https:\/\/vapestornado.com\/wp-content\/uploads\/2025\/01\/VOZOL-Gear-Power-20000-Disposable-Wholesale-Price-768x768.jpg",768,768,true],"large":["https:\/\/vapestornado.com\/wp-content\/uploads\/2025\/01\/VOZOL-Gear-Power-20000-Disposable-Wholesale-Price.jpg",1000,1000,false],"1536x1536":["https:\/\/vapestornado.com\/wp-content\/uploads\/2025\/01\/VOZOL-Gear-Power-20000-Disposable-Wholesale-Price.jpg",1000,1000,false],"2048x2048":["https:\/\/vapestornado.com\/wp-content\/uploads\/2025\/01\/VOZOL-Gear-Power-20000-Disposable-Wholesale-Price.jpg",1000,1000,false],"trp-custom-language-flag":["https:\/\/vapestornado.com\/wp-content\/uploads\/2025\/01\/VOZOL-Gear-Power-20000-Disposable-Wholesale-Price.jpg",12,12,false],"woocommerce_thumbnail":["https:\/\/vapestornado.com\/wp-content\/uploads\/2025\/01\/VOZOL-Gear-Power-20000-Disposable-Wholesale-Price-300x300.jpg",300,300,true],"woocommerce_single":["https:\/\/vapestornado.com\/wp-content\/uploads\/2025\/01\/VOZOL-Gear-Power-20000-Disposable-Wholesale-Price-600x600.jpg",600,600,true],"woocommerce_gallery_thumbnail":["https:\/\/vapestornado.com\/wp-content\/uploads\/2025\/01\/VOZOL-Gear-Power-20000-Disposable-Wholesale-Price-100x100.jpg",100,100,true]},"uagb_author_info":{"display_name":"ESAMY","author_link":"https:\/\/vapestornado.com\/hr\/author\/"},"uagb_comment_info":0,"uagb_excerpt":"VOZOL Gear Power 20K\u00a0 Puffs 2% Low Nicotine Disposable Vape Wholesale VOZOL Gear Power 20000 Puff \u00a0Digital Display Disposable Vape Bulk Buy VOZOL Gear Power 20k Rechargeable Disposable Vape Cheap Price Add Amy's whatsapp get right reply and vape coupon! WhatsApp: +86 17776015835 &nbsp;","_links":{"self":[{"href":"https:\/\/vapestornado.com\/hr\/wp-json\/wp\/v2\/product\/3614","targetHints":{"allow":["GET"]}}],"collection":[{"href":"https:\/\/vapestornado.com\/hr\/wp-json\/wp\/v2\/product"}],"about":[{"href":"https:\/\/vapestornado.com\/hr\/wp-json\/wp\/v2\/types\/product"}],"replies":[{"embeddable":true,"href":"https:\/\/vapestornado.com\/hr\/wp-json\/wp\/v2\/comments?post=3614"}],"wp:featuredmedia":[{"embeddable":true,"href":"https:\/\/vapestornado.com\/hr\/wp-json\/wp\/v2\/media\/3611"}],"wp:attachment":[{"href":"https:\/\/vapestornado.com\/hr\/wp-json\/wp\/v2\/media?parent=3614"}],"wp:term":[{"taxonomy":"product_brand","embeddable":true,"href":"https:\/\/vapestornado.com\/hr\/wp-json\/wp\/v2\/product_brand?post=3614"},{"taxonomy":"product_cat","embeddable":true,"href":"https:\/\/vapestornado.com\/hr\/wp-json\/wp\/v2\/product_cat?post=3614"},{"taxonomy":"product_tag","embeddable":true,"href":"https:\/\/vapestornado.com\/hr\/wp-json\/wp\/v2\/product_tag?post=3614"}],"curies":[{"name":"wp","href":"https:\/\/api.w.org\/{rel}","templated":true}]}}