{"id":3599,"date":"2024-12-31T09:42:44","date_gmt":"2024-12-31T09:42:44","guid":{"rendered":"https:\/\/vapestornado.com\/?post_type=product&#038;p=3599"},"modified":"2025-08-23T09:39:43","modified_gmt":"2025-08-23T09:39:43","slug":"hayati-pro-ultra-bang-box-30k-puffs-dual-flavor-vape","status":"publish","type":"product","link":"https:\/\/vapestornado.com\/hr\/product\/hayati-pro-ultra-bang-box-30k-puffs-dual-flavor-vape\/","title":{"rendered":"Hayati Pro ULTRA Bang Box 30k Puffs Vape s Dvostrukim Okusom"},"content":{"rendered":"<h1>\u0160to je Hayati Pro ULTRA Bang Box 30000 Puffs Dual Flavor?<\/h1>\n<p data-start=\"398\" data-end=\"668\">Ovo <strong data-start=\"402\" data-end=\"454\">Bang Box 30000 Puffs Dual Flavor Jednokratni Vape<\/strong> je izra\u0111en za kapacitet, raznolikost i dosljedne performanse. S <strong data-start=\"522\" data-end=\"549\">35 ml spremnikom e-teku\u0107ine<\/strong> i <strong data-start=\"557\" data-end=\"595\">850mAh punjiva kobaltna baterija<\/strong>, isporu\u010duje preko <strong data-start=\"614\" data-end=\"630\">30.000 puffova<\/strong>\u2014daleko nadma\u0161uju\u0107i standardne jednokratne ure\u0111aje.<\/p>\n<p data-start=\"670\" data-end=\"960\">Njegova <strong data-start=\"674\" data-end=\"696\">sustav dvostrukog okusa<\/strong> omogu\u0107uje korisnicima prebacivanje izme\u0111u dvije opcije okusa u jednom ure\u0111aju, nude\u0107i fleksibilnost i svje\u017einu bez no\u0161enja vi\u0161e vape ure\u0111aja. The <strong data-start=\"828\" data-end=\"846\">0,8\u03a9 mre\u017easta zavojnica<\/strong> pobolj\u0161ava proizvodnju pare i intenzitet okusa, dok je <strong data-start=\"905\" data-end=\"929\">Type-C brzo punjenje<\/strong> svodi vrijeme zastoja na minimum.<\/p>\n<p data-start=\"962\" data-end=\"1207\">Kompaktan i jednostavan za kori\u0161tenje, <strong data-start=\"991\" data-end=\"1012\">Bang Box 30K Vape<\/strong> kombinira dugotrajne performanse s vrhunskim zna\u010dajkama, \u0161to ga \u010dini sna\u017enim izborom za veletrgovce, trgovce na malo i svakodnevne korisnike koji tra\u017ee prakti\u010dnost dvostrukog okusa u jednokratnom ure\u0111aju velikog kapaciteta.<\/p>\n<figure id=\"attachment_3601\" aria-describedby=\"caption-attachment-3601\" style=\"width: 1024px\" class=\"wp-caption alignnone\"><img fetchpriority=\"high\" decoding=\"async\" class=\"size-large wp-image-3601\" src=\"https:\/\/vapestornado.com\/wp-content\/uploads\/2024\/12\/Bang-Box-30000-Puffs-Dual-Flavor-Cheap-Price-Dual-Flavor-Satisfaction-at-an-Affordable-1024x576.jpg\" alt=\"Bang Box 30000 Puffs Dual Flavor Jeftina cijena Zadovoljstvo dvostrukim okusom po pristupa\u010dnoj cijeni\" width=\"1024\" height=\"576\" srcset=\"https:\/\/vapestornado.com\/wp-content\/uploads\/2024\/12\/Bang-Box-30000-Puffs-Dual-Flavor-Cheap-Price-Dual-Flavor-Satisfaction-at-an-Affordable-1024x576.jpg 1024w, https:\/\/vapestornado.com\/wp-content\/uploads\/2024\/12\/Bang-Box-30000-Puffs-Dual-Flavor-Cheap-Price-Dual-Flavor-Satisfaction-at-an-Affordable-300x169.jpg 300w, https:\/\/vapestornado.com\/wp-content\/uploads\/2024\/12\/Bang-Box-30000-Puffs-Dual-Flavor-Cheap-Price-Dual-Flavor-Satisfaction-at-an-Affordable-768x432.jpg 768w, https:\/\/vapestornado.com\/wp-content\/uploads\/2024\/12\/Bang-Box-30000-Puffs-Dual-Flavor-Cheap-Price-Dual-Flavor-Satisfaction-at-an-Affordable-1536x864.jpg 1536w, https:\/\/vapestornado.com\/wp-content\/uploads\/2024\/12\/Bang-Box-30000-Puffs-Dual-Flavor-Cheap-Price-Dual-Flavor-Satisfaction-at-an-Affordable-2048x1152.jpg 2048w, https:\/\/vapestornado.com\/wp-content\/uploads\/2024\/12\/Bang-Box-30000-Puffs-Dual-Flavor-Cheap-Price-Dual-Flavor-Satisfaction-at-an-Affordable-600x338.jpg 600w\" sizes=\"(max-width: 1024px) 100vw, 1024px\" \/><figcaption id=\"caption-attachment-3601\" class=\"wp-caption-text\">Bang Box 30000 Puffs Dual Flavor Jeftina cijena Zadovoljstvo dvostrukim okusom po pristupa\u010dnoj cijeni<\/figcaption><\/figure>\n<p>&nbsp;<\/p>\n<h3>Zna\u010dajke proizvoda<\/h3>\n<ol>\n<li>Masivnih 30.000+ udisaja s funkcionalno\u0161\u0107u dvostrukog okusa za vrhunsku raznolikost.<\/li>\n<li>35 ml kapaciteta e-teku\u0107ine za produljenu upotrebu bez \u010destih zamjena.<\/li>\n<li>850mAh punjiva baterija s Type-C brzim punjenjem.<\/li>\n<li>Napredna 0.8\u03a9 mre\u017easta zavojnica za intenzivne okuse i glatku proizvodnju pare.<\/li>\n<li>Elegantan, prenosiv dizajn savr\u0161en za vaping u pokretu.<\/li>\n<\/ol>\n<h3>Popis okusa<\/h3>\n<ol>\n<li>Jagoda Kiwi\/Lubenica Led<\/li>\n<li>Jagoda Kiwi\/Jagoda Lubenica<\/li>\n<li>Sok od breskve\/Borovnica Led<\/li>\n<li>Borovnica Led\/Kiwi Marakuja Guava<\/li>\n<li>Borovnica Kisela Malina Led\/Mije\u0161ano vo\u0107e<\/li>\n<li>Trojna Bobica Led\/Jagoda Mango<\/li>\n<li>\u017dvaka\u0107a guma od lubenice\/Lubenica od jagode<\/li>\n<li>Borovnica Led\/Lubenica Led<\/li>\n<li>Jagoda Lubenica\/Kiwi Marakuja Guava<\/li>\n<li>Crni Zmaj Led\/Mango Breskva Lubenica<\/li>\n<li>Plavi Raz Led\/Duplo Gro\u017e\u0111e<\/li>\n<li>Plavi Raz Led\/Jagoda Mango<\/li>\n<li><\/li>\n<\/ol>\n<h4><strong>Bang box 30k Top 5 Okusa<\/strong><\/h4>\n<ol>\n<li><strong>Jagoda Kiwi\/Lubenica Led<\/strong>: Osvje\u017eavaju\u0107a mje\u0161avina tropskog vo\u0107a i ledene slatko\u0107e.<\/li>\n<li><strong>Sok od breskve\/Borovnica Led<\/strong>: Slatka breskva susre\u0107e osvje\u017eavaju\u0107u borovnicu za uravnote\u017een vape.<\/li>\n<li><strong>Borovnica Kisela Malina Led\/Mije\u0161ano vo\u0107e<\/strong>: Opor, sladak i leden u svakom udisaju.<\/li>\n<li><strong>Trojna Bobica Led\/Jagoda Mango<\/strong>: Bobice i mango se mije\u0161aju za vo\u0107nu eksploziju.<\/li>\n<li><strong>Plavi Raz Led\/Duplo Gro\u017e\u0111e<\/strong>: Intenzivan okus gro\u017e\u0111a uparen s ledeno plavom malinom.<\/li>\n<\/ol>\n<h4><strong>Za\u0161to odabrati Bang Box 30k Puffs Dual Flavor?<\/strong><\/h4>\n<p>Bang Box 30000 Puffs Dual Flavor nudi iznimnu vrijednost i svestranost za vapere. Njegov sustav dvostrukog okusa omogu\u0107uje korisnicima prebacivanje izme\u0111u dva jedinstvena profila okusa u jednom ure\u0111aju, osiguravaju\u0107i ugodno i raznoliko iskustvo vapinga. Sa svojim velikim kapacitetom od 35 mL teku\u0107ine za vape i punjivom baterijom od 850 mAh, ovaj je ure\u0111aj napravljen za dugotrajnost, \u0161to ga \u010dini savr\u0161enim za te\u0161ke korisnike ili one koji ne vole \u010deste zamjene. Napredna tehnologija mre\u017easte zavojnice od 0,8 \u03a9 jam\u010di glatke, ukusne i guste oblake pare, podi\u017eu\u0107i va\u0161e sesije vapea. Nadalje, njegov moderan dizajn i kompaktna veli\u010dina \u010dine ga prakti\u010dnim za no\u0161enje bilo gdje, dok priklju\u010dak za punjenje Type-C osigurava brzo punjenje. Bilo da ste entuzijast okusa ili tra\u017eite izdr\u017eljivost, ovaj proizvod ispunjava sve razine.<\/p>\n<h2><strong>Bang Box 30k Puffs Dual Flavor \u010cesto postavljana pitanja<\/strong><\/h2>\n<ol>\n<li><strong>Koliko udisaja pru\u017ea Bang Box 30000 Puffs Dual Flavor?<\/strong><br \/>\nPru\u017ea preko 30.000 udisaja s funkcionalno\u0161\u0107u dvostrukog okusa.<\/li>\n<li><strong>Je li Bang Box 30000 Puffs Dual Flavor punjiv?<\/strong><br \/>\nDa, ima punjivu bateriju od 850 mAh s priklju\u010dkom za punjenje Type-C.<\/li>\n<li><strong>\u0160to \u010dini sustav dvostrukog okusa jedinstvenim?<\/strong><br \/>\nUre\u0111aj omogu\u0107uje neprimjetno prebacivanje izme\u0111u dva okusa, nude\u0107i raznolikost u jednom vapeu.<\/li>\n<li><strong>Koju tehnologiju zavojnice koristi ovaj ure\u0111aj?<\/strong><br \/>\nKoristi mre\u017eastu zavojnicu od 0,8\u03a9 za pobolj\u0161ani okus i proizvodnju pare.<\/li>\n<li><strong>Koliko je kombinacija okusa dostupno?<\/strong><br \/>\nMo\u017eete birati izme\u0111u 12 uzbudljivih kombinacija dvostrukih okusa.<\/li>\n<\/ol>\n<h4>Bang Box Dual Flavor 30000 vapes veleprodaja Kontaktirajte nas i ostvarite popust odmah!<a href=\"https:\/\/wa.me\/8618077105750\" target=\"_blank\" rel=\"noopener\">+8618077105750<\/a><\/h4>\n<p><img decoding=\"async\" class=\"size-large wp-image-2921\" src=\"https:\/\/vapestornado.com\/wp-content\/uploads\/2024\/11\/20062b3a285f900e79520aad496b94d-887x1024.jpg\" alt=\"vapestornado Vicky\" width=\"887\" height=\"1024\" srcset=\"https:\/\/vapestornado.com\/wp-content\/uploads\/2024\/11\/20062b3a285f900e79520aad496b94d-887x1024.jpg 887w, https:\/\/vapestornado.com\/wp-content\/uploads\/2024\/11\/20062b3a285f900e79520aad496b94d-260x300.jpg 260w, https:\/\/vapestornado.com\/wp-content\/uploads\/2024\/11\/20062b3a285f900e79520aad496b94d-768x887.jpg 768w, https:\/\/vapestornado.com\/wp-content\/uploads\/2024\/11\/20062b3a285f900e79520aad496b94d-600x693.jpg 600w, https:\/\/vapestornado.com\/wp-content\/uploads\/2024\/11\/20062b3a285f900e79520aad496b94d.jpg 1080w\" sizes=\"(max-width: 887px) 100vw, 887px\" \/><\/p>","protected":false},"excerpt":{"rendered":"<p>Bang Box 30000 Puffs Dual Flavor pru\u017ea vi\u0161e od 30.000+ udisaja, dvostruke okuse, punjivu bateriju i 0.8\u03a9 mre\u017eastu zavojnicu za intenzivan okus.<\/p>\n<p><strong><span style=\"color: #ff0000;\">(cijena na na\u0161oj web stranici ne uklju\u010duje tro\u0161kove dostave, molimo kontaktirajte me kako biste dobili ukupnu cijenu i va\u0161 popust!)<\/span><\/strong><\/p>\n<p><img decoding=\"async\" class=\"size-medium wp-image-2921\" src=\"https:\/\/vapestornado.com\/wp-content\/uploads\/2024\/11\/20062b3a285f900e79520aad496b94d-260x300.jpg\" alt=\"vapestornado Vicky\" width=\"260\" height=\"300\" srcset=\"https:\/\/vapestornado.com\/wp-content\/uploads\/2024\/11\/20062b3a285f900e79520aad496b94d-260x300.jpg 260w, https:\/\/vapestornado.com\/wp-content\/uploads\/2024\/11\/20062b3a285f900e79520aad496b94d-887x1024.jpg 887w, https:\/\/vapestornado.com\/wp-content\/uploads\/2024\/11\/20062b3a285f900e79520aad496b94d-768x887.jpg 768w, https:\/\/vapestornado.com\/wp-content\/uploads\/2024\/11\/20062b3a285f900e79520aad496b94d-600x693.jpg 600w, https:\/\/vapestornado.com\/wp-content\/uploads\/2024\/11\/20062b3a285f900e79520aad496b94d.jpg 1080w\" sizes=\"(max-width: 260px) 100vw, 260px\" \/><\/p>","protected":false},"featured_media":3605,"comment_status":"open","ping_status":"closed","template":"","meta":{"_acf_changed":false,"_uag_custom_page_level_css":"","_lmt_disableupdate":"no","_lmt_disable":"","_monsterinsights_skip_tracking":false,"_monsterinsights_sitenote_active":false,"_monsterinsights_sitenote_note":"","_monsterinsights_sitenote_category":0,"site-sidebar-layout":"default","site-content-layout":"","ast-site-content-layout":"default","site-content-style":"default","site-sidebar-style":"default","ast-global-header-display":"","ast-banner-title-visibility":"","ast-main-header-display":"","ast-hfb-above-header-display":"","ast-hfb-below-header-display":"","ast-hfb-mobile-header-display":"","site-post-title":"","ast-breadcrumbs-content":"","ast-featured-img":"","footer-sml-layout":"","ast-disable-related-posts":"","theme-transparent-header-meta":"default","adv-header-id-meta":"","stick-header-meta":"","header-above-stick-meta":"","header-main-stick-meta":"","header-below-stick-meta":"","astra-migrate-meta-layouts":"set","ast-page-background-enabled":"default","ast-page-background-meta":{"desktop":{"background-color":"","background-image":"","background-repeat":"repeat","background-position":"center center","background-size":"auto","background-attachment":"scroll","background-type":"","background-media":"","overlay-type":"","overlay-color":"","overlay-opacity":"","overlay-gradient":""},"tablet":{"background-color":"","background-image":"","background-repeat":"repeat","background-position":"center center","background-size":"auto","background-attachment":"scroll","background-type":"","background-media":"","overlay-type":"","overlay-color":"","overlay-opacity":"","overlay-gradient":""},"mobile":{"background-color":"","background-image":"","background-repeat":"repeat","background-position":"center center","background-size":"auto","background-attachment":"scroll","background-type":"","background-media":"","overlay-type":"","overlay-color":"","overlay-opacity":"","overlay-gradient":""}},"ast-content-background-meta":{"desktop":{"background-color":"var(--ast-global-color-5)","background-image":"","background-repeat":"repeat","background-position":"center center","background-size":"auto","background-attachment":"scroll","background-type":"","background-media":"","overlay-type":"","overlay-color":"","overlay-opacity":"","overlay-gradient":""},"tablet":{"background-color":"var(--ast-global-color-5)","background-image":"","background-repeat":"repeat","background-position":"center center","background-size":"auto","background-attachment":"scroll","background-type":"","background-media":"","overlay-type":"","overlay-color":"","overlay-opacity":"","overlay-gradient":""},"mobile":{"background-color":"var(--ast-global-color-5)","background-image":"","background-repeat":"repeat","background-position":"center center","background-size":"auto","background-attachment":"scroll","background-type":"","background-media":"","overlay-type":"","overlay-color":"","overlay-opacity":"","overlay-gradient":""}},"_joinchat":{"telephone":"+8618077105750"}},"product_brand":[],"product_cat":[67,64,153,154,159,143,144,146],"product_tag":[],"class_list":{"0":"post-3599","1":"product","2":"type-product","3":"status-publish","4":"has-post-thumbnail","6":"product_cat-30000-puff","7":"product_cat-bangbox-vape","8":"product_cat-buy-disposable-vapes-in-italy","9":"product_cat-buy-disposable-vapes-in-netherlands","10":"product_cat-buy-disposable-vapes-in-sweden","11":"product_cat-dual-mesh-disposable-vapes","12":"product_cat-low-nicotine-disposable-vapes","13":"product_cat-rechargeable-disposable-vapes","14":"desktop-align-left","15":"tablet-align-left","16":"mobile-align-left","18":"first","19":"instock","20":"sale","21":"shipping-taxable","22":"purchasable","23":"product-type-simple"},"acf":[],"uagb_featured_image_src":{"full":["https:\/\/vapestornado.com\/wp-content\/uploads\/2024\/12\/Bang-Box-30000-Puffs-Dual-Flavor-Review-Explore-Its-Unique-Dual-Flavor-Technology.jpg",939,935,false],"thumbnail":["https:\/\/vapestornado.com\/wp-content\/uploads\/2024\/12\/Bang-Box-30000-Puffs-Dual-Flavor-Review-Explore-Its-Unique-Dual-Flavor-Technology-150x150.jpg",150,150,true],"medium":["https:\/\/vapestornado.com\/wp-content\/uploads\/2024\/12\/Bang-Box-30000-Puffs-Dual-Flavor-Review-Explore-Its-Unique-Dual-Flavor-Technology-300x300.jpg",300,300,true],"medium_large":["https:\/\/vapestornado.com\/wp-content\/uploads\/2024\/12\/Bang-Box-30000-Puffs-Dual-Flavor-Review-Explore-Its-Unique-Dual-Flavor-Technology-768x765.jpg",768,765,true],"large":["https:\/\/vapestornado.com\/wp-content\/uploads\/2024\/12\/Bang-Box-30000-Puffs-Dual-Flavor-Review-Explore-Its-Unique-Dual-Flavor-Technology.jpg",939,935,false],"1536x1536":["https:\/\/vapestornado.com\/wp-content\/uploads\/2024\/12\/Bang-Box-30000-Puffs-Dual-Flavor-Review-Explore-Its-Unique-Dual-Flavor-Technology.jpg",939,935,false],"2048x2048":["https:\/\/vapestornado.com\/wp-content\/uploads\/2024\/12\/Bang-Box-30000-Puffs-Dual-Flavor-Review-Explore-Its-Unique-Dual-Flavor-Technology.jpg",939,935,false],"trp-custom-language-flag":["https:\/\/vapestornado.com\/wp-content\/uploads\/2024\/12\/Bang-Box-30000-Puffs-Dual-Flavor-Review-Explore-Its-Unique-Dual-Flavor-Technology.jpg",12,12,false],"woocommerce_thumbnail":["https:\/\/vapestornado.com\/wp-content\/uploads\/2024\/12\/Bang-Box-30000-Puffs-Dual-Flavor-Review-Explore-Its-Unique-Dual-Flavor-Technology-300x300.jpg",300,300,true],"woocommerce_single":["https:\/\/vapestornado.com\/wp-content\/uploads\/2024\/12\/Bang-Box-30000-Puffs-Dual-Flavor-Review-Explore-Its-Unique-Dual-Flavor-Technology-600x597.jpg",600,597,true],"woocommerce_gallery_thumbnail":["https:\/\/vapestornado.com\/wp-content\/uploads\/2024\/12\/Bang-Box-30000-Puffs-Dual-Flavor-Review-Explore-Its-Unique-Dual-Flavor-Technology-100x100.jpg",100,100,true]},"uagb_author_info":{"display_name":"ESvicky","author_link":"https:\/\/vapestornado.com\/hr\/author\/"},"uagb_comment_info":0,"uagb_excerpt":"Bang Box 30000 Puffs Dual Flavor delivers 30,000+ puffs, dual flavors, rechargeable battery, and 0.8\u03a9 mesh coil for intense flavor. (our website price not include shipping cost, please contact me to get whole price and your disccount!)","_links":{"self":[{"href":"https:\/\/vapestornado.com\/hr\/wp-json\/wp\/v2\/product\/3599","targetHints":{"allow":["GET"]}}],"collection":[{"href":"https:\/\/vapestornado.com\/hr\/wp-json\/wp\/v2\/product"}],"about":[{"href":"https:\/\/vapestornado.com\/hr\/wp-json\/wp\/v2\/types\/product"}],"replies":[{"embeddable":true,"href":"https:\/\/vapestornado.com\/hr\/wp-json\/wp\/v2\/comments?post=3599"}],"wp:featuredmedia":[{"embeddable":true,"href":"https:\/\/vapestornado.com\/hr\/wp-json\/wp\/v2\/media\/3605"}],"wp:attachment":[{"href":"https:\/\/vapestornado.com\/hr\/wp-json\/wp\/v2\/media?parent=3599"}],"wp:term":[{"taxonomy":"product_brand","embeddable":true,"href":"https:\/\/vapestornado.com\/hr\/wp-json\/wp\/v2\/product_brand?post=3599"},{"taxonomy":"product_cat","embeddable":true,"href":"https:\/\/vapestornado.com\/hr\/wp-json\/wp\/v2\/product_cat?post=3599"},{"taxonomy":"product_tag","embeddable":true,"href":"https:\/\/vapestornado.com\/hr\/wp-json\/wp\/v2\/product_tag?post=3599"}],"curies":[{"name":"wp","href":"https:\/\/api.w.org\/{rel}","templated":true}]}}