{"id":3598,"date":"2024-12-31T09:02:37","date_gmt":"2024-12-31T09:02:37","guid":{"rendered":"https:\/\/vapestornado.com\/?post_type=product&#038;p=3598"},"modified":"2025-08-23T12:23:15","modified_gmt":"2025-08-23T12:23:15","slug":"vozol-vista-20000-vape-rechargeable-disposable-vape-wholesale-cheap-price","status":"publish","type":"product","link":"https:\/\/vapestornado.com\/hr\/product\/vozol-vista-20000-vape-rechargeable-disposable-vape-wholesale-cheap-price\/","title":{"rendered":"Vozol Vista 20000 Vape Jednokratna kutija na punjenje Veleprodaja Jeftina cijena"},"content":{"rendered":"<h1 class=\"product-title\">Vozol Vista 20000 Vape Punjiva Jednokratna Vape Veleprodaja Jeftina Cijena<\/h1>\n<p>Ovo <strong data-start=\"324\" data-end=\"374\">Vozol Vista 20000 Punjiva jednokratna vape<\/strong> pru\u017ea vrhunske performanse s naprednom tehnologijom i elegantnim dizajnom, \u0161to ga \u010dini nezaobilaznim za veleprodajne kupce diljem Europe. Nudi do <strong data-start=\"522\" data-end=\"538\">20.000 puffova<\/strong>, ovaj je ure\u0111aj izra\u0111en s <strong data-start=\"568\" data-end=\"599\">650mAh punjiva baterija<\/strong> i <strong data-start=\"604\" data-end=\"628\">Type-C brzo punjenje<\/strong>, osiguravaju\u0107i neprekidne sesije i minimalno vrijeme prekida rada.<\/p>\n<p>Sadr\u017ei <strong data-start=\"703\" data-end=\"732\">tehnologijom dvostruke mre\u017easte zavojnice<\/strong>, svaki je udah gladak, ukusan i dosljedan. The <strong data-start=\"787\" data-end=\"814\">6-razinskom kontrolom snage<\/strong> i <strong data-start=\"819\" data-end=\"848\">podesivi sustav protoka zraka<\/strong> omogu\u0107uju korisnicima da prilagode izlaz pare, od jakih oblaka do mek\u0161eg povla\u010denja. Moderni <strong data-start=\"934\" data-end=\"958\">zaslon u boji<\/strong> prikazuje trajanje baterije i postavke snage u stvarnom vremenu, daju\u0107i korisnicima potpunu kontrolu nad njihovim iskustvom vapinga.<\/p>\n<p>Kompaktan, prenosiv i vizualno upe\u010datljiv, Vozol Vista 20K dizajniran je za prakti\u010dnost i stil. Dostupan u vi\u0161e okusa i opcija nikotina, zadovoljava razli\u010dite preferencije uz odr\u017eavanje vrhunske kvalitete. S <strong data-start=\"1305\" data-end=\"1337\">povoljnim veleprodajnim cijenama vapea<\/strong>, savr\u0161en je za preprodava\u010de, distributere i vlasnike vape trgovina koji \u017eele kupcima ponuditi najbolju kombinaciju performansi, dizajna i vrijednosti.<\/p>\n<p><span style=\"color: #ff0000;\"><strong>Dodajte Amy na WhatsApp za brzi odgovor i kupon za vape!<\/strong><\/span><\/p>\n<p><img fetchpriority=\"high\" decoding=\"async\" class=\"size-full wp-image-2932\" src=\"https:\/\/vapestornado.com\/wp-content\/uploads\/2024\/12\/Vape-Wholesale.jpg\" alt=\"Veleprodaja vejpova\" width=\"229\" height=\"300\" \/><\/p>\n<h3><a href=\"https:\/\/wa.me\/8617776015835\" target=\"_blank\" rel=\"noopener\"><span style=\"color: #ff0000;\"><strong>WhatsApp: +86 17776015835<\/strong><\/span><\/a><\/h3>\n<p>&nbsp;<\/p>\n<h2 class=\"product-title\"><strong>Zna\u010dajke proizvoda Vozol Vista 20000<\/strong><\/h2>\n<div role=\"article\" data-tabster=\"{&quot;groupper&quot;:{&quot;tabbability&quot;:2},&quot;focusable&quot;:{}}\" data-content=\"ai-message\" aria-labelledby=\"juhNTJ6o7Gk1cgwZMJgv2-author juhNTJ6o7Gk1cgwZMJgv2-content\">\n<div id=\"juhNTJ6o7Gk1cgwZMJgv2-content\">\n<div role=\"article\" data-tabster=\"{&quot;groupper&quot;:{&quot;tabbability&quot;:2},&quot;focusable&quot;:{}}\" data-content=\"ai-message\" aria-labelledby=\"x4EZuCZWrTbh3weWUt7CU-author x4EZuCZWrTbh3weWUt7CU-content\">\n<div id=\"x4EZuCZWrTbh3weWUt7CU-content\">\n<div class=\"flex max-w-full flex-col flex-grow\">\n<div class=\"min-h-8 text-message flex w-full flex-col items-end gap-2 whitespace-normal break-words text-start [.text-message+&amp;]:mt-5\" dir=\"auto\" data-message-author-role=\"assistant\" data-message-id=\"52c6e00a-252f-4104-805d-2f1a84739c71\" data-message-model-slug=\"gpt-4o\">\n<div class=\"flex w-full flex-col gap-1 empty:hidden first:pt-[3px]\">\n<div class=\"markdown prose w-full break-words dark:prose-invert light\">\n<h4><\/h4>\n<ul>\n<li><strong>Veliki broj udisaja<\/strong>: U\u017eivajte do <strong>14,000<\/strong> i <strong>20.000 puffova<\/strong> za dugotrajnu upotrebu.<\/li>\n<li><strong>Kontrola snage u 6 razina<\/strong>: Prilagodite svoje iskustvo vapinga s podesivom snagom.<\/li>\n<li><strong>Glatki povla\u010denja<\/strong>: Napredna tehnologija protoka zraka jam\u010di gladak i dosljedan udarac.<\/li>\n<li><strong>Prijenosno<\/strong>: Kompaktan, elegantan dizajn koji je jednostavan za no\u0161enje i savr\u0161en za putovanja.<\/li>\n<li><strong>Dvostruka mre\u017easta zavojnica<\/strong>: Do\u017eivite pobolj\u0161ani okus i vrhunsku proizvodnju pare.<\/li>\n<li><strong>Zaslon u boji<\/strong>: Zaslon koji je jednostavan za \u010ditanje osigurava optimalno korisni\u010dko iskustvo.<\/li>\n<\/ul>\n<\/div>\n<\/div>\n<\/div>\n<\/div>\n<div class=\"mb-2 flex gap-3 empty:hidden -ml-2\">\n<p>&nbsp;<\/p>\n<\/div>\n<\/div>\n<\/div>\n<\/div>\n<\/div>\n<h2 class=\"product-title\"><strong>Popularni okus za Vozol Vista 20000<\/strong><strong>\u00a0<\/strong><strong>Jednokratni Vape ure\u0111aji<\/strong><\/h2>\n<p>Vozol Vista 20000 pru\u017ea raznolik i uzbudljiv niz opcija za va\u0161u liniju proizvoda, udovoljavaju\u0107i razli\u010ditim ukusima! U nastavku prona\u0111ite popularne okuse prema na\u0161im podacima o prodaji i povratnim informacijama kupaca.<\/p>\n<ol>\n<li><strong>Tre\u0161nja Cola<\/strong><br \/>\nSavr\u0161en spoj klasi\u010dnog okusa tre\u0161nje i osvje\u017eavaju\u0107e kole, koji nudi sladak, ali ne pretjerano sladak okus koji donosi nostalgi\u010dnu atmosferu pi\u0107a.<\/li>\n<li><strong>Breskva Led <span style=\"color: #ff0000;\">&gt;&gt;&gt;&gt; Vru\u0107e !<\/span><\/strong><br \/>\nSlatki, so\u010dni okus zrelih breskvi u kombinaciji s osje\u0107ajem hla\u0111enja leda, stvaraju\u0107i glatko, osvje\u017eavaju\u0107e iskustvo koje je savr\u0161eno za vru\u0107e dane.<\/li>\n<li><strong>Kisela jabuka s ledom<\/strong><br \/>\nOkus kisele zelene jabuke uparen s u\u010dinkom hla\u0111enja leda, pru\u017eaju\u0107i o\u0161tru, kiselkasto-slatku ravnote\u017eu koja osvje\u017eava sa svakim udisajem.<\/li>\n<li><strong>Miami Menta<\/strong><br \/>\nHladan, okrepljuju\u0107i okus mente, koji pru\u017ea osvje\u017eavaju\u0107i povjetarac poput morskog zraka u Miamiju, savr\u0161en za osvje\u017eavaju\u0107i i energiziraju\u0107i vape.<\/li>\n<li><strong>Ledeno gro\u017e\u0111e<\/strong><br \/>\nBogat, sladak okus gro\u017e\u0111a s da\u0161kom leda, koji nudi pun okus koji je istovremeno ukusan i osvje\u017eavaju\u0107i, idealan za one koji vole vo\u0107ne vape do\u017eivljaje.<\/li>\n<li><strong>Lubenica led <span style=\"color: #ff0000;\">&gt;&gt;&gt;&gt; Vru\u0107e !<\/span><\/strong><br \/>\nSo\u010dan okus lubenice u kombinaciji s rashla\u0111uju\u0107im ledenim efektom, pru\u017ea slatko i osvje\u017eavaju\u0107e ljetno iskustvo sa svakim udisajem.<\/li>\n<li><strong>Plava malina led <span style=\"color: #ff0000;\">&gt;&gt;&gt;&gt; Najbolje !<\/span><\/strong><br \/>\nMje\u0161avina slatkih borovnica i trpke maline s rashla\u0111uju\u0107im ledenim efektom, nudi osvje\u017eavaju\u0107i i \u017eivahan okus bobica koji je istovremeno sladak i opor.<\/li>\n<li><strong>Breskva Mango Lubenica<\/strong><br \/>\nTropski trio zrelih breskvi, so\u010dnih manga i osvje\u017eavaju\u0107e lubenice, nudi slojevit, sladak i vo\u0107ni okus koji je savr\u0161en za ljubitelje vo\u0107a.<\/li>\n<li><strong>Mango od Jagode<\/strong><br \/>\nPrirodna slatko\u0107a zrelih jagoda u kombinaciji s egzoti\u010dnom bogatstvom manga, pru\u017ea glatko, uravnote\u017eeno vo\u0107no iskustvo.<\/li>\n<li><strong>Malina Lubenica<\/strong><br \/>\nOsvje\u017eavaju\u0107a kombinacija trpke maline i slatke, so\u010dne lubenice, stvara vo\u0107no i hidratantno iskustvo vapinga sa savr\u0161enom ravnote\u017eom okusa.<\/li>\n<li><strong>VZBull <span style=\"color: #ff0000;\">&gt;&gt;&gt;&gt; Vru\u0107e !<\/span><\/strong><br \/>\nOdva\u017ean okus inspiriran energetskim pi\u0107em koji je sladak s blagom trpkosti, nudi osvje\u017eavaju\u0107i i energiziraju\u0107i okus klasi\u010dnog energetskog napitka.<\/li>\n<li><strong>\u017dvaka\u0107a guma od lubenice<\/strong><br \/>\nNostalgi\u010dna mje\u0161avina so\u010dne lubenice i slatke \u017evaka\u0107e gume, pru\u017ea razigran okus poput slatki\u0161a koji je istovremeno vo\u0107ni i zabavan.<\/li>\n<li><strong>Mije\u0161ano bobi\u010dasto vo\u0107e <span style=\"color: #ff0000;\">&gt;&gt;&gt;&gt; Vru\u0107e !<\/span><\/strong><br \/>\nMje\u0161avina raznih bobica, pru\u017ea bogato, trpko i slatko vo\u0107no iskustvo, sa slojevima okusa koji su savr\u0161eni za one koji u\u017eivaju u mje\u0161avinama bobica.<\/li>\n<li><strong>Limun Limeta<\/strong><br \/>\nO\u0161tar i pikantan miks limuna i limete, nudi osvje\u017eavaju\u0107i, citrusni vape koji je istovremeno trpki i rashla\u0111uju\u0107i - savr\u0161en za ljubitelje citrusa.<\/li>\n<li><strong>Jagoda Malina Tre\u0161nja Mango Led<\/strong><br \/>\nSlo\u017eena mje\u0161avina jagode, maline, tre\u0161nje i manga, s rashla\u0111uju\u0107im u\u010dinkom leda, pru\u017ea vo\u0107no, slatko i osvje\u017eavaju\u0107e iskustvo sa svakim udisajem.<\/li>\n<li><strong>Zmajevo vo\u0107e Banana Tre\u0161nja<\/strong><br \/>\nJedinstvena kombinacija zmajevog vo\u0107a, banane i tre\u0161nje, nudi tropski, egzoti\u010dni profil okusa koji je sladak, gladak i kremast s da\u0161kom trpkosti.<\/li>\n<li><strong>Bazga Grejp<\/strong><br \/>\nDelikatan okus bazge uparen s trpko\u0161\u0107u grejpa, stvara osvje\u017eavaju\u0107i, cvjetni i citrusni okus koji je istovremeno jedinstven i umiruju\u0107i.<\/li>\n<li><strong>LavaFire<\/strong><br \/>\nVatreni i odva\u017eni okus s blagim pikantnim udarcem, nudi intenzivno vape iskustvo puno topline koje je savr\u0161eno za one koji u\u017eivaju u odva\u017enim i pustolovnim okusima.<\/li>\n<\/ol>\n<figure id=\"attachment_3586\" aria-describedby=\"caption-attachment-3586\" style=\"width: 1024px\" class=\"wp-caption alignnone\"><img decoding=\"async\" class=\"wp-image-3586 size-large\" src=\"https:\/\/vapestornado.com\/wp-content\/uploads\/2024\/12\/Vozol-Vista-20000-Disposable-Pod-Device-1024x1024.jpg\" alt=\"Vozol Vista 20000 Ure\u0111aj za jednokratnu upotrebu\" width=\"1024\" height=\"1024\" srcset=\"https:\/\/vapestornado.com\/wp-content\/uploads\/2024\/12\/Vozol-Vista-20000-Disposable-Pod-Device-1024x1024.jpg 1024w, https:\/\/vapestornado.com\/wp-content\/uploads\/2024\/12\/Vozol-Vista-20000-Disposable-Pod-Device-300x300.jpg 300w, https:\/\/vapestornado.com\/wp-content\/uploads\/2024\/12\/Vozol-Vista-20000-Disposable-Pod-Device-150x150.jpg 150w, https:\/\/vapestornado.com\/wp-content\/uploads\/2024\/12\/Vozol-Vista-20000-Disposable-Pod-Device-768x768.jpg 768w, https:\/\/vapestornado.com\/wp-content\/uploads\/2024\/12\/Vozol-Vista-20000-Disposable-Pod-Device-600x600.jpg 600w, https:\/\/vapestornado.com\/wp-content\/uploads\/2024\/12\/Vozol-Vista-20000-Disposable-Pod-Device-100x100.jpg 100w, https:\/\/vapestornado.com\/wp-content\/uploads\/2024\/12\/Vozol-Vista-20000-Disposable-Pod-Device.jpg 1126w\" sizes=\"(max-width: 1024px) 100vw, 1024px\" \/><figcaption id=\"caption-attachment-3586\" class=\"wp-caption-text\">Vozol Vista 20000 Ure\u0111aj za jednokratnu upotrebu<\/figcaption><\/figure>\n<div class=\"flex-shrink-0 flex flex-col relative items-end\">\n<div class=\"pt-0\">\n<div class=\"gizmo-bot-avatar flex h-8 w-8 items-center justify-center overflow-hidden rounded-full\">\n<div class=\"relative p-1 rounded-sm flex items-center justify-center bg-token-main-surface-primary text-token-text-primary h-8 w-8\">\n<h2>\u010cesto postavljana pitanja za Vozol Vista 20000<strong>\u00a0<\/strong>Vape za jednokratnu upotrebu<\/h2>\n<div class=\"flex max-w-full flex-col flex-grow\">\n<div class=\"min-h-8 text-message flex w-full flex-col items-end gap-2 whitespace-normal break-words text-start [.text-message+&amp;]:mt-5\" dir=\"auto\" data-message-author-role=\"assistant\" data-message-id=\"4dc48248-df95-45bd-b800-6dedb43cf7f1\" data-message-model-slug=\"gpt-4o\">\n<div class=\"flex w-full flex-col gap-1 empty:hidden first:pt-[3px]\">\n<div class=\"markdown prose w-full break-words dark:prose-invert light\">\n<p><strong>1. Po \u010demu se Vozol Vista 20000 serija razlikuje od ostalih vape ure\u0111aja za jednokratnu upotrebu?<\/strong><br \/>\nVozol Vista serija isti\u010de se visokim brojem udisaja (do 14.000 do 20.000 udisaja), kontrolom snage u 6 razina i tehnologijom dvostruke mre\u017easte zavojnice, osiguravaju\u0107i gla\u0111e, dosljednije povla\u010denje s pobolj\u0161anim okusom i proizvodnjom pare. Uz to, elegantan i prenosiv dizajn \u010dini ga idealnim za vaping u pokretu.<\/p>\n<p><strong>2. Koliko dugo traju ure\u0111aji Vozol Vista 20k serije?<\/strong><br \/>\nOvisno o modelu koji odaberete, Vozol Vista ure\u0111aji nude impresivnih 14.000 do 20.000 udisaja, pru\u017eaju\u0107i dugotrajnu upotrebu. To zna\u010di da mo\u017eete u\u017eivati u svom ure\u0111aju zna\u010dajno vrijeme prije nego \u0161to ga trebate zamijeniti.<\/p>\n<p><strong>3. Mogu li prilagoditi iskustvo vapinga s Vozol Vista 20k?<\/strong><br \/>\nDa! Vozol Vista serija ima kontrolu snage u 6 razina, \u0161to vam omogu\u0107uje pode\u0161avanje postavki snage kako bi odgovarale va\u0161em \u017eeljenom stilu vapinga. Bez obzira preferirate li gla\u0111e, lak\u0161e povla\u010denje ili intenzivniji, ukusniji udarac.<\/p>\n<p><strong>4. Koji su okusi dostupni u Vozol Vista 20000?<\/strong><br \/>\nVozol Vista serija nudi \u0161irok raspon uzbudljivih okusa, uklju\u010duju\u0107i opcije poput Cherry Cola, Peach Ice, Sour Apple Ice, Mixed Berries, Watermelon Bubble Gum i mnoge druge. Bez obzira u\u017eivate li u vo\u0107nim, mentastim ili \u010dak okusima nadahnutim energetskim pi\u0107ima, za svakoga postoji pone\u0161to.<\/p>\n<p><strong>5. Jesu li Vozol Vista ure\u0111aji prijenosni i jednostavni za kori\u0161tenje?<\/strong><br \/>\nApsolutno! Vozol Vista serija ima elegantan i prenosiv dizajn, \u0161to olak\u0161ava no\u0161enje kamo god idete. Uz to, sa svojim zaslonom u boji za lako \u010ditljive prikaze, ure\u0111aj nudi intuitivno korisni\u010dko iskustvo, \u0161to ga \u010dini idealnim za po\u010detnike i iskusne vapere.<\/p>\n<\/div>\n<\/div>\n<\/div>\n<\/div>\n<\/div>\n<\/div>\n<\/div>\n<\/div>\n<div class=\"flex-shrink-0 flex flex-col relative items-end\">\n<div class=\"pt-0\">\n<div class=\"gizmo-bot-avatar flex h-8 w-8 items-center justify-center overflow-hidden rounded-full\">\n<div class=\"relative p-1 rounded-sm flex items-center justify-center bg-token-main-surface-primary text-token-text-primary h-8 w-8\">\n<div class=\"mb-2 flex gap-3 empty:hidden -ml-2\">\n<div role=\"article\" data-tabster=\"{&quot;groupper&quot;:{&quot;tabbability&quot;:2},&quot;focusable&quot;:{}}\" data-content=\"ai-message\" aria-labelledby=\"Vdt5ez4X7Tg813x6rFVha-author Vdt5ez4X7Tg813x6rFVha-content\">\n<div id=\"Vdt5ez4X7Tg813x6rFVha-content\">\n<div role=\"article\" data-tabster=\"{&quot;groupper&quot;:{&quot;tabbability&quot;:2},&quot;focusable&quot;:{}}\" data-content=\"ai-message\" aria-labelledby=\"o968oC7CEo2fGHsGdsRYC-author o968oC7CEo2fGHsGdsRYC-content\">\n<div id=\"o968oC7CEo2fGHsGdsRYC-content\">\n<p>&nbsp;<\/p>\n<h2>Za\u0161to odabrati vapestornado za FIHP 15000 Puffs Vape Wholesale?<\/h2>\n<div class=\"flex-shrink-0 flex flex-col relative items-end\">\n<div class=\"pt-0\">\n<div class=\"gizmo-bot-avatar flex h-8 w-8 items-center justify-center overflow-hidden rounded-full\">\n<div class=\"relative p-1 rounded-sm flex items-center justify-center bg-token-main-surface-primary text-token-text-primary h-8 w-8\">\n<p>Dobrodo\u0161li u vapestornado, va\u0161u pouzdanu online vape trgovinu za vrhunske jednokratne vape ure\u0111aje. S vi\u0161e od 5 godina stru\u010dnosti, donosimo vam popularne marke jednokratnih vape ure\u0111aja kao \u0161to su Fumot RandM Vape, <a href=\"https:\/\/vapestornado.com\/hr\/product-category\/vapme-shisha\/\">Vapme<\/a>, Bang Vape, Waspe Vape i WGA Vape, itd.<\/p>\n<p>Na\u0161 asortiman uklju\u010duje vru\u0107e vapeove poput <a href=\"https:\/\/vapestornado.com\/hr\/product\/randm-12000-puffs-fumot-digital-disposable-vape-wholesale-price\/\">RandM Tornado 12000<\/a>, i izbor bogat okusom poput <a href=\"https:\/\/vapestornado.com\/hr\/product\/wga-crystal-pro-max-extra-15000-puffs-rechargeable-disposable-vape-wholesale-bulk-buy\/\">\u00a0WGA Crystal 15k Udisaja<\/a> . Svaki proizvod odabran je s fokusom na kvalitetu, vrijednost i raznolikost, osiguravaju\u0107i da prona\u0111ete savr\u0161eno podudaranje za svoje potrebe. Otkrijte iznimnu uslugu i \u0161irok spektar vrhunskih proizvoda po veleprodajnoj cijeni na vapestornado.<\/p>\n<\/div>\n<p>&nbsp;<\/p>\n<p><strong>Ostali popularni jednokratni vape ure\u0111aji<\/strong><\/p>\n<p><a href=\"https:\/\/vapestornado.com\/hr\/product\/bang-vape-35000-puffs-low-nicotine-bulk-buy-rechargeable-disposable-vapes-box-wholesale-price\/\">Bang Vape 40000 Udaraca <span style=\"color: #ff0000;\"><strong>&gt;&gt;&gt;&gt; Kreni !<\/strong><\/span><\/a><\/p>\n<p><a href=\"https:\/\/vapestornado.com\/hr\/product\/vopk-ultra-40000-puffs-2-in-1-digital-screen-rechargeable-disposable-vape\/\">VOPK 40000 Dvostruki okus<span style=\"color: #ff0000;\"><strong>&gt;&gt;&gt;&gt; Kreni !<\/strong><\/span><\/a><\/p>\n<p><a href=\"https:\/\/vapestornado.com\/hr\/product\/puff-25k-bang-king-25000-puffs-rechargeable-disposable-vape-wholesale-bulk-buy\/\">Bang King 25000 <span style=\"color: #ff0000;\"><strong>&gt;&gt;&gt;&gt; Kreni !<\/strong><\/span><\/a><\/p>\n<\/div>\n<\/div>\n<\/div>\n<p>&nbsp;<\/p>\n<\/div>\n<\/div>\n<\/div>\n<\/div>\n<\/div>\n<\/div>\n<\/div>\n<\/div>\n<\/div>","protected":false},"excerpt":{"rendered":"<p>Vozol Vista 20000 Puffs Jednokratna Vape Veleprodaja<br \/>\nVozol Vista 20000 Vape Punjiva Jednokratna Vape<br \/>\nVozol Vista 20000 Puffs Jednokratni Pod Ure\u0111aj Skupna Kupnja<\/p>\n<p><strong>Dodajte Amy na WhatsApp za brzi odgovor i kupon za vape!<\/strong><\/p>\n<p><img fetchpriority=\"high\" decoding=\"async\" class=\"size-full wp-image-2932\" src=\"https:\/\/vapestornado.com\/wp-content\/uploads\/2024\/12\/Vape-Wholesale.jpg\" alt=\"Veleprodaja vejpova\" width=\"229\" height=\"300\" \/><\/p>\n<h3><a href=\"https:\/\/wa.me\/8617776015835\"><span style=\"color: #ff0000;\"><strong>WhatsApp: +86 17776015835<\/strong><\/span><\/a><\/h3>\n<p>&nbsp;<\/p>","protected":false},"featured_media":3588,"comment_status":"open","ping_status":"closed","template":"","meta":{"_acf_changed":false,"_uag_custom_page_level_css":"","_lmt_disableupdate":"no","_lmt_disable":"","_monsterinsights_skip_tracking":false,"_monsterinsights_sitenote_active":false,"_monsterinsights_sitenote_note":"","_monsterinsights_sitenote_category":0,"site-sidebar-layout":"default","site-content-layout":"","ast-site-content-layout":"default","site-content-style":"default","site-sidebar-style":"default","ast-global-header-display":"","ast-banner-title-visibility":"","ast-main-header-display":"","ast-hfb-above-header-display":"","ast-hfb-below-header-display":"","ast-hfb-mobile-header-display":"","site-post-title":"","ast-breadcrumbs-content":"","ast-featured-img":"","footer-sml-layout":"","ast-disable-related-posts":"","theme-transparent-header-meta":"default","adv-header-id-meta":"","stick-header-meta":"","header-above-stick-meta":"","header-main-stick-meta":"","header-below-stick-meta":"","astra-migrate-meta-layouts":"set","ast-page-background-enabled":"default","ast-page-background-meta":{"desktop":{"background-color":"","background-image":"","background-repeat":"repeat","background-position":"center center","background-size":"auto","background-attachment":"scroll","background-type":"","background-media":"","overlay-type":"","overlay-color":"","overlay-opacity":"","overlay-gradient":""},"tablet":{"background-color":"","background-image":"","background-repeat":"repeat","background-position":"center center","background-size":"auto","background-attachment":"scroll","background-type":"","background-media":"","overlay-type":"","overlay-color":"","overlay-opacity":"","overlay-gradient":""},"mobile":{"background-color":"","background-image":"","background-repeat":"repeat","background-position":"center center","background-size":"auto","background-attachment":"scroll","background-type":"","background-media":"","overlay-type":"","overlay-color":"","overlay-opacity":"","overlay-gradient":""}},"ast-content-background-meta":{"desktop":{"background-color":"var(--ast-global-color-5)","background-image":"","background-repeat":"repeat","background-position":"center center","background-size":"auto","background-attachment":"scroll","background-type":"","background-media":"","overlay-type":"","overlay-color":"","overlay-opacity":"","overlay-gradient":""},"tablet":{"background-color":"var(--ast-global-color-5)","background-image":"","background-repeat":"repeat","background-position":"center center","background-size":"auto","background-attachment":"scroll","background-type":"","background-media":"","overlay-type":"","overlay-color":"","overlay-opacity":"","overlay-gradient":""},"mobile":{"background-color":"var(--ast-global-color-5)","background-image":"","background-repeat":"repeat","background-position":"center center","background-size":"auto","background-attachment":"scroll","background-type":"","background-media":"","overlay-type":"","overlay-color":"","overlay-opacity":"","overlay-gradient":""}},"_joinchat":{"telephone":"+8617776015835"}},"product_brand":[],"product_cat":[69,152,153,143,144,57],"product_tag":[165,105,97,166,94,220,219],"class_list":{"0":"post-3598","1":"product","2":"type-product","3":"status-publish","4":"has-post-thumbnail","6":"product_cat-20000-puff","7":"product_cat-buy-disposable-vapes-in-cermany","8":"product_cat-buy-disposable-vapes-in-italy","9":"product_cat-dual-mesh-disposable-vapes","10":"product_cat-low-nicotine-disposable-vapes","11":"product_cat-vozol-vape","12":"product_tag-cheap-vapes","13":"product_tag-digital-disposable-vape","14":"product_tag-hot-sale-disposable-vape","15":"product_tag-low-nicotine-vape","16":"product_tag-rechargeable-disposable-vape","17":"product_tag-vozol-vape","18":"product_tag-vozol-vista-20000","19":"desktop-align-left","20":"tablet-align-left","21":"mobile-align-left","23":"first","24":"instock","25":"sale","26":"shipping-taxable","27":"purchasable","28":"product-type-simple"},"acf":[],"uagb_featured_image_src":{"full":["https:\/\/vapestornado.com\/wp-content\/uploads\/2024\/12\/Vozol-Vista-20000-Disposable-Vape-Wholesale.jpg",1126,1126,false],"thumbnail":["https:\/\/vapestornado.com\/wp-content\/uploads\/2024\/12\/Vozol-Vista-20000-Disposable-Vape-Wholesale-150x150.jpg",150,150,true],"medium":["https:\/\/vapestornado.com\/wp-content\/uploads\/2024\/12\/Vozol-Vista-20000-Disposable-Vape-Wholesale-300x300.jpg",300,300,true],"medium_large":["https:\/\/vapestornado.com\/wp-content\/uploads\/2024\/12\/Vozol-Vista-20000-Disposable-Vape-Wholesale-768x768.jpg",768,768,true],"large":["https:\/\/vapestornado.com\/wp-content\/uploads\/2024\/12\/Vozol-Vista-20000-Disposable-Vape-Wholesale-1024x1024.jpg",1024,1024,true],"1536x1536":["https:\/\/vapestornado.com\/wp-content\/uploads\/2024\/12\/Vozol-Vista-20000-Disposable-Vape-Wholesale.jpg",1126,1126,false],"2048x2048":["https:\/\/vapestornado.com\/wp-content\/uploads\/2024\/12\/Vozol-Vista-20000-Disposable-Vape-Wholesale.jpg",1126,1126,false],"trp-custom-language-flag":["https:\/\/vapestornado.com\/wp-content\/uploads\/2024\/12\/Vozol-Vista-20000-Disposable-Vape-Wholesale.jpg",12,12,false],"woocommerce_thumbnail":["https:\/\/vapestornado.com\/wp-content\/uploads\/2024\/12\/Vozol-Vista-20000-Disposable-Vape-Wholesale-300x300.jpg",300,300,true],"woocommerce_single":["https:\/\/vapestornado.com\/wp-content\/uploads\/2024\/12\/Vozol-Vista-20000-Disposable-Vape-Wholesale-600x600.jpg",600,600,true],"woocommerce_gallery_thumbnail":["https:\/\/vapestornado.com\/wp-content\/uploads\/2024\/12\/Vozol-Vista-20000-Disposable-Vape-Wholesale-100x100.jpg",100,100,true]},"uagb_author_info":{"display_name":"ESAMY","author_link":"https:\/\/vapestornado.com\/hr\/author\/"},"uagb_comment_info":0,"uagb_excerpt":"Vozol Vista 20000 Puffs Disposable Vape Wholesale Vozol Vista 20000 Vape Rechargeable Disposable Vape Vozol Vista 20000 Puffs Disposable Pod Device Bulk Buy Add Amy's whatsapp get right reply and vape coupon! WhatsApp: +86 17776015835 &nbsp;","_links":{"self":[{"href":"https:\/\/vapestornado.com\/hr\/wp-json\/wp\/v2\/product\/3598","targetHints":{"allow":["GET"]}}],"collection":[{"href":"https:\/\/vapestornado.com\/hr\/wp-json\/wp\/v2\/product"}],"about":[{"href":"https:\/\/vapestornado.com\/hr\/wp-json\/wp\/v2\/types\/product"}],"replies":[{"embeddable":true,"href":"https:\/\/vapestornado.com\/hr\/wp-json\/wp\/v2\/comments?post=3598"}],"wp:featuredmedia":[{"embeddable":true,"href":"https:\/\/vapestornado.com\/hr\/wp-json\/wp\/v2\/media\/3588"}],"wp:attachment":[{"href":"https:\/\/vapestornado.com\/hr\/wp-json\/wp\/v2\/media?parent=3598"}],"wp:term":[{"taxonomy":"product_brand","embeddable":true,"href":"https:\/\/vapestornado.com\/hr\/wp-json\/wp\/v2\/product_brand?post=3598"},{"taxonomy":"product_cat","embeddable":true,"href":"https:\/\/vapestornado.com\/hr\/wp-json\/wp\/v2\/product_cat?post=3598"},{"taxonomy":"product_tag","embeddable":true,"href":"https:\/\/vapestornado.com\/hr\/wp-json\/wp\/v2\/product_tag?post=3598"}],"curies":[{"name":"wp","href":"https:\/\/api.w.org\/{rel}","templated":true}]}}