{"id":3568,"date":"2024-12-31T08:17:50","date_gmt":"2024-12-31T08:17:50","guid":{"rendered":"https:\/\/vapestornado.com\/?post_type=product&#038;p=3568"},"modified":"2025-08-23T09:40:26","modified_gmt":"2025-08-23T09:40:26","slug":"vookbar-cyber-pro-3000-puffs-wholesale-e-cigarette-hookah-vape","status":"publish","type":"product","link":"https:\/\/vapestornado.com\/hr\/product\/vookbar-cyber-pro-3000-puffs-wholesale-e-cigarette-hookah-vape\/","title":{"rendered":"Vookbar Cyber PRO 30000 Puffs Veleprodajna E-cigareta Hookah Vape"},"content":{"rendered":"<h1>Vookbar Cyber PRO 3000 Puffs Veleprodajna E-cigareta Hookah Vape<\/h1>\n<p>&nbsp;<\/p>\n<div role=\"article\" data-tabster=\"{&quot;groupper&quot;:{&quot;tabbability&quot;:2},&quot;focusable&quot;:{}}\" data-content=\"ai-message\" aria-labelledby=\"64JRvXrTnY7mRmPkEQLLT-author 64JRvXrTnY7mRmPkEQLLT-content\">\n<div id=\"64JRvXrTnY7mRmPkEQLLT-content\">\n<p data-start=\"513\" data-end=\"779\">Ovo <strong data-start=\"517\" data-end=\"565\">Vookbar Cyber PRO 3000 Puffs Jednokratna Vape<\/strong> je dizajniran za ugla\u0111ene performanse, moderan dizajn i veleprodajnu vrijednost. S do <strong data-start=\"650\" data-end=\"665\">3.000 udisaja<\/strong> po ure\u0111aju, pru\u017ea pouzdanu opciju za vapere koji \u017eele i prakti\u010dnost i kvalitetu u kompaktnom formatu.<\/p>\n<p data-start=\"781\" data-end=\"1194\">Opremljen s <strong data-start=\"798\" data-end=\"829\">850mAh punjiva baterija<\/strong> i <strong data-start=\"834\" data-end=\"858\">Type-C brzo punjenje<\/strong>, Cyber PRO osigurava dosljednu snagu. Njegov <strong data-start=\"904\" data-end=\"932\">22 ml unaprijed napunjene e-teku\u0107ine<\/strong> sa <strong data-start=\"938\" data-end=\"962\">5% ja\u010dina nikotina<\/strong> pru\u017ea zadovoljavaju\u0107e direktno-u-plu\u0107a (DTL) udarce i intenzivan okus. Izra\u0111en od vrhunskih sastojaka, uklju\u010duju\u0107i biljni glicerin, propilen glikol i prirodne arome, jam\u010di bogatu, glatku paru od po\u010detka do kraja.<\/p>\n<p data-start=\"1196\" data-end=\"1407\">Kombiniraju\u0107i elegantnu estetiku s naprednom tehnologijom zavojnice, <strong data-start=\"1258\" data-end=\"1290\">Vookbar Cyber PRO 3000 Udisaja<\/strong> idealan je za vape trgovine, distributere i potro\u0161a\u010de koji tra\u017ee kompaktan, ali mo\u0107an <strong data-start=\"1379\" data-end=\"1404\">veleprodajni hookah vape<\/strong>.<\/p>\n<figure id=\"attachment_3596\" aria-describedby=\"caption-attachment-3596\" style=\"width: 572px\" class=\"wp-caption alignnone\"><img fetchpriority=\"high\" decoding=\"async\" class=\"wp-image-3596\" src=\"https:\/\/vapestornado.com\/wp-content\/uploads\/2024\/12\/Vookbar-3000-Puffs-Hot-Sale-Disposable-Vapes-Germany.jpg\" alt=\"Vookbar 3000 Puffs Hot Sale Jednokratni Vapes Hrvatska\" width=\"572\" height=\"572\" srcset=\"https:\/\/vapestornado.com\/wp-content\/uploads\/2024\/12\/Vookbar-3000-Puffs-Hot-Sale-Disposable-Vapes-Germany.jpg 800w, https:\/\/vapestornado.com\/wp-content\/uploads\/2024\/12\/Vookbar-3000-Puffs-Hot-Sale-Disposable-Vapes-Germany-300x300.jpg 300w, https:\/\/vapestornado.com\/wp-content\/uploads\/2024\/12\/Vookbar-3000-Puffs-Hot-Sale-Disposable-Vapes-Germany-150x150.jpg 150w, https:\/\/vapestornado.com\/wp-content\/uploads\/2024\/12\/Vookbar-3000-Puffs-Hot-Sale-Disposable-Vapes-Germany-768x768.jpg 768w, https:\/\/vapestornado.com\/wp-content\/uploads\/2024\/12\/Vookbar-3000-Puffs-Hot-Sale-Disposable-Vapes-Germany-600x600.jpg 600w, https:\/\/vapestornado.com\/wp-content\/uploads\/2024\/12\/Vookbar-3000-Puffs-Hot-Sale-Disposable-Vapes-Germany-100x100.jpg 100w\" sizes=\"(max-width: 572px) 100vw, 572px\" \/><figcaption id=\"caption-attachment-3596\" class=\"wp-caption-text\">Vookbar 3000 Puffs Hot Sale Jednokratni Vapes Hrvatska<\/figcaption><\/figure>\n<\/div>\n<\/div>\n<p><img decoding=\"async\" class=\"alignleft wp-image-2951 size-medium\" src=\"https:\/\/vapestornado.com\/wp-content\/uploads\/2024\/12\/Wholesale-Disposable-Vape-265x300.jpg\" alt=\"Veleprodaja jednokratnih vape ure\u0111aja\" width=\"265\" height=\"300\" srcset=\"https:\/\/vapestornado.com\/wp-content\/uploads\/2024\/12\/Wholesale-Disposable-Vape-265x300.jpg 265w, https:\/\/vapestornado.com\/wp-content\/uploads\/2024\/12\/Wholesale-Disposable-Vape-768x871.jpg 768w, https:\/\/vapestornado.com\/wp-content\/uploads\/2024\/12\/Wholesale-Disposable-Vape-600x680.jpg 600w, https:\/\/vapestornado.com\/wp-content\/uploads\/2024\/12\/Wholesale-Disposable-Vape.jpg 823w\" sizes=\"(max-width: 265px) 100vw, 265px\" \/><\/p>\n<h6>Molimo kontaktirajte Mandy's WhatsApp za cijenu s popustom<a href=\"https:\/\/wa.me\/8618077105796\" target=\"_blank\" rel=\"noopener\">+8618077105796<\/a><\/h6>\n<div class=\"flex max-w-full flex-col flex-grow\">\n<div class=\"min-h-8 text-message flex w-full flex-col items-end gap-2 whitespace-normal break-words text-start [.text-message+&amp;]:mt-5\" dir=\"auto\" data-message-author-role=\"assistant\" data-message-id=\"cdb991c0-f594-4bff-b2d5-fbbdd7ce9e54\" data-message-model-slug=\"gpt-4o-mini\">\n<div class=\"flex w-full flex-col gap-1 empty:hidden first:pt-[3px]\">\n<div class=\"markdown prose w-full break-words dark:prose-invert light\"><\/div>\n<\/div>\n<\/div>\n<\/div>\n<div class=\"mb-2 flex gap-3 empty:hidden -ml-2\">\n<h2><strong>Vookbar Cyber PRO 30000 Udaha <\/strong>Izvanredne zna\u010dajke:<\/h2>\n<ul>\n<li><strong>Impresivan broj uvla\u010denja<\/strong>: Do 30.000 uvla\u010denja po ure\u0111aju za dulje vaping sesije.<\/li>\n<li><strong>Baterija<\/strong>: 850mAh punjiva baterija osigurava dosljedne performanse.<\/li>\n<li><strong>Kapacitet e-teku\u0107ine<\/strong>: 22 ml e-teku\u0107ine vrhunske kvalitete.<\/li>\n<li><strong>Ja\u010dina Nikotina<\/strong>: 2% nikotina za gladak, zadovoljavaju\u0107i udarac.<\/li>\n<li><strong>Premium sastojci<\/strong>: Sadr\u017ei biljni glicerin, propilen glikol, nikotin i prirodne arome.<\/li>\n<li><strong>Stil vapinga<\/strong>: Dizajnirano za entuzijaste direktnog uvla\u010denja u plu\u0107a (DTL) koji tra\u017ee bogate oblake pare i intenzivan okus.<\/li>\n<li><strong>Dizajn prilago\u0111en korisniku<\/strong>: Kompaktno, elegantno i spremno za kori\u0161tenje odmah nakon va\u0111enja iz kutije.<\/li>\n<\/ul>\n<\/div>\n<h2>Vookbar Cyber PRO 3000 Puffs popis okusa:<\/h2>\n<p>1. Plavi razz led<br \/>\n2. Breskva led<br \/>\n3. Gro\u017e\u0111e led<br \/>\n4. Jagoda lubenica<br \/>\n5. Jagoda banana<br \/>\n6. Tre\u0161nja lubenica<br \/>\n7. Led od lubenice<br \/>\n8. Breskva mango<br \/>\n9. Jagoda kivi<br \/>\n10. Bijela jagoda led<br \/>\n11. Bijeli gumeni bombon led<br \/>\n12. Smrznuta pinacolada<br \/>\n13. Jeben*o fantasti\u010dno<br \/>\n14. Mojito mije\u0161ano bobi\u010dasto vo\u0107e<\/p>\n<div role=\"article\" data-tabster=\"{&quot;groupper&quot;:{&quot;tabbability&quot;:2},&quot;focusable&quot;:{}}\" data-content=\"ai-message\" aria-labelledby=\"dARUyEWDoEYhnSPXFwx5A-author dARUyEWDoEYhnSPXFwx5A-content\">\n<div id=\"dARUyEWDoEYhnSPXFwx5A-content\">\n<h2>Za\u0161to odabrati Vookbar Cyber PRO 3000 Puffs <strong>\u00a0<\/strong>at <a href=\"https:\/\/vapestornado.com\/hr\/product\/bang-box-35k-puffs-high-capacity-long-lasting-disposable-vape\/\">vapestornado.com?<\/a><\/h2>\n<ul>\n<li><strong>Veliki kapacitet Puffa<\/strong>: Uz izvanrednu <strong>30.000 puffova<\/strong>, Vookbar Cyber PRO 30000 Puffs osigurava dugotrajnu upotrebu, \u0161to ga \u010dini popularnim izborom me\u0111u kupcima koji tra\u017ee vrijednost i prakti\u010dnost.<\/li>\n<li><strong>Vrhunska kvaliteta<\/strong>: Sadr\u017ei <strong>22 ml kapaciteta e-teku\u0107ine<\/strong> i 2<strong>ja\u010dinu nikotina<\/strong>, ovaj ure\u0111aj pru\u017ea bogat okus i zadovoljavaju\u0107e uvla\u010denje, izra\u0111en s visokokvalitetnim sastojcima poput <strong>biljnog glicerina, propilen glikola i prirodnih aroma<\/strong>.<\/li>\n<li><strong>Napredna tehnologija<\/strong>: Pokre\u0107e ga <strong>850mAh punjiva baterija<\/strong>, ovaj vape jam\u010di dosljedne performanse i podr\u017eava produljene sesije vapinga, savr\u0161en za entuzijaste direktnog uvla\u010denja u plu\u0107a (DTL).<\/li>\n<li><strong>Elegantan i kompaktan dizajn<\/strong>: Vookbar Cyber PRO kombinira modernu estetiku s funkcionalno\u0161\u0107u prilago\u0111enom korisniku, \u010dine\u0107i ga privla\u010dnim \u0161irokom krugu kupaca.<\/li>\n<li><strong>Prikladno za veleprodaju<\/strong>: Dostupan po konkurentnim cijenama na <strong>vapestornado.hr<\/strong>, ovaj je proizvod savr\u0161en za skupne kupnje, osiguravaju\u0107i izvrsne profitne mar\u017ee za va\u0161e poslovanje.<\/li>\n<li><strong>Potra\u017enja tr\u017ei\u0161ta<\/strong>: Svojim vrhunskim zna\u010dajkama i velikim brojem udaha, Vookbar Cyber PRO zadovoljava rastu\u0107e tr\u017ei\u0161te vrhunskih potro\u0161a\u010da vape-a, pove\u0107avaju\u0107i privla\u010dnost va\u0161eg poslovanja.<\/li>\n<\/ul>\n<\/div>\n<\/div>\n<h2>\u010cesta pitanja o Vookbar Cyber PRO 30000 Puffs Vape Pods<\/h2>\n<p><strong>1. Koliko udaha pru\u017ea Vookbar Cyber PRO 30000?<\/strong><br \/>\nVookbar Cyber PRO nudi impresivnih <strong>30.000 puffova<\/strong>, \u0161to ga \u010dini jednim od najdugotrajnijih ure\u0111aja za jednokratnu upotrebu na tr\u017ei\u0161tu.<\/p>\n<p><strong>2. Koliki je kapacitet e-teku\u0107ine ovog ure\u0111aja?<\/strong><br \/>\nSvaki Vookbar Cyber PRO pod sadr\u017ei <strong>22 ml e-teku\u0107ine<\/strong>, osiguravaju\u0107i dosljedan i bogat okus tijekom cijelog \u017eivotnog vijeka.<\/p>\n<p><strong>3. Kolika je ja\u010dina nikotina u Vookbar Vape Cyber PRO 30k PUFFS?<\/strong><br \/>\nUre\u0111aj ima <strong>5% ja\u010dina nikotina<\/strong>, idealno za vapere koji tra\u017ee gladak i zadovoljavaju\u0107i pogodak.<\/p>\n<p><strong>4. Je li Vookbar Cyber PRO punjiv?<\/strong><br \/>\nDa, napaja se putem <strong>850mAh punjiva baterija<\/strong> uz dosljedne performanse za dulje sesije vapinga.<\/p>\n<p><strong>5. Koliko je Vookbar Cyber PRO prenosiv?<\/strong><br \/>\nElegantan i kompaktan dizajn \u010dini ga savr\u0161enim za kori\u0161tenje u pokretu, kombiniraju\u0107i prakti\u010dnost s vrhunskim performansama.<\/p>","protected":false},"excerpt":{"rendered":"<p>Vookbar Cyber PRO 3000 Puffs je vrhunska veleprodajna e-cigareta, nargila i vape, koja nudi dugotrajne uvla\u010denje, gladak okus i elegantan dizajn. Idealno za kupnju u rinfuzi.<\/p>\n<figure id=\"attachment_2951\" aria-describedby=\"caption-attachment-2951\" style=\"width: 265px\" class=\"wp-caption alignnone\"><img decoding=\"async\" class=\"size-medium wp-image-2951\" src=\"https:\/\/vapestornado.com\/wp-content\/uploads\/2024\/12\/Wholesale-Disposable-Vape-265x300.jpg\" alt=\"Veleprodaja jednokratnih vape ure\u0111aja\" width=\"265\" height=\"300\" srcset=\"https:\/\/vapestornado.com\/wp-content\/uploads\/2024\/12\/Wholesale-Disposable-Vape-265x300.jpg 265w, https:\/\/vapestornado.com\/wp-content\/uploads\/2024\/12\/Wholesale-Disposable-Vape-768x871.jpg 768w, https:\/\/vapestornado.com\/wp-content\/uploads\/2024\/12\/Wholesale-Disposable-Vape-600x680.jpg 600w, https:\/\/vapestornado.com\/wp-content\/uploads\/2024\/12\/Wholesale-Disposable-Vape.jpg 823w\" sizes=\"(max-width: 265px) 100vw, 265px\" \/><figcaption id=\"caption-attachment-2951\" class=\"wp-caption-text\">Molimo kontaktirajte Mandy's WhatsApp za cijenu s popustom\u00a0 <a href=\"https:\/\/wa.me\/8618077105796\">+8618077105796<\/a><\/figcaption><\/figure>\n<p>&nbsp;<\/p>","protected":false},"featured_media":3592,"comment_status":"open","ping_status":"closed","template":"","meta":{"_acf_changed":false,"_uag_custom_page_level_css":"","_lmt_disableupdate":"no","_lmt_disable":"","_monsterinsights_skip_tracking":false,"_monsterinsights_sitenote_active":false,"_monsterinsights_sitenote_note":"","_monsterinsights_sitenote_category":0,"site-sidebar-layout":"default","site-content-layout":"","ast-site-content-layout":"default","site-content-style":"default","site-sidebar-style":"default","ast-global-header-display":"","ast-banner-title-visibility":"","ast-main-header-display":"","ast-hfb-above-header-display":"","ast-hfb-below-header-display":"","ast-hfb-mobile-header-display":"","site-post-title":"","ast-breadcrumbs-content":"","ast-featured-img":"","footer-sml-layout":"","ast-disable-related-posts":"","theme-transparent-header-meta":"default","adv-header-id-meta":"","stick-header-meta":"","header-above-stick-meta":"","header-main-stick-meta":"","header-below-stick-meta":"","astra-migrate-meta-layouts":"set","ast-page-background-enabled":"default","ast-page-background-meta":{"desktop":{"background-color":"","background-image":"","background-repeat":"repeat","background-position":"center center","background-size":"auto","background-attachment":"scroll","background-type":"","background-media":"","overlay-type":"","overlay-color":"","overlay-opacity":"","overlay-gradient":""},"tablet":{"background-color":"","background-image":"","background-repeat":"repeat","background-position":"center center","background-size":"auto","background-attachment":"scroll","background-type":"","background-media":"","overlay-type":"","overlay-color":"","overlay-opacity":"","overlay-gradient":""},"mobile":{"background-color":"","background-image":"","background-repeat":"repeat","background-position":"center center","background-size":"auto","background-attachment":"scroll","background-type":"","background-media":"","overlay-type":"","overlay-color":"","overlay-opacity":"","overlay-gradient":""}},"ast-content-background-meta":{"desktop":{"background-color":"var(--ast-global-color-5)","background-image":"","background-repeat":"repeat","background-position":"center center","background-size":"auto","background-attachment":"scroll","background-type":"","background-media":"","overlay-type":"","overlay-color":"","overlay-opacity":"","overlay-gradient":""},"tablet":{"background-color":"var(--ast-global-color-5)","background-image":"","background-repeat":"repeat","background-position":"center center","background-size":"auto","background-attachment":"scroll","background-type":"","background-media":"","overlay-type":"","overlay-color":"","overlay-opacity":"","overlay-gradient":""},"mobile":{"background-color":"var(--ast-global-color-5)","background-image":"","background-repeat":"repeat","background-position":"center center","background-size":"auto","background-attachment":"scroll","background-type":"","background-media":"","overlay-type":"","overlay-color":"","overlay-opacity":"","overlay-gradient":""}},"_joinchat":{"telephone":"+8618077105796"}},"product_brand":[],"product_cat":[67,140,153,157],"product_tag":[97,188],"class_list":{"0":"post-3568","1":"product","2":"type-product","3":"status-publish","4":"has-post-thumbnail","6":"product_cat-30000-puff","7":"product_cat-big-puffs-disposable-vapes","8":"product_cat-buy-disposable-vapes-in-italy","9":"product_cat-buy-disposable-vapes-in-portugal","10":"product_tag-hot-sale-disposable-vape","11":"product_tag-vookbar-cyber-pro-30000-puffs","12":"desktop-align-left","13":"tablet-align-left","14":"mobile-align-left","16":"first","17":"instock","18":"sale","19":"shipping-taxable","20":"purchasable","21":"product-type-simple"},"acf":[],"uagb_featured_image_src":{"full":["https:\/\/vapestornado.com\/wp-content\/uploads\/2024\/12\/Vookbar-3000-Puff-Vapes-Cheap-Price.jpg",800,800,false],"thumbnail":["https:\/\/vapestornado.com\/wp-content\/uploads\/2024\/12\/Vookbar-3000-Puff-Vapes-Cheap-Price-150x150.jpg",150,150,true],"medium":["https:\/\/vapestornado.com\/wp-content\/uploads\/2024\/12\/Vookbar-3000-Puff-Vapes-Cheap-Price-300x300.jpg",300,300,true],"medium_large":["https:\/\/vapestornado.com\/wp-content\/uploads\/2024\/12\/Vookbar-3000-Puff-Vapes-Cheap-Price-768x768.jpg",768,768,true],"large":["https:\/\/vapestornado.com\/wp-content\/uploads\/2024\/12\/Vookbar-3000-Puff-Vapes-Cheap-Price.jpg",800,800,false],"1536x1536":["https:\/\/vapestornado.com\/wp-content\/uploads\/2024\/12\/Vookbar-3000-Puff-Vapes-Cheap-Price.jpg",800,800,false],"2048x2048":["https:\/\/vapestornado.com\/wp-content\/uploads\/2024\/12\/Vookbar-3000-Puff-Vapes-Cheap-Price.jpg",800,800,false],"trp-custom-language-flag":["https:\/\/vapestornado.com\/wp-content\/uploads\/2024\/12\/Vookbar-3000-Puff-Vapes-Cheap-Price.jpg",12,12,false],"woocommerce_thumbnail":["https:\/\/vapestornado.com\/wp-content\/uploads\/2024\/12\/Vookbar-3000-Puff-Vapes-Cheap-Price-300x300.jpg",300,300,true],"woocommerce_single":["https:\/\/vapestornado.com\/wp-content\/uploads\/2024\/12\/Vookbar-3000-Puff-Vapes-Cheap-Price-600x600.jpg",600,600,true],"woocommerce_gallery_thumbnail":["https:\/\/vapestornado.com\/wp-content\/uploads\/2024\/12\/Vookbar-3000-Puff-Vapes-Cheap-Price-100x100.jpg",100,100,true]},"uagb_author_info":{"display_name":"ESMANDY","author_link":"https:\/\/vapestornado.com\/hr\/author\/"},"uagb_comment_info":0,"uagb_excerpt":"Vookbar Cyber PRO 3000 Puffs is a premium wholesale e-cigarette hookah vape, offering long-lasting puffs, smooth flavor, and a sleek design. Ideal for bulk purchases. [caption id=\"attachment_2951\" align=\"alignnone\" width=\"265\"] Pls Contact Mandy's WhatsApp For Discount Price\u00a0 +8618077105796[\/caption] &nbsp;","_links":{"self":[{"href":"https:\/\/vapestornado.com\/hr\/wp-json\/wp\/v2\/product\/3568","targetHints":{"allow":["GET"]}}],"collection":[{"href":"https:\/\/vapestornado.com\/hr\/wp-json\/wp\/v2\/product"}],"about":[{"href":"https:\/\/vapestornado.com\/hr\/wp-json\/wp\/v2\/types\/product"}],"replies":[{"embeddable":true,"href":"https:\/\/vapestornado.com\/hr\/wp-json\/wp\/v2\/comments?post=3568"}],"wp:featuredmedia":[{"embeddable":true,"href":"https:\/\/vapestornado.com\/hr\/wp-json\/wp\/v2\/media\/3592"}],"wp:attachment":[{"href":"https:\/\/vapestornado.com\/hr\/wp-json\/wp\/v2\/media?parent=3568"}],"wp:term":[{"taxonomy":"product_brand","embeddable":true,"href":"https:\/\/vapestornado.com\/hr\/wp-json\/wp\/v2\/product_brand?post=3568"},{"taxonomy":"product_cat","embeddable":true,"href":"https:\/\/vapestornado.com\/hr\/wp-json\/wp\/v2\/product_cat?post=3568"},{"taxonomy":"product_tag","embeddable":true,"href":"https:\/\/vapestornado.com\/hr\/wp-json\/wp\/v2\/product_tag?post=3568"}],"curies":[{"name":"wp","href":"https:\/\/api.w.org\/{rel}","templated":true}]}}