{"id":3533,"date":"2024-12-28T09:56:42","date_gmt":"2024-12-28T09:56:42","guid":{"rendered":"https:\/\/vapestornado.com\/?post_type=product&#038;p=3533"},"modified":"2025-08-23T09:46:04","modified_gmt":"2025-08-23T09:46:04","slug":"vapme-spacex-22000-puffs-disposable-vape","status":"publish","type":"product","link":"https:\/\/vapestornado.com\/hr\/product\/vapme-spacex-22000-puffs-disposable-vape\/","title":{"rendered":"Vapme Spacex 22000 Puffs Jednokratna Vape"},"content":{"rendered":"<h1>Vapme Spacex 22000 Puffs Jednokratna Vape<\/h1>\n<p data-start=\"397\" data-end=\"648\">Ovo <strong data-start=\"401\" data-end=\"445\">Vapme Spacex 22000 Puffs Jednokratna Vape<\/strong> pru\u017ea kapacitet, performanse i dizajn prilago\u0111en korisniku u jednom ure\u0111aju. S do <strong data-start=\"529\" data-end=\"545\">22 000 uvla\u010denja<\/strong> i <strong data-start=\"552\" data-end=\"585\">28 ml prethodno napunjenog spremnika e-teku\u0107ine<\/strong>, pru\u017ea dugotrajnu upotrebu bez \u010destih zamjena.<\/p>\n<p data-start=\"650\" data-end=\"962\">Pokre\u0107e ga <strong data-start=\"664\" data-end=\"695\">850mAh punjiva baterija<\/strong> sa <strong data-start=\"701\" data-end=\"725\">Type-C brzo punjenje<\/strong>, Vapme Spacex 22K osigurava dosljedne performanse za produljene sesije. Njegov <strong data-start=\"806\" data-end=\"824\">dvostrukom mre\u017eastom zavojnicom<\/strong> pobolj\u0161ava isporuku okusa i gusto\u0107u pare, dok <strong data-start=\"879\" data-end=\"908\">podesivi sustav protoka zraka<\/strong> omogu\u0107uje korisnicima da prilagode svaki udah prema svojim \u017eeljama.<\/p>\n<p data-start=\"964\" data-end=\"1368\">Dostupno u <strong data-start=\"977\" data-end=\"1009\">ja\u010dine nikotina od 2% i 5%<\/strong>, ovaj jednokratni vape namijenjen je umjerenim i te\u0161kim korisnicima. Ugra\u0111eni <strong data-start=\"1084\" data-end=\"1099\">LED zaslon<\/strong> prikazuje trajanje baterije i razinu e-teku\u0107ine u stvarnom vremenu, dodaju\u0107i prakti\u010dnost i kontrolu. Kompaktan i pouzdan, <strong data-start=\"1211\" data-end=\"1244\">Vapme Spacex 22000 Udisaja Vape<\/strong> je pogodan za po\u010detnike i iskusne vapere, kao i za veletrgovce koji tra\u017ee ure\u0111aje velikog kapaciteta s velikom potra\u017enjom.<\/p>\n<h1><img fetchpriority=\"high\" decoding=\"async\" class=\"alignnone size-large wp-image-3536\" style=\"font-size: 16px; font-style: inherit; font-weight: inherit;\" src=\"https:\/\/vapestornado.com\/wp-content\/uploads\/2024\/12\/Real-Pictures-of-Vapme-Spacex-22000-Puffs-Disposable-Vape-Authentic-Product-Gallery-1024x576.jpg\" alt=\"Prave slike Vapme Spacex 22000 Puffs Jednokratni Vape Autenti\u010dna galerija proizvoda\" width=\"1024\" height=\"576\" srcset=\"https:\/\/vapestornado.com\/wp-content\/uploads\/2024\/12\/Real-Pictures-of-Vapme-Spacex-22000-Puffs-Disposable-Vape-Authentic-Product-Gallery-1024x576.jpg 1024w, https:\/\/vapestornado.com\/wp-content\/uploads\/2024\/12\/Real-Pictures-of-Vapme-Spacex-22000-Puffs-Disposable-Vape-Authentic-Product-Gallery-300x169.jpg 300w, https:\/\/vapestornado.com\/wp-content\/uploads\/2024\/12\/Real-Pictures-of-Vapme-Spacex-22000-Puffs-Disposable-Vape-Authentic-Product-Gallery-768x432.jpg 768w, https:\/\/vapestornado.com\/wp-content\/uploads\/2024\/12\/Real-Pictures-of-Vapme-Spacex-22000-Puffs-Disposable-Vape-Authentic-Product-Gallery-1536x864.jpg 1536w, https:\/\/vapestornado.com\/wp-content\/uploads\/2024\/12\/Real-Pictures-of-Vapme-Spacex-22000-Puffs-Disposable-Vape-Authentic-Product-Gallery-2048x1152.jpg 2048w, https:\/\/vapestornado.com\/wp-content\/uploads\/2024\/12\/Real-Pictures-of-Vapme-Spacex-22000-Puffs-Disposable-Vape-Authentic-Product-Gallery-600x338.jpg 600w\" sizes=\"(max-width: 1024px) 100vw, 1024px\" \/><\/h1>\n<h3>Zna\u010dajke proizvoda<\/h3>\n<ol>\n<li><strong>Kapacitet od 22.000 udisaja<\/strong> za dugotrajno kori\u0161tenje bez \u010destih zamjena.<\/li>\n<li><strong>Dvostruka mre\u017easta zavojnica<\/strong> osigurava glatku proizvodnju pare i pobolj\u0161anu isporuku okusa.<\/li>\n<li><strong>Punjiva baterija od 850mAh<\/strong> s Type-C ulazom za brzo, u\u010dinkovito punjenje.<\/li>\n<li><strong>Podesivi sustav protoka zraka<\/strong> omogu\u0107uje prilagodljive preferencije uvla\u010denja.<\/li>\n<li><strong>LED zaslon<\/strong> prati udisaje i trajanje baterije za prakti\u010dnost korisnika.<\/li>\n<\/ol>\n<p><img decoding=\"async\" class=\"alignnone size-large wp-image-3535\" src=\"https:\/\/vapestornado.com\/wp-content\/uploads\/2024\/12\/Bulk-Buy-Vapme-Spacex-22000-Puffs-Save-Big-on-Large-Quantities-1024x576.jpg\" alt=\"Kupnja na veliko Vapme Spacex 22000 Puffs U\u0161tedite mnogo na velikim koli\u010dinama\" width=\"1024\" height=\"576\" srcset=\"https:\/\/vapestornado.com\/wp-content\/uploads\/2024\/12\/Bulk-Buy-Vapme-Spacex-22000-Puffs-Save-Big-on-Large-Quantities-1024x576.jpg 1024w, https:\/\/vapestornado.com\/wp-content\/uploads\/2024\/12\/Bulk-Buy-Vapme-Spacex-22000-Puffs-Save-Big-on-Large-Quantities-300x169.jpg 300w, https:\/\/vapestornado.com\/wp-content\/uploads\/2024\/12\/Bulk-Buy-Vapme-Spacex-22000-Puffs-Save-Big-on-Large-Quantities-768x432.jpg 768w, https:\/\/vapestornado.com\/wp-content\/uploads\/2024\/12\/Bulk-Buy-Vapme-Spacex-22000-Puffs-Save-Big-on-Large-Quantities-1536x864.jpg 1536w, https:\/\/vapestornado.com\/wp-content\/uploads\/2024\/12\/Bulk-Buy-Vapme-Spacex-22000-Puffs-Save-Big-on-Large-Quantities-2048x1152.jpg 2048w, https:\/\/vapestornado.com\/wp-content\/uploads\/2024\/12\/Bulk-Buy-Vapme-Spacex-22000-Puffs-Save-Big-on-Large-Quantities-600x338.jpg 600w\" sizes=\"(max-width: 1024px) 100vw, 1024px\" \/><\/p>\n<p><img decoding=\"async\" class=\"size-large wp-image-3541\" src=\"https:\/\/vapestornado.com\/wp-content\/uploads\/2024\/12\/Vapme-Spacex-22000-Puffs-Disposable-Vape-Review-Honest-Feedback-and-Real-Insights-1024x576.jpg\" alt=\"Vapme Spacex 22000 Puffs Jednokratni Vape Recenzija Iskrene povratne informacije i pravi uvidi\" width=\"1024\" height=\"576\" srcset=\"https:\/\/vapestornado.com\/wp-content\/uploads\/2024\/12\/Vapme-Spacex-22000-Puffs-Disposable-Vape-Review-Honest-Feedback-and-Real-Insights-1024x576.jpg 1024w, https:\/\/vapestornado.com\/wp-content\/uploads\/2024\/12\/Vapme-Spacex-22000-Puffs-Disposable-Vape-Review-Honest-Feedback-and-Real-Insights-300x169.jpg 300w, https:\/\/vapestornado.com\/wp-content\/uploads\/2024\/12\/Vapme-Spacex-22000-Puffs-Disposable-Vape-Review-Honest-Feedback-and-Real-Insights-768x432.jpg 768w, https:\/\/vapestornado.com\/wp-content\/uploads\/2024\/12\/Vapme-Spacex-22000-Puffs-Disposable-Vape-Review-Honest-Feedback-and-Real-Insights-1536x864.jpg 1536w, https:\/\/vapestornado.com\/wp-content\/uploads\/2024\/12\/Vapme-Spacex-22000-Puffs-Disposable-Vape-Review-Honest-Feedback-and-Real-Insights-2048x1152.jpg 2048w, https:\/\/vapestornado.com\/wp-content\/uploads\/2024\/12\/Vapme-Spacex-22000-Puffs-Disposable-Vape-Review-Honest-Feedback-and-Real-Insights-600x338.jpg 600w\" sizes=\"(max-width: 1024px) 100vw, 1024px\" \/><\/p>\n<p><img loading=\"lazy\" decoding=\"async\" class=\"size-large wp-image-3542\" src=\"https:\/\/vapestornado.com\/wp-content\/uploads\/2024\/12\/Vapme-Spacex-22000-Puffs-Flavor-List-Explore-16-Unique-and-Delicious-Flavors-1024x576.jpg\" alt=\"Vapme Spacex 22000 Puffs Popis okusa Istra\u017eite 16 jedinstvenih i ukusnih okusa\" width=\"1024\" height=\"576\" srcset=\"https:\/\/vapestornado.com\/wp-content\/uploads\/2024\/12\/Vapme-Spacex-22000-Puffs-Flavor-List-Explore-16-Unique-and-Delicious-Flavors-1024x576.jpg 1024w, https:\/\/vapestornado.com\/wp-content\/uploads\/2024\/12\/Vapme-Spacex-22000-Puffs-Flavor-List-Explore-16-Unique-and-Delicious-Flavors-300x169.jpg 300w, https:\/\/vapestornado.com\/wp-content\/uploads\/2024\/12\/Vapme-Spacex-22000-Puffs-Flavor-List-Explore-16-Unique-and-Delicious-Flavors-768x432.jpg 768w, https:\/\/vapestornado.com\/wp-content\/uploads\/2024\/12\/Vapme-Spacex-22000-Puffs-Flavor-List-Explore-16-Unique-and-Delicious-Flavors-1536x864.jpg 1536w, https:\/\/vapestornado.com\/wp-content\/uploads\/2024\/12\/Vapme-Spacex-22000-Puffs-Flavor-List-Explore-16-Unique-and-Delicious-Flavors-2048x1152.jpg 2048w, https:\/\/vapestornado.com\/wp-content\/uploads\/2024\/12\/Vapme-Spacex-22000-Puffs-Flavor-List-Explore-16-Unique-and-Delicious-Flavors-600x338.jpg 600w\" sizes=\"(max-width: 1024px) 100vw, 1024px\" \/><\/p>\n<p><img loading=\"lazy\" decoding=\"async\" class=\"size-large wp-image-3543\" src=\"https:\/\/vapestornado.com\/wp-content\/uploads\/2024\/12\/Vapme-Spacex-22000-Puffs-Price-Comparison-Affordable-Premium-Disposable-Vape-1024x576.jpg\" alt=\"Vapme Spacex 22000 Puffs Usporedba cijena Pristupa\u010dan premium jednokratni vape\" width=\"1024\" height=\"576\" srcset=\"https:\/\/vapestornado.com\/wp-content\/uploads\/2024\/12\/Vapme-Spacex-22000-Puffs-Price-Comparison-Affordable-Premium-Disposable-Vape-1024x576.jpg 1024w, https:\/\/vapestornado.com\/wp-content\/uploads\/2024\/12\/Vapme-Spacex-22000-Puffs-Price-Comparison-Affordable-Premium-Disposable-Vape-300x169.jpg 300w, https:\/\/vapestornado.com\/wp-content\/uploads\/2024\/12\/Vapme-Spacex-22000-Puffs-Price-Comparison-Affordable-Premium-Disposable-Vape-768x432.jpg 768w, https:\/\/vapestornado.com\/wp-content\/uploads\/2024\/12\/Vapme-Spacex-22000-Puffs-Price-Comparison-Affordable-Premium-Disposable-Vape-1536x864.jpg 1536w, https:\/\/vapestornado.com\/wp-content\/uploads\/2024\/12\/Vapme-Spacex-22000-Puffs-Price-Comparison-Affordable-Premium-Disposable-Vape-2048x1152.jpg 2048w, https:\/\/vapestornado.com\/wp-content\/uploads\/2024\/12\/Vapme-Spacex-22000-Puffs-Price-Comparison-Affordable-Premium-Disposable-Vape-600x338.jpg 600w\" sizes=\"(max-width: 1024px) 100vw, 1024px\" \/><\/p>\n<p><img loading=\"lazy\" decoding=\"async\" class=\"size-large wp-image-3544\" src=\"https:\/\/vapestornado.com\/wp-content\/uploads\/2024\/12\/Wholesale-Vapme-Spacex-22000-Puffs-Best-Bulk-Deals-for-Retailers-1024x576.jpg\" alt=\"Veleprodaja Vapme Spacex 22000 Puffs Najbolje ponude na veliko za prodava\u010de\" width=\"1024\" height=\"576\" srcset=\"https:\/\/vapestornado.com\/wp-content\/uploads\/2024\/12\/Wholesale-Vapme-Spacex-22000-Puffs-Best-Bulk-Deals-for-Retailers-1024x576.jpg 1024w, https:\/\/vapestornado.com\/wp-content\/uploads\/2024\/12\/Wholesale-Vapme-Spacex-22000-Puffs-Best-Bulk-Deals-for-Retailers-300x169.jpg 300w, https:\/\/vapestornado.com\/wp-content\/uploads\/2024\/12\/Wholesale-Vapme-Spacex-22000-Puffs-Best-Bulk-Deals-for-Retailers-768x432.jpg 768w, https:\/\/vapestornado.com\/wp-content\/uploads\/2024\/12\/Wholesale-Vapme-Spacex-22000-Puffs-Best-Bulk-Deals-for-Retailers-1536x864.jpg 1536w, https:\/\/vapestornado.com\/wp-content\/uploads\/2024\/12\/Wholesale-Vapme-Spacex-22000-Puffs-Best-Bulk-Deals-for-Retailers-2048x1152.jpg 2048w, https:\/\/vapestornado.com\/wp-content\/uploads\/2024\/12\/Wholesale-Vapme-Spacex-22000-Puffs-Best-Bulk-Deals-for-Retailers-600x338.jpg 600w\" sizes=\"(max-width: 1024px) 100vw, 1024px\" \/><\/p>\n<h3>Popis okusa<\/h3>\n<ol>\n<li>Mango od Jagode<\/li>\n<li>Mije\u0161ano bobi\u010dasto vo\u0107e<\/li>\n<li>Lubenica led<\/li>\n<li>Jagoda Lubenica<\/li>\n<li>Jagoda, Red Bull<\/li>\n<li>Kivi Marakuja Guava<\/li>\n<li>Ledeno gro\u017e\u0111e<\/li>\n<li>Dva Jabu\u010dice Led<\/li>\n<li>Borovnica Malina<\/li>\n<li>Lubenica Mango Led<\/li>\n<li>Borovnica Led<\/li>\n<li>Breskva Bobica<\/li>\n<li>Jagoda Kivi<\/li>\n<li>Vi\u0161nja Led<\/li>\n<li>Jagoda Superburst Vi\u0161nja<\/li>\n<li>Lubeni\u010dasta \u017evaka\u0107a guma<\/li>\n<\/ol>\n<h3>Vapme Spacex 22000 Puffs Top 10 okusa<\/h3>\n<ol>\n<li style=\"list-style-type: none;\">\n<ol>\n<li><strong>Mango od Jagode<\/strong>: Tropska mje\u0161avina zrelog manga i svje\u017eih jagoda.<\/li>\n<li><strong>Mije\u0161ano bobi\u010dasto vo\u0107e<\/strong>: So\u010dna mje\u0161avina borovnica, kupina i malina.<\/li>\n<li><strong>Lubenica led<\/strong>: Slatka lubenica s osvje\u017eavaju\u0107im ledenim udarcem.<\/li>\n<li><strong>Jagoda Lubenica<\/strong>: Spoj so\u010dnih jagoda i hladne lubenice.<\/li>\n<li><strong>Jagoda, Red Bull<\/strong>: Odva\u017ean okus jagode s prizvukom energetskog pi\u0107a.<\/li>\n<li><strong>Kivi Marakuja Guava<\/strong>: Egzoti\u010dni kivi, marakuja i guava za tropski bijeg.<\/li>\n<li><strong>Ledeno gro\u017e\u0111e<\/strong>: Svje\u017ee i so\u010dno gro\u017e\u0111e s hladnim zavr\u0161etkom mentola.<\/li>\n<li><strong>Dva Jabu\u010dice Led<\/strong>: Slatke crvene i zelene jabuke uparene s ledenim osje\u0107ajem.<\/li>\n<li><strong>Borovnica Malina<\/strong>: Trpke maline i slatke borovnice savr\u0161eno spojene.<\/li>\n<li><strong>Lubenica Mango Led<\/strong>: So\u010dni mango i lubenica s ledenim dodirom.<\/li>\n<\/ol>\n<\/li>\n<\/ol>\n<h3><strong>Za\u0161to odabrati Vapme Spacex 22000 Puffs?<\/strong><\/h3>\n<p>Vapme Spacex 22000 Puffs jednokratni vape isti\u010de se svojom prakti\u010dno\u0161\u0107u, pouzdano\u0161\u0107u i iznimnom isporukom okusa. Njegov masivni kapacitet od 22.000 udisaja osigurava dugotrajnu upotrebu, \u0161tede\u0107i vam novac na \u010deste zamjene. Tehnologija Dual Mesh Coil pobolj\u0161ava proizvodnju pare i okus, \u010dine\u0107i svaki udisaj zadovoljavaju\u0107im. S podesivim sustavom protoka zraka, mo\u017eete prilagoditi svoje iskustvo vapinga svojim \u017eeljama. Ure\u0111aj je punjiv putem Type-C priklju\u010dka, osiguravaju\u0107i brzo i u\u010dinkovito punjenje, dok vas LED zaslon obavje\u0161tava o statusu baterije i broju udisaja. \u0160irok raspon okusa zadovoljava razli\u010dite ukuse, \u0161to ga \u010dini svestranom opcijom za sve vapere.<\/p>\n<h3><strong>\u010cesto postavljana pitanja<\/strong><\/h3>\n<ol>\n<li><strong>Koliko dugo traje Vapme Spacex 22000 Puffs?<\/strong><br \/>\nPru\u017ea do 22.000 udisaja, \u0161to ga \u010dini idealnim za dugotrajnu upotrebu.<\/li>\n<li><strong>Je li Vapme Spacex punjiv?<\/strong><br \/>\nDa, ima punjivu bateriju od 850 mAh s Type-C punjenjem.<\/li>\n<li><strong>Koje su ja\u010dine nikotina dostupne?<\/strong><br \/>\nOdaberite izme\u0111u 2% ili 5% nikotina prema svojim \u017eeljama.<\/li>\n<li><strong>Ima li podesivi protok zraka?<\/strong><br \/>\nDa, sustav podesivog protoka zraka omogu\u0107uje vam da prilagodite svoje iskustvo udisanja.<\/li>\n<li><strong>Kako znam status baterije?<\/strong><br \/>\nUgra\u0111eni LED zaslon prikazuje trajanje baterije i broj udisaja u stvarnom vremenu.<\/li>\n<\/ol>\n<h4>Vapme vape veleprodaja Kontaktirajte i ostvarite popust sada!<\/h4>\n<p><img loading=\"lazy\" decoding=\"async\" class=\"size-large wp-image-2921\" src=\"https:\/\/vapestornado.com\/wp-content\/uploads\/2024\/11\/20062b3a285f900e79520aad496b94d-887x1024.jpg\" alt=\"vapestornado Vicky\" width=\"887\" height=\"1024\" srcset=\"https:\/\/vapestornado.com\/wp-content\/uploads\/2024\/11\/20062b3a285f900e79520aad496b94d-887x1024.jpg 887w, https:\/\/vapestornado.com\/wp-content\/uploads\/2024\/11\/20062b3a285f900e79520aad496b94d-260x300.jpg 260w, https:\/\/vapestornado.com\/wp-content\/uploads\/2024\/11\/20062b3a285f900e79520aad496b94d-768x887.jpg 768w, https:\/\/vapestornado.com\/wp-content\/uploads\/2024\/11\/20062b3a285f900e79520aad496b94d-600x693.jpg 600w, https:\/\/vapestornado.com\/wp-content\/uploads\/2024\/11\/20062b3a285f900e79520aad496b94d.jpg 1080w\" sizes=\"(max-width: 887px) 100vw, 887px\" \/><\/p>","protected":false},"excerpt":{"rendered":"<p>Vapme Spacex 22000 Puffs jednokratni vape ure\u0111aj nudi nenadma\u0161ne performanse s 22.000 udisaja, dvostrukom mre\u017eastom zavojnicom, podesivim protokom zraka i punjivom baterijom Type-C.<\/p>\n<p><strong><span style=\"color: #ff0000;\">(cijena na na\u0161oj web stranici ne uklju\u010duje tro\u0161kove dostave, molimo kontaktirajte me kako biste dobili ukupnu cijenu i va\u0161 popust!)<\/span><\/strong><\/p>\n<p><img loading=\"lazy\" decoding=\"async\" class=\"size-medium wp-image-2921\" src=\"https:\/\/vapestornado.com\/wp-content\/uploads\/2024\/11\/20062b3a285f900e79520aad496b94d-260x300.jpg\" alt=\"vapestornado Vicky\" width=\"260\" height=\"300\" srcset=\"https:\/\/vapestornado.com\/wp-content\/uploads\/2024\/11\/20062b3a285f900e79520aad496b94d-260x300.jpg 260w, https:\/\/vapestornado.com\/wp-content\/uploads\/2024\/11\/20062b3a285f900e79520aad496b94d-887x1024.jpg 887w, https:\/\/vapestornado.com\/wp-content\/uploads\/2024\/11\/20062b3a285f900e79520aad496b94d-768x887.jpg 768w, https:\/\/vapestornado.com\/wp-content\/uploads\/2024\/11\/20062b3a285f900e79520aad496b94d-600x693.jpg 600w, https:\/\/vapestornado.com\/wp-content\/uploads\/2024\/11\/20062b3a285f900e79520aad496b94d.jpg 1080w\" sizes=\"(max-width: 260px) 100vw, 260px\" \/><\/p>","protected":false},"featured_media":3534,"comment_status":"open","ping_status":"closed","template":"","meta":{"_acf_changed":false,"_uag_custom_page_level_css":"","_lmt_disableupdate":"no","_lmt_disable":"","_monsterinsights_skip_tracking":false,"_monsterinsights_sitenote_active":false,"_monsterinsights_sitenote_note":"","_monsterinsights_sitenote_category":0,"site-sidebar-layout":"default","site-content-layout":"","ast-site-content-layout":"default","site-content-style":"default","site-sidebar-style":"default","ast-global-header-display":"","ast-banner-title-visibility":"","ast-main-header-display":"","ast-hfb-above-header-display":"","ast-hfb-below-header-display":"","ast-hfb-mobile-header-display":"","site-post-title":"","ast-breadcrumbs-content":"","ast-featured-img":"","footer-sml-layout":"","ast-disable-related-posts":"","theme-transparent-header-meta":"default","adv-header-id-meta":"","stick-header-meta":"","header-above-stick-meta":"","header-main-stick-meta":"","header-below-stick-meta":"","astra-migrate-meta-layouts":"set","ast-page-background-enabled":"default","ast-page-background-meta":{"desktop":{"background-color":"","background-image":"","background-repeat":"repeat","background-position":"center center","background-size":"auto","background-attachment":"scroll","background-type":"","background-media":"","overlay-type":"","overlay-color":"","overlay-opacity":"","overlay-gradient":""},"tablet":{"background-color":"","background-image":"","background-repeat":"repeat","background-position":"center center","background-size":"auto","background-attachment":"scroll","background-type":"","background-media":"","overlay-type":"","overlay-color":"","overlay-opacity":"","overlay-gradient":""},"mobile":{"background-color":"","background-image":"","background-repeat":"repeat","background-position":"center center","background-size":"auto","background-attachment":"scroll","background-type":"","background-media":"","overlay-type":"","overlay-color":"","overlay-opacity":"","overlay-gradient":""}},"ast-content-background-meta":{"desktop":{"background-color":"var(--ast-global-color-5)","background-image":"","background-repeat":"repeat","background-position":"center center","background-size":"auto","background-attachment":"scroll","background-type":"","background-media":"","overlay-type":"","overlay-color":"","overlay-opacity":"","overlay-gradient":""},"tablet":{"background-color":"var(--ast-global-color-5)","background-image":"","background-repeat":"repeat","background-position":"center center","background-size":"auto","background-attachment":"scroll","background-type":"","background-media":"","overlay-type":"","overlay-color":"","overlay-opacity":"","overlay-gradient":""},"mobile":{"background-color":"var(--ast-global-color-5)","background-image":"","background-repeat":"repeat","background-position":"center center","background-size":"auto","background-attachment":"scroll","background-type":"","background-media":"","overlay-type":"","overlay-color":"","overlay-opacity":"","overlay-gradient":""}},"_joinchat":{"telephone":"+8618077105750"}},"product_brand":[],"product_cat":[149,152,153,157,142,146],"product_tag":[],"class_list":{"0":"post-3533","1":"product","2":"type-product","3":"status-publish","4":"has-post-thumbnail","6":"product_cat-buy-disposable-vapes-in-austria","7":"product_cat-buy-disposable-vapes-in-cermany","8":"product_cat-buy-disposable-vapes-in-italy","9":"product_cat-buy-disposable-vapes-in-portugal","10":"product_cat-digital-box-disposable-vapes","11":"product_cat-rechargeable-disposable-vapes","12":"desktop-align-left","13":"tablet-align-left","14":"mobile-align-left","16":"first","17":"instock","18":"sale","19":"shipping-taxable","20":"purchasable","21":"product-type-simple"},"acf":[],"uagb_featured_image_src":{"full":["https:\/\/vapestornado.com\/wp-content\/uploads\/2024\/12\/Affordable-VAPME-Disposable-Vape-SPACEX-22k.jpg",900,1125,false],"thumbnail":["https:\/\/vapestornado.com\/wp-content\/uploads\/2024\/12\/Affordable-VAPME-Disposable-Vape-SPACEX-22k-150x150.jpg",150,150,true],"medium":["https:\/\/vapestornado.com\/wp-content\/uploads\/2024\/12\/Affordable-VAPME-Disposable-Vape-SPACEX-22k-240x300.jpg",240,300,true],"medium_large":["https:\/\/vapestornado.com\/wp-content\/uploads\/2024\/12\/Affordable-VAPME-Disposable-Vape-SPACEX-22k-768x960.jpg",768,960,true],"large":["https:\/\/vapestornado.com\/wp-content\/uploads\/2024\/12\/Affordable-VAPME-Disposable-Vape-SPACEX-22k-819x1024.jpg",819,1024,true],"1536x1536":["https:\/\/vapestornado.com\/wp-content\/uploads\/2024\/12\/Affordable-VAPME-Disposable-Vape-SPACEX-22k.jpg",900,1125,false],"2048x2048":["https:\/\/vapestornado.com\/wp-content\/uploads\/2024\/12\/Affordable-VAPME-Disposable-Vape-SPACEX-22k.jpg",900,1125,false],"trp-custom-language-flag":["https:\/\/vapestornado.com\/wp-content\/uploads\/2024\/12\/Affordable-VAPME-Disposable-Vape-SPACEX-22k.jpg",10,12,false],"woocommerce_thumbnail":["https:\/\/vapestornado.com\/wp-content\/uploads\/2024\/12\/Affordable-VAPME-Disposable-Vape-SPACEX-22k-300x300.jpg",300,300,true],"woocommerce_single":["https:\/\/vapestornado.com\/wp-content\/uploads\/2024\/12\/Affordable-VAPME-Disposable-Vape-SPACEX-22k-600x750.jpg",600,750,true],"woocommerce_gallery_thumbnail":["https:\/\/vapestornado.com\/wp-content\/uploads\/2024\/12\/Affordable-VAPME-Disposable-Vape-SPACEX-22k-100x100.jpg",100,100,true]},"uagb_author_info":{"display_name":"ESvicky","author_link":"https:\/\/vapestornado.com\/hr\/author\/"},"uagb_comment_info":0,"uagb_excerpt":"Vapme Spacex 22000 Puffs Disposable Vape offers unmatched performance with 22,000 puffs, Dual Mesh Coil, adjustable airflow, and rechargeable Type-C battery. (our website price not include shipping cost, please contact me to get whole price and your disccount!)","_links":{"self":[{"href":"https:\/\/vapestornado.com\/hr\/wp-json\/wp\/v2\/product\/3533","targetHints":{"allow":["GET"]}}],"collection":[{"href":"https:\/\/vapestornado.com\/hr\/wp-json\/wp\/v2\/product"}],"about":[{"href":"https:\/\/vapestornado.com\/hr\/wp-json\/wp\/v2\/types\/product"}],"replies":[{"embeddable":true,"href":"https:\/\/vapestornado.com\/hr\/wp-json\/wp\/v2\/comments?post=3533"}],"wp:featuredmedia":[{"embeddable":true,"href":"https:\/\/vapestornado.com\/hr\/wp-json\/wp\/v2\/media\/3534"}],"wp:attachment":[{"href":"https:\/\/vapestornado.com\/hr\/wp-json\/wp\/v2\/media?parent=3533"}],"wp:term":[{"taxonomy":"product_brand","embeddable":true,"href":"https:\/\/vapestornado.com\/hr\/wp-json\/wp\/v2\/product_brand?post=3533"},{"taxonomy":"product_cat","embeddable":true,"href":"https:\/\/vapestornado.com\/hr\/wp-json\/wp\/v2\/product_cat?post=3533"},{"taxonomy":"product_tag","embeddable":true,"href":"https:\/\/vapestornado.com\/hr\/wp-json\/wp\/v2\/product_tag?post=3533"}],"curies":[{"name":"wp","href":"https:\/\/api.w.org\/{rel}","templated":true}]}}