{"id":3515,"date":"2024-12-28T08:19:21","date_gmt":"2024-12-28T08:19:21","guid":{"rendered":"https:\/\/vapestornado.com\/?post_type=product&#038;p=3515"},"modified":"2025-08-23T12:19:13","modified_gmt":"2025-08-23T12:19:13","slug":"uwin-shisha-hookah-crystal-20000-puffs-new-vape-bulk-price","status":"publish","type":"product","link":"https:\/\/vapestornado.com\/hr\/product\/uwin-shisha-hookah-crystal-20000-puffs-new-vape-bulk-price\/","title":{"rendered":"Uwin SHISHA HOOKAH Crystal 20000 Udisaja Novi VAPE Veleprodajna cijena"},"content":{"rendered":"<h1>Uwin SHISHA HOOKAH Crystal 20000 Udisaja Novi VAPE Veleprodajna cijena<\/h1>\n<p>Ovo <strong data-start=\"291\" data-end=\"333\">Uwin Shisha Nargila Kristal 20000 Udisaja<\/strong> je vrhunski jednokratni vape dizajniran za trgovce i distributere koji tra\u017ee <strong data-start=\"415\" data-end=\"438\">rje\u0161enja za vape u rasutom stanju<\/strong> s velikom potra\u017enjom diljem Europe. Svaki ure\u0111aj pru\u017ea do <strong data-start=\"500\" data-end=\"523\">20.000 glatkih udisaja<\/strong>, prethodno napunjen s <strong data-start=\"541\" data-end=\"561\">25 ml e-teku\u0107ine<\/strong> i napajan s <strong data-start=\"580\" data-end=\"618\">850mAh punjiva kobaltna baterija<\/strong> s brzim <strong data-start=\"629\" data-end=\"648\">Type-C punjenje<\/strong>.<\/p>\n<p>Dostupno u <strong data-start=\"672\" data-end=\"713\">0%, 2%, 3% i 5% ja\u010dinama nikotina<\/strong>, nudi fleksibilnost za svaki tip kupca. The <strong data-start=\"769\" data-end=\"793\">mre\u017easte zavojnice<\/strong> osigurava bogat okus i guste oblake, dok <strong data-start=\"842\" data-end=\"867\">kristalni shisha dizajn<\/strong> dodaje moderan, elegantan izgled.<\/p>\n<p>S <strong data-start=\"913\" data-end=\"940\">12 najprodavanijih okusa<\/strong> i prakti\u010dno veleprodajno pakiranje (<strong data-start=\"976\" data-end=\"1019\">10 kom\/kutija, 200 kom\/karton, 20,3 kg\/karton<\/strong>), Uwin Crystal 20K je napravljen za oboje <strong data-start=\"1061\" data-end=\"1109\">maloprodajne police i velike distribucijske narud\u017ebe<\/strong>. Kompaktan, ali mo\u0107an, kombinira <strong data-start=\"1145\" data-end=\"1192\">pouzdanost, performanse i pristupa\u010dnost<\/strong>, \u0161to ga \u010dini jednim od najkonkurentnijih veleprodajnih vapeova u kategoriji od 20 tisu\u0107a udisaja.<img fetchpriority=\"high\" decoding=\"async\" class=\"wp-image-3531\" style=\"font-style: inherit; font-weight: 600;\" src=\"https:\/\/vapestornado.com\/wp-content\/uploads\/2024\/12\/UWIN-VAPES-HOOKAH-Crystal-20000-Puffs-Grape-ice.jpg\" alt=\"UWIN VAPES HOOKAH Crystal 20000 Udisaja Ledeno gro\u017e\u0111e\" width=\"473\" height=\"473\" srcset=\"https:\/\/vapestornado.com\/wp-content\/uploads\/2024\/12\/UWIN-VAPES-HOOKAH-Crystal-20000-Puffs-Grape-ice.jpg 800w, https:\/\/vapestornado.com\/wp-content\/uploads\/2024\/12\/UWIN-VAPES-HOOKAH-Crystal-20000-Puffs-Grape-ice-300x300.jpg 300w, https:\/\/vapestornado.com\/wp-content\/uploads\/2024\/12\/UWIN-VAPES-HOOKAH-Crystal-20000-Puffs-Grape-ice-150x150.jpg 150w, https:\/\/vapestornado.com\/wp-content\/uploads\/2024\/12\/UWIN-VAPES-HOOKAH-Crystal-20000-Puffs-Grape-ice-768x768.jpg 768w, https:\/\/vapestornado.com\/wp-content\/uploads\/2024\/12\/UWIN-VAPES-HOOKAH-Crystal-20000-Puffs-Grape-ice-600x600.jpg 600w, https:\/\/vapestornado.com\/wp-content\/uploads\/2024\/12\/UWIN-VAPES-HOOKAH-Crystal-20000-Puffs-Grape-ice-100x100.jpg 100w\" sizes=\"(max-width: 473px) 100vw, 473px\" \/><\/p>\n<div role=\"article\" data-tabster=\"{&quot;groupper&quot;:{&quot;tabbability&quot;:2},&quot;focusable&quot;:{}}\" data-content=\"ai-message\" aria-labelledby=\"64JRvXrTnY7mRmPkEQLLT-author 64JRvXrTnY7mRmPkEQLLT-content\">\n<div id=\"64JRvXrTnY7mRmPkEQLLT-content\">UWIN VAPES HOOKAH Crystal 20000 Udisaja Ledeno gro\u017e\u0111e<\/div>\n<\/div>\n<p><img decoding=\"async\" class=\"alignleft wp-image-2951 size-medium\" src=\"https:\/\/vapestornado.com\/wp-content\/uploads\/2024\/12\/Wholesale-Disposable-Vape-265x300.jpg\" alt=\"Veleprodaja jednokratnih vape ure\u0111aja\" width=\"265\" height=\"300\" srcset=\"https:\/\/vapestornado.com\/wp-content\/uploads\/2024\/12\/Wholesale-Disposable-Vape-265x300.jpg 265w, https:\/\/vapestornado.com\/wp-content\/uploads\/2024\/12\/Wholesale-Disposable-Vape-768x871.jpg 768w, https:\/\/vapestornado.com\/wp-content\/uploads\/2024\/12\/Wholesale-Disposable-Vape-600x680.jpg 600w, https:\/\/vapestornado.com\/wp-content\/uploads\/2024\/12\/Wholesale-Disposable-Vape.jpg 823w\" sizes=\"(max-width: 265px) 100vw, 265px\" \/><\/p>\n<h6>Molimo kontaktirajte Mandy's WhatsApp za cijenu s popustom<a href=\"https:\/\/wa.me\/8618077105796\" target=\"_blank\" rel=\"noopener\">+8618077105796<\/a><\/h6>\n<div class=\"flex max-w-full flex-col flex-grow\">\n<div class=\"min-h-8 text-message flex w-full flex-col items-end gap-2 whitespace-normal break-words text-start [.text-message+&amp;]:mt-5\" dir=\"auto\" data-message-author-role=\"assistant\" data-message-id=\"cdb991c0-f594-4bff-b2d5-fbbdd7ce9e54\" data-message-model-slug=\"gpt-4o-mini\">\n<div class=\"flex w-full flex-col gap-1 empty:hidden first:pt-[3px]\">\n<div class=\"markdown prose w-full break-words dark:prose-invert light\"><\/div>\n<\/div>\n<\/div>\n<\/div>\n<div class=\"mb-2 flex gap-3 empty:hidden -ml-2\">\n<h2><strong>Uwin SHISHA VAPE Crystal 20000 Udisaja <\/strong>Izvanredne zna\u010dajke:<\/h2>\n<ul>\n<li><strong>Razine nikotina<\/strong>: 0%, 2%, 3%, 5%<\/li>\n<li><strong>Udisaji<\/strong>: Do 20.000<\/li>\n<li><strong>E-teku\u0107ina<\/strong>: Kapacitet 25 ml<\/li>\n<li><strong>Baterija<\/strong>: 850mAh punjiva, Type-C priklju\u010dak<\/li>\n<li><strong>Grija\u010d<\/strong>: Mre\u017easta zavojnica za bogat okus<\/li>\n<li><strong>Okusi<\/strong>: 12 opcija<\/li>\n<li><strong>Pakiranje<\/strong>: 10 kom\/kutija, 200 kom\/karton<\/li>\n<li><strong>Specifikacije kartona<\/strong>: 20,3 kg, 39,5 \u00d7 39 \u00d7 30,5 cm<\/li>\n<li><strong>Stil vapinga<\/strong>: Izravno u plu\u0107a (DTL)<\/li>\n<\/ul>\n<\/div>\n<h2><strong>Uwin SHISHA HOOKAH Crystal VAPES 20k Udisaja<\/strong> Popis okusa:<\/h2>\n<p>1. Borovnica na ledu<br \/>\n2. Kivi marakuja guava<br \/>\n3. Jagoda kivi<br \/>\n4. Mije\u0161ano bobi\u010dasto vo\u0107e<br \/>\n5. Lubenica s jagodom<br \/>\n6. Led od gro\u017e\u0111a<br \/>\n7. Led od lubenice<br \/>\n8. Led od tre\u0161nje<br \/>\n9. Led od jagode<br \/>\n10. Led od breskve<br \/>\n11. Borovnica malina<br \/>\n12. Love 66<\/p>\n<div role=\"article\" data-tabster=\"{&quot;groupper&quot;:{&quot;tabbability&quot;:2},&quot;focusable&quot;:{}}\" data-content=\"ai-message\" aria-labelledby=\"dARUyEWDoEYhnSPXFwx5A-author dARUyEWDoEYhnSPXFwx5A-content\">\n<div id=\"dARUyEWDoEYhnSPXFwx5A-content\">\n<h2>Za\u0161to odabrati <strong>Uwin SHISHA HOOKAH Kristal 20000 Pufova <\/strong>at <a href=\"https:\/\/vapestornado.com\/hr\/product\/bang-box-35k-puffs-high-capacity-long-lasting-disposable-vape\/\">vapestornado.com?<\/a><\/h2>\n<p>Ako tra\u017eite vrhunske jednokratne vape po konkurentnim cijenama, vapestornado.com je va\u0161 pouzdani izvor za <strong>Uwin Shisha Kristal 20000 Udisaja<\/strong>. Evo za\u0161to se ovaj proizvod i platforma isti\u010du:<\/p>\n<ul>\n<li><strong>Izuzetna dugotrajnost<\/strong><br \/>\nUwin Shisha Hookah Crystal pru\u017ea do <strong>20.000 puffova<\/strong>, \u0161to ga \u010dini jednim od najdugotrajnijih jednokratnih vape ure\u0111aja na tr\u017ei\u0161tu. Savr\u0161eno za strastvene vapere i one koji tra\u017ee produ\u017eenu upotrebu.<\/li>\n<li><strong>Raznolike opcije nikotina<\/strong><br \/>\nKako bi zadovoljili sve preferencije, ovaj vape dostupan je u <strong>0%, 2%, 3% i 5% ja\u010dinama nikotina<\/strong>, \u0161to ga \u010dini idealnim za povremene i redovite korisnike.<\/li>\n<li><strong>Raznolikost okusa<\/strong><br \/>\nBirajte izme\u0111u <strong>12 vrhunskih okusa<\/strong>, pa\u017eljivo izra\u0111eni kako bi zadovoljili niz ukusa, od vo\u0107nih favorita do hladnih mentol mje\u0161avina.<\/li>\n<li><strong>Napredna tehnologija<\/strong><br \/>\nOpremljen s <strong>mre\u017easta zavojnica<\/strong> i <strong>850mAh punjiva kobaltna baterija<\/strong>, ure\u0111aj nudi glatku paru, bogat okus i brzo, prakti\u010dno punjenje putem <strong>Type-C priklju\u010dkom<\/strong>.<\/li>\n<li><strong>Veleprodajna prakti\u010dnost<\/strong><br \/>\nNa vapestornado.com, u\u017eivajte u opcijama pakiranja na veliko s <strong>10 komada po kutiji<\/strong> i <strong>200 komada po kutiji<\/strong>, savr\u0161eno za trgovce i distributere.<\/li>\n<li><strong>Pouzdani dobavlja\u010d<\/strong><br \/>\nvapestornado.com je poznat po svojoj pouzdanoj usluzi, originalnim proizvodima i konkurentnim cijenama, \u0161to ga \u010dini platformom za visokokvalitetne vape ure\u0111aje.<\/li>\n<\/ul>\n<\/div>\n<\/div>\n<h2>\u010cesto postavljana pitanja o <strong>Uwin SHISHA HOOKAH Kristal 20000 Pufova <\/strong>Vape Podovima<\/h2>\n<p>&nbsp;<\/p>\n<p><strong>1. Koliko udisaja mogu dobiti od Uwin Shisha Hookah Vapes 20k puff?<\/strong><br \/>\nSvaki pod nudi do <strong>20.000 puffova<\/strong>, \u0161to ga \u010dini dugotrajnom opcijom za redovito vapiranje.<\/p>\n<p><strong>2. Koje su ja\u010dine nikotina dostupne za Uwin Crystal 20000 Puffs?<\/strong><br \/>\nUwin Shisha Hookah Crystal dolazi u <strong>0%, 2%, 3% i 5% nikotina<\/strong> opcijama koje odgovaraju razli\u010ditim preferencijama.<\/p>\n<p><strong>3. Koliko e-teku\u0107ine sadr\u017ei Uwin Crystal Vapes 20k Puffs?<\/strong><br \/>\nSvaki pod je prethodno napunjen s <strong>25 ml vrhunske e-teku\u0107ine<\/strong> za produljenu upotrebu.<\/p>\n<p><strong>4. Koliko vremena je potrebno za isporuku Uwin Shisha Hookah Crystal 20000 Puffs Vape Podova u moju zemlju?<\/strong><br \/>\nVrijeme isporuke varira ovisno o va\u0161oj lokaciji i odabranoj metodi slanja. Za europske zemlje, standardna dostava obi\u010dno traje 10<strong>\u201315 radnih dana.<\/strong> Ako postoje praznici, vrijeme isporuke paketa \u0107e se odgoditi.<\/p>\n<p><strong>5. Kako mogu pratiti svoju narud\u017ebu?<\/strong><br \/>\nNakon \u0161to je va\u0161a narud\u017eba poslana, primit \u0107ete broj za pra\u0107enje od dobavlja\u010da ili trgovca. Koristite ovo za pra\u0107enje napretka isporuke.<\/p>","protected":false},"excerpt":{"rendered":"<p>Uwin Shisha Hookah Crystal 20000 Puffs Vape, veleprodajne cijene, vrhunski okusi, punjiva, 2%5% nikotin, ekolo\u0161ki prihvatljiva. Savr\u0161eno za veleprodajne kupce u Europi.<\/p>\n<figure id=\"attachment_2951\" aria-describedby=\"caption-attachment-2951\" style=\"width: 265px\" class=\"wp-caption alignnone\"><img decoding=\"async\" class=\"size-medium wp-image-2951\" src=\"https:\/\/vapestornado.com\/wp-content\/uploads\/2024\/12\/Wholesale-Disposable-Vape-265x300.jpg\" alt=\"Veleprodaja jednokratnih vape ure\u0111aja\" width=\"265\" height=\"300\" srcset=\"https:\/\/vapestornado.com\/wp-content\/uploads\/2024\/12\/Wholesale-Disposable-Vape-265x300.jpg 265w, https:\/\/vapestornado.com\/wp-content\/uploads\/2024\/12\/Wholesale-Disposable-Vape-768x871.jpg 768w, https:\/\/vapestornado.com\/wp-content\/uploads\/2024\/12\/Wholesale-Disposable-Vape-600x680.jpg 600w, https:\/\/vapestornado.com\/wp-content\/uploads\/2024\/12\/Wholesale-Disposable-Vape.jpg 823w\" sizes=\"(max-width: 265px) 100vw, 265px\" \/><figcaption id=\"caption-attachment-2951\" class=\"wp-caption-text\">Molimo kontaktirajte Mandy's WhatsApp za cijenu s popustom\u00a0 <a href=\"https:\/\/wa.me\/8618077105796\">+8618077105796<\/a><\/figcaption><\/figure>\n<p>&nbsp;<\/p>","protected":false},"featured_media":3520,"comment_status":"open","ping_status":"closed","template":"","meta":{"_acf_changed":false,"_uag_custom_page_level_css":"","_lmt_disableupdate":"no","_lmt_disable":"","_monsterinsights_skip_tracking":false,"_monsterinsights_sitenote_active":false,"_monsterinsights_sitenote_note":"","_monsterinsights_sitenote_category":0,"site-sidebar-layout":"default","site-content-layout":"","ast-site-content-layout":"default","site-content-style":"default","site-sidebar-style":"default","ast-global-header-display":"","ast-banner-title-visibility":"","ast-main-header-display":"","ast-hfb-above-header-display":"","ast-hfb-below-header-display":"","ast-hfb-mobile-header-display":"","site-post-title":"","ast-breadcrumbs-content":"","ast-featured-img":"","footer-sml-layout":"","ast-disable-related-posts":"","theme-transparent-header-meta":"default","adv-header-id-meta":"","stick-header-meta":"","header-above-stick-meta":"","header-main-stick-meta":"","header-below-stick-meta":"","astra-migrate-meta-layouts":"set","ast-page-background-enabled":"default","ast-page-background-meta":{"desktop":{"background-color":"","background-image":"","background-repeat":"repeat","background-position":"center center","background-size":"auto","background-attachment":"scroll","background-type":"","background-media":"","overlay-type":"","overlay-color":"","overlay-opacity":"","overlay-gradient":""},"tablet":{"background-color":"","background-image":"","background-repeat":"repeat","background-position":"center center","background-size":"auto","background-attachment":"scroll","background-type":"","background-media":"","overlay-type":"","overlay-color":"","overlay-opacity":"","overlay-gradient":""},"mobile":{"background-color":"","background-image":"","background-repeat":"repeat","background-position":"center center","background-size":"auto","background-attachment":"scroll","background-type":"","background-media":"","overlay-type":"","overlay-color":"","overlay-opacity":"","overlay-gradient":""}},"ast-content-background-meta":{"desktop":{"background-color":"var(--ast-global-color-5)","background-image":"","background-repeat":"repeat","background-position":"center center","background-size":"auto","background-attachment":"scroll","background-type":"","background-media":"","overlay-type":"","overlay-color":"","overlay-opacity":"","overlay-gradient":""},"tablet":{"background-color":"var(--ast-global-color-5)","background-image":"","background-repeat":"repeat","background-position":"center center","background-size":"auto","background-attachment":"scroll","background-type":"","background-media":"","overlay-type":"","overlay-color":"","overlay-opacity":"","overlay-gradient":""},"mobile":{"background-color":"var(--ast-global-color-5)","background-image":"","background-repeat":"repeat","background-position":"center center","background-size":"auto","background-attachment":"scroll","background-type":"","background-media":"","overlay-type":"","overlay-color":"","overlay-opacity":"","overlay-gradient":""}},"_joinchat":{"telephone":"+8618077105796"}},"product_brand":[],"product_cat":[69,150,151,153,157,141],"product_tag":[97,217],"class_list":{"0":"post-3515","1":"product","2":"type-product","3":"status-publish","4":"has-post-thumbnail","6":"product_cat-20000-puff","7":"product_cat-buy-disposable-vapes-in-belgium","8":"product_cat-buy-disposable-vapes-in-france","9":"product_cat-buy-disposable-vapes-in-italy","10":"product_cat-buy-disposable-vapes-in-portugal","11":"product_cat-crystal-disposable-vapes","12":"product_tag-hot-sale-disposable-vape","13":"product_tag-uwin-shisha-hookah-crystal-20000-puffs","14":"desktop-align-left","15":"tablet-align-left","16":"mobile-align-left","18":"first","19":"instock","20":"sale","21":"shipping-taxable","22":"purchasable","23":"product-type-simple"},"acf":[],"uagb_featured_image_src":{"full":["https:\/\/vapestornado.com\/wp-content\/uploads\/2024\/12\/Good-Sale-UWIN-HOOKAH-Crystal-20000-Puffs-Watermelon-ice.jpg",800,800,false],"thumbnail":["https:\/\/vapestornado.com\/wp-content\/uploads\/2024\/12\/Good-Sale-UWIN-HOOKAH-Crystal-20000-Puffs-Watermelon-ice-150x150.jpg",150,150,true],"medium":["https:\/\/vapestornado.com\/wp-content\/uploads\/2024\/12\/Good-Sale-UWIN-HOOKAH-Crystal-20000-Puffs-Watermelon-ice-300x300.jpg",300,300,true],"medium_large":["https:\/\/vapestornado.com\/wp-content\/uploads\/2024\/12\/Good-Sale-UWIN-HOOKAH-Crystal-20000-Puffs-Watermelon-ice-768x768.jpg",768,768,true],"large":["https:\/\/vapestornado.com\/wp-content\/uploads\/2024\/12\/Good-Sale-UWIN-HOOKAH-Crystal-20000-Puffs-Watermelon-ice.jpg",800,800,false],"1536x1536":["https:\/\/vapestornado.com\/wp-content\/uploads\/2024\/12\/Good-Sale-UWIN-HOOKAH-Crystal-20000-Puffs-Watermelon-ice.jpg",800,800,false],"2048x2048":["https:\/\/vapestornado.com\/wp-content\/uploads\/2024\/12\/Good-Sale-UWIN-HOOKAH-Crystal-20000-Puffs-Watermelon-ice.jpg",800,800,false],"trp-custom-language-flag":["https:\/\/vapestornado.com\/wp-content\/uploads\/2024\/12\/Good-Sale-UWIN-HOOKAH-Crystal-20000-Puffs-Watermelon-ice.jpg",12,12,false],"woocommerce_thumbnail":["https:\/\/vapestornado.com\/wp-content\/uploads\/2024\/12\/Good-Sale-UWIN-HOOKAH-Crystal-20000-Puffs-Watermelon-ice-300x300.jpg",300,300,true],"woocommerce_single":["https:\/\/vapestornado.com\/wp-content\/uploads\/2024\/12\/Good-Sale-UWIN-HOOKAH-Crystal-20000-Puffs-Watermelon-ice-600x600.jpg",600,600,true],"woocommerce_gallery_thumbnail":["https:\/\/vapestornado.com\/wp-content\/uploads\/2024\/12\/Good-Sale-UWIN-HOOKAH-Crystal-20000-Puffs-Watermelon-ice-100x100.jpg",100,100,true]},"uagb_author_info":{"display_name":"ESMANDY","author_link":"https:\/\/vapestornado.com\/hr\/author\/"},"uagb_comment_info":0,"uagb_excerpt":"Uwin Shisha Hookah Crystal 20000 Puffs Vape, bulk prices, premium flavors, rechargeable, 2%5% nicotine, eco-friendly. Perfect for wholesale buyers in Europe. [caption id=\"attachment_2951\" align=\"alignnone\" width=\"265\"] Pls Contact Mandy's WhatsApp For Discount Price\u00a0 +8618077105796[\/caption] &nbsp;","_links":{"self":[{"href":"https:\/\/vapestornado.com\/hr\/wp-json\/wp\/v2\/product\/3515","targetHints":{"allow":["GET"]}}],"collection":[{"href":"https:\/\/vapestornado.com\/hr\/wp-json\/wp\/v2\/product"}],"about":[{"href":"https:\/\/vapestornado.com\/hr\/wp-json\/wp\/v2\/types\/product"}],"replies":[{"embeddable":true,"href":"https:\/\/vapestornado.com\/hr\/wp-json\/wp\/v2\/comments?post=3515"}],"wp:featuredmedia":[{"embeddable":true,"href":"https:\/\/vapestornado.com\/hr\/wp-json\/wp\/v2\/media\/3520"}],"wp:attachment":[{"href":"https:\/\/vapestornado.com\/hr\/wp-json\/wp\/v2\/media?parent=3515"}],"wp:term":[{"taxonomy":"product_brand","embeddable":true,"href":"https:\/\/vapestornado.com\/hr\/wp-json\/wp\/v2\/product_brand?post=3515"},{"taxonomy":"product_cat","embeddable":true,"href":"https:\/\/vapestornado.com\/hr\/wp-json\/wp\/v2\/product_cat?post=3515"},{"taxonomy":"product_tag","embeddable":true,"href":"https:\/\/vapestornado.com\/hr\/wp-json\/wp\/v2\/product_tag?post=3515"}],"curies":[{"name":"wp","href":"https:\/\/api.w.org\/{rel}","templated":true}]}}