{"id":3445,"date":"2024-12-27T09:09:56","date_gmt":"2024-12-27T09:09:56","guid":{"rendered":"https:\/\/vapestornado.com\/?post_type=product&#038;p=3445"},"modified":"2025-08-23T10:50:44","modified_gmt":"2025-08-23T10:50:44","slug":"bood-pulse-pro-25k-50k-puffs-geek-bar-new-vape-bulk-price","status":"publish","type":"product","link":"https:\/\/vapestornado.com\/hr\/product\/bood-pulse-pro-25k-50k-puffs-geek-bar-new-vape-bulk-price\/","title":{"rendered":"Bood Pulse Pro 25k 50k Puffs Geek Bar Novi Vape Cijena na veliko"},"content":{"rendered":"<h1>Bood Pulse Pro 25k 50k Puffs Geek Bar Novi Vape Cijena na veliko<\/h1>\n<p>&nbsp;<\/p>\n<div role=\"article\" data-tabster=\"{&quot;groupper&quot;:{&quot;tabbability&quot;:2},&quot;focusable&quot;:{}}\" data-content=\"ai-message\" aria-labelledby=\"64JRvXrTnY7mRmPkEQLLT-author 64JRvXrTnY7mRmPkEQLLT-content\">\n<div id=\"64JRvXrTnY7mRmPkEQLLT-content\">\n<p data-start=\"210\" data-end=\"488\">Ovo <strong data-start=\"214\" data-end=\"268\">Bood Pulse Pro 25K \/ 50K Puffs Jednokratni Vape Bar<\/strong> namijenjen je veletrgovcima i trgovcima na malo koji \u017eele kupcima ponuditi izbor izme\u0111u ure\u0111aja srednjeg i ultra-visokog kapaciteta. S <strong data-start=\"404\" data-end=\"437\">opcijama od 25.000 ili 50.000 udisaja<\/strong>, ovaj vape zadovoljava potrebe i lak\u0161ih i te\u017eih korisnika.<\/p>\n<p data-start=\"490\" data-end=\"798\">Svaka jedinica napaja se <strong data-start=\"517\" data-end=\"548\">850mAh punjiva baterija<\/strong> sa <strong data-start=\"554\" data-end=\"578\">Type-C brzo punjenje<\/strong>, osiguravaju\u0107i pouzdane performanse i minimalno vrijeme zastoja. Spremnik za <strong data-start=\"636\" data-end=\"669\">38 ml prethodno napunjene e-teku\u0107ine<\/strong> omogu\u0107uje produljeno kori\u0161tenje, dok <strong data-start=\"701\" data-end=\"734\">naprednom tehnologijom mre\u017easte zavojnice<\/strong> jam\u010di bogat okus i glatku paru od po\u010detka do kraja.<\/p>\n<p data-start=\"800\" data-end=\"1124\">Dostupno u <strong data-start=\"813\" data-end=\"835\">bez nikotina (0%)<\/strong>, kao i <strong data-start=\"848\" data-end=\"880\">ja\u010dine nikotina od 2% i 5%<\/strong>, onda je <strong data-start=\"886\" data-end=\"912\">Bood Pulse Pro 25K\/50K<\/strong> odgovara \u0161irokom rasponu hrvatskih kupaca. Njegov <strong data-start=\"959\" data-end=\"1027\">elegantan dizajn, sna\u017ena proizvodnja pare i cijene pogodne za velike koli\u010dine<\/strong> \u010dine ga privla\u010dnom opcijom za vape trgovine i distributere koji tra\u017ee pouzdanu veleprodajnu zalihu.<\/p>\n<p>&nbsp;<\/p>\n<\/div>\n<\/div>\n<p><img fetchpriority=\"high\" decoding=\"async\" class=\"alignleft wp-image-2951 size-medium\" src=\"https:\/\/vapestornado.com\/wp-content\/uploads\/2024\/12\/Wholesale-Disposable-Vape-265x300.jpg\" alt=\"Veleprodaja jednokratnih vape ure\u0111aja\" width=\"265\" height=\"300\" srcset=\"https:\/\/vapestornado.com\/wp-content\/uploads\/2024\/12\/Wholesale-Disposable-Vape-265x300.jpg 265w, https:\/\/vapestornado.com\/wp-content\/uploads\/2024\/12\/Wholesale-Disposable-Vape-768x871.jpg 768w, https:\/\/vapestornado.com\/wp-content\/uploads\/2024\/12\/Wholesale-Disposable-Vape-600x680.jpg 600w, https:\/\/vapestornado.com\/wp-content\/uploads\/2024\/12\/Wholesale-Disposable-Vape.jpg 823w\" sizes=\"(max-width: 265px) 100vw, 265px\" \/><\/p>\n<h6>Molimo kontaktirajte Mandy's WhatsApp za cijenu s popustom<a href=\"https:\/\/wa.me\/8618077105796\" target=\"_blank\" rel=\"noopener\">+8618077105796<\/a><\/h6>\n<div class=\"flex max-w-full flex-col flex-grow\">\n<div class=\"min-h-8 text-message flex w-full flex-col items-end gap-2 whitespace-normal break-words text-start [.text-message+&amp;]:mt-5\" dir=\"auto\" data-message-author-role=\"assistant\" data-message-id=\"cdb991c0-f594-4bff-b2d5-fbbdd7ce9e54\" data-message-model-slug=\"gpt-4o-mini\">\n<div class=\"flex w-full flex-col gap-1 empty:hidden first:pt-[3px]\">\n<div class=\"markdown prose w-full break-words dark:prose-invert light\"><\/div>\n<\/div>\n<\/div>\n<\/div>\n<div class=\"mb-2 flex gap-3 empty:hidden -ml-2\">\n<h2><strong>Bood Pulse Pro 50K Udisaja <\/strong>Izvanredne zna\u010dajke:<\/h2>\n<ul>\n<li><strong>50.000 uvla\u010denja<\/strong>: Iznimna dugotrajnost za produ\u017eene sesije vapinga<\/li>\n<li><strong>Kapacitet e-teku\u0107ine<\/strong>: Izda\u0161nih 38 ml za manje punjenja<\/li>\n<li><strong>Trajanje baterije<\/strong>: Izdr\u017eljiva punjiva baterija od 850 mAh za dosljedne performanse<\/li>\n<li><strong>Opcije nikotina<\/strong>: Varijante 0%, 2% i 5% koje odgovaraju individualnim \u017eeljama<\/li>\n<li><strong>Mre\u017easta spirala<\/strong>: Pobolj\u0161ani okus i proizvodnja pare<\/li>\n<\/ul>\n<\/div>\n<h2>Popis okusa Bood Pulse Pro 50000 Puffs:<\/h2>\n<p>1.DINJA ANANAS NARAN\u010cA<br \/>\n2.BOROVNICA KISELA MALINA<br \/>\n3.LUBENICA KIWI<br \/>\n4.BOROVNICA LUBENICA<br \/>\n5.KUPINA LED<br \/>\n6.TROSTRUKA DINJA<br \/>\n7.JAGODA LED<br \/>\n8. LEDENA LUBENICA OD JAGODE<br \/>\n9. DUPLA LIMUNADA<br \/>\n10. GRO\u017d\u0110E BRUSNICA BOROVNICA MALINA<\/p>\n<div role=\"article\" data-tabster=\"{&quot;groupper&quot;:{&quot;tabbability&quot;:2},&quot;focusable&quot;:{}}\" data-content=\"ai-message\" aria-labelledby=\"dARUyEWDoEYhnSPXFwx5A-author dARUyEWDoEYhnSPXFwx5A-content\">\n<div id=\"dARUyEWDoEYhnSPXFwx5A-content\">\n<h2>Za\u0161to odabrati Bood Pulse Pro 25k\/50k Puffs na vapestornado.com?<\/h2>\n<p>Ovo <strong>Bood Pulse Pro 25K\/50K Udisaja<\/strong> Jednokratni vape je ultimativan izbor za vapere koji tra\u017ee performanse, prakti\u010dnost i kvalitetu. Dostupan ekskluzivno na <strong>vapestornado.hr<\/strong>, ovaj ure\u0111aj nudi niz zna\u010dajki dizajniranih za pobolj\u0161anje va\u0161eg iskustva vapinga. Evo za\u0161to biste trebali odabrati Bood Pulse Pro:<\/p>\n<ul>\n<li><strong>Nepremostiva Dugotrajnost<\/strong><\/li>\n<\/ul>\n<p>S impresivnih <strong>25,000 do 50,000 uvla\u010denja<\/strong>, Bood Pulse Pro nudi jedan od najdugotrajnijih jednokratnih vapeova na tr\u017ei\u0161tu. Ne\u0107ete morati brinuti o \u010destim zamjenama, \u0161to ga \u010dini savr\u0161enim za svakodnevnu upotrebu i dugoro\u010dno zadovoljstvo.<\/p>\n<ul>\n<li><strong>Raznovrsne opcije nikotina<\/strong><\/li>\n<\/ul>\n<p>Bood Pulse Pro dolazi s <strong>bez nikotina<\/strong>, <strong>2%<\/strong>i <strong>5%<\/strong> opcijama nikotina, daju\u0107i vam fleksibilnost da odaberete \u017eeljenu razinu nikotina. Bez obzira na to \u017eelite li prestati s nikotinom ili u\u017eivati u sna\u017enom udaru, postoji savr\u0161ena opcija za vas.<\/p>\n<ul>\n<li><strong>Veliki kapacitet e-teku\u0107ine<\/strong><\/li>\n<\/ul>\n<p>Upakiran s <strong>38ml e-teku\u0107ine<\/strong>, Bood Pulse Pro nudi vi\u0161e nego dovoljno teku\u0107ine za produljeno vaping bez potrebe za \u010destim dopunjavanjem. To ga \u010dini prakti\u010dnim i pouzdanim izborom za korisnike u pokretu.<\/p>\n<ul>\n<li><strong>Sna\u017ene performanse<\/strong><\/li>\n<\/ul>\n<p>Opremljen s robusnom <strong>850mAh punjiva baterija<\/strong>, Bood Pulse Pro osigurava dosljedne performanse tijekom svog dugog vijeka trajanja. S <strong>mre\u017easta zavojnica<\/strong> za optimalan okus i glatku proizvodnju pare, svako uvla\u010denje je vrhunsko iskustvo.<\/p>\n<ul>\n<li><strong>Kvaliteta kojoj mo\u017eete vjerovati<\/strong><\/li>\n<\/ul>\n<p>vapestornado.com nudi odabrani izbor najboljih vaping proizvoda, a <strong>Bood Pulse Pro 25K\/50K Udisaja<\/strong> nije iznimka. Kada kupujete kod nas, zajam\u010deni su vam autenti\u010dni proizvodi, konkurentne cijene i brza, pouzdana dostava.<\/p>\n<ul>\n<li><strong>Zadovoljstvo kupaca<\/strong><\/li>\n<\/ul>\n<p>Na vapestornado.com, zadovoljstvo kupaca nam je glavni prioritet. Nudimo izvrsnu korisni\u010dku uslugu kako bismo osigurali besprijekorno iskustvo kupovine, uklju\u010duju\u0107i jednostavne povrate, detaljne informacije o proizvodu i personaliziranu podr\u0161ku.<\/p>\n<p>&nbsp;<\/p>\n<\/div>\n<\/div>\n<h2>\u010cesta pitanja o Bood Pulse Pro 25k\/50k Puffs Vape Pod ure\u0111ajima<\/h2>\n<p>Ovo su neka od \u010desto postavljanih pitanja koja \u0107e vam pomo\u0107i da saznate vi\u0161e o <strong>Bood Pulse Pro 25k\/50k Puffs Vape Pod ure\u0111ajima<\/strong>:<\/p>\n<h4>1. <strong>Koliko traje Bood Pulse Pro 50000 Puff vape?<\/strong><\/h4>\n<p>Ovo <strong>Bood Pulse Pro<\/strong> nudi impresivan vijek trajanja do <strong>25,000 do 50,000 uvla\u010denja<\/strong>, ovisno o va\u0161oj upotrebi. Ovaj dugotrajni dizajn osigurava da ne\u0107ete morati \u010desto zamjenjivati svoj ure\u0111aj, \u0161to ga \u010dini izvrsnim izborom za svakodnevnu upotrebu.<\/p>\n<h4>2. <strong>Koje opcije ja\u010dine nikotina su dostupne u Bood 50000 Puffs vapu?<\/strong><\/h4>\n<p>Bood Pulse Pro dolazi u <strong>bez nikotina<\/strong>, <strong>2%<\/strong>i <strong>5%<\/strong> opcijama ja\u010dine nikotina. Bilo da \u017eelite blagu ili ja\u010du dozu nikotina, postoji opcija za svakoga. Verzija bez nikotina savr\u0161ena je za one koji vi\u0161e vole vejpanje bez nikotina.<\/p>\n<h4>3. <strong>Koliki je kapacitet e-teku\u0107ine Bood Pulse Pro 50000 puff?<\/strong><\/h4>\n<p>Ure\u0111aj je unaprijed napunjen s <strong>38ml e-teku\u0107ine<\/strong>, pru\u017eaju\u0107i dovoljno teku\u0107ine za du\u017ee sesije vapinga. To zna\u010di manje punjenja i vi\u0161e prakti\u010dnosti za vapere.<\/p>\n<h4>4. <strong>Gdje mogu kupiti Bood Pulse Pro 25000 50000 Puffs?<\/strong><\/h4>\n<p>Mo\u017eete kupiti <strong>Bood Pulse Pro 25k\/50k Puffs Vape Pod ure\u0111ajima<\/strong> izravno od nas <strong>vapestornado.hr<\/strong>. Nudimo brzu dostavu, konkurentne cijene i izvanrednu korisni\u010dku uslugu kako bismo osigurali ugodno iskustvo kupovine.<\/p>\n<p>Za vi\u0161e informacija ili specifi\u010dne upite, slobodno se obratite na\u0161em timu za korisni\u010dku podr\u0161ku!<\/p>","protected":false},"excerpt":{"rendered":"<p>Ovo <strong data-start=\"1168\" data-end=\"1205\">Bood Pulse Pro 25K\/50K Udisaja Vape<\/strong> nudi opcije dvostrukog kapaciteta, performanse mre\u017easte zavojnice i punjivu snagu. Svestrani jednokratni ure\u0111aj dizajniran za <strong data-start=\"1319\" data-end=\"1354\">veleprodajne kupce u Europi<\/strong>.<\/p>\n<figure id=\"attachment_2951\" aria-describedby=\"caption-attachment-2951\" style=\"width: 265px\" class=\"wp-caption alignnone\"><img decoding=\"async\" class=\"size-medium wp-image-2951\" src=\"https:\/\/vapestornado.com\/wp-content\/uploads\/2024\/12\/Wholesale-Disposable-Vape-265x300.jpg\" alt=\"Veleprodaja jednokratnih vape ure\u0111aja\" width=\"265\" height=\"300\" srcset=\"https:\/\/vapestornado.com\/wp-content\/uploads\/2024\/12\/Wholesale-Disposable-Vape-265x300.jpg 265w, https:\/\/vapestornado.com\/wp-content\/uploads\/2024\/12\/Wholesale-Disposable-Vape-768x871.jpg 768w, https:\/\/vapestornado.com\/wp-content\/uploads\/2024\/12\/Wholesale-Disposable-Vape-600x680.jpg 600w, https:\/\/vapestornado.com\/wp-content\/uploads\/2024\/12\/Wholesale-Disposable-Vape.jpg 823w\" sizes=\"(max-width: 265px) 100vw, 265px\" \/><figcaption id=\"caption-attachment-2951\" class=\"wp-caption-text\">Molimo kontaktirajte Mandy's WhatsApp za cijenu s popustom\u00a0 <a href=\"https:\/\/wa.me\/8618077105796\">+8618077105796<\/a><\/figcaption><\/figure>\n<p>&nbsp;<\/p>","protected":false},"featured_media":3504,"comment_status":"open","ping_status":"closed","template":"","meta":{"_acf_changed":false,"_uag_custom_page_level_css":"","_lmt_disableupdate":"no","_lmt_disable":"","_monsterinsights_skip_tracking":false,"_monsterinsights_sitenote_active":false,"_monsterinsights_sitenote_note":"","_monsterinsights_sitenote_category":0,"site-sidebar-layout":"default","site-content-layout":"","ast-site-content-layout":"default","site-content-style":"default","site-sidebar-style":"default","ast-global-header-display":"","ast-banner-title-visibility":"","ast-main-header-display":"","ast-hfb-above-header-display":"","ast-hfb-below-header-display":"","ast-hfb-mobile-header-display":"","site-post-title":"","ast-breadcrumbs-content":"","ast-featured-img":"","footer-sml-layout":"","ast-disable-related-posts":"","theme-transparent-header-meta":"default","adv-header-id-meta":"","stick-header-meta":"","header-above-stick-meta":"","header-main-stick-meta":"","header-below-stick-meta":"","astra-migrate-meta-layouts":"set","ast-page-background-enabled":"default","ast-page-background-meta":{"desktop":{"background-color":"","background-image":"","background-repeat":"repeat","background-position":"center center","background-size":"auto","background-attachment":"scroll","background-type":"","background-media":"","overlay-type":"","overlay-color":"","overlay-opacity":"","overlay-gradient":""},"tablet":{"background-color":"","background-image":"","background-repeat":"repeat","background-position":"center center","background-size":"auto","background-attachment":"scroll","background-type":"","background-media":"","overlay-type":"","overlay-color":"","overlay-opacity":"","overlay-gradient":""},"mobile":{"background-color":"","background-image":"","background-repeat":"repeat","background-position":"center center","background-size":"auto","background-attachment":"scroll","background-type":"","background-media":"","overlay-type":"","overlay-color":"","overlay-opacity":"","overlay-gradient":""}},"ast-content-background-meta":{"desktop":{"background-color":"var(--ast-global-color-5)","background-image":"","background-repeat":"repeat","background-position":"center center","background-size":"auto","background-attachment":"scroll","background-type":"","background-media":"","overlay-type":"","overlay-color":"","overlay-opacity":"","overlay-gradient":""},"tablet":{"background-color":"var(--ast-global-color-5)","background-image":"","background-repeat":"repeat","background-position":"center center","background-size":"auto","background-attachment":"scroll","background-type":"","background-media":"","overlay-type":"","overlay-color":"","overlay-opacity":"","overlay-gradient":""},"mobile":{"background-color":"var(--ast-global-color-5)","background-image":"","background-repeat":"repeat","background-position":"center center","background-size":"auto","background-attachment":"scroll","background-type":"","background-media":"","overlay-type":"","overlay-color":"","overlay-opacity":"","overlay-gradient":""}},"_joinchat":{"telephone":"+8618077105796"}},"product_brand":[],"product_cat":[192,140,193,155,156],"product_tag":[190,97],"class_list":{"0":"post-3445","1":"product","2":"type-product","3":"status-publish","4":"has-post-thumbnail","6":"product_cat-50000-puff","7":"product_cat-big-puffs-disposable-vapes","8":"product_cat-bood-disposable-vapes","9":"product_cat-buy-disposable-vapes-in-norway","10":"product_cat-buy-disposable-vapes-in-poland","11":"product_tag-bood-pulse-pro-50000","12":"product_tag-hot-sale-disposable-vape","13":"desktop-align-left","14":"tablet-align-left","15":"mobile-align-left","17":"first","18":"instock","19":"sale","20":"shipping-taxable","21":"purchasable","22":"product-type-simple"},"acf":[],"uagb_featured_image_src":{"full":["https:\/\/vapestornado.com\/wp-content\/uploads\/2024\/12\/Bood-vape-pulse-pro-25000-Puffs-50000-Puffs.jpg",800,800,false],"thumbnail":["https:\/\/vapestornado.com\/wp-content\/uploads\/2024\/12\/Bood-vape-pulse-pro-25000-Puffs-50000-Puffs-150x150.jpg",150,150,true],"medium":["https:\/\/vapestornado.com\/wp-content\/uploads\/2024\/12\/Bood-vape-pulse-pro-25000-Puffs-50000-Puffs-300x300.jpg",300,300,true],"medium_large":["https:\/\/vapestornado.com\/wp-content\/uploads\/2024\/12\/Bood-vape-pulse-pro-25000-Puffs-50000-Puffs-768x768.jpg",768,768,true],"large":["https:\/\/vapestornado.com\/wp-content\/uploads\/2024\/12\/Bood-vape-pulse-pro-25000-Puffs-50000-Puffs.jpg",800,800,false],"1536x1536":["https:\/\/vapestornado.com\/wp-content\/uploads\/2024\/12\/Bood-vape-pulse-pro-25000-Puffs-50000-Puffs.jpg",800,800,false],"2048x2048":["https:\/\/vapestornado.com\/wp-content\/uploads\/2024\/12\/Bood-vape-pulse-pro-25000-Puffs-50000-Puffs.jpg",800,800,false],"trp-custom-language-flag":["https:\/\/vapestornado.com\/wp-content\/uploads\/2024\/12\/Bood-vape-pulse-pro-25000-Puffs-50000-Puffs.jpg",12,12,false],"woocommerce_thumbnail":["https:\/\/vapestornado.com\/wp-content\/uploads\/2024\/12\/Bood-vape-pulse-pro-25000-Puffs-50000-Puffs-300x300.jpg",300,300,true],"woocommerce_single":["https:\/\/vapestornado.com\/wp-content\/uploads\/2024\/12\/Bood-vape-pulse-pro-25000-Puffs-50000-Puffs-600x600.jpg",600,600,true],"woocommerce_gallery_thumbnail":["https:\/\/vapestornado.com\/wp-content\/uploads\/2024\/12\/Bood-vape-pulse-pro-25000-Puffs-50000-Puffs-100x100.jpg",100,100,true]},"uagb_author_info":{"display_name":"ESMANDY","author_link":"https:\/\/vapestornado.com\/hr\/author\/"},"uagb_comment_info":0,"uagb_excerpt":"The Bood Pulse Pro 25K\/50K Puffs Vape offers dual capacity options, mesh coil performance, and rechargeable power. A versatile disposable designed for wholesale bulk buyers in Europe. [caption id=\"attachment_2951\" align=\"alignnone\" width=\"265\"] Pls Contact Mandy's WhatsApp For Discount Price\u00a0 +8618077105796[\/caption] &nbsp;","_links":{"self":[{"href":"https:\/\/vapestornado.com\/hr\/wp-json\/wp\/v2\/product\/3445","targetHints":{"allow":["GET"]}}],"collection":[{"href":"https:\/\/vapestornado.com\/hr\/wp-json\/wp\/v2\/product"}],"about":[{"href":"https:\/\/vapestornado.com\/hr\/wp-json\/wp\/v2\/types\/product"}],"replies":[{"embeddable":true,"href":"https:\/\/vapestornado.com\/hr\/wp-json\/wp\/v2\/comments?post=3445"}],"wp:featuredmedia":[{"embeddable":true,"href":"https:\/\/vapestornado.com\/hr\/wp-json\/wp\/v2\/media\/3504"}],"wp:attachment":[{"href":"https:\/\/vapestornado.com\/hr\/wp-json\/wp\/v2\/media?parent=3445"}],"wp:term":[{"taxonomy":"product_brand","embeddable":true,"href":"https:\/\/vapestornado.com\/hr\/wp-json\/wp\/v2\/product_brand?post=3445"},{"taxonomy":"product_cat","embeddable":true,"href":"https:\/\/vapestornado.com\/hr\/wp-json\/wp\/v2\/product_cat?post=3445"},{"taxonomy":"product_tag","embeddable":true,"href":"https:\/\/vapestornado.com\/hr\/wp-json\/wp\/v2\/product_tag?post=3445"}],"curies":[{"name":"wp","href":"https:\/\/api.w.org\/{rel}","templated":true}]}}