{"id":3429,"date":"2024-12-27T08:28:48","date_gmt":"2024-12-27T08:28:48","guid":{"rendered":"https:\/\/vapestornado.com\/?post_type=product&#038;p=3429"},"modified":"2025-08-23T12:20:11","modified_gmt":"2025-08-23T12:20:11","slug":"fumot-randm-tornado-9000-puffs-disposable-vape","status":"publish","type":"product","link":"https:\/\/vapestornado.com\/hr\/product\/fumot-randm-tornado-9000-puffs-disposable-vape\/","title":{"rendered":"Fumot RandM Tornado 9000 Puffs Jednokratni Vape"},"content":{"rendered":"<h1>Fumot RandM Tornado 9000 Puffs Jednokratni Vape<\/h1>\n<p>Ovo <strong data-start=\"312\" data-end=\"362\">Fumot RandM Tornado 9000 Puffs Jednokratni Vape<\/strong> je izra\u0111en za vapere koji \u017eele pouzdanost i bogat okus u elegantnom dizajnu. Pokre\u0107e ga <strong data-start=\"459\" data-end=\"490\">600mAh punjiva baterija<\/strong> sa <strong data-start=\"496\" data-end=\"520\">Type-C brzo punjenje<\/strong>, ovaj ure\u0111aj podr\u017eava <strong data-start=\"543\" data-end=\"563\">do 9000 udisaja<\/strong> iz svog <strong data-start=\"573\" data-end=\"610\">18 ml prethodno napunjenog e-teku\u0107eg kapaciteta<\/strong>.<\/p>\n<p>Opremljen s <strong data-start=\"637\" data-end=\"655\">0,8\u03a9 mre\u017easta zavojnica<\/strong>, pru\u017ea glatke povla\u010denja, dosljednu proizvodnju pare i poja\u010dani intenzitet okusa. S <strong data-start=\"748\" data-end=\"786\">opcijama nikotinske soli od 2% i 5%<\/strong>, odgovara i lak\u0161im i te\u017eim korisnicima.<\/p>\n<p>Ovo <strong data-start=\"838\" data-end=\"861\">RGB efekt osvjetljenja<\/strong> dodaje zabavan, moderan dodir, \u010dine\u0107i ga popularnim izborom me\u0111u mla\u0111im hrvatskim kupcima. S impresivnih <strong data-start=\"968\" data-end=\"982\">43 okusa<\/strong> dostupnih\u2014od vo\u0107nih mje\u0161avina do ledenog mentola\u2014RandM Tornado 9K osigurava \u0161iroku privla\u010dnost. Kompaktan, prenosiv i vizualno upe\u010datljiv, neophodan je za <strong data-start=\"1132\" data-end=\"1182\">veleprodajne dobavlja\u010de vapea i distributere na veliko<\/strong> koji tra\u017ee proizvode visoke potra\u017enje.<\/p>\n<figure id=\"attachment_3443\" aria-describedby=\"caption-attachment-3443\" style=\"width: 1000px\" class=\"wp-caption alignnone\"><img fetchpriority=\"high\" decoding=\"async\" class=\"size-full wp-image-3443\" src=\"https:\/\/vapestornado.com\/wp-content\/uploads\/2024\/12\/Mesh-Coil-Disposable-Vape-9000-Puffs.jpg\" alt=\"Mre\u017easta zavojnica Jednokratni vape 9000 uvla\u010denja\" width=\"1000\" height=\"520\" srcset=\"https:\/\/vapestornado.com\/wp-content\/uploads\/2024\/12\/Mesh-Coil-Disposable-Vape-9000-Puffs.jpg 1000w, https:\/\/vapestornado.com\/wp-content\/uploads\/2024\/12\/Mesh-Coil-Disposable-Vape-9000-Puffs-300x156.jpg 300w, https:\/\/vapestornado.com\/wp-content\/uploads\/2024\/12\/Mesh-Coil-Disposable-Vape-9000-Puffs-768x399.jpg 768w, https:\/\/vapestornado.com\/wp-content\/uploads\/2024\/12\/Mesh-Coil-Disposable-Vape-9000-Puffs-600x312.jpg 600w\" sizes=\"(max-width: 1000px) 100vw, 1000px\" \/><figcaption id=\"caption-attachment-3443\" class=\"wp-caption-text\">Mre\u017easta zavojnica Jednokratni vape 9000 uvla\u010denja<\/figcaption><\/figure>\n<h3>Zna\u010dajke proizvoda<\/h3>\n<ol>\n<li><strong>Produ\u017eena uporaba<\/strong>: 9000 uvla\u010denja s 18 ml e-teku\u0107ine za dugotrajne performanse.<\/li>\n<li><strong>Punjiva baterija<\/strong>: Baterija od 600 mAh s podr\u0161kom za Type-C brzo punjenje.<\/li>\n<li><strong>Mre\u017easta zavojnica<\/strong>: Zavojnica od 0,8 ohma za dosljedan okus i gustu paru.<\/li>\n<li><strong>RGB svjetlo<\/strong>: Elegantno osvjetljenje koje pobolj\u0161ava iskustvo vapinga.<\/li>\n<li><strong>Dostupna 43 okusa<\/strong>: \u0160irok raspon uzbudljivih opcija okusa.<\/li>\n<\/ol>\n<h3>Popis okusa<\/h3>\n<ol>\n<li>Borovnica Malina<\/li>\n<li>Gospodin Plavi<\/li>\n<li>Jagoda Lubenica<\/li>\n<li>Sok od naran\u010de<\/li>\n<li>\u017dvaka\u0107a guma od lubenice<\/li>\n<li>Duga bomboni<\/li>\n<li>Ru\u017ei\u010dasta Limunada<\/li>\n<li>Breskvasto Mango Ananas<\/li>\n<li>Jagoda Banana<\/li>\n<li>Bujni led<\/li>\n<li>Led crnog zmaja<\/li>\n<li>Aloja gro\u017e\u0111e<\/li>\n<li>Plava malina led<\/li>\n<li>Kivi Marakuja Guava<\/li>\n<li>Gumeni medvjedi\u0107<\/li>\n<li>Mije\u0161ano bobi\u010dasto vo\u0107e<\/li>\n<li>Hladna metvica<\/li>\n<li>Malina Lubenica<\/li>\n<li>Breskva limunada<\/li>\n<li>Guava led<\/li>\n<li>Jagoda limunada<\/li>\n<li>Led od lubenice i maline<\/li>\n<li>Krema od banane<\/li>\n<li>Breskva Bobica<\/li>\n<li>Krema od jagoda<\/li>\n<li>Kiseli bomboni<\/li>\n<li>Limun<\/li>\n<li>Tre\u0161nja<\/li>\n<li>\u0160ume\u0107a tre\u0161nja<\/li>\n<li>Borovnica, tre\u0161nja, brusnica<\/li>\n<li>Vimto<\/li>\n<li>Skittles<\/li>\n<li>Crni Led<\/li>\n<li>Gro\u017e\u0111e<\/li>\n<li>Ledena borovnica<\/li>\n<li>Jagoda led<\/li>\n<li>Plava malina Kush<\/li>\n<li>Ledeni desert<\/li>\n<li>Borovnica Kiselina Malina<\/li>\n<li>Ananas<\/li>\n<li>Limunada od tre\u0161nje i breskve<\/li>\n<li>Jagoda Malina Tre\u0161nja<\/li>\n<li>Trostruki Mango<\/li>\n<\/ol>\n<h3>RandM Tornado 9000 Puffs Top 5 okusa<\/h3>\n<ol>\n<li><strong>Plava malina led<\/strong>: Slatka i opora plava malina s rashla\u0111uju\u0107im zavr\u0161etkom.<\/li>\n<li><strong>Breskvasto Mango Ananas<\/strong>: Tropski trio koji pr\u0161ti so\u010dnom slatko\u0107om.<\/li>\n<li><strong>\u017dvaka\u0107a guma od lubenice<\/strong>: Klasi\u010dni okus \u017evaka\u0107e gume s osvje\u017eavaju\u0107im preokretom lubenice.<\/li>\n<li><strong>Duga bomboni<\/strong>: Mje\u0161avina vo\u0107nih bombona za nostalgi\u010dnu poslasticu.<\/li>\n<li><strong>Led crnog zmaja<\/strong>: Hrabri crni ribiz s hladnim mentolom.<\/li>\n<\/ol>\n<h3>Za\u0161to odabrati Fumot RandM Tornado 9000 Puffs?<\/h3>\n<ul>\n<li><strong>Veliki broj udisaja<\/strong>: U\u017eivajte u do 9000 uvla\u010denja sa 18 ml e-teku\u0107ine.<\/li>\n<li><strong>Vrhunske performanse<\/strong>: Mre\u017easta spirala i punjiva baterija osiguravaju dosljedan okus i prakti\u010dnost.<\/li>\n<li><strong>Moderan dizajn<\/strong>: RGB osvjetljenje dodaje moderan, zabavan dodir.<\/li>\n<li><strong>Veliki izbor okusa<\/strong>: 43 uzbudljiva okusa zadovoljavaju svaku preferenciju.<\/li>\n<li><strong>Prenosiv i izdr\u017eljiv<\/strong>: Kompaktan, ali mo\u0107an, savr\u0161en za svakodnevno vejpovanje.<\/li>\n<\/ul>\n<h3>\u010cesto postavljana pitanja<\/h3>\n<p><strong>P1: Koliko dugo traje baterija od 600mAh s jednim punjenjem?<\/strong><br \/>\nPunjiva baterija od 600mAh pru\u017ea sate neprekidnog vejpovanja i mo\u017ee se puniti putem Type-C kabla.<\/p>\n<p><strong>P2: Je li svih 43 okusa dostupno za kupnju na veliko?<\/strong><br \/>\nDa, svih 43 okusa dostupno je za veleprodaju i kupnju na veliko.<\/p>\n<p><strong>P3: Koje su razine nikotina dostupne?<\/strong><br \/>\nFumot RandM Tornado 9000 Puffs dolazi u opcijama nikotinske soli od 2% i 5%.<\/p>\n<p><strong>P4: Koja je prednost mre\u017easte zavojnice?<\/strong><br \/>\nMre\u017easta spirala od 0,8 ohma osigurava glatkiju proizvodnju pare i pobolj\u0161ani prijenos okusa.<\/p>\n<p><strong>P5: Je li RandM Vape 9k uklju\u010den s kabelom za punjenje?<\/strong><br \/>\nDa, RandM 9k je kompatibilan s Type-C kabelima za punjenje, iako se kabel prodaje zasebno.<\/p>\n<h4>Fumot Vape 15k veleprodaja Kontaktirajte i ostvarite popust odmah!<\/h4>\n<p><img decoding=\"async\" class=\"size-large wp-image-2921\" src=\"https:\/\/vapestornado.com\/wp-content\/uploads\/2024\/11\/20062b3a285f900e79520aad496b94d-887x1024.jpg\" alt=\"vapestornado Vicky\" width=\"887\" height=\"1024\" srcset=\"https:\/\/vapestornado.com\/wp-content\/uploads\/2024\/11\/20062b3a285f900e79520aad496b94d-887x1024.jpg 887w, https:\/\/vapestornado.com\/wp-content\/uploads\/2024\/11\/20062b3a285f900e79520aad496b94d-260x300.jpg 260w, https:\/\/vapestornado.com\/wp-content\/uploads\/2024\/11\/20062b3a285f900e79520aad496b94d-768x887.jpg 768w, https:\/\/vapestornado.com\/wp-content\/uploads\/2024\/11\/20062b3a285f900e79520aad496b94d-600x693.jpg 600w, https:\/\/vapestornado.com\/wp-content\/uploads\/2024\/11\/20062b3a285f900e79520aad496b94d.jpg 1080w\" sizes=\"(max-width: 887px) 100vw, 887px\" \/><\/p>","protected":false},"excerpt":{"rendered":"<p><strong>RandM Tornado 9000 Puffs jednokratni Vape<\/strong> nudi 9000 uvla\u010denja, bateriju od 600 mAh, RGB osvjetljenje, mre\u017eastu zavojnicu i 43 \u017eivopisna okusa za iznimno iskustvo vapinga.<\/p>\n<p><strong><span style=\"color: #ff0000;\">(cijena na na\u0161oj web stranici ne uklju\u010duje tro\u0161kove dostave, molimo kontaktirajte me kako biste dobili ukupnu cijenu i va\u0161 popust!)<\/span><\/strong><\/p>\n<p><img decoding=\"async\" class=\"size-medium wp-image-2921\" src=\"https:\/\/vapestornado.com\/wp-content\/uploads\/2024\/11\/20062b3a285f900e79520aad496b94d-260x300.jpg\" alt=\"vapestornado Vicky\" width=\"260\" height=\"300\" srcset=\"https:\/\/vapestornado.com\/wp-content\/uploads\/2024\/11\/20062b3a285f900e79520aad496b94d-260x300.jpg 260w, https:\/\/vapestornado.com\/wp-content\/uploads\/2024\/11\/20062b3a285f900e79520aad496b94d-887x1024.jpg 887w, https:\/\/vapestornado.com\/wp-content\/uploads\/2024\/11\/20062b3a285f900e79520aad496b94d-768x887.jpg 768w, https:\/\/vapestornado.com\/wp-content\/uploads\/2024\/11\/20062b3a285f900e79520aad496b94d-600x693.jpg 600w, https:\/\/vapestornado.com\/wp-content\/uploads\/2024\/11\/20062b3a285f900e79520aad496b94d.jpg 1080w\" sizes=\"(max-width: 260px) 100vw, 260px\" \/><\/p>","protected":false},"featured_media":3439,"comment_status":"open","ping_status":"closed","template":"","meta":{"_acf_changed":false,"_uag_custom_page_level_css":"","_lmt_disableupdate":"no","_lmt_disable":"","_monsterinsights_skip_tracking":false,"_monsterinsights_sitenote_active":false,"_monsterinsights_sitenote_note":"","_monsterinsights_sitenote_category":0,"site-sidebar-layout":"default","site-content-layout":"","ast-site-content-layout":"default","site-content-style":"default","site-sidebar-style":"default","ast-global-header-display":"","ast-banner-title-visibility":"","ast-main-header-display":"","ast-hfb-above-header-display":"","ast-hfb-below-header-display":"","ast-hfb-mobile-header-display":"","site-post-title":"","ast-breadcrumbs-content":"","ast-featured-img":"","footer-sml-layout":"","ast-disable-related-posts":"","theme-transparent-header-meta":"default","adv-header-id-meta":"","stick-header-meta":"","header-above-stick-meta":"","header-main-stick-meta":"","header-below-stick-meta":"","astra-migrate-meta-layouts":"set","ast-page-background-enabled":"default","ast-page-background-meta":{"desktop":{"background-color":"","background-image":"","background-repeat":"repeat","background-position":"center center","background-size":"auto","background-attachment":"scroll","background-type":"","background-media":"","overlay-type":"","overlay-color":"","overlay-opacity":"","overlay-gradient":""},"tablet":{"background-color":"","background-image":"","background-repeat":"repeat","background-position":"center center","background-size":"auto","background-attachment":"scroll","background-type":"","background-media":"","overlay-type":"","overlay-color":"","overlay-opacity":"","overlay-gradient":""},"mobile":{"background-color":"","background-image":"","background-repeat":"repeat","background-position":"center center","background-size":"auto","background-attachment":"scroll","background-type":"","background-media":"","overlay-type":"","overlay-color":"","overlay-opacity":"","overlay-gradient":""}},"ast-content-background-meta":{"desktop":{"background-color":"var(--ast-global-color-5)","background-image":"","background-repeat":"repeat","background-position":"center center","background-size":"auto","background-attachment":"scroll","background-type":"","background-media":"","overlay-type":"","overlay-color":"","overlay-opacity":"","overlay-gradient":""},"tablet":{"background-color":"var(--ast-global-color-5)","background-image":"","background-repeat":"repeat","background-position":"center center","background-size":"auto","background-attachment":"scroll","background-type":"","background-media":"","overlay-type":"","overlay-color":"","overlay-opacity":"","overlay-gradient":""},"mobile":{"background-color":"var(--ast-global-color-5)","background-image":"","background-repeat":"repeat","background-position":"center center","background-size":"auto","background-attachment":"scroll","background-type":"","background-media":"","overlay-type":"","overlay-color":"","overlay-opacity":"","overlay-gradient":""}},"_joinchat":{"telephone":"+8618077105750"}},"product_brand":[],"product_cat":[73,151,152,157,58,144,148],"product_tag":[112],"class_list":{"0":"post-3429","1":"product","2":"type-product","3":"status-publish","4":"has-post-thumbnail","6":"product_cat-9000-puff","7":"product_cat-buy-disposable-vapes-in-france","8":"product_cat-buy-disposable-vapes-in-cermany","9":"product_cat-buy-disposable-vapes-in-portugal","10":"product_cat-fumot-vape","11":"product_cat-low-nicotine-disposable-vapes","12":"product_cat-tornado-disposable-vapes","13":"product_tag-randm-tornado-9000","14":"desktop-align-left","15":"tablet-align-left","16":"mobile-align-left","18":"first","19":"instock","20":"sale","21":"shipping-taxable","22":"purchasable","23":"product-type-simple"},"acf":[],"uagb_featured_image_src":{"full":["https:\/\/vapestornado.com\/wp-content\/uploads\/2024\/12\/Fumot-RandM-Tornado-9000-Puffs-Real-Pictures.jpg",1000,1000,false],"thumbnail":["https:\/\/vapestornado.com\/wp-content\/uploads\/2024\/12\/Fumot-RandM-Tornado-9000-Puffs-Real-Pictures-150x150.jpg",150,150,true],"medium":["https:\/\/vapestornado.com\/wp-content\/uploads\/2024\/12\/Fumot-RandM-Tornado-9000-Puffs-Real-Pictures-300x300.jpg",300,300,true],"medium_large":["https:\/\/vapestornado.com\/wp-content\/uploads\/2024\/12\/Fumot-RandM-Tornado-9000-Puffs-Real-Pictures-768x768.jpg",768,768,true],"large":["https:\/\/vapestornado.com\/wp-content\/uploads\/2024\/12\/Fumot-RandM-Tornado-9000-Puffs-Real-Pictures.jpg",1000,1000,false],"1536x1536":["https:\/\/vapestornado.com\/wp-content\/uploads\/2024\/12\/Fumot-RandM-Tornado-9000-Puffs-Real-Pictures.jpg",1000,1000,false],"2048x2048":["https:\/\/vapestornado.com\/wp-content\/uploads\/2024\/12\/Fumot-RandM-Tornado-9000-Puffs-Real-Pictures.jpg",1000,1000,false],"trp-custom-language-flag":["https:\/\/vapestornado.com\/wp-content\/uploads\/2024\/12\/Fumot-RandM-Tornado-9000-Puffs-Real-Pictures.jpg",12,12,false],"woocommerce_thumbnail":["https:\/\/vapestornado.com\/wp-content\/uploads\/2024\/12\/Fumot-RandM-Tornado-9000-Puffs-Real-Pictures-300x300.jpg",300,300,true],"woocommerce_single":["https:\/\/vapestornado.com\/wp-content\/uploads\/2024\/12\/Fumot-RandM-Tornado-9000-Puffs-Real-Pictures-600x600.jpg",600,600,true],"woocommerce_gallery_thumbnail":["https:\/\/vapestornado.com\/wp-content\/uploads\/2024\/12\/Fumot-RandM-Tornado-9000-Puffs-Real-Pictures-100x100.jpg",100,100,true]},"uagb_author_info":{"display_name":"ESvicky","author_link":"https:\/\/vapestornado.com\/hr\/author\/"},"uagb_comment_info":0,"uagb_excerpt":"RandM Tornado 9000 Puffs Disposable Vape offers 9000 puffs, 600mAh battery, RGB lighting, mesh coil, and 43 vibrant flavors for an exceptional vaping experience. (our website price not include shipping cost, please contact me to get whole price and your disccount!)","_links":{"self":[{"href":"https:\/\/vapestornado.com\/hr\/wp-json\/wp\/v2\/product\/3429","targetHints":{"allow":["GET"]}}],"collection":[{"href":"https:\/\/vapestornado.com\/hr\/wp-json\/wp\/v2\/product"}],"about":[{"href":"https:\/\/vapestornado.com\/hr\/wp-json\/wp\/v2\/types\/product"}],"replies":[{"embeddable":true,"href":"https:\/\/vapestornado.com\/hr\/wp-json\/wp\/v2\/comments?post=3429"}],"wp:featuredmedia":[{"embeddable":true,"href":"https:\/\/vapestornado.com\/hr\/wp-json\/wp\/v2\/media\/3439"}],"wp:attachment":[{"href":"https:\/\/vapestornado.com\/hr\/wp-json\/wp\/v2\/media?parent=3429"}],"wp:term":[{"taxonomy":"product_brand","embeddable":true,"href":"https:\/\/vapestornado.com\/hr\/wp-json\/wp\/v2\/product_brand?post=3429"},{"taxonomy":"product_cat","embeddable":true,"href":"https:\/\/vapestornado.com\/hr\/wp-json\/wp\/v2\/product_cat?post=3429"},{"taxonomy":"product_tag","embeddable":true,"href":"https:\/\/vapestornado.com\/hr\/wp-json\/wp\/v2\/product_tag?post=3429"}],"curies":[{"name":"wp","href":"https:\/\/api.w.org\/{rel}","templated":true}]}}