{"id":3394,"date":"2024-12-26T07:40:36","date_gmt":"2024-12-26T07:40:36","guid":{"rendered":"https:\/\/vapestornado.com\/?post_type=product&#038;p=3394"},"modified":"2025-08-23T12:25:34","modified_gmt":"2025-08-23T12:25:34","slug":"vookbar-cyber-pro-30000-puffs-touch-screen-2-low-nicotine-rechargeable-disposable-vapes-pen-bulk-buy-wholesale","status":"publish","type":"product","link":"https:\/\/vapestornado.com\/hr\/product\/vookbar-cyber-pro-30000-puffs-touch-screen-2-low-nicotine-rechargeable-disposable-vapes-pen-bulk-buy-wholesale\/","title":{"rendered":"Vookbar Cyber Pro 30000 Puffs Touch Screen 2% jednokratna vejp olovka s niskim udjelom nikotina i mogu\u0107no\u0161\u0107u ponovnog punjenja, kupnja na veliko"},"content":{"rendered":"<h1 class=\"product-title\">Vookbar Cyber Pro 30000 Puffs Touch Screen 2% jednokratna vejp olovka s niskim udjelom nikotina i mogu\u0107no\u0161\u0107u ponovnog punjenja, kupnja na veliko<\/h1>\n<p>Ovo <strong>Vookbar Cyber Pro 30000 Pufova<\/strong> je ovdje da redefinira jednokratno vaping. Sa svojim elegantnim dizajnom, naprednom tehnologijom i korisnim zna\u010dajkama, ova vape olovka savr\u0161eno odgovara i povremenim korisnicima i iskusnim vaperima koji tra\u017ee vrhunsko iskustvo.<\/p>\n<h4><strong>Nepremostiva Dugotrajnost<\/strong><\/h4>\n<p>Opremljen nevjerojatnim <strong>30.000 puffova<\/strong> kapacitetom, Vookbar Cyber Pro eliminira potrebu za \u010destim zamjenama, osiguravaju\u0107i dugotrajno zadovoljstvo. Spremnik za <strong>22 ml e-teku\u0107ine<\/strong> omogu\u0107uje vam u\u017eivanje u neprekidnom vapingu s va\u0161im omiljenim okusima.<\/p>\n<h4><strong>Sna\u017ean i punjiv<\/strong><\/h4>\n<p>Pokre\u0107e ga <strong>650mAh punjiva baterija<\/strong>, Vookbar Cyber Pro omogu\u0107uje vam da nastavite tijekom cijelog dana. Priklju\u010dak za <strong>Type-C brzo punjenje<\/strong> osigurava da se mo\u017eete brzo napuniti i vratiti vapingu bez odgode.<\/p>\n<h4><strong>Pobolj\u0161ani okus i para<\/strong><\/h4>\n<p>Sadr\u017ei <strong>sustav dvostruke mre\u017easte zavojnice<\/strong>, ovaj ure\u0111aj pru\u017ea bogate, dosljedne okuse i impresivnu proizvodnju pare. Podesivi dizajn protoka zraka daje vam kontrolu nad intenzitetom, udovoljavaju\u0107i i glatkim i podebljanim preferencijama vapinga.<\/p>\n<h4><strong>Tehnologija pametnog zaslona osjetljivog na dodir<\/strong><\/h4>\n<p>Vookbar Cyber Pro isti\u010de se svojim <strong>2,1-in\u010dnim zaslonom osjetljivim na dodir<\/strong>, nude\u0107i besprijekornu navigaciju kroz njegove zna\u010dajke. S Bluetooth povezivanjem, mo\u017eete ga upariti s aplikacijom Wearinos kako biste personalizirali svoje iskustvo \u2014 prilagodite postavke, postavite prilago\u0111ene pozadine, pa \u010dak i pristupite jedinstvenim opcijama poput udaljenih selfija i obavijesti.<\/p>\n<h4><strong>Sigurnost i prakti\u010dnost<\/strong><\/h4>\n<p>Vookbar Cyber Pro uklju\u010duje <strong>zna\u010dajku zaklju\u010davanja za djecu<\/strong>, \u0161to ga \u010dini sigurnijom opcijom za ku\u0107anstva. Dizajniran je za korisnike s niskim udjelom nikotina, s ja\u010dinama od <strong>0%, 2%, 3% i 5%<\/strong>, zadovoljavaju\u0107i razli\u010dite preferencije.<\/p>\n<h4><strong>Izvan vapinga<\/strong><\/h4>\n<p>Podignite svoje iskustvo na vi\u0161u razinu s dodatnim zna\u010dajkama poput mini-igara i upozorenja na dru\u0161tvenim mre\u017eama, besprijekorno integriraju\u0107i vaping u va\u0161 \u017eivotni stil. Ovo je vi\u0161e od obi\u010dnog vapea \u2014 to je pametni ure\u0111aj za modernog korisnika.<\/p>\n<h3><strong>Unaprijedite svoje iskustvo vapinga<\/strong><\/h3>\n<p>Bez obzira kupujete li na veliko za veleprodaju ili tra\u017eite izvanrednu jednokratnu vape olovku, <strong>Vookbar Cyber Pro 30000 Pufova<\/strong> nudi savr\u0161enu kombinaciju inovacije, performansi i stila. Do\u017eivite budu\u0107nost vapinga ve\u0107 danas!<\/p>\n<p><span style=\"color: #ff0000;\"><strong>Dodajte Amy na WhatsApp za brzi odgovor i kupon za vape!<\/strong><\/span><\/p>\n<p><img fetchpriority=\"high\" decoding=\"async\" class=\"size-full wp-image-2932\" src=\"https:\/\/vapestornado.com\/wp-content\/uploads\/2024\/12\/Vape-Wholesale.jpg\" alt=\"Veleprodaja vejpova\" width=\"229\" height=\"300\" \/><\/p>\n<h3><a href=\"https:\/\/wa.me\/8617776015835\" target=\"_blank\" rel=\"noopener\"><span style=\"color: #ff0000;\"><strong>WhatsApp: +86 17776015835<\/strong><\/span><\/a><\/h3>\n<p>&nbsp;<\/p>\n<h2 class=\"product-title\">Vookbar Cyber Pro 30000 Jednokratni Vape<strong> Zna\u010dajke proizvoda<\/strong><\/h2>\n<div role=\"article\" data-tabster=\"{&quot;groupper&quot;:{&quot;tabbability&quot;:2},&quot;focusable&quot;:{}}\" data-content=\"ai-message\" aria-labelledby=\"juhNTJ6o7Gk1cgwZMJgv2-author juhNTJ6o7Gk1cgwZMJgv2-content\">\n<div id=\"juhNTJ6o7Gk1cgwZMJgv2-content\">\n<div role=\"article\" data-tabster=\"{&quot;groupper&quot;:{&quot;tabbability&quot;:2},&quot;focusable&quot;:{}}\" data-content=\"ai-message\" aria-labelledby=\"x4EZuCZWrTbh3weWUt7CU-author x4EZuCZWrTbh3weWUt7CU-content\">\n<div id=\"x4EZuCZWrTbh3weWUt7CU-content\">\n<div class=\"flex max-w-full flex-col flex-grow\">\n<div class=\"min-h-8 text-message flex w-full flex-col items-end gap-2 whitespace-normal break-words text-start [.text-message+&amp;]:mt-5\" dir=\"auto\" data-message-author-role=\"assistant\" data-message-id=\"52c6e00a-252f-4104-805d-2f1a84739c71\" data-message-model-slug=\"gpt-4o\">\n<div class=\"flex w-full flex-col gap-1 empty:hidden first:pt-[3px]\">\n<div class=\"markdown prose w-full break-words dark:prose-invert light\">\n<div class=\"flex max-w-full flex-col flex-grow\">\n<div class=\"min-h-8 text-message flex w-full flex-col items-end gap-2 whitespace-normal break-words text-start [.text-message+&amp;]:mt-5\" dir=\"auto\" data-message-author-role=\"assistant\" data-message-id=\"d3382d71-de90-4719-8ad8-700b383ac952\" data-message-model-slug=\"gpt-4o\">\n<div class=\"flex w-full flex-col gap-1 empty:hidden first:pt-[3px]\">\n<div class=\"markdown prose w-full break-words dark:prose-invert light\">\n<h3><\/h3>\n<ol>\n<li><strong>Veliki kapacitet Puffa<\/strong>: 30.000 puffova za produljeno kori\u0161tenje bez zamjena.<\/li>\n<li><strong>Veliki volumen E-teku\u0107ine<\/strong>: Kapacitet od 22 ml za dugotrajno u\u017eivanje u okusu.<\/li>\n<li><strong>Sna\u017ena baterija<\/strong>: Punjiva baterija od 650 mAh s Type-C brzim punjenjem.<\/li>\n<li><strong>Dvostruka mre\u017easta zavojnica<\/strong>: Pru\u017ea gustu paru i glatke, ukusne udarce.<\/li>\n<li><strong>Pametno upravljanje zaslonom osjetljivim na dodir<\/strong>: 2,1-in\u010dni zaslon osjetljiv na dodir s Bluetooth povezivanjem i prilagodljivim postavkama.<\/li>\n<li><strong>Vi\u0161enamjenski ure\u0111aj<\/strong>: Podr\u017eava mini-igre, obavijesti s dru\u0161tvenih mre\u017ea i jo\u0161 mnogo toga.<\/li>\n<li><strong>Raznolikost nikotina<\/strong>: Dostupno u ja\u010dinama nikotina 0%, 2%, 3% i 5%.<\/li>\n<li><strong>Sigurnosne zna\u010dajke<\/strong>: Ugra\u0111ena dje\u010dja brava za pouzdanu za\u0161titu.<\/li>\n<\/ol>\n<\/div>\n<\/div>\n<\/div>\n<\/div>\n<div class=\"mb-2 flex gap-3 empty:hidden -ml-2\">\n<div class=\"items-center justify-start rounded-xl p-1 flex\"><\/div>\n<\/div>\n<\/div>\n<\/div>\n<\/div>\n<\/div>\n<\/div>\n<\/div>\n<\/div>\n<\/div>\n<h2 class=\"product-title\"><strong>Popularni okus za Vookbar Cyber Pro 30000 jednokratne vapeove<\/strong><\/h2>\n<p>Kolekcija sadr\u017ei raznolik niz okusa, kombiniraju\u0107i klasi\u010dno vo\u0107e, tropske u\u017eitke i ledene zavr\u0161etke. Od slatkih i oporih kombinacija poput <strong>Breskva Mango<\/strong> i <strong>Jagoda Kivi<\/strong> do osvje\u017eavaju\u0107ih mentol preokreta poput <strong>Lubenica led<\/strong> i <strong>Plava malina led<\/strong>, postoji ne\u0161to za svako nepce.<\/p>\n<p>1. Plavi razz led <span style=\"color: #ff0000;\"><strong>&gt;&gt;&gt;&gt; Vru\u0107e !<\/strong><\/span><br \/>\n2. Breskva led<br \/>\n3. Gro\u017e\u0111e led<br \/>\n4. Jagoda lubenica <span style=\"color: #ff0000;\"><strong>&gt;&gt;&gt;&gt; Vru\u0107e !<\/strong><\/span><br \/>\n5. Jagoda banana<br \/>\n6. Tre\u0161nja lubenica<br \/>\n7. Led od lubenice<br \/>\n8. Breskva mango<br \/>\n9. Jagoda kivi<br \/>\n10. Bijela jagoda led<br \/>\n11. Bijeli gumeni bombon led<br \/>\n12. Smrznuta pinacolada<br \/>\n13. Jeben*o fantasti\u010dno<br \/>\n14. Mojito mije\u0161ano bobi\u010dasto vo\u0107e <span style=\"color: #ff0000;\"><strong>&gt;&gt;&gt;&gt; Najbolje !<\/strong><\/span><\/p>\n<figure id=\"attachment_3554\" aria-describedby=\"caption-attachment-3554\" style=\"width: 1000px\" class=\"wp-caption alignnone\"><img decoding=\"async\" class=\"wp-image-3554 size-full\" src=\"https:\/\/vapestornado.com\/wp-content\/uploads\/2024\/12\/Bluetooth-Vape-Vookbar-Cyber-\u200b\u200bPro-30000-Puffs-Disposable-Vape-Wholesale.webp\" alt=\"Bluetooth Vape Vookbar Cyber \u200b\u200bPro 30000 Udisaja Jednokratna Vape Veleprodaja\" width=\"1000\" height=\"1000\" srcset=\"https:\/\/vapestornado.com\/wp-content\/uploads\/2024\/12\/Bluetooth-Vape-Vookbar-Cyber-\u200b\u200bPro-30000-Puffs-Disposable-Vape-Wholesale.webp 1000w, https:\/\/vapestornado.com\/wp-content\/uploads\/2024\/12\/Bluetooth-Vape-Vookbar-Cyber-\u200b\u200bPro-30000-Puffs-Disposable-Vape-Wholesale-300x300.webp 300w, https:\/\/vapestornado.com\/wp-content\/uploads\/2024\/12\/Bluetooth-Vape-Vookbar-Cyber-\u200b\u200bPro-30000-Puffs-Disposable-Vape-Wholesale-150x150.webp 150w, https:\/\/vapestornado.com\/wp-content\/uploads\/2024\/12\/Bluetooth-Vape-Vookbar-Cyber-\u200b\u200bPro-30000-Puffs-Disposable-Vape-Wholesale-768x768.webp 768w, https:\/\/vapestornado.com\/wp-content\/uploads\/2024\/12\/Bluetooth-Vape-Vookbar-Cyber-\u200b\u200bPro-30000-Puffs-Disposable-Vape-Wholesale-600x600.webp 600w, https:\/\/vapestornado.com\/wp-content\/uploads\/2024\/12\/Bluetooth-Vape-Vookbar-Cyber-\u200b\u200bPro-30000-Puffs-Disposable-Vape-Wholesale-100x100.webp 100w\" sizes=\"(max-width: 1000px) 100vw, 1000px\" \/><figcaption id=\"caption-attachment-3554\" class=\"wp-caption-text\">Bluetooth Vape Vookbar Cyber \u200b\u200bPro 30000 Udisaja Jednokratna Vape Veleprodaja<\/figcaption><\/figure>\n<div class=\"flex-shrink-0 flex flex-col relative items-end\">\n<div class=\"pt-0\">\n<div class=\"gizmo-bot-avatar flex h-8 w-8 items-center justify-center overflow-hidden rounded-full\">\n<div class=\"relative p-1 rounded-sm flex items-center justify-center bg-token-main-surface-primary text-token-text-primary h-8 w-8\">\n<h3>\u010cesto postavljana pitanja za Vookbar Cyber Pro 30000 Jednokratne Vape ure\u0111aje<\/h3>\n<div class=\"flex max-w-full flex-col flex-grow\">\n<div class=\"min-h-8 text-message flex w-full flex-col items-end gap-2 whitespace-normal break-words text-start [.text-message+&amp;]:mt-5\" dir=\"auto\" data-message-author-role=\"assistant\" data-message-id=\"4dc48248-df95-45bd-b800-6dedb43cf7f1\" data-message-model-slug=\"gpt-4o\">\n<div class=\"flex w-full flex-col gap-1 empty:hidden first:pt-[3px]\">\n<div class=\"markdown prose w-full break-words dark:prose-invert light\">\n<ol>\n<li><strong>Koliko dugo traje Vookbar Cyber Pro 30000 Udisaja?<\/strong><br \/>\nUre\u0111aj nudi do 30.000 udisaja, pru\u017eaju\u0107i produ\u017eenu upotrebu bez \u010destih zamjena.<\/li>\n<li><strong>Mogu li podesiti protok zraka na Vookbar 30000 Disposable Vape?<\/strong><br \/>\nDa, podesiva zna\u010dajka protoka zraka omogu\u0107uje vam da prilagodite udisanje za personalizirano iskustvo vapinga.<\/li>\n<li><strong>Podr\u017eava li Vookbar Cyber Pro 30k Touch Disposable Vape brzo punjenje?<\/strong><br \/>\nApsolutno! Sadr\u017ei Type-C priklju\u010dak za punjenje za brzo i u\u010dinkovito napajanje.<\/li>\n<li><strong>Koje su ja\u010dine nikotina dostupne za Vookbar 30000 punjivi vape?<\/strong><br \/>\nUre\u0111aj dolazi u koncentracijama nikotina 0%, 2%, 3% i 5%, udovoljavaju\u0107i razli\u010ditim preferencijama.<\/li>\n<li><strong>Koje dodatne zna\u010dajke pru\u017ea zaslon osjetljiv na dodir?<\/strong><br \/>\n2,1-in\u010dni zaslon osjetljiv na dodir omogu\u0107uje vam pra\u0107enje postavki, povezivanje putem Bluetootha, prilago\u0111avanje pozadina, pa \u010dak i daljinsko upravljanje selfijima.<\/li>\n<\/ol>\n<\/div>\n<\/div>\n<\/div>\n<\/div>\n<\/div>\n<\/div>\n<\/div>\n<\/div>\n<div class=\"flex-shrink-0 flex flex-col relative items-end\">\n<div class=\"pt-0\">\n<div class=\"gizmo-bot-avatar flex h-8 w-8 items-center justify-center overflow-hidden rounded-full\">\n<div class=\"relative p-1 rounded-sm flex items-center justify-center bg-token-main-surface-primary text-token-text-primary h-8 w-8\">\n<div class=\"mb-2 flex gap-3 empty:hidden -ml-2\">\n<div role=\"article\" data-tabster=\"{&quot;groupper&quot;:{&quot;tabbability&quot;:2},&quot;focusable&quot;:{}}\" data-content=\"ai-message\" aria-labelledby=\"Vdt5ez4X7Tg813x6rFVha-author Vdt5ez4X7Tg813x6rFVha-content\">\n<div id=\"Vdt5ez4X7Tg813x6rFVha-content\">\n<div role=\"article\" data-tabster=\"{&quot;groupper&quot;:{&quot;tabbability&quot;:2},&quot;focusable&quot;:{}}\" data-content=\"ai-message\" aria-labelledby=\"o968oC7CEo2fGHsGdsRYC-author o968oC7CEo2fGHsGdsRYC-content\">\n<div id=\"o968oC7CEo2fGHsGdsRYC-content\">\n<h3>Za\u0161to odabrati vapestornado za Vookbar 30000 Touch Disposable Vape veleprodaju?<\/h3>\n<div class=\"flex-shrink-0 flex flex-col relative items-end\">\n<div class=\"pt-0\">\n<div class=\"gizmo-bot-avatar flex h-8 w-8 items-center justify-center overflow-hidden rounded-full\">\n<div class=\"relative p-1 rounded-sm flex items-center justify-center bg-token-main-surface-primary text-token-text-primary h-8 w-8\">\n<p>Dobrodo\u0161li u vapestornado, va\u0161u pouzdanu online vape trgovinu za vrhunske jednokratne vape ure\u0111aje. S vi\u0161e od 5 godina stru\u010dnosti, donosimo vam popularne marke jednokratnih vape ure\u0111aja kao \u0161to su Fumot RandM Vape, <a href=\"https:\/\/vapestornado.com\/hr\/product-category\/vapme-shisha\/\">Vapme<\/a>, Bang Vape, Waspe Vape i WGA Vape, itd.<\/p>\n<p>Na\u0161 asortiman uklju\u010duje vru\u0107e vapeove poput <a href=\"https:\/\/vapestornado.com\/hr\/product\/randm-12000-puffs-fumot-digital-disposable-vape-wholesale-price\/\">RandM Tornado 12000<\/a>, i izbor bogat okusom poput <a href=\"https:\/\/vapestornado.com\/hr\/product\/wga-crystal-pro-max-extra-15000-puffs-rechargeable-disposable-vape-wholesale-bulk-buy\/\">\u00a0WGA Crystal 15k Udisaja<\/a> . Svaki proizvod odabran je s fokusom na kvalitetu, vrijednost i raznolikost, osiguravaju\u0107i da prona\u0111ete savr\u0161eno podudaranje za svoje potrebe. Otkrijte iznimnu uslugu i \u0161irok spektar vrhunskih proizvoda po veleprodajnoj cijeni na vapestornado.<\/p>\n<\/div>\n<p>&nbsp;<\/p>\n<p><strong>Ostali popularni jednokratni vape ure\u0111aji<\/strong><\/p>\n<p><a href=\"https:\/\/vapestornado.com\/hr\/product\/bang-vape-35000-puffs-low-nicotine-bulk-buy-rechargeable-disposable-vapes-box-wholesale-price\/\">Bang Vape 35000 Pufova <span style=\"color: #ff0000;\"><strong>&gt;&gt;&gt;&gt; Kreni !<\/strong><\/span><\/a><\/p>\n<p><a href=\"https:\/\/vapestornado.com\/hr\/product\/vopk-ultra-40000-puffs-2-in-1-digital-screen-rechargeable-disposable-vape\/\">VOPK 40000 Dvostruki okus<span style=\"color: #ff0000;\"><strong>&gt;&gt;&gt;&gt; Kreni !<\/strong><\/span><\/a><\/p>\n<p><a href=\"https:\/\/vapestornado.com\/hr\/product\/bood-twins-46000-puff-double-flavour-low-nicotine-disposable-vape-wholesale-bulk-buy-price\/\">Bood Twins 46000<span style=\"color: #ff0000;\"><strong>&gt;&gt;&gt;&gt; Kreni !<\/strong><\/span><\/a><\/p>\n<\/div>\n<\/div>\n<\/div>\n<p>&nbsp;<\/p>\n<\/div>\n<\/div>\n<\/div>\n<\/div>\n<\/div>\n<\/div>\n<\/div>\n<\/div>\n<\/div>","protected":false},"excerpt":{"rendered":"<p>Vru\u0107a Vookbar Cyber Pro 30000 Puffs 2% jednokratna vape s niskim udjelom nikotina<br \/>\nVookbar Vape Cyber Pro 30000 Puffs jednokratna vape s digitalnim zaslonom za masovnu kupnju<br \/>\nVookbar Cyber Pro 30k Touch punjiva jednokratna vape veleprodaja<\/p>\n<p><strong>Dodajte Amy na WhatsApp za brzi odgovor i kupon za vape!<\/strong><\/p>\n<p><img fetchpriority=\"high\" decoding=\"async\" class=\"size-full wp-image-2932\" src=\"https:\/\/vapestornado.com\/wp-content\/uploads\/2024\/12\/Vape-Wholesale.jpg\" alt=\"Veleprodaja vejpova\" width=\"229\" height=\"300\" \/><\/p>\n<h3><a href=\"https:\/\/wa.me\/8617776015835\"><span style=\"color: #ff0000;\"><strong>WhatsApp: +86 17776015835<\/strong><\/span><\/a><\/h3>\n<p>&nbsp;<\/p>","protected":false},"featured_media":3388,"comment_status":"open","ping_status":"closed","template":"","meta":{"_acf_changed":false,"_uag_custom_page_level_css":"","_lmt_disableupdate":"no","_lmt_disable":"","_monsterinsights_skip_tracking":false,"_monsterinsights_sitenote_active":false,"_monsterinsights_sitenote_note":"","_monsterinsights_sitenote_category":0,"site-sidebar-layout":"default","site-content-layout":"","ast-site-content-layout":"default","site-content-style":"default","site-sidebar-style":"default","ast-global-header-display":"","ast-banner-title-visibility":"","ast-main-header-display":"","ast-hfb-above-header-display":"","ast-hfb-below-header-display":"","ast-hfb-mobile-header-display":"","site-post-title":"","ast-breadcrumbs-content":"","ast-featured-img":"","footer-sml-layout":"","ast-disable-related-posts":"","theme-transparent-header-meta":"default","adv-header-id-meta":"","stick-header-meta":"","header-above-stick-meta":"","header-main-stick-meta":"","header-below-stick-meta":"","astra-migrate-meta-layouts":"set","ast-page-background-enabled":"default","ast-page-background-meta":{"desktop":{"background-color":"","background-image":"","background-repeat":"repeat","background-position":"center center","background-size":"auto","background-attachment":"scroll","background-type":"","background-media":"","overlay-type":"","overlay-color":"","overlay-opacity":"","overlay-gradient":""},"tablet":{"background-color":"","background-image":"","background-repeat":"repeat","background-position":"center center","background-size":"auto","background-attachment":"scroll","background-type":"","background-media":"","overlay-type":"","overlay-color":"","overlay-opacity":"","overlay-gradient":""},"mobile":{"background-color":"","background-image":"","background-repeat":"repeat","background-position":"center center","background-size":"auto","background-attachment":"scroll","background-type":"","background-media":"","overlay-type":"","overlay-color":"","overlay-opacity":"","overlay-gradient":""}},"ast-content-background-meta":{"desktop":{"background-color":"var(--ast-global-color-5)","background-image":"","background-repeat":"repeat","background-position":"center center","background-size":"auto","background-attachment":"scroll","background-type":"","background-media":"","overlay-type":"","overlay-color":"","overlay-opacity":"","overlay-gradient":""},"tablet":{"background-color":"var(--ast-global-color-5)","background-image":"","background-repeat":"repeat","background-position":"center center","background-size":"auto","background-attachment":"scroll","background-type":"","background-media":"","overlay-type":"","overlay-color":"","overlay-opacity":"","overlay-gradient":""},"mobile":{"background-color":"var(--ast-global-color-5)","background-image":"","background-repeat":"repeat","background-position":"center center","background-size":"auto","background-attachment":"scroll","background-type":"","background-media":"","overlay-type":"","overlay-color":"","overlay-opacity":"","overlay-gradient":""}},"_joinchat":{"telephone":"+8617776015835"}},"product_brand":[],"product_cat":[140,67,150,154,160,142,146],"product_tag":[165,105,97,166,94,207,208],"class_list":{"0":"post-3394","1":"product","2":"type-product","3":"status-publish","4":"has-post-thumbnail","6":"product_cat-big-puffs-disposable-vapes","7":"product_cat-30000-puff","8":"product_cat-buy-disposable-vapes-in-belgium","9":"product_cat-buy-disposable-vapes-in-netherlands","10":"product_cat-buy-disposable-vapes-in-switzerland","11":"product_cat-digital-box-disposable-vapes","12":"product_cat-rechargeable-disposable-vapes","13":"product_tag-cheap-vapes","14":"product_tag-digital-disposable-vape","15":"product_tag-hot-sale-disposable-vape","16":"product_tag-low-nicotine-vape","17":"product_tag-rechargeable-disposable-vape","18":"product_tag-vookbar-cyber-pro-30000","19":"product_tag-vookbar-vape","20":"desktop-align-left","21":"tablet-align-left","22":"mobile-align-left","24":"first","25":"instock","26":"sale","27":"shipping-taxable","28":"purchasable","29":"product-type-simple"},"acf":[],"uagb_featured_image_src":{"full":["https:\/\/vapestornado.com\/wp-content\/uploads\/2024\/12\/Vookbar-Cyber-\u200b\u200bPro-30k-Vape-Wholesale.jpg",1000,1000,false],"thumbnail":["https:\/\/vapestornado.com\/wp-content\/uploads\/2024\/12\/Vookbar-Cyber-\u200b\u200bPro-30k-Vape-Wholesale-150x150.jpg",150,150,true],"medium":["https:\/\/vapestornado.com\/wp-content\/uploads\/2024\/12\/Vookbar-Cyber-\u200b\u200bPro-30k-Vape-Wholesale-300x300.jpg",300,300,true],"medium_large":["https:\/\/vapestornado.com\/wp-content\/uploads\/2024\/12\/Vookbar-Cyber-\u200b\u200bPro-30k-Vape-Wholesale-768x768.jpg",768,768,true],"large":["https:\/\/vapestornado.com\/wp-content\/uploads\/2024\/12\/Vookbar-Cyber-\u200b\u200bPro-30k-Vape-Wholesale.jpg",1000,1000,false],"1536x1536":["https:\/\/vapestornado.com\/wp-content\/uploads\/2024\/12\/Vookbar-Cyber-\u200b\u200bPro-30k-Vape-Wholesale.jpg",1000,1000,false],"2048x2048":["https:\/\/vapestornado.com\/wp-content\/uploads\/2024\/12\/Vookbar-Cyber-\u200b\u200bPro-30k-Vape-Wholesale.jpg",1000,1000,false],"trp-custom-language-flag":["https:\/\/vapestornado.com\/wp-content\/uploads\/2024\/12\/Vookbar-Cyber-\u200b\u200bPro-30k-Vape-Wholesale.jpg",12,12,false],"woocommerce_thumbnail":["https:\/\/vapestornado.com\/wp-content\/uploads\/2024\/12\/Vookbar-Cyber-\u200b\u200bPro-30k-Vape-Wholesale-300x300.jpg",300,300,true],"woocommerce_single":["https:\/\/vapestornado.com\/wp-content\/uploads\/2024\/12\/Vookbar-Cyber-\u200b\u200bPro-30k-Vape-Wholesale-600x600.jpg",600,600,true],"woocommerce_gallery_thumbnail":["https:\/\/vapestornado.com\/wp-content\/uploads\/2024\/12\/Vookbar-Cyber-\u200b\u200bPro-30k-Vape-Wholesale-100x100.jpg",100,100,true]},"uagb_author_info":{"display_name":"ESAMY","author_link":"https:\/\/vapestornado.com\/hr\/author\/"},"uagb_comment_info":0,"uagb_excerpt":"Hot Vookbar Cyber Pro 30000 Puffs 2% Low Nicotine Disposable Vape Vookbar Vape Cyber Pro 30000 Puffs Digital Display Disposable Vape Bulk Buy Vookbar Cyber Pro 30k Touch Rechargeable Disposable Vape Wholesale Add Amy's whatsapp get right reply and vape coupon! WhatsApp: +86 17776015835 &nbsp;","_links":{"self":[{"href":"https:\/\/vapestornado.com\/hr\/wp-json\/wp\/v2\/product\/3394","targetHints":{"allow":["GET"]}}],"collection":[{"href":"https:\/\/vapestornado.com\/hr\/wp-json\/wp\/v2\/product"}],"about":[{"href":"https:\/\/vapestornado.com\/hr\/wp-json\/wp\/v2\/types\/product"}],"replies":[{"embeddable":true,"href":"https:\/\/vapestornado.com\/hr\/wp-json\/wp\/v2\/comments?post=3394"}],"wp:featuredmedia":[{"embeddable":true,"href":"https:\/\/vapestornado.com\/hr\/wp-json\/wp\/v2\/media\/3388"}],"wp:attachment":[{"href":"https:\/\/vapestornado.com\/hr\/wp-json\/wp\/v2\/media?parent=3394"}],"wp:term":[{"taxonomy":"product_brand","embeddable":true,"href":"https:\/\/vapestornado.com\/hr\/wp-json\/wp\/v2\/product_brand?post=3394"},{"taxonomy":"product_cat","embeddable":true,"href":"https:\/\/vapestornado.com\/hr\/wp-json\/wp\/v2\/product_cat?post=3394"},{"taxonomy":"product_tag","embeddable":true,"href":"https:\/\/vapestornado.com\/hr\/wp-json\/wp\/v2\/product_tag?post=3394"}],"curies":[{"name":"wp","href":"https:\/\/api.w.org\/{rel}","templated":true}]}}