{"id":3386,"date":"2024-12-26T06:35:55","date_gmt":"2024-12-26T06:35:55","guid":{"rendered":"https:\/\/vapestornado.com\/?post_type=product&#038;p=3386"},"modified":"2025-08-23T08:57:06","modified_gmt":"2025-08-23T08:57:06","slug":"bood-30k-puffs-geek-bar-cheap-price-rechargeable-vape","status":"publish","type":"product","link":"https:\/\/vapestornado.com\/hr\/product\/bood-30k-puffs-geek-bar-cheap-price-rechargeable-vape\/","title":{"rendered":"BOOD 30k Puffs Geek Bar Jeftina cijena Punjivi Vape"},"content":{"rendered":"<h1>BOOD INFINITY 30k Puffs Geek Bar Punjivi Vape Povoljna Cijena<\/h1>\n<p>&nbsp;<\/p>\n<div role=\"article\" data-tabster=\"{&quot;groupper&quot;:{&quot;tabbability&quot;:2},&quot;focusable&quot;:{}}\" data-content=\"ai-message\" aria-labelledby=\"64JRvXrTnY7mRmPkEQLLT-author 64JRvXrTnY7mRmPkEQLLT-content\">\n<div id=\"64JRvXrTnY7mRmPkEQLLT-content\">\n<p data-start=\"300\" data-end=\"543\">Ovo <strong data-start=\"304\" data-end=\"358\">BOOD INFINITY 30000 Udisaja Geek Bar Jednokratni Vape<\/strong> kombinira kapacitet, stil i performanse u jednom mo\u0107nom ure\u0111aju. S do <strong data-start=\"436\" data-end=\"452\">30.000 puffova<\/strong> i <strong data-start=\"459\" data-end=\"490\">650mAh punjiva baterija<\/strong>, osigurava dugotrajnu upotrebu uz smanjenje otpada.<\/p>\n<p data-start=\"545\" data-end=\"844\">Opremljen s <strong data-start=\"562\" data-end=\"600\">E-teku\u0107ina<\/strong>, korisnici mogu provjeriti razinu baterije i e-teku\u0107ine u stvarnom vremenu za iskustvo bez gnjava\u017ee. The <strong data-start=\"693\" data-end=\"718\">sustav dvostruke mre\u017easte zavojnice<\/strong> pobolj\u0161ava gusto\u0107u pare i konzistentnost okusa, dok <strong data-start=\"776\" data-end=\"798\">podesivi protok zraka<\/strong> omogu\u0107uje svakom korisniku da personalizira svoje povla\u010denje.<\/p>\n<p data-start=\"846\" data-end=\"1065\">Kompaktan i izdr\u017eljiv, <strong data-start=\"871\" data-end=\"908\">BOOD INFINITY 30K Jednokratni Vape<\/strong> isporu\u010duje glatke oblake i bogat okus, \u0161to ga \u010dini prakti\u010dnim izborom za veletrgovce, trgovce i pojedina\u010dne korisnike koji tra\u017ee pouzdane vapeove velikog kapaciteta.<\/p>\n<\/div>\n<\/div>\n<p><img fetchpriority=\"high\" decoding=\"async\" class=\"alignleft wp-image-2951 size-medium\" src=\"https:\/\/vapestornado.com\/wp-content\/uploads\/2024\/12\/Wholesale-Disposable-Vape-265x300.jpg\" alt=\"Veleprodaja jednokratnih vape ure\u0111aja\" width=\"265\" height=\"300\" srcset=\"https:\/\/vapestornado.com\/wp-content\/uploads\/2024\/12\/Wholesale-Disposable-Vape-265x300.jpg 265w, https:\/\/vapestornado.com\/wp-content\/uploads\/2024\/12\/Wholesale-Disposable-Vape-768x871.jpg 768w, https:\/\/vapestornado.com\/wp-content\/uploads\/2024\/12\/Wholesale-Disposable-Vape-600x680.jpg 600w, https:\/\/vapestornado.com\/wp-content\/uploads\/2024\/12\/Wholesale-Disposable-Vape.jpg 823w\" sizes=\"(max-width: 265px) 100vw, 265px\" \/><\/p>\n<h6>Molimo kontaktirajte Mandy's WhatsApp za cijenu s popustom<a href=\"https:\/\/wa.me\/8618077105796\" target=\"_blank\" rel=\"noopener\">+8618077105796<\/a><\/h6>\n<div class=\"flex max-w-full flex-col flex-grow\">\n<div class=\"min-h-8 text-message flex w-full flex-col items-end gap-2 whitespace-normal break-words text-start [.text-message+&amp;]:mt-5\" dir=\"auto\" data-message-author-role=\"assistant\" data-message-id=\"cdb991c0-f594-4bff-b2d5-fbbdd7ce9e54\" data-message-model-slug=\"gpt-4o-mini\">\n<div class=\"flex w-full flex-col gap-1 empty:hidden first:pt-[3px]\">\n<div class=\"markdown prose w-full break-words dark:prose-invert light\"><\/div>\n<\/div>\n<\/div>\n<\/div>\n<div class=\"mb-2 flex gap-3 empty:hidden -ml-2\">\n<h2><strong>Hot BOOD INFINITY 30K PUFF Vape Specifikacije<\/strong><\/h2>\n<ul>\n<li><strong>Masivni Kapacitet od 30K Povla\u010denja<\/strong>: Dizajniran za produ\u017eene sesije vapinga, nude\u0107i do 30.000 povla\u010denja za istinski dugotrajno iskustvo.<\/li>\n<li><strong>E-teku\u0107ina<\/strong>: Sadr\u017ei integrirani zaslon za pra\u0107enje razine e-teku\u0107ine i trajanja baterije, osiguravaju\u0107i besprijekornu upotrebu bez prekida.<\/li>\n<li><strong>Napredna Tehnologija Dvostruke Mre\u017easte Zavojnice<\/strong>: Pru\u017ea poja\u010dan intenzitet okusa, glatku proizvodnju pare i zadovoljavaju\u0107i udarac u grlo sa svakim povla\u010denjem.<\/li>\n<li><strong>Punjivi Dizajn s USB Kompatibilno\u0161\u0107u<\/strong>: Izra\u0111en s ekolo\u0161ki prihvatljivim punjivim sustavom, eliminiraju\u0107i potrebu za \u010destim zamjenama.<\/li>\n<li><strong>Baterija Visokog Kapaciteta od 650mAh<\/strong>: Nudi pouzdanu i dosljednu snagu, uparena s brzim punjenjem za maksimalnu prakti\u010dnost.<\/li>\n<\/ul>\n<\/div>\n<h2>Skupna Kupnja vape bood 30k Puffs Popis Okusa:<\/h2>\n<p>1 JAGODA LUBENICA<br \/>\n2 BRESKVA MANGO ANANAS<br \/>\n3 LUSH ICE<br \/>\n4 BERRY BURST<br \/>\n5 JAGODA KIWI<br \/>\n6 HAWAII<br \/>\n7 PLAVE RAZZ ICE<br \/>\n8 LIMUNADA OD BOROVNICE<br \/>\n9 BLACK ICE<br \/>\n10 TIFFANY<\/p>\n<div role=\"article\" data-tabster=\"{&quot;groupper&quot;:{&quot;tabbability&quot;:2},&quot;focusable&quot;:{}}\" data-content=\"ai-message\" aria-labelledby=\"dARUyEWDoEYhnSPXFwx5A-author dARUyEWDoEYhnSPXFwx5A-content\">\n<div id=\"dARUyEWDoEYhnSPXFwx5A-content\">\n<h3>Za\u0161to odabrati BOOD INFINITY 30K Puffs na vapestornado.com?<\/h3>\n<p>BOOD INFINITY 30K Puffs isti\u010de se kao prekretnica u svijetu vapinga, a vapestornado.com je va\u0161e idealno odredi\u0161te da u potpunosti u\u017eivate u njegovom potencijalu. Evo za\u0161to:<\/p>\n<ol>\n<li><strong>Ogroman kapacitet uvla\u010denja:<\/strong> S nevjerojatnim vijekom trajanja od <strong>30 000 udisaja<\/strong>, BOOD INFINITY je dizajniran za dugotrajnu upotrebu, smanjuju\u0107i potrebu za \u010destim zamjenama i nude\u0107i iznimnu vrijednost.<\/li>\n<li><strong>Napredna tehnologija:<\/strong> Sadr\u017ei <strong>Dvostruka mre\u017easta zavojnica<\/strong>osigurava gustu proizvodnju pare i bogate, dosljedne okuse, pobolj\u0161avaju\u0107i svaki udah za vrhunsko iskustvo vapinga.<\/li>\n<li><strong>Pametno pra\u0107enje:<\/strong> Ovo <strong>E-teku\u0107ina<\/strong> pru\u017ea a\u017euriranja o razinama e-teku\u0107ine i statusu baterije u stvarnom vremenu, osiguravaju\u0107i da uvijek imate kontrolu nad svojim vapeom.<\/li>\n<li><strong>Prilagodljivo iskustvo:<\/strong> Uz <strong>podesivi sustav protoka zraka<\/strong>, mo\u017eete prilagoditi svoj stil parenja prema svojim \u017eeljama, bez obzira preferirate li \u010dvr\u0161\u0107i ili otvoreniji protok zraka.<\/li>\n<li><strong>Ekolo\u0161ki prihvatljiv dizajn:<\/strong> Opremljen s <strong>punjivom baterijom od 650 mAh<\/strong>, BOOD INFINITY podr\u017eava odr\u017eive prakse parenja smanjuju\u0107i otpad.<\/li>\n<li><strong>Konkurentna cijena:<\/strong> Na vapestornado.com, nudimo ovaj ure\u0111aj visokih performansi po <strong>niskoj cijeni<\/strong>, osiguravaju\u0107i vam vrhunsku kvalitetu bez naprezanja va\u0161eg bud\u017eeta.<\/li>\n<li><strong>Brza i pouzdana dostava:<\/strong> Sve narud\u017ebe \u0161alju se brzo i sigurno, uz opcije dostave koje odgovaraju va\u0161im potrebama.<\/li>\n<\/ol>\n<p>vapestornado.com je predan pru\u017eanju vrhunskih proizvoda za parenje i iznimne korisni\u010dke usluge. Kupujte danas i otkrijte za\u0161to je BOOD INFINITY 30K Puffs savr\u0161en izbor za dugotrajno, bogato zna\u010dajkama i pristupa\u010dno iskustvo parenja!<\/p>\n<\/div>\n<\/div>\n<h3>\u010cesto postavljana pitanja o BOOD INFINITY 30k Puffs<\/h3>\n<p><strong>1. Koliko traje BOOD INFINITY 30K Puffs?<\/strong><br \/>\nBOOD INFINITY je dizajniran da pru\u017ei do 30.000 udisaja, \u0161to ga \u010dini izvrsnim izborom za dugotrajnu upotrebu bez \u010destih zamjena. Stvarno vrijeme kori\u0161tenja mo\u017ee varirati ovisno o individualnim navikama vapinga.<\/p>\n<p><strong>2. Zahtijeva li BOOD vapes 30000 Puffs punjenje?<\/strong><br \/>\nDa, BOOD INFINITY ima punjivu <strong>baterija od 650 mAh<\/strong> kako bi se osigurala dosljedna izvedba. Jednostavno upotrijebite kompatibilan kabel za punjenje kako biste napunili ure\u0111aj kada je to potrebno.<\/p>\n<p><strong>3. Po \u010demu je BOOD INFINITY 30k Puffs jedinstven u usporedbi s drugim jednokratnim vapeovima?<\/strong><br \/>\nOvaj vape isti\u010de se zbog svog <strong>E-teku\u0107ina<\/strong>, \u0161to korisnicima omogu\u0107uje jednostavno pra\u0107enje razine e-teku\u0107ine i trajanja baterije. Dodatno, njegova <strong>Tehnologija dvostruke mre\u017easte zavojnice<\/strong> osigurava glatkiju paru i bogate okuse sa svakim udisajem.<\/p>\n<p>4.<strong>Koliko vremena je potrebno da primim svoju narud\u017ebu i odakle se \u0161alje?<\/strong><br \/>\nProizvodnja BOOD INFINITY zahtijeva <strong>3-5 radnih dana<\/strong>, a nakon otpreme, potrebno je <strong>10-15 radnih dana<\/strong> da paket stigne. Svi proizvodi se \u0161alju izravno iz <strong>Kine<\/strong>.<\/p>\n<p>ostali vapeovi koji bi vam se mogli svidjeti:<a href=\"https:\/\/vapestornado.com\/hr\/product-category\/bood-disposable-vapes\/\">BOOD VAPE JEDNOKRATNI<\/a>\u00a0 \u00a0<a href=\"https:\/\/vapestornado.com\/hr\/product-category\/30000-puff\/\">30000 Udisaja vape vru\u0107a prodaja\u00a0<\/a><\/p>","protected":false},"excerpt":{"rendered":"<p>BOOD 30k Puffs Geek Bar Vape: Punjivi, povoljni vape s 30.000 povla\u010denja. Kupite sada vrhunsku kvalitetu po najboljoj cijeni!<\/p>\n<figure id=\"attachment_2951\" aria-describedby=\"caption-attachment-2951\" style=\"width: 265px\" class=\"wp-caption alignnone\"><img decoding=\"async\" class=\"size-medium wp-image-2951\" src=\"https:\/\/vapestornado.com\/wp-content\/uploads\/2024\/12\/Wholesale-Disposable-Vape-265x300.jpg\" alt=\"Veleprodaja jednokratnih vape ure\u0111aja\" width=\"265\" height=\"300\" srcset=\"https:\/\/vapestornado.com\/wp-content\/uploads\/2024\/12\/Wholesale-Disposable-Vape-265x300.jpg 265w, https:\/\/vapestornado.com\/wp-content\/uploads\/2024\/12\/Wholesale-Disposable-Vape-768x871.jpg 768w, https:\/\/vapestornado.com\/wp-content\/uploads\/2024\/12\/Wholesale-Disposable-Vape-600x680.jpg 600w, https:\/\/vapestornado.com\/wp-content\/uploads\/2024\/12\/Wholesale-Disposable-Vape.jpg 823w\" sizes=\"(max-width: 265px) 100vw, 265px\" \/><figcaption id=\"caption-attachment-2951\" class=\"wp-caption-text\">Molimo kontaktirajte Mandy's WhatsApp za cijenu s popustom\u00a0 <a href=\"https:\/\/wa.me\/8618077105796\">+8618077105796<\/a><\/figcaption><\/figure>\n<p>&nbsp;<\/p>","protected":false},"featured_media":3495,"comment_status":"open","ping_status":"closed","template":"","meta":{"_acf_changed":false,"_uag_custom_page_level_css":"","_lmt_disableupdate":"no","_lmt_disable":"","_monsterinsights_skip_tracking":false,"_monsterinsights_sitenote_active":false,"_monsterinsights_sitenote_note":"","_monsterinsights_sitenote_category":0,"site-sidebar-layout":"default","site-content-layout":"","ast-site-content-layout":"default","site-content-style":"default","site-sidebar-style":"default","ast-global-header-display":"","ast-banner-title-visibility":"","ast-main-header-display":"","ast-hfb-above-header-display":"","ast-hfb-below-header-display":"","ast-hfb-mobile-header-display":"","site-post-title":"","ast-breadcrumbs-content":"","ast-featured-img":"","footer-sml-layout":"","ast-disable-related-posts":"","theme-transparent-header-meta":"default","adv-header-id-meta":"","stick-header-meta":"","header-above-stick-meta":"","header-main-stick-meta":"","header-below-stick-meta":"","astra-migrate-meta-layouts":"set","ast-page-background-enabled":"default","ast-page-background-meta":{"desktop":{"background-color":"","background-image":"","background-repeat":"repeat","background-position":"center center","background-size":"auto","background-attachment":"scroll","background-type":"","background-media":"","overlay-type":"","overlay-color":"","overlay-opacity":"","overlay-gradient":""},"tablet":{"background-color":"","background-image":"","background-repeat":"repeat","background-position":"center center","background-size":"auto","background-attachment":"scroll","background-type":"","background-media":"","overlay-type":"","overlay-color":"","overlay-opacity":"","overlay-gradient":""},"mobile":{"background-color":"","background-image":"","background-repeat":"repeat","background-position":"center center","background-size":"auto","background-attachment":"scroll","background-type":"","background-media":"","overlay-type":"","overlay-color":"","overlay-opacity":"","overlay-gradient":""}},"ast-content-background-meta":{"desktop":{"background-color":"var(--ast-global-color-5)","background-image":"","background-repeat":"repeat","background-position":"center center","background-size":"auto","background-attachment":"scroll","background-type":"","background-media":"","overlay-type":"","overlay-color":"","overlay-opacity":"","overlay-gradient":""},"tablet":{"background-color":"var(--ast-global-color-5)","background-image":"","background-repeat":"repeat","background-position":"center center","background-size":"auto","background-attachment":"scroll","background-type":"","background-media":"","overlay-type":"","overlay-color":"","overlay-opacity":"","overlay-gradient":""},"mobile":{"background-color":"var(--ast-global-color-5)","background-image":"","background-repeat":"repeat","background-position":"center center","background-size":"auto","background-attachment":"scroll","background-type":"","background-media":"","overlay-type":"","overlay-color":"","overlay-opacity":"","overlay-gradient":""}},"_joinchat":{"telephone":"+8618077105796"}},"product_brand":[],"product_cat":[67,64,140,193,149,150,151,152,153,154,155,156,157,158,58],"product_tag":[209,97],"class_list":{"0":"post-3386","1":"product","2":"type-product","3":"status-publish","4":"has-post-thumbnail","6":"product_cat-30000-puff","7":"product_cat-bangbox-vape","8":"product_cat-big-puffs-disposable-vapes","9":"product_cat-bood-disposable-vapes","10":"product_cat-buy-disposable-vapes-in-austria","11":"product_cat-buy-disposable-vapes-in-belgium","12":"product_cat-buy-disposable-vapes-in-france","13":"product_cat-buy-disposable-vapes-in-cermany","14":"product_cat-buy-disposable-vapes-in-italy","15":"product_cat-buy-disposable-vapes-in-netherlands","16":"product_cat-buy-disposable-vapes-in-norway","17":"product_cat-buy-disposable-vapes-in-poland","18":"product_cat-buy-disposable-vapes-in-portugal","19":"product_cat-buy-disposable-vapes-in-spain","20":"product_cat-fumot-vape","21":"product_tag-bood-infinity-30k-puffs","22":"product_tag-hot-sale-disposable-vape","23":"desktop-align-left","24":"tablet-align-left","25":"mobile-align-left","27":"first","28":"instock","29":"sale","30":"shipping-taxable","31":"purchasable","32":"product-type-simple"},"acf":[],"uagb_featured_image_src":{"full":["https:\/\/vapestornado.com\/wp-content\/uploads\/2024\/12\/bood-infinity-30k-blue-razz-ice-cheap-price.jpg",800,800,false],"thumbnail":["https:\/\/vapestornado.com\/wp-content\/uploads\/2024\/12\/bood-infinity-30k-blue-razz-ice-cheap-price-150x150.jpg",150,150,true],"medium":["https:\/\/vapestornado.com\/wp-content\/uploads\/2024\/12\/bood-infinity-30k-blue-razz-ice-cheap-price-300x300.jpg",300,300,true],"medium_large":["https:\/\/vapestornado.com\/wp-content\/uploads\/2024\/12\/bood-infinity-30k-blue-razz-ice-cheap-price-768x768.jpg",768,768,true],"large":["https:\/\/vapestornado.com\/wp-content\/uploads\/2024\/12\/bood-infinity-30k-blue-razz-ice-cheap-price.jpg",800,800,false],"1536x1536":["https:\/\/vapestornado.com\/wp-content\/uploads\/2024\/12\/bood-infinity-30k-blue-razz-ice-cheap-price.jpg",800,800,false],"2048x2048":["https:\/\/vapestornado.com\/wp-content\/uploads\/2024\/12\/bood-infinity-30k-blue-razz-ice-cheap-price.jpg",800,800,false],"trp-custom-language-flag":["https:\/\/vapestornado.com\/wp-content\/uploads\/2024\/12\/bood-infinity-30k-blue-razz-ice-cheap-price.jpg",12,12,false],"woocommerce_thumbnail":["https:\/\/vapestornado.com\/wp-content\/uploads\/2024\/12\/bood-infinity-30k-blue-razz-ice-cheap-price-300x300.jpg",300,300,true],"woocommerce_single":["https:\/\/vapestornado.com\/wp-content\/uploads\/2024\/12\/bood-infinity-30k-blue-razz-ice-cheap-price-600x600.jpg",600,600,true],"woocommerce_gallery_thumbnail":["https:\/\/vapestornado.com\/wp-content\/uploads\/2024\/12\/bood-infinity-30k-blue-razz-ice-cheap-price-100x100.jpg",100,100,true]},"uagb_author_info":{"display_name":"ESMANDY","author_link":"https:\/\/vapestornado.com\/hr\/author\/"},"uagb_comment_info":0,"uagb_excerpt":"BOOD 30k Puffs Geek Bar Vape: Rechargeable, affordable vape with 30,000 puffs. Shop now for premium quality at the best price! [caption id=\"attachment_2951\" align=\"alignnone\" width=\"265\"] Pls Contact Mandy's WhatsApp For Discount Price\u00a0 +8618077105796[\/caption] &nbsp;","_links":{"self":[{"href":"https:\/\/vapestornado.com\/hr\/wp-json\/wp\/v2\/product\/3386","targetHints":{"allow":["GET"]}}],"collection":[{"href":"https:\/\/vapestornado.com\/hr\/wp-json\/wp\/v2\/product"}],"about":[{"href":"https:\/\/vapestornado.com\/hr\/wp-json\/wp\/v2\/types\/product"}],"replies":[{"embeddable":true,"href":"https:\/\/vapestornado.com\/hr\/wp-json\/wp\/v2\/comments?post=3386"}],"wp:featuredmedia":[{"embeddable":true,"href":"https:\/\/vapestornado.com\/hr\/wp-json\/wp\/v2\/media\/3495"}],"wp:attachment":[{"href":"https:\/\/vapestornado.com\/hr\/wp-json\/wp\/v2\/media?parent=3386"}],"wp:term":[{"taxonomy":"product_brand","embeddable":true,"href":"https:\/\/vapestornado.com\/hr\/wp-json\/wp\/v2\/product_brand?post=3386"},{"taxonomy":"product_cat","embeddable":true,"href":"https:\/\/vapestornado.com\/hr\/wp-json\/wp\/v2\/product_cat?post=3386"},{"taxonomy":"product_tag","embeddable":true,"href":"https:\/\/vapestornado.com\/hr\/wp-json\/wp\/v2\/product_tag?post=3386"}],"curies":[{"name":"wp","href":"https:\/\/api.w.org\/{rel}","templated":true}]}}