{"id":3385,"date":"2024-12-26T03:09:17","date_gmt":"2024-12-26T03:09:17","guid":{"rendered":"https:\/\/vapestornado.com\/?post_type=product&#038;p=3385"},"modified":"2025-08-23T11:12:32","modified_gmt":"2025-08-23T11:12:32","slug":"wga-crystal-plus-20000-puff-vape-2-in-1-rechargeable-disposable-vape-wholesale-bulk-buy","status":"publish","type":"product","link":"https:\/\/vapestornado.com\/hr\/product\/wga-crystal-plus-20000-puff-vape-2-in-1-rechargeable-disposable-vape-wholesale-bulk-buy\/","title":{"rendered":"WGA Crystal Plus 20000 Puff Vape 2 u 1 Punjiva jednokratna vape veleprodaja"},"content":{"rendered":"<h1 class=\"product-title\">WGA Crystal Plus 20000 Puff Vape 2 u 1 Punjiva jednokratna vape veleprodaja<\/h1>\n<p data-start=\"239\" data-end=\"582\">Ovo <strong data-start=\"243\" data-end=\"275\">WGA Crystal Plus 20000 Udisaja<\/strong> je prakti\u010dna 2-u-1 opcija za <strong data-start=\"309\" data-end=\"360\">EU trgovce, distributere i B2B kupce na veliko<\/strong> koji \u017eele raznolikost bez dr\u017eanja dodatnih SKU-ova. Svaki ure\u0111aj isporu\u010duje do <strong data-start=\"433\" data-end=\"449\">20.000 puffova<\/strong> i omogu\u0107uje korisnicima da <strong data-start=\"469\" data-end=\"511\">prebacuju izme\u0111u dva unaprijed napunjena okusa<\/strong> odmah\u2014idealno za trgovine koje poslu\u017euju mje\u0161ovite profile okusa u jednom proizvodu.<\/p>\n<p data-start=\"584\" data-end=\"988\">A <strong data-start=\"586\" data-end=\"616\">Punjivi Type-C dizajn<\/strong> poma\u017ee osigurati da se pod potpuno iskoristi, smanjuju\u0107i otpad e-teku\u0107ine i povrate. Kristalno tijelo je kompaktno za izlaganje na pultu i no\u0161enje u d\u017eepu, dok \u010disti izlaz okusa podr\u017eava ponovljenu prodaju u kanalima pogodnosti i specijaliziranim kanalima za vape. <strong data-start=\"850\" data-end=\"881\">Vi\u0161estruke ja\u010dine nikotina<\/strong> (dostupnost varira ovisno o tr\u017ei\u0161tu) \u010dine liniju prikladnom i za povremene korisnike i za redovite korisnike diljem Europe.<\/p>\n<p data-start=\"990\" data-end=\"1021\"><strong data-start=\"990\" data-end=\"1021\">Za\u0161to funkcionira za veleprodaju:<\/strong><\/p>\n<ul data-start=\"1022\" data-end=\"1325\">\n<li data-start=\"1022\" data-end=\"1079\">\n<p data-start=\"1024\" data-end=\"1079\"><strong data-start=\"1024\" data-end=\"1037\">20K udisaja<\/strong> po jedinici za dulje cikluse prodaje<\/p>\n<\/li>\n<li data-start=\"1080\" data-end=\"1157\">\n<p data-start=\"1082\" data-end=\"1157\"><strong data-start=\"1082\" data-end=\"1105\">2-u-1 dvostruki okus<\/strong> prebacivanje = \u0161ira privla\u010dnost, manje varijanti za skladi\u0161tenje<\/p>\n<\/li>\n<li data-start=\"1158\" data-end=\"1238\">\n<p data-start=\"1160\" data-end=\"1238\"><strong data-start=\"1160\" data-end=\"1187\">Punjivo putem Type-C<\/strong> za bolju iskoristivost i zadovoljstvo kupaca<\/p>\n<\/li>\n<li data-start=\"1239\" data-end=\"1325\">\n<p data-start=\"1241\" data-end=\"1325\"><strong data-start=\"1241\" data-end=\"1284\">Pakiranje pogodno za velike koli\u010dine<\/strong>, usmjereno na trgovce i distributere u EU<\/p>\n<\/li>\n<\/ul>\n<p><span style=\"color: #ff0000;\"><strong>Dodajte Amy na WhatsApp za brzi odgovor i kupon za vape!<\/strong><\/span><\/p>\n<p><img fetchpriority=\"high\" decoding=\"async\" class=\"size-full wp-image-2932\" src=\"https:\/\/vapestornado.com\/wp-content\/uploads\/2024\/12\/Vape-Wholesale.jpg\" alt=\"Veleprodaja vejpova\" width=\"229\" height=\"300\" \/><\/p>\n<h3><a href=\"https:\/\/wa.me\/8617776015835\" target=\"_blank\" rel=\"noopener\"><span style=\"color: #ff0000;\"><strong>WhatsApp: +86 17776015835<\/strong><\/span><\/a><\/h3>\n<p>&nbsp;<\/p>\n<h2 class=\"product-title\">WGA Crystal Plus 20000 jednokratni vape<strong> Zna\u010dajke proizvoda<\/strong><\/h2>\n<div role=\"article\" data-tabster=\"{&quot;groupper&quot;:{&quot;tabbability&quot;:2},&quot;focusable&quot;:{}}\" data-content=\"ai-message\" aria-labelledby=\"juhNTJ6o7Gk1cgwZMJgv2-author juhNTJ6o7Gk1cgwZMJgv2-content\">\n<div id=\"juhNTJ6o7Gk1cgwZMJgv2-content\">\n<div role=\"article\" data-tabster=\"{&quot;groupper&quot;:{&quot;tabbability&quot;:2},&quot;focusable&quot;:{}}\" data-content=\"ai-message\" aria-labelledby=\"x4EZuCZWrTbh3weWUt7CU-author x4EZuCZWrTbh3weWUt7CU-content\">\n<div id=\"x4EZuCZWrTbh3weWUt7CU-content\">\n<div class=\"flex max-w-full flex-col flex-grow\">\n<div class=\"min-h-8 text-message flex w-full flex-col items-end gap-2 whitespace-normal break-words text-start [.text-message+&amp;]:mt-5\" dir=\"auto\" data-message-author-role=\"assistant\" data-message-id=\"52c6e00a-252f-4104-805d-2f1a84739c71\" data-message-model-slug=\"gpt-4o\">\n<div class=\"flex w-full flex-col gap-1 empty:hidden first:pt-[3px]\">\n<div class=\"markdown prose w-full break-words dark:prose-invert light\">\n<h4><\/h4>\n<h4><strong>Nenadma\u0161an kapacitet puhanja<\/strong><\/h4>\n<p>S <strong>20.000 puffova<\/strong>, Crystal Plus osigurava dugotrajnu upotrebu, \u0161to ga \u010dini pouzdanim suputnikom za du\u017ee sesije vapinga.<\/p>\n<h4><strong>Jasan LCD zaslon<\/strong><\/h4>\n<p>Ure\u0111aj ima <strong>kristalno \u010dist LCD zaslon<\/strong> koji vas obavje\u0161tava o statusu baterije i razini e-teku\u0107ine, eliminiraju\u0107i naga\u0111anja.<\/p>\n<h4><strong>Punjiva baterija od 650 mAh<\/strong><\/h4>\n<p>Pokre\u0107e ga <strong>650mAh punjiva baterija<\/strong>, ovaj je vape dizajniran za dugotrajnost i prakti\u010dnost. Port za punjenje <strong>USB-C<\/strong> omogu\u0107uje brzo i u\u010dinkovito punjenje, tako da mo\u017eete vi\u0161e vremena provesti u\u017eivaju\u0107i, a manje \u010dekaju\u0107i.<\/p>\n<h4><strong>Tehnologija dvostruke mre\u017easte zavojnice<\/strong><\/h4>\n<p>Opremljen naprednim <strong>dvostruke mre\u017easte zavojnice<\/strong>, Crystal Plus pru\u017ea glatku, dosljednu paru i bogat okus pri svakom povla\u010denju. Ova tehnologija pobolj\u0161ava u\u010dinkovitost e-teku\u0107ine i osigurava zadovoljavaju\u0107e Mouth-to-Lung (MTL) iskustvo vapinga.<\/p>\n<h4><strong>18 izvrsnih okusa<\/strong><\/h4>\n<p>Odaberite izme\u0111u raznih <strong>18 pa\u017eljivo osmi\u0161ljenih okusa<\/strong>, svaki dizajniran da odu\u0161evi va\u0161e nepce. Od vo\u0107nih do mentolnih i dalje, postoji ne\u0161to za svako nepce.<\/p>\n<h4><strong>Pakirano za prakti\u010dnost<\/strong><\/h4>\n<p>Dostupno u <strong>pakiranja od 10 komada<\/strong>, WGA Crystal Plus odli\u010dan je izbor za veletrgovce, maloprodaju ili svakoga tko \u017eeli nabaviti visokou\u010dinkoviti jednokratni vape.<\/p>\n<\/div>\n<\/div>\n<\/div>\n<\/div>\n<div class=\"mb-2 flex gap-3 empty:hidden -ml-2\">\n<p>&nbsp;<\/p>\n<\/div>\n<\/div>\n<\/div>\n<\/div>\n<\/div>\n<h2 class=\"product-title\"><strong>Popularni okusi za WGA Crystal Plus 20000 Puffs jednokratne vape<\/strong><\/h2>\n<p>1.PLAVI RAZZ CHERRY\/FIZZY CHERRY<br \/>\n2.PLAVI RAZZ GUMMY\/PLAVA RASPBERRY\u00a0 <span style=\"color: #ff0000;\"><strong>&gt;&gt;&gt;&gt; Vru\u0107e !<\/strong><\/span><br \/>\n3.PLAVI RAZZ LIMUNADA\/KOLA LIMUN<br \/>\n4.SVJE\u017dA MENTA\/DVOJNA MENTA<br \/>\n5.GUMI MEDVJED\/SKITTLES <span style=\"color: #ff0000;\"><strong>&gt;&gt;&gt;&gt; Najbolje !<\/strong><\/span><br \/>\n6.HEISENBERG\/ROZA \u010cOVJEK<br \/>\n7.LEMON<br \/>\n8.ANANAS LED\/ANANAS BRESKVA MANGO<br \/>\n9.ANANAS LIMUN\/GRO\u017d\u0110E LED<br \/>\n10.LJETNI SAN\/TRE\u0160NJA KOLA LED<br \/>\n11.SLADOLED OD JAGODE\/JAGODA BANANA<br \/>\n12.JAGODA MALINA LED\/BOROVNICA TRE\u0160NJA BRUSNICA <span style=\"color: #ff0000;\"><strong>&gt;&gt;&gt;&gt; Vru\u0107e !<\/strong><\/span><br \/>\n13.TROSTRUKI MANGO\/KIWI MARAKUJA GUAVA<br \/>\n14.LUBENICA LED\/DUPLA JABUKA<br \/>\n15.LUBENICA HUBBA BUBBA\/BOROVNICA HUBBA BUBBA<br \/>\n16.BANANA LED\/GUAVA LED<br \/>\n17.BOROVNICA LED\/JAGODA LED <span style=\"color: #ff0000;\"><strong>&gt;&gt;&gt;&gt; Vru\u0107e !<\/strong><\/span><br \/>\n18.LEDENI \u0160TAPI\u0106 OD BOROVNICE\/LEDENI \u0160TAPI\u0106 OD JAGODE<br \/>\n19.LEDENA TRE\u0160NJA\/LEDENA NARAN\u010cA<br \/>\n20.SO\u010cNA BRESKVA\/LEDENA JABUKA I BRESKVA <span style=\"color: #ff0000;\"><strong>&gt;&gt;&gt;&gt; Vru\u0107e !<\/strong><\/span><\/p>\n<div class=\"flex-shrink-0 flex flex-col relative items-end\">\n<div class=\"pt-0\">\n<div class=\"gizmo-bot-avatar flex h-8 w-8 items-center justify-center overflow-hidden rounded-full\">\n<div class=\"relative p-1 rounded-sm flex items-center justify-center bg-token-main-surface-primary text-token-text-primary h-8 w-8\">\n<figure id=\"attachment_3374\" aria-describedby=\"caption-attachment-3374\" style=\"width: 1000px\" class=\"wp-caption alignnone\"><img decoding=\"async\" class=\"wp-image-3374 size-full\" src=\"https:\/\/vapestornado.com\/wp-content\/uploads\/2024\/12\/WGA-Crystal-20K-Puffs-Disposable-Vape-Bulk-Buy.jpg\" alt=\"WGA Crystal 20K Puffs jednokratni vape - kupnja na veliko\" width=\"1000\" height=\"520\" srcset=\"https:\/\/vapestornado.com\/wp-content\/uploads\/2024\/12\/WGA-Crystal-20K-Puffs-Disposable-Vape-Bulk-Buy.jpg 1000w, https:\/\/vapestornado.com\/wp-content\/uploads\/2024\/12\/WGA-Crystal-20K-Puffs-Disposable-Vape-Bulk-Buy-300x156.jpg 300w, https:\/\/vapestornado.com\/wp-content\/uploads\/2024\/12\/WGA-Crystal-20K-Puffs-Disposable-Vape-Bulk-Buy-768x399.jpg 768w, https:\/\/vapestornado.com\/wp-content\/uploads\/2024\/12\/WGA-Crystal-20K-Puffs-Disposable-Vape-Bulk-Buy-600x312.jpg 600w\" sizes=\"(max-width: 1000px) 100vw, 1000px\" \/><figcaption id=\"caption-attachment-3374\" class=\"wp-caption-text\">WGA Crystal 20K Puffs jednokratni vape - kupnja na veliko<\/figcaption><\/figure>\n<h2>\u010cesta pitanja za jednokratni vape WGA Crystal Plus 20000<\/h2>\n<div class=\"flex max-w-full flex-col flex-grow\">\n<div class=\"min-h-8 text-message flex w-full flex-col items-end gap-2 whitespace-normal break-words text-start [.text-message+&amp;]:mt-5\" dir=\"auto\" data-message-author-role=\"assistant\" data-message-id=\"4dc48248-df95-45bd-b800-6dedb43cf7f1\" data-message-model-slug=\"gpt-4o\">\n<div class=\"flex w-full flex-col gap-1 empty:hidden first:pt-[3px]\">\n<div class=\"markdown prose w-full break-words dark:prose-invert light\">\n<h3><\/h3>\n<ol>\n<li><strong>\u0160to jednokratni WGA Crystal Plus 20000 Puffs \u010dini jedinstvenim?<\/strong><br \/>\nOvo <strong>WGA Crystal Plus 20000 Udisaja<\/strong> sadr\u017ei <strong>sustav dvostrukog okusa<\/strong>, omogu\u0107uju\u0107i vam prebacivanje izme\u0111u dva unaprijed napunjena okusa u jednom ure\u0111aju, nude\u0107i neusporedivu svestranost i prakti\u010dnost.<\/li>\n<li><strong>Kako provjeriti razinu baterije i e-teku\u0107ine na WGA Crystal Plus 20k?<\/strong><br \/>\nOvaj ure\u0111aj uklju\u010duje <strong>kristalno \u010dist LCD zaslon<\/strong>, koji prikazuje i trajanje baterije i razine e-teku\u0107ine, osiguravaju\u0107i da ste uvijek informirani o statusu svog vapea.<\/li>\n<li><strong>Koji su okusi dostupni za WGA Crystal 20000 Dual Flavor Vape?<\/strong><br \/>\nDostupno je <strong>18 uzbudljivih kombinacija okusa<\/strong>, kao \u0161to su <strong>Blue Razz Cherry<\/strong> i <strong>Watermelon Ice<\/strong>, prilago\u0111avaju\u0107i se razli\u010ditim ukusima.<\/li>\n<li><strong>Mogu li napuniti WGA Crystal 20k Puffs jednokratni vape?<\/strong><br \/>\nDa, dolazi s <strong>punjivom baterijom od 650 mAh<\/strong> i <strong>Type-C priklju\u010dak za punjenje<\/strong>, omogu\u0107uju\u0107i brzo i prakti\u010dno punjenje za produljenu upotrebu.<\/li>\n<li><strong>Je li WGA Crystal Plus 20000 prikladan za Mouth-to-Lung (MTL) vaping?<\/strong><br \/>\nApsolutno! Njegov <strong>tehnologijom dvostruke mre\u017easte zavojnice<\/strong> osigurava glatku proizvodnju pare, \u0161to ga \u010dini idealnim za MTL vapere koji u\u017eivaju u kontroliranim, ukusnim uvla\u010denjima.<\/li>\n<\/ol>\n<\/div>\n<\/div>\n<\/div>\n<\/div>\n<div class=\"mb-2 flex gap-3 empty:hidden -ml-2\">\n<div class=\"items-center justify-start rounded-xl p-1 flex\"><\/div>\n<\/div>\n<\/div>\n<\/div>\n<\/div>\n<\/div>\n<div class=\"flex-shrink-0 flex flex-col relative items-end\">\n<div class=\"pt-0\">\n<div class=\"gizmo-bot-avatar flex h-8 w-8 items-center justify-center overflow-hidden rounded-full\">\n<div class=\"relative p-1 rounded-sm flex items-center justify-center bg-token-main-surface-primary text-token-text-primary h-8 w-8\">\n<div class=\"mb-2 flex gap-3 empty:hidden -ml-2\">\n<div role=\"article\" data-tabster=\"{&quot;groupper&quot;:{&quot;tabbability&quot;:2},&quot;focusable&quot;:{}}\" data-content=\"ai-message\" aria-labelledby=\"Vdt5ez4X7Tg813x6rFVha-author Vdt5ez4X7Tg813x6rFVha-content\">\n<div id=\"Vdt5ez4X7Tg813x6rFVha-content\">\n<div role=\"article\" data-tabster=\"{&quot;groupper&quot;:{&quot;tabbability&quot;:2},&quot;focusable&quot;:{}}\" data-content=\"ai-message\" aria-labelledby=\"o968oC7CEo2fGHsGdsRYC-author o968oC7CEo2fGHsGdsRYC-content\">\n<div id=\"o968oC7CEo2fGHsGdsRYC-content\">\n<p>&nbsp;<\/p>\n<h2>Za\u0161to odabrati vapestornado za WGA Crystal 15000 Puffs Veleprodaju vapea?<\/h2>\n<div class=\"flex-shrink-0 flex flex-col relative items-end\">\n<div class=\"pt-0\">\n<div class=\"gizmo-bot-avatar flex h-8 w-8 items-center justify-center overflow-hidden rounded-full\">\n<div class=\"relative p-1 rounded-sm flex items-center justify-center bg-token-main-surface-primary text-token-text-primary h-8 w-8\">\n<p>Dobrodo\u0161li u vapestornado, va\u0161u pouzdanu online vape trgovinu za vrhunske jednokratne vape ure\u0111aje. S vi\u0161e od 5 godina stru\u010dnosti, donosimo vam popularne marke jednokratnih vape ure\u0111aja kao \u0161to su Fumot RandM Vape, <a href=\"https:\/\/vapestornado.com\/hr\/product-category\/vapme-shisha\/\">Vapme<\/a>, Bang Vape, Waspe Vape i WGA Vape, itd.<\/p>\n<p>Na\u0161 asortiman uklju\u010duje vru\u0107e vapeove poput <a href=\"https:\/\/vapestornado.com\/hr\/product\/randm-12000-puffs-fumot-digital-disposable-vape-wholesale-price\/\">RandM Tornado 12000<\/a>, i izbor bogat okusom poput <a href=\"https:\/\/vapestornado.com\/hr\/product\/wga-crystal-pro-max-extra-15000-puffs-rechargeable-disposable-vape-wholesale-bulk-buy\/\">\u00a0WGA Crystal 15k Udisaja<\/a> . Svaki proizvod odabran je s fokusom na kvalitetu, vrijednost i raznolikost, osiguravaju\u0107i da prona\u0111ete savr\u0161eno podudaranje za svoje potrebe. Otkrijte iznimnu uslugu i \u0161irok spektar vrhunskih proizvoda po veleprodajnoj cijeni na vapestornado.<\/p>\n<\/div>\n<p>&nbsp;<\/p>\n<p><strong>Ostali popularni jednokratni vape ure\u0111aji<\/strong><\/p>\n<p><a href=\"https:\/\/vapestornado.com\/hr\/product\/bang-vape-35000-puffs-low-nicotine-bulk-buy-rechargeable-disposable-vapes-box-wholesale-price\/\">Bang Vape 35000 Pufova <span style=\"color: #ff0000;\"><strong>&gt;&gt;&gt;&gt; Kreni !<\/strong><\/span><\/a><\/p>\n<p><a href=\"https:\/\/vapestornado.com\/hr\/product\/vopk-ultra-40000-puffs-2-in-1-digital-screen-rechargeable-disposable-vape\/\">VOPK 40000 Dvostruki okus<span style=\"color: #ff0000;\"><strong>&gt;&gt;&gt;&gt; Kreni !<\/strong><\/span><\/a><\/p>\n<p><a href=\"https:\/\/vapestornado.com\/hr\/product\/bood-twins-46000-puff-double-flavour-low-nicotine-disposable-vape-wholesale-bulk-buy-price\/\">Bood Twins 46000<span style=\"color: #ff0000;\"><strong>&gt;&gt;&gt;&gt; Kreni !<\/strong><\/span><\/a><\/p>\n<\/div>\n<\/div>\n<\/div>\n<p>&nbsp;<\/p>\n<\/div>\n<\/div>\n<\/div>\n<\/div>\n<\/div>\n<\/div>\n<\/div>\n<\/div>\n<\/div>","protected":false},"excerpt":{"rendered":"<p><strong data-start=\"1473\" data-end=\"1505\">WGA Crystal Plus 20000 Udisaja<\/strong>\u2014a <strong data-start=\"1508\" data-end=\"1552\">2-u-1 dvostruki okus, Type-C punjivi<\/strong> jednokratni izgra\u0111en za <strong data-start=\"1574\" data-end=\"1606\">EU veleprodaja i rasute narud\u017ebe<\/strong>. Visoki kapacitet, jednostavno prebacivanje okusa i ambala\u017ea prilago\u0111ena trgovcima za sna\u017enu, ponovljivu prodaju.<\/p>\n<p><strong>Dodajte Amy na WhatsApp za brzi odgovor i kupon za vape!<\/strong><\/p>\n<p><img fetchpriority=\"high\" decoding=\"async\" class=\"size-full wp-image-2932\" src=\"https:\/\/vapestornado.com\/wp-content\/uploads\/2024\/12\/Vape-Wholesale.jpg\" alt=\"Veleprodaja vejpova\" width=\"229\" height=\"300\" \/><\/p>\n<h3><a href=\"https:\/\/wa.me\/8617776015835\"><span style=\"color: #ff0000;\"><strong>WhatsApp: +86 17776015835<\/strong><\/span><\/a><\/h3>\n<p>&nbsp;<\/p>","protected":false},"featured_media":3370,"comment_status":"open","ping_status":"closed","template":"","meta":{"_acf_changed":false,"_uag_custom_page_level_css":"","_lmt_disableupdate":"no","_lmt_disable":"","_monsterinsights_skip_tracking":false,"_monsterinsights_sitenote_active":false,"_monsterinsights_sitenote_note":"","_monsterinsights_sitenote_category":0,"site-sidebar-layout":"default","site-content-layout":"","ast-site-content-layout":"default","site-content-style":"default","site-sidebar-style":"default","ast-global-header-display":"","ast-banner-title-visibility":"","ast-main-header-display":"","ast-hfb-above-header-display":"","ast-hfb-below-header-display":"","ast-hfb-mobile-header-display":"","site-post-title":"","ast-breadcrumbs-content":"","ast-featured-img":"","footer-sml-layout":"","ast-disable-related-posts":"","theme-transparent-header-meta":"default","adv-header-id-meta":"","stick-header-meta":"","header-above-stick-meta":"","header-main-stick-meta":"","header-below-stick-meta":"","astra-migrate-meta-layouts":"set","ast-page-background-enabled":"default","ast-page-background-meta":{"desktop":{"background-color":"","background-image":"","background-repeat":"repeat","background-position":"center center","background-size":"auto","background-attachment":"scroll","background-type":"","background-media":"","overlay-type":"","overlay-color":"","overlay-opacity":"","overlay-gradient":""},"tablet":{"background-color":"","background-image":"","background-repeat":"repeat","background-position":"center center","background-size":"auto","background-attachment":"scroll","background-type":"","background-media":"","overlay-type":"","overlay-color":"","overlay-opacity":"","overlay-gradient":""},"mobile":{"background-color":"","background-image":"","background-repeat":"repeat","background-position":"center center","background-size":"auto","background-attachment":"scroll","background-type":"","background-media":"","overlay-type":"","overlay-color":"","overlay-opacity":"","overlay-gradient":""}},"ast-content-background-meta":{"desktop":{"background-color":"var(--ast-global-color-5)","background-image":"","background-repeat":"repeat","background-position":"center center","background-size":"auto","background-attachment":"scroll","background-type":"","background-media":"","overlay-type":"","overlay-color":"","overlay-opacity":"","overlay-gradient":""},"tablet":{"background-color":"var(--ast-global-color-5)","background-image":"","background-repeat":"repeat","background-position":"center center","background-size":"auto","background-attachment":"scroll","background-type":"","background-media":"","overlay-type":"","overlay-color":"","overlay-opacity":"","overlay-gradient":""},"mobile":{"background-color":"var(--ast-global-color-5)","background-image":"","background-repeat":"repeat","background-position":"center center","background-size":"auto","background-attachment":"scroll","background-type":"","background-media":"","overlay-type":"","overlay-color":"","overlay-opacity":"","overlay-gradient":""}},"_joinchat":{"telephone":"+8617776015835"}},"product_brand":[],"product_cat":[69,151,155,142,146,59],"product_tag":[165,105,97,166,94,205,206,204],"class_list":{"0":"post-3385","1":"product","2":"type-product","3":"status-publish","4":"has-post-thumbnail","6":"product_cat-20000-puff","7":"product_cat-buy-disposable-vapes-in-france","8":"product_cat-buy-disposable-vapes-in-norway","9":"product_cat-digital-box-disposable-vapes","10":"product_cat-rechargeable-disposable-vapes","11":"product_cat-wga-crystal-vape","12":"product_tag-cheap-vapes","13":"product_tag-digital-disposable-vape","14":"product_tag-hot-sale-disposable-vape","15":"product_tag-low-nicotine-vape","16":"product_tag-rechargeable-disposable-vape","17":"product_tag-wga-crystal-20k","18":"product_tag-wga-crystal-plus-20000","19":"product_tag-wga-vape","20":"desktop-align-left","21":"tablet-align-left","22":"mobile-align-left","24":"first","25":"instock","26":"sale","27":"shipping-taxable","28":"purchasable","29":"product-type-simple"},"acf":[],"uagb_featured_image_src":{"full":["https:\/\/vapestornado.com\/wp-content\/uploads\/2024\/12\/WGA-Crystal-Plus-20000-Disposable-Vape-Wholesale.jpg",1000,992,false],"thumbnail":["https:\/\/vapestornado.com\/wp-content\/uploads\/2024\/12\/WGA-Crystal-Plus-20000-Disposable-Vape-Wholesale-150x150.jpg",150,150,true],"medium":["https:\/\/vapestornado.com\/wp-content\/uploads\/2024\/12\/WGA-Crystal-Plus-20000-Disposable-Vape-Wholesale-300x298.jpg",300,298,true],"medium_large":["https:\/\/vapestornado.com\/wp-content\/uploads\/2024\/12\/WGA-Crystal-Plus-20000-Disposable-Vape-Wholesale-768x762.jpg",768,762,true],"large":["https:\/\/vapestornado.com\/wp-content\/uploads\/2024\/12\/WGA-Crystal-Plus-20000-Disposable-Vape-Wholesale.jpg",1000,992,false],"1536x1536":["https:\/\/vapestornado.com\/wp-content\/uploads\/2024\/12\/WGA-Crystal-Plus-20000-Disposable-Vape-Wholesale.jpg",1000,992,false],"2048x2048":["https:\/\/vapestornado.com\/wp-content\/uploads\/2024\/12\/WGA-Crystal-Plus-20000-Disposable-Vape-Wholesale.jpg",1000,992,false],"trp-custom-language-flag":["https:\/\/vapestornado.com\/wp-content\/uploads\/2024\/12\/WGA-Crystal-Plus-20000-Disposable-Vape-Wholesale.jpg",12,12,false],"woocommerce_thumbnail":["https:\/\/vapestornado.com\/wp-content\/uploads\/2024\/12\/WGA-Crystal-Plus-20000-Disposable-Vape-Wholesale-300x300.jpg",300,300,true],"woocommerce_single":["https:\/\/vapestornado.com\/wp-content\/uploads\/2024\/12\/WGA-Crystal-Plus-20000-Disposable-Vape-Wholesale-600x595.jpg",600,595,true],"woocommerce_gallery_thumbnail":["https:\/\/vapestornado.com\/wp-content\/uploads\/2024\/12\/WGA-Crystal-Plus-20000-Disposable-Vape-Wholesale-100x100.jpg",100,100,true]},"uagb_author_info":{"display_name":"ESAMY","author_link":"https:\/\/vapestornado.com\/hr\/author\/"},"uagb_comment_info":0,"uagb_excerpt":"WGA Crystal Plus 20000 Puffs\u2014a 2\u2011in\u20111 dual\u2011flavour, Type\u2011C rechargeable disposable built for EU wholesale and bulk orders. High capacity, easy flavour switch, and retailer\u2011friendly packaging for strong, repeatable sales. Add Amy's whatsapp get right reply and vape coupon! WhatsApp: +86 17776015835 &nbsp;","_links":{"self":[{"href":"https:\/\/vapestornado.com\/hr\/wp-json\/wp\/v2\/product\/3385","targetHints":{"allow":["GET"]}}],"collection":[{"href":"https:\/\/vapestornado.com\/hr\/wp-json\/wp\/v2\/product"}],"about":[{"href":"https:\/\/vapestornado.com\/hr\/wp-json\/wp\/v2\/types\/product"}],"replies":[{"embeddable":true,"href":"https:\/\/vapestornado.com\/hr\/wp-json\/wp\/v2\/comments?post=3385"}],"wp:featuredmedia":[{"embeddable":true,"href":"https:\/\/vapestornado.com\/hr\/wp-json\/wp\/v2\/media\/3370"}],"wp:attachment":[{"href":"https:\/\/vapestornado.com\/hr\/wp-json\/wp\/v2\/media?parent=3385"}],"wp:term":[{"taxonomy":"product_brand","embeddable":true,"href":"https:\/\/vapestornado.com\/hr\/wp-json\/wp\/v2\/product_brand?post=3385"},{"taxonomy":"product_cat","embeddable":true,"href":"https:\/\/vapestornado.com\/hr\/wp-json\/wp\/v2\/product_cat?post=3385"},{"taxonomy":"product_tag","embeddable":true,"href":"https:\/\/vapestornado.com\/hr\/wp-json\/wp\/v2\/product_tag?post=3385"}],"curies":[{"name":"wp","href":"https:\/\/api.w.org\/{rel}","templated":true}]}}