{"id":3367,"date":"2024-12-25T07:28:34","date_gmt":"2024-12-25T07:28:34","guid":{"rendered":"https:\/\/vapestornado.com\/?post_type=product&#038;p=3367"},"modified":"2025-08-23T12:20:25","modified_gmt":"2025-08-23T12:20:25","slug":"bang-box-20000-puffs-0-2-5-low-nicotine-rechargeable-digital-display-disposable-vape-pen-wholesale-bulk-buy","status":"publish","type":"product","link":"https:\/\/vapestornado.com\/hr\/product\/bang-box-20000-puffs-0-2-5-low-nicotine-rechargeable-digital-display-disposable-vape-pen-wholesale-bulk-buy\/","title":{"rendered":"Bang Box 20000 Puffs 0% 2% 5% jednokratna vape olovka s niskim udjelom nikotina i punjivim digitalnim zaslonom, veleprodaja, kupnja na veliko"},"content":{"rendered":"<h1 class=\"product-title\">Bang Box 20000 Puffs 0% 2% 5% jednokratna vape olovka s niskim udjelom nikotina i punjivim digitalnim zaslonom, veleprodaja, kupnja na veliko<\/h1>\n<p>Ovo <strong>Bang Box 20000 Puffs Jednokratni Vape<\/strong>, sada dostupan u <strong>vapestornado<\/strong>\u2014va\u0161 pouzdani partner u vrhunskim rje\u0161enjima za vaping. Ovaj vrhunski ure\u0111aj dizajniran je kako bi zadovoljio povremene korisnike i iskusne vapere, pru\u017eaju\u0107i iznimno iskustvo kroz napredne zna\u010dajke i neusporedivu izvedbu. S impresivnih <strong>20.000 udisaja po jedinici<\/strong>, Bang Box osigurava dugotrajno u\u017eivanje bez neugodnosti \u010destih zamjena.<\/p>\n<p>Dostupan u ja\u010dinama nikotina od <strong>0%, 2% i 5%<\/strong>, ova vape olovka savr\u0161ena je za one koji tra\u017ee opcije s niskim udjelom nikotina ili bez nikotina. Bez obzira jeste li povremeni korisnik ili \u010desti vaper, Bang Box nudi zadovoljstvo prilago\u0111eno va\u0161im \u017eeljama.<\/p>\n<h4><strong>Inovativne Zna\u010dajke za Vrhunski Vaping<\/strong><\/h4>\n<p>Ovo <strong>Bang Box 20000 Udisaja<\/strong> mo\u017ee se pohvaliti nizom izvanrednih zna\u010dajki koje ga izdi\u017eu iznad standardnih jednokratnih vape olovaka. Uklju\u010duje zna\u010dajan <strong>kapacitet e-teku\u0107ine od 35 ml<\/strong>, smanjuju\u0107i potrebu za \u010destim punjenjima. Pokre\u0107e ga <strong>850mAh punjiva baterija<\/strong>, ovaj ure\u0111aj osigurava dosljednu izvedbu tijekom produljenih sesija vapinga.<\/p>\n<p>A <strong>moderni Type-C priklju\u010dak za punjenje<\/strong> omogu\u0107uje brzo i u\u010dinkovito punjenje, osiguravaju\u0107i da ste uvijek spremni za vaping. The <strong>digitalni zaslon<\/strong> dodaje sloj prakti\u010dnosti, omogu\u0107uju\u0107i korisnicima jednostavno pra\u0107enje trajanja baterije i broja udisaja.<\/p>\n<p>Ovo <strong>0.8\u03a9 otpor mre\u017easte zavojnice<\/strong> jam\u010di glatku proizvodnju pare i bogat okus, \u010dine\u0107i svaki udisaj ugodnim. Dodatno, <strong>vapestornado<\/strong> nudi OEM\/ODM mogu\u0107nosti prilagodbe, savr\u0161ene za robne marke koje \u017eele personalizirati pakiranje ili udovoljiti specifi\u010dnim zahtjevima tr\u017ei\u0161ta.<\/p>\n<h4><strong>Za\u0161to odabrati Bang Box 20000 udisaja?<\/strong><\/h4>\n<p>Ovaj se ure\u0111aj isti\u010de svojom izdr\u017eljivo\u0161\u0107u, opcijama okusa i svestrano\u0161\u0107u. Elegantnog, prenosivog dizajna, idealan je za korisnike u pokretu, dok spremnik e-teku\u0107ine velikog kapaciteta i punjiva baterija nude prakti\u010dnost za redovite vapere. Bang Box dostupan je u rasutom stanju, \u0161to ga \u010dini popularnim izborom za veletrgovce i trgovce na malo koji tra\u017ee pouzdane proizvode velike potra\u017enje.<\/p>\n<p>&nbsp;<\/p>\n<p><span style=\"color: #ff0000;\"><strong>Dodajte Amy na WhatsApp za brzi odgovor i kupon za vape!<\/strong><\/span><\/p>\n<p><img fetchpriority=\"high\" decoding=\"async\" class=\"size-full wp-image-2932\" src=\"https:\/\/vapestornado.com\/wp-content\/uploads\/2024\/12\/Vape-Wholesale.jpg\" alt=\"Veleprodaja vejpova\" width=\"229\" height=\"300\" \/><\/p>\n<h3><a href=\"https:\/\/wa.me\/8617776015835\" target=\"_blank\" rel=\"noopener\"><span style=\"color: #ff0000;\"><strong>WhatsApp: +86 17776015835<\/strong><\/span><\/a><\/h3>\n<p>&nbsp;<\/p>\n<h2 class=\"product-title\">Bang Box 30000 Jednokratni Vape<strong> Zna\u010dajke proizvoda<\/strong><\/h2>\n<div role=\"article\" data-tabster=\"{&quot;groupper&quot;:{&quot;tabbability&quot;:2},&quot;focusable&quot;:{}}\" data-content=\"ai-message\" aria-labelledby=\"juhNTJ6o7Gk1cgwZMJgv2-author juhNTJ6o7Gk1cgwZMJgv2-content\">\n<div id=\"juhNTJ6o7Gk1cgwZMJgv2-content\">\n<div role=\"article\" data-tabster=\"{&quot;groupper&quot;:{&quot;tabbability&quot;:2},&quot;focusable&quot;:{}}\" data-content=\"ai-message\" aria-labelledby=\"x4EZuCZWrTbh3weWUt7CU-author x4EZuCZWrTbh3weWUt7CU-content\">\n<div id=\"x4EZuCZWrTbh3weWUt7CU-content\">\n<div class=\"flex max-w-full flex-col flex-grow\">\n<div class=\"min-h-8 text-message flex w-full flex-col items-end gap-2 whitespace-normal break-words text-start [.text-message+&amp;]:mt-5\" dir=\"auto\" data-message-author-role=\"assistant\" data-message-id=\"52c6e00a-252f-4104-805d-2f1a84739c71\" data-message-model-slug=\"gpt-4o\">\n<div class=\"flex w-full flex-col gap-1 empty:hidden first:pt-[3px]\">\n<div class=\"markdown prose w-full break-words dark:prose-invert light\"><\/div>\n<\/div>\n<\/div>\n<\/div>\n<div class=\"mb-2 flex gap-3 empty:hidden -ml-2\">\n<h3><\/h3>\n<ol>\n<li><strong>Dugotrajna uporaba: <\/strong>Isporu\u010duje do 20.000 udisaja, smanjuju\u0107i potrebu za zamjenama.<\/li>\n<li><strong>Opcije niske razine nikotina: <\/strong>Dostupan u ja\u010dinama nikotina 0%, 2% i 5%, udovoljavaju\u0107i razli\u010ditim preferencijama.<\/li>\n<li><strong>Veliki kapacitet E-teku\u0107ine: <\/strong>Spremnik e-teku\u0107ine od 35 ml smanjuje u\u010destalost ponovnog punjenja, idealan za produljenu uporabu.<\/li>\n<li><strong>Punjiva baterija: <\/strong>Baterija od 850 mAh s punjenjem tipa C osigurava dosljedne performanse.<\/li>\n<li><strong>Digitalni zaslon: <\/strong>Prati trajanje baterije i broj udisaja za dodatnu prakti\u010dnost.<\/li>\n<li><strong>Glatka proizvodnja pare: <\/strong>Mre\u017easta zavojnica od 0.8\u03a9 svaki put pru\u017ea bogate okuse koji zadovoljavaju.<\/li>\n<\/ol>\n<\/div>\n<\/div>\n<\/div>\n<\/div>\n<\/div>\n<h2 class=\"product-title\"><strong>Popularni okusi za Bang Box 30k Puffs jednokratne Vape<\/strong><\/h2>\n<p>&nbsp;<\/p>\n<p>1. Jagoda kivi<br \/>\n2. Kivi marakuja guava<br \/>\n3. Jagoda Lubenica <strong><span style=\"color: #ff0000;\">&gt;&gt;&gt;&gt; Vru\u0107e!<\/span><\/strong><br \/>\n4. Malina lubenica<br \/>\n5. Led od borovnice i kisele maline <strong><span style=\"color: #ff0000;\">&gt;&gt;&gt;&gt; Vru\u0107e!<\/span><\/strong><br \/>\n6. Led od lubenice<br \/>\n7. Led od banane<br \/>\n8. Mango breskva<br \/>\n9. Led od plave maline <strong><span style=\"color: #ff0000;\">&gt;&gt;&gt;&gt; Najbolje!<\/span><\/strong><br \/>\n10. Mr. Blue<br \/>\n11. Led od gro\u017e\u0111a<br \/>\n12. Mango na ledu<\/p>\n<figure id=\"attachment_3344\" aria-describedby=\"caption-attachment-3344\" style=\"width: 1126px\" class=\"wp-caption alignnone\"><img decoding=\"async\" class=\"wp-image-3344 size-full\" src=\"https:\/\/vapestornado.com\/wp-content\/uploads\/2024\/12\/Bang-Box-Vape-Disposable-20000-Puffs-20k-Wholesale.jpg\" alt=\"Bang Box Vape jednokratni 20000 Puffova 20k Veleprodaja\" width=\"1126\" height=\"1126\" srcset=\"https:\/\/vapestornado.com\/wp-content\/uploads\/2024\/12\/Bang-Box-Vape-Disposable-20000-Puffs-20k-Wholesale.jpg 1126w, https:\/\/vapestornado.com\/wp-content\/uploads\/2024\/12\/Bang-Box-Vape-Disposable-20000-Puffs-20k-Wholesale-300x300.jpg 300w, https:\/\/vapestornado.com\/wp-content\/uploads\/2024\/12\/Bang-Box-Vape-Disposable-20000-Puffs-20k-Wholesale-1024x1024.jpg 1024w, https:\/\/vapestornado.com\/wp-content\/uploads\/2024\/12\/Bang-Box-Vape-Disposable-20000-Puffs-20k-Wholesale-150x150.jpg 150w, https:\/\/vapestornado.com\/wp-content\/uploads\/2024\/12\/Bang-Box-Vape-Disposable-20000-Puffs-20k-Wholesale-768x768.jpg 768w, https:\/\/vapestornado.com\/wp-content\/uploads\/2024\/12\/Bang-Box-Vape-Disposable-20000-Puffs-20k-Wholesale-600x600.jpg 600w, https:\/\/vapestornado.com\/wp-content\/uploads\/2024\/12\/Bang-Box-Vape-Disposable-20000-Puffs-20k-Wholesale-100x100.jpg 100w\" sizes=\"(max-width: 1126px) 100vw, 1126px\" \/><figcaption id=\"caption-attachment-3344\" class=\"wp-caption-text\">Bang Box Vape jednokratni 20000 Puffova 20k Veleprodaja<\/figcaption><\/figure>\n<div class=\"flex-shrink-0 flex flex-col relative items-end\">\n<div class=\"pt-0\">\n<div class=\"gizmo-bot-avatar flex h-8 w-8 items-center justify-center overflow-hidden rounded-full\">\n<div class=\"relative p-1 rounded-sm flex items-center justify-center bg-token-main-surface-primary text-token-text-primary h-8 w-8\">\n<h3>\u010cesto postavljana pitanja za Bang Box 20000 jednokratni vape<\/h3>\n<h3><\/h3>\n<h4>1. <strong>Mo\u017eete li nositi jednokratne vapeove u zrakoplovu?<\/strong><\/h4>\n<p>Da, jednokratni vapeovi poput Bang Boxa mogu se nositi u ru\u010dnoj prtljazi, ali provjerite je li ure\u0111aj isklju\u010den i pridr\u017eavajte se propisa zrakoplovne tvrtke u vezi s baterijama i e-teku\u0107inama.<\/p>\n<h4>2. <strong>Kako mogu napuniti Bang Box 20000 Puffs?<\/strong><\/h4>\n<p>Napunite ure\u0111aj pomo\u0107u prilo\u017eenog Type-C priklju\u010dka za punjenje. Uklju\u010dite ga u kompatibilni punja\u010d i pratite status baterije putem digitalnog zaslona.<\/p>\n<h4>3. <strong>Kako znati kada je Bang Box prazan?<\/strong><\/h4>\n<p>Digitalni zaslon na Bang Boxu prikazuje preostali broj udisaja. Uz to, slab okus ili proizvodnja pare mogu ukazivati \u200b\u200bna to da je ure\u0111aju ponestalo e-teku\u0107ine.<\/p>\n<h4>4. <strong>Kako digitalni zaslon pobolj\u0161ava iskustvo vapinga?<\/strong><\/h4>\n<p>Zaslon poma\u017ee korisnicima da prate trajanje baterije i broj udisaja, osiguravaju\u0107i da su uvijek svjesni statusa ure\u0111aja za besprijekorno iskustvo.<\/p>\n<h4>5. <strong>Koje su prednosti OEM\/ODM usluga za Bang Box?<\/strong><\/h4>\n<p>vapestornado OEM\/ODM opcije omogu\u0107uju tvrtkama da prilagode brendiranje, pakiranje i dizajn proizvoda kako bi se bolje uskladili s potrebama tr\u017ei\u0161ta, stvaraju\u0107i jedinstvenu ponudu za kupce.<\/p>\n<\/div>\n<\/div>\n<\/div>\n<\/div>\n<div class=\"flex-shrink-0 flex flex-col relative items-end\">\n<div class=\"pt-0\">\n<div class=\"gizmo-bot-avatar flex h-8 w-8 items-center justify-center overflow-hidden rounded-full\">\n<div class=\"relative p-1 rounded-sm flex items-center justify-center bg-token-main-surface-primary text-token-text-primary h-8 w-8\">\n<div class=\"mb-2 flex gap-3 empty:hidden -ml-2\">\n<div role=\"article\" data-tabster=\"{&quot;groupper&quot;:{&quot;tabbability&quot;:2},&quot;focusable&quot;:{}}\" data-content=\"ai-message\" aria-labelledby=\"Vdt5ez4X7Tg813x6rFVha-author Vdt5ez4X7Tg813x6rFVha-content\">\n<div id=\"Vdt5ez4X7Tg813x6rFVha-content\">\n<div role=\"article\" data-tabster=\"{&quot;groupper&quot;:{&quot;tabbability&quot;:2},&quot;focusable&quot;:{}}\" data-content=\"ai-message\" aria-labelledby=\"o968oC7CEo2fGHsGdsRYC-author o968oC7CEo2fGHsGdsRYC-content\">\n<div id=\"o968oC7CEo2fGHsGdsRYC-content\">\n<p>&nbsp;<\/p>\n<h3>Za\u0161to odabrati vapestornado za Bang Box 20000 Puffs Vape veleprodaju?<\/h3>\n<div class=\"flex-shrink-0 flex flex-col relative items-end\">\n<div class=\"pt-0\">\n<div class=\"gizmo-bot-avatar flex h-8 w-8 items-center justify-center overflow-hidden rounded-full\">\n<div class=\"relative p-1 rounded-sm flex items-center justify-center bg-token-main-surface-primary text-token-text-primary h-8 w-8\">\n<p>Dobrodo\u0161li u vapestornado, va\u0161u pouzdanu online vape trgovinu za vrhunske jednokratne vape ure\u0111aje. S vi\u0161e od 5 godina stru\u010dnosti, donosimo vam popularne marke jednokratnih vape ure\u0111aja kao \u0161to su Fumot RandM Vape, <a href=\"https:\/\/vapestornado.com\/hr\/product\/vapme-crystal-7000-puffs-rechargeable-disposable-vape-wholesale-cheap-price\/\">Vapme<\/a>, Bang Vape, Waspe Vape i WGA Vape, itd.<\/p>\n<p>Na\u0161 asortiman uklju\u010duje vru\u0107e vapeove poput <a href=\"https:\/\/vapestornado.com\/hr\/product\/fumot-randm-tornado-15000-puffs-rechargeable-disposable-vape-wholesale\/\">RandM Tornado 15000<\/a>, i izbor bogat okusom poput <a href=\"https:\/\/vapestornado.com\/hr\/product\/vapsolo-dg-18000-puffs-smart-screen-wholesale-disposable-cheap-vapes\/\">\u00a0Vapsolo DG18000 Udisaja<\/a> . Svaki proizvod odabran je s fokusom na kvalitetu, vrijednost i raznolikost, osiguravaju\u0107i da prona\u0111ete savr\u0161eno podudaranje za svoje potrebe. Otkrijte iznimnu uslugu i \u0161irok spektar vrhunskih proizvoda po veleprodajnoj cijeni na vapestornado.<\/p>\n<\/div>\n<p>&nbsp;<\/p>\n<p><strong>Ostali popularni jednokratni vape ure\u0111aji<\/strong><\/p>\n<p><a href=\"https:\/\/vapestornado.com\/hr\/product\/aivono-flash-35000-puffs-rechargeable-disposable-vape-bulk-buy\/\">Aivono Flash 35000 Udisaja <span style=\"color: #ff0000;\"><strong>&gt;&gt;&gt;&gt; Kreni !<\/strong><\/span><\/a><\/p>\n<p><a href=\"https:\/\/vapestornado.com\/hr\/product\/vapme-crystal-7000-puffs-rechargeable-disposable-vape-wholesale-cheap-price\/\">Vape Kristal 7000 <span style=\"color: #ff0000;\"><strong>&gt;&gt;&gt;&gt; Kreni !<\/strong><\/span><\/a><\/p>\n<p><a href=\"https:\/\/vapestornado.com\/hr\/product\/bood-twins-46000-puff-double-flavour-low-nicotine-disposable-vape-wholesale-bulk-buy-price\/\">Bood Twins 46000<span style=\"color: #ff0000;\"><strong>&gt;&gt;&gt;&gt; Kreni !<\/strong><\/span><\/a><\/p>\n<\/div>\n<\/div>\n<\/div>\n<p>&nbsp;<\/p>\n<\/div>\n<\/div>\n<\/div>\n<\/div>\n<\/div>\n<\/div>\n<\/div>\n<\/div>\n<\/div>","protected":false},"excerpt":{"rendered":"<p>Original Bang Box 20000 Puffs Jednokratni Vape Puff 20K Vape Olovka<br \/>\nBang Box 20K 20000 Puff Punjivi Jednokratni Vape Povoljna Cijena<br \/>\nBang Box 20K 20000 Puff Jednokratni Vape s Pametnim Zaslonom Digitalni Prikaz<\/p>\n<p><strong>Dodajte Amy na WhatsApp za brzi odgovor i kupon za vape!<\/strong><\/p>\n<p><img fetchpriority=\"high\" decoding=\"async\" class=\"size-full wp-image-2932\" src=\"https:\/\/vapestornado.com\/wp-content\/uploads\/2024\/12\/Vape-Wholesale.jpg\" alt=\"Veleprodaja vejpova\" width=\"229\" height=\"300\" \/><\/p>\n<h3><a href=\"https:\/\/wa.me\/8617776015835\"><span style=\"color: #ff0000;\"><strong>WhatsApp: +86 17776015835<\/strong><\/span><\/a><\/h3>\n<p>&nbsp;<\/p>","protected":false},"featured_media":3346,"comment_status":"open","ping_status":"closed","template":"","meta":{"_acf_changed":false,"_uag_custom_page_level_css":"","_lmt_disableupdate":"no","_lmt_disable":"","_monsterinsights_skip_tracking":false,"_monsterinsights_sitenote_active":false,"_monsterinsights_sitenote_note":"","_monsterinsights_sitenote_category":0,"site-sidebar-layout":"default","site-content-layout":"","ast-site-content-layout":"default","site-content-style":"default","site-sidebar-style":"default","ast-global-header-display":"","ast-banner-title-visibility":"","ast-main-header-display":"","ast-hfb-above-header-display":"","ast-hfb-below-header-display":"","ast-hfb-mobile-header-display":"","site-post-title":"","ast-breadcrumbs-content":"","ast-featured-img":"","footer-sml-layout":"","ast-disable-related-posts":"","theme-transparent-header-meta":"default","adv-header-id-meta":"","stick-header-meta":"","header-above-stick-meta":"","header-main-stick-meta":"","header-below-stick-meta":"","astra-migrate-meta-layouts":"set","ast-page-background-enabled":"default","ast-page-background-meta":{"desktop":{"background-color":"","background-image":"","background-repeat":"repeat","background-position":"center center","background-size":"auto","background-attachment":"scroll","background-type":"","background-media":"","overlay-type":"","overlay-color":"","overlay-opacity":"","overlay-gradient":""},"tablet":{"background-color":"","background-image":"","background-repeat":"repeat","background-position":"center center","background-size":"auto","background-attachment":"scroll","background-type":"","background-media":"","overlay-type":"","overlay-color":"","overlay-opacity":"","overlay-gradient":""},"mobile":{"background-color":"","background-image":"","background-repeat":"repeat","background-position":"center center","background-size":"auto","background-attachment":"scroll","background-type":"","background-media":"","overlay-type":"","overlay-color":"","overlay-opacity":"","overlay-gradient":""}},"ast-content-background-meta":{"desktop":{"background-color":"var(--ast-global-color-5)","background-image":"","background-repeat":"repeat","background-position":"center center","background-size":"auto","background-attachment":"scroll","background-type":"","background-media":"","overlay-type":"","overlay-color":"","overlay-opacity":"","overlay-gradient":""},"tablet":{"background-color":"var(--ast-global-color-5)","background-image":"","background-repeat":"repeat","background-position":"center center","background-size":"auto","background-attachment":"scroll","background-type":"","background-media":"","overlay-type":"","overlay-color":"","overlay-opacity":"","overlay-gradient":""},"mobile":{"background-color":"var(--ast-global-color-5)","background-image":"","background-repeat":"repeat","background-position":"center center","background-size":"auto","background-attachment":"scroll","background-type":"","background-media":"","overlay-type":"","overlay-color":"","overlay-opacity":"","overlay-gradient":""}},"_joinchat":{"telephone":"+8617776015835"}},"product_brand":[],"product_cat":[69,64,152,156,160,142,144,19],"product_tag":[200,201,196,165,105,97,166,94],"class_list":{"0":"post-3367","1":"product","2":"type-product","3":"status-publish","4":"has-post-thumbnail","6":"product_cat-20000-puff","7":"product_cat-bangbox-vape","8":"product_cat-buy-disposable-vapes-in-cermany","9":"product_cat-buy-disposable-vapes-in-poland","10":"product_cat-buy-disposable-vapes-in-switzerland","11":"product_cat-digital-box-disposable-vapes","12":"product_cat-low-nicotine-disposable-vapes","13":"product_cat-vapes","14":"product_tag-bang-box-20000","15":"product_tag-bang-box-20k","16":"product_tag-bang-vape","17":"product_tag-cheap-vapes","18":"product_tag-digital-disposable-vape","19":"product_tag-hot-sale-disposable-vape","20":"product_tag-low-nicotine-vape","21":"product_tag-rechargeable-disposable-vape","22":"desktop-align-left","23":"tablet-align-left","24":"mobile-align-left","26":"first","27":"instock","28":"sale","29":"shipping-taxable","30":"purchasable","31":"product-type-simple"},"acf":[],"uagb_featured_image_src":{"full":["https:\/\/vapestornado.com\/wp-content\/uploads\/2024\/12\/Bang-Box-Vape-Disposable-Wholesale-20000-Puffs.jpg",1126,1126,false],"thumbnail":["https:\/\/vapestornado.com\/wp-content\/uploads\/2024\/12\/Bang-Box-Vape-Disposable-Wholesale-20000-Puffs-150x150.jpg",150,150,true],"medium":["https:\/\/vapestornado.com\/wp-content\/uploads\/2024\/12\/Bang-Box-Vape-Disposable-Wholesale-20000-Puffs-300x300.jpg",300,300,true],"medium_large":["https:\/\/vapestornado.com\/wp-content\/uploads\/2024\/12\/Bang-Box-Vape-Disposable-Wholesale-20000-Puffs-768x768.jpg",768,768,true],"large":["https:\/\/vapestornado.com\/wp-content\/uploads\/2024\/12\/Bang-Box-Vape-Disposable-Wholesale-20000-Puffs-1024x1024.jpg",1024,1024,true],"1536x1536":["https:\/\/vapestornado.com\/wp-content\/uploads\/2024\/12\/Bang-Box-Vape-Disposable-Wholesale-20000-Puffs.jpg",1126,1126,false],"2048x2048":["https:\/\/vapestornado.com\/wp-content\/uploads\/2024\/12\/Bang-Box-Vape-Disposable-Wholesale-20000-Puffs.jpg",1126,1126,false],"trp-custom-language-flag":["https:\/\/vapestornado.com\/wp-content\/uploads\/2024\/12\/Bang-Box-Vape-Disposable-Wholesale-20000-Puffs.jpg",12,12,false],"woocommerce_thumbnail":["https:\/\/vapestornado.com\/wp-content\/uploads\/2024\/12\/Bang-Box-Vape-Disposable-Wholesale-20000-Puffs-300x300.jpg",300,300,true],"woocommerce_single":["https:\/\/vapestornado.com\/wp-content\/uploads\/2024\/12\/Bang-Box-Vape-Disposable-Wholesale-20000-Puffs-600x600.jpg",600,600,true],"woocommerce_gallery_thumbnail":["https:\/\/vapestornado.com\/wp-content\/uploads\/2024\/12\/Bang-Box-Vape-Disposable-Wholesale-20000-Puffs-100x100.jpg",100,100,true]},"uagb_author_info":{"display_name":"ESAMY","author_link":"https:\/\/vapestornado.com\/hr\/author\/"},"uagb_comment_info":0,"uagb_excerpt":"Original Bang Box 20000 Puffs Disposable Vapes Puff 20K Vape Pen Bang Box 20K 20000 Puff Rechargeable Disposable Vape Cheap Price Bang Box 20K 20000 Puff Disposable Vape with Smart Screen Digital Display Add Amy's whatsapp get right reply and vape coupon! WhatsApp: +86 17776015835 &nbsp;","_links":{"self":[{"href":"https:\/\/vapestornado.com\/hr\/wp-json\/wp\/v2\/product\/3367","targetHints":{"allow":["GET"]}}],"collection":[{"href":"https:\/\/vapestornado.com\/hr\/wp-json\/wp\/v2\/product"}],"about":[{"href":"https:\/\/vapestornado.com\/hr\/wp-json\/wp\/v2\/types\/product"}],"replies":[{"embeddable":true,"href":"https:\/\/vapestornado.com\/hr\/wp-json\/wp\/v2\/comments?post=3367"}],"wp:featuredmedia":[{"embeddable":true,"href":"https:\/\/vapestornado.com\/hr\/wp-json\/wp\/v2\/media\/3346"}],"wp:attachment":[{"href":"https:\/\/vapestornado.com\/hr\/wp-json\/wp\/v2\/media?parent=3367"}],"wp:term":[{"taxonomy":"product_brand","embeddable":true,"href":"https:\/\/vapestornado.com\/hr\/wp-json\/wp\/v2\/product_brand?post=3367"},{"taxonomy":"product_cat","embeddable":true,"href":"https:\/\/vapestornado.com\/hr\/wp-json\/wp\/v2\/product_cat?post=3367"},{"taxonomy":"product_tag","embeddable":true,"href":"https:\/\/vapestornado.com\/hr\/wp-json\/wp\/v2\/product_tag?post=3367"}],"curies":[{"name":"wp","href":"https:\/\/api.w.org\/{rel}","templated":true}]}}