{"id":3365,"date":"2024-12-24T09:50:29","date_gmt":"2024-12-24T09:50:29","guid":{"rendered":"https:\/\/vapestornado.com\/?post_type=product&#038;p=3365"},"modified":"2025-12-09T08:52:33","modified_gmt":"2025-12-09T08:52:33","slug":"bang-box-30000-puffs-double-flavour-0-2-5-low-nicotine-bulk-buy-rechargeable-disposable-vapes-pen-wholesale","status":"publish","type":"product","link":"https:\/\/vapestornado.com\/hr\/product\/bang-box-30000-puffs-double-flavour-0-2-5-low-nicotine-bulk-buy-rechargeable-disposable-vapes-pen-wholesale\/","title":{"rendered":"Bang Box 30000 Puffs dvostruki okus 0% 2% 5% jednokratne vape olovke s niskim udjelom nikotina za rasutu kupnju, veleprodaja"},"content":{"rendered":"<h1 class=\"product-title\">Bang Box 30000 Puffs dvostruki okus 0% 2% 5% jednokratne vape olovke s niskim udjelom nikotina za rasutu kupnju, veleprodaja<\/h1>\n<p>Bang Box 30000 Udisaja jednokratni vape je 35ml, 30.000 udisaja punjivi jednokratni ure\u0111aj s dvostrukim okusima i 0.8\u03a9 mre\u017eastom grija\u010dom, pru\u017eaju\u0107i dugotrajan, stabilan okus i brzo punjenje Type-C-jem u jednom laganom ure\u0111aju.<\/p>\n<p data-start=\"907\" data-end=\"1146\"><strong data-start=\"907\" data-end=\"953\">Dugotrajno trajanje s pravim kapacitetom iza toga.<\/strong> Ovo <strong data-start=\"958\" data-end=\"998\">Bang Box 30000 Udisaja jednokratni vape<\/strong> kombinira <strong data-start=\"1010\" data-end=\"1029\">ocjenu od 30K udisaja<\/strong> s <strong data-start=\"1037\" data-end=\"1064\">35 ml spremnikom e-teku\u0107ine<\/strong>, tako da redovni korisnici mijenjaju ure\u0111aje znatno rje\u0111e i dobivaju pouzdanu vi\u0161ednevnu upotrebu.<\/p>\n<p data-start=\"1150\" data-end=\"1371\"><strong data-start=\"1150\" data-end=\"1196\">Dvodimenzionalni okus odr\u017eava ure\u0111aj zanimljivim.<\/strong> Ovaj <strong data-start=\"1201\" data-end=\"1241\">Bang Box 30K dvostruki okus vape olovka<\/strong> omogu\u0107ava vam da se prebacujete izme\u0111u dva profila u bilo kojem trenutku, \u0161to je va\u017eno kada koristite jedan ure\u0111aj du\u017ee vrijeme umjesto samo vikenda.<\/p>\n<p data-start=\"1375\" data-end=\"1581\"><strong data-start=\"1375\" data-end=\"1412\">Stabilnost mre\u017easte grija\u010de koju mo\u017eete osjetiti.<\/strong> A <strong data-start=\"1415\" data-end=\"1449\">0.8\u03a9 mre\u017easta grija\u010da jednokratni vape<\/strong> postavka pru\u017ea ravnomjerno zagrijavanje, guste oblake i manje o\u0161tre kasne crpke iz rezervoara, odr\u017eavaju\u0107i okus dosljednim dublje u 35ml zalihe.<\/p>\n<p data-start=\"1585\" data-end=\"1798\"><strong data-start=\"1585\" data-end=\"1636\">Type-C punjenje sprje\u010dava rano odlaganje.<\/strong> Ovo <strong data-start=\"1641\" data-end=\"1683\">Bang Box 30000 punjivi jednokratni ure\u0111aj<\/strong> koristi <strong data-start=\"1692\" data-end=\"1734\">850mAh bateriju s brzim punjenjem Type-C<\/strong>, tako da kada snaga padne, nadopunjujete i nastavite \u2014 bez rasipanja teku\u0107ine.<\/p>\n<p data-start=\"1802\" data-end=\"1994\"><strong data-start=\"1802\" data-end=\"1834\">Prijenosno za svakodnevnu upotrebu.<\/strong> At <strong data-start=\"1838\" data-end=\"1846\">129g<\/strong>, onda je <strong data-start=\"1852\" data-end=\"1892\">Bang Box 30K jednokratni ure\u0111aj s niskom nikotinskom dozom<\/strong> ostaje udoban u ruci ili d\u017eepu, radi za putovanja, dane putovanja i duge smjene bez volumena.<\/p>\n<p>&nbsp;<\/p>\n<p><strong>Dodajte Amy na WhatsApp za brzi odgovor i kupon za vape!<\/strong><\/p>\n<p><img fetchpriority=\"high\" decoding=\"async\" class=\"size-full wp-image-2932\" src=\"https:\/\/vapestornado.com\/wp-content\/uploads\/2024\/12\/Vape-Wholesale.jpg\" alt=\"Veleprodaja vejpova\" width=\"229\" height=\"300\" \/><\/p>\n<h3><a href=\"https:\/\/wa.me\/8617776015835\" target=\"_blank\" rel=\"noopener\"><span style=\"color: #ff0000;\"><strong>WhatsApp: +86 17776015835<\/strong><\/span><\/a><\/h3>\n<p>&nbsp;<\/p>\n<h2 class=\"product-title\">Bang Box 30000 Dvostruki Okus Vape<strong> Zna\u010dajke proizvoda<\/strong><\/h2>\n<div role=\"article\" data-tabster=\"{&quot;groupper&quot;:{&quot;tabbability&quot;:2},&quot;focusable&quot;:{}}\" data-content=\"ai-message\" aria-labelledby=\"juhNTJ6o7Gk1cgwZMJgv2-author juhNTJ6o7Gk1cgwZMJgv2-content\">\n<div id=\"juhNTJ6o7Gk1cgwZMJgv2-content\">\n<div role=\"article\" data-tabster=\"{&quot;groupper&quot;:{&quot;tabbability&quot;:2},&quot;focusable&quot;:{}}\" data-content=\"ai-message\" aria-labelledby=\"x4EZuCZWrTbh3weWUt7CU-author x4EZuCZWrTbh3weWUt7CU-content\">\n<div id=\"x4EZuCZWrTbh3weWUt7CU-content\">\n<div class=\"flex max-w-full flex-col flex-grow\">\n<div class=\"min-h-8 text-message flex w-full flex-col items-end gap-2 whitespace-normal break-words text-start [.text-message+&amp;]:mt-5\" dir=\"auto\" data-message-author-role=\"assistant\" data-message-id=\"52c6e00a-252f-4104-805d-2f1a84739c71\" data-message-model-slug=\"gpt-4o\">\n<div class=\"flex w-full flex-col gap-1 empty:hidden first:pt-[3px]\">\n<div class=\"markdown prose w-full break-words dark:prose-invert light\">\n<table>\n<thead>\n<tr>\n<th>Zna\u010dajka<\/th>\n<th>Specifikacije<\/th>\n<th>Detalji<\/th>\n<\/tr>\n<\/thead>\n<tbody>\n<tr>\n<td>Naziv proizvoda<\/td>\n<td>Bang Box 30000 Udisaja Dvostruki okus<\/td>\n<td>Visoko-capacitetni punjivi jednokratni ure\u0111aj za vaporizator.<\/td>\n<\/tr>\n<tr>\n<td>Kapacitet Udisaja<\/td>\n<td>Do 30.000 udaha<\/td>\n<td>Produ\u017eeni vijek trajanja namijenjen redovitim korisnicima u Hrvatskoj.<\/td>\n<\/tr>\n<tr>\n<td>Volumen e-teku\u0107ine<\/td>\n<td>35ml unaprijed napunjeno<\/td>\n<td>Veliki spremnik podr\u017eava duge sesije bez dopunjavanja.<\/td>\n<\/tr>\n<tr>\n<td>Vrsta zavojnice<\/td>\n<td>0,8\u03a9 mre\u017easta zavojnica<\/td>\n<td>Jednoliko zagrijavanje za glatki dim, bogat okus i stabilan rad.<\/td>\n<\/tr>\n<tr>\n<td>Sustav okusa<\/td>\n<td>Prekida\u010d za dvostruki okus<\/td>\n<td>Dva profila okusa u jednom ure\u0111aju; zamijenite bilo kada.<\/td>\n<\/tr>\n<tr>\n<td>Baterija<\/td>\n<td>850mAh punjiva<\/td>\n<td>Punite da zavr\u0161ite svu teku\u0107inu umjesto da je ranije bacate.<\/td>\n<\/tr>\n<tr>\n<td>Punjenje<\/td>\n<td>brzo punjenje Type-C<\/td>\n<td>Brza dopunjavanja s modernim EU-standardnim kabelima.<\/td>\n<\/tr>\n<tr>\n<td>Nivoi nikotina<\/td>\n<td>0% \/ 2% \/ 5% solni nikotin<\/td>\n<td>Bez nikotina, opcije niske i jake doze za razli\u010dite navike.<\/td>\n<\/tr>\n<tr>\n<td>Te\u017eina<\/td>\n<td>129g<\/td>\n<td>Lagano za ure\u0111aj klase 30K; jednostavno za svakodnevno no\u0161enje.<\/td>\n<\/tr>\n<tr>\n<td>Pozicioniranje<\/td>\n<td>Najprodavanije na veleprodaji i maloprodaji<\/td>\n<td>Velika potra\u017enja u veleprodajnim kanalima u Hrvatskoj zbog kapaciteta i dvostrukog okusa.<\/td>\n<\/tr>\n<\/tbody>\n<\/table>\n<\/div>\n<\/div>\n<\/div>\n<\/div>\n<div class=\"mb-2 flex gap-3 empty:hidden -ml-2\"><\/div>\n<\/div>\n<\/div>\n<\/div>\n<\/div>\n<h2 class=\"product-title\"><strong>Popularni okusi za Bang Box 30000 Puffs jednokratne vapeove<\/strong><\/h2>\n<p>1. Jagoda kivi\/Lubenica led <strong><span style=\"color: #ff0000;\">&gt;&gt;&gt;&gt; Vru\u0107e!<\/span><\/strong><br \/>\n2. Jagoda kivi\/Jagoda Lubenica<br \/>\n3. Sok od breskve\/Borovnica led<br \/>\n4. Borovnica led\/Kivi Marakuja Guava<br \/>\n5. Borovnica kisela malina led\/Mije\u0161ano vo\u0107e <strong><span style=\"color: #ff0000;\">&gt;&gt;&gt;&gt; Najbolje!<\/span><\/strong><br \/>\n6. Trostruko bobi\u010dasto vo\u0107e\/Jagoda Mango<br \/>\n7. \u017dvaka\u0107a guma od lubenice\/Jagoda Lubenica<br \/>\n8. Borovnica led\/Lubenica led<br \/>\n9. Jagoda Lubenica\/Kivi Marakuja Guava<br \/>\n10. Crni zmaj led\/Mango Breskva Lubenica<br \/>\n11. Plavi Razz led\/Duplo gro\u017e\u0111e <strong><span style=\"color: #ff0000;\">&gt;&gt;&gt;&gt; Vru\u0107e!<\/span><\/strong><br \/>\n12. Plavi Razz led\/Jagoda Mango<\/p>\n<div class=\"flex-shrink-0 flex flex-col relative items-end\">\n<div class=\"pt-0\">\n<div class=\"gizmo-bot-avatar flex h-8 w-8 items-center justify-center overflow-hidden rounded-full\">\n<figure id=\"attachment_3358\" aria-describedby=\"caption-attachment-3358\" style=\"width: 1241px\" class=\"wp-caption alignnone\"><img decoding=\"async\" class=\"wp-image-3358 size-full\" src=\"https:\/\/vapestornado.com\/wp-content\/uploads\/2024\/12\/Bang-Box-30k-Puffs-Factory-Price.jpg\" alt=\"Bang Box 30k Puffs tvorni\u010dka cijena\" width=\"1241\" height=\"2038\" srcset=\"https:\/\/vapestornado.com\/wp-content\/uploads\/2024\/12\/Bang-Box-30k-Puffs-Factory-Price.jpg 1241w, https:\/\/vapestornado.com\/wp-content\/uploads\/2024\/12\/Bang-Box-30k-Puffs-Factory-Price-183x300.jpg 183w, https:\/\/vapestornado.com\/wp-content\/uploads\/2024\/12\/Bang-Box-30k-Puffs-Factory-Price-624x1024.jpg 624w, https:\/\/vapestornado.com\/wp-content\/uploads\/2024\/12\/Bang-Box-30k-Puffs-Factory-Price-768x1261.jpg 768w, https:\/\/vapestornado.com\/wp-content\/uploads\/2024\/12\/Bang-Box-30k-Puffs-Factory-Price-935x1536.jpg 935w, https:\/\/vapestornado.com\/wp-content\/uploads\/2024\/12\/Bang-Box-30k-Puffs-Factory-Price-600x985.jpg 600w\" sizes=\"(max-width: 1241px) 100vw, 1241px\" \/><figcaption id=\"caption-attachment-3358\" class=\"wp-caption-text\">Bang Box 30k Puffs tvorni\u010dka cijena<\/figcaption><\/figure>\n<div class=\"relative p-1 rounded-sm flex items-center justify-center bg-token-main-surface-primary text-token-text-primary h-8 w-8\">\n<h3>\u010cesto postavljana pitanja za Bang Box 30000 Puffs jednokratni Vape<\/h3>\n<ol data-start=\"3057\" data-end=\"4297\">\n<li data-start=\"3057\" data-end=\"3310\">\n<p data-start=\"3060\" data-end=\"3310\"><strong data-start=\"3060\" data-end=\"3166\">Kako Bang Box 30000 Udisaja jednokratni ure\u0111aj s dvostrukim okusom odr\u017eava dugotrajnu konzistentnost okusa?<\/strong><br data-start=\"3166\" data-end=\"3169\" \/>Sustav dvostrukog okusa pru\u017ea raznolikost tijekom tjedana kori\u0161tenja, i <strong data-start=\"3234\" data-end=\"3252\">0,8\u03a9 mre\u017easta zavojnica<\/strong> poma\u017ee odr\u017eati svaki okus stabilnim umjesto da brzo izblijedi.<\/p>\n<\/li>\n<li data-start=\"3312\" data-end=\"3578\">\n<p data-start=\"3315\" data-end=\"3578\"><strong data-start=\"3315\" data-end=\"3418\">Da li Bang Box 30K punjiva jednokratna e-cigareta zaista traje blizu 30.000 udisaja u stvarnoj upotrebi?<\/strong><br data-start=\"3418\" data-end=\"3421\" \/>Ovo <strong data-start=\"3425\" data-end=\"3438\">Tankanica od 35ml<\/strong> podr\u017eava visok broj udisaja. Stvarni rezultati ovise o duljini udisaja i stilu protoka zraka, ali kapacitet teku\u0107ine je dimenzioniran da odgovara ocjeni.<\/p>\n<\/li>\n<li data-start=\"3580\" data-end=\"3817\">\n<p data-start=\"3583\" data-end=\"3817\"><strong data-start=\"3583\" data-end=\"3670\">Koja je prednost mesh grija\u010da od 0.8\u03a9 u Bang Box 30000 jednokratnoj e-cigareti?<\/strong><br data-start=\"3670\" data-end=\"3673\" \/>Mesh grija\u010di ni\u017eeg otpora ravnomjerno se griju i proizvode <strong data-start=\"3725\" data-end=\"3768\">gu\u0161\u0107i oblak pare s glatkim osje\u0107ajem u grlu<\/strong>, osobito u ure\u0111ajima s velikim kapacitetom.<\/p>\n<\/li>\n<li data-start=\"3819\" data-end=\"4055\">\n<p data-start=\"3822\" data-end=\"4055\"><strong data-start=\"3822\" data-end=\"3912\">Ho\u0107e li Bang Box 30000 punjiva jednokratna e-cigareta s Type-C zavr\u0161iti cijeli tank od 35ml?<\/strong><br data-start=\"3912\" data-end=\"3915\" \/>Da \u2014 <strong data-start=\"3925\" data-end=\"3956\">850mAh punjiva baterija<\/strong> postoji tako da mo\u017eete nadopuniti snagu i iskoristiti svu teku\u0107inu, izbjegavaju\u0107i problem 'baterija se ispraznila prvi'.<\/p>\n<\/li>\n<li data-start=\"4057\" data-end=\"4297\">\n<p data-start=\"4060\" data-end=\"4297\"><strong data-start=\"4060\" data-end=\"4158\">Koja razina nikotina odgovara razli\u010ditim korisnicima na Bang Box 30000 niskonikotinskoj jednokratnoj e-cigareti?<\/strong><br data-start=\"4158\" data-end=\"4161\" \/><strong data-start=\"4161\" data-end=\"4167\">0%<\/strong> radi samo za okus, <strong data-start=\"4196\" data-end=\"4202\">2%<\/strong> prikladno za lagane do umjerene dnevne rutine, i <strong data-start=\"4246\" data-end=\"4252\">5%<\/strong> odgovara te\u017eim korisnicima koji \u017eele ja\u010di udarac.<\/p>\n<\/li>\n<\/ol>\n<\/div>\n<\/div>\n<\/div>\n<\/div>\n<div class=\"flex-shrink-0 flex flex-col relative items-end\">\n<div class=\"pt-0\">\n<div class=\"gizmo-bot-avatar flex h-8 w-8 items-center justify-center overflow-hidden rounded-full\">\n<div class=\"relative p-1 rounded-sm flex items-center justify-center bg-token-main-surface-primary text-token-text-primary h-8 w-8\">\n<div class=\"mb-2 flex gap-3 empty:hidden -ml-2\">\n<div role=\"article\" data-tabster=\"{&quot;groupper&quot;:{&quot;tabbability&quot;:2},&quot;focusable&quot;:{}}\" data-content=\"ai-message\" aria-labelledby=\"Vdt5ez4X7Tg813x6rFVha-author Vdt5ez4X7Tg813x6rFVha-content\">\n<div id=\"Vdt5ez4X7Tg813x6rFVha-content\">\n<div role=\"article\" data-tabster=\"{&quot;groupper&quot;:{&quot;tabbability&quot;:2},&quot;focusable&quot;:{}}\" data-content=\"ai-message\" aria-labelledby=\"o968oC7CEo2fGHsGdsRYC-author o968oC7CEo2fGHsGdsRYC-content\">\n<div id=\"o968oC7CEo2fGHsGdsRYC-content\">\n<h3>Za\u0161to odabrati vapestornado za veleprodaju Bang Box 30000 Puffs Vape?<\/h3>\n<div class=\"flex-shrink-0 flex flex-col relative items-end\">\n<div class=\"pt-0\">\n<div class=\"gizmo-bot-avatar flex h-8 w-8 items-center justify-center overflow-hidden rounded-full\">\n<div class=\"relative p-1 rounded-sm flex items-center justify-center bg-token-main-surface-primary text-token-text-primary h-8 w-8\">\n<p>Dobrodo\u0161li u vapestornado, va\u0161u pouzdanu online vape trgovinu za vrhunske jednokratne vape ure\u0111aje. S vi\u0161e od 5 godina stru\u010dnosti, donosimo vam popularne marke jednokratnih vape ure\u0111aja kao \u0161to su Fumot RandM Vape, <a href=\"https:\/\/vapestornado.com\/hr\/product\/vapme-crystal-7000-puffs-rechargeable-disposable-vape-wholesale-cheap-price\/\">Vapme<\/a>, Bang Vape, Waspe Vape i WGA Vape, itd.<\/p>\n<p>Na\u0161 asortiman uklju\u010duje vru\u0107e vapeove poput <a href=\"https:\/\/vapestornado.com\/hr\/product\/fumot-randm-tornado-15000-puffs-rechargeable-disposable-vape-wholesale\/\">RandM Tornado 15000<\/a>, i izbor bogat okusom poput <a href=\"https:\/\/vapestornado.com\/hr\/product\/vapsolo-dg-18000-puffs-smart-screen-wholesale-disposable-cheap-vapes\/\">\u00a0Vapsolo DG18000 Udisaja<\/a> . Svaki proizvod odabran je s fokusom na kvalitetu, vrijednost i raznolikost, osiguravaju\u0107i da prona\u0111ete savr\u0161eno podudaranje za svoje potrebe. Otkrijte iznimnu uslugu i \u0161irok spektar vrhunskih proizvoda po veleprodajnoj cijeni na vapestornado.<\/p>\n<\/div>\n<\/div>\n<\/div>\n<\/div>\n<p>&nbsp;<\/p>\n<\/div>\n<\/div>\n<\/div>\n<\/div>\n<\/div>\n<\/div>\n<\/div>\n<\/div>\n<\/div>","protected":false},"excerpt":{"rendered":"<p>Bang Box 30000 Udisaja dvostruki okus jednokratni vape olovka s 35ml unaprijed napunjenog e-tekila, 0.8\u03a9 mre\u017easta grija\u010da, 850mAh Type-C punjiva baterija, i opcijama nikotina 0%\/2%\/5%. Lagani dizajn od 129g i dvostruko prebacivanje okusa za dugotrajno, stabilno i visokovrijedno pu\u0161enje.<\/p>\n<p><strong>Dodajte Amy na WhatsApp za brzi odgovor i kupon za vape!<\/strong><\/p>\n<p><img fetchpriority=\"high\" decoding=\"async\" class=\"size-full wp-image-2932\" src=\"https:\/\/vapestornado.com\/wp-content\/uploads\/2024\/12\/Vape-Wholesale.jpg\" alt=\"Veleprodaja vejpova\" width=\"229\" height=\"300\" \/><\/p>\n<h3><a href=\"https:\/\/wa.me\/8617776015835\"><span style=\"color: #ff0000;\"><strong>WhatsApp: +86 17776015835<\/strong><\/span><\/a><\/h3>\n<p>&nbsp;<\/p>","protected":false},"featured_media":3362,"comment_status":"open","ping_status":"closed","template":"","meta":{"_acf_changed":false,"_uag_custom_page_level_css":"","_lmt_disableupdate":"no","_lmt_disable":"","_monsterinsights_skip_tracking":false,"_monsterinsights_sitenote_active":false,"_monsterinsights_sitenote_note":"","_monsterinsights_sitenote_category":0,"site-sidebar-layout":"default","site-content-layout":"","ast-site-content-layout":"default","site-content-style":"default","site-sidebar-style":"default","ast-global-header-display":"","ast-banner-title-visibility":"","ast-main-header-display":"","ast-hfb-above-header-display":"","ast-hfb-below-header-display":"","ast-hfb-mobile-header-display":"","site-post-title":"","ast-breadcrumbs-content":"","ast-featured-img":"","footer-sml-layout":"","ast-disable-related-posts":"","theme-transparent-header-meta":"default","adv-header-id-meta":"","stick-header-meta":"","header-above-stick-meta":"","header-main-stick-meta":"","header-below-stick-meta":"","astra-migrate-meta-layouts":"set","ast-page-background-enabled":"default","ast-page-background-meta":{"desktop":{"background-color":"","background-image":"","background-repeat":"repeat","background-position":"center center","background-size":"auto","background-attachment":"scroll","background-type":"","background-media":"","overlay-type":"","overlay-color":"","overlay-opacity":"","overlay-gradient":""},"tablet":{"background-color":"","background-image":"","background-repeat":"repeat","background-position":"center center","background-size":"auto","background-attachment":"scroll","background-type":"","background-media":"","overlay-type":"","overlay-color":"","overlay-opacity":"","overlay-gradient":""},"mobile":{"background-color":"","background-image":"","background-repeat":"repeat","background-position":"center center","background-size":"auto","background-attachment":"scroll","background-type":"","background-media":"","overlay-type":"","overlay-color":"","overlay-opacity":"","overlay-gradient":""}},"ast-content-background-meta":{"desktop":{"background-color":"var(--ast-global-color-5)","background-image":"","background-repeat":"repeat","background-position":"center center","background-size":"auto","background-attachment":"scroll","background-type":"","background-media":"","overlay-type":"","overlay-color":"","overlay-opacity":"","overlay-gradient":""},"tablet":{"background-color":"var(--ast-global-color-5)","background-image":"","background-repeat":"repeat","background-position":"center center","background-size":"auto","background-attachment":"scroll","background-type":"","background-media":"","overlay-type":"","overlay-color":"","overlay-opacity":"","overlay-gradient":""},"mobile":{"background-color":"var(--ast-global-color-5)","background-image":"","background-repeat":"repeat","background-position":"center center","background-size":"auto","background-attachment":"scroll","background-type":"","background-media":"","overlay-type":"","overlay-color":"","overlay-opacity":"","overlay-gradient":""}},"_joinchat":{"telephone":"+8617776015835"}},"product_brand":[],"product_cat":[67,64,154,157,143,357,144],"product_tag":[484,197,196,165,198,199,97,166,94],"class_list":{"0":"post-3365","1":"product","2":"type-product","3":"status-publish","4":"has-post-thumbnail","6":"product_cat-30000-puff","7":"product_cat-bangbox-vape","8":"product_cat-buy-disposable-vapes-in-netherlands","9":"product_cat-buy-disposable-vapes-in-portugal","10":"product_cat-dual-mesh-disposable-vapes","11":"product_cat-flavor-adjustable-vape","12":"product_cat-low-nicotine-disposable-vapes","13":"product_tag-2-in-1-disposable-vape","14":"product_tag-bang-30000","15":"product_tag-bang-vape","16":"product_tag-cheap-vapes","17":"product_tag-double-flavor-disposable-vape","18":"product_tag-dual-flavour-disposable-vape","19":"product_tag-hot-sale-disposable-vape","20":"product_tag-low-nicotine-vape","21":"product_tag-rechargeable-disposable-vape","22":"desktop-align-left","23":"tablet-align-left","24":"mobile-align-left","26":"first","27":"instock","28":"sale","29":"shipping-taxable","30":"purchasable","31":"product-type-simple"},"acf":[],"uagb_featured_image_src":{"full":["https:\/\/vapestornado.com\/wp-content\/uploads\/2024\/12\/Bang-Box-Dispsoable-Vape-30000-Puffs-Wholesale.jpg",1126,1126,false],"thumbnail":["https:\/\/vapestornado.com\/wp-content\/uploads\/2024\/12\/Bang-Box-Dispsoable-Vape-30000-Puffs-Wholesale-150x150.jpg",150,150,true],"medium":["https:\/\/vapestornado.com\/wp-content\/uploads\/2024\/12\/Bang-Box-Dispsoable-Vape-30000-Puffs-Wholesale-300x300.jpg",300,300,true],"medium_large":["https:\/\/vapestornado.com\/wp-content\/uploads\/2024\/12\/Bang-Box-Dispsoable-Vape-30000-Puffs-Wholesale-768x768.jpg",768,768,true],"large":["https:\/\/vapestornado.com\/wp-content\/uploads\/2024\/12\/Bang-Box-Dispsoable-Vape-30000-Puffs-Wholesale-1024x1024.jpg",1024,1024,true],"1536x1536":["https:\/\/vapestornado.com\/wp-content\/uploads\/2024\/12\/Bang-Box-Dispsoable-Vape-30000-Puffs-Wholesale.jpg",1126,1126,false],"2048x2048":["https:\/\/vapestornado.com\/wp-content\/uploads\/2024\/12\/Bang-Box-Dispsoable-Vape-30000-Puffs-Wholesale.jpg",1126,1126,false],"trp-custom-language-flag":["https:\/\/vapestornado.com\/wp-content\/uploads\/2024\/12\/Bang-Box-Dispsoable-Vape-30000-Puffs-Wholesale.jpg",12,12,false],"woocommerce_thumbnail":["https:\/\/vapestornado.com\/wp-content\/uploads\/2024\/12\/Bang-Box-Dispsoable-Vape-30000-Puffs-Wholesale-300x300.jpg",300,300,true],"woocommerce_single":["https:\/\/vapestornado.com\/wp-content\/uploads\/2024\/12\/Bang-Box-Dispsoable-Vape-30000-Puffs-Wholesale-600x600.jpg",600,600,true],"woocommerce_gallery_thumbnail":["https:\/\/vapestornado.com\/wp-content\/uploads\/2024\/12\/Bang-Box-Dispsoable-Vape-30000-Puffs-Wholesale-100x100.jpg",100,100,true]},"uagb_author_info":{"display_name":"ESAMY","author_link":"https:\/\/vapestornado.com\/hr\/author\/"},"uagb_comment_info":1,"uagb_excerpt":"Bang Box 30000 Puffs double flavour disposable vape pen with 35ml pre-filled e-liquid, 0.8\u03a9 mesh coil, 850mAh Type-C rechargeable battery, and 0%\/2%\/5% nicotine options. Lightweight 129g design and dual-flavour switching for long, stable, high-value vaping. Add Amy's whatsapp get right reply and vape coupon! WhatsApp: +86 17776015835 &nbsp;","_links":{"self":[{"href":"https:\/\/vapestornado.com\/hr\/wp-json\/wp\/v2\/product\/3365","targetHints":{"allow":["GET"]}}],"collection":[{"href":"https:\/\/vapestornado.com\/hr\/wp-json\/wp\/v2\/product"}],"about":[{"href":"https:\/\/vapestornado.com\/hr\/wp-json\/wp\/v2\/types\/product"}],"replies":[{"embeddable":true,"href":"https:\/\/vapestornado.com\/hr\/wp-json\/wp\/v2\/comments?post=3365"}],"wp:featuredmedia":[{"embeddable":true,"href":"https:\/\/vapestornado.com\/hr\/wp-json\/wp\/v2\/media\/3362"}],"wp:attachment":[{"href":"https:\/\/vapestornado.com\/hr\/wp-json\/wp\/v2\/media?parent=3365"}],"wp:term":[{"taxonomy":"product_brand","embeddable":true,"href":"https:\/\/vapestornado.com\/hr\/wp-json\/wp\/v2\/product_brand?post=3365"},{"taxonomy":"product_cat","embeddable":true,"href":"https:\/\/vapestornado.com\/hr\/wp-json\/wp\/v2\/product_cat?post=3365"},{"taxonomy":"product_tag","embeddable":true,"href":"https:\/\/vapestornado.com\/hr\/wp-json\/wp\/v2\/product_tag?post=3365"}],"curies":[{"name":"wp","href":"https:\/\/api.w.org\/{rel}","templated":true}]}}