{"id":3338,"date":"2024-12-23T09:49:23","date_gmt":"2024-12-23T09:49:23","guid":{"rendered":"https:\/\/vapestornado.com\/?post_type=product&#038;p=3338"},"modified":"2025-12-08T09:54:00","modified_gmt":"2025-12-08T09:54:00","slug":"bood-twins-46000-puff-double-flavour-low-nicotine-disposable-vape-wholesale-bulk-buy-price","status":"publish","type":"product","link":"https:\/\/vapestornado.com\/hr\/product\/bood-twins-46000-puff-double-flavour-low-nicotine-disposable-vape-wholesale-bulk-buy-price\/","title":{"rendered":"Bood Twins 46000 Puf Double Flavour Niska razina nikotina Jednokratno Vaping na veliko kupi cijena"},"content":{"rendered":"<h2 class=\"product-title\">Bood Twins 46000 Puff dvostruki okus jednokratni vape s ulo\u0161kom, prebacivanje dvostrukog okusa i pametni LED zaslon<\/h2>\n<p data-start=\"1069\" data-end=\"1289\">Ovo <strong data-start=\"113\" data-end=\"138\">Bood Twins 46000 Dimnih oblaka<\/strong> je visokokapacitetni jednokratni vape s ulo\u0161kom napravljen za korisnike koji \u017eele dva okusa u jednom ure\u0111aju i vijek trajanja koji se ne istro\u0161i nakon nekoliko dana. On pru\u017ea <strong data-start=\"286\" data-end=\"308\">do 46.000 udisaja<\/strong>, radi na <strong data-start=\"320\" data-end=\"344\">30ml unaprijed napunjenim spremnikom<\/strong>, i dodaje <strong data-start=\"357\" data-end=\"380\">prebacivanje dvostrukog okusa<\/strong> tako da mo\u017eete promijeniti okus bez promjene ure\u0111aja. Jedan <strong data-start=\"433\" data-end=\"485\">650mAh punjiva baterija s Type-C punjenjem<\/strong> ga dr\u017ei \u017eivim dok se teku\u0107ina ne potro\u0161i, dok <strong data-start=\"541\" data-end=\"561\">Pametni LED zaslon<\/strong> prikazuje broj udisaja, razinu baterije i status teku\u0107ine u stvarnom vremenu.<\/p>\n<h3 data-start=\"862\" data-end=\"937\">Za\u0161to je kupnja ovog Bood Twins 46000 udisaja smislen?<\/h3>\n<ul data-start=\"939\" data-end=\"1937\">\n<li data-start=\"939\" data-end=\"1160\">\n<p data-start=\"941\" data-end=\"1160\"><strong data-start=\"941\" data-end=\"978\">Kapacitet potvr\u0111en pravim hardverom.<\/strong> Ocjena od 46K nije samo broj na kutiji \u2014 podr\u017eava je <strong data-start=\"1045\" data-end=\"1065\">30 ml e-teku\u0107ine<\/strong> i punjiva baterija, tako da ure\u0111aj mo\u017ee realno trajati dugo bez ranog isu\u0161ivanja.<\/p>\n<\/li>\n<li data-start=\"1162\" data-end=\"1385\">\n<p data-start=\"1164\" data-end=\"1385\"><strong data-start=\"1164\" data-end=\"1200\">Dva okusa bez dodatne te\u017eine.<\/strong> Ovo <strong data-start=\"1205\" data-end=\"1230\">sustav dvostrukog okusa<\/strong> je prakti\u010dan za svakodnevnu uporabu: prebacujte izme\u0111u profila kada se va\u0161 ukus promijeni, umjesto no\u0161enja dva jednokratna ili zaglavljenja s jednim okusom tjednima.<\/p>\n<\/li>\n<li data-start=\"1387\" data-end=\"1562\">\n<p data-start=\"1389\" data-end=\"1562\"><strong data-start=\"1389\" data-end=\"1450\">Puni se punjivom snagom koja uklanja uobi\u010dajenu slabost jednokratnih ure\u0111aja.<\/strong> S <strong data-start=\"1456\" data-end=\"1489\">650mAh + brzo punjenje Type-C<\/strong>, baterija ne\u0107e biti razlog za\u0161to prestajete koristiti ga. Nadopunite i nastavite.<\/p>\n<\/li>\n<li data-start=\"1564\" data-end=\"1753\">\n<p data-start=\"1566\" data-end=\"1753\"><strong data-start=\"1566\" data-end=\"1593\">Jasne informacije na prvi pogled.<\/strong> Ovo <strong data-start=\"1598\" data-end=\"1618\">Pametni LED zaslon<\/strong> pru\u017ea podatke o broju udisaja u stvarnom vremenu, stanju baterije i teku\u0107ine. To zna\u010di manje iznena\u0111enja i bolju kontrolu nad punjenjem ili zamjenom.<\/p>\n<\/li>\n<li data-start=\"1755\" data-end=\"1937\">\n<p data-start=\"1757\" data-end=\"1937\"><strong data-start=\"1757\" data-end=\"1806\">Opcije nikotina ostaju jednostavne i prikladne za EU.<\/strong> <strong data-start=\"1807\" data-end=\"1825\">0%, 2% i 5%<\/strong> pokazuje kori\u0161tenje bez nikotina, lak\u0161e dnevne navike i ja\u010de udare \u2014 bez prisiljavanja na istu ja\u010dinu za svakog korisnika.<\/p>\n<\/li>\n<\/ul>\n<p><strong>Dodajte Amy na WhatsApp za brzi odgovor i kupon za vape!<\/strong><\/p>\n<p><img fetchpriority=\"high\" decoding=\"async\" class=\"size-full wp-image-2932\" src=\"https:\/\/vapestornado.com\/wp-content\/uploads\/2024\/12\/Vape-Wholesale.jpg\" alt=\"Veleprodaja vejpova\" width=\"229\" height=\"300\" \/><\/p>\n<h3><a href=\"https:\/\/wa.me\/8617776015835\" target=\"_blank\" rel=\"noopener\"><span style=\"color: #ff0000;\"><strong>WhatsApp: +86 17776015835<\/strong><\/span><\/a><\/h3>\n<p>&nbsp;<\/p>\n<h2><span style=\"font-size: 1.5em; font-weight: bold;\">Bood Twins 46000 Klju\u010dne zna\u010dajke proizvoda\u00a0<\/span><\/h2>\n<div role=\"article\" data-tabster=\"{&quot;groupper&quot;:{&quot;tabbability&quot;:2},&quot;focusable&quot;:{}}\" data-content=\"ai-message\" aria-labelledby=\"juhNTJ6o7Gk1cgwZMJgv2-author juhNTJ6o7Gk1cgwZMJgv2-content\">\n<div id=\"juhNTJ6o7Gk1cgwZMJgv2-content\">\n<div role=\"article\" data-tabster=\"{&quot;groupper&quot;:{&quot;tabbability&quot;:2},&quot;focusable&quot;:{}}\" data-content=\"ai-message\" aria-labelledby=\"x4EZuCZWrTbh3weWUt7CU-author x4EZuCZWrTbh3weWUt7CU-content\">\n<div id=\"x4EZuCZWrTbh3weWUt7CU-content\">\n<table>\n<thead>\n<tr>\n<th>Zna\u010dajka<\/th>\n<th>Specifikacije<\/th>\n<th>Detalji<\/th>\n<\/tr>\n<\/thead>\n<tbody>\n<tr>\n<td>Kapacitet Udisaja<\/td>\n<td>Do 46.000 udisaja<\/td>\n<td>Dispozitiv za jednokratnu upotrebu s dugim vijekom trajanja namijenjen produ\u017eenoj dnevnoj uporabi.<\/td>\n<\/tr>\n<tr>\n<td>Sustav okusa<\/td>\n<td>Dvostruki okus (preklopnik dvostrukog okusa)<\/td>\n<td>Dva profila okusa u jednom ure\u0111aju; mijenjajte bilo kada.<\/td>\n<\/tr>\n<tr>\n<td>Volumen e-teku\u0107ine<\/td>\n<td>30ml unaprijed napunjeno<\/td>\n<td>Veliki spremnik podr\u017eava duge sesije i stabilan izlaz.<\/td>\n<\/tr>\n<tr>\n<td>Baterija<\/td>\n<td>650mAh punjiva baterija<\/td>\n<td>Punite da biste iskoristili puni kapacitet teku\u0107ine umjesto da ga prerano bacate.<\/td>\n<\/tr>\n<tr>\n<td>Punjenje<\/td>\n<td>brzo punjenje Type-C<\/td>\n<td>Brzi nadopuni s uobi\u010dajenim EU kabelima.<\/td>\n<\/tr>\n<tr>\n<td>Zaslon<\/td>\n<td>Pametni LED zaslon<\/td>\n<td>Prikazuje broj udisaja, razinu baterije i status teku\u0107ine u stvarnom vremenu.<\/td>\n<\/tr>\n<tr>\n<td>Nivoi nikotina<\/td>\n<td>0% \/ 2% \/ 5% solni nikotin<\/td>\n<td>Prilago\u0111eno za korisnike bez nikotina, lak\u0161e navike i te\u017ee korisnike.<\/td>\n<\/tr>\n<tr>\n<td>Svrha kori\u0161tenja<\/td>\n<td>Jednokratni, visok kapacitet<\/td>\n<td>Jednostavna uporaba s dugim radnim vremenom.<\/td>\n<\/tr>\n<\/tbody>\n<\/table>\n<\/div>\n<\/div>\n<\/div>\n<\/div>\n<h2 class=\"product-title\"><strong>Popularni okus za Bood Twins 46000 udisaja<\/strong><\/h2>\n<p>1. Lubenica <strong><span style=\"color: #ff0000;\">&gt;&gt;&gt;&gt;&gt; Vru\u0107e !<\/span><\/strong><br \/>\n2. Jabuka<br \/>\n3. Limeta<br \/>\n4. Zelena jabuka<br \/>\n5. Kisela malina s borovnicom <strong><span style=\"color: #ff0000;\">&gt;&gt;&gt;&gt; Najbolje !<\/span><\/strong><br \/>\n6. Ribizla Malina<br \/>\n7. Breskva Mango<br \/>\n8. Gro\u017e\u0111e <strong><span style=\"color: #ff0000;\">&gt;&gt;&gt;&gt;&gt; Vru\u0107e !<\/span><\/strong><br \/>\n9. Ru\u017ei\u010dasta limunada<br \/>\n10. Zeleno gro\u017e\u0111e<\/p>\n<h2>Za\u0161to odabrati vapestornado za veleprodaju Bood Twins 46000 Puffs Vape?<\/h2>\n<div class=\"flex-shrink-0 flex flex-col relative items-end\">\n<div class=\"pt-0\">\n<div class=\"gizmo-bot-avatar flex h-8 w-8 items-center justify-center overflow-hidden rounded-full\">\n<div class=\"relative p-1 rounded-sm flex items-center justify-center bg-token-main-surface-primary text-token-text-primary h-8 w-8\">\n<p>Dobrodo\u0161li u vapestornado, va\u0161u pouzdanu online vape trgovinu za vrhunske jednokratne vape ure\u0111aje. S vi\u0161e od 5 godina stru\u010dnosti, donosimo vam popularne marke jednokratnih vape ure\u0111aja kao \u0161to su Fumot RandM Vape, <a href=\"https:\/\/vapestornado.com\/hr\/product\/vapme-crystal-7000-puffs-rechargeable-disposable-vape-wholesale-cheap-price\/\">Vapme<\/a>, Bang Vape, Waspe Vape i WGA Vape, itd.<\/p>\n<p>Na\u0161 asortiman uklju\u010duje vru\u0107e vapeove poput <a href=\"https:\/\/vapestornado.com\/hr\/product\/fumot-randm-tornado-15000-puffs-rechargeable-disposable-vape-wholesale\/\">RandM Tornado 15000<\/a>, i izbor bogat okusom poput <a href=\"https:\/\/vapestornado.com\/hr\/product\/vapsolo-dg-18000-puffs-smart-screen-wholesale-disposable-cheap-vapes\/\">\u00a0Vapsolo DG18000 Udisaja<\/a> . Svaki proizvod odabran je s fokusom na kvalitetu, vrijednost i raznolikost, osiguravaju\u0107i da prona\u0111ete savr\u0161eno podudaranje za svoje potrebe. Otkrijte iznimnu uslugu i \u0161irok spektar vrhunskih proizvoda po veleprodajnoj cijeni na vapestornado.<\/p>\n<\/div>\n<figure id=\"attachment_3305\" aria-describedby=\"caption-attachment-3305\" style=\"width: 1126px\" class=\"wp-caption alignnone\"><img decoding=\"async\" class=\"wp-image-3305 size-full\" src=\"https:\/\/vapestornado.com\/wp-content\/uploads\/2024\/12\/Best-Bood-Twins-46000-Puff-Disposable-Vape.jpg\" alt=\"Najbolji Bood Twins 46000 Puff jednokratni vape\" width=\"1126\" height=\"1126\" srcset=\"https:\/\/vapestornado.com\/wp-content\/uploads\/2024\/12\/Best-Bood-Twins-46000-Puff-Disposable-Vape.jpg 1126w, https:\/\/vapestornado.com\/wp-content\/uploads\/2024\/12\/Best-Bood-Twins-46000-Puff-Disposable-Vape-300x300.jpg 300w, https:\/\/vapestornado.com\/wp-content\/uploads\/2024\/12\/Best-Bood-Twins-46000-Puff-Disposable-Vape-1024x1024.jpg 1024w, https:\/\/vapestornado.com\/wp-content\/uploads\/2024\/12\/Best-Bood-Twins-46000-Puff-Disposable-Vape-150x150.jpg 150w, https:\/\/vapestornado.com\/wp-content\/uploads\/2024\/12\/Best-Bood-Twins-46000-Puff-Disposable-Vape-768x768.jpg 768w, https:\/\/vapestornado.com\/wp-content\/uploads\/2024\/12\/Best-Bood-Twins-46000-Puff-Disposable-Vape-600x600.jpg 600w, https:\/\/vapestornado.com\/wp-content\/uploads\/2024\/12\/Best-Bood-Twins-46000-Puff-Disposable-Vape-100x100.jpg 100w\" sizes=\"(max-width: 1126px) 100vw, 1126px\" \/><figcaption id=\"caption-attachment-3305\" class=\"wp-caption-text\">Najbolji Bood Twins 46000 Puff jednokratni vape<\/figcaption><\/figure>\n<div class=\"relative p-1 rounded-sm flex items-center justify-center bg-token-main-surface-primary text-token-text-primary h-8 w-8\">\n<h2>\u010cesto postavljana pitanja za Bood Twins 46k jednokratni vape<\/h2>\n<\/div>\n<\/div>\n<\/div>\n<\/div>\n<div class=\"flex-shrink-0 flex flex-col relative items-end\">\n<div class=\"pt-0\">\n<div class=\"gizmo-bot-avatar flex h-8 w-8 items-center justify-center overflow-hidden rounded-full\">\n<div class=\"relative p-1 rounded-sm flex items-center justify-center bg-token-main-surface-primary text-token-text-primary h-8 w-8\">\n<div class=\"mb-2 flex gap-3 empty:hidden -ml-2\">\n<div role=\"article\" data-tabster=\"{&quot;groupper&quot;:{&quot;tabbability&quot;:2},&quot;focusable&quot;:{}}\" data-content=\"ai-message\" aria-labelledby=\"Vdt5ez4X7Tg813x6rFVha-author Vdt5ez4X7Tg813x6rFVha-content\">\n<div id=\"Vdt5ez4X7Tg813x6rFVha-content\">\n<div role=\"article\" data-tabster=\"{&quot;groupper&quot;:{&quot;tabbability&quot;:2},&quot;focusable&quot;:{}}\" data-content=\"ai-message\" aria-labelledby=\"o968oC7CEo2fGHsGdsRYC-author o968oC7CEo2fGHsGdsRYC-content\">\n<div id=\"o968oC7CEo2fGHsGdsRYC-content\">\n<div class=\"flex max-w-full flex-col flex-grow\">\n<div class=\"min-h-8 text-message flex w-full flex-col items-end gap-2 whitespace-normal break-words text-start [.text-message+&amp;]:mt-5\" dir=\"auto\" data-message-author-role=\"assistant\" data-message-id=\"b080906d-586a-45a5-bbed-ade28bd7e809\" data-message-model-slug=\"gpt-4o\">\n<div class=\"flex w-full flex-col gap-1 empty:hidden first:pt-[3px]\">\n<div class=\"markdown prose w-full break-words dark:prose-invert light\">\n<ol data-start=\"3606\" data-end=\"4787\">\n<li data-start=\"3606\" data-end=\"3867\">\n<p data-start=\"3609\" data-end=\"3867\"><strong data-start=\"3609\" data-end=\"3725\">Kako Bood Twins 46000 udisaja dvostruki okus jednokratni vape ostaje dosljedan kod tako visokog broja udisaja?<\/strong><br data-start=\"3725\" data-end=\"3728\" \/>Kombinacija <strong data-start=\"3749\" data-end=\"3762\">30ml spremnika<\/strong> i punjive snage podr\u017eava dugotrajnu uporabu bez o\u0161trih padova snage koje \u010desto pokazuju manji jednokratni ure\u0111aji.<\/p>\n<\/li>\n<li data-start=\"3869\" data-end=\"4092\">\n<p data-start=\"3872\" data-end=\"4092\"><strong data-start=\"3872\" data-end=\"3970\">Koja je prakti\u010dna prednost Bood Twins 46K preklopnika dvostrukog okusa tijekom svakodnevnog vapinga?<\/strong><br data-start=\"3970\" data-end=\"3973\" \/>Omogu\u0107ava promjenu okusa na zahtjev, \u0161to iskustvo \u010dini svje\u017eim tjednima bez potrebe za drugim ure\u0111ajem.<\/p>\n<\/li>\n<li data-start=\"4094\" data-end=\"4311\">\n<p data-start=\"4097\" data-end=\"4311\"><strong data-start=\"4097\" data-end=\"4193\">Zavr\u0161ava li Bood Twins 46000 udisaja Type-C punjivi jednokratni ure\u0111aj s 30ml e-teku\u0107ine?<\/strong><br data-start=\"4193\" data-end=\"4196\" \/>Punjenje je osmi\u0161ljeno za tu svrhu \u2014 ako baterija prije nego teku\u0107ina ponestane, Type-C nadopuna \u0107e je odr\u017eavati aktivnom.<\/p>\n<\/li>\n<li data-start=\"4313\" data-end=\"4542\">\n<p data-start=\"4316\" data-end=\"4542\"><strong data-start=\"4316\" data-end=\"4405\">Koliko je pouzdan LED pametni ekran na Bood Twins 46000 Puff visokokapacitetnom vape-u?<\/strong><br data-start=\"4405\" data-end=\"4408\" \/>Zaslon prikazuje <strong data-start=\"4425\" data-end=\"4466\">broj udisaja, stanje baterije i teku\u0107ine<\/strong>, pru\u017eaju\u0107i jasno, u stvarnom vremenu pra\u0107enje kako biste mogli planirati punjenje i zamjenu.<\/p>\n<\/li>\n<li data-start=\"4544\" data-end=\"4787\">\n<p data-start=\"4547\" data-end=\"4787\"><strong data-start=\"4547\" data-end=\"4650\">Koja ja\u010dina nikotina odgovara razli\u010ditim korisnicima na Bood Twins 46000 Puff disposable s niskim sadr\u017eajem nikotina?<\/strong><br data-start=\"4650\" data-end=\"4653\" \/><strong data-start=\"4653\" data-end=\"4659\">0%<\/strong> radi samo za okus, <strong data-start=\"4688\" data-end=\"4694\">2%<\/strong> prilago\u0111ava se laganim do umjerenim svakodnevnim navikama, i <strong data-start=\"4736\" data-end=\"4742\">5%<\/strong> namijenjeno je korisnicima koji \u017eele ja\u0107e zadovoljstvo.<\/p>\n<\/li>\n<\/ol>\n<\/div>\n<\/div>\n<\/div>\n<\/div>\n<\/div>\n<\/div>\n<\/div>\n<\/div>\n<\/div>\n<\/div>\n<\/div>\n<\/div>\n<\/div>","protected":false},"excerpt":{"rendered":"<p data-start=\"1329\" data-end=\"1500\">Bood Twins 46000 Puff dvostruki okus jednokratni vape s 30ml unaprijed napunjenog e-tekuc\u0301ine, prebacivanje dvostrukog okusa, pametni LED zaslon i 650mAh Type-C punjiva baterija. Do 46.000 udisaja s nikotinom 0%, 2% ili 5% za dugotrajnu, kontroliranu, raznoliku upotrebu okusa. <strong data-start=\"1456\" data-end=\"1497\">veleprodajne narud\u017ebe po niskim cijenama<\/strong>.<\/p>\n<p><strong>Dodajte Amy na WhatsApp za brzi odgovor i kupon za vape!<\/strong><\/p>\n<p><img fetchpriority=\"high\" decoding=\"async\" class=\"size-full wp-image-2932\" src=\"https:\/\/vapestornado.com\/wp-content\/uploads\/2024\/12\/Vape-Wholesale.jpg\" alt=\"Veleprodaja vejpova\" width=\"229\" height=\"300\" \/><\/p>\n<h3><a href=\"https:\/\/wa.me\/8617776015835\"><span style=\"color: #ff0000;\"><strong>WhatsApp: +86 17776015835<\/strong><\/span><\/a><\/h3>\n<p>&nbsp;<\/p>","protected":false},"featured_media":3307,"comment_status":"open","ping_status":"closed","template":"","meta":{"_acf_changed":false,"_uag_custom_page_level_css":"","_lmt_disableupdate":"no","_lmt_disable":"","_monsterinsights_skip_tracking":false,"_monsterinsights_sitenote_active":false,"_monsterinsights_sitenote_note":"","_monsterinsights_sitenote_category":0,"site-sidebar-layout":"default","site-content-layout":"","ast-site-content-layout":"default","site-content-style":"default","site-sidebar-style":"default","ast-global-header-display":"","ast-banner-title-visibility":"","ast-main-header-display":"","ast-hfb-above-header-display":"","ast-hfb-below-header-display":"","ast-hfb-mobile-header-display":"","site-post-title":"","ast-breadcrumbs-content":"","ast-featured-img":"","footer-sml-layout":"","ast-disable-related-posts":"","theme-transparent-header-meta":"default","adv-header-id-meta":"","stick-header-meta":"","header-above-stick-meta":"","header-main-stick-meta":"","header-below-stick-meta":"","astra-migrate-meta-layouts":"set","ast-page-background-enabled":"default","ast-page-background-meta":{"desktop":{"background-color":"","background-image":"","background-repeat":"repeat","background-position":"center center","background-size":"auto","background-attachment":"scroll","background-type":"","background-media":"","overlay-type":"","overlay-color":"","overlay-opacity":"","overlay-gradient":""},"tablet":{"background-color":"","background-image":"","background-repeat":"repeat","background-position":"center center","background-size":"auto","background-attachment":"scroll","background-type":"","background-media":"","overlay-type":"","overlay-color":"","overlay-opacity":"","overlay-gradient":""},"mobile":{"background-color":"","background-image":"","background-repeat":"repeat","background-position":"center center","background-size":"auto","background-attachment":"scroll","background-type":"","background-media":"","overlay-type":"","overlay-color":"","overlay-opacity":"","overlay-gradient":""}},"ast-content-background-meta":{"desktop":{"background-color":"var(--ast-global-color-5)","background-image":"","background-repeat":"repeat","background-position":"center center","background-size":"auto","background-attachment":"scroll","background-type":"","background-media":"","overlay-type":"","overlay-color":"","overlay-opacity":"","overlay-gradient":""},"tablet":{"background-color":"var(--ast-global-color-5)","background-image":"","background-repeat":"repeat","background-position":"center center","background-size":"auto","background-attachment":"scroll","background-type":"","background-media":"","overlay-type":"","overlay-color":"","overlay-opacity":"","overlay-gradient":""},"mobile":{"background-color":"var(--ast-global-color-5)","background-image":"","background-repeat":"repeat","background-position":"center center","background-size":"auto","background-attachment":"scroll","background-type":"","background-media":"","overlay-type":"","overlay-color":"","overlay-opacity":"","overlay-gradient":""}},"_joinchat":{"telephone":"+8617776015835"}},"product_brand":[],"product_cat":[140,230,193,149,158,144,146],"product_tag":[194,165,91,195,97,166,189,191,94],"class_list":{"0":"post-3338","1":"product","2":"type-product","3":"status-publish","4":"has-post-thumbnail","6":"product_cat-big-puffs-disposable-vapes","7":"product_cat-46000-puff","8":"product_cat-bood-disposable-vapes","9":"product_cat-buy-disposable-vapes-in-austria","10":"product_cat-buy-disposable-vapes-in-spain","11":"product_cat-low-nicotine-disposable-vapes","12":"product_cat-rechargeable-disposable-vapes","13":"product_tag-bood-twins-46000","14":"product_tag-cheap-vapes","15":"product_tag-double-flavour","16":"product_tag-dual-flavor-disposable-vape","17":"product_tag-hot-sale-disposable-vape","18":"product_tag-low-nicotine-vape","19":"product_tag-puff-50k","20":"product_tag-pulse-disposable-vape","21":"product_tag-rechargeable-disposable-vape","22":"desktop-align-left","23":"tablet-align-left","24":"mobile-align-left","26":"first","27":"instock","28":"sale","29":"shipping-taxable","30":"purchasable","31":"product-type-simple"},"acf":[],"uagb_featured_image_src":{"full":["https:\/\/vapestornado.com\/wp-content\/uploads\/2024\/12\/Bood-Twins-46000-Disposable-Vape-Wholesale.jpg",1126,1126,false],"thumbnail":["https:\/\/vapestornado.com\/wp-content\/uploads\/2024\/12\/Bood-Twins-46000-Disposable-Vape-Wholesale-150x150.jpg",150,150,true],"medium":["https:\/\/vapestornado.com\/wp-content\/uploads\/2024\/12\/Bood-Twins-46000-Disposable-Vape-Wholesale-300x300.jpg",300,300,true],"medium_large":["https:\/\/vapestornado.com\/wp-content\/uploads\/2024\/12\/Bood-Twins-46000-Disposable-Vape-Wholesale-768x768.jpg",768,768,true],"large":["https:\/\/vapestornado.com\/wp-content\/uploads\/2024\/12\/Bood-Twins-46000-Disposable-Vape-Wholesale-1024x1024.jpg",1024,1024,true],"1536x1536":["https:\/\/vapestornado.com\/wp-content\/uploads\/2024\/12\/Bood-Twins-46000-Disposable-Vape-Wholesale.jpg",1126,1126,false],"2048x2048":["https:\/\/vapestornado.com\/wp-content\/uploads\/2024\/12\/Bood-Twins-46000-Disposable-Vape-Wholesale.jpg",1126,1126,false],"trp-custom-language-flag":["https:\/\/vapestornado.com\/wp-content\/uploads\/2024\/12\/Bood-Twins-46000-Disposable-Vape-Wholesale.jpg",12,12,false],"woocommerce_thumbnail":["https:\/\/vapestornado.com\/wp-content\/uploads\/2024\/12\/Bood-Twins-46000-Disposable-Vape-Wholesale-300x300.jpg",300,300,true],"woocommerce_single":["https:\/\/vapestornado.com\/wp-content\/uploads\/2024\/12\/Bood-Twins-46000-Disposable-Vape-Wholesale-600x600.jpg",600,600,true],"woocommerce_gallery_thumbnail":["https:\/\/vapestornado.com\/wp-content\/uploads\/2024\/12\/Bood-Twins-46000-Disposable-Vape-Wholesale-100x100.jpg",100,100,true]},"uagb_author_info":{"display_name":"ESAMY","author_link":"https:\/\/vapestornado.com\/hr\/author\/"},"uagb_comment_info":0,"uagb_excerpt":"Bood Twins 46000 Puff double-flavour disposable vape with 30ml pre-filled e-liquid, dual-flavour switching, smart LED screen, and 650mAh Type-C rechargeable battery. Up to 46,000 puffs with 0%, 2%, or 5% nicotine for long, controlled, flavour-varied use. wholesale bulk orders at cheap prices. Add Amy's whatsapp get right reply and vape coupon! WhatsApp: +86 17776015835 &nbsp;","_links":{"self":[{"href":"https:\/\/vapestornado.com\/hr\/wp-json\/wp\/v2\/product\/3338","targetHints":{"allow":["GET"]}}],"collection":[{"href":"https:\/\/vapestornado.com\/hr\/wp-json\/wp\/v2\/product"}],"about":[{"href":"https:\/\/vapestornado.com\/hr\/wp-json\/wp\/v2\/types\/product"}],"replies":[{"embeddable":true,"href":"https:\/\/vapestornado.com\/hr\/wp-json\/wp\/v2\/comments?post=3338"}],"wp:featuredmedia":[{"embeddable":true,"href":"https:\/\/vapestornado.com\/hr\/wp-json\/wp\/v2\/media\/3307"}],"wp:attachment":[{"href":"https:\/\/vapestornado.com\/hr\/wp-json\/wp\/v2\/media?parent=3338"}],"wp:term":[{"taxonomy":"product_brand","embeddable":true,"href":"https:\/\/vapestornado.com\/hr\/wp-json\/wp\/v2\/product_brand?post=3338"},{"taxonomy":"product_cat","embeddable":true,"href":"https:\/\/vapestornado.com\/hr\/wp-json\/wp\/v2\/product_cat?post=3338"},{"taxonomy":"product_tag","embeddable":true,"href":"https:\/\/vapestornado.com\/hr\/wp-json\/wp\/v2\/product_tag?post=3338"}],"curies":[{"name":"wp","href":"https:\/\/api.w.org\/{rel}","templated":true}]}}