{"id":3320,"date":"2024-12-23T09:06:12","date_gmt":"2024-12-23T09:06:12","guid":{"rendered":"https:\/\/vapestornado.com\/?post_type=product&#038;p=3320"},"modified":"2025-08-23T12:20:34","modified_gmt":"2025-08-23T12:20:34","slug":"bang-box-35k-puffs-high-capacity-long-lasting-disposable-vape","status":"publish","type":"product","link":"https:\/\/vapestornado.com\/hr\/product\/bang-box-35k-puffs-high-capacity-long-lasting-disposable-vape\/","title":{"rendered":"Bang Box 35k Puffs jednokratni Vape velikog kapaciteta i dugotrajnosti"},"content":{"rendered":"<h1>Bang Box 35k Puffs jednokratni Vape velikog kapaciteta i dugotrajnosti<\/h1>\n<p>&nbsp;<\/p>\n<div role=\"article\" data-tabster=\"{&quot;groupper&quot;:{&quot;tabbability&quot;:2},&quot;focusable&quot;:{}}\" data-content=\"ai-message\" aria-labelledby=\"64JRvXrTnY7mRmPkEQLLT-author 64JRvXrTnY7mRmPkEQLLT-content\">\n<div id=\"64JRvXrTnY7mRmPkEQLLT-content\">\n<p>Bang Box 35k Puffs redefinira prakti\u010dnost i performanse u svijetu jednokratnih vape ure\u0111aja. Dizajniran za korisnike koji tra\u017ee dugotrajnu snagu i bogat okus, ovaj ure\u0111aj pru\u017ea <strong>35.000+ udisaja<\/strong> iz svog naprednog postava. S <strong>23 ml prethodno napunjenog ulo\u0161ka s e-teku\u0107inom<\/strong> i <strong>podesivi protok zraka<\/strong>, ure\u0111aj je pogodan za MTL i DTL stilove vapinga, pru\u017eaju\u0107i prilago\u0111eno iskustvo za svakog korisnika. Njegova <strong>dvostruka grija\u0107a \u017eica s mre\u017eastom jezgrom (0.8\u03a9)<\/strong> radi u rasponu izlazne snage od <strong>15W-25W<\/strong>, osiguravaju\u0107i dosljednu proizvodnju pare i gladak okus pri svakom udisaju. Pokre\u0107e ga <strong>112040-950mAh \u010dista kobaltna baterija<\/strong> s <strong>5A brzina pra\u017enjenja<\/strong>, pru\u017ea pouzdane, dugotrajne performanse. Robusna baterija osigurava produljeno kori\u0161tenje i brzo punjenje putem Type-C priklju\u010dka.<\/p>\n<p>Kombiniraju\u0107i vrhunske zna\u010dajke s elegantnim dizajnom, Bang Box 35000 puffs vape savr\u0161en je za cjelodnevnu upotrebu, bez obzira opu\u0161tate li se kod ku\u0107e ili ste u pokretu. Kompaktan, sna\u017ean i svestran, to je ultimativni izbor za ljubitelje vapinga.<\/p>\n<figure id=\"attachment_3482\" aria-describedby=\"caption-attachment-3482\" style=\"width: 742px\" class=\"wp-caption alignnone\"><img fetchpriority=\"high\" decoding=\"async\" class=\"wp-image-3482\" src=\"https:\/\/vapestornado.com\/wp-content\/uploads\/2024\/12\/Bang-Box-35000-puffs-Top-Sale-Vapes-1024x697.jpg\" alt=\"Bang Box 35000 puffs Najprodavaniji Vape ure\u0111aji\" width=\"742\" height=\"505\" srcset=\"https:\/\/vapestornado.com\/wp-content\/uploads\/2024\/12\/Bang-Box-35000-puffs-Top-Sale-Vapes-1024x697.jpg 1024w, https:\/\/vapestornado.com\/wp-content\/uploads\/2024\/12\/Bang-Box-35000-puffs-Top-Sale-Vapes-300x204.jpg 300w, https:\/\/vapestornado.com\/wp-content\/uploads\/2024\/12\/Bang-Box-35000-puffs-Top-Sale-Vapes-768x523.jpg 768w, https:\/\/vapestornado.com\/wp-content\/uploads\/2024\/12\/Bang-Box-35000-puffs-Top-Sale-Vapes-600x408.jpg 600w, https:\/\/vapestornado.com\/wp-content\/uploads\/2024\/12\/Bang-Box-35000-puffs-Top-Sale-Vapes.jpg 1500w\" sizes=\"(max-width: 742px) 100vw, 742px\" \/><figcaption id=\"caption-attachment-3482\" class=\"wp-caption-text\">Bang Box 35000 puffs Najprodavaniji Vape ure\u0111aji<\/figcaption><\/figure>\n<\/div>\n<\/div>\n<p><img decoding=\"async\" class=\"alignleft wp-image-2951 size-medium\" src=\"https:\/\/vapestornado.com\/wp-content\/uploads\/2024\/12\/Wholesale-Disposable-Vape-265x300.jpg\" alt=\"Veleprodaja jednokratnih vape ure\u0111aja\" width=\"265\" height=\"300\" srcset=\"https:\/\/vapestornado.com\/wp-content\/uploads\/2024\/12\/Wholesale-Disposable-Vape-265x300.jpg 265w, https:\/\/vapestornado.com\/wp-content\/uploads\/2024\/12\/Wholesale-Disposable-Vape-768x871.jpg 768w, https:\/\/vapestornado.com\/wp-content\/uploads\/2024\/12\/Wholesale-Disposable-Vape-600x680.jpg 600w, https:\/\/vapestornado.com\/wp-content\/uploads\/2024\/12\/Wholesale-Disposable-Vape.jpg 823w\" sizes=\"(max-width: 265px) 100vw, 265px\" \/><\/p>\n<h6>Molimo kontaktirajte Mandy's WhatsApp za cijenu s popustom<a href=\"https:\/\/wa.me\/8618077105796\" target=\"_blank\" rel=\"noopener\">+8618077105796<\/a><\/h6>\n<div class=\"flex max-w-full flex-col flex-grow\">\n<div class=\"min-h-8 text-message flex w-full flex-col items-end gap-2 whitespace-normal break-words text-start [.text-message+&amp;]:mt-5\" dir=\"auto\" data-message-author-role=\"assistant\" data-message-id=\"cdb991c0-f594-4bff-b2d5-fbbdd7ce9e54\" data-message-model-slug=\"gpt-4o-mini\">\n<div class=\"flex w-full flex-col gap-1 empty:hidden first:pt-[3px]\">\n<div class=\"markdown prose w-full break-words dark:prose-invert light\">\n<h2>bang vape 35k Puffs Specifikacije<\/h2>\n<ul>\n<li><strong>Udisaji<\/strong>: 35,000+<\/li>\n<li><strong>E-teku\u0107ina<\/strong>: 23 ml prethodno napunjen ulo\u017eak<\/li>\n<li><strong>Nikotin<\/strong>: 0%, 2%, 3%, 5% opcije<\/li>\n<li><strong>Baterija<\/strong>: 950mAh, Type-C punjiva<\/li>\n<li><strong>Grija\u010di<\/strong>: <strong>dvostruka grija\u0107a \u017eica s mre\u017eastom jezgrom (0.8\u03a9)<\/strong><\/li>\n<li><strong>Zasloni<\/strong>: Dvostruki s kontrolama na dodir<\/li>\n<li><strong>Na\u010dini rada<\/strong>: Protok zraka u 3 na\u010dina, prebacivanje snage u 2 na\u010dina<\/li>\n<li><strong>Zna\u010dajke<\/strong>: Podesivi protok zraka, kompaktan i jednostavan za kori\u0161tenje<\/li>\n<\/ul>\n<\/div>\n<\/div>\n<\/div>\n<\/div>\n<div class=\"mb-2 flex gap-3 empty:hidden -ml-2\">\n<h2 class=\"items-center justify-start rounded-xl p-1 flex\"><\/h2>\n<\/div>\n<h2>Najbolji jednokratni vape ure\u0111aji velikog kapaciteta Bang Box 35k Puffs Popis okusa:<\/h2>\n<p>1.JAGODA KIWI<br \/>\n2.PLAVI RAZZ LED<br \/>\n3.JAGODA LUBENICA<br \/>\n4.MARAKUJA<br \/>\n5.LIMUN COLA SODA<br \/>\n6.LUBENICA LED<br \/>\n7.\u017dVAKA\u0106A GUMA OD LUBENICE<br \/>\n8.KIWI MARAKUJA GUAVA<br \/>\n9.BOROVNICA LED<br \/>\n10. LUBENICA TRE\u0160NJA<br \/>\n11. RED BULL<br \/>\n12. MENTA GREJPFRUT<\/p>\n<div role=\"article\" data-tabster=\"{&quot;groupper&quot;:{&quot;tabbability&quot;:2},&quot;focusable&quot;:{}}\" data-content=\"ai-message\" aria-labelledby=\"dARUyEWDoEYhnSPXFwx5A-author dARUyEWDoEYhnSPXFwx5A-content\">\n<div id=\"dARUyEWDoEYhnSPXFwx5A-content\">\n<h3>Za\u0161to odabrati Bang Box 35000 Puff vape mahune u <a href=\"https:\/\/vapestornado.com\/hr\/store\/\">vapestornado.hr<\/a>?<\/h3>\n<ul>\n<li><strong>Nepremostiv kapacitet<\/strong>: U\u017eivajte <strong>35.000+ udisaja<\/strong> s izda\u0161nih <strong>23 ml e-teku\u0107ine<\/strong> i <strong>podesivi protok zraka<\/strong> za prilago\u0111eno iskustvo vapinga.<\/li>\n<li><strong>Napredna tehnologija<\/strong>: Pokre\u0107e ga <strong>950mAh \u010dista kobaltna baterija<\/strong> sa <strong>5A pra\u017enjenje<\/strong> i <strong>dvostruka mre\u017easta jezgra (0.8\u03a9)<\/strong> isporu\u010duje <strong>15W-25W<\/strong> izlaz.<\/li>\n<li><strong>Jednostavan za kori\u0161tenje<\/strong>: Kompaktan, elegantan dizajn s Type-C brzim punjenjem za vrhunsku prakti\u010dnost.<\/li>\n<li><strong>vapestornado.com Prednosti<\/strong>: Autenti\u010dni proizvodi, konkurentne cijene i brza dostava diljem Europe.<\/li>\n<\/ul>\n<\/div>\n<\/div>\n<h3>\u010cesto postavljana pitanja o Bang Box dugotrajnom vapeu s 35000 udisaja<\/h3>\n<p><strong>P: Koliko dugo traje Bang Box 35,000 Puff vape?<\/strong><br \/>\nO: Isporu\u010duje <strong>35,000 udisaja<\/strong>\u00a0s izdr\u017eljivom <strong>950mAh \u010dista kobaltna baterija<\/strong>, osiguravaju\u0107i dugotrajnu upotrebu.<\/p>\n<p><strong>P: Mo\u017ee li se protok zraka podesiti?<\/strong><br \/>\nO: Da, ima <strong>podesivi protok zraka<\/strong>, pogodan za MTL i DTL stilove vapinga.<\/p>\n<p><strong>P: \u0160to \u010dini Wholesale Vape Bang Box 35k puff jedinstvenim?<\/strong><br \/>\nO: Opremljen je s <strong>dvostruka mre\u017easta grija\u0107a \u017eica (0,8\u03a9)<\/strong>, nudi <strong>izlazne snage 15W-25W<\/strong>, i kombinira elegantan dizajn s inovativnom tehnologijom za vrhunske performanse.<\/p>\n<p><strong>P: Gdje mogu kupiti Bang Box vape 35000 puff punjivi vape?<\/strong><br \/>\nO: Dostupan je u <strong>vapestornado.hr<\/strong>, nude\u0107i autenti\u010dne proizvode, odli\u010dne cijene i brzu europsku dostavu.<\/p>","protected":false},"excerpt":{"rendered":"<p>Bang Box 35000 Puffs nudi vaping visokog kapaciteta i dugog trajanja s 35.000 udisaja, vrhunskim okusima i elegantnim, prijenosnim dizajnom za iznimno iskustvo vapinga.<\/p>\n<figure id=\"attachment_2951\" aria-describedby=\"caption-attachment-2951\" style=\"width: 265px\" class=\"wp-caption alignnone\"><img decoding=\"async\" class=\"size-medium wp-image-2951\" src=\"https:\/\/vapestornado.com\/wp-content\/uploads\/2024\/12\/Wholesale-Disposable-Vape-265x300.jpg\" alt=\"Veleprodaja jednokratnih vape ure\u0111aja\" width=\"265\" height=\"300\" srcset=\"https:\/\/vapestornado.com\/wp-content\/uploads\/2024\/12\/Wholesale-Disposable-Vape-265x300.jpg 265w, https:\/\/vapestornado.com\/wp-content\/uploads\/2024\/12\/Wholesale-Disposable-Vape-768x871.jpg 768w, https:\/\/vapestornado.com\/wp-content\/uploads\/2024\/12\/Wholesale-Disposable-Vape-600x680.jpg 600w, https:\/\/vapestornado.com\/wp-content\/uploads\/2024\/12\/Wholesale-Disposable-Vape.jpg 823w\" sizes=\"(max-width: 265px) 100vw, 265px\" \/><figcaption id=\"caption-attachment-2951\" class=\"wp-caption-text\">Molimo kontaktirajte Mandy's WhatsApp za cijenu s popustom\u00a0 <a href=\"https:\/\/wa.me\/8618077105796\">+8618077105796<\/a><\/figcaption><\/figure>\n<p>&nbsp;<\/p>","protected":false},"featured_media":3480,"comment_status":"open","ping_status":"closed","template":"","meta":{"_acf_changed":false,"_uag_custom_page_level_css":"","_lmt_disableupdate":"no","_lmt_disable":"","_monsterinsights_skip_tracking":false,"_monsterinsights_sitenote_active":false,"_monsterinsights_sitenote_note":"","_monsterinsights_sitenote_category":0,"site-sidebar-layout":"default","site-content-layout":"","ast-site-content-layout":"default","site-content-style":"default","site-sidebar-style":"default","ast-global-header-display":"","ast-banner-title-visibility":"","ast-main-header-display":"","ast-hfb-above-header-display":"","ast-hfb-below-header-display":"","ast-hfb-mobile-header-display":"","site-post-title":"","ast-breadcrumbs-content":"","ast-featured-img":"","footer-sml-layout":"","ast-disable-related-posts":"","theme-transparent-header-meta":"default","adv-header-id-meta":"","stick-header-meta":"","header-above-stick-meta":"","header-main-stick-meta":"","header-below-stick-meta":"","astra-migrate-meta-layouts":"set","ast-page-background-enabled":"default","ast-page-background-meta":{"desktop":{"background-color":"","background-image":"","background-repeat":"repeat","background-position":"center center","background-size":"auto","background-attachment":"scroll","background-type":"","background-media":"","overlay-type":"","overlay-color":"","overlay-opacity":"","overlay-gradient":""},"tablet":{"background-color":"","background-image":"","background-repeat":"repeat","background-position":"center center","background-size":"auto","background-attachment":"scroll","background-type":"","background-media":"","overlay-type":"","overlay-color":"","overlay-opacity":"","overlay-gradient":""},"mobile":{"background-color":"","background-image":"","background-repeat":"repeat","background-position":"center center","background-size":"auto","background-attachment":"scroll","background-type":"","background-media":"","overlay-type":"","overlay-color":"","overlay-opacity":"","overlay-gradient":""}},"ast-content-background-meta":{"desktop":{"background-color":"var(--ast-global-color-5)","background-image":"","background-repeat":"repeat","background-position":"center center","background-size":"auto","background-attachment":"scroll","background-type":"","background-media":"","overlay-type":"","overlay-color":"","overlay-opacity":"","overlay-gradient":""},"tablet":{"background-color":"var(--ast-global-color-5)","background-image":"","background-repeat":"repeat","background-position":"center center","background-size":"auto","background-attachment":"scroll","background-type":"","background-media":"","overlay-type":"","overlay-color":"","overlay-opacity":"","overlay-gradient":""},"mobile":{"background-color":"var(--ast-global-color-5)","background-image":"","background-repeat":"repeat","background-position":"center center","background-size":"auto","background-attachment":"scroll","background-type":"","background-media":"","overlay-type":"","overlay-color":"","overlay-opacity":"","overlay-gradient":""}},"_joinchat":{"telephone":"+8618077105796"}},"product_brand":[],"product_cat":[175,64,150,158],"product_tag":[179,97],"class_list":{"0":"post-3320","1":"product","2":"type-product","3":"status-publish","4":"has-post-thumbnail","6":"product_cat-35000-puff","7":"product_cat-bangbox-vape","8":"product_cat-buy-disposable-vapes-in-belgium","9":"product_cat-buy-disposable-vapes-in-spain","10":"product_tag-bang-box-35000","11":"product_tag-hot-sale-disposable-vape","12":"desktop-align-left","13":"tablet-align-left","14":"mobile-align-left","16":"first","17":"instock","18":"sale","19":"shipping-taxable","20":"purchasable","21":"product-type-simple"},"acf":[],"uagb_featured_image_src":{"full":["https:\/\/vapestornado.com\/wp-content\/uploads\/2024\/12\/Bang-Box-35k-puff-disposable-Vape-good-price.jpg",800,800,false],"thumbnail":["https:\/\/vapestornado.com\/wp-content\/uploads\/2024\/12\/Bang-Box-35k-puff-disposable-Vape-good-price-150x150.jpg",150,150,true],"medium":["https:\/\/vapestornado.com\/wp-content\/uploads\/2024\/12\/Bang-Box-35k-puff-disposable-Vape-good-price-300x300.jpg",300,300,true],"medium_large":["https:\/\/vapestornado.com\/wp-content\/uploads\/2024\/12\/Bang-Box-35k-puff-disposable-Vape-good-price-768x768.jpg",768,768,true],"large":["https:\/\/vapestornado.com\/wp-content\/uploads\/2024\/12\/Bang-Box-35k-puff-disposable-Vape-good-price.jpg",800,800,false],"1536x1536":["https:\/\/vapestornado.com\/wp-content\/uploads\/2024\/12\/Bang-Box-35k-puff-disposable-Vape-good-price.jpg",800,800,false],"2048x2048":["https:\/\/vapestornado.com\/wp-content\/uploads\/2024\/12\/Bang-Box-35k-puff-disposable-Vape-good-price.jpg",800,800,false],"trp-custom-language-flag":["https:\/\/vapestornado.com\/wp-content\/uploads\/2024\/12\/Bang-Box-35k-puff-disposable-Vape-good-price.jpg",12,12,false],"woocommerce_thumbnail":["https:\/\/vapestornado.com\/wp-content\/uploads\/2024\/12\/Bang-Box-35k-puff-disposable-Vape-good-price-300x300.jpg",300,300,true],"woocommerce_single":["https:\/\/vapestornado.com\/wp-content\/uploads\/2024\/12\/Bang-Box-35k-puff-disposable-Vape-good-price-600x600.jpg",600,600,true],"woocommerce_gallery_thumbnail":["https:\/\/vapestornado.com\/wp-content\/uploads\/2024\/12\/Bang-Box-35k-puff-disposable-Vape-good-price-100x100.jpg",100,100,true]},"uagb_author_info":{"display_name":"ESMANDY","author_link":"https:\/\/vapestornado.com\/hr\/author\/"},"uagb_comment_info":0,"uagb_excerpt":"Bang Box 35000 Puffs offers high-capacity, long-lasting vaping with 35,000 puffs, premium flavors, and a sleek, portable design for an exceptional vaping experience. [caption id=\"attachment_2951\" align=\"alignnone\" width=\"265\"] Pls Contact Mandy's WhatsApp For Discount Price\u00a0 +8618077105796[\/caption] &nbsp;","_links":{"self":[{"href":"https:\/\/vapestornado.com\/hr\/wp-json\/wp\/v2\/product\/3320","targetHints":{"allow":["GET"]}}],"collection":[{"href":"https:\/\/vapestornado.com\/hr\/wp-json\/wp\/v2\/product"}],"about":[{"href":"https:\/\/vapestornado.com\/hr\/wp-json\/wp\/v2\/types\/product"}],"replies":[{"embeddable":true,"href":"https:\/\/vapestornado.com\/hr\/wp-json\/wp\/v2\/comments?post=3320"}],"wp:featuredmedia":[{"embeddable":true,"href":"https:\/\/vapestornado.com\/hr\/wp-json\/wp\/v2\/media\/3480"}],"wp:attachment":[{"href":"https:\/\/vapestornado.com\/hr\/wp-json\/wp\/v2\/media?parent=3320"}],"wp:term":[{"taxonomy":"product_brand","embeddable":true,"href":"https:\/\/vapestornado.com\/hr\/wp-json\/wp\/v2\/product_brand?post=3320"},{"taxonomy":"product_cat","embeddable":true,"href":"https:\/\/vapestornado.com\/hr\/wp-json\/wp\/v2\/product_cat?post=3320"},{"taxonomy":"product_tag","embeddable":true,"href":"https:\/\/vapestornado.com\/hr\/wp-json\/wp\/v2\/product_tag?post=3320"}],"curies":[{"name":"wp","href":"https:\/\/api.w.org\/{rel}","templated":true}]}}