{"id":3301,"date":"2024-12-20T08:43:41","date_gmt":"2024-12-20T08:43:41","guid":{"rendered":"https:\/\/vapestornado.com\/?post_type=product&#038;p=3301"},"modified":"2025-08-23T12:25:51","modified_gmt":"2025-08-23T12:25:51","slug":"vookbar-cyber-pro-30000-puffs-disposable-vape-5-wholesale-price","status":"publish","type":"product","link":"https:\/\/vapestornado.com\/hr\/product\/vookbar-cyber-pro-30000-puffs-disposable-vape-5-wholesale-price\/","title":{"rendered":"Vookbar Cyber PRO 30000 Puffs Jednokratna Vape 5% Veleprodajna cijena"},"content":{"rendered":"<h1>Vookbar Cyber PRO 30000 Puffs Jednokratna Vape 5% Veleprodajna cijena<\/h1>\n<p>&nbsp;<\/p>\n<div role=\"article\" data-tabster=\"{&quot;groupper&quot;:{&quot;tabbability&quot;:2},&quot;focusable&quot;:{}}\" data-content=\"ai-message\" aria-labelledby=\"64JRvXrTnY7mRmPkEQLLT-author 64JRvXrTnY7mRmPkEQLLT-content\">\n<div id=\"64JRvXrTnY7mRmPkEQLLT-content\">\n<p>Ovo <strong>Vookbar Cyber PRO 30000 Puffs jednokratni vape<\/strong> redefinira granice modernog vapinga spajaju\u0107i naprednu tehnologiju s iznimnim performansama. Dizajniran za vapere koji tra\u017ee vi\u0161e od obi\u010dnog ure\u0111aja, Cyber PRO kombinira inteligentne zna\u010dajke s elegantnim dizajnom, stvaraju\u0107i istinski futuristi\u010dko iskustvo vapinga.<\/p>\n<p><strong>Nenadma\u0161ne performanse<\/strong><\/p>\n<p>S impresivnih <strong>30k potiska<\/strong>, Vookbar Cyber PRO nudi neusporedivu dugovje\u010dnost, \u0161to ga \u010dini idealnim izborom za dugotrajnu upotrebu. Ure\u0111aj je opremljen sa <strong>22 ml kapaciteta e-teku\u0107ine<\/strong> i ima ja\u010dinu nikotina od <strong>20mg\/ml<\/strong>, pru\u017eaju\u0107i dosljednu, zadovoljavaju\u0107u paru sa svakim potiskom. Pokre\u0107e ga sna\u017ena <strong>2,850mAh punjiva baterija<\/strong> i koristi <strong>Type-C priklju\u010dak za punjenje<\/strong>, Cyber PRO osigurava brzo i pouzdano punjenje za neprekidnu upotrebu.<\/p>\n<p><strong>Integracija pametne tehnologije<\/strong><\/p>\n<p>Vookbar Cyber PRO nadilazi tradicionalno vaping, slu\u017ee\u0107i kao vi\u0161enamjenski ure\u0111aj koji se besprijekorno integrira u va\u0161 digitalni stil \u017eivota. Povezuje se putem <strong>Bluetootha<\/strong> ili putem vlastite aplikacije, omogu\u0107uju\u0107i pametne zna\u010dajke kao \u0161to su:<\/p>\n<ul>\n<li><strong>Prilagodljive postavke vapinga<\/strong> kako biste svoje iskustvo prilagodili svojim \u017eeljama.<\/li>\n<li><strong>Daljinsko upravljanje kamerom<\/strong>, savr\u0161eno za selfije i kreativnu fotografiju.<\/li>\n<li><strong>Dru\u0161tvene obavijesti<\/strong> kako biste bili a\u017eurirani u pokretu.<\/li>\n<li><strong>Mogu\u0107nosti prilago\u0111enih pozadina<\/strong>, omogu\u0107uju\u0107i personalizaciju dinami\u010dnog zaslona va\u0161eg ure\u0111aja.<\/li>\n<li>Ugra\u0111eni alati poput <strong>kalkulatora<\/strong>, <strong>mini-igara<\/strong>, i vi\u0161e za dodatnu prakti\u010dnost.<\/li>\n<\/ul>\n<figure id=\"attachment_3493\" aria-describedby=\"caption-attachment-3493\" style=\"width: 518px\" class=\"wp-caption alignnone\"><img fetchpriority=\"high\" decoding=\"async\" class=\"wp-image-3493\" src=\"https:\/\/vapestornado.com\/wp-content\/uploads\/2024\/12\/Vookbar-vape-30000-Puffs-Wholesale-Prcie-Disposable-Vapes.jpg\" alt=\"Vookbar vape 30000 Puffs Veleprodajna cijena Jednokratni Vejpovi\" width=\"518\" height=\"518\" srcset=\"https:\/\/vapestornado.com\/wp-content\/uploads\/2024\/12\/Vookbar-vape-30000-Puffs-Wholesale-Prcie-Disposable-Vapes.jpg 800w, https:\/\/vapestornado.com\/wp-content\/uploads\/2024\/12\/Vookbar-vape-30000-Puffs-Wholesale-Prcie-Disposable-Vapes-300x300.jpg 300w, https:\/\/vapestornado.com\/wp-content\/uploads\/2024\/12\/Vookbar-vape-30000-Puffs-Wholesale-Prcie-Disposable-Vapes-150x150.jpg 150w, https:\/\/vapestornado.com\/wp-content\/uploads\/2024\/12\/Vookbar-vape-30000-Puffs-Wholesale-Prcie-Disposable-Vapes-768x768.jpg 768w, https:\/\/vapestornado.com\/wp-content\/uploads\/2024\/12\/Vookbar-vape-30000-Puffs-Wholesale-Prcie-Disposable-Vapes-600x600.jpg 600w, https:\/\/vapestornado.com\/wp-content\/uploads\/2024\/12\/Vookbar-vape-30000-Puffs-Wholesale-Prcie-Disposable-Vapes-100x100.jpg 100w\" sizes=\"(max-width: 518px) 100vw, 518px\" \/><figcaption id=\"caption-attachment-3493\" class=\"wp-caption-text\">Vookbar vape 30000 Puffs Veleprodajna cijena Jednokratni Vejpovi<\/figcaption><\/figure>\n<h2><strong>Za\u0161to odabrati Vookbar Cyber PRO 30000 Puffs vejpove?<\/strong><\/h2>\n<ul>\n<li><strong>Inovacija<\/strong> Kombinira vrhunsku tehnologiju s elegantnim dizajnom.<\/li>\n<li><strong>Ogroman kapacitet:<\/strong> Pru\u017ea glatko, zadovoljavaju\u0107e iskustvo vapinga s kapacitetom od 30.000 udisaja.<\/li>\n<li><strong>Prilagodljive zna\u010dajke:<\/strong> Prilagodite snagu i estetiku kako bi odgovarali va\u0161im jedinstvenim preferencijama.<\/li>\n<li><strong>Izdr\u017eljiva izrada:<\/strong> Visokokvalitetni materijali i pouzdana baterija osiguravaju dugotrajne performanse.<\/li>\n<\/ul>\n<p>Bez obzira jeste li tehnolo\u0161ki vaper ili jednostavno tra\u017eite sna\u017ean i elegantan ure\u0111aj za vaping, <strong>Vookbar Cyber PRO 30000 Puffs Jednokratni Vejp<\/strong> nudi mje\u0161avinu <strong>inovacija<\/strong>, <strong>performanse<\/strong>i <strong>personalizacija<\/strong>. Podignite svoje iskustvo vapinga ve\u0107 danas!<\/p>\n<\/div>\n<\/div>\n<p><img decoding=\"async\" class=\"wp-image-2951\" src=\"https:\/\/vapestornado.com\/wp-content\/uploads\/2024\/12\/Wholesale-Disposable-Vape-265x300.jpg\" alt=\"Veleprodaja jednokratnih vape ure\u0111aja\" width=\"295\" height=\"334\" srcset=\"https:\/\/vapestornado.com\/wp-content\/uploads\/2024\/12\/Wholesale-Disposable-Vape-265x300.jpg 265w, https:\/\/vapestornado.com\/wp-content\/uploads\/2024\/12\/Wholesale-Disposable-Vape-768x871.jpg 768w, https:\/\/vapestornado.com\/wp-content\/uploads\/2024\/12\/Wholesale-Disposable-Vape-600x680.jpg 600w, https:\/\/vapestornado.com\/wp-content\/uploads\/2024\/12\/Wholesale-Disposable-Vape.jpg 823w\" sizes=\"(max-width: 295px) 100vw, 295px\" \/><\/p>\n<h6>Molimo kontaktirajte Mandy's WhatsApp za cijenu s popustom<a href=\"https:\/\/wa.me\/8618077105796\" target=\"_blank\" rel=\"noopener\">+8618077105796<\/a><\/h6>\n<p>&nbsp;<\/p>\n<div class=\"flex max-w-full flex-col flex-grow\">\n<div class=\"min-h-8 text-message flex w-full flex-col items-end gap-2 whitespace-normal break-words text-start [.text-message+&amp;]:mt-5\" dir=\"auto\" data-message-author-role=\"assistant\" data-message-id=\"cdb991c0-f594-4bff-b2d5-fbbdd7ce9e54\" data-message-model-slug=\"gpt-4o-mini\">\n<div class=\"flex w-full flex-col gap-1 empty:hidden first:pt-[3px]\">\n<div class=\"markdown prose w-full break-words dark:prose-invert light\">\n<h3>Veleprodaja vape Vookbar Cyber PRO 30,000 Puffs \u2013 Specifikacije<\/h3>\n<ul>\n<li><strong>Veli\u010dina:<\/strong> Kompaktan i prenosiv, <strong>49x24x93mm<\/strong>.<\/li>\n<li><strong>Zaslon:<\/strong> <strong>2.01-in\u010dni HD zaslon<\/strong>, savr\u0161eno za postavke i obavijesti.<\/li>\n<li><strong>Vrsta zavojnice:<\/strong> <strong>Dvostruka mre\u017easta zavojnica<\/strong> za bogat okus i glatke oblake.<\/li>\n<li><strong>Kapacitet e-teku\u0107ine:<\/strong> Prethodno napunjen s <strong>22 ml vrhunske e-teku\u0107ine<\/strong>.<\/li>\n<li><strong>Ja\u010dina nikotina:<\/strong> Pru\u017ea zadovoljavaju\u0107i <strong>5% nikotina<\/strong> pogodak.<\/li>\n<li><strong>Baterija:<\/strong> Dugotrajno <strong>850mAh punjiva baterija<\/strong> s brzim <strong>Type-C punjenje<\/strong>.<\/li>\n<li><strong>Na\u010dini rada:<\/strong>\n<ul>\n<li><strong>Normalan na\u010din:<\/strong> Do <strong>30.000 puffova<\/strong> za produ\u017eeno parenje.<\/li>\n<li><strong>Sna\u017ean na\u010din:<\/strong> Do <strong>15.000 udisaja<\/strong> za ja\u010de performanse.<\/li>\n<\/ul>\n<\/li>\n<li><strong>Rukovanje:<\/strong> Jednostavno <strong>upravljanje bo\u010dnom tipkom<\/strong> za uklju\u010divanje\/isklju\u010divanje i pode\u0161avanja.<\/li>\n<li><strong>Zna\u010dajke:<\/strong> Bluetooth povezivost, ekolo\u0161ki prihvatljivi materijali i prilagodljivi na\u010dini rada.<\/li>\n<\/ul>\n<\/div>\n<\/div>\n<\/div>\n<\/div>\n<div class=\"mb-2 flex gap-3 empty:hidden -ml-2\">\n<h3 class=\"items-center justify-start rounded-xl p-1 flex\"><\/h3>\n<\/div>\n<h3><strong>Vookbar Cyber PRO 30k Puffs Vape Podovi - Popis okusa:<\/strong><\/h3>\n<p>1. Plavi razz led<br \/>\n2. Breskva led<br \/>\n3. Gro\u017e\u0111e led<br \/>\n4. Jagoda lubenica<br \/>\n5. Jagoda banana<br \/>\n6. Tre\u0161nja lubenica<br \/>\n7. Led od lubenice<br \/>\n8. Breskva mango<br \/>\n9. Jagoda kivi<br \/>\n10. Bijela jagoda led<br \/>\n11. Bijeli gumeni bombon led<br \/>\n12. Smrznuta pinacolada<br \/>\n13. Jeben*o fantasti\u010dno<br \/>\n14. Mojito mije\u0161ano bobi\u010dasto vo\u0107e<\/p>\n<div role=\"article\" data-tabster=\"{&quot;groupper&quot;:{&quot;tabbability&quot;:2},&quot;focusable&quot;:{}}\" data-content=\"ai-message\" aria-labelledby=\"dARUyEWDoEYhnSPXFwx5A-author dARUyEWDoEYhnSPXFwx5A-content\">\n<div id=\"dARUyEWDoEYhnSPXFwx5A-content\">\n<h4>Za\u0161to odabrati Vookbar Cyber PRO 30000 Puff jednokratne vape u Hrvatskoj <a href=\"https:\/\/vapestornado.com\/hr\/store\/\">vapestornado.hr<\/a>?<\/h4>\n<p><strong>1. Ogroman kapacitet puhanja:<\/strong><br \/>\nDizajniran za dugotrajno u\u017eivanje, <strong>Vookbar Cyber PRO<\/strong> nudi do <strong>30.000 puffova<\/strong> u Norm na\u010dinu rada i <strong>15.000 udisaja<\/strong> u Power na\u010dinu rada.<\/p>\n<p><strong>2. Vrhunske zna\u010dajke:<\/strong><br \/>\nOpremljen s <strong>2.01-in\u010dni HD zaslon<\/strong>, <strong>tehnologijom dvostruke mre\u017easte zavojnice<\/strong>i <strong>prilagodljivi na\u010dini rada za vaping<\/strong>, kombinira performanse sa stilom.<\/p>\n<p><strong>3. Premium e-teku\u0107ina i opcije nikotina:<\/strong><br \/>\nS <strong>22ML unaprijed napunjene e-teku\u0107ine<\/strong> i <strong>5% ja\u010dina nikotina<\/strong>, svaki put do\u017eivite glatke, aromati\u010dne i zadovoljavaju\u0107e obla\u010di\u0107e dima.<\/p>\n<p><strong>4. Inovativan dizajn jednostavan za kori\u0161tenje:<\/strong><br \/>\nZna\u010dajke kao \u0161to su <strong>Bluetooth povezivost<\/strong>, <strong>upravljanje bo\u010dnom tipkom<\/strong>i <strong>na\u010din pokreta<\/strong> \u010dine ure\u0111aj jednostavnim za kori\u0161tenje i vi\u0161enamjenskim.<\/p>\n<p><strong>5. Kupujte s povjerenjem na vapestornado.com:<\/strong><\/p>\n<ul>\n<li>U\u017eivajte u <strong>konkurentne cijene<\/strong> na najnoviju tehnologiju vapinga.<\/li>\n<li>Iskoristite prednosti <strong>brze, pouzdane dostave<\/strong> \u0161irom Europe.<\/li>\n<li>Birajte izme\u0111u <strong>ekskluzivne veleprodajne ponude<\/strong> za kupnje na veliko.<\/li>\n<li>Kupujte sigurno uz pouzdane na\u010dine pla\u0107anja i izvrsnu korisni\u010dku podr\u0161ku.<\/li>\n<\/ul>\n<p>Unaprijedite svoje vaping iskustvo ve\u0107 danas uz <strong>Vookbar Cyber PRO 30K Udisaja<\/strong> dostupno na <strong>vapestornado.hr<\/strong>!<\/p>\n<\/div>\n<\/div>\n<h4>\u010cesta pitanja o Vookbar Cyber PRO 30000 Puffs dugotrajnim vapeovima<\/h4>\n<p>&nbsp;<\/p>\n<h6><strong>1. \u0160to \u010dini Vookbar Cyber PRO 30000 Puffs Vape jedinstvenim?<\/strong><\/h6>\n<ul>\n<li>Ure\u0111aj kombinira <strong>naprednu tehnologiju vapinga<\/strong> sa zna\u010dajkama kao \u0161to su <strong>prilagodljivi na\u010dini rada za vaping<\/strong>, a <strong>HD zaslon od 2,01 in\u010da<\/strong>i <strong>dvostruki na\u010din rada s povla\u010denjem<\/strong> za produljene ili sna\u017ene performanse.<\/li>\n<\/ul>\n<h6>2. <strong>Koliko povla\u010denja mogu dobiti s Vookbar Cyber PRO Vape Boxom?<\/strong><\/h6>\n<ul>\n<li>In <strong>Norm na\u010din rada<\/strong>, mo\u017eete u\u017eivati u do <strong>30.000 puffova<\/strong>, dok <strong>Power na\u010din rada<\/strong> nudi <strong>15.000 udisaja<\/strong> za intenzivnije iskustvo vapinga.<\/li>\n<\/ul>\n<h6>3. <strong>Koju ja\u010dinu nikotina nudi Vookbar 30000 puff?<\/strong><\/h6>\n<ul>\n<li>Vookbar Cyber PRO ima <strong>5% ja\u010dina nikotina<\/strong>, pru\u017eaju\u0107i glatko i zadovoljavaju\u0107e povla\u010denje.<\/li>\n<\/ul>\n<h6>4. <strong>Je li Vookbar Cyber PRO punjivi vape?<\/strong><\/h6>\n<ul>\n<li>Da, uklju\u010duje <strong>850mAh punjiva baterija<\/strong> i podr\u017eava <strong>brzo punjenje Type-C<\/strong>.<\/li>\n<\/ul>\n<h6>5. <strong>Koristi li 30k puffs vape vookbar tehnologiju mre\u017eastog grija\u010da?<\/strong><\/h6>\n<ul>\n<li>Da, ure\u0111aj ima <strong>tehnologijom dvostruke mre\u017easte zavojnice<\/strong> za dosljedan okus i gustu proizvodnju pare.<\/li>\n<\/ul>","protected":false},"excerpt":{"rendered":"<div class=\"flex-shrink-0 flex flex-col relative items-end\">\n<div>\n<div class=\"pt-0\">\n<div class=\"gizmo-bot-avatar flex h-8 w-8 items-center justify-center overflow-hidden rounded-full\">\n<div class=\"relative p-1 rounded-sm flex items-center justify-center bg-token-main-surface-primary text-token-text-primary h-8 w-8\"><\/div>\n<\/div>\n<\/div>\n<\/div>\n<\/div>\n<div class=\"group\/conversation-turn relative flex w-full min-w-0 flex-col agent-turn\">\n<div class=\"flex-col gap-1 md:gap-3\">\n<div class=\"flex max-w-full flex-col flex-grow\">\n<div class=\"min-h-8 text-message flex w-full flex-col items-end gap-2 whitespace-normal break-words text-start [.text-message+&amp;]:mt-5\" dir=\"auto\" data-message-author-role=\"assistant\" data-message-id=\"cffa29e8-f112-46da-81c0-9ed74f60547a\" data-message-model-slug=\"gpt-4o\">\n<div class=\"flex w-full flex-col gap-1 empty:hidden first:pt-[3px]\">\n<div class=\"markdown prose w-full break-words dark:prose-invert light\">\n<p>Vookbar Cyber PRO 30000 Puffs jednokratni vape, 5% nikotina, elegantan dizajn, visok kapacitet, idealan za veleprodajne i skupne narud\u017ebe.<\/p>\n<\/div>\n<\/div>\n<\/div>\n<\/div>\n<\/div>\n<\/div>\n<figure id=\"attachment_2951\" aria-describedby=\"caption-attachment-2951\" style=\"width: 265px\" class=\"wp-caption alignnone\"><img decoding=\"async\" class=\"size-medium wp-image-2951\" src=\"https:\/\/vapestornado.com\/wp-content\/uploads\/2024\/12\/Wholesale-Disposable-Vape-265x300.jpg\" alt=\"Veleprodaja jednokratnih vape ure\u0111aja\" width=\"265\" height=\"300\" srcset=\"https:\/\/vapestornado.com\/wp-content\/uploads\/2024\/12\/Wholesale-Disposable-Vape-265x300.jpg 265w, https:\/\/vapestornado.com\/wp-content\/uploads\/2024\/12\/Wholesale-Disposable-Vape-768x871.jpg 768w, https:\/\/vapestornado.com\/wp-content\/uploads\/2024\/12\/Wholesale-Disposable-Vape-600x680.jpg 600w, https:\/\/vapestornado.com\/wp-content\/uploads\/2024\/12\/Wholesale-Disposable-Vape.jpg 823w\" sizes=\"(max-width: 265px) 100vw, 265px\" \/><figcaption id=\"caption-attachment-2951\" class=\"wp-caption-text\">Molimo kontaktirajte Mandy's WhatsApp za cijenu s popustom\u00a0 <a href=\"https:\/\/wa.me\/8618077105796\">+8618077105796<\/a><\/figcaption><\/figure>\n<p>&nbsp;<\/p>","protected":false},"featured_media":3489,"comment_status":"open","ping_status":"closed","template":"","meta":{"_acf_changed":false,"_uag_custom_page_level_css":"","_lmt_disableupdate":"no","_lmt_disable":"","_monsterinsights_skip_tracking":false,"_monsterinsights_sitenote_active":false,"_monsterinsights_sitenote_note":"","_monsterinsights_sitenote_category":0,"site-sidebar-layout":"default","site-content-layout":"","ast-site-content-layout":"default","site-content-style":"default","site-sidebar-style":"default","ast-global-header-display":"","ast-banner-title-visibility":"","ast-main-header-display":"","ast-hfb-above-header-display":"","ast-hfb-below-header-display":"","ast-hfb-mobile-header-display":"","site-post-title":"","ast-breadcrumbs-content":"","ast-featured-img":"","footer-sml-layout":"","ast-disable-related-posts":"","theme-transparent-header-meta":"default","adv-header-id-meta":"","stick-header-meta":"","header-above-stick-meta":"","header-main-stick-meta":"","header-below-stick-meta":"","astra-migrate-meta-layouts":"set","ast-page-background-enabled":"default","ast-page-background-meta":{"desktop":{"background-color":"","background-image":"","background-repeat":"repeat","background-position":"center center","background-size":"auto","background-attachment":"scroll","background-type":"","background-media":"","overlay-type":"","overlay-color":"","overlay-opacity":"","overlay-gradient":""},"tablet":{"background-color":"","background-image":"","background-repeat":"repeat","background-position":"center center","background-size":"auto","background-attachment":"scroll","background-type":"","background-media":"","overlay-type":"","overlay-color":"","overlay-opacity":"","overlay-gradient":""},"mobile":{"background-color":"","background-image":"","background-repeat":"repeat","background-position":"center center","background-size":"auto","background-attachment":"scroll","background-type":"","background-media":"","overlay-type":"","overlay-color":"","overlay-opacity":"","overlay-gradient":""}},"ast-content-background-meta":{"desktop":{"background-color":"var(--ast-global-color-5)","background-image":"","background-repeat":"repeat","background-position":"center center","background-size":"auto","background-attachment":"scroll","background-type":"","background-media":"","overlay-type":"","overlay-color":"","overlay-opacity":"","overlay-gradient":""},"tablet":{"background-color":"var(--ast-global-color-5)","background-image":"","background-repeat":"repeat","background-position":"center center","background-size":"auto","background-attachment":"scroll","background-type":"","background-media":"","overlay-type":"","overlay-color":"","overlay-opacity":"","overlay-gradient":""},"mobile":{"background-color":"var(--ast-global-color-5)","background-image":"","background-repeat":"repeat","background-position":"center center","background-size":"auto","background-attachment":"scroll","background-type":"","background-media":"","overlay-type":"","overlay-color":"","overlay-opacity":"","overlay-gradient":""}},"_joinchat":{"telephone":"+8618077105796"}},"product_brand":[],"product_cat":[67,149,150,154,155],"product_tag":[97,188],"class_list":{"0":"post-3301","1":"product","2":"type-product","3":"status-publish","4":"has-post-thumbnail","6":"product_cat-30000-puff","7":"product_cat-buy-disposable-vapes-in-austria","8":"product_cat-buy-disposable-vapes-in-belgium","9":"product_cat-buy-disposable-vapes-in-netherlands","10":"product_cat-buy-disposable-vapes-in-norway","11":"product_tag-hot-sale-disposable-vape","12":"product_tag-vookbar-cyber-pro-30000-puffs","13":"desktop-align-left","14":"tablet-align-left","15":"mobile-align-left","17":"first","18":"instock","19":"sale","20":"shipping-taxable","21":"purchasable","22":"product-type-simple"},"acf":[],"uagb_featured_image_src":{"full":["https:\/\/vapestornado.com\/wp-content\/uploads\/2024\/12\/Best-Price-Vookbar-30000-Puff-Vapes.jpg",800,800,false],"thumbnail":["https:\/\/vapestornado.com\/wp-content\/uploads\/2024\/12\/Best-Price-Vookbar-30000-Puff-Vapes-150x150.jpg",150,150,true],"medium":["https:\/\/vapestornado.com\/wp-content\/uploads\/2024\/12\/Best-Price-Vookbar-30000-Puff-Vapes-300x300.jpg",300,300,true],"medium_large":["https:\/\/vapestornado.com\/wp-content\/uploads\/2024\/12\/Best-Price-Vookbar-30000-Puff-Vapes-768x768.jpg",768,768,true],"large":["https:\/\/vapestornado.com\/wp-content\/uploads\/2024\/12\/Best-Price-Vookbar-30000-Puff-Vapes.jpg",800,800,false],"1536x1536":["https:\/\/vapestornado.com\/wp-content\/uploads\/2024\/12\/Best-Price-Vookbar-30000-Puff-Vapes.jpg",800,800,false],"2048x2048":["https:\/\/vapestornado.com\/wp-content\/uploads\/2024\/12\/Best-Price-Vookbar-30000-Puff-Vapes.jpg",800,800,false],"trp-custom-language-flag":["https:\/\/vapestornado.com\/wp-content\/uploads\/2024\/12\/Best-Price-Vookbar-30000-Puff-Vapes.jpg",12,12,false],"woocommerce_thumbnail":["https:\/\/vapestornado.com\/wp-content\/uploads\/2024\/12\/Best-Price-Vookbar-30000-Puff-Vapes-300x300.jpg",300,300,true],"woocommerce_single":["https:\/\/vapestornado.com\/wp-content\/uploads\/2024\/12\/Best-Price-Vookbar-30000-Puff-Vapes-600x600.jpg",600,600,true],"woocommerce_gallery_thumbnail":["https:\/\/vapestornado.com\/wp-content\/uploads\/2024\/12\/Best-Price-Vookbar-30000-Puff-Vapes-100x100.jpg",100,100,true]},"uagb_author_info":{"display_name":"ESMANDY","author_link":"https:\/\/vapestornado.com\/hr\/author\/"},"uagb_comment_info":0,"uagb_excerpt":"Vookbar Cyber PRO 30000 Puffs Disposable Vape, 5% nicotine, sleek design, high capacity, ideal for wholesale and bulk orders. [caption id=\"attachment_2951\" align=\"alignnone\" width=\"265\"] Pls Contact Mandy's WhatsApp For Discount Price\u00a0 +8618077105796[\/caption] &nbsp;","_links":{"self":[{"href":"https:\/\/vapestornado.com\/hr\/wp-json\/wp\/v2\/product\/3301","targetHints":{"allow":["GET"]}}],"collection":[{"href":"https:\/\/vapestornado.com\/hr\/wp-json\/wp\/v2\/product"}],"about":[{"href":"https:\/\/vapestornado.com\/hr\/wp-json\/wp\/v2\/types\/product"}],"replies":[{"embeddable":true,"href":"https:\/\/vapestornado.com\/hr\/wp-json\/wp\/v2\/comments?post=3301"}],"wp:featuredmedia":[{"embeddable":true,"href":"https:\/\/vapestornado.com\/hr\/wp-json\/wp\/v2\/media\/3489"}],"wp:attachment":[{"href":"https:\/\/vapestornado.com\/hr\/wp-json\/wp\/v2\/media?parent=3301"}],"wp:term":[{"taxonomy":"product_brand","embeddable":true,"href":"https:\/\/vapestornado.com\/hr\/wp-json\/wp\/v2\/product_brand?post=3301"},{"taxonomy":"product_cat","embeddable":true,"href":"https:\/\/vapestornado.com\/hr\/wp-json\/wp\/v2\/product_cat?post=3301"},{"taxonomy":"product_tag","embeddable":true,"href":"https:\/\/vapestornado.com\/hr\/wp-json\/wp\/v2\/product_tag?post=3301"}],"curies":[{"name":"wp","href":"https:\/\/api.w.org\/{rel}","templated":true}]}}