{"id":3289,"date":"2024-12-20T06:26:27","date_gmt":"2024-12-20T06:26:27","guid":{"rendered":"https:\/\/vapestornado.com\/?post_type=product&#038;p=3289"},"modified":"2025-12-09T08:34:55","modified_gmt":"2025-12-09T08:34:55","slug":"aivono-flash-35000-puffs-rechargeable-disposable-vape-bulk-buy","status":"publish","type":"product","link":"https:\/\/vapestornado.com\/hr\/product\/aivono-flash-35000-puffs-rechargeable-disposable-vape-bulk-buy\/","title":{"rendered":"Aivono Flash 35000 Puffs punjivi jednokratni Vape kupnja na veliko"},"content":{"rendered":"<h2 class=\"sr-only\">Aivono Flash 35000 Pufova Punjiva Jednokratna Vape Pode\u0161avanje Mode Vaping &amp; Dvostruki Mre\u017eni Ulo\u0161ci<\/h2>\n<p><strong data-start=\"107\" data-end=\"135\">Aivono Flash 35000 Udisaja<\/strong> je visokokapacitetna punjiva jednokratna za vapere koji \u017eele dugotrajni rad, jasnu kontrolu i udisaj koji se mo\u017ee prilagoditi osobnom ukusu. S <strong data-start=\"281\" data-end=\"303\">do 35.000 udisaja<\/strong> i <strong data-start=\"310\" data-end=\"334\">36ml unaprijed napunjeni spremnik<\/strong>, izra\u0111ena je da traje tjednima umjesto dana. The <strong data-start=\"386\" data-end=\"404\">dvostrukom mre\u017eastom zavojnicom<\/strong> dostavlja gustu paru i stabilan okus, dok <strong data-start=\"453\" data-end=\"487\">podesiv protok zraka i snaga<\/strong> omogu\u0107uju vam da ure\u0111aj postavite onako kako \u017eelite, umjesto da prihvatite jednaki na\u010din rada za sve. A <strong data-start=\"580\" data-end=\"603\">zakriveni pametni ekran<\/strong> dr\u017ei vas informiranim o stanju baterije i teku\u0107ine, a <strong data-start=\"652\" data-end=\"666\">dje\u010dja blokada<\/strong> dodaje sloj prakti\u010dne sigurnosti.<\/p>\n<h3 data-start=\"921\" data-end=\"996\">Za\u0161to je Aivono Flash 35000 Pufova dobra opcija za vapere u Hrvatskoj?<\/h3>\n<ul data-start=\"998\" data-end=\"1872\">\n<li data-start=\"998\" data-end=\"1192\">\n<p data-start=\"1000\" data-end=\"1192\"><strong data-start=\"1000\" data-end=\"1037\">Kapacitet podr\u017ean stvarnim specifikacijama.<\/strong> Tvrdnja od 35K je podr\u017eana od strane <strong data-start=\"1065\" data-end=\"1085\">36 ml e-teku\u0107ine<\/strong> i punjive baterije, tako da ure\u0111aj mo\u017ee realno pru\u017eiti produ\u017eenu upotrebu bez ranog isu\u0161ivanja.<\/p>\n<\/li>\n<li data-start=\"1194\" data-end=\"1399\">\n<p data-start=\"1196\" data-end=\"1399\"><strong data-start=\"1196\" data-end=\"1237\">Prilagodba koja mijenja svakodnevnu upotrebu.<\/strong> <strong data-start=\"1238\" data-end=\"1283\">Dvosmjerni protok zraka plus podesiva snaga<\/strong> omogu\u0107uju vam da prilagodite udisaj i razinu pare \u2014 u\u017ei i mirniji za dnevnu upotrebu, otvoreniji i sna\u017eniji kada to \u017eelite.<\/p>\n<\/li>\n<li data-start=\"1401\" data-end=\"1580\">\n<p data-start=\"1403\" data-end=\"1580\"><strong data-start=\"1403\" data-end=\"1443\">Dvostruki mre\u017eni ulo\u0161ci odr\u017eavaju okus stabilnim.<\/strong> Mre\u017eno grijanje ravnomjerno \u0161iri toplinu. Tijekom dugotrajne uporabe, to zna\u010di <strong data-start=\"1504\" data-end=\"1546\">manji gubitak okusa i manje o\u0161tre udare<\/strong> u usporedbi sa standardnim skupovima zavojnica.<\/p>\n<\/li>\n<li data-start=\"1582\" data-end=\"1757\">\n<p data-start=\"1584\" data-end=\"1757\"><strong data-start=\"1584\" data-end=\"1641\">Punjiva kobalt baterija izra\u0111ena za dosljednost.<\/strong> Ovo <strong data-start=\"1646\" data-end=\"1690\">Baterija od 850mAh s brzim punjenjem Type-C<\/strong> dr\u017ei vrijeme zastoja kratkim i izlaz stabilnim dok se ne potro\u0161i spremnik.<\/p>\n<\/li>\n<li data-start=\"1759\" data-end=\"1872\">\n<p data-start=\"1761\" data-end=\"1872\"><strong data-start=\"1761\" data-end=\"1787\">Jednostavno sigurnosno pobolj\u0161anje.<\/strong> Ovo <strong data-start=\"1792\" data-end=\"1806\">dje\u010dja blokada<\/strong> je stvarna korist za ku\u0107anstva i putovanja, a ne trik.<\/p>\n<\/li>\n<\/ul>\n<p><strong>Dodajte Amy na WhatsApp za brzi odgovor i kupon za vape!<\/strong><\/p>\n<p><img fetchpriority=\"high\" decoding=\"async\" class=\"size-full wp-image-2932\" src=\"https:\/\/vapestornado.com\/wp-content\/uploads\/2024\/12\/Vape-Wholesale.jpg\" alt=\"Veleprodaja vejpova\" width=\"229\" height=\"300\" \/><\/p>\n<h3><a href=\"https:\/\/wa.me\/8617776015835\" target=\"_blank\" rel=\"noopener\"><span style=\"color: #ff0000;\"><strong>WhatsApp: +86 17776015835<\/strong><\/span><\/a><\/h3>\n<p>&nbsp;<\/p>\n<p><span style=\"font-size: 1.5em; font-weight: bold;\">Aivono Flash 35000 Klju\u010dne zna\u010dajke proizvoda\u00a0<\/span><\/p>\n<div role=\"article\" data-tabster=\"{&quot;groupper&quot;:{&quot;tabbability&quot;:2},&quot;focusable&quot;:{}}\" data-content=\"ai-message\" aria-labelledby=\"juhNTJ6o7Gk1cgwZMJgv2-author juhNTJ6o7Gk1cgwZMJgv2-content\">\n<div id=\"juhNTJ6o7Gk1cgwZMJgv2-content\">\n<div role=\"article\" data-tabster=\"{&quot;groupper&quot;:{&quot;tabbability&quot;:2},&quot;focusable&quot;:{}}\" data-content=\"ai-message\" aria-labelledby=\"x4EZuCZWrTbh3weWUt7CU-author x4EZuCZWrTbh3weWUt7CU-content\">\n<div id=\"x4EZuCZWrTbh3weWUt7CU-content\">\n<table>\n<thead>\n<tr>\n<th>Zna\u010dajka<\/th>\n<th>Specifikacije<\/th>\n<th>Detalji<\/th>\n<\/tr>\n<\/thead>\n<tbody>\n<tr>\n<td>Kapacitet Udisaja<\/td>\n<td>Do 35.000 udisaja<\/td>\n<td>Produ\u017eeni vijek trajanja usmjeren na vi\u0161emjese\u010dnu upotrebu.<\/td>\n<\/tr>\n<tr>\n<td>Volumen e-teku\u0107ine<\/td>\n<td>36ml unaprijed napunjeno<\/td>\n<td>Veliki spremnik podr\u017eava duge sesije i stabilan izlaz.<\/td>\n<\/tr>\n<tr>\n<td>Sustav zavojnica<\/td>\n<td>Dvostruka mre\u017easta zavojnica<\/td>\n<td>Jednoliko zagrijavanje za gustu paru i dugotrajan okus.<\/td>\n<\/tr>\n<tr>\n<td>Baterija<\/td>\n<td>850mAh punjiva kobaltna baterija<\/td>\n<td>Pouzdano isporu\u010divanje snage; ponovno punjenje za kori\u0161tenje cijelog spremnika.<\/td>\n<\/tr>\n<tr>\n<td>Punjenje<\/td>\n<td>brzo punjenje Type-C<\/td>\n<td>Brza dopunjavanja s modernim EU-standardnim kabelima.<\/td>\n<\/tr>\n<tr>\n<td>Protok zraka<\/td>\n<td>Prilagodljiv, dvostupanjski<\/td>\n<td>Prebacivanje izme\u0111u \u010dvr\u0161\u0107eg MTL i prozra\u010dnijeg DTL stila.<\/td>\n<\/tr>\n<tr>\n<td>Snaga<\/td>\n<td>Prilagodljiv izlaz<\/td>\n<td>Personalizira ja\u010dinu i toplinu pare.<\/td>\n<\/tr>\n<tr>\n<td>Zaslon<\/td>\n<td>Pametan zakrivljeni zaslon<\/td>\n<td>Prikazuje status baterije + e-teku\u0107ine u\u017eivo, lako za \u010ditanje.<\/td>\n<\/tr>\n<tr>\n<td>Sigurnost<\/td>\n<td>Dje\u010dja brava<\/td>\n<td>Smanjuje slu\u010dajno aktiviranje i pru\u017ea mir u du\u0161i.<\/td>\n<\/tr>\n<tr>\n<td>Nivoi nikotina<\/td>\n<td>0% \/ 2% \/ 5% solni nikotin<\/td>\n<td>Opcije bez nikotina, niske i jake.<\/td>\n<\/tr>\n<tr>\n<td>Okusi<\/td>\n<td>15 okusa<\/td>\n<td>\u0160irok raspon, uklju\u010duju\u0107i vo\u0107ne i osvje\u017eavaju\u0107e profile.<\/td>\n<\/tr>\n<\/tbody>\n<\/table>\n<figure id=\"attachment_3284\" aria-describedby=\"caption-attachment-3284\" style=\"width: 800px\" class=\"wp-caption alignnone\"><img decoding=\"async\" class=\"wp-image-3284 size-full\" src=\"https:\/\/vapestornado.com\/wp-content\/uploads\/2024\/12\/AIVONO-FLASH-35000-Disposable-Vape-Wholesale.jpg\" alt=\"AIVONO FLASH 35000 Jednokratni Vape Veleprodaja\" width=\"800\" height=\"800\" srcset=\"https:\/\/vapestornado.com\/wp-content\/uploads\/2024\/12\/AIVONO-FLASH-35000-Disposable-Vape-Wholesale.jpg 800w, https:\/\/vapestornado.com\/wp-content\/uploads\/2024\/12\/AIVONO-FLASH-35000-Disposable-Vape-Wholesale-300x300.jpg 300w, https:\/\/vapestornado.com\/wp-content\/uploads\/2024\/12\/AIVONO-FLASH-35000-Disposable-Vape-Wholesale-150x150.jpg 150w, https:\/\/vapestornado.com\/wp-content\/uploads\/2024\/12\/AIVONO-FLASH-35000-Disposable-Vape-Wholesale-768x768.jpg 768w, https:\/\/vapestornado.com\/wp-content\/uploads\/2024\/12\/AIVONO-FLASH-35000-Disposable-Vape-Wholesale-600x600.jpg 600w, https:\/\/vapestornado.com\/wp-content\/uploads\/2024\/12\/AIVONO-FLASH-35000-Disposable-Vape-Wholesale-100x100.jpg 100w\" sizes=\"(max-width: 800px) 100vw, 800px\" \/><figcaption id=\"caption-attachment-3284\" class=\"wp-caption-text\">AIVONO FLASH 35000 Jednokratni Vape Veleprodaja<\/figcaption><\/figure>\n<\/div>\n<\/div>\n<\/div>\n<\/div>\n<h2 class=\"product-title\"><strong>Popularni okus za Aivono Flash 35000 udisaja<\/strong><\/h2>\n<h3><\/h3>\n<ol>\n<li>Jagoda led<\/li>\n<li>Jagoda Lubenica<strong> <span style=\"color: #ff0000;\">&gt;&gt;&gt;&gt;&gt; Vru\u0107e !<\/span><\/strong><\/li>\n<li>Malina Tre\u0161nja<\/li>\n<li>Plava Razz <strong><span style=\"color: #ff0000;\">&gt;&gt;&gt;&gt;&gt; Vru\u0107e !<\/span><\/strong><\/li>\n<li>Limun metvica<\/li>\n<li>Sok od breskve<\/li>\n<li>Borovnica Gro\u017e\u0111e<\/li>\n<li>Lubenica led<\/li>\n<li>Jabuka Bobi\u010dasto vo\u0107e<\/li>\n<li>Mango Ananas<\/li>\n<li>Plavi Ran\u010d<\/li>\n<li>Sladoled od jagode<\/li>\n<li>Ledeno gro\u017e\u0111e<\/li>\n<li>Mije\u0161ano bobi\u010dasto vo\u0107e <strong><span style=\"color: #ff0000;\">&gt;&gt;&gt;&gt;&gt; Najbolje !<\/span><\/strong><\/li>\n<li>Jagoda Kivi<\/li>\n<\/ol>\n<h3>Za\u0161to odabrati vapestornado za veleprodaju Aivono Flash 35000 Puffs Vape?<\/h3>\n<div class=\"flex-shrink-0 flex flex-col relative items-end\">\n<div class=\"pt-0\">\n<div class=\"gizmo-bot-avatar flex h-8 w-8 items-center justify-center overflow-hidden rounded-full\">\n<div class=\"relative p-1 rounded-sm flex items-center justify-center bg-token-main-surface-primary text-token-text-primary h-8 w-8\">\n<p>Dobrodo\u0161li u vapestornado, va\u0161u pouzdanu online vape trgovinu za vrhunske jednokratne vape ure\u0111aje. S vi\u0161e od 5 godina stru\u010dnosti, donosimo vam popularne marke jednokratnih vape ure\u0111aja kao \u0161to su Fumot RandM Vape, <a href=\"https:\/\/vapestornado.com\/hr\/product\/vapme-crystal-7000-puffs-rechargeable-disposable-vape-wholesale-cheap-price\/\">Vapme<\/a>, Bang Vape, Waspe Vape i WGA Vape, itd.<\/p>\n<p>Na\u0161 asortiman uklju\u010duje vru\u0107e vapeove poput <a href=\"https:\/\/vapestornado.com\/hr\/product\/fumot-randm-tornado-15000-puffs-rechargeable-disposable-vape-wholesale\/\">RandM Tornado 15000<\/a>, i izbor bogat okusom poput <a href=\"https:\/\/vapestornado.com\/hr\/product\/vapsolo-dg-18000-puffs-smart-screen-wholesale-disposable-cheap-vapes\/\">\u00a0Vapsolo DG18000 Udisaja<\/a> . Svaki proizvod odabran je s fokusom na kvalitetu, vrijednost i raznolikost, osiguravaju\u0107i da prona\u0111ete savr\u0161eno podudaranje za svoje potrebe. Otkrijte iznimnu uslugu i \u0161irok spektar vrhunskih proizvoda po veleprodajnoj cijeni na vapestornado.<\/p>\n<\/div>\n<h3><\/h3>\n<div class=\"relative p-1 rounded-sm flex items-center justify-center bg-token-main-surface-primary text-token-text-primary h-8 w-8\">\n<h3>\u010cesta pitanja za Aivono Flash 35k jednokratni vape<\/h3>\n<\/div>\n<\/div>\n<\/div>\n<\/div>\n<div class=\"flex-shrink-0 flex flex-col relative items-end\">\n<div class=\"pt-0\">\n<div class=\"gizmo-bot-avatar flex h-8 w-8 items-center justify-center overflow-hidden rounded-full\">\n<div class=\"relative p-1 rounded-sm flex items-center justify-center bg-token-main-surface-primary text-token-text-primary h-8 w-8\">\n<div class=\"mb-2 flex gap-3 empty:hidden -ml-2\">\n<div role=\"article\" data-tabster=\"{&quot;groupper&quot;:{&quot;tabbability&quot;:2},&quot;focusable&quot;:{}}\" data-content=\"ai-message\" aria-labelledby=\"Vdt5ez4X7Tg813x6rFVha-author Vdt5ez4X7Tg813x6rFVha-content\">\n<div id=\"Vdt5ez4X7Tg813x6rFVha-content\">\n<div role=\"article\" data-tabster=\"{&quot;groupper&quot;:{&quot;tabbability&quot;:2},&quot;focusable&quot;:{}}\" data-content=\"ai-message\" aria-labelledby=\"o968oC7CEo2fGHsGdsRYC-author o968oC7CEo2fGHsGdsRYC-content\">\n<div id=\"o968oC7CEo2fGHsGdsRYC-content\">\n<div class=\"flex max-w-full flex-col flex-grow\">\n<div class=\"min-h-8 text-message flex w-full flex-col items-end gap-2 whitespace-normal break-words text-start [.text-message+&amp;]:mt-5\" dir=\"auto\" data-message-author-role=\"assistant\" data-message-id=\"b080906d-586a-45a5-bbed-ade28bd7e809\" data-message-model-slug=\"gpt-4o\">\n<div class=\"flex w-full flex-col gap-1 empty:hidden first:pt-[3px]\">\n<div class=\"markdown prose w-full break-words dark:prose-invert light\">\n<ol data-start=\"3738\" data-end=\"4924\">\n<li data-start=\"3738\" data-end=\"3959\">\n<p data-start=\"3741\" data-end=\"3959\"><strong data-start=\"3741\" data-end=\"3827\">Kako dualna mre\u017easta zavojnica Aivono Flash 35000 Puffs utje\u010de na okus tijekom dugotrajne uporabe?<\/strong><br data-start=\"3827\" data-end=\"3830\" \/>Dualne mre\u017easte zavojnice ravnomjernije griju od pojedina\u010dnih \u017ei\u010danih zavojnica, poma\u017eu\u0107i da Flash 35K odr\u017eava dosljedan okus dublje u 36ml spremniku.<\/p>\n<\/li>\n<li data-start=\"3961\" data-end=\"4212\">\n<p data-start=\"3964\" data-end=\"4212\"><strong data-start=\"3964\" data-end=\"4065\">Koja je prednost podesive snage na Aivono Flash 35000 punjivoj jednokratnoj e-cigareti?<\/strong><br data-start=\"4065\" data-end=\"4068\" \/>Podesiva snaga omogu\u0107ava kontrolu topline i ja\u010dine pare. Ni\u017ee postavke odgovaraju glatkom svakodnevnom udisaju, vi\u0161e postavke potiskuju gu\u0161\u0107e oblake.<\/p>\n<\/li>\n<li data-start=\"4214\" data-end=\"4429\">\n<p data-start=\"4217\" data-end=\"4429\"><strong data-start=\"4217\" data-end=\"4297\">Radi li dvostupanjska kontrola protoka zraka Aivono Flash 35K za korisnike MTL i DTL?<\/strong><br data-start=\"4297\" data-end=\"4300\" \/>Da. U\u017ee postavke protoka zraka podr\u017eavaju MTL stil udisaja, dok \u0161ire postavke omogu\u0107uju DTL korisnicima slobodniji i ve\u0107i oblak pare.<\/p>\n<\/li>\n<li data-start=\"4431\" data-end=\"4670\">\n<p data-start=\"4434\" data-end=\"4670\"><strong data-start=\"4434\" data-end=\"4533\">Mo\u017ee li Aivono Flash 35000 Type-C punjiva jednokratna e-cigareta zavr\u0161iti cijeli 36ml spremnik e-tekuc\u0301ine?<\/strong><br data-start=\"4533\" data-end=\"4536\" \/>To je svrha njezinog punjivog dizajna. Ako se baterija isprazni prije nego \u0161to se teku\u0107ina potro\u0161i, brzo punjenje putem Type-C odr\u017eava rad ure\u0111aja.<\/p>\n<\/li>\n<li data-start=\"4672\" data-end=\"4924\">\n<p data-start=\"4675\" data-end=\"4924\"><strong data-start=\"4675\" data-end=\"4785\">Je li Aivono Flash 35000 Puffs visokokapacitetna e-cigareta prikladna za te\u0161ke korisnike koji \u017eele stabilan izlaz pare?<\/strong><br data-start=\"4785\" data-end=\"4788\" \/>Namijenjena je za takvu rutinu: velika koli\u010dina teku\u0107ine, dualne mre\u017easte zavojnice i podesiva snaga odr\u017eavaju gusto\u0107u pare stabilnom tijekom dugih sesija.<\/p>\n<\/li>\n<\/ol>\n<\/div>\n<\/div>\n<\/div>\n<\/div>\n<\/div>\n<\/div>\n<\/div>\n<\/div>\n<\/div>\n<\/div>\n<\/div>\n<\/div>\n<\/div>","protected":false},"excerpt":{"rendered":"<p>Aivono Aim Flash 35000 Puffs 2% 5% niska razina nikotina, jednokratni vape, veleprodajna cijena<br \/>\nAivono Flash 35000 Puffs, jednokratni vape s mogu\u0107no\u0161\u0107u punjenja, veleprodaja<br \/>\nJeftini tvorni\u010dki Aivono Aim Flash 35000 Puffs 2% 5% niska razina nikotina, jednokratni vape<\/p>\n<p><strong>Dodajte Amy na WhatsApp za brzi odgovor i kupon za vape!<\/strong><\/p>\n<p><img fetchpriority=\"high\" decoding=\"async\" class=\"size-full wp-image-2932\" src=\"https:\/\/vapestornado.com\/wp-content\/uploads\/2024\/12\/Vape-Wholesale.jpg\" alt=\"Veleprodaja vejpova\" width=\"229\" height=\"300\" \/><\/p>\n<h3><a href=\"https:\/\/wa.me\/8617776015835\"><span style=\"color: #ff0000;\"><strong>WhatsApp: +86 17776015835<\/strong><\/span><\/a><\/h3>\n<p>&nbsp;<\/p>","protected":false},"featured_media":3283,"comment_status":"open","ping_status":"closed","template":"","meta":{"_acf_changed":false,"_uag_custom_page_level_css":"","_lmt_disableupdate":"no","_lmt_disable":"","_monsterinsights_skip_tracking":false,"_monsterinsights_sitenote_active":false,"_monsterinsights_sitenote_note":"","_monsterinsights_sitenote_category":0,"site-sidebar-layout":"default","site-content-layout":"","ast-site-content-layout":"default","site-content-style":"default","site-sidebar-style":"default","ast-global-header-display":"","ast-banner-title-visibility":"","ast-main-header-display":"","ast-hfb-above-header-display":"","ast-hfb-below-header-display":"","ast-hfb-mobile-header-display":"","site-post-title":"","ast-breadcrumbs-content":"","ast-featured-img":"","footer-sml-layout":"","ast-disable-related-posts":"","theme-transparent-header-meta":"default","adv-header-id-meta":"","stick-header-meta":"","header-above-stick-meta":"","header-main-stick-meta":"","header-below-stick-meta":"","astra-migrate-meta-layouts":"set","ast-page-background-enabled":"default","ast-page-background-meta":{"desktop":{"background-color":"","background-image":"","background-repeat":"repeat","background-position":"center center","background-size":"auto","background-attachment":"scroll","background-type":"","background-media":"","overlay-type":"","overlay-color":"","overlay-opacity":"","overlay-gradient":""},"tablet":{"background-color":"","background-image":"","background-repeat":"repeat","background-position":"center center","background-size":"auto","background-attachment":"scroll","background-type":"","background-media":"","overlay-type":"","overlay-color":"","overlay-opacity":"","overlay-gradient":""},"mobile":{"background-color":"","background-image":"","background-repeat":"repeat","background-position":"center center","background-size":"auto","background-attachment":"scroll","background-type":"","background-media":"","overlay-type":"","overlay-color":"","overlay-opacity":"","overlay-gradient":""}},"ast-content-background-meta":{"desktop":{"background-color":"var(--ast-global-color-5)","background-image":"","background-repeat":"repeat","background-position":"center center","background-size":"auto","background-attachment":"scroll","background-type":"","background-media":"","overlay-type":"","overlay-color":"","overlay-opacity":"","overlay-gradient":""},"tablet":{"background-color":"var(--ast-global-color-5)","background-image":"","background-repeat":"repeat","background-position":"center center","background-size":"auto","background-attachment":"scroll","background-type":"","background-media":"","overlay-type":"","overlay-color":"","overlay-opacity":"","overlay-gradient":""},"mobile":{"background-color":"var(--ast-global-color-5)","background-image":"","background-repeat":"repeat","background-position":"center center","background-size":"auto","background-attachment":"scroll","background-type":"","background-media":"","overlay-type":"","overlay-color":"","overlay-opacity":"","overlay-gradient":""}},"_joinchat":{"telephone":"+8617776015835"}},"product_brand":[],"product_cat":[175,176,151,157,158,142,144],"product_tag":[185,165,97,166,184,94],"class_list":{"0":"post-3289","1":"product","2":"type-product","3":"status-publish","4":"has-post-thumbnail","6":"product_cat-35000-puff","7":"product_cat-aivono-vape","8":"product_cat-buy-disposable-vapes-in-france","9":"product_cat-buy-disposable-vapes-in-portugal","10":"product_cat-buy-disposable-vapes-in-spain","11":"product_cat-digital-box-disposable-vapes","12":"product_cat-low-nicotine-disposable-vapes","13":"product_tag-aivono-flash-35000-puffs","14":"product_tag-cheap-vapes","15":"product_tag-hot-sale-disposable-vape","16":"product_tag-low-nicotine-vape","17":"product_tag-puff-35k","18":"product_tag-rechargeable-disposable-vape","19":"desktop-align-left","20":"tablet-align-left","21":"mobile-align-left","23":"first","24":"instock","25":"sale","26":"shipping-taxable","27":"purchasable","28":"product-type-simple"},"acf":[],"uagb_featured_image_src":{"full":["https:\/\/vapestornado.com\/wp-content\/uploads\/2024\/12\/Aivono-35000-Puffs-Disposable-Vape-Wholesale.jpg",800,800,false],"thumbnail":["https:\/\/vapestornado.com\/wp-content\/uploads\/2024\/12\/Aivono-35000-Puffs-Disposable-Vape-Wholesale-150x150.jpg",150,150,true],"medium":["https:\/\/vapestornado.com\/wp-content\/uploads\/2024\/12\/Aivono-35000-Puffs-Disposable-Vape-Wholesale-300x300.jpg",300,300,true],"medium_large":["https:\/\/vapestornado.com\/wp-content\/uploads\/2024\/12\/Aivono-35000-Puffs-Disposable-Vape-Wholesale-768x768.jpg",768,768,true],"large":["https:\/\/vapestornado.com\/wp-content\/uploads\/2024\/12\/Aivono-35000-Puffs-Disposable-Vape-Wholesale.jpg",800,800,false],"1536x1536":["https:\/\/vapestornado.com\/wp-content\/uploads\/2024\/12\/Aivono-35000-Puffs-Disposable-Vape-Wholesale.jpg",800,800,false],"2048x2048":["https:\/\/vapestornado.com\/wp-content\/uploads\/2024\/12\/Aivono-35000-Puffs-Disposable-Vape-Wholesale.jpg",800,800,false],"trp-custom-language-flag":["https:\/\/vapestornado.com\/wp-content\/uploads\/2024\/12\/Aivono-35000-Puffs-Disposable-Vape-Wholesale.jpg",12,12,false],"woocommerce_thumbnail":["https:\/\/vapestornado.com\/wp-content\/uploads\/2024\/12\/Aivono-35000-Puffs-Disposable-Vape-Wholesale-300x300.jpg",300,300,true],"woocommerce_single":["https:\/\/vapestornado.com\/wp-content\/uploads\/2024\/12\/Aivono-35000-Puffs-Disposable-Vape-Wholesale-600x600.jpg",600,600,true],"woocommerce_gallery_thumbnail":["https:\/\/vapestornado.com\/wp-content\/uploads\/2024\/12\/Aivono-35000-Puffs-Disposable-Vape-Wholesale-100x100.jpg",100,100,true]},"uagb_author_info":{"display_name":"ESAMY","author_link":"https:\/\/vapestornado.com\/hr\/author\/"},"uagb_comment_info":0,"uagb_excerpt":"Aivono Aim Flash 35000 Puffs 2% 5% Low Nicotine Disposable Vape Bulk Buy Price Aivono Flash 35000 Puffs Rechargeable Disposable Vape Wholesale Cheap Factory\u00a0Aivono Aim Flash 35000 Puffs 2% 5% Low Nicotine Disposable Vape Add Amy's whatsapp get right reply and vape vape coupon! WhatsApp: +86 17776015835 &nbsp;","_links":{"self":[{"href":"https:\/\/vapestornado.com\/hr\/wp-json\/wp\/v2\/product\/3289","targetHints":{"allow":["GET"]}}],"collection":[{"href":"https:\/\/vapestornado.com\/hr\/wp-json\/wp\/v2\/product"}],"about":[{"href":"https:\/\/vapestornado.com\/hr\/wp-json\/wp\/v2\/types\/product"}],"replies":[{"embeddable":true,"href":"https:\/\/vapestornado.com\/hr\/wp-json\/wp\/v2\/comments?post=3289"}],"wp:featuredmedia":[{"embeddable":true,"href":"https:\/\/vapestornado.com\/hr\/wp-json\/wp\/v2\/media\/3283"}],"wp:attachment":[{"href":"https:\/\/vapestornado.com\/hr\/wp-json\/wp\/v2\/media?parent=3289"}],"wp:term":[{"taxonomy":"product_brand","embeddable":true,"href":"https:\/\/vapestornado.com\/hr\/wp-json\/wp\/v2\/product_brand?post=3289"},{"taxonomy":"product_cat","embeddable":true,"href":"https:\/\/vapestornado.com\/hr\/wp-json\/wp\/v2\/product_cat?post=3289"},{"taxonomy":"product_tag","embeddable":true,"href":"https:\/\/vapestornado.com\/hr\/wp-json\/wp\/v2\/product_tag?post=3289"}],"curies":[{"name":"wp","href":"https:\/\/api.w.org\/{rel}","templated":true}]}}