{"id":3231,"date":"2024-12-18T09:42:32","date_gmt":"2024-12-18T09:42:32","guid":{"rendered":"https:\/\/vapestornado.com\/?post_type=product&#038;p=3231"},"modified":"2025-08-23T12:12:36","modified_gmt":"2025-08-23T12:12:36","slug":"wholesale-price-aivono-curved-smart-screen-35000-puffs-disposable-vape","status":"publish","type":"product","link":"https:\/\/vapestornado.com\/hr\/product\/wholesale-price-aivono-curved-smart-screen-35000-puffs-disposable-vape\/","title":{"rendered":"Veleprodajna cijena AIVONO Zakrivljeni pametni zaslon 35000 Puffs jednokratni Vape"},"content":{"rendered":"<h1>Veleprodajna cijena AIVONO Zakrivljeni pametni zaslon 35000 Puffs jednokratni Vape<\/h1>\n<p>Ovo <strong data-start=\"346\" data-end=\"404\">AIVONO Zakrivljeni pametni zaslon 35000 Puffs Jednokratni Vape<\/strong> je dizajniran za vapere koji cijene naprednu tehnologiju, vrhunski dizajn i dugotrajne performanse. Isporu\u010duje do <strong data-start=\"524\" data-end=\"540\">35.000 udisaja<\/strong>, ovaj ure\u0111aj napaja pouzdana <strong data-start=\"579\" data-end=\"622\">850mAh \u010dista kobaltna punjiva baterija<\/strong> sa <strong data-start=\"628\" data-end=\"652\">Type-C brzo punjenje<\/strong>, osiguravaju\u0107i neprekidno vaping. Njegov <strong data-start=\"689\" data-end=\"726\">28ml prethodno napunjeni kapacitet e-teku\u0107ine<\/strong> i vi\u0161estruke ja\u010dine nikotina (0%, 2%, 3%, 5%) \u010dine ga prikladnim za \u0161iroku publiku.<\/p>\n<p>A <strong data-start=\"825\" data-end=\"848\">1.0\u03a9 dvostruka mre\u017easta zavojnica<\/strong> osigurava bogat okus i glatke oblake, dok <strong data-start=\"898\" data-end=\"927\">podesive postavke snage<\/strong> omogu\u0107uju korisnicima da prilagode gusto\u0107u i intenzitet pare. Zakrivljeni dinami\u010dki <strong data-start=\"998\" data-end=\"1015\">pametni zaslon<\/strong> prikazuje trajanje baterije i razine e-teku\u0107ine u stvarnom vremenu, dopunjeno animiranim vizualnim prikazima punjenja i prilagodljivim osvijetljenim logotipom.<\/p>\n<p>Sa svojim <strong data-start=\"1166\" data-end=\"1190\">elegantna, kompaktna izrada<\/strong> i OEM\/ODM opcije, AIVONO Zakrivljeni pametni zaslon 35K idealan je za osobne korisnike i <strong data-start=\"1284\" data-end=\"1304\">veleprodajne kupce<\/strong> diljem Hrvatske. Kombiniraju\u0107i inovaciju, trajnost i stil, to je izvanredan izbor za <strong data-start=\"1392\" data-end=\"1452\">trgovce i distributere koji tra\u017ee jednokratne vapeove na veliko<\/strong> po konkurentnim cijenama.<\/p>\n<figure id=\"attachment_3474\" aria-describedby=\"caption-attachment-3474\" style=\"width: 800px\" class=\"wp-caption alignnone\"><img fetchpriority=\"high\" decoding=\"async\" class=\"wp-image-3474 size-full\" src=\"https:\/\/vapestornado.com\/wp-content\/uploads\/2024\/12\/AIVONO-35k-puff-vape-Box.jpg\" alt=\"AIVONO 35k vape kutija s udisajima\" width=\"800\" height=\"800\" srcset=\"https:\/\/vapestornado.com\/wp-content\/uploads\/2024\/12\/AIVONO-35k-puff-vape-Box.jpg 800w, https:\/\/vapestornado.com\/wp-content\/uploads\/2024\/12\/AIVONO-35k-puff-vape-Box-300x300.jpg 300w, https:\/\/vapestornado.com\/wp-content\/uploads\/2024\/12\/AIVONO-35k-puff-vape-Box-150x150.jpg 150w, https:\/\/vapestornado.com\/wp-content\/uploads\/2024\/12\/AIVONO-35k-puff-vape-Box-768x768.jpg 768w, https:\/\/vapestornado.com\/wp-content\/uploads\/2024\/12\/AIVONO-35k-puff-vape-Box-600x600.jpg 600w, https:\/\/vapestornado.com\/wp-content\/uploads\/2024\/12\/AIVONO-35k-puff-vape-Box-100x100.jpg 100w\" sizes=\"(max-width: 800px) 100vw, 800px\" \/><figcaption id=\"caption-attachment-3474\" class=\"wp-caption-text\">AIVONO 35k vape kutija s udisajima<\/figcaption><\/figure>\n<p><img decoding=\"async\" class=\"wp-image-2951\" src=\"https:\/\/vapestornado.com\/wp-content\/uploads\/2024\/12\/Wholesale-Disposable-Vape-265x300.jpg\" alt=\"Veleprodaja jednokratnih vape ure\u0111aja\" width=\"295\" height=\"334\" srcset=\"https:\/\/vapestornado.com\/wp-content\/uploads\/2024\/12\/Wholesale-Disposable-Vape-265x300.jpg 265w, https:\/\/vapestornado.com\/wp-content\/uploads\/2024\/12\/Wholesale-Disposable-Vape-768x871.jpg 768w, https:\/\/vapestornado.com\/wp-content\/uploads\/2024\/12\/Wholesale-Disposable-Vape-600x680.jpg 600w, https:\/\/vapestornado.com\/wp-content\/uploads\/2024\/12\/Wholesale-Disposable-Vape.jpg 823w\" sizes=\"(max-width: 295px) 100vw, 295px\" \/><\/p>\n<h6>Molimo kontaktirajte Mandy's WhatsApp za cijenu s popustom<a href=\"https:\/\/wa.me\/8618077105796\" target=\"_blank\" rel=\"noopener\">+8618077105796<\/a><\/h6>\n<h2><strong>AIVONO Vape zakrivljeni zaslon 35000 Puffs \u2013 Klju\u010dne specifikacije<\/strong><\/h2>\n<div class=\"flex max-w-full flex-col flex-grow\">\n<div class=\"min-h-8 text-message flex w-full flex-col items-end gap-2 whitespace-normal break-words text-start [.text-message+&amp;]:mt-5\" dir=\"auto\" data-message-author-role=\"assistant\" data-message-id=\"cdb991c0-f594-4bff-b2d5-fbbdd7ce9e54\" data-message-model-slug=\"gpt-4o-mini\">\n<div class=\"flex w-full flex-col gap-1 empty:hidden first:pt-[3px]\">\n<div class=\"markdown prose w-full break-words dark:prose-invert light\">\n<ul>\n<li><strong>Udisaji:<\/strong> Do 35.000 udisaja<\/li>\n<li><strong>Kapacitet e-teku\u0107ine:<\/strong> 28 ml<\/li>\n<li><strong>Baterija:<\/strong> 17350 \u010disti kobalt, 850mAh (punjiva, Type-C)<\/li>\n<li><strong>Otpor zavojnice:<\/strong> 1.0\u03a9 dvostruka mre\u017easta zavojnica<\/li>\n<li><strong>Opcije nikotina:<\/strong> 5%, 3%, 2%, 0%<\/li>\n<li><strong>Zna\u010dajke zaslona:<\/strong> Indikatori e-teku\u0107ine i baterije, prilagodljivi osvijetljeni logotip<\/li>\n<li><strong>Zaslon:<\/strong> Zakrivljeni dinami\u010dni zaslon s efektima animacije punjenja i pare<\/li>\n<li><strong>Podesiva snaga:<\/strong> Podr\u017eava kontrolu okusa i pare<\/li>\n<li><strong>Dizajn:<\/strong> Kompaktna veli\u010dina (55*95 mm), podr\u017eava OEM\/ODM prilagodbu<\/li>\n<\/ul>\n<\/div>\n<\/div>\n<\/div>\n<\/div>\n<div class=\"mb-2 flex gap-3 empty:hidden -ml-2\">\n<div class=\"items-center justify-start rounded-xl p-1 flex\"><\/div>\n<\/div>\n<h2><strong>Veleprodaja Vapes AIVONO zakrivljeni zaslon Popis okusa 35k Puffs:<\/strong><\/h2>\n<p>1.AIM FLASH: Jagoda Led<br \/>\n2.AIM FLASH: Jagoda Lubenica<br \/>\n3.AIM FLASH: Crna Malina<br \/>\n4.AIM FLASH: Plava Malina Led<br \/>\n5.AIM FLASH: Limun<br \/>\n6.AIM FLASH: Sok od Breskve<br \/>\n7.AIM FLASH: Borovnica Gro\u017e\u0111e<br \/>\n8.AIM FLASH: Lubenica Led<br \/>\n9.AIM FLASH: Jabuka Bobi\u010dasto Vo\u0107e<br \/>\n10.AIM FLASH:Mango Ananas<br \/>\n11.AIM FLASH:Plavi Ranch<br \/>\n12.AIM FLASH:Led od Jagode<br \/>\n13.AIM FLASH:Gro\u017e\u0111e<br \/>\n14.AIM FLASH:Mije\u0161ano Bobi\u010dasto Vo\u0107e<br \/>\n15.AIM FLASH:Led od Jagode i Kivija<\/p>\n<div role=\"article\" data-tabster=\"{&quot;groupper&quot;:{&quot;tabbability&quot;:2},&quot;focusable&quot;:{}}\" data-content=\"ai-message\" aria-labelledby=\"dARUyEWDoEYhnSPXFwx5A-author dARUyEWDoEYhnSPXFwx5A-content\">\n<div id=\"dARUyEWDoEYhnSPXFwx5A-content\">\n<h3>Za\u0161to odabrati AIVONO Curved Smart Screen 35000 Puffs u Hrvatskoj <a href=\"https:\/\/vapestornado.com\/hr\/store\/\">vapestornado.hr<\/a>?<\/h3>\n<ol>\n<li><strong>Vrhunska Kvaliteta i Performanse<\/strong><br \/>\nAIVONO Curved Smart Screen 35000 Puffs jednokratni vape pru\u017ea iznimno iskustvo vapinga s do 35.000 udisaja. Pokretan punjivom baterijom velikog kapaciteta od 850mAh, osigurava dosljedne performanse i vrhunsku trajnost.<\/li>\n<li><strong>Napredne Zna\u010dajke za Vrhunsko Iskustvo<\/strong><br \/>\nOvaj ure\u0111aj je opremljen s 1.0\u03a9 dual mesh zavojnicom, \u0161to osigurava glatku proizvodnju pare i bogat okus sa svakim udahom. Zakrivljeni dinami\u010dni pametni zaslon pru\u017ea a\u017euriranja o razinama e-teku\u0107ine i baterije u stvarnom vremenu, dok prilagodljivi osvijetljeni logo dodaje notu sofisticiranosti.<\/li>\n<li><strong>Prilago\u0111eno za svakog vapera<\/strong><br \/>\nNude\u0107i vi\u0161e opcija nikotina (5%, 3%, 2%, 0%), AIVONO vape udovoljava razli\u010ditim preferencijama, osiguravaju\u0107i idealan izbor za svakog vapera.<\/li>\n<li><strong>Elegantan, kompaktan dizajn<\/strong><br \/>\nDizajniran s prakti\u010dno\u0161\u0107u na umu, AIVONO Curved Smart Screen Vape ima kompaktan oblik od 55*95mm, \u0161to ga \u010dini lakim za no\u0161enje, a istovremeno zadr\u017eava moderan izgled.<\/li>\n<li><strong>Ekskluzivna dostupnost na vapestornado.com<\/strong><br \/>\nvapestornado.com nudi ekskluzivan pristup AIVONO Curved Smart Screen 35000 Puffs, osiguravaju\u0107i konkurentne cijene, brzu dostavu i izvrsnu korisni\u010dku podr\u0161ku za kupce u Hrvatskoj i \u0161ire.<\/li>\n<li><strong>Idealno za vapere u Hrvatskoj<\/strong><br \/>\nSa svojim inovativnim dizajnom i vrhunskim performansama, AIVONO Curved Smart Screen Vape savr\u0161eno odgovara sofisticiranom ukusu hrvatskih vapera, kombiniraju\u0107i vrhunsku tehnologiju i izdr\u017eljivost u jednom ure\u0111aju.<\/li>\n<\/ol>\n<\/div>\n<\/div>\n<h3>\u010cesto postavljana pitanja o AIVONO Curved Smart Screen 35000 Puffs<\/h3>\n<p><strong>P: Koliko udisaja mogu o\u010dekivati od AIVONO Curved Smart Screen 35000 Puffs?<\/strong><br \/>\n<strong>A:<\/strong> AIVONO Curved Smart Screen pru\u017ea do <strong>35.000 udisaja<\/strong>, osiguravaju\u0107i dugotrajno i zadovoljavaju\u0107e iskustvo vapinga.<\/p>\n<p><strong>P: Koji je kapacitet baterije 35k puff AIVONO CurvedScreen Vape?<\/strong><br \/>\n<strong>A:<\/strong> Ure\u0111aj pokre\u0107e <strong>17350 punjiva baterija od \u010distog kobalta<\/strong> kapaciteta od <strong>850mAh<\/strong>, nude\u0107i pouzdane performanse i dug vijek trajanja baterije.<\/p>\n<p><strong>P: Podr\u017eava li AIVONO Screen vape 35k puff punjenje putem Type-C?<\/strong><br \/>\n<strong>A:<\/strong> Da, ure\u0111aj ima <strong>Type-C priklju\u010dak za punjenje<\/strong>, omogu\u0107avaju\u0107i brzo i prakti\u010dno punjenje.<\/p>\n<p><strong>P: Kakvu zavojnicu koristi AIVONO Curved Screen 35k puffs?<\/strong><br \/>\n<strong>A:<\/strong> Ovaj vape koristi <strong>1.0\u03a9 dvostruka mre\u017easta zavojnica<\/strong>, osiguravaju\u0107i glatku i dosljednu proizvodnju pare, zajedno s bogatim i ukusnim okusima.<\/p>\n<p><strong>P: Kako mogu provjeriti razinu e-teku\u0107ine i baterije na AIVONO Curved Smart Screen 35000 vape baru?<\/strong><br \/>\n<strong>A:<\/strong> Ure\u0111aj ima <strong>zakrivljeni dinami\u010dki pametni zaslon<\/strong> koji prikazuje razinu e-teku\u0107ine i baterije u stvarnom vremenu, tako da uvijek znate kada treba napuniti ili dopuniti.<\/p>\n<p><strong>P: \u0160to \u010dini AIVONO Curved Smart Screen 35k Vapes s povoljnom cijenom idealnim za hrvatske vapere?<\/strong><br \/>\n<strong>A:<\/strong> AIVONO Curved 35k puff vape kombinira vrhunsku tehnologiju, elegantan dizajn i vi\u0161e opcija nikotina, \u0161to ga \u010dini savr\u0161enim izborom za profinjene preferencije hrvatskih vapera.<\/p>","protected":false},"excerpt":{"rendered":"<p>AIVONO zakrivljeni pametni zaslon 35000 Puffs vape podovi: vrhunski vape za jednokratnu upotrebu, 35.000 udisaja, prilagodljive zna\u010dajke, dvostruka mre\u017easta spirala, punjenje Type-C, idealno za hrvatske vapere.<\/p>\n<figure id=\"attachment_2951\" aria-describedby=\"caption-attachment-2951\" style=\"width: 265px\" class=\"wp-caption alignnone\"><img decoding=\"async\" class=\"size-medium wp-image-2951\" src=\"https:\/\/vapestornado.com\/wp-content\/uploads\/2024\/12\/Wholesale-Disposable-Vape-265x300.jpg\" alt=\"Veleprodaja jednokratnih vape ure\u0111aja\" width=\"265\" height=\"300\" srcset=\"https:\/\/vapestornado.com\/wp-content\/uploads\/2024\/12\/Wholesale-Disposable-Vape-265x300.jpg 265w, https:\/\/vapestornado.com\/wp-content\/uploads\/2024\/12\/Wholesale-Disposable-Vape-768x871.jpg 768w, https:\/\/vapestornado.com\/wp-content\/uploads\/2024\/12\/Wholesale-Disposable-Vape-600x680.jpg 600w, https:\/\/vapestornado.com\/wp-content\/uploads\/2024\/12\/Wholesale-Disposable-Vape.jpg 823w\" sizes=\"(max-width: 265px) 100vw, 265px\" \/><figcaption id=\"caption-attachment-2951\" class=\"wp-caption-text\">Molimo kontaktirajte Mandy's WhatsApp za cijenu s popustom\u00a0 <a href=\"https:\/\/wa.me\/8618077105796\">+8618077105796<\/a><\/figcaption><\/figure>\n<p>&nbsp;<\/p>","protected":false},"featured_media":3479,"comment_status":"open","ping_status":"closed","template":"","meta":{"_acf_changed":false,"_uag_custom_page_level_css":"","_lmt_disableupdate":"no","_lmt_disable":"","_monsterinsights_skip_tracking":false,"_monsterinsights_sitenote_active":false,"_monsterinsights_sitenote_note":"","_monsterinsights_sitenote_category":0,"site-sidebar-layout":"default","site-content-layout":"","ast-site-content-layout":"default","site-content-style":"default","site-sidebar-style":"default","ast-global-header-display":"","ast-banner-title-visibility":"","ast-main-header-display":"","ast-hfb-above-header-display":"","ast-hfb-below-header-display":"","ast-hfb-mobile-header-display":"","site-post-title":"","ast-breadcrumbs-content":"","ast-featured-img":"","footer-sml-layout":"","ast-disable-related-posts":"","theme-transparent-header-meta":"default","adv-header-id-meta":"","stick-header-meta":"","header-above-stick-meta":"","header-main-stick-meta":"","header-below-stick-meta":"","astra-migrate-meta-layouts":"set","ast-page-background-enabled":"default","ast-page-background-meta":{"desktop":{"background-color":"","background-image":"","background-repeat":"repeat","background-position":"center center","background-size":"auto","background-attachment":"scroll","background-type":"","background-media":"","overlay-type":"","overlay-color":"","overlay-opacity":"","overlay-gradient":""},"tablet":{"background-color":"","background-image":"","background-repeat":"repeat","background-position":"center center","background-size":"auto","background-attachment":"scroll","background-type":"","background-media":"","overlay-type":"","overlay-color":"","overlay-opacity":"","overlay-gradient":""},"mobile":{"background-color":"","background-image":"","background-repeat":"repeat","background-position":"center center","background-size":"auto","background-attachment":"scroll","background-type":"","background-media":"","overlay-type":"","overlay-color":"","overlay-opacity":"","overlay-gradient":""}},"ast-content-background-meta":{"desktop":{"background-color":"var(--ast-global-color-5)","background-image":"","background-repeat":"repeat","background-position":"center center","background-size":"auto","background-attachment":"scroll","background-type":"","background-media":"","overlay-type":"","overlay-color":"","overlay-opacity":"","overlay-gradient":""},"tablet":{"background-color":"var(--ast-global-color-5)","background-image":"","background-repeat":"repeat","background-position":"center center","background-size":"auto","background-attachment":"scroll","background-type":"","background-media":"","overlay-type":"","overlay-color":"","overlay-opacity":"","overlay-gradient":""},"mobile":{"background-color":"var(--ast-global-color-5)","background-image":"","background-repeat":"repeat","background-position":"center center","background-size":"auto","background-attachment":"scroll","background-type":"","background-media":"","overlay-type":"","overlay-color":"","overlay-opacity":"","overlay-gradient":""}},"_joinchat":{"telephone":"+8618077105796"}},"product_brand":[],"product_cat":[175,176,140,153,157],"product_tag":[177,97],"class_list":{"0":"post-3231","1":"product","2":"type-product","3":"status-publish","4":"has-post-thumbnail","6":"product_cat-35000-puff","7":"product_cat-aivono-vape","8":"product_cat-big-puffs-disposable-vapes","9":"product_cat-buy-disposable-vapes-in-italy","10":"product_cat-buy-disposable-vapes-in-portugal","11":"product_tag-aivono-35000-puffs","12":"product_tag-hot-sale-disposable-vape","13":"desktop-align-left","14":"tablet-align-left","15":"mobile-align-left","17":"first","18":"instock","19":"sale","20":"shipping-taxable","21":"purchasable","22":"product-type-simple"},"acf":[],"uagb_featured_image_src":{"full":["https:\/\/vapestornado.com\/wp-content\/uploads\/2024\/12\/AIVONO-35000-Puffs-Good-Sale-Vape.jpg",800,800,false],"thumbnail":["https:\/\/vapestornado.com\/wp-content\/uploads\/2024\/12\/AIVONO-35000-Puffs-Good-Sale-Vape-150x150.jpg",150,150,true],"medium":["https:\/\/vapestornado.com\/wp-content\/uploads\/2024\/12\/AIVONO-35000-Puffs-Good-Sale-Vape-300x300.jpg",300,300,true],"medium_large":["https:\/\/vapestornado.com\/wp-content\/uploads\/2024\/12\/AIVONO-35000-Puffs-Good-Sale-Vape-768x768.jpg",768,768,true],"large":["https:\/\/vapestornado.com\/wp-content\/uploads\/2024\/12\/AIVONO-35000-Puffs-Good-Sale-Vape.jpg",800,800,false],"1536x1536":["https:\/\/vapestornado.com\/wp-content\/uploads\/2024\/12\/AIVONO-35000-Puffs-Good-Sale-Vape.jpg",800,800,false],"2048x2048":["https:\/\/vapestornado.com\/wp-content\/uploads\/2024\/12\/AIVONO-35000-Puffs-Good-Sale-Vape.jpg",800,800,false],"trp-custom-language-flag":["https:\/\/vapestornado.com\/wp-content\/uploads\/2024\/12\/AIVONO-35000-Puffs-Good-Sale-Vape.jpg",12,12,false],"woocommerce_thumbnail":["https:\/\/vapestornado.com\/wp-content\/uploads\/2024\/12\/AIVONO-35000-Puffs-Good-Sale-Vape-300x300.jpg",300,300,true],"woocommerce_single":["https:\/\/vapestornado.com\/wp-content\/uploads\/2024\/12\/AIVONO-35000-Puffs-Good-Sale-Vape-600x600.jpg",600,600,true],"woocommerce_gallery_thumbnail":["https:\/\/vapestornado.com\/wp-content\/uploads\/2024\/12\/AIVONO-35000-Puffs-Good-Sale-Vape-100x100.jpg",100,100,true]},"uagb_author_info":{"display_name":"ESMANDY","author_link":"https:\/\/vapestornado.com\/hr\/author\/"},"uagb_comment_info":0,"uagb_excerpt":"AIVONO Curved Smart Screen 35000 Puff\u00a0 vape pods : Premium disposable vape, 35,000 puffs, customizable features, dual mesh coil, Type-C charging, ideal for European vapers. [caption id=\"attachment_2951\" align=\"alignnone\" width=\"265\"] Pls Contact Mandy's WhatsApp For Discount Price\u00a0 +8618077105796[\/caption] &nbsp;","_links":{"self":[{"href":"https:\/\/vapestornado.com\/hr\/wp-json\/wp\/v2\/product\/3231","targetHints":{"allow":["GET"]}}],"collection":[{"href":"https:\/\/vapestornado.com\/hr\/wp-json\/wp\/v2\/product"}],"about":[{"href":"https:\/\/vapestornado.com\/hr\/wp-json\/wp\/v2\/types\/product"}],"replies":[{"embeddable":true,"href":"https:\/\/vapestornado.com\/hr\/wp-json\/wp\/v2\/comments?post=3231"}],"wp:featuredmedia":[{"embeddable":true,"href":"https:\/\/vapestornado.com\/hr\/wp-json\/wp\/v2\/media\/3479"}],"wp:attachment":[{"href":"https:\/\/vapestornado.com\/hr\/wp-json\/wp\/v2\/media?parent=3231"}],"wp:term":[{"taxonomy":"product_brand","embeddable":true,"href":"https:\/\/vapestornado.com\/hr\/wp-json\/wp\/v2\/product_brand?post=3231"},{"taxonomy":"product_cat","embeddable":true,"href":"https:\/\/vapestornado.com\/hr\/wp-json\/wp\/v2\/product_cat?post=3231"},{"taxonomy":"product_tag","embeddable":true,"href":"https:\/\/vapestornado.com\/hr\/wp-json\/wp\/v2\/product_tag?post=3231"}],"curies":[{"name":"wp","href":"https:\/\/api.w.org\/{rel}","templated":true}]}}