{"id":3201,"date":"2024-12-18T03:39:14","date_gmt":"2024-12-18T03:39:14","guid":{"rendered":"https:\/\/vapestornado.com\/?post_type=product&#038;p=3201"},"modified":"2025-08-23T09:47:27","modified_gmt":"2025-08-23T09:47:27","slug":"vapsolo-viking-12000-puffs-2-5-low-nicotine-bulk-buy-rechargeable-disposable-vapes-pen-wholesale-price","status":"publish","type":"product","link":"https:\/\/vapestornado.com\/hr\/product\/vapsolo-viking-12000-puffs-2-5-low-nicotine-bulk-buy-rechargeable-disposable-vapes-pen-wholesale-price\/","title":{"rendered":"VapSolo Viking 12000 Puffs 2% 5% Niska razina nikotina Kupite na veliko Punjenje Jednokratne Vape olovke Veleprodajna cijena"},"content":{"rendered":"<h1 class=\"product-title\">VapSolo Viking 12000 Puffs 2% 5% Niska razina nikotina Kupite na veliko Punjenje Jednokratne Vape olovke Veleprodajna cijena<\/h1>\n<p data-start=\"403\" data-end=\"652\">Ovo <strong data-start=\"407\" data-end=\"453\">VapSolo Viking 12000 Puffs Jednokratna Vape<\/strong> pru\u017ea produljene performanse i fleksibilnost u elegantnom, prijenosnom dizajnu. S <strong data-start=\"536\" data-end=\"562\">22 ml kapaciteta e-teku\u0107ine<\/strong> i do <strong data-start=\"573\" data-end=\"589\">12.000 udisaja<\/strong>, omogu\u0107uje dugotrajnu upotrebu bez stalnih zamjena.<\/p>\n<p data-start=\"654\" data-end=\"909\">Pokre\u0107e ga <strong data-start=\"667\" data-end=\"698\">650mAh punjiva baterija<\/strong> sa <strong data-start=\"704\" data-end=\"728\">Type-C brzo punjenje<\/strong>, Viking 12K osigurava dosljedne sesije i u\u010dinkovito punjenje. Dolazi u <strong data-start=\"811\" data-end=\"843\">ja\u010dine nikotina od 2% i 5%<\/strong>, \u0161to ga \u010dini prikladnim za umjerene i ja\u010de preferencije.<\/p>\n<p data-start=\"911\" data-end=\"1150\">Opremljen sa <strong data-start=\"925\" data-end=\"949\">mre\u017easte zavojnice<\/strong> i <strong data-start=\"954\" data-end=\"984\">4-razinski podesivi protok zraka<\/strong>, ovaj ure\u0111aj jam\u010di glatku proizvodnju pare i prilagodljive poteze. The <strong data-start=\"1061\" data-end=\"1076\">LCD zaslon<\/strong> dodaje prakti\u010dnost prikazivanjem broja udisaja i statusa baterije u stvarnom vremenu.<\/p>\n<p data-start=\"1152\" data-end=\"1410\">Lagan i jednostavan za no\u0161enje, <strong data-start=\"1187\" data-end=\"1211\">VapSolo Viking 12000<\/strong> je idealan za svakodnevne korisnike i veletrgovce. Njegova kombinacija kapaciteta, naprednih zna\u010dajki i konkurentne <strong data-start=\"1326\" data-end=\"1347\">veleprodajne cijene<\/strong> \u010dini ga profitabilnom opcijom za trgovce i distributere.<\/p>\n<p><strong>Dodajte Amy na WhatsApp za brzi odgovor i kupon za vape!<\/strong><\/p>\n<p><img fetchpriority=\"high\" decoding=\"async\" class=\"size-full wp-image-2932\" src=\"https:\/\/vapestornado.com\/wp-content\/uploads\/2024\/12\/Vape-Wholesale.jpg\" alt=\"Veleprodaja vejpova\" width=\"229\" height=\"300\" \/><\/p>\n<h3><a href=\"https:\/\/wa.me\/8617776015835\" target=\"_blank\" rel=\"noopener\"><span style=\"color: #ff0000;\"><strong>WhatsApp: +86 17776015835<\/strong><\/span><\/a><\/h3>\n<p>&nbsp;<\/p>\n<h2><strong>VapSolo Viking 12000 Zna\u010dajke proizvoda<\/strong><\/h2>\n<div role=\"article\" data-tabster=\"{&quot;groupper&quot;:{&quot;tabbability&quot;:2},&quot;focusable&quot;:{}}\" data-content=\"ai-message\" aria-labelledby=\"juhNTJ6o7Gk1cgwZMJgv2-author juhNTJ6o7Gk1cgwZMJgv2-content\">\n<div id=\"juhNTJ6o7Gk1cgwZMJgv2-content\">\n<div role=\"article\" data-tabster=\"{&quot;groupper&quot;:{&quot;tabbability&quot;:2},&quot;focusable&quot;:{}}\" data-content=\"ai-message\" aria-labelledby=\"x4EZuCZWrTbh3weWUt7CU-author x4EZuCZWrTbh3weWUt7CU-content\">\n<div id=\"x4EZuCZWrTbh3weWUt7CU-content\">\n<h3><\/h3>\n<ol>\n<li><strong>12.000 Udisaja po Ure\u0111aju:<\/strong> Produ\u017eena uporaba za vaping iskustvo bez gnjava\u017ee.<\/li>\n<li><strong>Opcije niske razine nikotina:<\/strong> Dostupan u 2% i 5% ja\u010dini, zadovoljava razli\u010dite preferencije.<\/li>\n<li><strong>Punjiva baterija:<\/strong> Kapacitet 650mAh s prakti\u010dnim Type-C brzim punjenjem.<\/li>\n<li><strong>Podesivi protok zraka u 4 razine:<\/strong> Prilagodite svoj stil vapinga s precizno\u0161\u0107u.<\/li>\n<li><strong>Tehnologija mre\u017easte zavojnice:<\/strong> Pru\u017ea glatku paru i pobolj\u0161an okus svaki put.<\/li>\n<li><strong>22ml Kapacitet E-teku\u0107ine:<\/strong> Omogu\u0107uje dulje sesije vapinga bez \u010destih nadopunjavanja.<\/li>\n<li><strong>LCD Zaslon:<\/strong> Jednostavno pratite broj udisaja i status baterije u stvarnom vremenu.<\/li>\n<li><strong>Kompaktan i lagan:<\/strong> Prijenosni dizajn, te\u017eak samo 95g za jednostavnu upotrebu u pokretu.<\/li>\n<li><strong>Pristupa\u010dne veleprodajne cijene:<\/strong> Idealan za kupnju na veliko i preprodaju.<\/li>\n<li><strong>Vrhunski Brand Jednokratnih Vapea:<\/strong> Kombinira prakti\u010dnost, performanse i stil.<\/li>\n<\/ol>\n<\/div>\n<\/div>\n<\/div>\n<\/div>\n<h2 class=\"product-title\"><strong>VapSolo 12000 Udisaja Popis Okusa<\/strong><\/h2>\n<p>1.borovnica malina<br \/>\n2.borovnica<br \/>\n3. gazirana tre\u0161nja<br \/>\n4. lubenica led<br \/>\n5. jagoda kivi<br \/>\n6. jagoda lubenica<br \/>\n7. ljetni san<br \/>\n8. borovnica tre\u0161nja brusnica<br \/>\n9. limun limeta<br \/>\n10. gumeni bombon<br \/>\n11. Banana jagoda<br \/>\n12. Svje\u017ea metvica<br \/>\n13. Led od jagode i maline<br \/>\n14. Limun breskva<br \/>\n15. Ledena crvena jabuka<\/p>\n<figure id=\"attachment_3194\" aria-describedby=\"caption-attachment-3194\" style=\"width: 600px\" class=\"wp-caption alignnone\"><img decoding=\"async\" class=\"wp-image-3194\" src=\"https:\/\/vapestornado.com\/wp-content\/uploads\/2024\/12\/VapSolo-12000-Puffs-Disposable-Vape-Wholesale-Cheap-Price-300x300.jpg\" alt=\"VapSolo 12000 Puffs jednokratna vape veleprodaja po povoljnoj cijeni\" width=\"600\" height=\"600\" srcset=\"https:\/\/vapestornado.com\/wp-content\/uploads\/2024\/12\/VapSolo-12000-Puffs-Disposable-Vape-Wholesale-Cheap-Price-300x300.jpg 300w, https:\/\/vapestornado.com\/wp-content\/uploads\/2024\/12\/VapSolo-12000-Puffs-Disposable-Vape-Wholesale-Cheap-Price-1024x1024.jpg 1024w, https:\/\/vapestornado.com\/wp-content\/uploads\/2024\/12\/VapSolo-12000-Puffs-Disposable-Vape-Wholesale-Cheap-Price-150x150.jpg 150w, https:\/\/vapestornado.com\/wp-content\/uploads\/2024\/12\/VapSolo-12000-Puffs-Disposable-Vape-Wholesale-Cheap-Price-768x768.jpg 768w, https:\/\/vapestornado.com\/wp-content\/uploads\/2024\/12\/VapSolo-12000-Puffs-Disposable-Vape-Wholesale-Cheap-Price-600x600.jpg 600w, https:\/\/vapestornado.com\/wp-content\/uploads\/2024\/12\/VapSolo-12000-Puffs-Disposable-Vape-Wholesale-Cheap-Price-100x100.jpg 100w, https:\/\/vapestornado.com\/wp-content\/uploads\/2024\/12\/VapSolo-12000-Puffs-Disposable-Vape-Wholesale-Cheap-Price.jpg 1126w\" sizes=\"(max-width: 600px) 100vw, 600px\" \/><figcaption id=\"caption-attachment-3194\" class=\"wp-caption-text\">VapSolo 12000 Puffs jednokratna vape veleprodaja po povoljnoj cijeni<\/figcaption><\/figure>\n<h3>Za\u0161to odabrati vapestornado za VapSolo Viking 12000 Puffs Vape veleprodaju?<\/h3>\n<div class=\"flex-shrink-0 flex flex-col relative items-end\">\n<div class=\"pt-0\">\n<div class=\"gizmo-bot-avatar flex h-8 w-8 items-center justify-center overflow-hidden rounded-full\">\n<div class=\"relative p-1 rounded-sm flex items-center justify-center bg-token-main-surface-primary text-token-text-primary h-8 w-8\">\n<p>Dobrodo\u0161li u vapestornado, va\u0161u pouzdanu online vape trgovinu za vrhunske jednokratne vape ure\u0111aje. S vi\u0161e od 5 godina stru\u010dnosti, donosimo vam popularne marke jednokratnih vape ure\u0111aja kao \u0161to su Fumot RandM Vape, <a href=\"https:\/\/vapestornado.com\/hr\/product\/vapme-crystal-7000-puffs-rechargeable-disposable-vape-wholesale-cheap-price\/\">Vapme<\/a>, Bang Vape, Waspe Vape i WGA Vape, itd.<\/p>\n<p>Na\u0161 asortiman uklju\u010duje vru\u0107e vapeove poput <a href=\"https:\/\/vapestornado.com\/hr\/product\/fumot-randm-tornado-15000-puffs-rechargeable-disposable-vape-wholesale\/\">RandM Tornado 15000<\/a>, i izbor bogat okusom poput <a href=\"https:\/\/vapestornado.com\/hr\/product\/waspe-40000-puffs-double-flavour-led-display-disposable-vape-wholesale\/\">WASPE Dvostruki Okus 40000 Pufova<\/a> . Svaki proizvod odabran je s fokusom na kvalitetu, vrijednost i raznolikost, osiguravaju\u0107i da prona\u0111ete savr\u0161eno podudaranje za svoje potrebe. Otkrijte iznimnu uslugu i \u0161irok spektar vrhunskih proizvoda po veleprodajnoj cijeni na vapestornado.<\/p>\n<\/div>\n<h3><\/h3>\n<div class=\"relative p-1 rounded-sm flex items-center justify-center bg-token-main-surface-primary text-token-text-primary h-8 w-8\">\n<h3>\u010cesto postavljana pitanja za VapSolo Viking 12k Puff jednokratni vape<\/h3>\n<\/div>\n<\/div>\n<\/div>\n<\/div>\n<div class=\"flex-shrink-0 flex flex-col relative items-end\">\n<div class=\"pt-0\">\n<div class=\"gizmo-bot-avatar flex h-8 w-8 items-center justify-center overflow-hidden rounded-full\">\n<div class=\"relative p-1 rounded-sm flex items-center justify-center bg-token-main-surface-primary text-token-text-primary h-8 w-8\">\n<div class=\"mb-2 flex gap-3 empty:hidden -ml-2\">\n<div role=\"article\" data-tabster=\"{&quot;groupper&quot;:{&quot;tabbability&quot;:2},&quot;focusable&quot;:{}}\" data-content=\"ai-message\" aria-labelledby=\"Vdt5ez4X7Tg813x6rFVha-author Vdt5ez4X7Tg813x6rFVha-content\">\n<div id=\"Vdt5ez4X7Tg813x6rFVha-content\">\n<div role=\"article\" data-tabster=\"{&quot;groupper&quot;:{&quot;tabbability&quot;:2},&quot;focusable&quot;:{}}\" data-content=\"ai-message\" aria-labelledby=\"o968oC7CEo2fGHsGdsRYC-author o968oC7CEo2fGHsGdsRYC-content\">\n<div id=\"o968oC7CEo2fGHsGdsRYC-content\">\n<ol>\n<li><strong>Koliki je kapacitet uvla\u010denja VapSolo Viking 12000?<\/strong><br \/>\nOvo <strong>VapSolo Viking 12000<\/strong> nudi do <strong>12.000 udisaja<\/strong>, osiguravaju\u0107i produ\u017eenu upotrebu uz minimalno odr\u017eavanje.<\/li>\n<li><strong>Mogu li ponovno napuniti VapSolo Viking 12000?<\/strong><br \/>\nDa, ure\u0111aj je opremljen s <strong>650mAh punjiva baterija<\/strong> i <strong>Type-C priklju\u010dak za punjenje<\/strong> za brzo i u\u010dinkovito punjenje.<\/li>\n<li><strong>Koje su razine nikotina dostupne?<\/strong><br \/>\nUre\u0111aj je dostupan u <strong>2% i 5% opcije niske razine nikotina<\/strong>, zadovoljavaju\u0107i niz korisni\u010dkih preferencija.<\/li>\n<li><strong>Kako funkcionira podesivi protok zraka?<\/strong><br \/>\nOvo <strong>4-razinski podesivi protok zraka<\/strong> omogu\u0107uje vam prebacivanje izme\u0111u \u010dvr\u0161\u0107ih i labavijih povla\u010denja, daju\u0107i vam potpunu kontrolu nad va\u0161im stilom vapinga.<\/li>\n<li><strong>Za\u0161to je VapSolo Viking 12000 idealan za veleprodajne kupce?<\/strong><br \/>\nSa svojim <strong>veliki broj uvla\u010denja<\/strong>, <strong>LCD zaslon<\/strong>i <strong>pristupa\u010dne cijene za velike koli\u010dine<\/strong>, savr\u0161en je za trgovce koji \u017eele imati na zalihi visokokvalitetne, zna\u010dajkama bogate <strong>jednokratni vape<\/strong> proizvode po konkurentnim cijenama.<\/li>\n<\/ol>\n<\/div>\n<\/div>\n<\/div>\n<\/div>\n<\/div>\n<\/div>\n<\/div>\n<\/div>\n<\/div>","protected":false},"excerpt":{"rendered":"<p>VapSolo Viking 12000 Puffs 2% 5% Jednokratna Vape Niska Razina Nikotina Rasprodaja na veliko<br \/>\nVapSolo Viking 12000 Puffs Punjiva Jednokratna Vape Veleprodaja<br \/>\nJeftina Tvorni\u010dka VapSolo 12000 Puffs 2% 5% Jednokratna Vape Niska Razina Nikotina<\/p>\n<p><strong>Dodajte Amy na WhatsApp za brzi odgovor i kupon za vape!<\/strong><\/p>\n<p><img fetchpriority=\"high\" decoding=\"async\" class=\"size-full wp-image-2932\" src=\"https:\/\/vapestornado.com\/wp-content\/uploads\/2024\/12\/Vape-Wholesale.jpg\" alt=\"Veleprodaja vejpova\" width=\"229\" height=\"300\" \/><\/p>\n<h3><a href=\"https:\/\/wa.me\/8617776015835\"><span style=\"color: #ff0000;\"><strong>WhatsApp: +86 17776015835<\/strong><\/span><\/a><\/h3>\n<p>&nbsp;<\/p>","protected":false},"featured_media":3193,"comment_status":"open","ping_status":"closed","template":"","meta":{"_acf_changed":false,"_uag_custom_page_level_css":"","_lmt_disableupdate":"no","_lmt_disable":"","_monsterinsights_skip_tracking":false,"_monsterinsights_sitenote_active":false,"_monsterinsights_sitenote_note":"","_monsterinsights_sitenote_category":0,"site-sidebar-layout":"default","site-content-layout":"","ast-site-content-layout":"default","site-content-style":"default","site-sidebar-style":"default","ast-global-header-display":"","ast-banner-title-visibility":"","ast-main-header-display":"","ast-hfb-above-header-display":"","ast-hfb-below-header-display":"","ast-hfb-mobile-header-display":"","site-post-title":"","ast-breadcrumbs-content":"","ast-featured-img":"","footer-sml-layout":"","ast-disable-related-posts":"","theme-transparent-header-meta":"default","adv-header-id-meta":"","stick-header-meta":"","header-above-stick-meta":"","header-main-stick-meta":"","header-below-stick-meta":"","astra-migrate-meta-layouts":"set","ast-page-background-enabled":"default","ast-page-background-meta":{"desktop":{"background-color":"","background-image":"","background-repeat":"repeat","background-position":"center center","background-size":"auto","background-attachment":"scroll","background-type":"","background-media":"","overlay-type":"","overlay-color":"","overlay-opacity":"","overlay-gradient":""},"tablet":{"background-color":"","background-image":"","background-repeat":"repeat","background-position":"center center","background-size":"auto","background-attachment":"scroll","background-type":"","background-media":"","overlay-type":"","overlay-color":"","overlay-opacity":"","overlay-gradient":""},"mobile":{"background-color":"","background-image":"","background-repeat":"repeat","background-position":"center center","background-size":"auto","background-attachment":"scroll","background-type":"","background-media":"","overlay-type":"","overlay-color":"","overlay-opacity":"","overlay-gradient":""}},"ast-content-background-meta":{"desktop":{"background-color":"var(--ast-global-color-5)","background-image":"","background-repeat":"repeat","background-position":"center center","background-size":"auto","background-attachment":"scroll","background-type":"","background-media":"","overlay-type":"","overlay-color":"","overlay-opacity":"","overlay-gradient":""},"tablet":{"background-color":"var(--ast-global-color-5)","background-image":"","background-repeat":"repeat","background-position":"center center","background-size":"auto","background-attachment":"scroll","background-type":"","background-media":"","overlay-type":"","overlay-color":"","overlay-opacity":"","overlay-gradient":""},"mobile":{"background-color":"var(--ast-global-color-5)","background-image":"","background-repeat":"repeat","background-position":"center center","background-size":"auto","background-attachment":"scroll","background-type":"","background-media":"","overlay-type":"","overlay-color":"","overlay-opacity":"","overlay-gradient":""}},"_joinchat":{"telephone":"+8617776015835"}},"product_brand":[],"product_cat":[72,149,150,156,144,146,171],"product_tag":[165,97,166,94,139,170,169],"class_list":{"0":"post-3201","1":"product","2":"type-product","3":"status-publish","4":"has-post-thumbnail","6":"product_cat-12000-puff","7":"product_cat-buy-disposable-vapes-in-austria","8":"product_cat-buy-disposable-vapes-in-belgium","9":"product_cat-buy-disposable-vapes-in-poland","10":"product_cat-low-nicotine-disposable-vapes","11":"product_cat-rechargeable-disposable-vapes","12":"product_cat-vapsolo-disposable-vapes","13":"product_tag-cheap-vapes","14":"product_tag-hot-sale-disposable-vape","15":"product_tag-low-nicotine-vape","16":"product_tag-rechargeable-disposable-vape","17":"product_tag-vapsolo","18":"product_tag-vapsolo-viking-12000","19":"product_tag-vasolo-12000","20":"desktop-align-left","21":"tablet-align-left","22":"mobile-align-left","24":"first","25":"instock","26":"sale","27":"shipping-taxable","28":"purchasable","29":"product-type-simple"},"acf":[],"uagb_featured_image_src":{"full":["https:\/\/vapestornado.com\/wp-content\/uploads\/2024\/12\/VapSolo-12000-Puffs-Disposable-Vape-Bulk-Buy-Price.jpg",1126,1126,false],"thumbnail":["https:\/\/vapestornado.com\/wp-content\/uploads\/2024\/12\/VapSolo-12000-Puffs-Disposable-Vape-Bulk-Buy-Price-150x150.jpg",150,150,true],"medium":["https:\/\/vapestornado.com\/wp-content\/uploads\/2024\/12\/VapSolo-12000-Puffs-Disposable-Vape-Bulk-Buy-Price-300x300.jpg",300,300,true],"medium_large":["https:\/\/vapestornado.com\/wp-content\/uploads\/2024\/12\/VapSolo-12000-Puffs-Disposable-Vape-Bulk-Buy-Price-768x768.jpg",768,768,true],"large":["https:\/\/vapestornado.com\/wp-content\/uploads\/2024\/12\/VapSolo-12000-Puffs-Disposable-Vape-Bulk-Buy-Price-1024x1024.jpg",1024,1024,true],"1536x1536":["https:\/\/vapestornado.com\/wp-content\/uploads\/2024\/12\/VapSolo-12000-Puffs-Disposable-Vape-Bulk-Buy-Price.jpg",1126,1126,false],"2048x2048":["https:\/\/vapestornado.com\/wp-content\/uploads\/2024\/12\/VapSolo-12000-Puffs-Disposable-Vape-Bulk-Buy-Price.jpg",1126,1126,false],"trp-custom-language-flag":["https:\/\/vapestornado.com\/wp-content\/uploads\/2024\/12\/VapSolo-12000-Puffs-Disposable-Vape-Bulk-Buy-Price.jpg",12,12,false],"woocommerce_thumbnail":["https:\/\/vapestornado.com\/wp-content\/uploads\/2024\/12\/VapSolo-12000-Puffs-Disposable-Vape-Bulk-Buy-Price-300x300.jpg",300,300,true],"woocommerce_single":["https:\/\/vapestornado.com\/wp-content\/uploads\/2024\/12\/VapSolo-12000-Puffs-Disposable-Vape-Bulk-Buy-Price-600x600.jpg",600,600,true],"woocommerce_gallery_thumbnail":["https:\/\/vapestornado.com\/wp-content\/uploads\/2024\/12\/VapSolo-12000-Puffs-Disposable-Vape-Bulk-Buy-Price-100x100.jpg",100,100,true]},"uagb_author_info":{"display_name":"ESAMY","author_link":"https:\/\/vapestornado.com\/hr\/author\/"},"uagb_comment_info":0,"uagb_excerpt":"VapSolo Viking 12000 Puffs 2% 5% Low Nicotine Disposable VapeBulk Buy Price VapSolo Viking 12000 Puffs Rechargeable Disposable Vape Wholesale Cheap Factory VapSolo 12000 Puffs 2% 5% Low Nicotine Disposable Vape Add Amy's whatsapp get right reply and vape vape coupon! WhatsApp: +86 17776015835 &nbsp;","_links":{"self":[{"href":"https:\/\/vapestornado.com\/hr\/wp-json\/wp\/v2\/product\/3201","targetHints":{"allow":["GET"]}}],"collection":[{"href":"https:\/\/vapestornado.com\/hr\/wp-json\/wp\/v2\/product"}],"about":[{"href":"https:\/\/vapestornado.com\/hr\/wp-json\/wp\/v2\/types\/product"}],"replies":[{"embeddable":true,"href":"https:\/\/vapestornado.com\/hr\/wp-json\/wp\/v2\/comments?post=3201"}],"wp:featuredmedia":[{"embeddable":true,"href":"https:\/\/vapestornado.com\/hr\/wp-json\/wp\/v2\/media\/3193"}],"wp:attachment":[{"href":"https:\/\/vapestornado.com\/hr\/wp-json\/wp\/v2\/media?parent=3201"}],"wp:term":[{"taxonomy":"product_brand","embeddable":true,"href":"https:\/\/vapestornado.com\/hr\/wp-json\/wp\/v2\/product_brand?post=3201"},{"taxonomy":"product_cat","embeddable":true,"href":"https:\/\/vapestornado.com\/hr\/wp-json\/wp\/v2\/product_cat?post=3201"},{"taxonomy":"product_tag","embeddable":true,"href":"https:\/\/vapestornado.com\/hr\/wp-json\/wp\/v2\/product_tag?post=3201"}],"curies":[{"name":"wp","href":"https:\/\/api.w.org\/{rel}","templated":true}]}}