{"id":3179,"date":"2024-12-16T03:01:14","date_gmt":"2024-12-16T03:01:14","guid":{"rendered":"https:\/\/vapestornado.com\/?post_type=product&#038;p=3179"},"modified":"2025-08-23T09:54:56","modified_gmt":"2025-08-23T09:54:56","slug":"china-factory-vapsolo-super-15000-puffs-disposable-wholesale-price-disposable-vape-rechargeable-disposable-vapes-pen-bulk-buy-wholesale","status":"publish","type":"product","link":"https:\/\/vapestornado.com\/hr\/product\/china-factory-vapsolo-super-15000-puffs-disposable-wholesale-price-disposable-vape-rechargeable-disposable-vapes-pen-bulk-buy-wholesale\/","title":{"rendered":"Kineska Tvornica Vapsolo Super 15000 Puffs Jednokratna Veleprodajna Cijena Jednokratna Vape Punjive Jednokratne Vape Olovke Skupna Kupnja Veleprodaja"},"content":{"rendered":"<h1 class=\"product-title\">Kineska Tvornica Vapsolo Super 15000 Puffs Jednokratna Veleprodajna Cijena Jednokratna Vape Punjive Jednokratne Vape Olovke Skupna Kupnja Veleprodaja<\/h1>\n<p data-start=\"396\" data-end=\"669\">Ovo <strong data-start=\"400\" data-end=\"445\">Vapsolo Super 15000 Puffs Jednokratni Vape<\/strong> kombinira kapacitet, performanse i prilagodbu u kompaktnom ure\u0111aju. S do <strong data-start=\"528\" data-end=\"544\">15.000 udisaja<\/strong> i <strong data-start=\"551\" data-end=\"584\">25 ml prethodno napunjenog spremnika e-teku\u0107ine<\/strong>, pru\u017ea dugotrajno zadovoljstvo kako za osobnu upotrebu, tako i za veleprodajne kupce.<\/p>\n<p data-start=\"671\" data-end=\"981\">Pokre\u0107e ga <strong data-start=\"684\" data-end=\"715\">650mAh punjiva baterija<\/strong> sa <strong data-start=\"721\" data-end=\"745\">Type-C brzo punjenje<\/strong>, Super 15K osigurava dosljedan izlaz i minimalno vrijeme zastoja. Njegov <strong data-start=\"813\" data-end=\"843\">4-razinski podesivi protok zraka<\/strong> omogu\u0107uje korisnicima da biraju izme\u0111u u\u017eih MTL povla\u010denja ili glatkijih, otvorenih udaraca, dok <strong data-start=\"922\" data-end=\"935\">mre\u017easta zavojnica<\/strong> pobolj\u0161ava isporuku okusa i gusto\u0107u pare.<\/p>\n<p data-start=\"983\" data-end=\"1292\">Dostupno u <strong data-start=\"996\" data-end=\"1020\">niskim udjelom nikotina<\/strong>, onda je <strong data-start=\"1026\" data-end=\"1049\">Vapsolo Super 15000<\/strong> je dizajniran da zadovolji razli\u010dite preferencije. Kombiniraju\u0107i napredne zna\u010dajke, izdr\u017eljivu kvalitetu izrade i konkurentnu <strong data-start=\"1159\" data-end=\"1180\">veleprodajne cijene<\/strong>, to je sna\u017ean izbor za trgovce na malo, distributere i kupce koji kupuju na veliko i tra\u017ee jednokratne vapeove visoke potra\u017enje.<\/p>\n<p><strong>Dodajte Amy na WhatsApp za brzi odgovor i kupon za vape!<\/strong><\/p>\n<p><img fetchpriority=\"high\" decoding=\"async\" class=\"size-full wp-image-2932\" src=\"https:\/\/vapestornado.com\/wp-content\/uploads\/2024\/12\/Vape-Wholesale.jpg\" alt=\"Veleprodaja vejpova\" width=\"229\" height=\"300\" \/><\/p>\n<h3><a href=\"https:\/\/wa.me\/8617776015835\" target=\"_blank\" rel=\"noopener\"><span style=\"color: #ff0000;\"><strong>WhatsApp: +86 17776015835<\/strong><\/span><\/a><\/h3>\n<p>&nbsp;<\/p>\n<h2><strong>Vapsolo Super 15000 Zna\u010dajke proizvoda<\/strong><\/h2>\n<div role=\"article\" data-tabster=\"{&quot;groupper&quot;:{&quot;tabbability&quot;:2},&quot;focusable&quot;:{}}\" data-content=\"ai-message\" aria-labelledby=\"juhNTJ6o7Gk1cgwZMJgv2-author juhNTJ6o7Gk1cgwZMJgv2-content\">\n<div id=\"juhNTJ6o7Gk1cgwZMJgv2-content\">\n<div role=\"article\" data-tabster=\"{&quot;groupper&quot;:{&quot;tabbability&quot;:2},&quot;focusable&quot;:{}}\" data-content=\"ai-message\" aria-labelledby=\"x4EZuCZWrTbh3weWUt7CU-author x4EZuCZWrTbh3weWUt7CU-content\">\n<div id=\"x4EZuCZWrTbh3weWUt7CU-content\">\n<h3><\/h3>\n<ol>\n<li><strong>Kapacitet od 15.000 udisaja:<\/strong> Dugotrajna uporaba za neprekidno zadovoljstvo.<\/li>\n<li><strong>25 ml spremnika za e-teku\u0107inu:<\/strong> Veliki kapacitet za manje punjenja i maksimalnu prakti\u010dnost.<\/li>\n<li><strong>Punjiva baterija od 650 mAh:<\/strong> Pouzdane performanse s brzim punjenjem Type-C.<\/li>\n<li><strong>Podesivi protok zraka u 4 razine:<\/strong> Prilagodljivo povla\u010denje za prilago\u0111eno iskustvo vapinga.<\/li>\n<li><strong>Tehnologija mre\u017easte zavojnice:<\/strong> Pobolj\u0161ava okus i pru\u017ea glatku, konzistentnu paru.<\/li>\n<li><strong>Kompaktan i prenosiv dizajn:<\/strong> Jednostavan za no\u0161enje i kori\u0161tenje bilo gdje.<\/li>\n<li><strong>Opcije vapea s niskim udjelom nikotina:<\/strong> Savr\u0161eno za one koji tra\u017ee smanjene razine nikotina.<\/li>\n<li><strong>Pristupa\u010dne veleprodajne cijene:<\/strong> Idealno za kupnju na veliko i preprodaju.<\/li>\n<li><strong>Izdr\u017eljiva izrada:<\/strong> Dizajniran za dugotrajnu uporabu bez ugro\u017eavanja kvalitete.<\/li>\n<li><strong>Vrhunska marka jednokratnih vapea:<\/strong> Pouzdan izbor za visokokvalitetne jednokratne vapeove.<\/li>\n<\/ol>\n<\/div>\n<\/div>\n<\/div>\n<\/div>\n<h2 class=\"product-title\"><strong>Vapsolo Super 15000 Udisaja Popis Okusa<\/strong><\/h2>\n<p>1. blue razz<br \/>\n2. borovnica led<br \/>\n3. dupla jabuka<br \/>\n4. lubenica led<br \/>\n5. jagoda kivi<br \/>\n6. mije\u0161ano bobi\u010dasto vo\u0107e<br \/>\n7. red bull<br \/>\n8. borovnica tre\u0161nja brusnica<br \/>\n9. limun limeta<br \/>\n10. Skittles<br \/>\n11. Ljetni san<br \/>\n12. Banana od jagode<br \/>\n13. Malina Lubenica<br \/>\n14. Borovnica Tre\u0161nja Cola<br \/>\n15. Crni led Zmajevo vo\u0107e Jagoda<\/p>\n<h3>Za\u0161to odabrati vapestornado za Vapsolo Super 15000 Puffs Vape veleprodaju?<\/h3>\n<div class=\"flex-shrink-0 flex flex-col relative items-end\">\n<div class=\"pt-0\">\n<div class=\"gizmo-bot-avatar flex h-8 w-8 items-center justify-center overflow-hidden rounded-full\">\n<div class=\"relative p-1 rounded-sm flex items-center justify-center bg-token-main-surface-primary text-token-text-primary h-8 w-8\">\n<p>Dobrodo\u0161li u vapestornado, va\u0161u pouzdanu online vape trgovinu za vrhunske jednokratne vape ure\u0111aje. S vi\u0161e od 5 godina stru\u010dnosti, donosimo vam popularne marke jednokratnih vape ure\u0111aja kao \u0161to su Fumot RandM Vape, <a href=\"https:\/\/vapestornado.com\/hr\/product\/vapme-crystal-7000-puffs-rechargeable-disposable-vape-wholesale-cheap-price\/\">Vapme<\/a>, Bang Vape, Waspe Vape i WGA Vape, itd.<\/p>\n<p>Na\u0161 asortiman uklju\u010duje vru\u0107e vapeove poput <a href=\"https:\/\/vapestornado.com\/hr\/product\/fumot-randm-tornado-15000-puffs-rechargeable-disposable-vape-wholesale\/\">RandM Tornado 15000<\/a>, i izbor bogat okusom poput <a href=\"https:\/\/vapestornado.com\/hr\/product\/waspe-40000-puffs-double-flavour-led-display-disposable-vape-wholesale\/\">WASPE Dvostruki Okus 40000 Pufova<\/a> . Svaki proizvod odabran je s fokusom na kvalitetu, vrijednost i raznolikost, osiguravaju\u0107i da prona\u0111ete savr\u0161eno podudaranje za svoje potrebe. Otkrijte iznimnu uslugu i \u0161irok spektar vrhunskih proizvoda po veleprodajnoj cijeni na vapestornado.<\/p>\n<\/div>\n<h3><\/h3>\n<div class=\"relative p-1 rounded-sm flex items-center justify-center bg-token-main-surface-primary text-token-text-primary h-8 w-8\">\n<h3>\u010cesto postavljana pitanja za Vapsolo Super 15000 Puff jednokratni vape<\/h3>\n<\/div>\n<\/div>\n<\/div>\n<\/div>\n<div class=\"flex-shrink-0 flex flex-col relative items-end\">\n<div class=\"pt-0\">\n<div class=\"gizmo-bot-avatar flex h-8 w-8 items-center justify-center overflow-hidden rounded-full\">\n<div class=\"relative p-1 rounded-sm flex items-center justify-center bg-token-main-surface-primary text-token-text-primary h-8 w-8\">\n<div class=\"mb-2 flex gap-3 empty:hidden -ml-2\">\n<div role=\"article\" data-tabster=\"{&quot;groupper&quot;:{&quot;tabbability&quot;:2},&quot;focusable&quot;:{}}\" data-content=\"ai-message\" aria-labelledby=\"Vdt5ez4X7Tg813x6rFVha-author Vdt5ez4X7Tg813x6rFVha-content\">\n<div id=\"Vdt5ez4X7Tg813x6rFVha-content\">\n<div role=\"article\" data-tabster=\"{&quot;groupper&quot;:{&quot;tabbability&quot;:2},&quot;focusable&quot;:{}}\" data-content=\"ai-message\" aria-labelledby=\"o968oC7CEo2fGHsGdsRYC-author o968oC7CEo2fGHsGdsRYC-content\">\n<div id=\"o968oC7CEo2fGHsGdsRYC-content\">\n<h3><\/h3>\n<ol>\n<li><strong>Koliko udisaja pru\u017ea Vapsolo Super 15k?<\/strong><br \/>\nOvo <strong>Vapsolo 15000<\/strong> isporu\u010duje do <strong>15.000 udisaja<\/strong>, \u0161to ga \u010dini vrlo izdr\u017eljivim i dugotrajnim.<\/li>\n<li><strong>Mogu li prilagoditi protok zraka?<\/strong><br \/>\nDa, ima <strong>4-razinski podesivi protok zraka<\/strong>, \u0161to vam omogu\u0107uje da prilagodite izvla\u010denje prema svojim \u017eeljama.<\/li>\n<li><strong>Je li Vapsolo Super 15000 punjiv?<\/strong><br \/>\nApsolutno! Dolazi s <strong>650mAh punjiva baterija<\/strong> i <strong>Type-C priklju\u010dak za punjenje<\/strong> za brzo punjenje.<\/li>\n<li><strong>\u0160to \u010dini Vapsolo Super 15000 prikladnim za veleprodaju?<\/strong><br \/>\nNjegova <strong>niska cijena<\/strong>, veliki broj udisaja i vrhunske zna\u010dajke \u010dine ga idealnim za <strong>veleprodaja jednokratnih vapeova<\/strong> i kupce koji kupuju na veliko.<\/li>\n<li><strong>Je li Vapsolo Super 15000 dobra opcija za korisnike s niskom razinom nikotina?<\/strong><br \/>\nDa, ovaj <strong>vape za jednokratnu upotrebu s niskim udjelom nikotina<\/strong> je savr\u0161en za korisnike koji tra\u017ee smanjene razine nikotina uz u\u017eivanje u vrhunskom iskustvu vapinga.<\/li>\n<\/ol>\n<\/div>\n<\/div>\n<\/div>\n<\/div>\n<\/div>\n<\/div>\n<\/div>\n<\/div>\n<\/div>","protected":false},"excerpt":{"rendered":"<p>Vapsolo Super 15000 Puffs 2% 5% Niska Razina Nikotina Rasprodaja na Veliko<br \/>\nVapsolo Super 15000 Puffs Punjiva Jednokratna Vape<br \/>\nKineska Tvornica Vapsolo 15000 Puffs 2% 5% Jednokratna Vape s Niskom Razinom Nikotina<\/p>\n<p><strong>Dodajte Amy na WhatsApp za brzi odgovor i kupon za vape!<\/strong><\/p>\n<p><img fetchpriority=\"high\" decoding=\"async\" class=\"size-full wp-image-2932\" src=\"https:\/\/vapestornado.com\/wp-content\/uploads\/2024\/12\/Vape-Wholesale.jpg\" alt=\"Veleprodaja vejpova\" width=\"229\" height=\"300\" \/><\/p>\n<h3><a href=\"https:\/\/wa.me\/8617776015835\"><span style=\"color: #ff0000;\"><strong>WhatsApp: +86 17776015835<\/strong><\/span><\/a><\/h3>\n<p>&nbsp;<\/p>","protected":false},"featured_media":3189,"comment_status":"open","ping_status":"closed","template":"","meta":{"_acf_changed":false,"_uag_custom_page_level_css":"","_lmt_disableupdate":"no","_lmt_disable":"","_monsterinsights_skip_tracking":false,"_monsterinsights_sitenote_active":false,"_monsterinsights_sitenote_note":"","_monsterinsights_sitenote_category":0,"site-sidebar-layout":"default","site-content-layout":"","ast-site-content-layout":"default","site-content-style":"default","site-sidebar-style":"default","ast-global-header-display":"","ast-banner-title-visibility":"","ast-main-header-display":"","ast-hfb-above-header-display":"","ast-hfb-below-header-display":"","ast-hfb-mobile-header-display":"","site-post-title":"","ast-breadcrumbs-content":"","ast-featured-img":"","footer-sml-layout":"","ast-disable-related-posts":"","theme-transparent-header-meta":"default","adv-header-id-meta":"","stick-header-meta":"","header-above-stick-meta":"","header-main-stick-meta":"","header-below-stick-meta":"","astra-migrate-meta-layouts":"set","ast-page-background-enabled":"default","ast-page-background-meta":{"desktop":{"background-color":"","background-image":"","background-repeat":"repeat","background-position":"center center","background-size":"auto","background-attachment":"scroll","background-type":"","background-media":"","overlay-type":"","overlay-color":"","overlay-opacity":"","overlay-gradient":""},"tablet":{"background-color":"","background-image":"","background-repeat":"repeat","background-position":"center center","background-size":"auto","background-attachment":"scroll","background-type":"","background-media":"","overlay-type":"","overlay-color":"","overlay-opacity":"","overlay-gradient":""},"mobile":{"background-color":"","background-image":"","background-repeat":"repeat","background-position":"center center","background-size":"auto","background-attachment":"scroll","background-type":"","background-media":"","overlay-type":"","overlay-color":"","overlay-opacity":"","overlay-gradient":""}},"ast-content-background-meta":{"desktop":{"background-color":"var(--ast-global-color-5)","background-image":"","background-repeat":"repeat","background-position":"center center","background-size":"auto","background-attachment":"scroll","background-type":"","background-media":"","overlay-type":"","overlay-color":"","overlay-opacity":"","overlay-gradient":""},"tablet":{"background-color":"var(--ast-global-color-5)","background-image":"","background-repeat":"repeat","background-position":"center center","background-size":"auto","background-attachment":"scroll","background-type":"","background-media":"","overlay-type":"","overlay-color":"","overlay-opacity":"","overlay-gradient":""},"mobile":{"background-color":"var(--ast-global-color-5)","background-image":"","background-repeat":"repeat","background-position":"center center","background-size":"auto","background-attachment":"scroll","background-type":"","background-media":"","overlay-type":"","overlay-color":"","overlay-opacity":"","overlay-gradient":""}},"_joinchat":{"telephone":"+8617776015835"}},"product_brand":[],"product_cat":[71,140,157,159,143,146,171],"product_tag":[165,97,166,94,139,168,167],"class_list":{"0":"post-3179","1":"product","2":"type-product","3":"status-publish","4":"has-post-thumbnail","6":"product_cat-15000-puff","7":"product_cat-big-puffs-disposable-vapes","8":"product_cat-buy-disposable-vapes-in-portugal","9":"product_cat-buy-disposable-vapes-in-sweden","10":"product_cat-dual-mesh-disposable-vapes","11":"product_cat-rechargeable-disposable-vapes","12":"product_cat-vapsolo-disposable-vapes","13":"product_tag-cheap-vapes","14":"product_tag-hot-sale-disposable-vape","15":"product_tag-low-nicotine-vape","16":"product_tag-rechargeable-disposable-vape","17":"product_tag-vapsolo","18":"product_tag-vapsolo-15000","19":"product_tag-vapsolo-super-15000","20":"desktop-align-left","21":"tablet-align-left","22":"mobile-align-left","24":"first","25":"instock","26":"sale","27":"shipping-taxable","28":"purchasable","29":"product-type-simple"},"acf":[],"uagb_featured_image_src":{"full":["https:\/\/vapestornado.com\/wp-content\/uploads\/2024\/12\/Vapsolo-Super-15000-Puffs-Disposable-Vapes-Bulk-Buy.jpg",1713,1713,false],"thumbnail":["https:\/\/vapestornado.com\/wp-content\/uploads\/2024\/12\/Vapsolo-Super-15000-Puffs-Disposable-Vapes-Bulk-Buy-150x150.jpg",150,150,true],"medium":["https:\/\/vapestornado.com\/wp-content\/uploads\/2024\/12\/Vapsolo-Super-15000-Puffs-Disposable-Vapes-Bulk-Buy-300x300.jpg",300,300,true],"medium_large":["https:\/\/vapestornado.com\/wp-content\/uploads\/2024\/12\/Vapsolo-Super-15000-Puffs-Disposable-Vapes-Bulk-Buy-768x768.jpg",768,768,true],"large":["https:\/\/vapestornado.com\/wp-content\/uploads\/2024\/12\/Vapsolo-Super-15000-Puffs-Disposable-Vapes-Bulk-Buy-1024x1024.jpg",1024,1024,true],"1536x1536":["https:\/\/vapestornado.com\/wp-content\/uploads\/2024\/12\/Vapsolo-Super-15000-Puffs-Disposable-Vapes-Bulk-Buy-1536x1536.jpg",1536,1536,true],"2048x2048":["https:\/\/vapestornado.com\/wp-content\/uploads\/2024\/12\/Vapsolo-Super-15000-Puffs-Disposable-Vapes-Bulk-Buy.jpg",1713,1713,false],"trp-custom-language-flag":["https:\/\/vapestornado.com\/wp-content\/uploads\/2024\/12\/Vapsolo-Super-15000-Puffs-Disposable-Vapes-Bulk-Buy.jpg",12,12,false],"woocommerce_thumbnail":["https:\/\/vapestornado.com\/wp-content\/uploads\/2024\/12\/Vapsolo-Super-15000-Puffs-Disposable-Vapes-Bulk-Buy-300x300.jpg",300,300,true],"woocommerce_single":["https:\/\/vapestornado.com\/wp-content\/uploads\/2024\/12\/Vapsolo-Super-15000-Puffs-Disposable-Vapes-Bulk-Buy-600x600.jpg",600,600,true],"woocommerce_gallery_thumbnail":["https:\/\/vapestornado.com\/wp-content\/uploads\/2024\/12\/Vapsolo-Super-15000-Puffs-Disposable-Vapes-Bulk-Buy-100x100.jpg",100,100,true]},"uagb_author_info":{"display_name":"ESAMY","author_link":"https:\/\/vapestornado.com\/hr\/author\/"},"uagb_comment_info":0,"uagb_excerpt":"Vapsolo Super 15000 Puffs 2% 5% Low Nicotine Bulk Buy Price Vapsolo Super 15000 Puffs Rechargeable Disposable Vape China Factory Vapsolo 15000 Puffs 2% 5% Low Nicotine Disposable Vape Add Amy's whatsapp get right reply and vape vape coupon! WhatsApp: +86 17776015835 &nbsp;","_links":{"self":[{"href":"https:\/\/vapestornado.com\/hr\/wp-json\/wp\/v2\/product\/3179","targetHints":{"allow":["GET"]}}],"collection":[{"href":"https:\/\/vapestornado.com\/hr\/wp-json\/wp\/v2\/product"}],"about":[{"href":"https:\/\/vapestornado.com\/hr\/wp-json\/wp\/v2\/types\/product"}],"replies":[{"embeddable":true,"href":"https:\/\/vapestornado.com\/hr\/wp-json\/wp\/v2\/comments?post=3179"}],"wp:featuredmedia":[{"embeddable":true,"href":"https:\/\/vapestornado.com\/hr\/wp-json\/wp\/v2\/media\/3189"}],"wp:attachment":[{"href":"https:\/\/vapestornado.com\/hr\/wp-json\/wp\/v2\/media?parent=3179"}],"wp:term":[{"taxonomy":"product_brand","embeddable":true,"href":"https:\/\/vapestornado.com\/hr\/wp-json\/wp\/v2\/product_brand?post=3179"},{"taxonomy":"product_cat","embeddable":true,"href":"https:\/\/vapestornado.com\/hr\/wp-json\/wp\/v2\/product_cat?post=3179"},{"taxonomy":"product_tag","embeddable":true,"href":"https:\/\/vapestornado.com\/hr\/wp-json\/wp\/v2\/product_tag?post=3179"}],"curies":[{"name":"wp","href":"https:\/\/api.w.org\/{rel}","templated":true}]}}