{"id":3171,"date":"2024-12-14T09:23:10","date_gmt":"2024-12-14T09:23:10","guid":{"rendered":"https:\/\/vapestornado.com\/?post_type=product&#038;p=3171"},"modified":"2025-08-23T10:02:23","modified_gmt":"2025-08-23T10:02:23","slug":"waspe-40000-puffs-double-flavor-rechargeable-vape-cheap-price","status":"publish","type":"product","link":"https:\/\/vapestornado.com\/hr\/product\/waspe-40000-puffs-double-flavor-rechargeable-vape-cheap-price\/","title":{"rendered":"WASPE 40000 Puffs Dvostruki okus Punjivi Vape Jeftina cijena"},"content":{"rendered":"<h1>WASPE 40000 Puffs Dvostruki okus Punjivi Vape Jeftina cijena<\/h1>\n<p>&nbsp;<\/p>\n<div role=\"article\" data-tabster=\"{&quot;groupper&quot;:{&quot;tabbability&quot;:2},&quot;focusable&quot;:{}}\" data-content=\"ai-message\" aria-labelledby=\"64JRvXrTnY7mRmPkEQLLT-author 64JRvXrTnY7mRmPkEQLLT-content\">\n<div id=\"64JRvXrTnY7mRmPkEQLLT-content\">\n<p>WASPE 40000 Puffs Double Flavor Punjivi Vape kombinira naprednu tehnologiju s izvanrednom isporukom okusa. Dizajniran za produljenu upotrebu, WASPE VAPES nudi do 40.000 udisaja, osiguravaju\u0107i dugotrajno zadovoljstvo. Dvostruke mre\u017easte zavojnice od 0,9 \u03a9 pru\u017eaju glatku paru punog okusa s poja\u010danom intenzitetom okusa i zadovoljavaju\u0107im udarcem u grlo. Njegov kapacitet e-teku\u0107ine od 36 ml smanjuje potrebu za \u010destim punjenjima, dok punjiva baterija od 850 mAh osigurava pouzdane performanse. Zna\u010dajka brzog punjenja Type-C svodi vrijeme zastoja na minimum. Pametni LED zaslon nudi a\u017euriranja u stvarnom vremenu o razinama baterije i e-teku\u0107ine za dodatnu prakti\u010dnost. S dvostrukim sustavom okusa, korisnici mogu bez napora prelaziti izme\u0111u dva razli\u010dita okusa, pobolj\u0161avaju\u0107i iskustvo vapinga. Dostupan u ja\u010dinama nikotina od 2% i 5% i 16 jedinstvenih okusa, prikladan je i za nove i za iskusne vapere. Odaberite WASPE FIHP 40000 Puffs Vape za vrhunske zna\u010dajke, elegantan dizajn i vrhunsko iskustvo vapinga prilago\u0111eno va\u0161im \u017eeljama.<\/p>\n<\/div>\n<\/div>\n<p><img fetchpriority=\"high\" decoding=\"async\" class=\"alignnone size-medium wp-image-4245\" src=\"https:\/\/vapestornado.com\/wp-content\/uploads\/2024\/12\/Waspe-DOUBLE-FLAVOUR-40k-Vape-Cheap-Price-300x300.jpg\" alt=\"\" width=\"300\" height=\"300\" srcset=\"https:\/\/vapestornado.com\/wp-content\/uploads\/2024\/12\/Waspe-DOUBLE-FLAVOUR-40k-Vape-Cheap-Price-300x300.jpg 300w, https:\/\/vapestornado.com\/wp-content\/uploads\/2024\/12\/Waspe-DOUBLE-FLAVOUR-40k-Vape-Cheap-Price-1024x1024.jpg 1024w, https:\/\/vapestornado.com\/wp-content\/uploads\/2024\/12\/Waspe-DOUBLE-FLAVOUR-40k-Vape-Cheap-Price-150x150.jpg 150w, https:\/\/vapestornado.com\/wp-content\/uploads\/2024\/12\/Waspe-DOUBLE-FLAVOUR-40k-Vape-Cheap-Price-768x768.jpg 768w, https:\/\/vapestornado.com\/wp-content\/uploads\/2024\/12\/Waspe-DOUBLE-FLAVOUR-40k-Vape-Cheap-Price-12x12.jpg 12w, https:\/\/vapestornado.com\/wp-content\/uploads\/2024\/12\/Waspe-DOUBLE-FLAVOUR-40k-Vape-Cheap-Price-600x600.jpg 600w, https:\/\/vapestornado.com\/wp-content\/uploads\/2024\/12\/Waspe-DOUBLE-FLAVOUR-40k-Vape-Cheap-Price-100x100.jpg 100w, https:\/\/vapestornado.com\/wp-content\/uploads\/2024\/12\/Waspe-DOUBLE-FLAVOUR-40k-Vape-Cheap-Price.jpg 1500w\" sizes=\"(max-width: 300px) 100vw, 300px\" \/><\/p>\n<p><img decoding=\"async\" class=\"wp-image-2951\" src=\"https:\/\/vapestornado.com\/wp-content\/uploads\/2024\/12\/Wholesale-Disposable-Vape-265x300.jpg\" alt=\"Veleprodaja jednokratnih vape ure\u0111aja\" width=\"295\" height=\"334\" srcset=\"https:\/\/vapestornado.com\/wp-content\/uploads\/2024\/12\/Wholesale-Disposable-Vape-265x300.jpg 265w, https:\/\/vapestornado.com\/wp-content\/uploads\/2024\/12\/Wholesale-Disposable-Vape-768x871.jpg 768w, https:\/\/vapestornado.com\/wp-content\/uploads\/2024\/12\/Wholesale-Disposable-Vape-600x680.jpg 600w, https:\/\/vapestornado.com\/wp-content\/uploads\/2024\/12\/Wholesale-Disposable-Vape.jpg 823w\" sizes=\"(max-width: 295px) 100vw, 295px\" \/><\/p>\n<h6>Molimo kontaktirajte Mandy's WhatsApp za cijenu s popustom<a href=\"https:\/\/wa.me\/8618077105796\" target=\"_blank\" rel=\"noopener\">+8618077105796<\/a><\/h6>\n<p>&nbsp;<\/p>\n<h2><strong>WASPE 40000 Puffs Disposable Vapes Specifikacije<\/strong><\/h2>\n<ul>\n<li><strong>Ja\u010dina Nikotina<\/strong>: Dostupno u opcijama 2% i 5% za prilago\u0111eno iskustvo vapinga.<\/li>\n<li><strong>Kapacitet Udisaja<\/strong>: Do 40.000 udisaja, idealno za produljenu upotrebu uz minimalne zamjene.<\/li>\n<li><strong>Kapacitet E-teku\u0107ine<\/strong>: Prethodno napunjeno s 36 ml vrhunskog soka za vape za dugotrajne sesije.<\/li>\n<li><strong>Napredne Mre\u017easte Zavojnice<\/strong>: Dvostruke mre\u017easte zavojnice od 0,9 \u03a9 isporu\u010duju glatku, bogatu paru i poja\u010dan okus.<\/li>\n<li><strong>Type-C Punjivo<\/strong>: Brzo i u\u010dinkovito punjenje Type-C smanjuje vrijeme zastoja.<\/li>\n<li><strong>Kapacitet Baterije<\/strong>: Robusna punjiva baterija od 850 mAh osigurava dosljedne performanse.<\/li>\n<li><strong>Pametni LED Zaslon<\/strong>: A\u017euriranja razine baterije i e-teku\u0107ine u stvarnom vremenu za besprijekornu upotrebljivost.<\/li>\n<li><strong>Tehnologija dvostrukog okusa<\/strong>: Prebacujte se izme\u0111u dva razli\u010dita okusa za dinami\u010dno i personalizirano iskustvo vapinga.<\/li>\n<\/ul>\n<h2><strong>WASPE Tornado Vape 40k Puffsa Popis okusa:<\/strong><\/h2>\n<p class=\"selectable-text copyable-text x15bjb6t x1n2onr6\" dir=\"ltr\"><span class=\"selectable-text copyable-text false\">1. Lubenica Led<\/span><\/p>\n<p class=\"selectable-text copyable-text x15bjb6t x1n2onr6\" dir=\"ltr\"><span class=\"selectable-text copyable-text false x1sdyfia xss6m8b\">2.<\/span><span class=\"selectable-text copyable-text false\"> Gazirano Tre\u0161nja Led<\/span><\/p>\n<p class=\"selectable-text copyable-text x15bjb6t x1n2onr6\" dir=\"ltr\"><span class=\"selectable-text copyable-text false x1sdyfia xss6m8b\">3.<\/span><span class=\"selectable-text copyable-text false\"> Jagoda Lubenica<\/span><\/p>\n<p class=\"selectable-text copyable-text x15bjb6t x1n2onr6\" dir=\"ltr\"><span class=\"selectable-text copyable-text false x1sdyfia xss6m8b\">4.<\/span><span class=\"selectable-text copyable-text false\"> Red Bull Led<\/span><\/p>\n<p class=\"selectable-text copyable-text x15bjb6t x1n2onr6\" dir=\"ltr\"><span class=\"selectable-text copyable-text false x1sdyfia xss6m8b\">5.<\/span><span class=\"selectable-text copyable-text false\"> Breskva Led<\/span><\/p>\n<p class=\"selectable-text copyable-text x15bjb6t x1n2onr6\" dir=\"ltr\"><span class=\"selectable-text copyable-text false x1sdyfia xss6m8b\">6.<\/span><span class=\"selectable-text copyable-text false\"> Gro\u017e\u0111e Led<\/span><\/p>\n<p class=\"selectable-text copyable-text x15bjb6t x1n2onr6\" dir=\"ltr\"><span class=\"selectable-text copyable-text false x1sdyfia xss6m8b\">7.<\/span><span class=\"selectable-text copyable-text false\"> Plava Malina Limunada<\/span><\/p>\n<p class=\"selectable-text copyable-text x15bjb6t x1n2onr6\" dir=\"ltr\"><span class=\"selectable-text copyable-text false x1sdyfia xss6m8b\">8.<\/span><span class=\"selectable-text copyable-text false\"> Mije\u0161ano Bobi\u010dasto Vo\u0107e<\/span><\/p>\n<p class=\"selectable-text copyable-text x15bjb6t x1n2onr6\" dir=\"ltr\"><span class=\"selectable-text copyable-text false x1sdyfia xss6m8b\">9.<\/span><span class=\"selectable-text copyable-text false\"> Jagoda Malina Tre\u0161nja<\/span><\/p>\n<p class=\"selectable-text copyable-text x15bjb6t x1n2onr6\" dir=\"ltr\"><span class=\"selectable-text copyable-text false x1sdyfia xss6m8b\">10.<\/span><span class=\"selectable-text copyable-text false\"> Jagoda Banana<\/span><\/p>\n<p class=\"selectable-text copyable-text x15bjb6t x1n2onr6\" dir=\"ltr\"><span class=\"selectable-text copyable-text false x1sdyfia xss6m8b\">11.<\/span><span class=\"selectable-text copyable-text false\"> \u017dvaka\u0107a Guma od Jagode i Lubenice<\/span><\/p>\n<p class=\"selectable-text copyable-text x15bjb6t x1n2onr6\" dir=\"ltr\"><span class=\"selectable-text copyable-text false x1sdyfia xss6m8b\">12.<\/span><span class=\"selectable-text copyable-text false\"> Tre\u0161nja Cola Led<\/span><\/p>\n<p class=\"selectable-text copyable-text x15bjb6t x1n2onr6\" dir=\"ltr\"><span class=\"selectable-text copyable-text false x1sdyfia xss6m8b\">13.<\/span><span class=\"selectable-text copyable-text false\"> Kisela Jabuka Malina<\/span><\/p>\n<p class=\"selectable-text copyable-text x15bjb6t x1n2onr6\" dir=\"ltr\"><span class=\"selectable-text copyable-text false x1sdyfia xss6m8b\">14.<\/span><span class=\"selectable-text copyable-text false\"> Breskva Bobi\u010dasto Vo\u0107e<\/span><\/p>\n<p class=\"selectable-text copyable-text x15bjb6t x1n2onr6\" dir=\"ltr\"><span class=\"selectable-text copyable-text false x1sdyfia xss6m8b\">15.<\/span><span class=\"selectable-text copyable-text false\"> Blueberry Ice<\/span><\/p>\n<p class=\"selectable-text copyable-text x15bjb6t x1n2onr6\" dir=\"ltr\"><span class=\"selectable-text copyable-text false x1sdyfia xss6m8b\">16.<\/span><span class=\"selectable-text copyable-text false\"> Jagoda Tre\u0161nja<\/span><\/p>\n<div role=\"article\" data-tabster=\"{&quot;groupper&quot;:{&quot;tabbability&quot;:2},&quot;focusable&quot;:{}}\" data-content=\"ai-message\" aria-labelledby=\"dARUyEWDoEYhnSPXFwx5A-author dARUyEWDoEYhnSPXFwx5A-content\">\n<div id=\"dARUyEWDoEYhnSPXFwx5A-content\">\n<h2><strong>Za\u0161to odabrati WASPE 40k Puffs Vape Pods na vapestornado.com?<\/strong><\/h2>\n<ul>\n<li><strong>Nepremostiva Dugotrajnost<\/strong>: S impresivnih 40.000 udisaja, WASPE 40K je savr\u0161en za vapere koji tra\u017ee dugotrajnu upotrebu bez \u010destih zamjena.<\/li>\n<li><strong>Napredna tehnologija vapinga<\/strong>: S dvostrukim mre\u017eastim grija\u010dima od 0,9 \u03a9, ovaj ure\u0111aj osigurava glatku paru punu okusa pri svakom udisaju, nude\u0107i vrhunsko iskustvo vapinga.<\/li>\n<li><strong>Ogroman kapacitet e-teku\u0107ine<\/strong>: Prethodno napunjen s 36 ml visokokvalitetne teku\u0107ine za vape, dizajniran je za neprekidne, dugotrajne sesije.<\/li>\n<li><strong>Prakti\u010dna mogu\u0107nost ponovnog punjenja<\/strong>: Opremljen s 850mAh Type-C punjivom baterijom, WASPE 40000 puff pru\u017ea pouzdanu snagu i brzo punjenje, osiguravaju\u0107i da ste uvijek spremni za vape.<\/li>\n<li><strong>Inovativna zna\u010dajka dvostrukog okusa<\/strong>: U\u017eivajte u dva okusa u jednom ure\u0111aju, nude\u0107i prilagodljivo i dinami\u010dno iskustvo vapinga prilago\u0111eno va\u0161im \u017eeljama.<\/li>\n<li><strong>Dizajn prilago\u0111en korisniku<\/strong>: Pametni LED zaslon obavje\u0161tava vas o razinama baterije i e-teku\u0107ine, dodaju\u0107i sloj prakti\u010dnosti va\u0161oj rutini vapinga.<\/li>\n<li><strong>Fleksibilne opcije nikotina<\/strong>: Dostupno u ja\u010dinama nikotina od 2% i 5%, za po\u010detnike i iskusne vapere.<\/li>\n<li><strong>vapestornado Premium Usluga<\/strong>: Kupnja na vapestornado.com zna\u010di pristup autenti\u010dnim proizvodima, konkurentnim cijenama i iznimnoj korisni\u010dkoj podr\u0161ci.<\/li>\n<\/ul>\n<\/div>\n<\/div>\n<h2>\u010cesto postavljana pitanja o <strong>WASPE 40K Puffs veleprodajna cijena punjivih vape ure\u0111aja<\/strong><\/h2>\n<p><strong>P1: Kako mogu pratiti svoju narud\u017ebu WASPE VAPES 40k Puffs?<\/strong><br \/>\nO: Nakon \u0161to va\u0161a narud\u017eba bude poslana, primit \u0107ete broj za pra\u0107enje putem e-po\u0161te kako biste pratili napredak isporuke.<\/p>\n<p><strong>P2: Koje je procijenjeno vrijeme isporuke za WASPE 40000 PUFF?<\/strong><br \/>\nO: Narud\u017ebe poslane iz Kine obi\u010dno traju 7-14 radnih dana, dok narud\u017ebe iz europskih skladi\u0161ta sti\u017eu za 3-6 radnih dana.<\/p>\n<p><strong>P3: Mogu li dobiti br\u017eu dostavu?<\/strong><br \/>\nO: Za br\u017eu dostavu razmislite o naru\u010divanju proizvoda koji su na zalihi u na\u0161im europskim skladi\u0161tima.<\/p>\n<p><strong>P4: Mogu li odabrati odre\u0111ene okuse za WASPE FIHP VAPE 40000 PUFFS?<\/strong><br \/>\nO: Okusi se obi\u010dno raspore\u0111uju nasumi\u010dno, ali mo\u017eete ostaviti bilje\u0161ku na blagajni sa svojim \u017eeljama, a mi \u0107emo se potruditi udovoljiti.<\/p>\n<p><strong>P5: \u0160aljete li WASPE 40000 puffs u inozemstvo?<\/strong><br \/>\nO: Da, \u0161aljemo u ve\u0107inu zemalja diljem svijeta i rje\u0161avamo carinjenje.<\/p>\n<p><strong>P6: Kako mogu kontaktirati slu\u017ebu za korisnike?<\/strong><br \/>\nO: Obratite nam se putem e-po\u0161te, WhatsAppa ili chata u\u017eivo na na\u0161oj web stranici za brzu pomo\u0107.<\/p>","protected":false},"excerpt":{"rendered":"<ul>\n<li><strong>Nabavite WASPE FIHP 40000 Puff Punjivi Vape po Nenadma\u0161nim Cijenama<\/strong><\/li>\n<li><strong>Veleprodajne Ponude za WASPE FIHP 40K Puffs Vape \u2013 U\u0161tedite Veliko na Skupnim Narud\u017ebama<\/strong><\/li>\n<li><strong>Kupite WASPE 40000 Puffs Dual Flavor Vape \u2013 Napredne Zna\u010dajke, Pristupa\u010dne Cijene<\/strong><\/li>\n<\/ul>\n<figure id=\"attachment_2951\" aria-describedby=\"caption-attachment-2951\" style=\"width: 265px\" class=\"wp-caption alignnone\"><img decoding=\"async\" class=\"size-medium wp-image-2951\" src=\"https:\/\/vapestornado.com\/wp-content\/uploads\/2024\/12\/Wholesale-Disposable-Vape-265x300.jpg\" alt=\"Veleprodaja jednokratnih vape ure\u0111aja\" width=\"265\" height=\"300\" srcset=\"https:\/\/vapestornado.com\/wp-content\/uploads\/2024\/12\/Wholesale-Disposable-Vape-265x300.jpg 265w, https:\/\/vapestornado.com\/wp-content\/uploads\/2024\/12\/Wholesale-Disposable-Vape-768x871.jpg 768w, https:\/\/vapestornado.com\/wp-content\/uploads\/2024\/12\/Wholesale-Disposable-Vape-600x680.jpg 600w, https:\/\/vapestornado.com\/wp-content\/uploads\/2024\/12\/Wholesale-Disposable-Vape.jpg 823w\" sizes=\"(max-width: 265px) 100vw, 265px\" \/><figcaption id=\"caption-attachment-2951\" class=\"wp-caption-text\">Molimo kontaktirajte Mandy's WhatsApp za cijenu s popustom\u00a0 <a href=\"https:\/\/wa.me\/8618077105796\">+8618077105796<\/a><\/figcaption><\/figure>\n<p>&nbsp;<\/p>","protected":false},"featured_media":4245,"comment_status":"open","ping_status":"closed","template":"","meta":{"_acf_changed":false,"_uag_custom_page_level_css":"","_lmt_disableupdate":"no","_lmt_disable":"","_monsterinsights_skip_tracking":false,"_monsterinsights_sitenote_active":false,"_monsterinsights_sitenote_note":"","_monsterinsights_sitenote_category":0,"site-sidebar-layout":"default","site-content-layout":"","ast-site-content-layout":"default","site-content-style":"default","site-sidebar-style":"default","ast-global-header-display":"","ast-banner-title-visibility":"","ast-main-header-display":"","ast-hfb-above-header-display":"","ast-hfb-below-header-display":"","ast-hfb-mobile-header-display":"","site-post-title":"","ast-breadcrumbs-content":"","ast-featured-img":"","footer-sml-layout":"","ast-disable-related-posts":"","theme-transparent-header-meta":"default","adv-header-id-meta":"","stick-header-meta":"","header-above-stick-meta":"","header-main-stick-meta":"","header-below-stick-meta":"","astra-migrate-meta-layouts":"set","ast-page-background-enabled":"default","ast-page-background-meta":{"desktop":{"background-color":"","background-image":"","background-repeat":"repeat","background-position":"center center","background-size":"auto","background-attachment":"scroll","background-type":"","background-media":"","overlay-type":"","overlay-color":"","overlay-opacity":"","overlay-gradient":""},"tablet":{"background-color":"","background-image":"","background-repeat":"repeat","background-position":"center center","background-size":"auto","background-attachment":"scroll","background-type":"","background-media":"","overlay-type":"","overlay-color":"","overlay-opacity":"","overlay-gradient":""},"mobile":{"background-color":"","background-image":"","background-repeat":"repeat","background-position":"center center","background-size":"auto","background-attachment":"scroll","background-type":"","background-media":"","overlay-type":"","overlay-color":"","overlay-opacity":"","overlay-gradient":""}},"ast-content-background-meta":{"desktop":{"background-color":"var(--ast-global-color-5)","background-image":"","background-repeat":"repeat","background-position":"center center","background-size":"auto","background-attachment":"scroll","background-type":"","background-media":"","overlay-type":"","overlay-color":"","overlay-opacity":"","overlay-gradient":""},"tablet":{"background-color":"var(--ast-global-color-5)","background-image":"","background-repeat":"repeat","background-position":"center center","background-size":"auto","background-attachment":"scroll","background-type":"","background-media":"","overlay-type":"","overlay-color":"","overlay-opacity":"","overlay-gradient":""},"mobile":{"background-color":"var(--ast-global-color-5)","background-image":"","background-repeat":"repeat","background-position":"center center","background-size":"auto","background-attachment":"scroll","background-type":"","background-media":"","overlay-type":"","overlay-color":"","overlay-opacity":"","overlay-gradient":""}},"_joinchat":{"telephone":"+8618077105796"}},"product_brand":[],"product_cat":[65,149,153,156,157,158,60],"product_tag":[97,89],"class_list":{"0":"post-3171","1":"product","2":"type-product","3":"status-publish","4":"has-post-thumbnail","6":"product_cat-40000-puff","7":"product_cat-buy-disposable-vapes-in-austria","8":"product_cat-buy-disposable-vapes-in-italy","9":"product_cat-buy-disposable-vapes-in-poland","10":"product_cat-buy-disposable-vapes-in-portugal","11":"product_cat-buy-disposable-vapes-in-spain","12":"product_cat-waspe-fihp-vape","13":"product_tag-hot-sale-disposable-vape","14":"product_tag-waspe-40000-puffs","15":"desktop-align-left","16":"tablet-align-left","17":"mobile-align-left","19":"first","20":"instock","21":"sale","22":"shipping-taxable","23":"purchasable","24":"product-type-simple"},"acf":[],"uagb_featured_image_src":{"full":["https:\/\/vapestornado.com\/wp-content\/uploads\/2024\/12\/Waspe-DOUBLE-FLAVOUR-40k-Vape-Cheap-Price.jpg",1500,1500,false],"thumbnail":["https:\/\/vapestornado.com\/wp-content\/uploads\/2024\/12\/Waspe-DOUBLE-FLAVOUR-40k-Vape-Cheap-Price-150x150.jpg",150,150,true],"medium":["https:\/\/vapestornado.com\/wp-content\/uploads\/2024\/12\/Waspe-DOUBLE-FLAVOUR-40k-Vape-Cheap-Price-300x300.jpg",300,300,true],"medium_large":["https:\/\/vapestornado.com\/wp-content\/uploads\/2024\/12\/Waspe-DOUBLE-FLAVOUR-40k-Vape-Cheap-Price-768x768.jpg",768,768,true],"large":["https:\/\/vapestornado.com\/wp-content\/uploads\/2024\/12\/Waspe-DOUBLE-FLAVOUR-40k-Vape-Cheap-Price-1024x1024.jpg",1024,1024,true],"1536x1536":["https:\/\/vapestornado.com\/wp-content\/uploads\/2024\/12\/Waspe-DOUBLE-FLAVOUR-40k-Vape-Cheap-Price.jpg",1500,1500,false],"2048x2048":["https:\/\/vapestornado.com\/wp-content\/uploads\/2024\/12\/Waspe-DOUBLE-FLAVOUR-40k-Vape-Cheap-Price.jpg",1500,1500,false],"trp-custom-language-flag":["https:\/\/vapestornado.com\/wp-content\/uploads\/2024\/12\/Waspe-DOUBLE-FLAVOUR-40k-Vape-Cheap-Price-12x12.jpg",12,12,true],"woocommerce_thumbnail":["https:\/\/vapestornado.com\/wp-content\/uploads\/2024\/12\/Waspe-DOUBLE-FLAVOUR-40k-Vape-Cheap-Price-300x300.jpg",300,300,true],"woocommerce_single":["https:\/\/vapestornado.com\/wp-content\/uploads\/2024\/12\/Waspe-DOUBLE-FLAVOUR-40k-Vape-Cheap-Price-600x600.jpg",600,600,true],"woocommerce_gallery_thumbnail":["https:\/\/vapestornado.com\/wp-content\/uploads\/2024\/12\/Waspe-DOUBLE-FLAVOUR-40k-Vape-Cheap-Price-100x100.jpg",100,100,true]},"uagb_author_info":{"display_name":"ESMANDY","author_link":"https:\/\/vapestornado.com\/hr\/author\/"},"uagb_comment_info":0,"uagb_excerpt":"Get WASPE FIHP 40000 Puff Rechargeable Vape at Unbeatable Prices Wholesale Deals on WASPE FIHP 40K Puffs Vapes \u2013 Save Big on Bulk Orders Shop WASPE 40000 Puffs Dual Flavor Vape \u2013 Advanced Features, Affordable Prices [caption id=\"attachment_2951\" align=\"alignnone\" width=\"265\"] Pls Contact Mandy's WhatsApp For Discount Price\u00a0 +8618077105796[\/caption] &nbsp;","_links":{"self":[{"href":"https:\/\/vapestornado.com\/hr\/wp-json\/wp\/v2\/product\/3171","targetHints":{"allow":["GET"]}}],"collection":[{"href":"https:\/\/vapestornado.com\/hr\/wp-json\/wp\/v2\/product"}],"about":[{"href":"https:\/\/vapestornado.com\/hr\/wp-json\/wp\/v2\/types\/product"}],"replies":[{"embeddable":true,"href":"https:\/\/vapestornado.com\/hr\/wp-json\/wp\/v2\/comments?post=3171"}],"wp:featuredmedia":[{"embeddable":true,"href":"https:\/\/vapestornado.com\/hr\/wp-json\/wp\/v2\/media\/4245"}],"wp:attachment":[{"href":"https:\/\/vapestornado.com\/hr\/wp-json\/wp\/v2\/media?parent=3171"}],"wp:term":[{"taxonomy":"product_brand","embeddable":true,"href":"https:\/\/vapestornado.com\/hr\/wp-json\/wp\/v2\/product_brand?post=3171"},{"taxonomy":"product_cat","embeddable":true,"href":"https:\/\/vapestornado.com\/hr\/wp-json\/wp\/v2\/product_cat?post=3171"},{"taxonomy":"product_tag","embeddable":true,"href":"https:\/\/vapestornado.com\/hr\/wp-json\/wp\/v2\/product_tag?post=3171"}],"curies":[{"name":"wp","href":"https:\/\/api.w.org\/{rel}","templated":true}]}}