{"id":3132,"date":"2024-12-13T09:10:35","date_gmt":"2024-12-13T09:10:35","guid":{"rendered":"https:\/\/vapestornado.com\/?post_type=product&#038;p=3132"},"modified":"2025-08-23T10:04:00","modified_gmt":"2025-08-23T10:04:00","slug":"vapsolo-twins-20000-double-flavour-rechargeable-disposable-vape-wholesale-price","status":"publish","type":"product","link":"https:\/\/vapestornado.com\/hr\/product\/vapsolo-twins-20000-double-flavour-rechargeable-disposable-vape-wholesale-price\/","title":{"rendered":"Vapsolo Twins 20000 Dvostruki okus Punjiva jednokratna vape olovka Veleprodajna cijena"},"content":{"rendered":"<h1 class=\"product-title\">Vapsolo Twins 20000 Dvostruki okus Punjiva jednokratna vape olovka Veleprodajna cijena<\/h1>\n<p data-start=\"319\" data-end=\"581\">Ovo <strong data-start=\"323\" data-end=\"377\">Vapsolo Twins 20000 Dvostruki Okus Jednokratni Vape<\/strong> je dizajniran za trgovce na malo i veliko kojima je potrebna pouzdana, dugotrajna zaliha. S do <strong data-start=\"470\" data-end=\"497\">20.000 udisaja po ure\u0111aju<\/strong> i <strong data-start=\"504\" data-end=\"526\">25 ml e-teku\u0107ine<\/strong>, nudi produ\u017eenu upotrebu i sna\u017ean potencijal preprodaje.<\/p>\n<p data-start=\"583\" data-end=\"946\">Njegova <strong data-start=\"587\" data-end=\"612\">sustav dvostrukog okusa<\/strong> omogu\u0107uje korisnicima prebacivanje izme\u0111u dvije mje\u0161avine u jednom ure\u0111aju, \u0161to ga \u010dini privla\u010dnijim kupcima koji \u017eele raznolikost bez no\u0161enja vi\u0161e vapeova. The <strong data-start=\"759\" data-end=\"783\">mre\u017easte zavojnice<\/strong> osigurava glatku paru i dosljedan okus, dok <strong data-start=\"837\" data-end=\"868\">650mAh punjiva baterija<\/strong> sa <strong data-start=\"874\" data-end=\"898\">Type-C brzo punjenje<\/strong> odr\u017eava performanse stabilnima do posljednje kapi.<\/p>\n<p data-start=\"948\" data-end=\"1202\">Dostupno u <strong data-start=\"961\" data-end=\"993\">ja\u010dine nikotina od 2% i 5%<\/strong>, onda je <strong data-start=\"999\" data-end=\"1025\">Vapsolo Blizanci 20K Vape<\/strong> zadovoljava razli\u010dite preferencije kupaca. S konkurentnim <strong data-start=\"1085\" data-end=\"1106\">veleprodajne cijene<\/strong> i sna\u017enom potra\u017enjom na tr\u017ei\u0161tu, pametan je izbor za male trgovine i distributere diljem Europe<\/p>\n<p><strong>Dodajte Amy na WhatsApp za brzi odgovor i kupon za vape!<\/strong><\/p>\n<p><img fetchpriority=\"high\" decoding=\"async\" class=\"size-full wp-image-2932\" src=\"https:\/\/vapestornado.com\/wp-content\/uploads\/2024\/12\/Vape-Wholesale.jpg\" alt=\"Veleprodaja vejpova\" width=\"229\" height=\"300\" \/><\/p>\n<h3><a href=\"https:\/\/wa.me\/8617776015835\" target=\"_blank\" rel=\"noopener\"><span style=\"color: #ff0000;\"><strong>WhatsApp: +86 17776015835<\/strong><\/span><\/a><\/h3>\n<p>&nbsp;<\/p>\n<h2><strong>Zna\u010dajke proizvoda Vapsolo Twins 20000<\/strong><\/h2>\n<div role=\"article\" data-tabster=\"{&quot;groupper&quot;:{&quot;tabbability&quot;:2},&quot;focusable&quot;:{}}\" data-content=\"ai-message\" aria-labelledby=\"juhNTJ6o7Gk1cgwZMJgv2-author juhNTJ6o7Gk1cgwZMJgv2-content\">\n<div id=\"juhNTJ6o7Gk1cgwZMJgv2-content\">\n<div role=\"article\" data-tabster=\"{&quot;groupper&quot;:{&quot;tabbability&quot;:2},&quot;focusable&quot;:{}}\" data-content=\"ai-message\" aria-labelledby=\"x4EZuCZWrTbh3weWUt7CU-author x4EZuCZWrTbh3weWUt7CU-content\">\n<div id=\"x4EZuCZWrTbh3weWUt7CU-content\">\n<h3><\/h3>\n<ol>\n<li><strong>Dvostruki u\u017eitak okusa:<\/strong> Sustav s dva spremnika za dva okusa u jednom vapeu.<\/li>\n<li><strong>Ogroman broj udisaja:<\/strong> Nudi impresivnu <strong>20.000 puffova<\/strong>.<\/li>\n<li><strong>Punjiva baterija:<\/strong> Dugotrajna baterija od 650 mAh s Type-C punjenjem.<\/li>\n<li><strong>Izda\u0161an kapacitet e-teku\u0107ine:<\/strong> <strong>25 ml prethodno napunjenih spremnika<\/strong> za produljenu upotrebu.<\/li>\n<li><strong>Opcije ja\u010dine nikotina:<\/strong> Birajte izme\u0111u <strong>2% ili 5%<\/strong> razine nikotina.<\/li>\n<li><strong>Tehnologija mre\u017easte zavojnice:<\/strong> Osigurava glatku i ukusnu proizvodnju pare.<\/li>\n<li><strong>Podesivi protok zraka:<\/strong> Prilagodite intenzitet pare svom stilu.<\/li>\n<li><strong>Dizajn prilago\u0111en korisniku:<\/strong> Sustav aktiviran povla\u010denjem za jednostavno i prakti\u010dno vaping.<\/li>\n<li><strong>Kompaktan<\/strong> Moderan dizajn savr\u0161en za korisnike u pokretu.<\/li>\n<li><strong>Pametni zaslon:<\/strong> A\u017euriranja u stvarnom vremenu o trajanju baterije i broju udisaja.<\/li>\n<\/ol>\n<\/div>\n<\/div>\n<\/div>\n<\/div>\n<h2 class=\"product-title\"><strong>Popis okusa Vapsolo Twins 20000<\/strong><\/h2>\n<p>1. Limeta i limun<br \/>\n2. Ledeno gro\u017e\u0111e<br \/>\n3. Ananas i kokos<br \/>\n4. Naran\u010da, mango i lubenica<br \/>\n5. Ledena borovnica<br \/>\n6. Ledena lubenica<br \/>\n7. Jagoda i banana<br \/>\n8. Ledena jagoda, malina i vi\u0161nja<br \/>\n9. Limunada od plave maline<br \/>\n10. Ledena lubenica<br \/>\n11. Trostruka dinja<br \/>\n12. Crni led zmajevo vo\u0107e jagoda<br \/>\n13. Ananas kokos<br \/>\n14. Ledena jagoda<br \/>\n15. Jagoda kivi<br \/>\n16. Trostruka dinja<\/p>\n<h3>Za\u0161to odabrati vapestornado za Vapsolo Twins 20k Puff Vape veleprodaju?<\/h3>\n<div class=\"flex-shrink-0 flex flex-col relative items-end\">\n<div class=\"pt-0\">\n<div class=\"gizmo-bot-avatar flex h-8 w-8 items-center justify-center overflow-hidden rounded-full\">\n<div class=\"relative p-1 rounded-sm flex items-center justify-center bg-token-main-surface-primary text-token-text-primary h-8 w-8\">\n<p>Dobrodo\u0161li u vapestornado, va\u0161u pouzdanu online vape trgovinu za vrhunske jednokratne vape ure\u0111aje. S vi\u0161e od 5 godina stru\u010dnosti, donosimo vam popularne marke jednokratnih vape ure\u0111aja kao \u0161to su Fumot RandM Vape, <a href=\"https:\/\/vapestornado.com\/hr\/product\/vapme-crystal-7000-puffs-rechargeable-disposable-vape-wholesale-cheap-price\/\">Vapme<\/a>, Bang Vape, Waspe Vape i WGA Vape, itd.<\/p>\n<p>Na\u0161 asortiman uklju\u010duje vru\u0107e vapeove poput <a href=\"https:\/\/vapestornado.com\/hr\/product\/fumot-randm-tornado-15000-puffs-rechargeable-disposable-vape-wholesale\/\">RandM Tornado 15000<\/a>, i izbor bogat okusom poput <a href=\"https:\/\/vapestornado.com\/hr\/product\/waspe-40000-puffs-double-flavour-led-display-disposable-vape-wholesale\/\">WASPE Dvostruki Okus 40000 Pufova<\/a> . Svaki proizvod odabran je s fokusom na kvalitetu, vrijednost i raznolikost, osiguravaju\u0107i da prona\u0111ete savr\u0161eno podudaranje za svoje potrebe. Otkrijte iznimnu uslugu i \u0161irok spektar vrhunskih proizvoda po veleprodajnoj cijeni na vapestornado.<\/p>\n<\/div>\n<h3><\/h3>\n<div class=\"relative p-1 rounded-sm flex items-center justify-center bg-token-main-surface-primary text-token-text-primary h-8 w-8\">\n<h3>\u010cesto postavljana pitanja za Vapsolo 20k Puff jednokratni vape<\/h3>\n<\/div>\n<\/div>\n<\/div>\n<\/div>\n<div class=\"flex-shrink-0 flex flex-col relative items-end\">\n<div class=\"pt-0\">\n<div class=\"gizmo-bot-avatar flex h-8 w-8 items-center justify-center overflow-hidden rounded-full\">\n<div class=\"relative p-1 rounded-sm flex items-center justify-center bg-token-main-surface-primary text-token-text-primary h-8 w-8\">\n<div class=\"mb-2 flex gap-3 empty:hidden -ml-2\">\n<div role=\"article\" data-tabster=\"{&quot;groupper&quot;:{&quot;tabbability&quot;:2},&quot;focusable&quot;:{}}\" data-content=\"ai-message\" aria-labelledby=\"Vdt5ez4X7Tg813x6rFVha-author Vdt5ez4X7Tg813x6rFVha-content\">\n<div id=\"Vdt5ez4X7Tg813x6rFVha-content\">\n<div role=\"article\" data-tabster=\"{&quot;groupper&quot;:{&quot;tabbability&quot;:2},&quot;focusable&quot;:{}}\" data-content=\"ai-message\" aria-labelledby=\"o968oC7CEo2fGHsGdsRYC-author o968oC7CEo2fGHsGdsRYC-content\">\n<div id=\"o968oC7CEo2fGHsGdsRYC-content\">\n<ol>\n<li><strong>\u0160to \u010dini Vapsolo Twins 20000 jedinstvenim?<\/strong><br \/>\nOvo <strong>sustav dvostrukog spremnika za okus<\/strong> omogu\u0107uje vam u\u017eivanje u dva razli\u010dita okusa u jednom ure\u0111aju, \u0161to ga \u010dini vrlo svestranim.<\/li>\n<li><strong>Koliko udisaja pru\u017ea Vapsolo Twins 20000?<\/strong><br \/>\nNudi impresivan broj <strong>20.000 puffova<\/strong>, \u0161to ga \u010dini idealnim za dugotrajnu upotrebu.<\/li>\n<li><strong>Mo\u017ee li se Vapsolo Twins puniti?<\/strong><br \/>\nDa, ima <strong>650mAh punjiva baterija<\/strong> s brzim Type-C punjenjem za prakti\u010dnost.<\/li>\n<li><strong>Koje su dostupne opcije ja\u010dine nikotina?<\/strong><br \/>\nUre\u0111aj dolazi u <strong>Razine nikotina 2% i 5%<\/strong>, namijenjeno korisnicima s niskom i visokom tolerancijom na nikotin.<\/li>\n<li><strong>Je li Vapsolo Twins prikladan za po\u010detnike?<\/strong><br \/>\nApsolutno! Njegov <strong>sustav aktivacije povla\u010denjem<\/strong> i jednostavne kontrole olak\u0161avaju kori\u0161tenje po\u010detnicima, a istovremeno nude napredne zna\u010dajke iskusnim korisnicima.<\/li>\n<\/ol>\n<\/div>\n<\/div>\n<\/div>\n<\/div>\n<p>&nbsp;<\/p>\n<\/div>\n<\/div>\n<\/div>\n<\/div>\n<\/div>\n<div class=\"group\/conversation-turn relative flex w-full min-w-0 flex-col agent-turn\">\n<div class=\"flex-col gap-1 md:gap-3\">\n<div class=\"flex max-w-full flex-col flex-grow\">\n<div class=\"min-h-8 text-message flex w-full flex-col items-end gap-2 whitespace-normal break-words [.text-message+&amp;]:mt-5\" dir=\"auto\" data-message-author-role=\"assistant\" data-message-id=\"db716a1c-9ed0-4b8d-b3b0-7bdb913c3d42\" data-message-model-slug=\"gpt-4o\">\n<div class=\"flex w-full flex-col gap-1 empty:hidden first:pt-[3px]\">\n<div class=\"markdown prose w-full break-words dark:prose-invert light\">\n<p>&nbsp;<\/p>\n<\/div>\n<\/div>\n<\/div>\n<\/div>\n<\/div>\n<\/div>","protected":false},"excerpt":{"rendered":"<p>Vapsolo Twins 20000 Puffs 2 u 1 jednokratni vape po veleprodajnoj cijeni<br \/>\nVapsolo 20000 dvostruki okus punjivi jednokratni vape vru\u0107a prodaja<br \/>\nVapsolo Twins 20k 2 okusa u 1 jednokratni vape cijena za masovnu kupnju<\/p>\n<p><strong>Dodajte Amy na WhatsApp za brzi odgovor i kupon za vape!<\/strong><\/p>\n<p><img fetchpriority=\"high\" decoding=\"async\" class=\"size-full wp-image-2932\" src=\"https:\/\/vapestornado.com\/wp-content\/uploads\/2024\/12\/Vape-Wholesale.jpg\" alt=\"Veleprodaja vejpova\" width=\"229\" height=\"300\" \/><\/p>\n<h3><a href=\"https:\/\/wa.me\/8617776015835\"><span style=\"color: #ff0000;\"><strong>WhatsApp: +86 17776015835<\/strong><\/span><\/a><\/h3>\n<p>&nbsp;<\/p>","protected":false},"featured_media":3129,"comment_status":"open","ping_status":"closed","template":"","meta":{"_acf_changed":false,"_uag_custom_page_level_css":"","_lmt_disableupdate":"no","_lmt_disable":"","_monsterinsights_skip_tracking":false,"_monsterinsights_sitenote_active":false,"_monsterinsights_sitenote_note":"","_monsterinsights_sitenote_category":0,"site-sidebar-layout":"default","site-content-layout":"","ast-site-content-layout":"default","site-content-style":"default","site-sidebar-style":"default","ast-global-header-display":"","ast-banner-title-visibility":"","ast-main-header-display":"","ast-hfb-above-header-display":"","ast-hfb-below-header-display":"","ast-hfb-mobile-header-display":"","site-post-title":"","ast-breadcrumbs-content":"","ast-featured-img":"","footer-sml-layout":"","ast-disable-related-posts":"","theme-transparent-header-meta":"default","adv-header-id-meta":"","stick-header-meta":"","header-above-stick-meta":"","header-main-stick-meta":"","header-below-stick-meta":"","astra-migrate-meta-layouts":"set","ast-page-background-enabled":"default","ast-page-background-meta":{"desktop":{"background-color":"","background-image":"","background-repeat":"repeat","background-position":"center center","background-size":"auto","background-attachment":"scroll","background-type":"","background-media":"","overlay-type":"","overlay-color":"","overlay-opacity":"","overlay-gradient":""},"tablet":{"background-color":"","background-image":"","background-repeat":"repeat","background-position":"center center","background-size":"auto","background-attachment":"scroll","background-type":"","background-media":"","overlay-type":"","overlay-color":"","overlay-opacity":"","overlay-gradient":""},"mobile":{"background-color":"","background-image":"","background-repeat":"repeat","background-position":"center center","background-size":"auto","background-attachment":"scroll","background-type":"","background-media":"","overlay-type":"","overlay-color":"","overlay-opacity":"","overlay-gradient":""}},"ast-content-background-meta":{"desktop":{"background-color":"var(--ast-global-color-5)","background-image":"","background-repeat":"repeat","background-position":"center center","background-size":"auto","background-attachment":"scroll","background-type":"","background-media":"","overlay-type":"","overlay-color":"","overlay-opacity":"","overlay-gradient":""},"tablet":{"background-color":"var(--ast-global-color-5)","background-image":"","background-repeat":"repeat","background-position":"center center","background-size":"auto","background-attachment":"scroll","background-type":"","background-media":"","overlay-type":"","overlay-color":"","overlay-opacity":"","overlay-gradient":""},"mobile":{"background-color":"var(--ast-global-color-5)","background-image":"","background-repeat":"repeat","background-position":"center center","background-size":"auto","background-attachment":"scroll","background-type":"","background-media":"","overlay-type":"","overlay-color":"","overlay-opacity":"","overlay-gradient":""}},"_joinchat":{"telephone":"+8617776015835"}},"product_brand":[],"product_cat":[69,171],"product_tag":[97,94,139,137,138],"class_list":{"0":"post-3132","1":"product","2":"type-product","3":"status-publish","4":"has-post-thumbnail","6":"product_cat-20000-puff","7":"product_cat-vapsolo-disposable-vapes","8":"product_tag-hot-sale-disposable-vape","9":"product_tag-rechargeable-disposable-vape","10":"product_tag-vapsolo","11":"product_tag-vapsolo-twins-20000","12":"product_tag-vapsolo-twins-20k","13":"desktop-align-left","14":"tablet-align-left","15":"mobile-align-left","17":"first","18":"instock","19":"sale","20":"shipping-taxable","21":"purchasable","22":"product-type-simple"},"acf":[],"uagb_featured_image_src":{"full":["https:\/\/vapestornado.com\/wp-content\/uploads\/2024\/12\/Vapsolo-Twins-EU-Electronic-Cigarette-Wholesale.jpg",1126,1126,false],"thumbnail":["https:\/\/vapestornado.com\/wp-content\/uploads\/2024\/12\/Vapsolo-Twins-EU-Electronic-Cigarette-Wholesale-150x150.jpg",150,150,true],"medium":["https:\/\/vapestornado.com\/wp-content\/uploads\/2024\/12\/Vapsolo-Twins-EU-Electronic-Cigarette-Wholesale-300x300.jpg",300,300,true],"medium_large":["https:\/\/vapestornado.com\/wp-content\/uploads\/2024\/12\/Vapsolo-Twins-EU-Electronic-Cigarette-Wholesale-768x768.jpg",768,768,true],"large":["https:\/\/vapestornado.com\/wp-content\/uploads\/2024\/12\/Vapsolo-Twins-EU-Electronic-Cigarette-Wholesale-1024x1024.jpg",1024,1024,true],"1536x1536":["https:\/\/vapestornado.com\/wp-content\/uploads\/2024\/12\/Vapsolo-Twins-EU-Electronic-Cigarette-Wholesale.jpg",1126,1126,false],"2048x2048":["https:\/\/vapestornado.com\/wp-content\/uploads\/2024\/12\/Vapsolo-Twins-EU-Electronic-Cigarette-Wholesale.jpg",1126,1126,false],"trp-custom-language-flag":["https:\/\/vapestornado.com\/wp-content\/uploads\/2024\/12\/Vapsolo-Twins-EU-Electronic-Cigarette-Wholesale.jpg",12,12,false],"woocommerce_thumbnail":["https:\/\/vapestornado.com\/wp-content\/uploads\/2024\/12\/Vapsolo-Twins-EU-Electronic-Cigarette-Wholesale-300x300.jpg",300,300,true],"woocommerce_single":["https:\/\/vapestornado.com\/wp-content\/uploads\/2024\/12\/Vapsolo-Twins-EU-Electronic-Cigarette-Wholesale-600x600.jpg",600,600,true],"woocommerce_gallery_thumbnail":["https:\/\/vapestornado.com\/wp-content\/uploads\/2024\/12\/Vapsolo-Twins-EU-Electronic-Cigarette-Wholesale-100x100.jpg",100,100,true]},"uagb_author_info":{"display_name":"ESAMY","author_link":"https:\/\/vapestornado.com\/hr\/author\/"},"uagb_comment_info":0,"uagb_excerpt":"Vapsolo Twins 20000 Puffs 2 in 1 Disposable Vape Wholesale Price Vapsolo 20000 Double Flavour Rechargeable Disposable Vape Hot Sale Vapsolo Twins 20k 2 Flavour in 1 Disposable Vape Bulk Buy Price Add Amy's whatsapp get right reply and vape vape coupon! WhatsApp: +86 17776015835 &nbsp;","_links":{"self":[{"href":"https:\/\/vapestornado.com\/hr\/wp-json\/wp\/v2\/product\/3132","targetHints":{"allow":["GET"]}}],"collection":[{"href":"https:\/\/vapestornado.com\/hr\/wp-json\/wp\/v2\/product"}],"about":[{"href":"https:\/\/vapestornado.com\/hr\/wp-json\/wp\/v2\/types\/product"}],"replies":[{"embeddable":true,"href":"https:\/\/vapestornado.com\/hr\/wp-json\/wp\/v2\/comments?post=3132"}],"wp:featuredmedia":[{"embeddable":true,"href":"https:\/\/vapestornado.com\/hr\/wp-json\/wp\/v2\/media\/3129"}],"wp:attachment":[{"href":"https:\/\/vapestornado.com\/hr\/wp-json\/wp\/v2\/media?parent=3132"}],"wp:term":[{"taxonomy":"product_brand","embeddable":true,"href":"https:\/\/vapestornado.com\/hr\/wp-json\/wp\/v2\/product_brand?post=3132"},{"taxonomy":"product_cat","embeddable":true,"href":"https:\/\/vapestornado.com\/hr\/wp-json\/wp\/v2\/product_cat?post=3132"},{"taxonomy":"product_tag","embeddable":true,"href":"https:\/\/vapestornado.com\/hr\/wp-json\/wp\/v2\/product_tag?post=3132"}],"curies":[{"name":"wp","href":"https:\/\/api.w.org\/{rel}","templated":true}]}}