{"id":3107,"date":"2024-12-13T02:59:26","date_gmt":"2024-12-13T02:59:26","guid":{"rendered":"https:\/\/vapestornado.com\/?post_type=product&#038;p=3107"},"modified":"2025-08-22T10:31:24","modified_gmt":"2025-08-22T10:31:24","slug":"randm-tornado-music-30000-puffs-fumot-bulk-sale-disposable","status":"publish","type":"product","link":"https:\/\/vapestornado.com\/hr\/product\/randm-tornado-music-30000-puffs-fumot-bulk-sale-disposable\/","title":{"rendered":"Randm Tornado Music 30000 Fumot Jednokratna Vape za rasprodaju na veliko"},"content":{"rendered":"<h1>Randm Tornado Music 30000 Udisaja Fumot Veleprodaja Jednokratna Vape<\/h1>\n<p data-start=\"293\" data-end=\"626\">Ovo <strong data-start=\"297\" data-end=\"364\">Randm Tornado Music 30000 Udisaja Fumot Veleprodaja Jednokratna Vape<\/strong> je dizajniran za vapere koji \u017eele dugotrajne performanse i prakti\u010dnost. S impresivnim <strong data-start=\"458\" data-end=\"482\">kapacitet od 30.000 uvla\u010denja<\/strong>, a <strong data-start=\"486\" data-end=\"517\">600mAh punjiva baterija<\/strong>, i naprednom <strong data-start=\"532\" data-end=\"569\">1.0\u03a9 mre\u017eastom zavojnicom s tehnologijom protoka zraka<\/strong>, pru\u017ea glatku, konzistentnu paru sa svakim povla\u010denjem.<\/p>\n<p data-start=\"628\" data-end=\"848\">Kompaktan i moderan, Tornado Music 30K je jednostavan za no\u0161enje i idealan za cjelodnevno vaping. Prethodno napunjen \u0161irokim rasponom <strong data-start=\"750\" data-end=\"771\">30 jedinstvenih okusa<\/strong>, nudi ne\u0161to za svaki ukus\u2014od vo\u0107nih do ledenih mje\u0161avina.<\/p>\n<p data-start=\"850\" data-end=\"1048\">Za veletrgovce i trgovce na malo, <strong data-start=\"885\" data-end=\"920\">Fumot Randm 30k Jednokratna Vape<\/strong> kombinira visoki kapacitet, sna\u017enu prepoznatljivost marke i vrijednost veleprodaje, \u0161to ga \u010dini profitabilnim izborom za hrvatsko tr\u017ei\u0161te.<\/p>\n<p><img fetchpriority=\"high\" decoding=\"async\" class=\"wp-image-3114 alignleft\" src=\"https:\/\/vapestornado.com\/wp-content\/uploads\/2024\/12\/Randm-tornado-vape-30000-puffs.jpg\" alt=\"Randm tornado vape 30000 udisaja veleprodajna cijena\" width=\"559\" height=\"559\" srcset=\"https:\/\/vapestornado.com\/wp-content\/uploads\/2024\/12\/Randm-tornado-vape-30000-puffs.jpg 800w, https:\/\/vapestornado.com\/wp-content\/uploads\/2024\/12\/Randm-tornado-vape-30000-puffs-300x300.jpg 300w, https:\/\/vapestornado.com\/wp-content\/uploads\/2024\/12\/Randm-tornado-vape-30000-puffs-150x150.jpg 150w, https:\/\/vapestornado.com\/wp-content\/uploads\/2024\/12\/Randm-tornado-vape-30000-puffs-768x768.jpg 768w, https:\/\/vapestornado.com\/wp-content\/uploads\/2024\/12\/Randm-tornado-vape-30000-puffs-600x600.jpg 600w, https:\/\/vapestornado.com\/wp-content\/uploads\/2024\/12\/Randm-tornado-vape-30000-puffs-100x100.jpg 100w\" sizes=\"(max-width: 559px) 100vw, 559px\" \/><\/p>\n<p style=\"padding-left: 40px;\">\u00a0<img decoding=\"async\" class=\"wp-image-3124 alignleft\" src=\"https:\/\/vapestornado.com\/wp-content\/uploads\/2024\/12\/LYN-whatsapp-846x1024.jpg\" alt=\"LYN whatsapp\" width=\"290\" height=\"351\" srcset=\"https:\/\/vapestornado.com\/wp-content\/uploads\/2024\/12\/LYN-whatsapp-846x1024.jpg 846w, https:\/\/vapestornado.com\/wp-content\/uploads\/2024\/12\/LYN-whatsapp-248x300.jpg 248w, https:\/\/vapestornado.com\/wp-content\/uploads\/2024\/12\/LYN-whatsapp-768x930.jpg 768w, https:\/\/vapestornado.com\/wp-content\/uploads\/2024\/12\/LYN-whatsapp-600x726.jpg 600w, https:\/\/vapestornado.com\/wp-content\/uploads\/2024\/12\/LYN-whatsapp.jpg 1046w\" sizes=\"(max-width: 290px) 100vw, 290px\" \/><\/p>\n<p><em><strong><span style=\"color: #ff0000;\">Kontaktirajte me skeniranjem ovog koda kako biste saznali vi\u0161e o udisajima<\/span><\/strong><\/em><\/p>\n<p><em><strong>Whatsapp\uff1a<a href=\"https:\/\/wa.me\/8617840853976\" target=\"_blank\" rel=\"noopener\">+86178 4085 3976<\/a><\/strong><\/em><\/p>\n<p>&nbsp;<\/p>\n<h2><\/h2>\n<h2><strong>Glavne zna\u010dajke proizvoda za 30k Music Fumot Vape.<br \/>\n<\/strong><\/h2>\n<p>(1) baterija\uff1a<span style=\"color: #ff0000;\">600mAh<\/span> punjiva kako bi se osigurala dugotrajna snaga.<\/p>\n<p>(2) Nikotin\uff1aosigurava <span style=\"color: #ff0000;\">2%\/5% nikotina<\/span> za odabir za razli\u010dite korisnike.<\/p>\n<p>(3) Udisaji: nudi<span style=\"color: #ff0000;\">30000 udisaja<\/span>, mo\u017ee se koristiti dugo vremena i bez potrebe za \u010destom zamjenom.<\/p>\n<p>(4) <span style=\"color: #ff0000;\">30 okusa<\/span>: mo\u017ee se odabrati vi\u0161e okusa, a 50 komada mo\u017ee odabrati najmanje 5 okusa.<\/p>\n<p>(5) Priklju\u010dak za punjenje:<span style=\"color: #ff0000;\">Tip-C<\/span> su\u010delje za brzo punjenje, podr\u017eava funkciju punjenja.<\/p>\n<p>(6) <span style=\"color: #ff0000;\">Glazbeno svjetlo<\/span>: Svjetlo Randm 30k \u0107e se mijenjati sinkronizirano s glazbom tijekom kori\u0161tenja, stvaraju\u0107i pobolj\u0161ano iskustvo vapinga.<\/p>\n<h2><strong>Koji su okusi dostupni za 30k Fumot jednokratni vape?<br \/>\n<\/strong><\/h2>\n<p><em><span style=\"color: #000000;\"><strong>1. Banana Ice: <\/strong><\/span><\/em>Glatka mje\u0161avina zrelih banana s osvje\u017eavaju\u0107im ledenim zavr\u0161etkom.<br \/>\n<span style=\"color: #000000;\"><strong><em>2. Crni Led:<\/em> <\/strong><\/span>Sna\u017eni crni ribiz s hladnim mentol twistom.<br \/>\n<em><strong><span style=\"color: #000000;\">3. Plavi Razz Led:<\/span> <\/strong><\/em>Slatka i trpka plava malina s ledenim udarcem.<br \/>\n<em><strong><span style=\"color: #000000;\">4. Borovnica na Ledu:<\/span><\/strong> <\/em>So\u010dne borovnice uparene s rashla\u0111uju\u0107im mentol povjetarcem.<br \/>\n<em><strong><span style=\"color: #000000;\">5. Borovnica Malina:<\/span><\/strong><\/em> Ugodna mje\u0161avina slatkih borovnica i oporih malina.<br \/>\n<em><strong><span style=\"color: #000000;\">6. Borovnica Kisela Malina:<\/span> <\/strong><\/em>Borovnice i maline s kiselim rubom.<br \/>\n<em><strong><span style=\"color: #000000;\">7. Tre\u0161nja Led:<\/span> <\/strong><\/em>Slatke tre\u0161nje s osvje\u017eavaju\u0107im ledenim dodirom.<br \/>\n<em><strong><span style=\"color: #000000;\">8. Tre\u0161nja Cola:<\/span> <\/strong><\/em>Klasi\u010dni okus cole s naznakom tre\u0161nje.<br \/>\n<em><strong><span style=\"color: #000000;\">9. Cola Led:<\/span> <\/strong><\/em>Gazirana cola s hladnim mentol zavr\u0161etkom.<br \/>\n<em><strong><span style=\"color: #000000;\">10. Svje\u017ea Menta:<\/span><\/strong> <\/em>Svje\u017e i osvje\u017eavaju\u0107i okus mente.<br \/>\n<em><strong><span style=\"color: #000000;\">11. Dvostruka jabuka:<\/span><\/strong> <\/em>Mje\u0161avina slatkih i kiselih jabuka.<br \/>\n<em><strong><span style=\"color: #000000;\">12. Dr. Blue:<\/span><\/strong> <\/em>Tajanstvena mje\u0161avina bobi\u010dastog vo\u0107a s hladnim zavr\u0161etkom.<br \/>\n<em><strong><span style=\"color: #000000;\">13. Ledeno gro\u017e\u0111e:<\/span> <\/strong><\/em>Slatko gro\u017e\u0111e s ledenim mentol twistom.<br \/>\n<em><strong><span style=\"color: #000000;\">14. Ledeni \u0161tapi\u0107:<\/span> <\/strong><\/em>Nostalgi\u010dna mje\u0161avina vo\u0107nih okusa ledenog \u0161tapi\u0107a.<br \/>\n<em><strong><span style=\"color: #000000;\">15. Kivi Marakuja Guava:<\/span><\/strong> <\/em>Egzoti\u010dna mje\u0161avina kivija, marakuje i guave.<br \/>\n<em><strong><span style=\"color: #000000;\">16. Love 66:<\/span> <\/strong><\/em>Jedinstvena mje\u0161avina tropskog vo\u0107a s naznakom mentola.<br \/>\n<em><strong><span style=\"color: #000000;\">17. Lush Ice:<\/span><\/strong> <\/em>Lubenica s osvje\u017eavaju\u0107im ledenim zavr\u0161etkom.<br \/>\n<em><strong><span style=\"color: #000000;\">18. Mije\u0161ano bobi\u010dasto vo\u0107e:<\/span><\/strong><\/em> Mje\u0161avina raznog bobi\u010dastog vo\u0107a.<br \/>\n<em><strong><span style=\"color: #000000;\">19. Breskva Bobica:<\/span> <\/strong><\/em>So\u010dne breskve s twistom bobica.<br \/>\n<em><strong><span style=\"color: #000000;\">20. Ledena breskva:<\/span> <\/strong><\/em>Slatke breskve s hladnim mentol zavr\u0161etkom.<br \/>\n<em><strong><span style=\"color: #000000;\">21. Breskvasta Mango Ananas:<\/span><\/strong> <\/em>Tropska mje\u0161avina breskve, manga i ananasa.<br \/>\n<em><strong><span style=\"color: #000000;\">22. Ananas Led:<\/span> <\/strong><\/em>Slatki i trpki ananas s ledenim dodirom.<br \/>\n<em><strong><span style=\"color: #000000;\">23. Ru\u017ei\u010dasta Limunada:<\/span> <\/strong><\/em>Trpka limunada s naznakom bobi\u010dastog vo\u0107a.<br \/>\n<em><strong><span style=\"color: #000000;\">24. Skittles:<\/span> <\/strong><\/em>Duga vo\u0107nih okusa.<br \/>\n<em><strong><span style=\"color: #000000;\">25. Jagoda Banana:<\/span> <\/strong><\/em>Klasi\u010dna mje\u0161avina slatkih jagoda i kremastih banana.<br \/>\n<em><strong><span style=\"color: #000000;\">26. Jagoda Gro\u017e\u0111e:<\/span><\/strong> <\/em>Slatke jagode uparene sa so\u010dnim gro\u017e\u0111em.<br \/>\n<em><strong><span style=\"color: #000000;\">27. Jagoda Led:<\/span><\/strong> <\/em>Svje\u017ee jagode s hladnim mentol zavr\u0161etkom.<br \/>\n<em><strong><span style=\"color: #000000;\">28. Jagoda Lubenica:<\/span> <\/strong><\/em>Osvje\u017eavaju\u0107a mje\u0161avina jagoda i lubenice.<br \/>\n<em><strong><span style=\"color: #000000;\">29. Trostruki Mango:<\/span> <\/strong><\/em>Intenzivan okus manga s tri puta vi\u0161e snage.<br \/>\n<em><strong><span style=\"color: #000000;\">30. Vimto:<\/span> <\/strong><\/em>Jedinstvena mje\u0161avina mije\u0161anog vo\u0107a inspirirana klasi\u010dnim pi\u0107em.<\/p>\n<div class=\"flex-shrink-0 flex flex-col relative items-end\">\n<div class=\"pt-0\">\n<div class=\"gizmo-bot-avatar flex h-8 w-8 items-center justify-center overflow-hidden rounded-full\">\n<div class=\"relative p-1 rounded-sm flex items-center justify-center bg-token-main-surface-primary text-token-text-primary h-8 w-8\">\n<h2><strong>\u010cesta pitanja:<\/strong><\/h2>\n<h4>P: Za\u0161to odabrati Fumot RANDM Tornado 30000 puffs jednokratni vape?<\/h4>\n<p><span style=\"color: #000000;\"><b>A\uff1a<\/b><\/span>Odaberite Fumot RANDM Tornado 30000 Puffs za dugotrajno, ukusno i bezbri\u017eno kori\u0161tenje vapea. Savr\u0161eno za kupnju na veliko.<\/p>\n<h4>P: Kolika je minimalna narud\u017eba za veleprodaju Fumot jednokratnog 30k vapea?<\/h4>\n<p><span style=\"color: #000000;\"><b>A\uff1a<\/b><\/span>Minimalna narud\u017eba za Fumot 30k Tornado Music jednokratni vape je 50 komada, \u0161to vi\u0161e naru\u010dite, to je bolja cijena.<\/p>\n<h4>P: Pove\u0107ava li se popust s brojem narud\u017ebi?<\/h4>\n<p><span style=\"color: #000000;\"><b>A\uff1a<\/b>Ve\u0107 nudimo popust po vrlo niskoj cijeni, ali cijena se ne\u0107e smanjivati s pove\u0107anjem koli\u010dine narud\u017ebe. Ali dat \u0107emo sve od sebe da zatra\u017eimo uzorak za vas, i nadamo se da \u0107e vam to pru\u017eiti dobro iskustvo.<\/span><\/p>\n<h4>P: Mo\u017ee li se pratiti paket samostalno?<\/h4>\n<p><strong><span style=\"color: #000000;\"><b>A\uff1a<\/b><\/span><\/strong><span style=\"color: #000000;\">Da, nakon \u0161to se paket po\u0161alje, poslat \u0107emo vam broj za pra\u0107enje <\/span><span style=\"color: #000000;\">kako biste mogli provjeriti njegov status. Osim toga, pratit \u0107emo paket dok ga ne primite, jam\u010de\u0107i da \u0107ete biti informirani tijekom cijelog procesa.<\/span><\/p>\n<p>ostali vape ure\u0111aji koji bi vam se mogli svidjeti<br \/>\n<a href=\"https:\/\/vapestornado.com\/hr\/product-category\/30000-puff\/\">Vape s 30000 udisaja<\/a><\/p>\n<\/div>\n<\/div>\n<\/div>\n<\/div>","protected":false},"excerpt":{"rendered":"<p><em><strong>Randm 30k jednokratna glazbena vape koja mo\u017ee ponuditi 30.000 udisaja i 30 okusa za izbor.\u00a0 <\/strong><\/em><\/p>\n<p><em><strong>Imamo 2%\/5% razinu nikotina koju mo\u017eete odabrati u Fumot 30k vapeovima. Osim toga, prodajemo po veleprodajnoj cijeni i imamo najbolju uslugu.<\/strong><\/em><\/p>\n<figure id=\"attachment_3124\" aria-describedby=\"caption-attachment-3124\" style=\"width: 248px\" class=\"wp-caption alignleft\"><img decoding=\"async\" class=\"size-medium wp-image-3124\" src=\"https:\/\/vapestornado.com\/wp-content\/uploads\/2024\/12\/LYN-whatsapp-248x300.jpg\" alt=\"LYN whatsapp\" width=\"248\" height=\"300\" srcset=\"https:\/\/vapestornado.com\/wp-content\/uploads\/2024\/12\/LYN-whatsapp-248x300.jpg 248w, https:\/\/vapestornado.com\/wp-content\/uploads\/2024\/12\/LYN-whatsapp-846x1024.jpg 846w, https:\/\/vapestornado.com\/wp-content\/uploads\/2024\/12\/LYN-whatsapp-768x930.jpg 768w, https:\/\/vapestornado.com\/wp-content\/uploads\/2024\/12\/LYN-whatsapp-600x726.jpg 600w, https:\/\/vapestornado.com\/wp-content\/uploads\/2024\/12\/LYN-whatsapp.jpg 1046w\" sizes=\"(max-width: 248px) 100vw, 248px\" \/><figcaption id=\"caption-attachment-3124\" class=\"wp-caption-text\"><a href=\"https:\/\/wa.me\/8617840853976\"><em><strong>Kontaktirajte Lyn kako biste saznali vi\u0161e o udisajima<\/strong><\/em><\/a><\/figcaption><\/figure>","protected":false},"featured_media":3109,"comment_status":"open","ping_status":"closed","template":"","meta":{"_acf_changed":false,"_uag_custom_page_level_css":"","_lmt_disableupdate":"no","_lmt_disable":"","_monsterinsights_skip_tracking":false,"_monsterinsights_sitenote_active":false,"_monsterinsights_sitenote_note":"","_monsterinsights_sitenote_category":0,"site-sidebar-layout":"default","site-content-layout":"","ast-site-content-layout":"default","site-content-style":"default","site-sidebar-style":"default","ast-global-header-display":"","ast-banner-title-visibility":"","ast-main-header-display":"","ast-hfb-above-header-display":"","ast-hfb-below-header-display":"","ast-hfb-mobile-header-display":"","site-post-title":"","ast-breadcrumbs-content":"","ast-featured-img":"","footer-sml-layout":"","ast-disable-related-posts":"","theme-transparent-header-meta":"default","adv-header-id-meta":"","stick-header-meta":"","header-above-stick-meta":"","header-main-stick-meta":"","header-below-stick-meta":"","astra-migrate-meta-layouts":"set","ast-page-background-enabled":"default","ast-page-background-meta":{"desktop":{"background-color":"","background-image":"","background-repeat":"repeat","background-position":"center center","background-size":"auto","background-attachment":"scroll","background-type":"","background-media":"","overlay-type":"","overlay-color":"","overlay-opacity":"","overlay-gradient":""},"tablet":{"background-color":"","background-image":"","background-repeat":"repeat","background-position":"center center","background-size":"auto","background-attachment":"scroll","background-type":"","background-media":"","overlay-type":"","overlay-color":"","overlay-opacity":"","overlay-gradient":""},"mobile":{"background-color":"","background-image":"","background-repeat":"repeat","background-position":"center center","background-size":"auto","background-attachment":"scroll","background-type":"","background-media":"","overlay-type":"","overlay-color":"","overlay-opacity":"","overlay-gradient":""}},"ast-content-background-meta":{"desktop":{"background-color":"var(--ast-global-color-5)","background-image":"","background-repeat":"repeat","background-position":"center center","background-size":"auto","background-attachment":"scroll","background-type":"","background-media":"","overlay-type":"","overlay-color":"","overlay-opacity":"","overlay-gradient":""},"tablet":{"background-color":"var(--ast-global-color-5)","background-image":"","background-repeat":"repeat","background-position":"center center","background-size":"auto","background-attachment":"scroll","background-type":"","background-media":"","overlay-type":"","overlay-color":"","overlay-opacity":"","overlay-gradient":""},"mobile":{"background-color":"var(--ast-global-color-5)","background-image":"","background-repeat":"repeat","background-position":"center center","background-size":"auto","background-attachment":"scroll","background-type":"","background-media":"","overlay-type":"","overlay-color":"","overlay-opacity":"","overlay-gradient":""}},"_joinchat":{"telephone":"17776015835"}},"product_brand":[],"product_cat":[19,67,58],"product_tag":[83,125,124,126,78,114],"class_list":{"0":"post-3107","1":"product","2":"type-product","3":"status-publish","4":"has-post-thumbnail","6":"product_cat-vapes","7":"product_cat-30000-puff","8":"product_cat-fumot-vape","9":"product_tag-fumot-vape","10":"product_tag-randm-30000","11":"product_tag-randm-tornado-30000","12":"product_tag-randm-tornado-30k","13":"product_tag-randm-vape","14":"product_tag-tornado-vape","15":"desktop-align-left","16":"tablet-align-left","17":"mobile-align-left","19":"first","20":"instock","21":"sale","22":"shipping-taxable","23":"purchasable","24":"product-type-simple"},"acf":[],"uagb_featured_image_src":{"full":["https:\/\/vapestornado.com\/wp-content\/uploads\/2024\/12\/Randm-disposable-vape-30k-puffs.jpg",800,800,false],"thumbnail":["https:\/\/vapestornado.com\/wp-content\/uploads\/2024\/12\/Randm-disposable-vape-30k-puffs-150x150.jpg",150,150,true],"medium":["https:\/\/vapestornado.com\/wp-content\/uploads\/2024\/12\/Randm-disposable-vape-30k-puffs-300x300.jpg",300,300,true],"medium_large":["https:\/\/vapestornado.com\/wp-content\/uploads\/2024\/12\/Randm-disposable-vape-30k-puffs-768x768.jpg",768,768,true],"large":["https:\/\/vapestornado.com\/wp-content\/uploads\/2024\/12\/Randm-disposable-vape-30k-puffs.jpg",800,800,false],"1536x1536":["https:\/\/vapestornado.com\/wp-content\/uploads\/2024\/12\/Randm-disposable-vape-30k-puffs.jpg",800,800,false],"2048x2048":["https:\/\/vapestornado.com\/wp-content\/uploads\/2024\/12\/Randm-disposable-vape-30k-puffs.jpg",800,800,false],"trp-custom-language-flag":["https:\/\/vapestornado.com\/wp-content\/uploads\/2024\/12\/Randm-disposable-vape-30k-puffs.jpg",12,12,false],"woocommerce_thumbnail":["https:\/\/vapestornado.com\/wp-content\/uploads\/2024\/12\/Randm-disposable-vape-30k-puffs-300x300.jpg",300,300,true],"woocommerce_single":["https:\/\/vapestornado.com\/wp-content\/uploads\/2024\/12\/Randm-disposable-vape-30k-puffs-600x600.jpg",600,600,true],"woocommerce_gallery_thumbnail":["https:\/\/vapestornado.com\/wp-content\/uploads\/2024\/12\/Randm-disposable-vape-30k-puffs-100x100.jpg",100,100,true]},"uagb_author_info":{"display_name":"ESLYN","author_link":"https:\/\/vapestornado.com\/hr\/author\/"},"uagb_comment_info":0,"uagb_excerpt":"Randm 30k disaposable music vape that can offer 30,000 puffs and 30 flavors to choose.\u00a0 We have 2% or 5% Nicotine level can be choose in Fumot 30k vapes. Beside,we are sale Bulk price and have best service. [caption id=\"attachment_3124\" align=\"alignleft\" width=\"248\"] Contact Lyn to know more about puffs[\/caption]","_links":{"self":[{"href":"https:\/\/vapestornado.com\/hr\/wp-json\/wp\/v2\/product\/3107","targetHints":{"allow":["GET"]}}],"collection":[{"href":"https:\/\/vapestornado.com\/hr\/wp-json\/wp\/v2\/product"}],"about":[{"href":"https:\/\/vapestornado.com\/hr\/wp-json\/wp\/v2\/types\/product"}],"replies":[{"embeddable":true,"href":"https:\/\/vapestornado.com\/hr\/wp-json\/wp\/v2\/comments?post=3107"}],"wp:featuredmedia":[{"embeddable":true,"href":"https:\/\/vapestornado.com\/hr\/wp-json\/wp\/v2\/media\/3109"}],"wp:attachment":[{"href":"https:\/\/vapestornado.com\/hr\/wp-json\/wp\/v2\/media?parent=3107"}],"wp:term":[{"taxonomy":"product_brand","embeddable":true,"href":"https:\/\/vapestornado.com\/hr\/wp-json\/wp\/v2\/product_brand?post=3107"},{"taxonomy":"product_cat","embeddable":true,"href":"https:\/\/vapestornado.com\/hr\/wp-json\/wp\/v2\/product_cat?post=3107"},{"taxonomy":"product_tag","embeddable":true,"href":"https:\/\/vapestornado.com\/hr\/wp-json\/wp\/v2\/product_tag?post=3107"}],"curies":[{"name":"wp","href":"https:\/\/api.w.org\/{rel}","templated":true}]}}