{"id":3103,"date":"2024-12-12T09:36:42","date_gmt":"2024-12-12T09:36:42","guid":{"rendered":"https:\/\/vapestornado.com\/?post_type=product&#038;p=3103"},"modified":"2025-08-23T11:16:54","modified_gmt":"2025-08-23T11:16:54","slug":"randm-tornado-7k-puffs-hot-sale-rechargeable-vape","status":"publish","type":"product","link":"https:\/\/vapestornado.com\/hr\/product\/randm-tornado-7k-puffs-hot-sale-rechargeable-vape\/","title":{"rendered":"Randm Tornado 7k Puffs Punjiva Vape Vru\u0107a Prodaja"},"content":{"rendered":"<h1>Randm Tornado 7k Puffs Punjiva Vape Vru\u0107a Prodaja<\/h1>\n<p>&nbsp;<\/p>\n<div role=\"article\" data-tabster=\"{&quot;groupper&quot;:{&quot;tabbability&quot;:2},&quot;focusable&quot;:{}}\" data-content=\"ai-message\" aria-labelledby=\"64JRvXrTnY7mRmPkEQLLT-author 64JRvXrTnY7mRmPkEQLLT-content\">\n<div id=\"64JRvXrTnY7mRmPkEQLLT-content\">\n<p>Unaprijedite svoje iskustvo vapinga s Randm Tornado 7000 Puffs unaprijed napunjenim punjivim vapeom, vrhuncem luksuza i performansi. Ovaj vrhunski ure\u0111aj se mo\u017ee pohvaliti izvanrednim kapacitetom spremnika od 15 ml, pru\u017eaju\u0107i produ\u017eeni u\u017eitak vapinga bez stalne potrebe za ponovnim punjenjem. Robusna baterija od 850 mAh osigurava besprijekornu, neprekinutu upotrebu, \u010dine\u0107i ga pouzdanim pratiteljem, bilo kod ku\u0107e ili u pokretu.<\/p>\n<p>Jedna od istaknutih zna\u010dajki RandM Vape Tornado 7000 je njegova svestranost s e-teku\u0107inama. To vam omogu\u0107uje da istra\u017eite \u0161irok raspon okusa, od okrepljuju\u0107ih vo\u0107nih mje\u0161avina do bogatog, zadovoljavaju\u0107eg duhana. Personalizirajte svoje putovanje vapingom kako bi odgovaralo va\u0161em sofisticiranom ukusu, osiguravaju\u0107i da svaki dim bude jedinstveno iskustvo.<\/p>\n<p>Napredna mre\u017easta tehnologija zavojnice ugra\u0111ena u RandM Tornado 7k puffs maksimizira proizvodnju okusa i pare, pretvaraju\u0107i svaki udisaj u izuzetnu senzaciju okusa. Njegov dizajn jednostavan za kori\u0161tenje, zajedno s prikladnim sustavom punjenja USB-C, \u010dini ovaj ure\u0111aj jednako prakti\u010dnim koliko i sna\u017enim.<\/p>\n<p>Za one koji zahtijevaju najbolje u kvaliteti i performansama, RandM Tornado 7000 jednokratni vape je ultimativni izbor. Njegova mje\u0161avina vrhunske izrade, inovativnih zna\u010dajki i svestranosti okusa postavlja novi standard u luksuznom vapingu. Do\u017eivite razliku s ure\u0111ajem dizajniranim za znalce koji cijene finije stvari u \u017eivotu.<\/p>\n<\/div>\n<\/div>\n<p>&nbsp;<\/p>\n<p><img fetchpriority=\"high\" decoding=\"async\" class=\"wp-image-2951\" src=\"https:\/\/vapestornado.com\/wp-content\/uploads\/2024\/12\/Wholesale-Disposable-Vape-265x300.jpg\" alt=\"Veleprodaja jednokratnih vape ure\u0111aja\" width=\"295\" height=\"334\" srcset=\"https:\/\/vapestornado.com\/wp-content\/uploads\/2024\/12\/Wholesale-Disposable-Vape-265x300.jpg 265w, https:\/\/vapestornado.com\/wp-content\/uploads\/2024\/12\/Wholesale-Disposable-Vape-768x871.jpg 768w, https:\/\/vapestornado.com\/wp-content\/uploads\/2024\/12\/Wholesale-Disposable-Vape-600x680.jpg 600w, https:\/\/vapestornado.com\/wp-content\/uploads\/2024\/12\/Wholesale-Disposable-Vape.jpg 823w\" sizes=\"(max-width: 295px) 100vw, 295px\" \/><\/p>\n<h6>Molimo kontaktirajte Mandy's WhatsApp za cijenu s popustom<a href=\"https:\/\/wa.me\/8618077105796\" target=\"_blank\" rel=\"noopener\">+8618077105796<\/a><\/h6>\n<h2><strong>Randm Vape 7000 Puffs \u2013 Klju\u010dne specifikacije<\/strong><\/h2>\n<ul>\n<li><strong>Kapacitet Baterije<\/strong>: 850mAh za produ\u017eene sesije vapinga.<\/li>\n<li><strong>Volumen e-teku\u0107ine<\/strong>: Spremnik od 15 ml osigurava dugotrajan okus i zadovoljstvo.<\/li>\n<li><strong>Broj puhanja<\/strong>: Do 7.000 puhanja za dugotrajnu upotrebu.<\/li>\n<li><strong>Punjenje<\/strong>: Opremljen s USB-C priklju\u010dkom za brzo i prakti\u010dno punjenje.<\/li>\n<li><strong>Vrsta zavojnice<\/strong>: Napredna mre\u017easta zavojnica za glatkiju i ukusniju paru.<\/li>\n<li><strong>Zna\u010dajka osvjetljenja<\/strong>: RGB osvjetljenje spremnika dodaje elegantan i dinami\u010dan vizualni element.<\/li>\n<\/ul>\n<h2><strong>Tornado Vape Randm 7k Puffs Popis okusa:<\/strong><\/h2>\n<p>1 Svje\u017ea metvica<br \/>\n2 Lush Ice<br \/>\n3 Tangerine Ice<br \/>\n4 Jagoda Donut<br \/>\n5 Gummy Medo<br \/>\n6 Plavi Borovnica Na Ledu<br \/>\n7 Mango Na Ledu<br \/>\n8 Breskva Na Ledu<br \/>\n9 Ledena Banana<br \/>\n10 Ledeno Gro\u017e\u0111e<br \/>\n11 Ru\u017ei\u010dasta limunada<br \/>\n12 Pina Colada Rum<br \/>\n13 Mije\u0161ano bobi\u010dasto vo\u0107e<br \/>\n14 Mlije\u010dni \u0160ejk od Banane<br \/>\n15 Jagoda Lubenica<br \/>\n16 Crvena Jabuka Limun<br \/>\n17 Ledeni Ananas<br \/>\n18 \u0160e\u0107erna Vuna<br \/>\n19 Jagoda Banana<br \/>\n20 Ledena Jagoda<br \/>\n21 Jagoda Kivi<br \/>\n22.Crveni Energetski Led<br \/>\n23.Limunada od Plave Maline<br \/>\n24.Ledena Crvena Jabuka<br \/>\n25.Vo\u0107na Limunada<br \/>\n26.\u017dvaka\u0107a Guma od Borovnice<br \/>\n27.Plava Kisela Malina<br \/>\n28.Dr. Plava<br \/>\n29.Jabuka Breskva Kru\u0161ka<br \/>\n30.Borovnica Nar<br \/>\n31.Vimto<br \/>\n32.Kivi marakuja i guava<br \/>\n33.Ledena kola<br \/>\n34.Kisela jabuka<br \/>\n35.Crni ribizl s mentolom<br \/>\n36.Tigrova krv<br \/>\n37.Slatki\u0161 od breskve i borovnice<br \/>\n38.Breskva i mango<br \/>\n39.Jagoda Red Bull<br \/>\n40.Led od crnog ribizla<br \/>\n41.Limunada od jagode i lubenice<br \/>\n42.Tre\u0161nja<br \/>\n43.Plava malina tre\u0161nja<br \/>\n44.Skittles<br \/>\n45.Borovnica malina<br \/>\n46.Jagoda gro\u017e\u0111e<br \/>\n47.Borovnica tre\u0161nja brusnica<br \/>\n48.Vo\u0107na mje\u0161avina jabuke i bobi\u010dastog vo\u0107a<br \/>\n49.Tre\u0161nja kola<br \/>\n50.Limun<br \/>\n51.Ru\u017ei\u010dasti Eksplozija<br \/>\n52.Pacifi\u010dki Hladnjak<br \/>\n53.Ledeni sladoled<br \/>\n54.Bingo Sru\u0161iti<br \/>\n55.Vimto Sru\u0161iti<br \/>\n56.Duhan<\/p>\n<div role=\"article\" data-tabster=\"{&quot;groupper&quot;:{&quot;tabbability&quot;:2},&quot;focusable&quot;:{}}\" data-content=\"ai-message\" aria-labelledby=\"dARUyEWDoEYhnSPXFwx5A-author dARUyEWDoEYhnSPXFwx5A-content\">\n<div id=\"dARUyEWDoEYhnSPXFwx5A-content\">\n<h2>Za\u0161to odabrati RandM Tornado 7000 Puffs Vapes u <a href=\"https:\/\/vapestornado.com\/hr\/store\/\">vapestornado.hr<\/a>?<\/h2>\n<p><strong>1. Vrhunski kapacitet spremnika<\/strong>: RandM Tornado 7000 Puffs Vape ima izvanredan kapacitet spremnika od 15 ml, pru\u017eaju\u0107i produ\u017eene sesije vapinga bez potrebe za stalnim punjenjem. Savr\u0161eno za duge dane i neprekinuto u\u017eivanje.<\/p>\n<p><strong>2. Robusna izvedba baterije<\/strong>: Opremljen punjivom baterijom od 850 mAh, ovaj ure\u0111aj jam\u010di kontinuiranu i pouzdanu izvedbu, osiguravaju\u0107i da nikada ni\u0161ta ne propustite, bilo kod ku\u0107e ili u pokretu.<\/p>\n<p><strong>3. Svestranost okusa<\/strong>: Kompatibilan s raznim e-teku\u0107inama, RandM Tornado 7000 omogu\u0107uje vam da prilagodite svoje iskustvo vapinga. Od svje\u017eih vo\u0107nih mje\u0161avina do bogatih okusa duhana, va\u0161e su opcije neograni\u010dene.<\/p>\n<p><strong>4. Napredna tehnologija mre\u017easte zavojnice<\/strong>: Inovativna tehnologija mre\u017easte zavojnice osigurava optimalan razvoj okusa i proizvodnju pare, pretvaraju\u0107i svaki dim u vrhunski osjet okusa. Do\u017eivite vrhunac intenziteta okusa sa svakim udahom.<\/p>\n<p><strong>5. Dizajn prilago\u0111en korisniku<\/strong>: S jednostavnim punjenjem i prakti\u010dnim sustavom punjenja USB-C, RandM Tornado 7000 dizajniran je za prakti\u010dnost i u\u010dinkovitost. Nije samo mo\u0107an, ve\u0107 je i nevjerojatno jednostavan za kori\u0161tenje.<\/p>\n<p>Odaberite RandM Tornado 7000 Puffs Vape Pod iz <a href=\"https:\/\/vapestornado.com\/hr\/store\/\">vapestornado.hr<\/a> za iskustvo vapinga koje kombinira luksuz, izvedbu i svestranost.<\/p>\n<\/div>\n<\/div>\n<h2>\u010cesta pitanja o RandM Tornado 7000 Puffs punjivom vapeu<\/h2>\n<p><strong>P: Koliko dimova mogu o\u010dekivati od RandM Tornado 7000?<\/strong><\/p>\n<p><strong>A:<\/strong> RandM Tornado 7000 nudi pribli\u017eno 7.000 dimova po ure\u0111aju, osiguravaju\u0107i dugotrajno iskustvo vapinga.<\/p>\n<p><strong>P: Koliki je kapacitet baterije RandM Tornado 7000?<\/strong><\/p>\n<p><strong>A:<\/strong> RandM Tornado 7000 opremljen je punjivom baterijom od 850 mAh, \u0161to pru\u017ea dosljedne performanse i pouzdanost.<\/p>\n<p><strong>P: Kako punim RandM Tornado 7000 puff vape pen?<\/strong><\/p>\n<p><strong>A:<\/strong> Ure\u0111aj ima USB-C priklju\u010dak za punjenje, \u0161to ga \u010dini lakim za punjenje. Jednostavno pove\u017eite ure\u0111aj s kompatibilnim punja\u010dem i punite po potrebi.<\/p>\n<p><strong>P: Koliki je kapacitet e-teku\u0107ine randm vape Tornado 7000 puffs?<\/strong><\/p>\n<p><strong>A:<\/strong> Kapacitet spremnika RandM Tornado 7k puff je 15 ml, \u0161to omogu\u0107uje dulje kori\u0161tenje bez \u010destih dopunjavanja.<\/p>\n<p>&nbsp;<\/p>","protected":false},"excerpt":{"rendered":"<p><strong>Zgrabite Randm Tornado 7000 Puffs po sni\u017eenoj cijeni ve\u0107 danas<\/strong><\/p>\n<p><strong>Povoljna veleprodajna cijena za Randm Tornado 7000 Puffs Vapes<\/strong><\/p>\n<p><strong>Kupite na veliko Randm Tornado 7000 Puff Vape za maksimalne u\u0161tede<\/strong><\/p>\n<figure id=\"attachment_2951\" aria-describedby=\"caption-attachment-2951\" style=\"width: 265px\" class=\"wp-caption alignnone\"><img decoding=\"async\" class=\"size-medium wp-image-2951\" src=\"https:\/\/vapestornado.com\/wp-content\/uploads\/2024\/12\/Wholesale-Disposable-Vape-265x300.jpg\" alt=\"Veleprodaja jednokratnih vape ure\u0111aja\" width=\"265\" height=\"300\" srcset=\"https:\/\/vapestornado.com\/wp-content\/uploads\/2024\/12\/Wholesale-Disposable-Vape-265x300.jpg 265w, https:\/\/vapestornado.com\/wp-content\/uploads\/2024\/12\/Wholesale-Disposable-Vape-768x871.jpg 768w, https:\/\/vapestornado.com\/wp-content\/uploads\/2024\/12\/Wholesale-Disposable-Vape-600x680.jpg 600w, https:\/\/vapestornado.com\/wp-content\/uploads\/2024\/12\/Wholesale-Disposable-Vape.jpg 823w\" sizes=\"(max-width: 265px) 100vw, 265px\" \/><figcaption id=\"caption-attachment-2951\" class=\"wp-caption-text\">Molimo kontaktirajte Mandy's WhatsApp za cijenu s popustom\u00a0 <a href=\"https:\/\/wa.me\/8618077105796\">+8618077105796<\/a><\/figcaption><\/figure>\n<p>&nbsp;<\/p>","protected":false},"featured_media":3117,"comment_status":"open","ping_status":"closed","template":"","meta":{"_acf_changed":false,"_uag_custom_page_level_css":"","_lmt_disableupdate":"no","_lmt_disable":"","_monsterinsights_skip_tracking":false,"_monsterinsights_sitenote_active":false,"_monsterinsights_sitenote_note":"","_monsterinsights_sitenote_category":0,"site-sidebar-layout":"default","site-content-layout":"","ast-site-content-layout":"default","site-content-style":"default","site-sidebar-style":"default","ast-global-header-display":"","ast-banner-title-visibility":"","ast-main-header-display":"","ast-hfb-above-header-display":"","ast-hfb-below-header-display":"","ast-hfb-mobile-header-display":"","site-post-title":"","ast-breadcrumbs-content":"","ast-featured-img":"","footer-sml-layout":"","ast-disable-related-posts":"","theme-transparent-header-meta":"default","adv-header-id-meta":"","stick-header-meta":"","header-above-stick-meta":"","header-main-stick-meta":"","header-below-stick-meta":"","astra-migrate-meta-layouts":"set","ast-page-background-enabled":"default","ast-page-background-meta":{"desktop":{"background-color":"","background-image":"","background-repeat":"repeat","background-position":"center center","background-size":"auto","background-attachment":"scroll","background-type":"","background-media":"","overlay-type":"","overlay-color":"","overlay-opacity":"","overlay-gradient":""},"tablet":{"background-color":"","background-image":"","background-repeat":"repeat","background-position":"center center","background-size":"auto","background-attachment":"scroll","background-type":"","background-media":"","overlay-type":"","overlay-color":"","overlay-opacity":"","overlay-gradient":""},"mobile":{"background-color":"","background-image":"","background-repeat":"repeat","background-position":"center center","background-size":"auto","background-attachment":"scroll","background-type":"","background-media":"","overlay-type":"","overlay-color":"","overlay-opacity":"","overlay-gradient":""}},"ast-content-background-meta":{"desktop":{"background-color":"var(--ast-global-color-5)","background-image":"","background-repeat":"repeat","background-position":"center center","background-size":"auto","background-attachment":"scroll","background-type":"","background-media":"","overlay-type":"","overlay-color":"","overlay-opacity":"","overlay-gradient":""},"tablet":{"background-color":"var(--ast-global-color-5)","background-image":"","background-repeat":"repeat","background-position":"center center","background-size":"auto","background-attachment":"scroll","background-type":"","background-media":"","overlay-type":"","overlay-color":"","overlay-opacity":"","overlay-gradient":""},"mobile":{"background-color":"var(--ast-global-color-5)","background-image":"","background-repeat":"repeat","background-position":"center center","background-size":"auto","background-attachment":"scroll","background-type":"","background-media":"","overlay-type":"","overlay-color":"","overlay-opacity":"","overlay-gradient":""}},"_joinchat":{"telephone":"+8618077105796"}},"product_brand":[],"product_cat":[58,74,153,154,148],"product_tag":[97,127],"class_list":{"0":"post-3103","1":"product","2":"type-product","3":"status-publish","4":"has-post-thumbnail","6":"product_cat-fumot-vape","7":"product_cat-7000-puff","8":"product_cat-buy-disposable-vapes-in-italy","9":"product_cat-buy-disposable-vapes-in-netherlands","10":"product_cat-tornado-disposable-vapes","11":"product_tag-hot-sale-disposable-vape","12":"product_tag-randm-tornado-7000","13":"desktop-align-left","14":"tablet-align-left","15":"mobile-align-left","17":"first","18":"instock","19":"sale","20":"shipping-taxable","21":"purchasable","22":"product-type-simple"},"acf":[],"uagb_featured_image_src":{"full":["https:\/\/vapestornado.com\/wp-content\/uploads\/2024\/12\/Randm-7000-Puff-Strawberry-Watermelon-Lemonade.jpg",800,800,false],"thumbnail":["https:\/\/vapestornado.com\/wp-content\/uploads\/2024\/12\/Randm-7000-Puff-Strawberry-Watermelon-Lemonade-150x150.jpg",150,150,true],"medium":["https:\/\/vapestornado.com\/wp-content\/uploads\/2024\/12\/Randm-7000-Puff-Strawberry-Watermelon-Lemonade-300x300.jpg",300,300,true],"medium_large":["https:\/\/vapestornado.com\/wp-content\/uploads\/2024\/12\/Randm-7000-Puff-Strawberry-Watermelon-Lemonade-768x768.jpg",768,768,true],"large":["https:\/\/vapestornado.com\/wp-content\/uploads\/2024\/12\/Randm-7000-Puff-Strawberry-Watermelon-Lemonade.jpg",800,800,false],"1536x1536":["https:\/\/vapestornado.com\/wp-content\/uploads\/2024\/12\/Randm-7000-Puff-Strawberry-Watermelon-Lemonade.jpg",800,800,false],"2048x2048":["https:\/\/vapestornado.com\/wp-content\/uploads\/2024\/12\/Randm-7000-Puff-Strawberry-Watermelon-Lemonade.jpg",800,800,false],"trp-custom-language-flag":["https:\/\/vapestornado.com\/wp-content\/uploads\/2024\/12\/Randm-7000-Puff-Strawberry-Watermelon-Lemonade.jpg",12,12,false],"woocommerce_thumbnail":["https:\/\/vapestornado.com\/wp-content\/uploads\/2024\/12\/Randm-7000-Puff-Strawberry-Watermelon-Lemonade-300x300.jpg",300,300,true],"woocommerce_single":["https:\/\/vapestornado.com\/wp-content\/uploads\/2024\/12\/Randm-7000-Puff-Strawberry-Watermelon-Lemonade-600x600.jpg",600,600,true],"woocommerce_gallery_thumbnail":["https:\/\/vapestornado.com\/wp-content\/uploads\/2024\/12\/Randm-7000-Puff-Strawberry-Watermelon-Lemonade-100x100.jpg",100,100,true]},"uagb_author_info":{"display_name":"ESMANDY","author_link":"https:\/\/vapestornado.com\/hr\/author\/"},"uagb_comment_info":0,"uagb_excerpt":"Grab Randm Tornado 7000 Puffs at a Discount Price Today Affordable Wholesale Price for Randm Tornado 7000 Puffs Vapes Bulk Buy Randm Tornado 7000 Puff Vape for Maximum Savings [caption id=\"attachment_2951\" align=\"alignnone\" width=\"265\"] Pls Contact Mandy's WhatsApp For Discount Price\u00a0 +8618077105796[\/caption] &nbsp;","_links":{"self":[{"href":"https:\/\/vapestornado.com\/hr\/wp-json\/wp\/v2\/product\/3103","targetHints":{"allow":["GET"]}}],"collection":[{"href":"https:\/\/vapestornado.com\/hr\/wp-json\/wp\/v2\/product"}],"about":[{"href":"https:\/\/vapestornado.com\/hr\/wp-json\/wp\/v2\/types\/product"}],"replies":[{"embeddable":true,"href":"https:\/\/vapestornado.com\/hr\/wp-json\/wp\/v2\/comments?post=3103"}],"wp:featuredmedia":[{"embeddable":true,"href":"https:\/\/vapestornado.com\/hr\/wp-json\/wp\/v2\/media\/3117"}],"wp:attachment":[{"href":"https:\/\/vapestornado.com\/hr\/wp-json\/wp\/v2\/media?parent=3103"}],"wp:term":[{"taxonomy":"product_brand","embeddable":true,"href":"https:\/\/vapestornado.com\/hr\/wp-json\/wp\/v2\/product_brand?post=3103"},{"taxonomy":"product_cat","embeddable":true,"href":"https:\/\/vapestornado.com\/hr\/wp-json\/wp\/v2\/product_cat?post=3103"},{"taxonomy":"product_tag","embeddable":true,"href":"https:\/\/vapestornado.com\/hr\/wp-json\/wp\/v2\/product_tag?post=3103"}],"curies":[{"name":"wp","href":"https:\/\/api.w.org\/{rel}","templated":true}]}}