{"id":3083,"date":"2024-12-11T09:26:24","date_gmt":"2024-12-11T09:26:24","guid":{"rendered":"https:\/\/vapestornado.com\/?post_type=product&#038;p=3083"},"modified":"2025-08-23T11:13:51","modified_gmt":"2025-08-23T11:13:51","slug":"randm-vape-tornado-7000-puffs-disposable-vape-bulk-buy-price-germany","status":"publish","type":"product","link":"https:\/\/vapestornado.com\/hr\/product\/randm-vape-tornado-7000-puffs-disposable-vape-bulk-buy-price-germany\/","title":{"rendered":"RandM Vape Tornado 7000 Puffs Jednokratna Vape Rasprodaja na veliko Njema\u010dka"},"content":{"rendered":"<h1 class=\"product-title\">RandM Vape Tornado 7000 Puffs Jednokratna Vape Rasprodaja na veliko Njema\u010dka<\/h1>\n<p data-start=\"178\" data-end=\"507\">Ovo <strong data-start=\"182\" data-end=\"220\">RandM Tornado 7000 Jednokratni Vape<\/strong> je sna\u017ean prodava\u010d na hrvatskom tr\u017ei\u0161tu, kombiniraju\u0107i pouzdane performanse sa \u0161irokom paletom okusa po konkurentnoj <strong data-start=\"336\" data-end=\"354\">cijeni za kupnju na veliko<\/strong>. S do <strong data-start=\"367\" data-end=\"391\">7.000 udisaja po jedinici<\/strong>, ovaj model nudi trgovcima pristupa\u010dnu, ali izdr\u017eljivu opciju za kupce koji tra\u017ee okus i prakti\u010dnost.<span id=\"1\" class=\"notranslate immersive-translate-target-wrapper\" lang=\"zh-CN\" translate=\"no\" data-immersive-translate-loading-id=\"\">\u00a0 <\/span><\/p>\n<p data-start=\"509\" data-end=\"785\">Opremljen s <strong data-start=\"525\" data-end=\"557\">1000mAh punjiva baterija<\/strong> i <strong data-start=\"562\" data-end=\"586\">Type-C brzo punjenje<\/strong>, RandM 7K osigurava kontinuiranu upotrebu bez rasipanja e-teku\u0107ine. An <strong data-start=\"654\" data-end=\"683\">podesivi sustav protoka zraka<\/strong> omogu\u0107uje korisnicima prebacivanje izme\u0111u \u010dvr\u0161\u0107eg ili otvorenijeg povla\u010denja, \u0161to ga \u010dini prikladnim za razli\u010dite preferencije.<\/p>\n<p data-start=\"787\" data-end=\"1022\">S <strong data-start=\"792\" data-end=\"816\">56 razli\u010ditih okusa<\/strong> u rasponu od vo\u0107nih do desertnih profila, ovaj ure\u0111aj zadovoljava raznoliku bazu hrvatskih kupaca. The <strong data-start=\"915\" data-end=\"938\">format s niskim udjelom nikotina<\/strong> (2% ili ni\u017ee) \u010dini ga privla\u010dnom opcijom za vapere koji tra\u017ee gla\u0111e sesije.<\/p>\n<p data-start=\"1024\" data-end=\"1096\">Za distributere i vlasnike trgovina, <strong data-start=\"1062\" data-end=\"1084\">RandM Tornado 7000<\/strong> pru\u017ea:<\/p>\n<ul data-start=\"1097\" data-end=\"1349\">\n<li data-start=\"1097\" data-end=\"1151\">\n<p data-start=\"1099\" data-end=\"1151\">Srednji kapacitet udisaja idealan za svakodnevnu prodaju<\/p>\n<\/li>\n<li data-start=\"1152\" data-end=\"1200\">\n<p data-start=\"1154\" data-end=\"1200\">\u0160irok katalog okusa za ponovljene kupnje<\/p>\n<\/li>\n<li data-start=\"1201\" data-end=\"1257\">\n<p data-start=\"1203\" data-end=\"1257\">Punjivi dizajn, smanjuju\u0107i povrate i pritu\u017ebe<\/p>\n<\/li>\n<li data-start=\"1258\" data-end=\"1349\">\n<p data-start=\"1260\" data-end=\"1349\"><strong data-start=\"1260\" data-end=\"1312\">Veleprodajno pakiranje i konkurentne cijene za rasute koli\u010dine<\/strong> prilago\u0111eno tr\u017ei\u0161tima EU i Hrvatske<\/p>\n<\/li>\n<\/ul>\n<p><strong>Dodajte Amy na WhatsApp za brzi odgovor i kupon za vape!<\/strong><\/p>\n<p><img fetchpriority=\"high\" decoding=\"async\" class=\"size-full wp-image-2932\" src=\"https:\/\/vapestornado.com\/wp-content\/uploads\/2024\/12\/Vape-Wholesale.jpg\" alt=\"Veleprodaja vejpova\" width=\"229\" height=\"300\" \/><\/p>\n<h3><a href=\"https:\/\/wa.me\/8617776015835\" target=\"_blank\" rel=\"noopener\"><span style=\"color: #ff0000;\"><strong>WhatsApp: +86 17776015835<\/strong><\/span><\/a><\/h3>\n<p>&nbsp;<\/p>\n<h2><strong>RandM Tornado 7000 Zna\u010dajke proizvoda<\/strong><\/h2>\n<p>Integrirana baterija od 1000 mAh<br \/>\nPunjiva baterija<br \/>\n7000 uvla\u010denja po ure\u0111aju<br \/>\nKontrola protoka zraka<br \/>\nDostupno 56 okusa<br \/>\nPunjenje putem Type-C<\/p>\n<h2 class=\"product-title\"><strong>RandM Tornado 7000 Popis okusa<\/strong><\/h2>\n<p>1 Svje\u017ea metvica<br \/>\n2 Lush Ice<br \/>\n3 Tangerine Ice<br \/>\n4 Jagoda Donut<br \/>\n5 Gummy Medo<br \/>\n6 Plavi Borovnica Na Ledu<br \/>\n7 Mango Na Ledu<br \/>\n8 Breskva Na Ledu<br \/>\n9 Ledena Banana<br \/>\n10 Ledeno Gro\u017e\u0111e<br \/>\n11 Ru\u017ei\u010dasta limunada<br \/>\n12 Pina Colada Rum<br \/>\n13 Mije\u0161ano bobi\u010dasto vo\u0107e<br \/>\n14 Mlije\u010dni \u0160ejk od Banane<br \/>\n15 Jagoda Lubenica<br \/>\n16 Crvena Jabuka Limun<br \/>\n17 Ledeni Ananas<br \/>\n18 \u0160e\u0107erna Vuna<br \/>\n19 Jagoda Banana<br \/>\n20 Ledena Jagoda<br \/>\n21 Jagoda Kivi<br \/>\n22.Crveni Energetski Led<br \/>\n23.Limunada od Plave Maline<br \/>\n24.Ledena Crvena Jabuka<br \/>\n25.Vo\u0107na Limunada<br \/>\n26.\u017dvaka\u0107a Guma od Borovnice<br \/>\n27.Plava Kisela Malina<br \/>\n28.Dr. Plava<br \/>\n29.Jabuka Breskva Kru\u0161ka<br \/>\n30.Borovnica Nar<br \/>\n31.Vimto<br \/>\n32.Kivi marakuja i guava<br \/>\n33.Ledena kola<br \/>\n34.Kisela jabuka<br \/>\n35.Crni ribizl s mentolom<br \/>\n36.Tigrova krv<br \/>\n37.Slatki\u0161 od breskve i borovnice<br \/>\n38.Breskva i mango<br \/>\n39.Jagoda Red Bull<br \/>\n40.Led od crnog ribizla<br \/>\n41.Limunada od jagode i lubenice<br \/>\n42.Tre\u0161nja<br \/>\n43.Plava malina tre\u0161nja<br \/>\n44.Skittles<br \/>\n45.Borovnica malina<br \/>\n46.Jagoda gro\u017e\u0111e<br \/>\n47.Borovnica tre\u0161nja brusnica<br \/>\n48.Vo\u0107na mje\u0161avina jabuke i bobi\u010dastog vo\u0107a<br \/>\n49.Tre\u0161nja kola<br \/>\n50.Limun<br \/>\n51.Ru\u017ei\u010dasti Eksplozija<br \/>\n52.Pacifi\u010dki Hladnjak<br \/>\n53.Ledeni sladoled<br \/>\n54.Bingo Sru\u0161iti<\/p>\n<h2>Za\u0161to odabrati vapestornado za veleprodaju Fumot RandM 7k vejpova?<\/h2>\n<div class=\"flex-shrink-0 flex flex-col relative items-end\">\n<div class=\"pt-0\">\n<div class=\"gizmo-bot-avatar flex h-8 w-8 items-center justify-center overflow-hidden rounded-full\">\n<div class=\"relative p-1 rounded-sm flex items-center justify-center bg-token-main-surface-primary text-token-text-primary h-8 w-8\">\n<p>Dobrodo\u0161li u vapestornado, va\u0161u pouzdanu online vape trgovinu za vrhunske jednokratne vape ure\u0111aje. S vi\u0161e od 5 godina stru\u010dnosti, donosimo vam popularne marke jednokratnih vape ure\u0111aja kao \u0161to su Fumot RandM Vape, <a href=\"https:\/\/vapestornado.com\/hr\/product\/vapme-crystal-7000-puffs-rechargeable-disposable-vape-wholesale-cheap-price\/\">Vapme<\/a>, Bang Vape, Waspe Vape i WGA Vape, itd.<\/p>\n<p>Na\u0161 asortiman uklju\u010duje vru\u0107e vapeove poput <a href=\"https:\/\/vapestornado.com\/hr\/product\/fumot-randm-tornado-15000-puffs-rechargeable-disposable-vape-wholesale\/\">RandM Tornado 15000<\/a>, i izbor bogat okusom poput <a href=\"https:\/\/vapestornado.com\/hr\/product\/waspe-40000-puffs-double-flavour-led-display-disposable-vape-wholesale\/\">WASPE Dvostruki Okus 40000 Pufova<\/a> . Svaki proizvod odabran je s fokusom na kvalitetu, vrijednost i raznolikost, osiguravaju\u0107i da prona\u0111ete savr\u0161eno podudaranje za svoje potrebe. Otkrijte iznimnu uslugu i \u0161irok spektar vrhunskih proizvoda po veleprodajnoj cijeni na vapestornado.<\/p>\n<\/div>\n<h3><\/h3>\n<div class=\"relative p-1 rounded-sm flex items-center justify-center bg-token-main-surface-primary text-token-text-primary h-8 w-8\">\n<h2>\u010cesta pitanja za RandM 7000 Music jednokratni vejp<\/h2>\n<\/div>\n<\/div>\n<\/div>\n<\/div>\n<div class=\"flex-shrink-0 flex flex-col relative items-end\">\n<div class=\"pt-0\">\n<div class=\"gizmo-bot-avatar flex h-8 w-8 items-center justify-center overflow-hidden rounded-full\">\n<div class=\"relative p-1 rounded-sm flex items-center justify-center bg-token-main-surface-primary text-token-text-primary h-8 w-8\">\n<div class=\"mb-2 flex gap-3 empty:hidden -ml-2\">\n<h3><\/h3>\n<ol>\n<li><strong>Koliko uvla\u010denja pru\u017ea RandM 7000?<\/strong><br \/>\nRandM 7000 nudi impresivnih 7000 uvla\u010denja po ure\u0111aju, osiguravaju\u0107i dugotrajnu upotrebu za svaku sesiju vejpana.<\/li>\n<li><strong>Mo\u017ee li se RandM 7000 puniti?<\/strong><br \/>\nDa, ure\u0111aj je opremljen punjivom baterijom od 1000 mAh i podr\u017eava brzo Type-C punjenje radi prakti\u010dnosti.<\/li>\n<li><strong>Koliko je okusa dostupno za Fumot Tornado 7000?<\/strong><br \/>\nFumot Tornado 7000 dolazi s 56 razli\u010ditih okusa, nude\u0107i \u0161iroku paletu kako bi se zadovoljile razli\u010dite preferencije.<\/li>\n<li><strong>Je li RandM Tornado 7k prikladan za korisnike s niskim udjelom nikotina?<\/strong><br \/>\nDa, RandM Tornado 7k je <strong>vape za jednokratnu upotrebu s niskim udjelom nikotina<\/strong>, \u0161to ga \u010dini izvrsnom opcijom za one koji preferiraju gla\u0111e i bla\u017ee iskustvo vapinga.<\/li>\n<li><strong>Mogu li kupiti RandM Tornado 7000 u rinfuzi po veleprodajnim cijenama?<\/strong><br \/>\nApsolutno! RandM Tornado 7000 je dostupan za <strong>veleprodaju vapea<\/strong>, nude\u0107i konkurentne cijene za kupnju na veliko za trgovce u Hrvatskoj i \u0161ire.<\/li>\n<\/ol>\n<p>&nbsp;<\/p>\n<\/div>\n<\/div>\n<\/div>\n<\/div>\n<\/div>\n<div class=\"group\/conversation-turn relative flex w-full min-w-0 flex-col agent-turn\">\n<div class=\"flex-col gap-1 md:gap-3\">\n<div class=\"flex max-w-full flex-col flex-grow\">\n<div class=\"min-h-8 text-message flex w-full flex-col items-end gap-2 whitespace-normal break-words [.text-message+&amp;]:mt-5\" dir=\"auto\" data-message-author-role=\"assistant\" data-message-id=\"db716a1c-9ed0-4b8d-b3b0-7bdb913c3d42\" data-message-model-slug=\"gpt-4o\">\n<div class=\"flex w-full flex-col gap-1 empty:hidden first:pt-[3px]\">\n<div class=\"markdown prose w-full break-words dark:prose-invert light\">\n<p>&nbsp;<\/p>\n<\/div>\n<\/div>\n<\/div>\n<\/div>\n<\/div>\n<\/div>","protected":false},"excerpt":{"rendered":"<p>Ovo <strong data-start=\"1398\" data-end=\"1426\">RandM Tornado 7000 Udisaja<\/strong> nudi 56 okusa, punjivu bateriju od 1000 mAh i podesivi protok zraka. Jednokratna vape srednjeg kapaciteta dizajnirana za <strong data-start=\"1545\" data-end=\"1578\">veleprodajne kupce u Hrvatskoj<\/strong> po konkurentnim cijenama.<\/p>\n<p><strong>Dodajte Amy na WhatsApp za brzi odgovor i kupon za vape!<\/strong><\/p>\n<p><img fetchpriority=\"high\" decoding=\"async\" class=\"size-full wp-image-2932\" src=\"https:\/\/vapestornado.com\/wp-content\/uploads\/2024\/12\/Vape-Wholesale.jpg\" alt=\"Veleprodaja vejpova\" width=\"229\" height=\"300\" \/><\/p>\n<h3><a href=\"https:\/\/wa.me\/8617776015835\"><span style=\"color: #ff0000;\"><strong>WhatsApp: +86 17776015835<\/strong><\/span><\/a><\/h3>\n<p>&nbsp;<\/p>","protected":false},"featured_media":3080,"comment_status":"open","ping_status":"closed","template":"","meta":{"_acf_changed":false,"_uag_custom_page_level_css":"","_lmt_disableupdate":"no","_lmt_disable":"","_monsterinsights_skip_tracking":false,"_monsterinsights_sitenote_active":false,"_monsterinsights_sitenote_note":"","_monsterinsights_sitenote_category":0,"site-sidebar-layout":"default","site-content-layout":"","ast-site-content-layout":"default","site-content-style":"default","site-sidebar-style":"default","ast-global-header-display":"","ast-banner-title-visibility":"","ast-main-header-display":"","ast-hfb-above-header-display":"","ast-hfb-below-header-display":"","ast-hfb-mobile-header-display":"","site-post-title":"","ast-breadcrumbs-content":"","ast-featured-img":"","footer-sml-layout":"","ast-disable-related-posts":"","theme-transparent-header-meta":"default","adv-header-id-meta":"","stick-header-meta":"","header-above-stick-meta":"","header-main-stick-meta":"","header-below-stick-meta":"","astra-migrate-meta-layouts":"set","ast-page-background-enabled":"default","ast-page-background-meta":{"desktop":{"background-color":"","background-image":"","background-repeat":"repeat","background-position":"center center","background-size":"auto","background-attachment":"scroll","background-type":"","background-media":"","overlay-type":"","overlay-color":"","overlay-opacity":"","overlay-gradient":""},"tablet":{"background-color":"","background-image":"","background-repeat":"repeat","background-position":"center center","background-size":"auto","background-attachment":"scroll","background-type":"","background-media":"","overlay-type":"","overlay-color":"","overlay-opacity":"","overlay-gradient":""},"mobile":{"background-color":"","background-image":"","background-repeat":"repeat","background-position":"center center","background-size":"auto","background-attachment":"scroll","background-type":"","background-media":"","overlay-type":"","overlay-color":"","overlay-opacity":"","overlay-gradient":""}},"ast-content-background-meta":{"desktop":{"background-color":"var(--ast-global-color-5)","background-image":"","background-repeat":"repeat","background-position":"center center","background-size":"auto","background-attachment":"scroll","background-type":"","background-media":"","overlay-type":"","overlay-color":"","overlay-opacity":"","overlay-gradient":""},"tablet":{"background-color":"var(--ast-global-color-5)","background-image":"","background-repeat":"repeat","background-position":"center center","background-size":"auto","background-attachment":"scroll","background-type":"","background-media":"","overlay-type":"","overlay-color":"","overlay-opacity":"","overlay-gradient":""},"mobile":{"background-color":"var(--ast-global-color-5)","background-image":"","background-repeat":"repeat","background-position":"center center","background-size":"auto","background-attachment":"scroll","background-type":"","background-media":"","overlay-type":"","overlay-color":"","overlay-opacity":"","overlay-gradient":""}},"_joinchat":{"telephone":"+8617776015835"}},"product_brand":[],"product_cat":[74,151,152,143,58,144,148],"product_tag":[83,128,127,129,78,114,93],"class_list":{"0":"post-3083","1":"product","2":"type-product","3":"status-publish","4":"has-post-thumbnail","6":"product_cat-7000-puff","7":"product_cat-buy-disposable-vapes-in-france","8":"product_cat-buy-disposable-vapes-in-cermany","9":"product_cat-dual-mesh-disposable-vapes","10":"product_cat-fumot-vape","11":"product_cat-low-nicotine-disposable-vapes","12":"product_cat-tornado-disposable-vapes","13":"product_tag-fumot-vape","14":"product_tag-randm-7000","15":"product_tag-randm-tornado-7000","16":"product_tag-randm-tornado-7000-germany","17":"product_tag-randm-vape","18":"product_tag-tornado-vape","19":"product_tag-vape-wholesale","20":"desktop-align-left","21":"tablet-align-left","22":"mobile-align-left","24":"first","25":"instock","26":"sale","27":"shipping-taxable","28":"purchasable","29":"product-type-simple"},"acf":[],"uagb_featured_image_src":{"full":["https:\/\/vapestornado.com\/wp-content\/uploads\/2024\/12\/RandM-Tornado-7000-Puffs-Disposable-Vape.jpg",1126,1126,false],"thumbnail":["https:\/\/vapestornado.com\/wp-content\/uploads\/2024\/12\/RandM-Tornado-7000-Puffs-Disposable-Vape-150x150.jpg",150,150,true],"medium":["https:\/\/vapestornado.com\/wp-content\/uploads\/2024\/12\/RandM-Tornado-7000-Puffs-Disposable-Vape-300x300.jpg",300,300,true],"medium_large":["https:\/\/vapestornado.com\/wp-content\/uploads\/2024\/12\/RandM-Tornado-7000-Puffs-Disposable-Vape-768x768.jpg",768,768,true],"large":["https:\/\/vapestornado.com\/wp-content\/uploads\/2024\/12\/RandM-Tornado-7000-Puffs-Disposable-Vape-1024x1024.jpg",1024,1024,true],"1536x1536":["https:\/\/vapestornado.com\/wp-content\/uploads\/2024\/12\/RandM-Tornado-7000-Puffs-Disposable-Vape.jpg",1126,1126,false],"2048x2048":["https:\/\/vapestornado.com\/wp-content\/uploads\/2024\/12\/RandM-Tornado-7000-Puffs-Disposable-Vape.jpg",1126,1126,false],"trp-custom-language-flag":["https:\/\/vapestornado.com\/wp-content\/uploads\/2024\/12\/RandM-Tornado-7000-Puffs-Disposable-Vape.jpg",12,12,false],"woocommerce_thumbnail":["https:\/\/vapestornado.com\/wp-content\/uploads\/2024\/12\/RandM-Tornado-7000-Puffs-Disposable-Vape-300x300.jpg",300,300,true],"woocommerce_single":["https:\/\/vapestornado.com\/wp-content\/uploads\/2024\/12\/RandM-Tornado-7000-Puffs-Disposable-Vape-600x600.jpg",600,600,true],"woocommerce_gallery_thumbnail":["https:\/\/vapestornado.com\/wp-content\/uploads\/2024\/12\/RandM-Tornado-7000-Puffs-Disposable-Vape-100x100.jpg",100,100,true]},"uagb_author_info":{"display_name":"ESAMY","author_link":"https:\/\/vapestornado.com\/hr\/author\/"},"uagb_comment_info":0,"uagb_excerpt":"The RandM Tornado 7000 Puffs offers 56 flavours, 1000mAh rechargeable battery, and adjustable airflow. A mid-capacity disposable vape designed for Germany wholesale bulk buyers at competitive prices. Add Amy's whatsapp get right reply and vape vape coupon! WhatsApp: +86 17776015835 &nbsp;","_links":{"self":[{"href":"https:\/\/vapestornado.com\/hr\/wp-json\/wp\/v2\/product\/3083","targetHints":{"allow":["GET"]}}],"collection":[{"href":"https:\/\/vapestornado.com\/hr\/wp-json\/wp\/v2\/product"}],"about":[{"href":"https:\/\/vapestornado.com\/hr\/wp-json\/wp\/v2\/types\/product"}],"replies":[{"embeddable":true,"href":"https:\/\/vapestornado.com\/hr\/wp-json\/wp\/v2\/comments?post=3083"}],"wp:featuredmedia":[{"embeddable":true,"href":"https:\/\/vapestornado.com\/hr\/wp-json\/wp\/v2\/media\/3080"}],"wp:attachment":[{"href":"https:\/\/vapestornado.com\/hr\/wp-json\/wp\/v2\/media?parent=3083"}],"wp:term":[{"taxonomy":"product_brand","embeddable":true,"href":"https:\/\/vapestornado.com\/hr\/wp-json\/wp\/v2\/product_brand?post=3083"},{"taxonomy":"product_cat","embeddable":true,"href":"https:\/\/vapestornado.com\/hr\/wp-json\/wp\/v2\/product_cat?post=3083"},{"taxonomy":"product_tag","embeddable":true,"href":"https:\/\/vapestornado.com\/hr\/wp-json\/wp\/v2\/product_tag?post=3083"}],"curies":[{"name":"wp","href":"https:\/\/api.w.org\/{rel}","templated":true}]}}