{"id":3033,"date":"2024-12-10T06:54:50","date_gmt":"2024-12-10T06:54:50","guid":{"rendered":"https:\/\/vapestornado.com\/?post_type=product&#038;p=3033"},"modified":"2025-08-23T10:12:12","modified_gmt":"2025-08-23T10:12:12","slug":"wga-crystal-pro-max-15k-puffs-wholesale-price-vape-pods","status":"publish","type":"product","link":"https:\/\/vapestornado.com\/hr\/product\/wga-crystal-pro-max-15k-puffs-wholesale-price-vape-pods\/","title":{"rendered":"WGA Crystal Pro Max 15k Puffs Veleprodajna cijena Vape Pods"},"content":{"rendered":"<h1>WGA Crystal Pro Max 15k Puffs Veleprodajna cijena Vape Pods<\/h1>\n<p data-start=\"286\" data-end=\"581\">Ovo <strong data-start=\"290\" data-end=\"339\">WGA Crystal Pro Max 15K Puffs Jednokratni Vape<\/strong> je dizajniran za veletrgovce i trgovce na malo koji tra\u017ee pouzdane proizvode visoke potra\u017enje za europsko tr\u017ei\u0161te. S do <strong data-start=\"457\" data-end=\"484\">15,000 udisaja po ure\u0111aju<\/strong> i <strong data-start=\"491\" data-end=\"524\">25 ml prethodno napunjenog spremnika e-teku\u0107ine<\/strong>, pru\u017ea produ\u017eenu upotrebu i sna\u017ean potencijal preprodaje.<\/p>\n<p data-start=\"583\" data-end=\"874\">Pokre\u0107e ga <strong data-start=\"596\" data-end=\"627\">650mAh punjiva baterija<\/strong> sa <strong data-start=\"633\" data-end=\"657\">Type-C brzo punjenje<\/strong>, Crystal Pro Max osigurava dosljedne sesije bez prekida. A <strong data-start=\"732\" data-end=\"759\">LED indikator u stvarnom vremenu<\/strong> obavje\u0161tava korisnike o statusu baterije, dok <strong data-start=\"810\" data-end=\"828\">0,8\u03a9 mre\u017easta zavojnica<\/strong> pobolj\u0161ava gusto\u0107u pare i isporuku okusa.<\/p>\n<p data-start=\"876\" data-end=\"1231\">Kompaktan i prenosiv pri <strong data-start=\"900\" data-end=\"923\">43 mm \u00d7 23 mm \u00d7 105 mm<\/strong>, onda je <strong data-start=\"929\" data-end=\"961\">WGA Kristal Pro Max 15K Vape<\/strong> je jednostavan za no\u0161enje, moderan na izlo\u017ebi i dostupan u \u0161irokom rasponu profila okusa kako bi odgovarao razli\u010ditim preferencijama. Njegova kombinacija kapaciteta, dizajna i konkurentnosti <strong data-start=\"1133\" data-end=\"1154\">veleprodajne cijene<\/strong> \u010dini ga izvrsnim izborom za trgovce i distributere diljem Europe.<\/p>\n<p>&nbsp;<\/p>\n<p><img fetchpriority=\"high\" decoding=\"async\" class=\"size-medium wp-image-2951\" src=\"https:\/\/vapestornado.com\/wp-content\/uploads\/2024\/12\/Wholesale-Disposable-Vape-265x300.jpg\" alt=\"Veleprodaja jednokratnih vape ure\u0111aja\" width=\"265\" height=\"300\" srcset=\"https:\/\/vapestornado.com\/wp-content\/uploads\/2024\/12\/Wholesale-Disposable-Vape-265x300.jpg 265w, https:\/\/vapestornado.com\/wp-content\/uploads\/2024\/12\/Wholesale-Disposable-Vape-768x871.jpg 768w, https:\/\/vapestornado.com\/wp-content\/uploads\/2024\/12\/Wholesale-Disposable-Vape-600x680.jpg 600w, https:\/\/vapestornado.com\/wp-content\/uploads\/2024\/12\/Wholesale-Disposable-Vape.jpg 823w\" sizes=\"(max-width: 265px) 100vw, 265px\" \/><\/p>\n<h6><span style=\"font-size: 1.1em; font-weight: bold;\">Molimo kontaktirajte Mandy's WhatsApp za cijenu s popustom<\/span><a style=\"font-size: 1.1em; font-weight: bold; background-color: #ffffff;\" href=\"https:\/\/wa.me\/8618077105796\" target=\"_blank\" rel=\"noopener\">+8618077105796<\/a><\/h6>\n<p>&nbsp;<\/p>\n<h2><strong>WGA The Crystal Pro Max Extra 15.000 Puffs Vape \u2013 Klju\u010dne specifikacije<\/strong><\/h2>\n<ul>\n<li><strong>Opse\u017ean kapacitet udisaja<\/strong>: Isporu\u010duje do 15.000 udisaja po ure\u0111aju, nude\u0107i produljenu upotrebu i smanjenu potrebu za zamjenama.<\/li>\n<li><strong>650mAh Punjiva Baterija<\/strong>: Sadr\u017ei izdr\u017eljivu bateriju od 650 mAh za stabilnu isporuku energije tijekom svake sesije.<\/li>\n<li><strong>U\u010dinkovito punjenje Type-C<\/strong>: Uklju\u010duje moderan Type-C priklju\u010dak za brzo i prakti\u010dno punjenje kako bi va\u0161 ure\u0111aj bio spreman.<\/li>\n<li><strong>Veliki kapacitet E-teku\u0107ine<\/strong>: Opremljen spremnikom za e-teku\u0107inu od 25 ml, podr\u017eava duge sesije vapinga bez stalnog punjenja.<\/li>\n<li><strong>LED zaslon statusa baterije<\/strong>: Uklju\u010duje LED indikator u stvarnom vremenu za pra\u0107enje razine baterije i izbjegavanje neo\u010dekivanih prekida.<\/li>\n<li><strong>Prijenosni i elegantan dizajn<\/strong>: Kompaktne dimenzije od 43 mm x 23 mm x 105 mm osiguravaju jednostavno rukovanje i prenosivost, idealno za kori\u0161tenje u pokretu.<\/li>\n<\/ul>\n<h2><strong>WGA Crystal Pro Max 15k Puffs Lista okusa:<\/strong><\/h2>\n<p>1. LUBENICA LED<br \/>\n2. BOROVNICA MALINA<br \/>\n3. PJENU\u0160AVA TRE\u0160NJA<br \/>\n4. GUMENI MEDVJEDI\u0106<br \/>\n5. LIMETA LIMUN<br \/>\n6. LED OD JAGODE<br \/>\n7. KISELA MALINA BOROVNICE<br \/>\n8. PLAVI RAZZ LED<br \/>\n9. GOSPODIN PLAVI<br \/>\n10. SKITTLES<br \/>\n11. BOROVNICA TRE\u0160NJA BRUSNICA<br \/>\n12. SO\u010cNA BRESKVA<br \/>\n13. Led od jagode, maline i tre\u0161nje<br \/>\n14. HUBBA BUBBA<br \/>\n15. Kupina borovnica malina<br \/>\n16. Sladoled od jagode<br \/>\n17. Sladoled od borovnice<br \/>\n18. Prime jagoda lubenica<br \/>\n19. \u017dvaka\u0107a guma od jagode i tre\u0161nje<br \/>\n20. Led od maline i tre\u0161nje<br \/>\n21. LED OD ANANASA<br \/>\n22. LJETNI SAN<br \/>\n23. WGA ROZA<br \/>\n24.SVJE\u017dA MENTA<br \/>\n25.DUPLA JABUKA<br \/>\n26.TROSTRUKI MANGO<br \/>\n27.CRNI ZMAJ LED<br \/>\n28.COLA LED<br \/>\n29.ANANAS LIMUN<br \/>\n30.GOSPODIN CRNI<br \/>\n31.KIWI MARAKUJA GUAVA<\/p>\n<h3><strong>Za\u0161to odabrati WGA The Crystal Pro Max 15,000 Puffs Vape?<\/strong><\/h3>\n<ul>\n<li><strong>Izvanredni profili okusa<\/strong>: Uronite u odabrani izbor \u017eivopisnih i osvje\u017eavaju\u0107ih vo\u0107nih okusa, od kojih je svaki osmi\u0161ljen kako bi pru\u017eio dosljedno ugodno iskustvo vapinga.<\/li>\n<li><strong>Jednostavna prakti\u010dnost<\/strong>: Dizajniran s jednostavno\u0161\u0107u na umu, ovaj jednokratni vape nudi besprijekoran i bezbri\u017ean na\u010din u\u017eivanja u vrhunskom vapingu bilo kada i bilo gdje.<\/li>\n<li><strong>Trajnost i performanse<\/strong>: S do 15.000 udisaja, robusnom punjivom baterijom od 650 mAh i kapacitetom e-teku\u0107ine od 25 ml, ovaj je vape napravljen da pru\u017ei pouzdane performanse tijekom duljeg razdoblja.<\/li>\n<li><strong>Moderan i kompaktan dizajn<\/strong>: Njegove elegantne dimenzije i elegantna izrada osiguravaju prenosivost bez \u017ertvovanja stila ili funkcionalnosti.<\/li>\n<\/ul>\n<p>Ovo <strong>WGA Kristal Pro Max Extra 15000 Udisaja Vape Pod\u00a0<\/strong> je ultimativni izbor za vapere koji tra\u017ee prakti\u010dnost, performanse i iznimno osjetilno iskustvo. Savr\u0161ena fuzija vrhunske tehnologije i vrhunskog okusa \u010deka vas.<\/p>\n<p>&nbsp;<\/p>\n<h3><strong>\u010cesto postavljana pitanja o WGA The Crystal Pro Max 15.000 Puffs punjivom vapeu<\/strong><\/h3>\n<ol>\n<li><strong>Koliko udisaja nudi WGA Crystal Pro Max puff 15k?<\/strong><br \/>\nUre\u0111aj pru\u017ea do 15.000 udisaja, \u0161to ga \u010dini idealnim za dugotrajnu upotrebu bez \u010deste zamjene.<\/li>\n<li><strong>Koju vrstu baterije koristi?<\/strong><br \/>\nSadr\u017ei punjivu bateriju od 650 mAh s priklju\u010dkom za punjenje Type-C, \u0161to osigurava brzo i u\u010dinkovito punjenje.<\/li>\n<li><strong>Koliki je kapacitet e-teku\u0107ine Vape 15000 Puffs <a href=\"https:\/\/vapestornado.com\/hr\/product\/wga-crystal-pro-max-15k-puffs-wholesale-price-vape-pods\/\">WGA Vape<\/a>?<\/strong><br \/>\nCrystal Pro Max dolazi s izda\u0161nim kapacitetom e-teku\u0107ine od 25 ml, nude\u0107i produljene sesije vapinga.<\/li>\n<li><strong>Ima li WGA Crystal Vape 15000 Puffs indikator baterije?<\/strong><br \/>\nDa, uklju\u010duje LED indikator baterije u stvarnom vremenu, tako da mo\u017eete pratiti razinu baterije i napuniti je po potrebi.<\/li>\n<li><strong>Mo\u017ee li se e-teku\u0107ina WGA 15000 Puffs ponovno napuniti?<\/strong><br \/>\nNe, WGA Crystal Pro Max 15000 Puffs je unaprijed napunjeni jednokratni ure\u0111aj i ne podr\u017eava ponovno punjenje.<\/li>\n<\/ol>","protected":false},"excerpt":{"rendered":"<p>WGA Crystal Pro Max 15k Puffs vape mahune po veleprodajnim cijenama. U\u017eivajte u dugotrajnim udisajima, vrhunskim okusima i mogu\u0107nostima kupnje na veliko za va\u0161e poslovanje.<\/p>\n<figure id=\"attachment_2951\" aria-describedby=\"caption-attachment-2951\" style=\"width: 265px\" class=\"wp-caption alignnone\"><img fetchpriority=\"high\" decoding=\"async\" class=\"size-medium wp-image-2951\" src=\"https:\/\/vapestornado.com\/wp-content\/uploads\/2024\/12\/Wholesale-Disposable-Vape-265x300.jpg\" alt=\"Veleprodaja jednokratnih vape ure\u0111aja\" width=\"265\" height=\"300\" srcset=\"https:\/\/vapestornado.com\/wp-content\/uploads\/2024\/12\/Wholesale-Disposable-Vape-265x300.jpg 265w, https:\/\/vapestornado.com\/wp-content\/uploads\/2024\/12\/Wholesale-Disposable-Vape-768x871.jpg 768w, https:\/\/vapestornado.com\/wp-content\/uploads\/2024\/12\/Wholesale-Disposable-Vape-600x680.jpg 600w, https:\/\/vapestornado.com\/wp-content\/uploads\/2024\/12\/Wholesale-Disposable-Vape.jpg 823w\" sizes=\"(max-width: 265px) 100vw, 265px\" \/><figcaption id=\"caption-attachment-2951\" class=\"wp-caption-text\">Molimo kontaktirajte Mandy's WhatsApp za cijenu s popustom<a href=\"https:\/\/wa.me\/8618077105796\">+8618077105796<\/a><\/figcaption><\/figure>\n<p>&nbsp;<\/p>","protected":false},"featured_media":3052,"comment_status":"open","ping_status":"closed","template":"","meta":{"_acf_changed":false,"_uag_custom_page_level_css":"","_lmt_disableupdate":"no","_lmt_disable":"","_monsterinsights_skip_tracking":false,"_monsterinsights_sitenote_active":false,"_monsterinsights_sitenote_note":"","_monsterinsights_sitenote_category":0,"site-sidebar-layout":"default","site-content-layout":"","ast-site-content-layout":"default","site-content-style":"default","site-sidebar-style":"default","ast-global-header-display":"","ast-banner-title-visibility":"","ast-main-header-display":"","ast-hfb-above-header-display":"","ast-hfb-below-header-display":"","ast-hfb-mobile-header-display":"","site-post-title":"","ast-breadcrumbs-content":"","ast-featured-img":"","footer-sml-layout":"","ast-disable-related-posts":"","theme-transparent-header-meta":"default","adv-header-id-meta":"","stick-header-meta":"","header-above-stick-meta":"","header-main-stick-meta":"","header-below-stick-meta":"","astra-migrate-meta-layouts":"set","ast-page-background-enabled":"default","ast-page-background-meta":{"desktop":{"background-color":"","background-image":"","background-repeat":"repeat","background-position":"center center","background-size":"auto","background-attachment":"scroll","background-type":"","background-media":"","overlay-type":"","overlay-color":"","overlay-opacity":"","overlay-gradient":""},"tablet":{"background-color":"","background-image":"","background-repeat":"repeat","background-position":"center center","background-size":"auto","background-attachment":"scroll","background-type":"","background-media":"","overlay-type":"","overlay-color":"","overlay-opacity":"","overlay-gradient":""},"mobile":{"background-color":"","background-image":"","background-repeat":"repeat","background-position":"center center","background-size":"auto","background-attachment":"scroll","background-type":"","background-media":"","overlay-type":"","overlay-color":"","overlay-opacity":"","overlay-gradient":""}},"ast-content-background-meta":{"desktop":{"background-color":"var(--ast-global-color-5)","background-image":"","background-repeat":"repeat","background-position":"center center","background-size":"auto","background-attachment":"scroll","background-type":"","background-media":"","overlay-type":"","overlay-color":"","overlay-opacity":"","overlay-gradient":""},"tablet":{"background-color":"var(--ast-global-color-5)","background-image":"","background-repeat":"repeat","background-position":"center center","background-size":"auto","background-attachment":"scroll","background-type":"","background-media":"","overlay-type":"","overlay-color":"","overlay-opacity":"","overlay-gradient":""},"mobile":{"background-color":"var(--ast-global-color-5)","background-image":"","background-repeat":"repeat","background-position":"center center","background-size":"auto","background-attachment":"scroll","background-type":"","background-media":"","overlay-type":"","overlay-color":"","overlay-opacity":"","overlay-gradient":""}},"_joinchat":{"telephone":"+8618077105796"}},"product_brand":[],"product_cat":[71,140,153,158,159,160,141,59],"product_tag":[97,111],"class_list":{"0":"post-3033","1":"product","2":"type-product","3":"status-publish","4":"has-post-thumbnail","6":"product_cat-15000-puff","7":"product_cat-big-puffs-disposable-vapes","8":"product_cat-buy-disposable-vapes-in-italy","9":"product_cat-buy-disposable-vapes-in-spain","10":"product_cat-buy-disposable-vapes-in-sweden","11":"product_cat-buy-disposable-vapes-in-switzerland","12":"product_cat-crystal-disposable-vapes","13":"product_cat-wga-crystal-vape","14":"product_tag-hot-sale-disposable-vape","15":"product_tag-wga-15k-puffs","16":"desktop-align-left","17":"tablet-align-left","18":"mobile-align-left","20":"first","21":"instock","22":"sale","23":"shipping-taxable","24":"purchasable","25":"product-type-simple"},"acf":[],"uagb_featured_image_src":{"full":["https:\/\/vapestornado.com\/wp-content\/uploads\/2024\/12\/WGA-15000-PUFFS-JUICY-PEACH-Disposable-Vape.jpg",800,800,false],"thumbnail":["https:\/\/vapestornado.com\/wp-content\/uploads\/2024\/12\/WGA-15000-PUFFS-JUICY-PEACH-Disposable-Vape-150x150.jpg",150,150,true],"medium":["https:\/\/vapestornado.com\/wp-content\/uploads\/2024\/12\/WGA-15000-PUFFS-JUICY-PEACH-Disposable-Vape-300x300.jpg",300,300,true],"medium_large":["https:\/\/vapestornado.com\/wp-content\/uploads\/2024\/12\/WGA-15000-PUFFS-JUICY-PEACH-Disposable-Vape-768x768.jpg",768,768,true],"large":["https:\/\/vapestornado.com\/wp-content\/uploads\/2024\/12\/WGA-15000-PUFFS-JUICY-PEACH-Disposable-Vape.jpg",800,800,false],"1536x1536":["https:\/\/vapestornado.com\/wp-content\/uploads\/2024\/12\/WGA-15000-PUFFS-JUICY-PEACH-Disposable-Vape.jpg",800,800,false],"2048x2048":["https:\/\/vapestornado.com\/wp-content\/uploads\/2024\/12\/WGA-15000-PUFFS-JUICY-PEACH-Disposable-Vape.jpg",800,800,false],"trp-custom-language-flag":["https:\/\/vapestornado.com\/wp-content\/uploads\/2024\/12\/WGA-15000-PUFFS-JUICY-PEACH-Disposable-Vape.jpg",12,12,false],"woocommerce_thumbnail":["https:\/\/vapestornado.com\/wp-content\/uploads\/2024\/12\/WGA-15000-PUFFS-JUICY-PEACH-Disposable-Vape-300x300.jpg",300,300,true],"woocommerce_single":["https:\/\/vapestornado.com\/wp-content\/uploads\/2024\/12\/WGA-15000-PUFFS-JUICY-PEACH-Disposable-Vape-600x600.jpg",600,600,true],"woocommerce_gallery_thumbnail":["https:\/\/vapestornado.com\/wp-content\/uploads\/2024\/12\/WGA-15000-PUFFS-JUICY-PEACH-Disposable-Vape-100x100.jpg",100,100,true]},"uagb_author_info":{"display_name":"ESMANDY","author_link":"https:\/\/vapestornado.com\/hr\/author\/"},"uagb_comment_info":0,"uagb_excerpt":"WGA Crystal Pro Max 15k Puffs vape pods at wholesale prices. Enjoy long-lasting puffs, premium flavors, and bulk purchase options for your business. [caption id=\"attachment_2951\" align=\"alignnone\" width=\"265\"] Pls Contact Mandy's WhatsApp For Discount Price+8618077105796[\/caption] &nbsp;","_links":{"self":[{"href":"https:\/\/vapestornado.com\/hr\/wp-json\/wp\/v2\/product\/3033","targetHints":{"allow":["GET"]}}],"collection":[{"href":"https:\/\/vapestornado.com\/hr\/wp-json\/wp\/v2\/product"}],"about":[{"href":"https:\/\/vapestornado.com\/hr\/wp-json\/wp\/v2\/types\/product"}],"replies":[{"embeddable":true,"href":"https:\/\/vapestornado.com\/hr\/wp-json\/wp\/v2\/comments?post=3033"}],"wp:featuredmedia":[{"embeddable":true,"href":"https:\/\/vapestornado.com\/hr\/wp-json\/wp\/v2\/media\/3052"}],"wp:attachment":[{"href":"https:\/\/vapestornado.com\/hr\/wp-json\/wp\/v2\/media?parent=3033"}],"wp:term":[{"taxonomy":"product_brand","embeddable":true,"href":"https:\/\/vapestornado.com\/hr\/wp-json\/wp\/v2\/product_brand?post=3033"},{"taxonomy":"product_cat","embeddable":true,"href":"https:\/\/vapestornado.com\/hr\/wp-json\/wp\/v2\/product_cat?post=3033"},{"taxonomy":"product_tag","embeddable":true,"href":"https:\/\/vapestornado.com\/hr\/wp-json\/wp\/v2\/product_tag?post=3033"}],"curies":[{"name":"wp","href":"https:\/\/api.w.org\/{rel}","templated":true}]}}