{"id":3021,"date":"2024-12-09T09:52:59","date_gmt":"2024-12-09T09:52:59","guid":{"rendered":"https:\/\/vapestornado.com\/?post_type=product&#038;p=3021"},"modified":"2025-12-05T09:42:57","modified_gmt":"2025-12-05T09:42:57","slug":"bang-36000-smart-disposable-vape-wholesale-shop-online","status":"publish","type":"product","link":"https:\/\/vapestornado.com\/hr\/product\/bang-36000-smart-disposable-vape-wholesale-shop-online\/","title":{"rendered":"Bang 36000 Smart Jednokratni Vape Veleprodaja Online Shop"},"content":{"rendered":"<div class=\"flex-shrink-0 flex flex-col relative items-end\">\n<div>\n<div class=\"pt-0\">\n<div class=\"gizmo-bot-avatar flex h-8 w-8 items-center justify-center overflow-hidden rounded-full\">\n<div class=\"relative p-1 rounded-sm flex items-center justify-center bg-token-main-surface-primary text-token-text-primary h-8 w-8\"><\/div>\n<\/div>\n<\/div>\n<\/div>\n<\/div>\n<div class=\"group\/conversation-turn relative flex w-full min-w-0 flex-col agent-turn\">\n<div class=\"flex-col gap-1 md:gap-3\">\n<div class=\"flex max-w-full flex-col flex-grow\">\n<div class=\"min-h-8 text-message flex w-full flex-col items-end gap-2 whitespace-normal break-words text-start [.text-message+&amp;]:mt-5\" dir=\"auto\" data-message-author-role=\"assistant\" data-message-id=\"24923bbb-bc24-49c4-aeeb-a72cf182457d\" data-message-model-slug=\"gpt-4o\">\n<div class=\"flex w-full flex-col gap-1 empty:hidden first:pt-[3px]\">\n<div class=\"markdown prose w-full break-words dark:prose-invert light\">\n<h3><strong>Bang 36000 Smart Jednokratni Vape Veleprodaja Online Shop<\/strong><\/h3>\n<\/div>\n<\/div>\n<\/div>\n<\/div>\n<\/div>\n<\/div>\n<p data-start=\"289\" data-end=\"603\">Bang 36000 Pametna jednokratna e-cigareta pru\u017ea dugotrajan vijek od 36.000 udisaja s tankom od 30 ml, mesh grija\u010dem od 0,6\u03a9, podesivim protokom zraka, \u017eivim LED statusnim zaslonom i baterijom od 650mAh s Type-C punjenjem u jednom kompaktnom ure\u0111aju.<\/p>\n<p data-start=\"571\" data-end=\"921\"><strong data-start=\"571\" data-end=\"615\">36.000 udisaja podr\u017eano punim tankom od 30 ml.<\/strong><br data-start=\"615\" data-end=\"618\" \/>Ovo <strong data-start=\"622\" data-end=\"658\">Bang 36000 Smart jednokratni vape<\/strong> smje\u0161tena u vrhu kapaciteta za ljude koji vape svaki dan i ne \u017eele stalno mijenjati male jedinice. A <strong data-start=\"768\" data-end=\"797\">30ml unaprijed napunjen rezervoar<\/strong> podr\u017eava ocjenu udisaja u normalnom kori\u0161tenju, tako da ure\u0111aj traje du\u017ee od standardnih jednokratnih i odr\u017eava va\u0161u rutinu stabilnom.<\/p>\n<p data-start=\"923\" data-end=\"1193\"><strong data-start=\"923\" data-end=\"971\">Pametni LED zaslon koji prikazuje preostalo stanje.<\/strong><br data-start=\"971\" data-end=\"974\" \/>Ugra\u0111eni <strong data-start=\"985\" data-end=\"1010\">LED indikator prikaz<\/strong> prikazuje <strong data-start=\"1017\" data-end=\"1067\">razina baterije i status e-teku\u0107ine u stvarnom vremenu<\/strong>. To je jednostavna zna\u010dajka, ali korisna: znate kada je potrebno napuniti bateriju i kada je tank pri kraju, bez naga\u0111anja tijekom sesije.<\/p>\n<p data-start=\"1195\" data-end=\"1456\"><strong data-start=\"1195\" data-end=\"1238\">Mesh grija\u010d od 0,6\u03a9 za gust, glatki vapor.<\/strong><br data-start=\"1238\" data-end=\"1241\" \/>Ovo <strong data-start=\"1245\" data-end=\"1265\">Mesh grija\u010d od 0,6ohma<\/strong> je pode\u0161en za otvoren udisaj i gu\u0161\u0107i vapor. Mesh grijanje ravnomjerno raspore\u0111uje temperaturu, poma\u017eu\u0107i da okus ostane jasan i smanjuju\u0107i onaj suh, izgorjeli rub koji mnoge visokopuff jednokratne ure\u0111aje imaju pri kraju.<\/p>\n<p data-start=\"1458\" data-end=\"1688\"><strong data-start=\"1458\" data-end=\"1496\">Podesiv protok zraka za va\u0161 stil.<\/strong><br data-start=\"1496\" data-end=\"1499\" \/>Kontrola protoka zraka omogu\u0107ava vam odabrati u\u017ei udisaj ili \u0161iri inhalaciju. Pu\u0161a\u010di koji \u017eele otpor sli\u010dan cigareti mogu smanjiti; korisnici koji preferiraju labaviji udisaj mogu ga otvoriti.<\/p>\n<p data-start=\"1690\" data-end=\"1987\"><strong data-start=\"1690\" data-end=\"1740\">Punjenje putem Type-C s opcijom nikotina.<\/strong><br data-start=\"1740\" data-end=\"1743\" \/>Bang 36k Pametna jednokratna e-cigareta dolazi s <strong data-start=\"1745\" data-end=\"1776\">650mAh punjiva baterija<\/strong> sa <strong data-start=\"1782\" data-end=\"1810\">USB Type-C brzo punjenje<\/strong> dr\u017ei vrijeme izme\u0111u punjenja kratkim i omogu\u0107ava vam da zavr\u0161ite s tankom umjesto da rano odlo\u017eite ure\u0111aj. Opcije nikotina pokrivaju <strong data-start=\"1919\" data-end=\"1941\">0%, 2%, 3% i 5%<\/strong>, tako da korisnici mogu uskladiti snagu s dnevnim navikama.<\/p>\n<p>&nbsp;<\/p>\n<p><strong>Dodajte Amyin Whatsapp kako biste dobili brzi odgovor i kupon za vape!<\/strong><\/p>\n<p><img fetchpriority=\"high\" decoding=\"async\" class=\"size-full wp-image-2932\" src=\"https:\/\/vapestornado.com\/wp-content\/uploads\/2024\/12\/Vape-Wholesale.jpg\" alt=\"Veleprodaja vejpova\" width=\"229\" height=\"300\" \/><\/p>\n<h3><a href=\"https:\/\/wa.me\/8617776015835\" target=\"_blank\" rel=\"noopener\"><span style=\"color: #ff0000;\"><strong>WhatsApp: +86 17776015835<\/strong><\/span><\/a><\/h3>\n<p>&nbsp;<\/p>\n<h4><strong style=\"font-size: 1.7em;\">\u00a0Bang 36000 Zna\u010dajke proizvoda<\/strong><\/h4>\n<table>\n<thead>\n<tr>\n<th>Zna\u010dajka \/ Parametar<\/th>\n<th align=\"right\">Specifikacije<\/th>\n<th>Obja\u0161njenje<\/th>\n<\/tr>\n<\/thead>\n<tbody>\n<tr>\n<td>Naziv proizvoda<\/td>\n<td align=\"right\">Bang 36000 Smart jednokratni vape<\/td>\n<td>Jasno imenovanje modela za ponovljene narud\u017ebe i pretra\u017eivanje.<\/td>\n<\/tr>\n<tr>\n<td>Kapacitet Udisaja<\/td>\n<td align=\"right\">Do 36.000 udisaja<\/td>\n<td>Jednokratno visokokapacitetno; manje zamjena.<\/td>\n<\/tr>\n<tr>\n<td>Volumen e-teku\u0107ine<\/td>\n<td align=\"right\">30ml unaprijed napunjeno<\/td>\n<td>Veliki spremnik podr\u017eava ocjenu od 36K.<\/td>\n<\/tr>\n<tr>\n<td>Kalaj \/ Otpor<\/td>\n<td align=\"right\">0,6\u03a9 mre\u017easta zavojnica<\/td>\n<td>Otvoreni povla\u010denje, gust dim, stabilniji okus.<\/td>\n<\/tr>\n<tr>\n<td>Protok zraka<\/td>\n<td align=\"right\">Podesivo<\/td>\n<td>\u010cvrsto povla\u010denje ili otvoreno udisanje, korisnik odlu\u010duje.<\/td>\n<\/tr>\n<tr>\n<td>Baterija<\/td>\n<td align=\"right\">650mAh punjiva baterija<\/td>\n<td>Punjenje za kori\u0161tenje cijelog spremnika.<\/td>\n<\/tr>\n<tr>\n<td>Punjenje<\/td>\n<td align=\"right\">USB Type-C brzo punjenje<\/td>\n<td>Standardni kabel i brza nadopunjavanja.<\/td>\n<\/tr>\n<tr>\n<td>Opcije nikotina<\/td>\n<td align=\"right\">0% \/ 2% \/ 3% \/ 5%<\/td>\n<td>Odaberite nula-nikotina do ja\u010deg udarca.<\/td>\n<\/tr>\n<tr>\n<td>Okusi<\/td>\n<td align=\"right\">12 opcija<\/td>\n<td>Pokazuje glavne trendove okusa u Hrvatskoj.<\/td>\n<\/tr>\n<tr>\n<td>Zaslon<\/td>\n<td align=\"right\">Pametna LED baterija + ekran za e-teku\u0107inu<\/td>\n<td>Pra\u0107enje statusa u stvarnom vremenu tijekom vapinga.<\/td>\n<\/tr>\n<tr>\n<td>Oblik<\/td>\n<td align=\"right\">Kompaktno, spremno za d\u017eep tijelo<\/td>\n<td>Prakti\u010dno za svakodnevno no\u0161enje i putovanja.<\/td>\n<\/tr>\n<\/tbody>\n<\/table>\n<p>&nbsp;<\/p>\n<h2 class=\"product-title\"><strong>\u00a0Bang 36000 Popis okusa<\/strong><\/h2>\n<p>1. Jagoda Kiwi<br \/>\n2. Mije\u0161ano bobi\u010dasto vo\u0107e<br \/>\n3. Borovnica na ledu<br \/>\n4. Led od gro\u017e\u0111a<br \/>\n5. Led od tre\u0161nje<br \/>\n6. Limunada od borovnice i maline<br \/>\n7. Led od breskve<br \/>\n8. Jagoda Lubenica<br \/>\n9. Breskva Mango Lubenica<br \/>\n10. Led od lubenice<\/p>\n<h3>Za\u0161to odabrati vapestornado za Bang 36k Vape Veleprodaju?<\/h3>\n<div class=\"flex-shrink-0 flex flex-col relative items-end\">\n<div class=\"pt-0\">\n<div class=\"gizmo-bot-avatar flex h-8 w-8 items-center justify-center overflow-hidden rounded-full\">\n<div class=\"relative p-1 rounded-sm flex items-center justify-center bg-token-main-surface-primary text-token-text-primary h-8 w-8\">\n<p>Dobrodo\u0161li u vapestornado, va\u0161u pouzdanu online trgovinu za vrhunske jednokratne vape. S vi\u0161e od 5 godina iskustva, donosimo vam popularne marke jednokratnih vapea kao \u0161to su Fumot RandM Vape, Vapme, Bang Vape, Waspe Vape i WGA Vape, itd.<\/p>\n<p>Na\u0161 asortiman uklju\u010duje vru\u0107e vapeove poput <a href=\"https:\/\/vapestornado.com\/hr\/product\/fumot-randm-tornado-15000-puffs-rechargeable-disposable-vape-wholesale\/\">RandM Tornado 15000<\/a>, i izbor bogat okusom poput <a href=\"https:\/\/vapestornado.com\/hr\/product\/waspe-40000-puffs-double-flavour-led-display-disposable-vape-wholesale\/\">WASPE Dvostruki Okus 40000 Pufova<\/a> . Svaki je proizvod odabran s naglaskom na kvalitetu, vrijednost i raznolikost, osiguravaju\u0107i da prona\u0111ete savr\u0161eno rje\u0161enje za svoje potrebe. Otkrijte iznimnu uslugu i \u0161irok raspon vrhunskih proizvoda na vapestornado.<\/p>\n<\/div>\n<h3><\/h3>\n<div class=\"relative p-1 rounded-sm flex items-center justify-center bg-token-main-surface-primary text-token-text-primary h-8 w-8\">\n<h3>\u010cesta pitanja za Bang 36000 punjivi jednokratni vape<\/h3>\n<\/div>\n<\/div>\n<\/div>\n<\/div>\n<div class=\"group\/conversation-turn relative flex w-full min-w-0 flex-col agent-turn\">\n<div class=\"flex-col gap-1 md:gap-3\">\n<div class=\"flex max-w-full flex-col flex-grow\">\n<div class=\"min-h-8 text-message flex w-full flex-col items-end gap-2 whitespace-normal break-words [.text-message+&amp;]:mt-5\" dir=\"auto\" data-message-author-role=\"assistant\" data-message-id=\"db716a1c-9ed0-4b8d-b3b0-7bdb913c3d42\" data-message-model-slug=\"gpt-4o\">\n<div class=\"flex w-full flex-col gap-1 empty:hidden first:pt-[3px]\">\n<div class=\"markdown prose w-full break-words dark:prose-invert light\">\n<div class=\"flex max-w-full flex-col flex-grow\">\n<div class=\"min-h-8 text-message flex w-full flex-col items-end gap-2 whitespace-normal break-words text-start [.text-message+&amp;]:mt-5\" dir=\"auto\" data-message-author-role=\"assistant\" data-message-id=\"2dbf2369-71ab-44c2-8168-31d5a517a1e4\" data-message-model-slug=\"gpt-4o-mini\">\n<div class=\"flex w-full flex-col gap-1 empty:hidden first:pt-[3px]\">\n<div class=\"markdown prose w-full break-words dark:prose-invert light\">\n<article class=\"text-token-text-primary w-full focus:outline-none [--shadow-height:45px] has-data-writing-block:pointer-events-none has-data-writing-block:-mt-(--shadow-height) has-data-writing-block:pt-(--shadow-height) [&amp;:has([data-writing-block])&gt;*]:pointer-events-auto scroll-mt-[calc(var(--header-height)+min(200px,max(70px,20svh)))]\" dir=\"auto\" tabindex=\"-1\" data-turn-id=\"ee759558-2db1-4861-8932-66c87485c242\" data-testid=\"conversation-turn-82\" data-scroll-anchor=\"true\" data-turn=\"assistant\">\n<div class=\"text-base my-auto mx-auto pb-10 [--thread-content-margin:--spacing(4)] @w-sm\/main:[--thread-content-margin:--spacing(6)] @w-lg\/main:[--thread-content-margin:--spacing(16)] px-(--thread-content-margin)\">\n<div class=\"[--thread-content-max-width:40rem] @w-lg\/main:[--thread-content-max-width:48rem] mx-auto max-w-(--thread-content-max-width) flex-1 group\/turn-messages focus-visible:outline-hidden relative flex w-full min-w-0 flex-col agent-turn\" tabindex=\"-1\">\n<div class=\"flex max-w-full flex-col grow\">\n<div class=\"min-h-8 text-message relative flex w-full flex-col items-end gap-2 text-start break-words whitespace-normal [.text-message+&amp;]:mt-1\" dir=\"auto\" data-message-author-role=\"assistant\" data-message-id=\"370325a1-2e03-4ed2-9b16-18960ddf0293\" data-message-model-slug=\"gpt-5-1\">\n<div class=\"flex w-full flex-col gap-1 empty:hidden first:pt-[1px]\">\n<div class=\"markdown prose dark:prose-invert w-full break-words light markdown-new-styling\">\n<p data-start=\"0\" data-end=\"139\">\n<ol data-start=\"141\" data-end=\"1633\">\n<li data-start=\"141\" data-end=\"427\">\n<p data-start=\"144\" data-end=\"427\"><strong data-start=\"144\" data-end=\"221\">Je li Bang 36000 Smart jednokratni vape prikladan za MTL ili labaviji povla\u010denje<\/strong><br data-start=\"221\" data-end=\"224\" \/>Da. The <strong data-start=\"233\" data-end=\"269\" data-is-only-node=\"\">Bang 36000 Smart jednokratni vape<\/strong> ima podesiv protok zraka, pa se mo\u017ee postaviti za \u010dvr\u0161\u0107e MTL povla\u010denje ili otvoriti za labavije udisanje. To poma\u017ee ex-pu\u0161iteljima da usklade povla\u010denje na koje su navikli.<\/p>\n<\/li>\n<li data-start=\"429\" data-end=\"754\">\n<p data-start=\"432\" data-end=\"754\"><strong data-start=\"432\" data-end=\"517\">Mo\u017ee li se Bang King 36K koristiti do posljednje kapi bez pada performansi<\/strong><br data-start=\"517\" data-end=\"520\" \/>Ovo <strong data-start=\"524\" data-end=\"552\" data-is-only-node=\"\">Bang King 36K jednokratni<\/strong> koristi mesh grija\u010d od 0,6\u03a9 i punjivu bateriju. Mesh grijanje odr\u017eava izlaz stabilnijim tijekom velikog spremnika, a punjenje sprje\u010dava prerano ga\u0161enje baterije, tako da performanse ostaju konzistentnije duboko u kori\u0161tenju.<\/p>\n<\/li>\n<li data-start=\"756\" data-end=\"1035\">\n<p data-start=\"759\" data-end=\"1035\"><strong data-start=\"759\" data-end=\"839\">Za\u0161to se moj Bang 36.000 udisaja jednokratni ponekad \u010dini slabijim nakon punjenja<\/strong><br data-start=\"839\" data-end=\"842\" \/>Neposredno nakon punjenja, kondenzacija zraka mo\u017ee blago omek\u0161ati prve nekoliko povla\u010denja. Uzmite nekoliko kratkih udisaja i obi\u010dno se to razrije\u0161i. Ako ostane slabo, provjerite je li protok zraka previ\u0161e \u010dvrst.<\/p>\n<\/li>\n<li data-start=\"1037\" data-end=\"1313\">\n<p data-start=\"1040\" data-end=\"1313\"><strong data-start=\"1040\" data-end=\"1120\">Dolazi li Bang 36000 Smart jednokratni s mije\u0161anim okusima za narud\u017ebe na veliko<\/strong><br data-start=\"1120\" data-end=\"1123\" \/>Ve\u0107ina veletrgovaca dopu\u0161ta kutije s mije\u0161anim okusima za <strong data-start=\"1175\" data-end=\"1206\" data-is-only-node=\"\">Bang 36000 Smart jednokratni<\/strong> niz. S 12 dostupnih okusa, trgovine \u010desto mije\u0161aju najprodavanije s nekoliko regionalnih favorita za testiranje potra\u017enje.<\/p>\n<\/li>\n<li data-start=\"1315\" data-end=\"1633\">\n<p data-start=\"1318\" data-end=\"1633\"><strong data-start=\"1318\" data-end=\"1399\">Kako trebam pohraniti Bang 36K Smart jednokratni da izbjegnem curenje ili suha udisanja<\/strong><br data-start=\"1399\" data-end=\"1402\" \/>Pohranite <strong data-start=\"1412\" data-end=\"1446\" data-is-only-node=\"\">Bang 36K Smart jednokratni vape<\/strong> uspravno kada je mogu\u0107e i dr\u017eite ga podalje od vru\u0107ih automobila ili zamrznutih uvjeta. Ekstremne temperaturne razlike mogu uzrokovati kondenzaciju ili zgu\u0161njavanje e-teku\u0107ine, \u0161to je uobi\u010dajen uzrok manjih curenja.<\/p>\n<\/li>\n<\/ol>\n<\/div>\n<\/div>\n<\/div>\n<\/div>\n<\/div>\n<\/div>\n<\/article>\n<\/div>\n<\/div>\n<\/div>\n<\/div>\n<\/div>\n<\/div>\n<\/div>\n<\/div>\n<\/div>\n<\/div>","protected":false},"excerpt":{"rendered":"<p>Bang 36000 Pametna jednokratna e-cigareta \u2014 36K udisaja Izgra\u0111ena za dugi svakodnevni rad<br \/>\nBang 36K Mesh grija\u010d i podesiva protok zraka za glatki, gusti vapor<br \/>\nBang 36000 Pametna jednokratna s LED zaslonom i Type-C punjenjem<\/p>\n<p><strong>Dodajte Amy na WhatsApp za brzi odgovor i kupon za vape!<\/strong><\/p>\n<p><img fetchpriority=\"high\" decoding=\"async\" class=\"size-full wp-image-2932\" src=\"https:\/\/vapestornado.com\/wp-content\/uploads\/2024\/12\/Vape-Wholesale.jpg\" alt=\"Veleprodaja vejpova\" width=\"229\" height=\"300\" \/><\/p>\n<h3><a href=\"https:\/\/wa.me\/8617776015835\"><span style=\"color: #ff0000;\"><strong>WhatsApp: +86 17776015835<\/strong><\/span><\/a><\/h3>\n<p>&nbsp;<\/p>","protected":false},"featured_media":3006,"comment_status":"open","ping_status":"closed","template":"","meta":{"_acf_changed":false,"_uag_custom_page_level_css":"","_lmt_disableupdate":"no","_lmt_disable":"","_monsterinsights_skip_tracking":false,"_monsterinsights_sitenote_active":false,"_monsterinsights_sitenote_note":"","_monsterinsights_sitenote_category":0,"site-sidebar-layout":"default","site-content-layout":"","ast-site-content-layout":"default","site-content-style":"default","site-sidebar-style":"default","ast-global-header-display":"","ast-banner-title-visibility":"","ast-main-header-display":"","ast-hfb-above-header-display":"","ast-hfb-below-header-display":"","ast-hfb-mobile-header-display":"","site-post-title":"","ast-breadcrumbs-content":"","ast-featured-img":"","footer-sml-layout":"","ast-disable-related-posts":"","theme-transparent-header-meta":"default","adv-header-id-meta":"","stick-header-meta":"","header-above-stick-meta":"","header-main-stick-meta":"","header-below-stick-meta":"","astra-migrate-meta-layouts":"set","ast-page-background-enabled":"default","ast-page-background-meta":{"desktop":{"background-color":"","background-image":"","background-repeat":"repeat","background-position":"center center","background-size":"auto","background-attachment":"scroll","background-type":"","background-media":"","overlay-type":"","overlay-color":"","overlay-opacity":"","overlay-gradient":""},"tablet":{"background-color":"","background-image":"","background-repeat":"repeat","background-position":"center center","background-size":"auto","background-attachment":"scroll","background-type":"","background-media":"","overlay-type":"","overlay-color":"","overlay-opacity":"","overlay-gradient":""},"mobile":{"background-color":"","background-image":"","background-repeat":"repeat","background-position":"center center","background-size":"auto","background-attachment":"scroll","background-type":"","background-media":"","overlay-type":"","overlay-color":"","overlay-opacity":"","overlay-gradient":""}},"ast-content-background-meta":{"desktop":{"background-color":"var(--ast-global-color-5)","background-image":"","background-repeat":"repeat","background-position":"center center","background-size":"auto","background-attachment":"scroll","background-type":"","background-media":"","overlay-type":"","overlay-color":"","overlay-opacity":"","overlay-gradient":""},"tablet":{"background-color":"var(--ast-global-color-5)","background-image":"","background-repeat":"repeat","background-position":"center center","background-size":"auto","background-attachment":"scroll","background-type":"","background-media":"","overlay-type":"","overlay-color":"","overlay-opacity":"","overlay-gradient":""},"mobile":{"background-color":"var(--ast-global-color-5)","background-image":"","background-repeat":"repeat","background-position":"center center","background-size":"auto","background-attachment":"scroll","background-type":"","background-media":"","overlay-type":"","overlay-color":"","overlay-opacity":"","overlay-gradient":""}},"_joinchat":{"telephone":"+8617776015835"}},"product_brand":[],"product_cat":[66,62,149,154,160,146],"product_tag":[109,108,110,105,93],"class_list":{"0":"post-3021","1":"product","2":"type-product","3":"status-publish","4":"has-post-thumbnail","6":"product_cat-36000-puff","7":"product_cat-bang-vape","8":"product_cat-buy-disposable-vapes-in-austria","9":"product_cat-buy-disposable-vapes-in-netherlands","10":"product_cat-buy-disposable-vapes-in-switzerland","11":"product_cat-rechargeable-disposable-vapes","12":"product_tag-bang-36000","13":"product_tag-bang-vape-36000","14":"product_tag-bang-vape-36k","15":"product_tag-digital-disposable-vape","16":"product_tag-vape-wholesale","17":"desktop-align-left","18":"tablet-align-left","19":"mobile-align-left","21":"first","22":"instock","23":"sale","24":"shipping-taxable","25":"purchasable","26":"product-type-simple"},"acf":[],"uagb_featured_image_src":{"full":["https:\/\/vapestornado.com\/wp-content\/uploads\/2024\/12\/Bang-36000-Puffs-Disposable-Vape-Wholesale-Price.jpg",1126,1126,false],"thumbnail":["https:\/\/vapestornado.com\/wp-content\/uploads\/2024\/12\/Bang-36000-Puffs-Disposable-Vape-Wholesale-Price-150x150.jpg",150,150,true],"medium":["https:\/\/vapestornado.com\/wp-content\/uploads\/2024\/12\/Bang-36000-Puffs-Disposable-Vape-Wholesale-Price-300x300.jpg",300,300,true],"medium_large":["https:\/\/vapestornado.com\/wp-content\/uploads\/2024\/12\/Bang-36000-Puffs-Disposable-Vape-Wholesale-Price-768x768.jpg",768,768,true],"large":["https:\/\/vapestornado.com\/wp-content\/uploads\/2024\/12\/Bang-36000-Puffs-Disposable-Vape-Wholesale-Price-1024x1024.jpg",1024,1024,true],"1536x1536":["https:\/\/vapestornado.com\/wp-content\/uploads\/2024\/12\/Bang-36000-Puffs-Disposable-Vape-Wholesale-Price.jpg",1126,1126,false],"2048x2048":["https:\/\/vapestornado.com\/wp-content\/uploads\/2024\/12\/Bang-36000-Puffs-Disposable-Vape-Wholesale-Price.jpg",1126,1126,false],"trp-custom-language-flag":["https:\/\/vapestornado.com\/wp-content\/uploads\/2024\/12\/Bang-36000-Puffs-Disposable-Vape-Wholesale-Price.jpg",12,12,false],"woocommerce_thumbnail":["https:\/\/vapestornado.com\/wp-content\/uploads\/2024\/12\/Bang-36000-Puffs-Disposable-Vape-Wholesale-Price-300x300.jpg",300,300,true],"woocommerce_single":["https:\/\/vapestornado.com\/wp-content\/uploads\/2024\/12\/Bang-36000-Puffs-Disposable-Vape-Wholesale-Price-600x600.jpg",600,600,true],"woocommerce_gallery_thumbnail":["https:\/\/vapestornado.com\/wp-content\/uploads\/2024\/12\/Bang-36000-Puffs-Disposable-Vape-Wholesale-Price-100x100.jpg",100,100,true]},"uagb_author_info":{"display_name":"ESAMY","author_link":"https:\/\/vapestornado.com\/hr\/author\/"},"uagb_comment_info":0,"uagb_excerpt":"Bang 36000 Smart Disposable Vape \u2014 36K Puffs Built for Long Daily Use Bang 36K Mesh Coil and Adjustable Airflow for Smooth, Dense Vapor Bang 36000 Smart Disposable with LED Screen and Type-C Rechargeable Power Add Amy's whatsapp to get right reply and vape vape coupon! WhatsApp: +86 17776015835 &nbsp;","_links":{"self":[{"href":"https:\/\/vapestornado.com\/hr\/wp-json\/wp\/v2\/product\/3021","targetHints":{"allow":["GET"]}}],"collection":[{"href":"https:\/\/vapestornado.com\/hr\/wp-json\/wp\/v2\/product"}],"about":[{"href":"https:\/\/vapestornado.com\/hr\/wp-json\/wp\/v2\/types\/product"}],"replies":[{"embeddable":true,"href":"https:\/\/vapestornado.com\/hr\/wp-json\/wp\/v2\/comments?post=3021"}],"wp:featuredmedia":[{"embeddable":true,"href":"https:\/\/vapestornado.com\/hr\/wp-json\/wp\/v2\/media\/3006"}],"wp:attachment":[{"href":"https:\/\/vapestornado.com\/hr\/wp-json\/wp\/v2\/media?parent=3021"}],"wp:term":[{"taxonomy":"product_brand","embeddable":true,"href":"https:\/\/vapestornado.com\/hr\/wp-json\/wp\/v2\/product_brand?post=3021"},{"taxonomy":"product_cat","embeddable":true,"href":"https:\/\/vapestornado.com\/hr\/wp-json\/wp\/v2\/product_cat?post=3021"},{"taxonomy":"product_tag","embeddable":true,"href":"https:\/\/vapestornado.com\/hr\/wp-json\/wp\/v2\/product_tag?post=3021"}],"curies":[{"name":"wp","href":"https:\/\/api.w.org\/{rel}","templated":true}]}}