{"id":3020,"date":"2024-12-09T09:13:52","date_gmt":"2024-12-09T09:13:52","guid":{"rendered":"https:\/\/vapestornado.com\/?post_type=product&#038;p=3020"},"modified":"2025-08-23T10:17:17","modified_gmt":"2025-08-23T10:17:17","slug":"vapme-uwin-crystal-10000-puff-vape-pen-cheap-price-2-5-nicotine","status":"publish","type":"product","link":"https:\/\/vapestornado.com\/hr\/product\/vapme-uwin-crystal-10000-puff-vape-pen-cheap-price-2-5-nicotine\/","title":{"rendered":"Vapme UWIN Crystal 10000 Udisaja Vape Pen Niska cijena 2% 5% Nikotin"},"content":{"rendered":"<h1>Vapme UWIN Crystal 10000 Udisaja Vape Pen Niska cijena 2% 5% Nikotin<\/h1>\n<p data-start=\"391\" data-end=\"692\">Ovo <strong data-start=\"395\" data-end=\"439\">UWIN Crystal 10000 Puffs Jednokratni Vape<\/strong> kombinira kapacitet, dizajn i pouzdane performanse, \u0161to ga \u010dini sna\u017enim izborom za <strong data-start=\"523\" data-end=\"562\">veletrgovce i maloprodaju u Europi<\/strong>. S do <strong data-start=\"575\" data-end=\"591\">10 000 uvla\u010denja<\/strong> i <strong data-start=\"599\" data-end=\"632\">18ml prednapunjeni spremnik teku\u0107ine<\/strong>, nudi dulje kori\u0161tenje u usporedbi sa standardnim jednokratnim proizvodima.<\/p>\n<p data-start=\"694\" data-end=\"952\">Pokre\u0107e ga <strong data-start=\"707\" data-end=\"738\">650mAh punjiva baterija<\/strong> sa <strong data-start=\"744\" data-end=\"768\">Type-C brzo punjenje<\/strong>, UWIN 10K osigurava stabilan izlaz i smanjeno vrijeme zastoja. Njegov <strong data-start=\"831\" data-end=\"849\">0,8\u03a9 mre\u017easta zavojnica<\/strong> pru\u017ea glatku proizvodnju pare i dosljednu isporuku okusa, privla\u010de\u0107i \u0161irok raspon korisnika.<\/p>\n<p data-start=\"954\" data-end=\"1246\">Sadr\u017ei <strong data-start=\"966\" data-end=\"994\">prozirno kristalno ku\u0107i\u0161te<\/strong> sa <strong data-start=\"1000\" data-end=\"1016\">RGB rasvjete<\/strong>, ovaj vape isti\u010de se na policama trgovina, a pritom ostaje kompaktan i jednostavan za no\u0161enje. Dostupan u <strong data-start=\"1112\" data-end=\"1144\">ja\u010dine nikotina od 2% i 5%<\/strong>, onda je <strong data-start=\"1150\" data-end=\"1177\">UWIN Kristal 10000 Vape<\/strong> zadovoljava razli\u010dite potrebe kupaca, od povremenih do redovitih korisnika vapea.<\/p>\n<p data-start=\"1248\" data-end=\"1373\">Za veletrgovce, njegov <strong data-start=\"1269\" data-end=\"1297\">konkurentne cijene za velike koli\u010dine<\/strong> i sna\u017ena privla\u010dnost potro\u0161a\u010da \u010dine ga profitabilnim proizvodom za skladi\u0161tenje u 2025.<\/p>\n<p><img fetchpriority=\"high\" decoding=\"async\" class=\"size-medium wp-image-2951\" src=\"https:\/\/vapestornado.com\/wp-content\/uploads\/2024\/12\/Wholesale-Disposable-Vape-265x300.jpg\" alt=\"Veleprodaja jednokratnih vape ure\u0111aja\" width=\"265\" height=\"300\" srcset=\"https:\/\/vapestornado.com\/wp-content\/uploads\/2024\/12\/Wholesale-Disposable-Vape-265x300.jpg 265w, https:\/\/vapestornado.com\/wp-content\/uploads\/2024\/12\/Wholesale-Disposable-Vape-768x871.jpg 768w, https:\/\/vapestornado.com\/wp-content\/uploads\/2024\/12\/Wholesale-Disposable-Vape-600x680.jpg 600w, https:\/\/vapestornado.com\/wp-content\/uploads\/2024\/12\/Wholesale-Disposable-Vape.jpg 823w\" sizes=\"(max-width: 265px) 100vw, 265px\" \/><\/p>\n<h6>Molimo kontaktirajte Mandy's WhatsApp za cijenu s popustom<a href=\"https:\/\/wa.me\/8618077105796\" target=\"_blank\" rel=\"noopener\">+8618077105796<\/a><\/h6>\n<p>&nbsp;<\/p>\n<h2><strong>Uwin Crystal 10000 Puffs vape pods Klju\u010dne zna\u010dajke<\/strong><\/h2>\n<ul>\n<li><strong>Do 10000 Puffs<\/strong>: Dugotrajne performanse za produljenu uporabu.<\/li>\n<li><strong>Vi\u0161estruke ja\u010dine nikotina<\/strong>: Dostupno u opcijama nikotina od 0%, 2%, 3% i 5%.<\/li>\n<li><strong>18 ml Kapacitet E-teku\u0107ine<\/strong>: Veliki spremnik za manje punjenja.<\/li>\n<li><strong>650mAh Punjiva Baterija<\/strong>: Brzo punjenje Type-C za brzo uklju\u010divanje.<\/li>\n<li><strong>0.8\u03a9 mre\u017easta zavojnica<\/strong>: Pobolj\u0161an okus i proizvodnja pare.<\/li>\n<li><strong>RGB svjetla<\/strong>: Dinami\u010dno osvjetljenje za moderan izgled.<\/li>\n<li><strong>Grupna kupnja<\/strong>: Veleprodajne opcije s 200 jedinica po kutiji.<\/li>\n<li><strong>Prijenosno i lagano<\/strong>: Jednostavan za no\u0161enje i idealan za po\u010detnike i iskusne vapere.<\/li>\n<\/ul>\n<h2><strong>Raznolik raspon okusa<\/strong><\/h2>\n<p>Uwin Crystal 10000 Puffs sadr\u017ei pa\u017eljivo odabran raspon od 15 prepoznatljivih okusa, dizajniranih da zadovolje svako nepce. Bez obzira preferirate li slatke, vo\u0107ne mje\u0161avine ili osvje\u017eavaju\u0107e mentole, postoji okus koji odgovara svakoj preferenciji. Evo pobli\u017eeg pogleda na dostupne opcije:<\/p>\n<p>1. Borovnica Malina<br \/>\n2. Led od gro\u017e\u0111a<br \/>\n3. Jagoda Lubenica<br \/>\n4. Borovnica na ledu<br \/>\n5. Led od lubenice<br \/>\n6. Led od tre\u0161nje<br \/>\n7. Jagoda malina tre\u0161nja<br \/>\n8. Guava od kivija i marakuje<br \/>\n9. Led od jagode<br \/>\n10. Led od breskve<br \/>\n11. Jagoda kivi<br \/>\n12. Breskva bobica<br \/>\n13. Tre\u0161nja kola<br \/>\n14. Mije\u0161ano bobi\u010dasto vo\u0107e<br \/>\n15. Gospodin plavi<\/p>\n<h3><strong>Za\u0161to odabrati <a href=\"https:\/\/vapestornado.com\/hr\/product\/vapme-uwin-crystal-10000-puff-vape-pen-cheap-price-2-5-nicotine\/\">Uwin Kristal 10000 Udisaja<\/a> od <a href=\"https:\/\/vapestornado.com\/hr\/store\/\">vapestornado.hr<\/a>?<\/strong><\/h3>\n<ul>\n<li><strong>Vrhunska kvaliteta<\/strong>: Uwin Crystal 10000 Puffs nudi iznimne performanse s naprednom tehnologijom mre\u017easte zavojnice, osiguravaju\u0107i gladak okus i gustu paru pri svakom udisaju.<\/li>\n<li><strong>Dugotrajan<\/strong>: S do 10.000 udisaja i velikim kapacitetom e-teku\u0107ine od 18 ml, ovaj ure\u0111aj pru\u017ea produ\u017eenu upotrebu, \u0161to ga \u010dini isplativom opcijom za povremene i redovite korisnike.<\/li>\n<li><strong>Prilagodljive razine nikotina<\/strong>: Dostupan u ja\u010dinama nikotina od 0%, 2%, 3% i 5%, zadovoljavaju\u0107i \u0161irok raspon preferencija.<\/li>\n<li><strong>Brzo punjenje<\/strong>: Punjiva baterija od 650 mAh s Type-C punjenjem osigurava brzo i pouzdano punjenje, omogu\u0107uju\u0107i vam dulje kori\u0161tenje.<\/li>\n<li><strong>Elegantan i moderan<\/strong>: Transparentan dizajn sa \u017eivopisnim RGB svjetlima ne samo da pobolj\u0161ava estetiku, ve\u0107 ga \u010dini i istaknutim dodatkom.<\/li>\n<li><strong>Prakti\u010dnost<\/strong>: Jednostavan za no\u0161enje i spreman za upotrebu, savr\u0161en za kori\u0161tenje u pokretu.<\/li>\n<li><strong>Konkurentne cijene<\/strong>: vapestornado nudi Uwin Crystal 10000 Puffs po nenadma\u0161noj cijeni, s mogu\u0107nostima kupnje na veliko za veletrgovce.<\/li>\n<li><strong>Pouzdana usluga<\/strong>: U\u017eivajte u brzoj isporuci, izvrsnoj korisni\u010dkoj podr\u0161ci i jednostavnom iskustvu kupovine na vapestornado.com.<\/li>\n<\/ul>\n<p>&nbsp;<\/p>\n<h3><strong>Prednosti kupnje na veliko od vapestornado.com<\/strong><\/h3>\n<ul>\n<li><strong>U\u0161teda tro\u0161kova<\/strong>: Kupnja na veliko sni\u017eava tro\u0161kove po jedinici, pove\u0107avaju\u0107i va\u0161u ukupnu profitabilnost.<\/li>\n<li><strong>Dosljedna dostupnost<\/strong>: Odr\u017eavajte pouzdanu zalihu kako biste zadovoljili potra\u017enju kupaca bez prekida, savr\u0161eno za odr\u017eavanje poslovnog tijeka.<\/li>\n<li><strong>Fleksibilne narud\u017ebe<\/strong>: Prilagodite svoju skupnu kupnju raznim okusima i ja\u010dinama nikotina kako biste zadovoljili svoju bazu kupaca.<\/li>\n<li><strong>Ekskluzivni veleprodajni popusti<\/strong>: U\u017eivajte u posebnim cijenama za skupne narud\u017ebe, osiguravaju\u0107i da dobijete najbolju vrijednost za vrhunske proizvode.<\/li>\n<\/ul>\n<div class=\"flex-shrink-0 flex flex-col relative items-end\">\n<div>\n<div class=\"pt-0\">\n<div class=\"gizmo-bot-avatar flex h-8 w-8 items-center justify-center overflow-hidden rounded-full\">\n<div class=\"relative p-1 rounded-sm flex items-center justify-center bg-token-main-surface-primary text-token-text-primary h-8 w-8\"><\/div>\n<\/div>\n<\/div>\n<\/div>\n<\/div>\n<div class=\"group\/conversation-turn relative flex w-full min-w-0 flex-col agent-turn\">\n<div class=\"flex-col gap-1 md:gap-3\">\n<div class=\"flex max-w-full flex-col flex-grow\">\n<div class=\"min-h-8 text-message flex w-full flex-col items-end gap-2 whitespace-normal break-words text-start [.text-message+&amp;]:mt-5\" dir=\"auto\" data-message-author-role=\"assistant\" data-message-id=\"782e374d-2cea-4922-b41d-46c77a1b831e\" data-message-model-slug=\"gpt-4o\">\n<div class=\"flex w-full flex-col gap-1 empty:hidden first:pt-[3px]\">\n<div class=\"markdown prose w-full break-words dark:prose-invert light\">\n<h3><strong>\u010cesto postavljana pitanja o Uwin Crystal 10000 Puffs punjivoj vape<\/strong><\/h3>\n<\/div>\n<\/div>\n<\/div>\n<\/div>\n<\/div>\n<\/div>\n<div class=\"flex max-w-full flex-col flex-grow\">\n<div class=\"min-h-8 text-message flex w-full flex-col items-end gap-2 whitespace-normal break-words text-start [.text-message+&amp;]:mt-5\" dir=\"auto\" data-message-author-role=\"assistant\" data-message-id=\"782e374d-2cea-4922-b41d-46c77a1b831e\" data-message-model-slug=\"gpt-4o\">\n<div class=\"flex w-full flex-col gap-1 empty:hidden first:pt-[3px]\">\n<div class=\"markdown prose w-full break-words dark:prose-invert light\">\n<ol>\n<li><strong>Koliko dugo traje Uwin Crystal Vape 10000 Puffs?<\/strong><br \/>\nS do 10.000 udisaja, ovaj je ure\u0111aj dizajniran da traje nekoliko dana ili \u010dak tjedana, ovisno o navikama kori\u0161tenja.<\/li>\n<li><strong>Je li Uwin Crystal 10k Puffs punjiv?<\/strong><br \/>\nDa, ima 650mAh punjivu bateriju s Type-C punjenjem za brzo i u\u010dinkovito punjenje.<\/li>\n<li><strong>Koje su ja\u010dine nikotina dostupne za Uwin Crystal 10000 Puffs?<\/strong><br \/>\nOvaj ure\u0111aj dolazi u razinama nikotina 0%, 2%, 3% i 5%, nude\u0107i mogu\u0107nosti koje odgovaraju razli\u010ditim preferencijama.<\/li>\n<li><strong>Po \u010demu je Uwin Crystal 10000 Puff jedinstven?<\/strong><br \/>\nUwin Crystal se isti\u010de svojim kapacitetom e-teku\u0107ine od 18 ml, naprednom mre\u017eastom zavojnicom od 0,8 \u03a9 za pobolj\u0161ani okus, elegantnim kristalno \u010distim dizajnom i dinami\u010dkim RGB osvjetljenjem.<\/li>\n<li><strong>Mogu li kupiti Uwin Crystal 10000 Puffs u rinfuzi?<\/strong><br \/>\nDa, vapestornado nudi veleprodajne opcije s 200 jedinica po kutiji, idealno za trgovce ili tvrtke.<\/li>\n<li><strong>Je li Uwin Crystal 10000 Puffs Disposable Vape prikladan za po\u010detnike?<\/strong><br \/>\nApsolutno! Njegov dizajn koji je jednostavan za kori\u0161tenje i aktivira se povla\u010denjem \u010dini ga savr\u0161enim za nove i iskusne vapere.<\/li>\n<\/ol>\n<\/div>\n<\/div>\n<\/div>\n<\/div>\n<div class=\"mb-2 flex gap-3 empty:hidden -ml-2\">\n<div class=\"items-center justify-start rounded-xl p-1 flex\"><\/div>\n<\/div>","protected":false},"excerpt":{"rendered":"<p>UWIN Crystal 10000 Puffs Punjivi vape nudi dugotrajne performanse, \u017eivopisan dizajn i vrhunski okus s naprednom tehnologijom vapinga.<\/p>\n<figure id=\"attachment_2951\" aria-describedby=\"caption-attachment-2951\" style=\"width: 265px\" class=\"wp-caption alignnone\"><img fetchpriority=\"high\" decoding=\"async\" class=\"size-medium wp-image-2951\" src=\"https:\/\/vapestornado.com\/wp-content\/uploads\/2024\/12\/Wholesale-Disposable-Vape-265x300.jpg\" alt=\"Veleprodaja jednokratnih vape ure\u0111aja\" width=\"265\" height=\"300\" srcset=\"https:\/\/vapestornado.com\/wp-content\/uploads\/2024\/12\/Wholesale-Disposable-Vape-265x300.jpg 265w, https:\/\/vapestornado.com\/wp-content\/uploads\/2024\/12\/Wholesale-Disposable-Vape-768x871.jpg 768w, https:\/\/vapestornado.com\/wp-content\/uploads\/2024\/12\/Wholesale-Disposable-Vape-600x680.jpg 600w, https:\/\/vapestornado.com\/wp-content\/uploads\/2024\/12\/Wholesale-Disposable-Vape.jpg 823w\" sizes=\"(max-width: 265px) 100vw, 265px\" \/><figcaption id=\"caption-attachment-2951\" class=\"wp-caption-text\">Kontaktirajte Mandy za cijenu s popustom<a href=\"https:\/\/wa.me\/8618077105796\">+86 18077105796<\/a><\/figcaption><\/figure>\n<p>&nbsp;<\/p>","protected":false},"featured_media":3009,"comment_status":"open","ping_status":"closed","template":"","meta":{"_acf_changed":false,"_uag_custom_page_level_css":"","_lmt_disableupdate":"no","_lmt_disable":"","_monsterinsights_skip_tracking":false,"_monsterinsights_sitenote_active":false,"_monsterinsights_sitenote_note":"","_monsterinsights_sitenote_category":0,"site-sidebar-layout":"default","site-content-layout":"","ast-site-content-layout":"default","site-content-style":"default","site-sidebar-style":"default","ast-global-header-display":"","ast-banner-title-visibility":"","ast-main-header-display":"","ast-hfb-above-header-display":"","ast-hfb-below-header-display":"","ast-hfb-mobile-header-display":"","site-post-title":"","ast-breadcrumbs-content":"","ast-featured-img":"","footer-sml-layout":"","ast-disable-related-posts":"","theme-transparent-header-meta":"default","adv-header-id-meta":"","stick-header-meta":"","header-above-stick-meta":"","header-main-stick-meta":"","header-below-stick-meta":"","astra-migrate-meta-layouts":"set","ast-page-background-enabled":"default","ast-page-background-meta":{"desktop":{"background-color":"","background-image":"","background-repeat":"repeat","background-position":"center center","background-size":"auto","background-attachment":"scroll","background-type":"","background-media":"","overlay-type":"","overlay-color":"","overlay-opacity":"","overlay-gradient":""},"tablet":{"background-color":"","background-image":"","background-repeat":"repeat","background-position":"center center","background-size":"auto","background-attachment":"scroll","background-type":"","background-media":"","overlay-type":"","overlay-color":"","overlay-opacity":"","overlay-gradient":""},"mobile":{"background-color":"","background-image":"","background-repeat":"repeat","background-position":"center center","background-size":"auto","background-attachment":"scroll","background-type":"","background-media":"","overlay-type":"","overlay-color":"","overlay-opacity":"","overlay-gradient":""}},"ast-content-background-meta":{"desktop":{"background-color":"var(--ast-global-color-5)","background-image":"","background-repeat":"repeat","background-position":"center center","background-size":"auto","background-attachment":"scroll","background-type":"","background-media":"","overlay-type":"","overlay-color":"","overlay-opacity":"","overlay-gradient":""},"tablet":{"background-color":"var(--ast-global-color-5)","background-image":"","background-repeat":"repeat","background-position":"center center","background-size":"auto","background-attachment":"scroll","background-type":"","background-media":"","overlay-type":"","overlay-color":"","overlay-opacity":"","overlay-gradient":""},"mobile":{"background-color":"var(--ast-global-color-5)","background-image":"","background-repeat":"repeat","background-position":"center center","background-size":"auto","background-attachment":"scroll","background-type":"","background-media":"","overlay-type":"","overlay-color":"","overlay-opacity":"","overlay-gradient":""}},"_joinchat":{"telephone":"+8618077105796"}},"product_brand":[],"product_cat":[106,140,149,150,153,155,158,141,233],"product_tag":[97,107],"class_list":{"0":"post-3020","1":"product","2":"type-product","3":"status-publish","4":"has-post-thumbnail","6":"product_cat-10000-puff","7":"product_cat-big-puffs-disposable-vapes","8":"product_cat-buy-disposable-vapes-in-austria","9":"product_cat-buy-disposable-vapes-in-belgium","10":"product_cat-buy-disposable-vapes-in-italy","11":"product_cat-buy-disposable-vapes-in-norway","12":"product_cat-buy-disposable-vapes-in-spain","13":"product_cat-crystal-disposable-vapes","14":"product_cat-uwin-vape","15":"product_tag-hot-sale-disposable-vape","16":"product_tag-uwin-crystal-10000-puffs","17":"desktop-align-left","18":"tablet-align-left","19":"mobile-align-left","21":"first","22":"instock","23":"sale","24":"shipping-taxable","25":"purchasable","26":"product-type-simple"},"acf":[],"uagb_featured_image_src":{"full":["https:\/\/vapestornado.com\/wp-content\/uploads\/2024\/12\/UWIN-Crystal-10000-Puffs-Vape-Pen-cherry-cola.jpg",800,800,false],"thumbnail":["https:\/\/vapestornado.com\/wp-content\/uploads\/2024\/12\/UWIN-Crystal-10000-Puffs-Vape-Pen-cherry-cola-150x150.jpg",150,150,true],"medium":["https:\/\/vapestornado.com\/wp-content\/uploads\/2024\/12\/UWIN-Crystal-10000-Puffs-Vape-Pen-cherry-cola-300x300.jpg",300,300,true],"medium_large":["https:\/\/vapestornado.com\/wp-content\/uploads\/2024\/12\/UWIN-Crystal-10000-Puffs-Vape-Pen-cherry-cola-768x768.jpg",768,768,true],"large":["https:\/\/vapestornado.com\/wp-content\/uploads\/2024\/12\/UWIN-Crystal-10000-Puffs-Vape-Pen-cherry-cola.jpg",800,800,false],"1536x1536":["https:\/\/vapestornado.com\/wp-content\/uploads\/2024\/12\/UWIN-Crystal-10000-Puffs-Vape-Pen-cherry-cola.jpg",800,800,false],"2048x2048":["https:\/\/vapestornado.com\/wp-content\/uploads\/2024\/12\/UWIN-Crystal-10000-Puffs-Vape-Pen-cherry-cola.jpg",800,800,false],"trp-custom-language-flag":["https:\/\/vapestornado.com\/wp-content\/uploads\/2024\/12\/UWIN-Crystal-10000-Puffs-Vape-Pen-cherry-cola.jpg",12,12,false],"woocommerce_thumbnail":["https:\/\/vapestornado.com\/wp-content\/uploads\/2024\/12\/UWIN-Crystal-10000-Puffs-Vape-Pen-cherry-cola-300x300.jpg",300,300,true],"woocommerce_single":["https:\/\/vapestornado.com\/wp-content\/uploads\/2024\/12\/UWIN-Crystal-10000-Puffs-Vape-Pen-cherry-cola-600x600.jpg",600,600,true],"woocommerce_gallery_thumbnail":["https:\/\/vapestornado.com\/wp-content\/uploads\/2024\/12\/UWIN-Crystal-10000-Puffs-Vape-Pen-cherry-cola-100x100.jpg",100,100,true]},"uagb_author_info":{"display_name":"ESMANDY","author_link":"https:\/\/vapestornado.com\/hr\/author\/"},"uagb_comment_info":0,"uagb_excerpt":"UWIN Crystal 10000 Puffs Rechargeable vape offers long-lasting performance, vibrant design, and premium flavor with advanced vaping technology. [caption id=\"attachment_2951\" align=\"alignnone\" width=\"265\"] Contact Mandy For Discount Price+86 18077105796[\/caption] &nbsp;","_links":{"self":[{"href":"https:\/\/vapestornado.com\/hr\/wp-json\/wp\/v2\/product\/3020","targetHints":{"allow":["GET"]}}],"collection":[{"href":"https:\/\/vapestornado.com\/hr\/wp-json\/wp\/v2\/product"}],"about":[{"href":"https:\/\/vapestornado.com\/hr\/wp-json\/wp\/v2\/types\/product"}],"replies":[{"embeddable":true,"href":"https:\/\/vapestornado.com\/hr\/wp-json\/wp\/v2\/comments?post=3020"}],"wp:featuredmedia":[{"embeddable":true,"href":"https:\/\/vapestornado.com\/hr\/wp-json\/wp\/v2\/media\/3009"}],"wp:attachment":[{"href":"https:\/\/vapestornado.com\/hr\/wp-json\/wp\/v2\/media?parent=3020"}],"wp:term":[{"taxonomy":"product_brand","embeddable":true,"href":"https:\/\/vapestornado.com\/hr\/wp-json\/wp\/v2\/product_brand?post=3020"},{"taxonomy":"product_cat","embeddable":true,"href":"https:\/\/vapestornado.com\/hr\/wp-json\/wp\/v2\/product_cat?post=3020"},{"taxonomy":"product_tag","embeddable":true,"href":"https:\/\/vapestornado.com\/hr\/wp-json\/wp\/v2\/product_tag?post=3020"}],"curies":[{"name":"wp","href":"https:\/\/api.w.org\/{rel}","templated":true}]}}