{"id":3000,"date":"2024-12-09T07:00:42","date_gmt":"2024-12-09T07:00:42","guid":{"rendered":"https:\/\/vapestornado.com\/?post_type=product&#038;p=3000"},"modified":"2025-08-23T10:18:27","modified_gmt":"2025-08-23T10:18:27","slug":"waspe-25000-puffs-digital-disposable-vape-wholesale-price-in-poland","status":"publish","type":"product","link":"https:\/\/vapestornado.com\/hr\/product\/waspe-25000-puffs-digital-disposable-vape-wholesale-price-in-poland\/","title":{"rendered":"Waspe 25000 Puffs Digitalni jednokratni vape Veleprodajna cijena u Hrvatskoj"},"content":{"rendered":"<h1 class=\"product-title\">Waspe 25000 Puffs Digitalni jednokratni vape Veleprodajna cijena u Hrvatskoj<\/h1>\n<p data-start=\"525\" data-end=\"808\">Ovo <strong data-start=\"529\" data-end=\"574\">Waspe 25000 udisaja digitalni jednokratni vape<\/strong> je prakti\u010dan izbor za veletrgovce i trgovce na malo u Hrvatskoj koji tra\u017ee dugotrajne zalihe bogate zna\u010dajkama. S do <strong data-start=\"690\" data-end=\"715\">25.000 udisaja po jedinici<\/strong> i <strong data-start=\"722\" data-end=\"744\">sustav dvostrukog okusa<\/strong>, kupcima pru\u017ea produ\u017eenu upotrebu i ve\u0107u raznolikost.<\/p>\n<p data-start=\"810\" data-end=\"1090\">Opremljen s <strong data-start=\"826\" data-end=\"848\">digitalni LED zaslon<\/strong>, Waspe 25K obavje\u0161tava korisnike o trajanju baterije i broju udisaja u stvarnom vremenu. Njegova <strong data-start=\"937\" data-end=\"960\">punjivim dizajnom<\/strong> sa <strong data-start=\"966\" data-end=\"990\">Type-C brzo punjenje<\/strong> osigurava dosljedne performanse i smanjuje otpad, \u0161to ga \u010dini isplativim i ekolo\u0161ki prihvatljivim.<\/p>\n<p data-start=\"1092\" data-end=\"1373\">Dostupan u vi\u0161e <strong data-start=\"1114\" data-end=\"1133\">razine nikotina<\/strong> i <strong data-start=\"1138\" data-end=\"1161\">kombinacije okusa<\/strong>, onda je <strong data-start=\"1167\" data-end=\"1185\">Waspe 25K Vape<\/strong> privla\u010di \u0161iroku bazu potro\u0161a\u010da, od po\u010detnika do iskusnih vapera. Kompaktan i prenosiv, prikladan je za svakodnevnu upotrebu, a zahvaljuju\u0107i naprednoj tehnologiji zavojnice pru\u017ea dosljedan okus.<\/p>\n<p data-start=\"1375\" data-end=\"1604\">Za distributere i vlasnike trgovina u Hrvatskoj, <strong data-start=\"1423\" data-end=\"1449\">Waspe 25000 udisaja Vape<\/strong> kombinira veliki kapacitet udisaja, inovativne zna\u010dajke i <strong data-start=\"1504\" data-end=\"1537\">konkurentne veleprodajne cijene<\/strong>, \u0161to ga \u010dini profitabilnim dodatkom zalihama jednokratnih vape ure\u0111aja.<\/p>\n<p>&nbsp;<\/p>\n<p><strong>Dodajte Amyin Whatsapp kako biste dobili brzi odgovor i kupon za vape!<\/strong><\/p>\n<p><img fetchpriority=\"high\" decoding=\"async\" class=\"size-full wp-image-2932\" src=\"https:\/\/vapestornado.com\/wp-content\/uploads\/2024\/12\/Vape-Wholesale.jpg\" alt=\"Veleprodaja vejpova\" width=\"229\" height=\"300\" \/><\/p>\n<h3><a href=\"https:\/\/wa.me\/8617776015835\" target=\"_blank\" rel=\"noopener\"><span style=\"color: #ff0000;\"><strong>WhatsApp: +86 17776015835<\/strong><\/span><\/a><\/h3>\n<p>&nbsp;<\/p>\n<h4><strong style=\"font-size: 1.7em;\">Waspe Vape 25000 Zna\u010dajke proizvoda<\/strong><\/h4>\n<ul>\n<li><strong>25.000 Udisaja \u010distog zadovoljstva<\/strong>: U\u017eivajte u produ\u017eenim sesijama vapinga s do <strong>25.000 udisaja<\/strong>, \u010dine\u0107i <strong>WASPE 25000 udisaja<\/strong> idealnim izborom za povremene i te\u0161ke korisnike.<\/li>\n<li><strong>Vi\u0161estruke ja\u010dine nikotina<\/strong>: Birajte izme\u0111u <strong>0%, 2% ili 5% nikotina<\/strong>, nude\u0107i prilago\u0111eno iskustvo za korisnike koji tra\u017ee <strong>vape za jednokratnu upotrebu s niskim udjelom nikotina<\/strong> ili ja\u010di udar.<\/li>\n<li><strong>25 ml Kapacitet e-teku\u0107ine<\/strong>: Prethodno napunjen s izda\u0161nih <strong>25 ml e-teku\u0107ine<\/strong>, osiguravaju\u0107i manje prekida i dulje u\u017eivanje.<\/li>\n<li><strong>Napredni dvostruki mre\u017easti grija\u010di<\/strong>: Integrirani dvostruki mre\u017easti grija\u010di jam\u010de glatku proizvodnju pare, dosljednu isporuku okusa i vrhunsko iskustvo u svakom udisaju.<\/li>\n<li><strong>Digitalni LED zaslon<\/strong>: To <strong>LED zaslon jednokratni vape<\/strong> sadr\u017ei pametni LCD zaslon koji vam omogu\u0107uje pra\u0107enje <strong>trajanja baterije i broja udisaja<\/strong> bez napora.<\/li>\n<li><strong>Punjiv i izdr\u017eljiv<\/strong>: Pokre\u0107e ga <strong>baterija od 650 mAh<\/strong> i podr\u017eava <strong>Type-C brzo punjenje<\/strong>, ovaj <strong>punjivi vape<\/strong> osigurava vam napajanje za produljenu upotrebu bez dugih zastoja.<\/li>\n<li><strong>Kompaktan dizajn za kupnju na veliko<\/strong>: Lagan i jednostavan za rukovanje, Waspe 25k savr\u0161en je za kupnju na veliko, \u0161to ga \u010dini idealnim za distributere koji tra\u017ee pouzdan proizvod za <strong>veleprodaju vapea<\/strong>.<\/li>\n<\/ul>\n<p>&nbsp;<\/p>\n<h2 class=\"product-title\"><strong>WASPE 25000 Popis okusa<\/strong><\/h2>\n<p>1. Jagoda Kiwi<br \/>\n2. Mije\u0161ano bobi\u010dasto vo\u0107e<br \/>\n3. Borovnica na ledu<br \/>\n4. Led od gro\u017e\u0111a<br \/>\n5. Led od tre\u0161nje<br \/>\n6. Limunada od borovnice i maline<br \/>\n7. Led od breskve<br \/>\n8. Jagoda Lubenica<br \/>\n9. Breskva Mango Lubenica<br \/>\n10. Led od lubenice<\/p>\n<h3>Za\u0161to odabrati vapestornado za WASPE 25k Vape veleprodaju?<\/h3>\n<div class=\"flex-shrink-0 flex flex-col relative items-end\">\n<div class=\"pt-0\">\n<div class=\"gizmo-bot-avatar flex h-8 w-8 items-center justify-center overflow-hidden rounded-full\">\n<div class=\"relative p-1 rounded-sm flex items-center justify-center bg-token-main-surface-primary text-token-text-primary h-8 w-8\">\n<p>Dobrodo\u0161li u vapestornado, va\u0161u pouzdanu online trgovinu za vrhunske jednokratne vape. S vi\u0161e od 5 godina iskustva, donosimo vam popularne marke jednokratnih vapea kao \u0161to su Fumot RandM Vape, Vapme, Bang Vape, Waspe Vape i WGA Vape, itd.<\/p>\n<p>Na\u0161 asortiman uklju\u010duje vru\u0107e vapeove poput <a href=\"https:\/\/vapestornado.com\/hr\/product\/fumot-randm-tornado-15000-puffs-rechargeable-disposable-vape-wholesale\/\">RandM Tornado 15000<\/a>, i izbor bogat okusom poput <a href=\"https:\/\/vapestornado.com\/hr\/product\/waspe-40000-puffs-double-flavour-led-display-disposable-vape-wholesale\/\">WASPE Dvostruki Okus 40000 Pufova<\/a> . Svaki je proizvod odabran s naglaskom na kvalitetu, vrijednost i raznolikost, osiguravaju\u0107i da prona\u0111ete savr\u0161eno rje\u0161enje za svoje potrebe. Otkrijte iznimnu uslugu i \u0161irok raspon vrhunskih proizvoda na vapestornado.<\/p>\n<\/div>\n<h3><\/h3>\n<div class=\"relative p-1 rounded-sm flex items-center justify-center bg-token-main-surface-primary text-token-text-primary h-8 w-8\">\n<h3>\u010cesto postavljana pitanja za WASPE 25k Punjivu jednokratnu vape<\/h3>\n<\/div>\n<\/div>\n<\/div>\n<\/div>\n<div class=\"group\/conversation-turn relative flex w-full min-w-0 flex-col agent-turn\">\n<div class=\"flex-col gap-1 md:gap-3\">\n<div class=\"flex max-w-full flex-col flex-grow\">\n<div class=\"min-h-8 text-message flex w-full flex-col items-end gap-2 whitespace-normal break-words [.text-message+&amp;]:mt-5\" dir=\"auto\" data-message-author-role=\"assistant\" data-message-id=\"db716a1c-9ed0-4b8d-b3b0-7bdb913c3d42\" data-message-model-slug=\"gpt-4o\">\n<div class=\"flex w-full flex-col gap-1 empty:hidden first:pt-[3px]\">\n<div class=\"markdown prose w-full break-words dark:prose-invert light\">\n<h3><\/h3>\n<ol>\n<li><strong>Gdje mogu kupiti Waspe 25000 Puffs Digital jednokratnu vape po veleprodajnoj cijeni u Hrvatskoj?<\/strong><br \/>\nWaspe 25000 Puffs Digital jednokratnu vape mo\u017eete kupiti po konkurentnim veleprodajnim cijenama od pouzdanih distributera specijaliziranih za <strong>veleprodaju vapea<\/strong> u Hrvatskoj.<\/li>\n<li><strong>Koliko puffova pru\u017ea Waspe 25000 Puffs Digital jednokratna vape?<\/strong><br \/>\nWaspe 25k pru\u017ea impresivnih <strong>25.000 udisaja<\/strong>, osiguravaju\u0107i dugotrajnu upotrebu i izvrsnu vrijednost za novac.<\/li>\n<li><strong>\u0160to \u010dini Waspe 25000 Puffs vape jedinstvenim u usporedbi s drugim jednokratnim vapeovima?<\/strong><br \/>\nWaspe 25k se isti\u010de svojim <strong>LED digitalni zaslon<\/strong> za pra\u0107enje broja udisaja i trajanja baterije, <strong>dvostrukim okusom<\/strong> opcijama i <strong>punjivim dizajnom<\/strong> koji pokre\u0107e brzo punjenje <strong>Type-C priklju\u010dkom<\/strong>.<\/li>\n<li><strong>Koje su razine nikotina dostupne za Waspe 25000 Puffs jednokratnu vape?<\/strong><br \/>\nWaspe 25k nudi tri opcije ja\u010dine nikotina: <strong>0%, 2% i 5%<\/strong>, namijenjeno korisnicima koji preferiraju <strong>vape za jednokratnu upotrebu s niskim udjelom nikotina<\/strong> ili ja\u010de udarce.<\/li>\n<li><strong>Kako Waspe 25k osigurava vrhunsko iskustvo vapinga?<\/strong><br \/>\nOpremljen sa <strong>dvostruke mre\u017easte zavojnice<\/strong> za pobolj\u0161anu proizvodnju pare, veliki <strong>kapacitet e-teku\u0107ine od 25 ml<\/strong>, i prilagodljiv protok zraka, Waspe 25k pru\u017ea dosljedne, ukusne izvla\u010denja za iznimno iskustvo vapinga.<\/li>\n<\/ol>\n<\/div>\n<\/div>\n<\/div>\n<\/div>\n<\/div>\n<\/div>","protected":false},"excerpt":{"rendered":"<p>Ovo <strong data-start=\"290\" data-end=\"327\">Waspe 25000 Puffs jednokratni vape<\/strong> nudi dvostruke okuse, LED zaslon i do 25K udisaja. Savr\u0161eno za <strong data-start=\"395\" data-end=\"425\">veleprodajne kupce u Hrvatskoj<\/strong>, kombiniraju\u0107i kapacitet, raznolikost okusa i konkurentne cijene za velike koli\u010dine.<\/p>\n<p><strong>Dodajte Amy na WhatsApp za brzi odgovor i kupon za vape!<\/strong><\/p>\n<p><img fetchpriority=\"high\" decoding=\"async\" class=\"size-full wp-image-2932\" src=\"https:\/\/vapestornado.com\/wp-content\/uploads\/2024\/12\/Vape-Wholesale.jpg\" alt=\"Veleprodaja vejpova\" width=\"229\" height=\"300\" \/><\/p>\n<h3><a href=\"https:\/\/wa.me\/8617776015835\"><span style=\"color: #ff0000;\"><strong>WhatsApp: +86 17776015835<\/strong><\/span><\/a><\/h3>\n<p>&nbsp;<\/p>","protected":false},"featured_media":2995,"comment_status":"open","ping_status":"closed","template":"","meta":{"_acf_changed":false,"_uag_custom_page_level_css":"","_lmt_disableupdate":"no","_lmt_disable":"","_monsterinsights_skip_tracking":false,"_monsterinsights_sitenote_active":false,"_monsterinsights_sitenote_note":"","_monsterinsights_sitenote_category":0,"site-sidebar-layout":"default","site-content-layout":"","ast-site-content-layout":"default","site-content-style":"default","site-sidebar-style":"default","ast-global-header-display":"","ast-banner-title-visibility":"","ast-main-header-display":"","ast-hfb-above-header-display":"","ast-hfb-below-header-display":"","ast-hfb-mobile-header-display":"","site-post-title":"","ast-breadcrumbs-content":"","ast-featured-img":"","footer-sml-layout":"","ast-disable-related-posts":"","theme-transparent-header-meta":"default","adv-header-id-meta":"","stick-header-meta":"","header-above-stick-meta":"","header-main-stick-meta":"","header-below-stick-meta":"","astra-migrate-meta-layouts":"set","ast-page-background-enabled":"default","ast-page-background-meta":{"desktop":{"background-color":"","background-image":"","background-repeat":"repeat","background-position":"center center","background-size":"auto","background-attachment":"scroll","background-type":"","background-media":"","overlay-type":"","overlay-color":"","overlay-opacity":"","overlay-gradient":""},"tablet":{"background-color":"","background-image":"","background-repeat":"repeat","background-position":"center center","background-size":"auto","background-attachment":"scroll","background-type":"","background-media":"","overlay-type":"","overlay-color":"","overlay-opacity":"","overlay-gradient":""},"mobile":{"background-color":"","background-image":"","background-repeat":"repeat","background-position":"center center","background-size":"auto","background-attachment":"scroll","background-type":"","background-media":"","overlay-type":"","overlay-color":"","overlay-opacity":"","overlay-gradient":""}},"ast-content-background-meta":{"desktop":{"background-color":"var(--ast-global-color-5)","background-image":"","background-repeat":"repeat","background-position":"center center","background-size":"auto","background-attachment":"scroll","background-type":"","background-media":"","overlay-type":"","overlay-color":"","overlay-opacity":"","overlay-gradient":""},"tablet":{"background-color":"var(--ast-global-color-5)","background-image":"","background-repeat":"repeat","background-position":"center center","background-size":"auto","background-attachment":"scroll","background-type":"","background-media":"","overlay-type":"","overlay-color":"","overlay-opacity":"","overlay-gradient":""},"mobile":{"background-color":"var(--ast-global-color-5)","background-image":"","background-repeat":"repeat","background-position":"center center","background-size":"auto","background-attachment":"scroll","background-type":"","background-media":"","overlay-type":"","overlay-color":"","overlay-opacity":"","overlay-gradient":""}},"_joinchat":{"telephone":"+8617776015835"}},"product_brand":[],"product_cat":[68,151,158,159,144,60],"product_tag":[105,100,103,104],"class_list":{"0":"post-3000","1":"product","2":"type-product","3":"status-publish","4":"has-post-thumbnail","6":"product_cat-25000-puff","7":"product_cat-buy-disposable-vapes-in-france","8":"product_cat-buy-disposable-vapes-in-spain","9":"product_cat-buy-disposable-vapes-in-sweden","10":"product_cat-low-nicotine-disposable-vapes","11":"product_cat-waspe-fihp-vape","12":"product_tag-digital-disposable-vape","13":"product_tag-wasoe-vape","14":"product_tag-waspe-25000","15":"product_tag-waspe-25k","16":"desktop-align-left","17":"tablet-align-left","18":"mobile-align-left","20":"first","21":"instock","22":"sale","23":"shipping-taxable","24":"purchasable","25":"product-type-simple"},"acf":[],"uagb_featured_image_src":{"full":["https:\/\/vapestornado.com\/wp-content\/uploads\/2024\/12\/WASPE-25000-Puffs-Disposable-Vape-Wholesale-Price.jpg",1126,1137,false],"thumbnail":["https:\/\/vapestornado.com\/wp-content\/uploads\/2024\/12\/WASPE-25000-Puffs-Disposable-Vape-Wholesale-Price-150x150.jpg",150,150,true],"medium":["https:\/\/vapestornado.com\/wp-content\/uploads\/2024\/12\/WASPE-25000-Puffs-Disposable-Vape-Wholesale-Price-297x300.jpg",297,300,true],"medium_large":["https:\/\/vapestornado.com\/wp-content\/uploads\/2024\/12\/WASPE-25000-Puffs-Disposable-Vape-Wholesale-Price-768x776.jpg",768,776,true],"large":["https:\/\/vapestornado.com\/wp-content\/uploads\/2024\/12\/WASPE-25000-Puffs-Disposable-Vape-Wholesale-Price-1014x1024.jpg",1014,1024,true],"1536x1536":["https:\/\/vapestornado.com\/wp-content\/uploads\/2024\/12\/WASPE-25000-Puffs-Disposable-Vape-Wholesale-Price.jpg",1126,1137,false],"2048x2048":["https:\/\/vapestornado.com\/wp-content\/uploads\/2024\/12\/WASPE-25000-Puffs-Disposable-Vape-Wholesale-Price.jpg",1126,1137,false],"trp-custom-language-flag":["https:\/\/vapestornado.com\/wp-content\/uploads\/2024\/12\/WASPE-25000-Puffs-Disposable-Vape-Wholesale-Price.jpg",12,12,false],"woocommerce_thumbnail":["https:\/\/vapestornado.com\/wp-content\/uploads\/2024\/12\/WASPE-25000-Puffs-Disposable-Vape-Wholesale-Price-300x300.jpg",300,300,true],"woocommerce_single":["https:\/\/vapestornado.com\/wp-content\/uploads\/2024\/12\/WASPE-25000-Puffs-Disposable-Vape-Wholesale-Price-600x606.jpg",600,606,true],"woocommerce_gallery_thumbnail":["https:\/\/vapestornado.com\/wp-content\/uploads\/2024\/12\/WASPE-25000-Puffs-Disposable-Vape-Wholesale-Price-100x100.jpg",100,100,true]},"uagb_author_info":{"display_name":"ESAMY","author_link":"https:\/\/vapestornado.com\/hr\/author\/"},"uagb_comment_info":0,"uagb_excerpt":"The Waspe 25000 Puffs Disposable Vape offers dual flavors, LED display, and up to 25K puffs. Perfect for wholesale buyers in Poland, combining capacity, flavor variety, and competitive bulk pricing. Add Amy's whatsapp to get right reply and vape vape coupon! WhatsApp: +86 17776015835 &nbsp;","_links":{"self":[{"href":"https:\/\/vapestornado.com\/hr\/wp-json\/wp\/v2\/product\/3000","targetHints":{"allow":["GET"]}}],"collection":[{"href":"https:\/\/vapestornado.com\/hr\/wp-json\/wp\/v2\/product"}],"about":[{"href":"https:\/\/vapestornado.com\/hr\/wp-json\/wp\/v2\/types\/product"}],"replies":[{"embeddable":true,"href":"https:\/\/vapestornado.com\/hr\/wp-json\/wp\/v2\/comments?post=3000"}],"wp:featuredmedia":[{"embeddable":true,"href":"https:\/\/vapestornado.com\/hr\/wp-json\/wp\/v2\/media\/2995"}],"wp:attachment":[{"href":"https:\/\/vapestornado.com\/hr\/wp-json\/wp\/v2\/media?parent=3000"}],"wp:term":[{"taxonomy":"product_brand","embeddable":true,"href":"https:\/\/vapestornado.com\/hr\/wp-json\/wp\/v2\/product_brand?post=3000"},{"taxonomy":"product_cat","embeddable":true,"href":"https:\/\/vapestornado.com\/hr\/wp-json\/wp\/v2\/product_cat?post=3000"},{"taxonomy":"product_tag","embeddable":true,"href":"https:\/\/vapestornado.com\/hr\/wp-json\/wp\/v2\/product_tag?post=3000"}],"curies":[{"name":"wp","href":"https:\/\/api.w.org\/{rel}","templated":true}]}}