{"id":2993,"date":"2024-12-06T08:51:10","date_gmt":"2024-12-06T08:51:10","guid":{"rendered":"https:\/\/vapestornado.com\/?post_type=product&#038;p=2993"},"modified":"2025-08-23T10:20:29","modified_gmt":"2025-08-23T10:20:29","slug":"randm-tornado-25000-puffs-2-nicotine-bulk-buy-vape-pods","status":"publish","type":"product","link":"https:\/\/vapestornado.com\/hr\/product\/randm-tornado-25000-puffs-2-nicotine-bulk-buy-vape-pods\/","title":{"rendered":"Randm Tornado 25000 Puffs 2% Nikotin Vape Pods rasuti"},"content":{"rendered":"<h1>Randm Tornado 25000 Puffs 2% Nikotin Vape Pods rasuti<\/h1>\n<p>&nbsp;<\/p>\n<p data-start=\"281\" data-end=\"553\">Ovo <strong data-start=\"285\" data-end=\"323\">Randm Tornado 25000 Udisaja Vape Pod<\/strong> je dizajniran za veletrgovce i vlasnike trgovina koji tra\u017ee jednokratni vape velikog kapaciteta i bogat zna\u010dajkama. S do <strong data-start=\"436\" data-end=\"463\">25.000 udisaja po ure\u0111aju<\/strong> i <strong data-start=\"470\" data-end=\"492\">20 ml spremnika e-teku\u0107ine<\/strong>, pru\u017ea dugotrajnu upotrebu i sna\u017ean potencijal preprodaje.<\/p>\n<p data-start=\"555\" data-end=\"811\">Opremljen s <strong data-start=\"571\" data-end=\"602\">700mAh punjiva baterija<\/strong> i <strong data-start=\"607\" data-end=\"631\">Type-C brzo punjenje<\/strong>, Randm 25K smanjuje zastoje. Njegova <strong data-start=\"671\" data-end=\"698\">tehnologija prekida\u010da na dodir<\/strong> i <strong data-start=\"703\" data-end=\"720\">zabavni na\u010din igre<\/strong> dodaje interaktivnost, \u010dine\u0107i ga popularnim me\u0111u mla\u0111im europskim potro\u0161a\u010dima. Zna\u010dajke uklju\u010duju:<\/p>\n<ul data-start=\"812\" data-end=\"925\">\n<li data-start=\"812\" data-end=\"849\">\n<p data-start=\"814\" data-end=\"849\"><strong data-start=\"814\" data-end=\"828\">Dvostruki dodir<\/strong> za bu\u0111enje zaslona<\/p>\n<\/li>\n<li data-start=\"850\" data-end=\"886\">\n<p data-start=\"852\" data-end=\"886\"><strong data-start=\"852\" data-end=\"866\">Trostruki dodir<\/strong> za pode\u0161avanje snage<\/p>\n<\/li>\n<li data-start=\"887\" data-end=\"925\">\n<p data-start=\"889\" data-end=\"925\"><strong data-start=\"889\" data-end=\"901\">\u010cetverostruki dodir<\/strong> za aktiviranje na\u010dina igre<\/p>\n<\/li>\n<\/ul>\n<p data-start=\"927\" data-end=\"1181\">Dostupno u <strong data-start=\"940\" data-end=\"979\">0%, 2%, 3% i 5% opcijama nikotina<\/strong>, onda je <strong data-start=\"985\" data-end=\"1006\">Randm Tornado 25K<\/strong> namijenjen je i lak\u0161im i te\u017eim korisnicima. Kompaktan, moderan i prenosiv, kombinira performanse s prakti\u010dno\u0161\u0107u, \u0161to ga \u010dini sna\u017enim prodava\u010dem na europskom veleprodajnom tr\u017ei\u0161tu vapea.<\/p>\n<p><img fetchpriority=\"high\" decoding=\"async\" class=\"size-medium wp-image-2951\" src=\"https:\/\/vapestornado.com\/wp-content\/uploads\/2024\/12\/Wholesale-Disposable-Vape-265x300.jpg\" alt=\"Veleprodaja jednokratnih vape ure\u0111aja\" width=\"265\" height=\"300\" srcset=\"https:\/\/vapestornado.com\/wp-content\/uploads\/2024\/12\/Wholesale-Disposable-Vape-265x300.jpg 265w, https:\/\/vapestornado.com\/wp-content\/uploads\/2024\/12\/Wholesale-Disposable-Vape-768x871.jpg 768w, https:\/\/vapestornado.com\/wp-content\/uploads\/2024\/12\/Wholesale-Disposable-Vape-600x680.jpg 600w, https:\/\/vapestornado.com\/wp-content\/uploads\/2024\/12\/Wholesale-Disposable-Vape.jpg 823w\" sizes=\"(max-width: 265px) 100vw, 265px\" \/><\/p>\n<h6>Molimo kontaktirajte Mandy's WhatsApp za cijenu s popustom<a href=\"https:\/\/wa.me\/8618077105796\" target=\"_blank\" rel=\"noopener\">+8618077105796<\/a><\/h6>\n<p>&nbsp;<\/p>\n<h2><strong>Fumot Tornado Vape 25000 Puffs klju\u010dne zna\u010dajke<\/strong><\/h2>\n<ul>\n<li><strong>Broj udisaja:<\/strong> 25.000 udisaja<\/li>\n<li><strong>Baterija:<\/strong> 700mAh, punjiva<\/li>\n<li><strong>Kapacitet e-teku\u0107ine:<\/strong> 20ml<\/li>\n<li><strong>Razina nikotina:<\/strong> 0%, 2%, 3%, 5%<\/li>\n<li><strong>Punjenje:<\/strong> Type-C brzo punjenje<\/li>\n<li><strong>Na\u010din igre:<\/strong> Interaktivna zna\u010dajka zabavne igre<\/li>\n<li><strong>Funkcije dodirnog prekida\u010da:<\/strong>\n<ul>\n<li>Dvostruki dodir: Bu\u0111enje zaslona<\/li>\n<li>Trostruki dodir: Pode\u0161avanje snage<\/li>\n<li>\u010cetverostruki dodir: Ulazak u na\u010din igre; kliknite jednom za igru<\/li>\n<\/ul>\n<\/li>\n<li><strong>Dizajn:<\/strong> Prijenosni i jednostavan za kori\u0161tenje vape pod<\/li>\n<\/ul>\n<h2><strong>RandM Tornado 25k Puff jednokratni vape - popis okusa:<\/strong><\/h2>\n<p>1. Banana Ledena<br \/>\n2. Jagoda Lubenica<br \/>\n3. Miami Mint<br \/>\n4. Borovnica Malina<br \/>\n5. Crni led<br \/>\n6. Bijeli Gumi Ice<br \/>\n7. Lubenica led<br \/>\n8. So\u010dna Breskva Ice<br \/>\n9. Ru\u017ei\u010dasta limunada<br \/>\n10. Jagoda Mango<br \/>\n11. Breskva Mango Lubenica<br \/>\n12. Limun Gro\u017e\u0111e<br \/>\n13. Tropska Duga Eksplozija<br \/>\n14. Tre\u0161nja Bomba<br \/>\n15. Jagoda Menta Bombon<br \/>\n16. Dvostruka Jabuka<br \/>\n17. Borovnica na Ledu<br \/>\n18. Jagoda Led<br \/>\n19. Bujni Led<br \/>\n20. Ananas Led<br \/>\n21. Gro\u017e\u0111e Led<br \/>\n22. Dr. Plavi<br \/>\n23. Kivi Marakuja Guava<br \/>\n24. Tre\u0161nja Kola<\/p>\n<h3>Za\u0161to odabrati RandM Tornado 25000 Puf kod <a href=\"https:\/\/vapestornado.com\/hr\/\">vapestornado<\/a>?<\/h3>\n<p><strong>1. Prednosti kupovine kod vapestornado<\/strong><\/p>\n<ul>\n<li><strong>\u0160irok izbor<\/strong>: vapestornado nudi sveobuhvatan asortiman visokokvalitetnih brendova i modela vape ure\u0111aja, zadovoljavaju\u0107i sve potrebe kupaca na jednom mjestu.<\/li>\n<li><strong>Izvrsna usluga<\/strong>: U\u017eivajte u brzoj dostavi i pouzdanoj postprodajnoj podr\u0161ci za bezbri\u017eno iskustvo kupovine.<\/li>\n<li><strong>Transparentne cijene<\/strong>: Svaki proizvod je naveden s jasnim i detaljnim cijenama\u2014bez skrivenih tro\u0161kova.<\/li>\n<li><strong>Posebne ponude<\/strong>: Redovni popusti i promocije, s ekskluzivnim ponudama za \u010dlanove.<\/li>\n<li><strong>Platforma jednostavna za kori\u0161tenje<\/strong>: Web stranica laka za navigaciju koja podr\u017eava vi\u0161e jezika i na\u010dina pla\u0107anja, uklju\u010duju\u0107i kreditne kartice i PayPal.<\/li>\n<\/ul>\n<p><strong>2. Glavne zna\u010dajke RandM Tornado 25k Puffs<\/strong><\/p>\n<ul>\n<li><strong>Dugotrajna upotreba<\/strong>: Dizajniran s 25 000 udisaja, osiguravaju\u0107i izdr\u017eljivost i produljenu upotrebu za \u010deste vapere.<\/li>\n<li><strong>Sna\u017ena baterija<\/strong>: Opremljen 700mAh punjivom baterijom i Type-C brzim punjenjem za ekolo\u0161ku prakti\u010dnost.<\/li>\n<li><strong>Bogate opcije okusa<\/strong>: Nudi do 30 okusa, uklju\u010duju\u0107i vo\u0107ne, mentol i profile inspirirane pi\u0107ima kako bi odgovarali razli\u010ditim ukusima.<\/li>\n<li><strong>Moderan dizajn<\/strong>: Sadr\u017ei LED svjetla za trendi i privla\u010dan izgled.<\/li>\n<li><strong>Jednostavnost kori\u0161tenja<\/strong>: Spreman za upotrebu odmah iz kutije bez potrebe za postavljanjem, savr\u0161en za po\u010detnike i iskusne korisnike.<\/li>\n<\/ul>\n<p><strong>3. Posebne cijene na vapestornado<\/strong><\/p>\n<ul>\n<li><strong>Pristupa\u010dna cijena<\/strong>: RandM Tornado 25000 Puffs dostupan je po promotivnoj cijeni na vapestornado, \u010dime \u0161tedite X% u usporedbi s tr\u017ei\u0161nim cijenama.<\/li>\n<li><strong>Popusti na koli\u010dinu<\/strong>: Dodatne u\u0161tede za veleprodajne kupnje, idealno za distributere i kupce na veliko.<\/li>\n<li><strong>Ponude s ograni\u010denim trajanjem<\/strong>: Provjerite po\u010detnu stranicu za ekskluzivne kupone za popust na RandM proizvode.<\/li>\n<\/ul>\n<p>Kupujte sada na vapestornado kako biste u\u017eivali u nenadma\u0161nim ponudama i iznimnom iskustvu vapinga s RandM Tornado 25000 Puffs!<\/p>\n<h3><\/h3>\n<h3>\u010cesta pitanja o RandM Vape 25000 Puffs punjivom vapeu:<\/h3>\n<ul>\n<li><strong>Koliko bi trebao trajati RandM Tornado 25000 Puffs?<\/strong><br \/>\nRandM Tornado 25000 Puffs nudi dugotrajno iskustvo vapinga, isporu\u010duju\u0107i do 25.000 udisaja, \u0161to ga \u010dini savr\u0161enim za dugotrajnu upotrebu bez \u010destih zamjena.<\/li>\n<li><strong>Kako aktivirate RandM Tornado 25000 Puffs?<\/strong><br \/>\nRandM Tornado 25000 Puffs spreman je za upotrebu odmah iz kutije. Jednostavno udahnite iz usnika kako biste aktivirali ure\u0111aj - nisu potrebni gumbi ili komplicirane postavke.<\/li>\n<li><strong>Je li RandM Tornado 25000 Puffs punjiv?<\/strong><br \/>\nDa, RandM Tornado 25000 Puffs ima punjivu bateriju od 700 mAh, \u0161to osigurava dosljedne performanse s brzim punjenjem putem Type-C priklju\u010dka.<\/li>\n<li><strong>Kako mogu znati kada je baterija ili e-teku\u0107ina u mom RandM Tornado 25000 Puffs pri kraju?<\/strong><br \/>\nKada se smanji proizvodnja pare ili okus postane manje intenzivan, to je znak da je baterija ili e-teku\u0107ina pri kraju. Napunite bateriju ili zamijenite ure\u0111aj kada e-teku\u0107ina bude potro\u0161ena.<\/li>\n<\/ul>","protected":false},"excerpt":{"rendered":"<p data-start=\"1221\" data-end=\"1388\">Ovo <strong data-start=\"1225\" data-end=\"1263\">Randm Tornado 25000 Udisaja Vape Pod<\/strong> nudi dvostruke opcije nikotina, pametne kontrole na dodir i 25K udisaja. Pouzdan izbor za <strong data-start=\"1353\" data-end=\"1385\">veleprodajnu kupnju u Europi<\/strong>.<\/p>\n<figure id=\"attachment_2951\" aria-describedby=\"caption-attachment-2951\" style=\"width: 265px\" class=\"wp-caption alignnone\"><img fetchpriority=\"high\" decoding=\"async\" class=\"size-medium wp-image-2951\" src=\"https:\/\/vapestornado.com\/wp-content\/uploads\/2024\/12\/Wholesale-Disposable-Vape-265x300.jpg\" alt=\"Veleprodaja jednokratnih vape ure\u0111aja\" width=\"265\" height=\"300\" srcset=\"https:\/\/vapestornado.com\/wp-content\/uploads\/2024\/12\/Wholesale-Disposable-Vape-265x300.jpg 265w, https:\/\/vapestornado.com\/wp-content\/uploads\/2024\/12\/Wholesale-Disposable-Vape-768x871.jpg 768w, https:\/\/vapestornado.com\/wp-content\/uploads\/2024\/12\/Wholesale-Disposable-Vape-600x680.jpg 600w, https:\/\/vapestornado.com\/wp-content\/uploads\/2024\/12\/Wholesale-Disposable-Vape.jpg 823w\" sizes=\"(max-width: 265px) 100vw, 265px\" \/><figcaption id=\"caption-attachment-2951\" class=\"wp-caption-text\">Molimo kontaktirajte Mandy's WhatsApp za cijenu s popustom<a href=\"https:\/\/wa.me\/8618077105796\">+8618077105796<\/a><\/figcaption><\/figure>\n<p>&nbsp;<\/p>","protected":false},"featured_media":2987,"comment_status":"open","ping_status":"closed","template":"","meta":{"_acf_changed":false,"_uag_custom_page_level_css":"","_lmt_disableupdate":"no","_lmt_disable":"","_monsterinsights_skip_tracking":false,"_monsterinsights_sitenote_active":false,"_monsterinsights_sitenote_note":"","_monsterinsights_sitenote_category":0,"site-sidebar-layout":"default","site-content-layout":"","ast-site-content-layout":"default","site-content-style":"default","site-sidebar-style":"default","ast-global-header-display":"","ast-banner-title-visibility":"","ast-main-header-display":"","ast-hfb-above-header-display":"","ast-hfb-below-header-display":"","ast-hfb-mobile-header-display":"","site-post-title":"","ast-breadcrumbs-content":"","ast-featured-img":"","footer-sml-layout":"","ast-disable-related-posts":"","theme-transparent-header-meta":"default","adv-header-id-meta":"","stick-header-meta":"","header-above-stick-meta":"","header-main-stick-meta":"","header-below-stick-meta":"","astra-migrate-meta-layouts":"set","ast-page-background-enabled":"default","ast-page-background-meta":{"desktop":{"background-color":"","background-image":"","background-repeat":"repeat","background-position":"center center","background-size":"auto","background-attachment":"scroll","background-type":"","background-media":"","overlay-type":"","overlay-color":"","overlay-opacity":"","overlay-gradient":""},"tablet":{"background-color":"","background-image":"","background-repeat":"repeat","background-position":"center center","background-size":"auto","background-attachment":"scroll","background-type":"","background-media":"","overlay-type":"","overlay-color":"","overlay-opacity":"","overlay-gradient":""},"mobile":{"background-color":"","background-image":"","background-repeat":"repeat","background-position":"center center","background-size":"auto","background-attachment":"scroll","background-type":"","background-media":"","overlay-type":"","overlay-color":"","overlay-opacity":"","overlay-gradient":""}},"ast-content-background-meta":{"desktop":{"background-color":"var(--ast-global-color-5)","background-image":"","background-repeat":"repeat","background-position":"center center","background-size":"auto","background-attachment":"scroll","background-type":"","background-media":"","overlay-type":"","overlay-color":"","overlay-opacity":"","overlay-gradient":""},"tablet":{"background-color":"var(--ast-global-color-5)","background-image":"","background-repeat":"repeat","background-position":"center center","background-size":"auto","background-attachment":"scroll","background-type":"","background-media":"","overlay-type":"","overlay-color":"","overlay-opacity":"","overlay-gradient":""},"mobile":{"background-color":"var(--ast-global-color-5)","background-image":"","background-repeat":"repeat","background-position":"center center","background-size":"auto","background-attachment":"scroll","background-type":"","background-media":"","overlay-type":"","overlay-color":"","overlay-opacity":"","overlay-gradient":""}},"_joinchat":{"telephone":"+8618077105796"}},"product_brand":[],"product_cat":[68,153,156,58,148],"product_tag":[97,102],"class_list":{"0":"post-2993","1":"product","2":"type-product","3":"status-publish","4":"has-post-thumbnail","6":"product_cat-25000-puff","7":"product_cat-buy-disposable-vapes-in-italy","8":"product_cat-buy-disposable-vapes-in-poland","9":"product_cat-fumot-vape","10":"product_cat-tornado-disposable-vapes","11":"product_tag-hot-sale-disposable-vape","12":"product_tag-randm-tornado-25k","13":"desktop-align-left","14":"tablet-align-left","15":"mobile-align-left","17":"first","18":"instock","19":"sale","20":"shipping-taxable","21":"purchasable","22":"product-type-simple"},"acf":[],"uagb_featured_image_src":{"full":["https:\/\/vapestornado.com\/wp-content\/uploads\/2024\/12\/RandM-Fumot-25000-Dr-Blue-Disposable-Vape.jpg",800,800,false],"thumbnail":["https:\/\/vapestornado.com\/wp-content\/uploads\/2024\/12\/RandM-Fumot-25000-Dr-Blue-Disposable-Vape-150x150.jpg",150,150,true],"medium":["https:\/\/vapestornado.com\/wp-content\/uploads\/2024\/12\/RandM-Fumot-25000-Dr-Blue-Disposable-Vape-300x300.jpg",300,300,true],"medium_large":["https:\/\/vapestornado.com\/wp-content\/uploads\/2024\/12\/RandM-Fumot-25000-Dr-Blue-Disposable-Vape-768x768.jpg",768,768,true],"large":["https:\/\/vapestornado.com\/wp-content\/uploads\/2024\/12\/RandM-Fumot-25000-Dr-Blue-Disposable-Vape.jpg",800,800,false],"1536x1536":["https:\/\/vapestornado.com\/wp-content\/uploads\/2024\/12\/RandM-Fumot-25000-Dr-Blue-Disposable-Vape.jpg",800,800,false],"2048x2048":["https:\/\/vapestornado.com\/wp-content\/uploads\/2024\/12\/RandM-Fumot-25000-Dr-Blue-Disposable-Vape.jpg",800,800,false],"trp-custom-language-flag":["https:\/\/vapestornado.com\/wp-content\/uploads\/2024\/12\/RandM-Fumot-25000-Dr-Blue-Disposable-Vape.jpg",12,12,false],"woocommerce_thumbnail":["https:\/\/vapestornado.com\/wp-content\/uploads\/2024\/12\/RandM-Fumot-25000-Dr-Blue-Disposable-Vape-300x300.jpg",300,300,true],"woocommerce_single":["https:\/\/vapestornado.com\/wp-content\/uploads\/2024\/12\/RandM-Fumot-25000-Dr-Blue-Disposable-Vape-600x600.jpg",600,600,true],"woocommerce_gallery_thumbnail":["https:\/\/vapestornado.com\/wp-content\/uploads\/2024\/12\/RandM-Fumot-25000-Dr-Blue-Disposable-Vape-100x100.jpg",100,100,true]},"uagb_author_info":{"display_name":"ESMANDY","author_link":"https:\/\/vapestornado.com\/hr\/author\/"},"uagb_comment_info":0,"uagb_excerpt":"The Randm Tornado 25000 Puffs Vape Pod offers dual nicotine options, smart touch controls, and 25K puffs. A reliable choice for wholesale bulk buy in Europe. [caption id=\"attachment_2951\" align=\"alignnone\" width=\"265\"] Pls Contact Mandy's WhatsApp For Discount Price+8618077105796[\/caption] &nbsp;","_links":{"self":[{"href":"https:\/\/vapestornado.com\/hr\/wp-json\/wp\/v2\/product\/2993","targetHints":{"allow":["GET"]}}],"collection":[{"href":"https:\/\/vapestornado.com\/hr\/wp-json\/wp\/v2\/product"}],"about":[{"href":"https:\/\/vapestornado.com\/hr\/wp-json\/wp\/v2\/types\/product"}],"replies":[{"embeddable":true,"href":"https:\/\/vapestornado.com\/hr\/wp-json\/wp\/v2\/comments?post=2993"}],"wp:featuredmedia":[{"embeddable":true,"href":"https:\/\/vapestornado.com\/hr\/wp-json\/wp\/v2\/media\/2987"}],"wp:attachment":[{"href":"https:\/\/vapestornado.com\/hr\/wp-json\/wp\/v2\/media?parent=2993"}],"wp:term":[{"taxonomy":"product_brand","embeddable":true,"href":"https:\/\/vapestornado.com\/hr\/wp-json\/wp\/v2\/product_brand?post=2993"},{"taxonomy":"product_cat","embeddable":true,"href":"https:\/\/vapestornado.com\/hr\/wp-json\/wp\/v2\/product_cat?post=2993"},{"taxonomy":"product_tag","embeddable":true,"href":"https:\/\/vapestornado.com\/hr\/wp-json\/wp\/v2\/product_tag?post=2993"}],"curies":[{"name":"wp","href":"https:\/\/api.w.org\/{rel}","templated":true}]}}