{"id":2980,"date":"2024-12-06T06:49:43","date_gmt":"2024-12-06T06:49:43","guid":{"rendered":"https:\/\/vapestornado.com\/?post_type=product&#038;p=2980"},"modified":"2025-08-23T12:26:33","modified_gmt":"2025-08-23T12:26:33","slug":"waspe-vape-30000-fihp-30k-puffs-disposable-vape-wholesale-price-in-germany","status":"publish","type":"product","link":"https:\/\/vapestornado.com\/hr\/product\/waspe-vape-30000-fihp-30k-puffs-disposable-vape-wholesale-price-in-germany\/","title":{"rendered":"Waspe Vape 30000 FIHP 30K Puffs jednokratni vape veleprodajna cijena u Hrvatskoj"},"content":{"rendered":"<h1 class=\"product-title\">Waspe Vape 30000 FIHP 30K Puffs jednokratni vape veleprodajna cijena u Hrvatskoj<\/h1>\n<p>Tra\u017eite vrhunsko rje\u0161enje za vaping koje kombinira visoke performanse s iznimnim opcijama okusa? The <strong>Waspe Vape FIHP 30000 Puffs jednokratni vape<\/strong> je tu da podigne va\u0161e iskustvo vapinga. S <strong>dvostrukim na\u010dinima rada<\/strong>, podesivim razinama nikotina i elegantnim LED zaslonom, ovaj je ure\u0111aj savr\u0161en za one koji tra\u017ee kvalitetu i prilagodbu po konkurentnoj veleprodajnoj cijeni u Hrvatskoj.<\/p>\n<p>Bilo da ste trgovac koji tra\u017ei <strong>veleprodajne ponude vapea u Hrvatskoj<\/strong> ili pojedinac koji tra\u017ei visoke performanse, <strong>vape za jednokratnu upotrebu s niskim udjelom nikotina<\/strong>, Waspe 30K nudi neusporedivu vrijednost. Njegov <strong>punjivi vape<\/strong> dizajn i inovativne zna\u010dajke \u010dine ga istaknutim na tr\u017ei\u0161tu.<\/p>\n<p>Waspe FIHP dolazi u raznim <strong>kombinacijama dvostrukog okusa<\/strong>, pru\u017eaju\u0107i bogate i zadovoljavaju\u0107e okuse koji zadovoljavaju svako nepce.<\/p>\n<p>Iskoristite prednost <strong>Waspe Vape 30000 FIHP 30K Puffs jednokratni vape veleprodajna cijena u Hrvatskoj<\/strong> i donesite ovaj vrhunski proizvod svojim kupcima ve\u0107 danas!<\/p>\n<p>&nbsp;<\/p>\n<p><strong>Dodajte Amyin Whatsapp kako biste dobili brzi odgovor i kupon za vape!<\/strong><\/p>\n<p><img fetchpriority=\"high\" decoding=\"async\" class=\"size-full wp-image-2932\" src=\"https:\/\/vapestornado.com\/wp-content\/uploads\/2024\/12\/Vape-Wholesale.jpg\" alt=\"Veleprodaja vejpova\" width=\"229\" height=\"300\" \/><\/p>\n<h3><a href=\"https:\/\/wa.me\/8617776015835\" target=\"_blank\" rel=\"noopener\"><span style=\"color: #ff0000;\"><strong>WhatsApp: +86 17776015835<\/strong><\/span><\/a><\/h3>\n<p>&nbsp;<\/p>\n<h4><strong style=\"font-size: 1.7em;\">Zna\u010dajke proizvoda Waspe Vape 30000<\/strong><\/h4>\n<h4><\/h4>\n<ul>\n<li><strong>30000 udisaja s dva na\u010dina rada<\/strong>:<br \/>\nU\u017eivajte u do <strong>30.000 puffova<\/strong> u regularnom na\u010dinu rada za dugotrajne sesije, ili prebacite se na <strong>pulsni na\u010din rada<\/strong> za intenzivnije iskustvo, pru\u017eaju\u0107i 15,000 udisaja. Savr\u0161eno za korisnike koji cijene fleksibilnost.<\/li>\n<li><strong>Vi\u0161estruke opcije nikotina<\/strong>:<br \/>\nPrilagodite svoje iskustvo vapinga s <strong>0%, 2% ili 5% razine nikotina<\/strong>, namijenjeno i entuzijastima s niskim udjelom nikotina i onima koji preferiraju ja\u010di udarac.<\/li>\n<li><strong>Kapacitet e-teku\u0107ine 28 ml<\/strong>:<br \/>\nOvaj ure\u0111aj sadr\u017ei izda\u0161nih <strong>28 ml e-teku\u0107ine<\/strong>, smanjuju\u0107i potrebu za \u010destim dopunama i osiguravaju\u0107i produ\u017eenu upotrebu.<\/li>\n<li><strong>Tehnologija dvostruke mre\u017easte zavojnice<\/strong>:<br \/>\nOpremljen naprednim <strong>1ohm + 1ohm dvostrukim mre\u017eastim zavojnicama<\/strong>, Waspe 30K pru\u017ea gla\u0111u paru i dosljedno bogat okus.<\/li>\n<li><strong>Punjiv i u\u010dinkovit<\/strong>:<br \/>\nSadr\u017ei <strong>850mAh punjiva baterija<\/strong> sa <strong>Type-C brzo punjenje<\/strong>, ovaj vape osigurava da ostanete napunjeni cijeli dan s minimalnim prekidima.<\/li>\n<li><strong>LED zaslon za jednostavno pra\u0107enje<\/strong>:<br \/>\nUgra\u0111eni <strong>LED zaslon<\/strong> prikazuje broj udisaja i trajanje baterije u stvarnom vremenu, daju\u0107i vam potpunu kontrolu nad va\u0161im sesijama vapinga.<\/li>\n<li><strong>Podesiv protok zraka za prilagodbu<\/strong>:<br \/>\nUz <strong>podesivi sustav protoka zraka<\/strong>, mo\u017eete promijeniti intenzitet svog udisaja za prilago\u0111eno iskustvo vapinga.<\/li>\n<\/ul>\n<h2 class=\"product-title\"><strong>WASPE 30000 Popis okusa<\/strong><\/h2>\n<p>1. Jagoda Mango<br \/>\n2.Mje\u0161ano Bobi\u010dasto Vo\u0107e<br \/>\n3. Lubenica Led<br \/>\n4. Jagoda Lubenica<br \/>\n5.Jagoda Red Bull<br \/>\n6.Kivi Marakuja Guava<br \/>\n7.Ledeni gro\u017e\u0111e<br \/>\n8.Dvostruka jabuka led<br \/>\n9.Borovnica Malina<br \/>\n10.Lubenica Mango Led<br \/>\n11.Ledena Borovnica<br \/>\n12. Breskva, bobice<br \/>\n13.Jagoda Kivi<br \/>\n14.Tre\u0161nja led<br \/>\n15.Jagoda Superburst Tre\u0161nja<br \/>\n16.\u017dvaka\u0107a guma od lubenice<\/p>\n<h3>Za\u0161to odabrati vapestornado za veleprodaju WASPE 30k Vapes?<\/h3>\n<div class=\"flex-shrink-0 flex flex-col relative items-end\">\n<div class=\"pt-0\">\n<div class=\"gizmo-bot-avatar flex h-8 w-8 items-center justify-center overflow-hidden rounded-full\">\n<div class=\"relative p-1 rounded-sm flex items-center justify-center bg-token-main-surface-primary text-token-text-primary h-8 w-8\">\n<p>Dobrodo\u0161li u vapestornado, va\u0161u pouzdanu online trgovinu za vrhunske jednokratne vape. S vi\u0161e od 5 godina iskustva, donosimo vam popularne marke jednokratnih vapea kao \u0161to su Fumot RandM Vape, Vapme, Bang Vape, Waspe Vape i WGA Vape, itd.<\/p>\n<p>Na\u0161 asortiman uklju\u010duje vru\u0107e vapeove poput <a href=\"https:\/\/vapestornado.com\/hr\/product\/fumot-randm-tornado-15000-puffs-rechargeable-disposable-vape-wholesale\/\">RandM Tornado 15000<\/a>, i izbor bogat okusom poput <a href=\"https:\/\/vapestornado.com\/hr\/product\/waspe-40000-puffs-double-flavour-led-display-disposable-vape-wholesale\/\">WASPE Dvostruki Okus 40000 Pufova<\/a> . Svaki je proizvod odabran s naglaskom na kvalitetu, vrijednost i raznolikost, osiguravaju\u0107i da prona\u0111ete savr\u0161eno rje\u0161enje za svoje potrebe. Otkrijte iznimnu uslugu i \u0161irok raspon vrhunskih proizvoda na vapestornado.<\/p>\n<\/div>\n<h3><\/h3>\n<div class=\"relative p-1 rounded-sm flex items-center justify-center bg-token-main-surface-primary text-token-text-primary h-8 w-8\">\n<h3>\u010cESTA PITANJA za WASPE 40k punjivi jednokratni Vape<\/h3>\n<\/div>\n<\/div>\n<\/div>\n<\/div>\n<div class=\"group\/conversation-turn relative flex w-full min-w-0 flex-col agent-turn\">\n<div class=\"flex-col gap-1 md:gap-3\">\n<div class=\"flex max-w-full flex-col flex-grow\">\n<div class=\"min-h-8 text-message flex w-full flex-col items-end gap-2 whitespace-normal break-words [.text-message+&amp;]:mt-5\" dir=\"auto\" data-message-author-role=\"assistant\" data-message-id=\"db716a1c-9ed0-4b8d-b3b0-7bdb913c3d42\" data-message-model-slug=\"gpt-4o\">\n<div class=\"flex w-full flex-col gap-1 empty:hidden first:pt-[3px]\">\n<div class=\"markdown prose w-full break-words dark:prose-invert light\">\n<ul>\n<li><strong>Gdje kupiti WASPE FIHP 30000 Puffs jednokratne e-cigarete po veleprodajnoj cijeni u Hrvatskoj?<\/strong><br \/>\nWASPE FIHP 30000 Puffs jednokratne e-cigarete po veleprodajnim cijenama mo\u017eete kupiti u Hrvatskoj putem provjerenih <strong>veleprodajnih dobavlja\u010da e-cigareta<\/strong> ili online veleprodajnih platformi poput vapestornado koje su specijalizirane za proizvode za vaping.<\/li>\n<li><strong>Koliko pufova pru\u017ea WASPE FIHP 30k Puffs?<\/strong><br \/>\nWASPE FIHP 30K nudi <strong>30.000 puffova<\/strong> u normalnom na\u010dinu rada, ili <strong>15.000 udisaja<\/strong> u pulsnom na\u010dinu rada za intenzivnije iskustvo vapinga.<\/li>\n<li><strong>Koliko dugo traje popularna WASPE vape 30000 puffs Ultra jednokratna kutija za e-cigarete?<\/strong><br \/>\nTrajnost ure\u0111aja ovisi o u\u010destalosti kori\u0161tenja. Za umjerene korisnike, ova <strong>30.000 puffova<\/strong> mo\u017ee trajati nekoliko tjedana, \u0161to ga \u010dini idealnim izborom za dugotrajnu upotrebu.<\/li>\n<li><strong>Koji su popularni okusi za WASPE 30000 digital box vape?<\/strong><br \/>\nWASPE 30000 digital box vape ima <strong>iskustvo dvostrukog okusa<\/strong>, nude\u0107i raznolike i zadovoljavaju\u0107e kombinacije. Popularni izbori variraju, ali \u010desto uklju\u010duju vo\u0107ne, mint i slasti\u010darske mje\u0161avine koje odgovaraju razli\u010ditim preferencijama.<\/li>\n<li><strong>Koliko je potrebno za punjenje WASPE FIHP 30k jednokratnih Vapes?<\/strong><br \/>\nOvo <strong>850mAh punjiva baterija<\/strong> brzo se puni putem <strong>Type-C priklju\u010dak za punjenje<\/strong>, obi\u010dno traje oko <strong>1 do 1.5 sati<\/strong> za potpuno punjenje.<\/li>\n<li><strong>Koliko nikotina ima u WASPE 30000 Digital screen box jednokratnim e-cigaretama?<\/strong><br \/>\nWASPE 30000 nudi <strong>opcije nikotina od 0%, 2% ili 5%<\/strong>, omogu\u0107uju\u0107i korisnicima da odaberu ja\u010dinu nikotina koja najbolje odgovara njihovim \u017eeljama.<\/li>\n<\/ul>\n<\/div>\n<\/div>\n<\/div>\n<\/div>\n<\/div>\n<\/div>","protected":false},"excerpt":{"rendered":"<p>WASPE FIHP 30000 Puffs LED zaslon Jednokratni Vape<br \/>\nWaspe 30000 Puffs FIHP Vape Elektri\u010dna cigareta 30k<br \/>\nWASPE Vape 30000 Puffs Dual Mesh 0% 2% 5% Nikotin<\/p>\n<p><strong>Dodajte Amy na WhatsApp za brzi odgovor i kupon za vape!<\/strong><\/p>\n<p><img fetchpriority=\"high\" decoding=\"async\" class=\"size-full wp-image-2932\" src=\"https:\/\/vapestornado.com\/wp-content\/uploads\/2024\/12\/Vape-Wholesale.jpg\" alt=\"Veleprodaja vejpova\" width=\"229\" height=\"300\" \/><\/p>\n<h3><a href=\"https:\/\/wa.me\/8617776015835\"><span style=\"color: #ff0000;\"><strong>WhatsApp: +86 17776015835<\/strong><\/span><\/a><\/h3>\n<p>&nbsp;<\/p>","protected":false},"featured_media":2977,"comment_status":"open","ping_status":"closed","template":"","meta":{"_acf_changed":false,"_uag_custom_page_level_css":"","_lmt_disableupdate":"no","_lmt_disable":"","_monsterinsights_skip_tracking":false,"_monsterinsights_sitenote_active":false,"_monsterinsights_sitenote_note":"","_monsterinsights_sitenote_category":0,"site-sidebar-layout":"default","site-content-layout":"","ast-site-content-layout":"default","site-content-style":"default","site-sidebar-style":"default","ast-global-header-display":"","ast-banner-title-visibility":"","ast-main-header-display":"","ast-hfb-above-header-display":"","ast-hfb-below-header-display":"","ast-hfb-mobile-header-display":"","site-post-title":"","ast-breadcrumbs-content":"","ast-featured-img":"","footer-sml-layout":"","ast-disable-related-posts":"","theme-transparent-header-meta":"default","adv-header-id-meta":"","stick-header-meta":"","header-above-stick-meta":"","header-main-stick-meta":"","header-below-stick-meta":"","astra-migrate-meta-layouts":"set","ast-page-background-enabled":"default","ast-page-background-meta":{"desktop":{"background-color":"","background-image":"","background-repeat":"repeat","background-position":"center center","background-size":"auto","background-attachment":"scroll","background-type":"","background-media":"","overlay-type":"","overlay-color":"","overlay-opacity":"","overlay-gradient":""},"tablet":{"background-color":"","background-image":"","background-repeat":"repeat","background-position":"center center","background-size":"auto","background-attachment":"scroll","background-type":"","background-media":"","overlay-type":"","overlay-color":"","overlay-opacity":"","overlay-gradient":""},"mobile":{"background-color":"","background-image":"","background-repeat":"repeat","background-position":"center center","background-size":"auto","background-attachment":"scroll","background-type":"","background-media":"","overlay-type":"","overlay-color":"","overlay-opacity":"","overlay-gradient":""}},"ast-content-background-meta":{"desktop":{"background-color":"var(--ast-global-color-5)","background-image":"","background-repeat":"repeat","background-position":"center center","background-size":"auto","background-attachment":"scroll","background-type":"","background-media":"","overlay-type":"","overlay-color":"","overlay-opacity":"","overlay-gradient":""},"tablet":{"background-color":"var(--ast-global-color-5)","background-image":"","background-repeat":"repeat","background-position":"center center","background-size":"auto","background-attachment":"scroll","background-type":"","background-media":"","overlay-type":"","overlay-color":"","overlay-opacity":"","overlay-gradient":""},"mobile":{"background-color":"var(--ast-global-color-5)","background-image":"","background-repeat":"repeat","background-position":"center center","background-size":"auto","background-attachment":"scroll","background-type":"","background-media":"","overlay-type":"","overlay-color":"","overlay-opacity":"","overlay-gradient":""}},"_joinchat":{"telephone":"+8617776015835"}},"product_brand":[],"product_cat":[67,152,157,158,142,146,60],"product_tag":[100,99,101],"class_list":{"0":"post-2980","1":"product","2":"type-product","3":"status-publish","4":"has-post-thumbnail","6":"product_cat-30000-puff","7":"product_cat-buy-disposable-vapes-in-cermany","8":"product_cat-buy-disposable-vapes-in-portugal","9":"product_cat-buy-disposable-vapes-in-spain","10":"product_cat-digital-box-disposable-vapes","11":"product_cat-rechargeable-disposable-vapes","12":"product_cat-waspe-fihp-vape","13":"product_tag-wasoe-vape","14":"product_tag-waspe-30000-puffs","15":"product_tag-waspe-30k","16":"desktop-align-left","17":"tablet-align-left","18":"mobile-align-left","20":"first","21":"instock","22":"sale","23":"shipping-taxable","24":"purchasable","25":"product-type-simple"},"acf":[],"uagb_featured_image_src":{"full":["https:\/\/vapestornado.com\/wp-content\/uploads\/2024\/12\/Waspe-FIHP-30000-30K-Puffs-Disposable-Vape.jpg",800,800,false],"thumbnail":["https:\/\/vapestornado.com\/wp-content\/uploads\/2024\/12\/Waspe-FIHP-30000-30K-Puffs-Disposable-Vape-150x150.jpg",150,150,true],"medium":["https:\/\/vapestornado.com\/wp-content\/uploads\/2024\/12\/Waspe-FIHP-30000-30K-Puffs-Disposable-Vape-300x300.jpg",300,300,true],"medium_large":["https:\/\/vapestornado.com\/wp-content\/uploads\/2024\/12\/Waspe-FIHP-30000-30K-Puffs-Disposable-Vape-768x768.jpg",768,768,true],"large":["https:\/\/vapestornado.com\/wp-content\/uploads\/2024\/12\/Waspe-FIHP-30000-30K-Puffs-Disposable-Vape.jpg",800,800,false],"1536x1536":["https:\/\/vapestornado.com\/wp-content\/uploads\/2024\/12\/Waspe-FIHP-30000-30K-Puffs-Disposable-Vape.jpg",800,800,false],"2048x2048":["https:\/\/vapestornado.com\/wp-content\/uploads\/2024\/12\/Waspe-FIHP-30000-30K-Puffs-Disposable-Vape.jpg",800,800,false],"trp-custom-language-flag":["https:\/\/vapestornado.com\/wp-content\/uploads\/2024\/12\/Waspe-FIHP-30000-30K-Puffs-Disposable-Vape.jpg",12,12,false],"woocommerce_thumbnail":["https:\/\/vapestornado.com\/wp-content\/uploads\/2024\/12\/Waspe-FIHP-30000-30K-Puffs-Disposable-Vape-300x300.jpg",300,300,true],"woocommerce_single":["https:\/\/vapestornado.com\/wp-content\/uploads\/2024\/12\/Waspe-FIHP-30000-30K-Puffs-Disposable-Vape-600x600.jpg",600,600,true],"woocommerce_gallery_thumbnail":["https:\/\/vapestornado.com\/wp-content\/uploads\/2024\/12\/Waspe-FIHP-30000-30K-Puffs-Disposable-Vape-100x100.jpg",100,100,true]},"uagb_author_info":{"display_name":"ESAMY","author_link":"https:\/\/vapestornado.com\/hr\/author\/"},"uagb_comment_info":0,"uagb_excerpt":"WASPE FIHP 30000 Puffs LED Display Disposable Vape Waspe 30000 Puffs FIHP Vape Electric Cigarette 30k WASPE Vape 30000 Puffs Dual Mesh 0% 2% 5% Nicotine Add Amy's whatsapp to get right reply and vape vape coupon! WhatsApp: +86 17776015835 &nbsp;","_links":{"self":[{"href":"https:\/\/vapestornado.com\/hr\/wp-json\/wp\/v2\/product\/2980","targetHints":{"allow":["GET"]}}],"collection":[{"href":"https:\/\/vapestornado.com\/hr\/wp-json\/wp\/v2\/product"}],"about":[{"href":"https:\/\/vapestornado.com\/hr\/wp-json\/wp\/v2\/types\/product"}],"replies":[{"embeddable":true,"href":"https:\/\/vapestornado.com\/hr\/wp-json\/wp\/v2\/comments?post=2980"}],"wp:featuredmedia":[{"embeddable":true,"href":"https:\/\/vapestornado.com\/hr\/wp-json\/wp\/v2\/media\/2977"}],"wp:attachment":[{"href":"https:\/\/vapestornado.com\/hr\/wp-json\/wp\/v2\/media?parent=2980"}],"wp:term":[{"taxonomy":"product_brand","embeddable":true,"href":"https:\/\/vapestornado.com\/hr\/wp-json\/wp\/v2\/product_brand?post=2980"},{"taxonomy":"product_cat","embeddable":true,"href":"https:\/\/vapestornado.com\/hr\/wp-json\/wp\/v2\/product_cat?post=2980"},{"taxonomy":"product_tag","embeddable":true,"href":"https:\/\/vapestornado.com\/hr\/wp-json\/wp\/v2\/product_tag?post=2980"}],"curies":[{"name":"wp","href":"https:\/\/api.w.org\/{rel}","templated":true}]}}