{"id":2974,"date":"2024-12-05T03:54:55","date_gmt":"2024-12-05T03:54:55","guid":{"rendered":"https:\/\/vapestornado.com\/?post_type=product&#038;p=2974"},"modified":"2025-08-23T11:41:10","modified_gmt":"2025-08-23T11:41:10","slug":"vopk-ultra-40000-puffs-2-in-1-digital-screen-rechargeable-disposable-vape","status":"publish","type":"product","link":"https:\/\/vapestornado.com\/hr\/product\/vopk-ultra-40000-puffs-2-in-1-digital-screen-rechargeable-disposable-vape\/","title":{"rendered":"VOPK ULTRA 40000 Puffs 2 u 1 punjivi jednokratni vejp s digitalnim zaslonom"},"content":{"rendered":"<h1 class=\"product-title\">VOPK ULTRA 40000 Puffs 2 u 1 punjivi jednokratni vejp s digitalnim zaslonom<\/h1>\n<p>Do\u017eivite sljede\u0107u razinu vapinga s <strong>VOPK ULTRA 40000<\/strong>, vrhunskim ure\u0111ajem <strong>punjiva jednokratna vape<\/strong> dizajniranim da pru\u017ei neusporedivu prakti\u010dnost, okus i performanse. S izvanrednim sustavom <strong>40000 udisaja<\/strong> i <strong>2 u 1 dvostrukog okusa<\/strong> , ovaj ure\u0111aj omogu\u0107uje korisnicima da se neometano prebacuju izme\u0111u dva razli\u010dita okusa, redefiniraju\u0107i koncept raznolikosti okusa.<\/p>\n<p>Opremljen s ogromnim kapacitetom e-teku\u0107ine od <strong>36 ml<\/strong> i dostupan u ja\u010dinama nikotina od <strong>2% ili 5%<\/strong>, onda je <strong>VOPK 40K<\/strong> osigurava da je svaki dim gladak, zadovoljavaju\u0107i i prilago\u0111en va\u0161im \u017eeljama. Inovativni <strong>LED zaslon<\/strong> LED zaslon<\/p>\n<p>Ovo <strong>podi\u017ee prakti\u010dnost na vi\u0161u razinu, pru\u017eaju\u0107i informacije u stvarnom vremenu o trajanju baterije i preostalim razinama e-teku\u0107ine kako biste mogli bezbri\u017eno u\u017eivati.<\/strong> Baterija s mogu\u0107no\u0161\u0107u punjenja putem Type-C <strong>VOPK ULTRA 40000<\/strong> omogu\u0107uje brzo i pouzdano punjenje, dok njegov kompaktan i prenosiv dizajn \u010dini <strong>vape za jednokratnu upotrebu s niskim udjelom nikotina<\/strong>.<\/p>\n<p>savr\u0161enim za vaping u pokretu. Birajte izme\u0111u 10 primamljivih okusa kako biste u\u017eivali u uistinu prilagodljivom iskustvu, dok istovremeno u\u017eivate u prednostima <strong>VOPK ULTRA 40000<\/strong> isti\u010de se na <strong>veleprodaju vapea<\/strong> tr\u017ei\u0161tu kao savr\u0161ena kombinacija izdr\u017eljivosti, inovacije i pristupa\u010dnosti. Podignite svoje iskustvo vapinga s ure\u0111ajem koji je dizajniran da traje i pru\u017ei dvostruko vi\u0161e okusa, a sve to dok vas obavje\u0161tava sa svojim pametnim <strong>digitalni zaslon<\/strong>.<\/p>\n<p>Prije\u0111ite na <strong>VOPK ULTRA 40000 Udisaja<\/strong> i u\u017eivajte u najboljem od modernog vapinga sa stilom i prakti\u010dno\u0161\u0107u!<\/p>\n<p>&nbsp;<\/p>\n<p><strong>Dodajte Amyin Whatsapp kako biste dobili brzi odgovor i kupon za vape!<\/strong><\/p>\n<p><img fetchpriority=\"high\" decoding=\"async\" class=\"size-full wp-image-2932\" src=\"https:\/\/vapestornado.com\/wp-content\/uploads\/2024\/12\/Vape-Wholesale.jpg\" alt=\"Veleprodaja vejpova\" width=\"229\" height=\"300\" \/><\/p>\n<h3><a href=\"https:\/\/wa.me\/8617776015835\" target=\"_blank\" rel=\"noopener\"><span style=\"color: #ff0000;\"><strong>WhatsApp: +86 17776015835<\/strong><\/span><\/a><\/h3>\n<p>&nbsp;<\/p>\n<h2><strong>VOPK ULTRA 40000 Udisaja Zna\u010dajke Proizvoda<\/strong><\/h2>\n<p>Uvla\u010denja: 40000 uvla\u010denja<br \/>\nKapacitet e-teku\u0107ine: 36 ml<br \/>\nNikotin: 2%\/5%<br \/>\nPunjenje preko Type-C za brzo punjenje<br \/>\nPametni LED zaslon prikazuje trajanje baterije i razine e-teku\u0107ine<br \/>\nIskustvo s dvostrukim okusom<br \/>\n10 okusa za odabir<\/p>\n<h2 class=\"product-title\"><strong>Popis okusa VOPK ULTRA 40000<\/strong><\/h2>\n<p>1.Jagoda Lubenica \/ Kivi Marakuja Guava<br \/>\n2.Borovnica Malina \/ Breskva Mango Lubenica<br \/>\n3.Plava Malina Gumeni Medvjedi\u0107 \/ Jagoda Kivi<br \/>\n4.Plava Malina Tre\u0161nja \/ Jagoda Malina<br \/>\n5.Gazirani Limun<br \/>\n6.Lubenica Led \/ Plava Malina Led<br \/>\n7.Plava Malina Ananas \/ Trostruki Mango<br \/>\n8.Gro\u017e\u0111e Bobice Navala \/ Kru\u0161ka Jabuka Malina<br \/>\n9.Jagoda Brusnica Tre\u0161nja \/ Ananas Marakuja Limeta<br \/>\n10.Borovnica Jagoda Mentol \/ Borovnica Malina Mentol<\/p>\n<p>&nbsp;<\/p>\n<h2>Za\u0161to odabrati vapestornado za VOPK 40k Vape Veleprodaju?<\/h2>\n<div class=\"flex-shrink-0 flex flex-col relative items-end\">\n<div class=\"pt-0\">\n<div class=\"gizmo-bot-avatar flex h-8 w-8 items-center justify-center overflow-hidden rounded-full\">\n<div class=\"relative p-1 rounded-sm flex items-center justify-center bg-token-main-surface-primary text-token-text-primary h-8 w-8\">\n<p>Dobrodo\u0161li u vapestornado, va\u0161u pouzdanu online trgovinu za vrhunske jednokratne vape. S vi\u0161e od 5 godina iskustva, donosimo vam popularne marke jednokratnih vapea kao \u0161to su Fumot RandM Vape, Vapme, Bang Vape, Waspe Vape i WGA Vape, itd.<\/p>\n<p>Na\u0161 asortiman uklju\u010duje vru\u0107e vapeove poput <a href=\"https:\/\/vapestornado.com\/hr\/product\/fumot-randm-tornado-15000-puffs-rechargeable-disposable-vape-wholesale\/\">RandM Tornado 15000<\/a>, i izbor bogat okusom poput <a href=\"https:\/\/vapestornado.com\/hr\/product\/waspe-40000-puffs-double-flavour-led-display-disposable-vape-wholesale\/\">WASPE Dvostruki Okus 40000 Pufova<\/a> . Svaki je proizvod odabran s naglaskom na kvalitetu, vrijednost i raznolikost, osiguravaju\u0107i da prona\u0111ete savr\u0161eno rje\u0161enje za svoje potrebe. Otkrijte iznimnu uslugu i \u0161irok raspon vrhunskih proizvoda na vapestornado.<\/p>\n<\/div>\n<h3><\/h3>\n<div class=\"relative p-1 rounded-sm flex items-center justify-center bg-token-main-surface-primary text-token-text-primary h-8 w-8\">\n<h2>\u010cesto postavljana pitanja za VOPK 40k Punjivi Jednokratni Vape<\/h2>\n<\/div>\n<\/div>\n<\/div>\n<\/div>\n<div class=\"group\/conversation-turn relative flex w-full min-w-0 flex-col agent-turn\">\n<div class=\"flex-col gap-1 md:gap-3\">\n<div class=\"flex max-w-full flex-col flex-grow\">\n<div class=\"min-h-8 text-message flex w-full flex-col items-end gap-2 whitespace-normal break-words [.text-message+&amp;]:mt-5\" dir=\"auto\" data-message-author-role=\"assistant\" data-message-id=\"db716a1c-9ed0-4b8d-b3b0-7bdb913c3d42\" data-message-model-slug=\"gpt-4o\">\n<div class=\"flex w-full flex-col gap-1 empty:hidden first:pt-[3px]\">\n<div class=\"markdown prose w-full break-words dark:prose-invert light\">\n<p>&nbsp;<\/p>\n<p><strong>1. Gdje kupiti VOPK 40000 Puffs jednokratni vape po veleprodajnoj cijeni u Hrvatskoj<\/strong><br \/>\nMo\u017eete kupiti <strong>VOPK 40000 Puffs jednokratni vape<\/strong> po veleprodajnim cijenama putem internetskih <strong>veleprodaju vapea<\/strong> platformi koje opskrbljuju Hrvatsku.<\/p>\n<p><strong>2. Koliko 'puffova' nudi VOPK Ultra 40k Puffs?<\/strong><br \/>\nOvo <strong>VOPK Ultra 40k Puffs jednokratni vape<\/strong> pru\u017ea do <strong>40.000 udisaja<\/strong>, \u0161to ga \u010dini jednim od najdugotrajnijih dostupnih ure\u0111aja.<\/p>\n<p><strong>3. Koliko dugo traje popularna kutija VOPK 40000 puffs Ultra jednokratnog vapea?<\/strong><br \/>\nTrajanje <strong>VOPK Ultra 40000<\/strong> ovisi o navikama kori\u0161tenja, ali sa svojom masivnom <strong>36 ml<\/strong> i punjivom baterijom, dizajniran je da traje znatno du\u017ee od ve\u0107ine jednokratnih e-cigareta.<\/p>\n<p><strong>4. Koji su popularni okusi za VOPK 40000 Puffs digitalnu kutiju?<\/strong><br \/>\nOvo <strong>VOPK 40k Udisaja<\/strong> nudi 10 uzbudljivih okusa, sa svojim <strong>dvostrukim okusom<\/strong> sustavom koji korisnicima omogu\u0107uje u\u017eivanje u dva okusa u jednom ure\u0111aju. Popularni okusi variraju ovisno o preferencijama, ali vo\u0107ne i mentol kombinacije su posebno omiljene.<\/p>\n<p><strong>5. Koliko je potrebno za punjenje VOPK 40k Puffs Spaceman jednokratnih e-cigareta?<\/strong><br \/>\nOvo <strong>VOPK Ultra 40k Udisaja<\/strong> koristi <strong>podi\u017ee prakti\u010dnost na vi\u0161u razinu, pru\u017eaju\u0107i informacije u stvarnom vremenu o trajanju baterije i preostalim razinama e-teku\u0107ine kako biste mogli bezbri\u017eno u\u017eivati.<\/strong>, za koje je obi\u010dno potrebno oko <strong>1-2 sata<\/strong> za potpuno punjenje, ovisno o izvoru napajanja.<\/p>\n<p><strong>6. Koliko nikotina sadr\u017ei VOPK 40k Digital screen box jednokratna e-cigareta?<\/strong><br \/>\nOvo <strong>VOPK Ultra 40000<\/strong> je dostupan u <strong>2% (20 mg)<\/strong> or <strong>5% (50mg)<\/strong> ja\u010dina nikotina, zadovoljavaju\u0107i razli\u010dite preferencije nikotina.<\/p>\n<\/div>\n<\/div>\n<\/div>\n<\/div>\n<\/div>\n<\/div>","protected":false},"excerpt":{"rendered":"<p>VOPK 40000 Puffs 2 u 1 jednokratni Vape s dvostrukim okusom 40K veleprodaja<br \/>\nVOPK jednokratni Vape s dvostrukim okusom 40000 Puffs s mogu\u0107no\u0161\u0107u punjenja<br \/>\nVOPK 40000 Puffs s dvostrukim okusom s LED zaslonom<\/p>\n<p><strong>Dodajte Amy na WhatsApp za brzi odgovor i kupon za vape!<\/strong><\/p>\n<p><img fetchpriority=\"high\" decoding=\"async\" class=\"size-full wp-image-2932\" src=\"https:\/\/vapestornado.com\/wp-content\/uploads\/2024\/12\/Vape-Wholesale.jpg\" alt=\"Veleprodaja vejpova\" width=\"229\" height=\"300\" \/><\/p>","protected":false},"featured_media":2973,"comment_status":"open","ping_status":"closed","template":"","meta":{"_acf_changed":false,"_uag_custom_page_level_css":"","_lmt_disableupdate":"no","_lmt_disable":"","_monsterinsights_skip_tracking":false,"_monsterinsights_sitenote_active":false,"_monsterinsights_sitenote_note":"","_monsterinsights_sitenote_category":0,"site-sidebar-layout":"default","site-content-layout":"","ast-site-content-layout":"default","site-content-style":"default","site-sidebar-style":"default","ast-global-header-display":"","ast-banner-title-visibility":"","ast-main-header-display":"","ast-hfb-above-header-display":"","ast-hfb-below-header-display":"","ast-hfb-mobile-header-display":"","site-post-title":"","ast-breadcrumbs-content":"","ast-featured-img":"","footer-sml-layout":"","ast-disable-related-posts":"","theme-transparent-header-meta":"default","adv-header-id-meta":"","stick-header-meta":"","header-above-stick-meta":"","header-main-stick-meta":"","header-below-stick-meta":"","astra-migrate-meta-layouts":"set","ast-page-background-enabled":"default","ast-page-background-meta":{"desktop":{"background-color":"","background-image":"","background-repeat":"repeat","background-position":"center center","background-size":"auto","background-attachment":"scroll","background-type":"","background-media":"","overlay-type":"","overlay-color":"","overlay-opacity":"","overlay-gradient":""},"tablet":{"background-color":"","background-image":"","background-repeat":"repeat","background-position":"center center","background-size":"auto","background-attachment":"scroll","background-type":"","background-media":"","overlay-type":"","overlay-color":"","overlay-opacity":"","overlay-gradient":""},"mobile":{"background-color":"","background-image":"","background-repeat":"repeat","background-position":"center center","background-size":"auto","background-attachment":"scroll","background-type":"","background-media":"","overlay-type":"","overlay-color":"","overlay-opacity":"","overlay-gradient":""}},"ast-content-background-meta":{"desktop":{"background-color":"var(--ast-global-color-5)","background-image":"","background-repeat":"repeat","background-position":"center center","background-size":"auto","background-attachment":"scroll","background-type":"","background-media":"","overlay-type":"","overlay-color":"","overlay-opacity":"","overlay-gradient":""},"tablet":{"background-color":"var(--ast-global-color-5)","background-image":"","background-repeat":"repeat","background-position":"center center","background-size":"auto","background-attachment":"scroll","background-type":"","background-media":"","overlay-type":"","overlay-color":"","overlay-opacity":"","overlay-gradient":""},"mobile":{"background-color":"var(--ast-global-color-5)","background-image":"","background-repeat":"repeat","background-position":"center center","background-size":"auto","background-attachment":"scroll","background-type":"","background-media":"","overlay-type":"","overlay-color":"","overlay-opacity":"","overlay-gradient":""}},"_joinchat":{"telephone":"+8617776015835"}},"product_brand":[],"product_cat":[65,140,153,157,158,142,144,290],"product_tag":[94,95,93,96,92],"class_list":{"0":"post-2974","1":"product","2":"type-product","3":"status-publish","4":"has-post-thumbnail","6":"product_cat-40000-puff","7":"product_cat-big-puffs-disposable-vapes","8":"product_cat-buy-disposable-vapes-in-italy","9":"product_cat-buy-disposable-vapes-in-portugal","10":"product_cat-buy-disposable-vapes-in-spain","11":"product_cat-digital-box-disposable-vapes","12":"product_cat-low-nicotine-disposable-vapes","13":"product_cat-vopk-vape","14":"product_tag-rechargeable-disposable-vape","15":"product_tag-spaceman-disposable-vape","16":"product_tag-vape-wholesale","17":"product_tag-vopk-40000","18":"product_tag-vopk-vape","19":"desktop-align-left","20":"tablet-align-left","21":"mobile-align-left","23":"first","24":"instock","25":"sale","26":"shipping-taxable","27":"purchasable","28":"product-type-simple"},"acf":[],"uagb_featured_image_src":{"full":["https:\/\/vapestornado.com\/wp-content\/uploads\/2024\/12\/VOPK-ULTRA-40000-Disposable-Vape.jpg",1126,1126,false],"thumbnail":["https:\/\/vapestornado.com\/wp-content\/uploads\/2024\/12\/VOPK-ULTRA-40000-Disposable-Vape-150x150.jpg",150,150,true],"medium":["https:\/\/vapestornado.com\/wp-content\/uploads\/2024\/12\/VOPK-ULTRA-40000-Disposable-Vape-300x300.jpg",300,300,true],"medium_large":["https:\/\/vapestornado.com\/wp-content\/uploads\/2024\/12\/VOPK-ULTRA-40000-Disposable-Vape-768x768.jpg",768,768,true],"large":["https:\/\/vapestornado.com\/wp-content\/uploads\/2024\/12\/VOPK-ULTRA-40000-Disposable-Vape-1024x1024.jpg",1024,1024,true],"1536x1536":["https:\/\/vapestornado.com\/wp-content\/uploads\/2024\/12\/VOPK-ULTRA-40000-Disposable-Vape.jpg",1126,1126,false],"2048x2048":["https:\/\/vapestornado.com\/wp-content\/uploads\/2024\/12\/VOPK-ULTRA-40000-Disposable-Vape.jpg",1126,1126,false],"trp-custom-language-flag":["https:\/\/vapestornado.com\/wp-content\/uploads\/2024\/12\/VOPK-ULTRA-40000-Disposable-Vape.jpg",12,12,false],"woocommerce_thumbnail":["https:\/\/vapestornado.com\/wp-content\/uploads\/2024\/12\/VOPK-ULTRA-40000-Disposable-Vape-300x300.jpg",300,300,true],"woocommerce_single":["https:\/\/vapestornado.com\/wp-content\/uploads\/2024\/12\/VOPK-ULTRA-40000-Disposable-Vape-600x600.jpg",600,600,true],"woocommerce_gallery_thumbnail":["https:\/\/vapestornado.com\/wp-content\/uploads\/2024\/12\/VOPK-ULTRA-40000-Disposable-Vape-100x100.jpg",100,100,true]},"uagb_author_info":{"display_name":"ESAMY","author_link":"https:\/\/vapestornado.com\/hr\/author\/"},"uagb_comment_info":0,"uagb_excerpt":"VOPK 40000 Puffs 2 in 1 Disposable Vape Dual Taste 40K Wholesale VOPK Double Flavor 40000 Puffs Rechargeable Disposable Vape VOPK 40000 Puffs Double Flavor with LED Display Add Amy's whatsapp to get right reply and vape vape coupon!","_links":{"self":[{"href":"https:\/\/vapestornado.com\/hr\/wp-json\/wp\/v2\/product\/2974","targetHints":{"allow":["GET"]}}],"collection":[{"href":"https:\/\/vapestornado.com\/hr\/wp-json\/wp\/v2\/product"}],"about":[{"href":"https:\/\/vapestornado.com\/hr\/wp-json\/wp\/v2\/types\/product"}],"replies":[{"embeddable":true,"href":"https:\/\/vapestornado.com\/hr\/wp-json\/wp\/v2\/comments?post=2974"}],"wp:featuredmedia":[{"embeddable":true,"href":"https:\/\/vapestornado.com\/hr\/wp-json\/wp\/v2\/media\/2973"}],"wp:attachment":[{"href":"https:\/\/vapestornado.com\/hr\/wp-json\/wp\/v2\/media?parent=2974"}],"wp:term":[{"taxonomy":"product_brand","embeddable":true,"href":"https:\/\/vapestornado.com\/hr\/wp-json\/wp\/v2\/product_brand?post=2974"},{"taxonomy":"product_cat","embeddable":true,"href":"https:\/\/vapestornado.com\/hr\/wp-json\/wp\/v2\/product_cat?post=2974"},{"taxonomy":"product_tag","embeddable":true,"href":"https:\/\/vapestornado.com\/hr\/wp-json\/wp\/v2\/product_tag?post=2974"}],"curies":[{"name":"wp","href":"https:\/\/api.w.org\/{rel}","templated":true}]}}