{"id":2958,"date":"2024-12-05T08:16:37","date_gmt":"2024-12-05T08:16:37","guid":{"rendered":"https:\/\/vapestornado.com\/?post_type=product&#038;p=2958"},"modified":"2025-08-23T10:27:04","modified_gmt":"2025-08-23T10:27:04","slug":"randm-vape-tornado-15k-puffs-disposable-vapes-wholesale-price-2-5-nicotine","status":"publish","type":"product","link":"https:\/\/vapestornado.com\/hr\/product\/randm-vape-tornado-15k-puffs-disposable-vapes-wholesale-price-2-5-nicotine\/","title":{"rendered":"Randm Vape Tornado 15k Puffs Jednokratne Vape veleprodajna cijena 2% 5% Nikotin"},"content":{"rendered":"<h1>Randm Vape Tornado 15k Puffs Jednokratne Vape veleprodajna cijena 2% 5% Nikotin<\/h1>\n<p>&nbsp;<\/p>\n<p data-start=\"206\" data-end=\"513\">Ovo <strong data-start=\"210\" data-end=\"247\">RandM Tornado 15K Jednokratni Vape<\/strong> je izra\u0111en kako bi trgovcima i distributerima pru\u017eio pouzdanu opciju velikog volumena za njihove police. Svaka jedinica dolazi prethodno napunjena sa <strong data-start=\"383\" data-end=\"403\">25 ml e-teku\u0107ine<\/strong> a napaja ga <strong data-start=\"425\" data-end=\"456\">850mAh punjiva baterija<\/strong>, nude\u0107i do <strong data-start=\"473\" data-end=\"489\">15.000 udisaja<\/strong> bez prekida.<\/p>\n<p data-start=\"515\" data-end=\"845\">Projektiran sa <strong data-start=\"533\" data-end=\"553\">mre\u017easti sustav zavojnica<\/strong>, ure\u0111aj pru\u017ea stabilnu proizvodnju pare i pun okus. Korisnici mogu lako pratiti performanse putem <strong data-start=\"672\" data-end=\"691\">dvostruki indikatori<\/strong> za razinu baterije i teku\u0107ine. Njegov <strong data-start=\"732\" data-end=\"767\">mehanizam za aktiviranje povla\u010denjem<\/strong> osigurava jednostavnu upotrebu bez gumba, \u0161to ga \u010dini prikladnim za svakodnevne kupce.<\/p>\n<p data-start=\"847\" data-end=\"1119\">Ovo <strong data-start=\"851\" data-end=\"875\">Type-C brzo punjenje<\/strong> priklju\u010dak smanjuje vrijeme zastoja izme\u0111u sesija, a lagani <strong data-start=\"936\" data-end=\"950\">okvir od 103 g<\/strong> olak\u0161ava no\u0161enje u pokretu. S <strong data-start=\"990\" data-end=\"1022\">ja\u010dine nikotina od 2% i 5%<\/strong>, onda je <strong data-start=\"1028\" data-end=\"1041\">RandM 15K<\/strong> zadovoljava i lak\u0161e korisnike i one koji preferiraju ja\u010di udarac u grlo.<\/p>\n<p data-start=\"1121\" data-end=\"1311\">Dizajniran s veleprodajom na umu, <strong data-start=\"1158\" data-end=\"1193\">RandM Tornado 15.000 Puffs Vape<\/strong> uravnote\u017euje kapacitet, upotrebljivost i konkurentne cijene za velike koli\u010dine \u2013 \u0161to ga \u010dini pametnim dodatkom europskim zalihama vape proizvoda.<\/p>\n<p><img fetchpriority=\"high\" decoding=\"async\" class=\"size-medium wp-image-2951\" src=\"https:\/\/vapestornado.com\/wp-content\/uploads\/2024\/12\/Wholesale-Disposable-Vape-265x300.jpg\" alt=\"Veleprodaja jednokratnih vape ure\u0111aja\" width=\"265\" height=\"300\" srcset=\"https:\/\/vapestornado.com\/wp-content\/uploads\/2024\/12\/Wholesale-Disposable-Vape-265x300.jpg 265w, https:\/\/vapestornado.com\/wp-content\/uploads\/2024\/12\/Wholesale-Disposable-Vape-768x871.jpg 768w, https:\/\/vapestornado.com\/wp-content\/uploads\/2024\/12\/Wholesale-Disposable-Vape-600x680.jpg 600w, https:\/\/vapestornado.com\/wp-content\/uploads\/2024\/12\/Wholesale-Disposable-Vape.jpg 823w\" sizes=\"(max-width: 265px) 100vw, 265px\" \/><\/p>\n<h6>Molimo kontaktirajte Mandy's WhatsApp za cijenu s popustom<a href=\"https:\/\/wa.me\/8618077105796\" target=\"_blank\" rel=\"noopener\">+8618077105796<\/a><\/h6>\n<p>&nbsp;<\/p>\n<h2><strong>RandM Tornado Vape 15000 Puffs \u2013 Istaknute zna\u010dajke proizvoda<\/strong><\/h2>\n<ul>\n<li><strong>Produ\u017eena uporaba<\/strong>: Pru\u017ea impresivnih 15000 udisaja, osiguravaju\u0107i dugotrajne performanse za \u010deste korisnike.<\/li>\n<li><strong>Pametni indikatori<\/strong>: Opremljen indikatorima razine baterije i e-teku\u0107ine, pru\u017eaju\u0107i a\u017euriranja u stvarnom vremenu kako bi se izbjegli neo\u010dekivani prekidi.<\/li>\n<li><strong>Jednostavan rad<\/strong>: Aktivira se jednostavnim udisanjem, eliminiraju\u0107i potrebu za gumbima i nude\u0107i vaping iskustvo bez problema.<\/li>\n<li><strong>Pogodan za punjenje<\/strong>: Napaja ga punjiva baterija od 850 mAh s priklju\u010dkom za punjenje Type-C za brzo i u\u010dinkovito punjenje.<\/li>\n<li><strong>Vrhunski sustav zavojnica<\/strong>: Sadr\u017ei naprednu tehnologiju mre\u017easte zavojnice za dosljedne, bogate okuse i guste oblake pare.<\/li>\n<li><strong>Spreman za veleprodaju<\/strong>: Paket od 200 jedinica po kartonu pogodan za rasute koli\u010dine namijenjen je veletrgovcima i maloprodajnim distributerima u Hrvatskoj.<\/li>\n<li><strong>Prijenosna izrada<\/strong>: Te\u017eak samo 103 g, ovaj lagani dizajn savr\u0161en je za stil \u017eivota u pokretu.<\/li>\n<\/ul>\n<p>&nbsp;<\/p>\n<h2><strong>RandM Tornado 15000 Puff Detaljni opisi okusa<\/strong><\/h2>\n<p>1.Blue Razz Limunada<br \/>\n2.Led od breskve<br \/>\n3. Kisela jabuka<br \/>\n4. Lubenica Led<br \/>\n5. Borovnica na ledu<br \/>\n6. Borovnica malina<br \/>\n7. Ananas led<br \/>\n8. Tre\u0161nja<br \/>\n9. Jagoda led<br \/>\n10. Vimto<br \/>\n11. Gro\u017e\u0111e led<br \/>\n12. Cola led<br \/>\n13. Jagoda lubenica<br \/>\n14. Ru\u017ei\u010dasta limunada<br \/>\n15. Mije\u0161ano bobi\u010dasto vo\u0107e<br \/>\n16. Breskva Mango<br \/>\n17. Zmajevo vo\u0107e<br \/>\n18. Jagoda Gro\u017e\u0111e<br \/>\n19. Mr. Blue<br \/>\n20. Bujni led<br \/>\n21. Ledeni desert<br \/>\n22. Jagoda Kiwi<br \/>\n23. Kiwi Marakuja Guava<br \/>\n24. Trostruko bobi\u010dasto vo\u0107e<br \/>\n25. Banana Led<br \/>\n26. Bombon od breskve i borovnice<br \/>\n27. Jabuka Breskva Kru\u0161ka<br \/>\n28. Bobi\u010dasta limunada<br \/>\n29. Plava malina tre\u0161nja<br \/>\n30. \u017dvaka\u0107a guma od borovnice<br \/>\n31. Borovnica Tre\u0161nja Brusnica<br \/>\n32. Borovnica Nar<br \/>\n33. Kisela malina<br \/>\n34. Cherry Cola<br \/>\n35. Gumeni medvjedi\u0107<br \/>\n36. Limun<br \/>\n37. Mango na ledu<br \/>\n38. Crvena energetska ledena<br \/>\n39. Jagoda Banana<br \/>\n40. Jagoda Red Bull<br \/>\n41. Limunada od jagode i lubenice<br \/>\n42. Ledeni \u010daj Limun Led<br \/>\n43. Ledeni \u010daj Breskva Led<br \/>\n44. Gazirana tre\u0161nja<br \/>\n45. Skittles<\/p>\n<h3><strong>Za\u0161to odabrati RandM Tornado 15000 Puffs?<\/strong><\/h3>\n<ul>\n<li><strong>Nepremostiva Dugotrajnost<\/strong><br \/>\nU\u017eivajte u do 15.000 udisaja po ure\u0111aju, osiguravaju\u0107i produ\u017eenu upotrebu bez \u010destih zamjena \u2013 savr\u0161en izbor za dosljedne vapere.<\/li>\n<li><strong>Napredna tehnologija<\/strong><br \/>\nS tehnologijom mre\u017easte zavojnice, RandM Tornado pru\u017ea vrhunske profile okusa i guste oblake pare, pobolj\u0161avaju\u0107i va\u0161e iskustvo vapinga.<\/li>\n<li><strong>Ponovno definirana prakti\u010dnost<\/strong><br \/>\nS automatskim sustavom aktivacije, vaping je jednostavan kao udisanje \u2013 bez gumba, bez gnjava\u017ee, samo u\u017eivanje bez napora.<\/li>\n<li><strong>Punjiva baterija<\/strong><br \/>\nPunjiva baterija od 850 mAh, zajedno s priklju\u010dkom za punjenje Type-C, omogu\u0107uje brzo punjenje, odr\u017eavaju\u0107i vas spremnima za vaping u bilo kojem trenutku.<\/li>\n<li><strong>Pra\u0107enje u stvarnom vremenu<\/strong><br \/>\nOpremljen indikatorima baterije i e-teku\u0107ine, mo\u017eete biti informirani o statusu svog ure\u0111aja, izbjegavaju\u0107i neo\u010dekivane prekide.<\/li>\n<\/ul>\n<h3><strong>Kupnja RandM Tornado 15000 Puffs na veliko<\/strong><\/h3>\n<p><strong>Pristupa\u010dna izvrsnost<\/strong><br \/>\nKupnja RandM Tornado 15000 Puffs na veliko je isplativ na\u010din u\u017eivanja u vrhunskoj kvaliteti vapinga po ni\u017eoj cijeni po jedinici. Ova je opcija idealna za trgovce i pojedina\u010dne kupce koji tra\u017ee maksimalnu vrijednost bez kompromisa u kvaliteti.<\/p>\n<p><strong>Dosljedna dostupnost<\/strong><br \/>\nOsigurajte da vam nikada ne ponestane va\u0161eg omiljenog jednokratnog vapea s kupnjom na veliko. Bilo da ste trgovac ili strastveni vaper, stalan dotok ovih dugotrajnih ure\u0111aja jam\u010di neprekidno zadovoljstvo.<\/p>\n<p><strong>Savr\u0161eno za tvrtke<\/strong><br \/>\nTrgovci i vlasnici vape trgovina mogu imati velike koristi od zaliha RandM Tornado 15000. Njegova reputacija visokih performansi, funkcije punjenja i impresivnog broja udisaja \u010dine ga najprodavanijim proizvodom, privla\u010de\u0107i \u0161iroku bazu kupaca.<\/p>\n<p><strong>Prilagodljiv izbor okusa<\/strong><br \/>\nS velikim izborom okusa, od slatkih i vo\u0107nih do klasi\u010dnih i mentol, skupne narud\u017ebe mogu se prilagoditi tako da uklju\u010duju razli\u010dite opcije koje zadovoljavaju razli\u010dite preferencije. Ova fleksibilnost osigurava da svaki kupac prona\u0111e svoje idealno iskustvo vapinga.<\/p>\n<h3><\/h3>\n<h3><strong>Za\u0161to odabrati vapestornado skupne kupnje Randm Vape 15k puff?<\/strong><\/h3>\n<ul>\n<li><strong>Veleprodajne pogodnosti<\/strong>: Velike narud\u017ebe dolaze s sni\u017eenim cijenama, \u0161to ga \u010dini pametnim izborom za tvrtke.<\/li>\n<li><strong>Ekolo\u0161ki prihvatljiv dizajn<\/strong>: Punjiva tehnologija smanjuje otpad u usporedbi s ure\u0111ajima za jednokratnu upotrebu.<\/li>\n<li><strong>Pobolj\u0161ane profitne mar\u017ee<\/strong>: Prodava\u010di mogu iskoristiti popularnost ovog proizvoda visoke potra\u017enje.<\/li>\n<\/ul>\n<h3><strong>Istra\u017eite svijet RandM Vapea<\/strong><\/h3>\n<p>Uronite u opse\u017ean izbor uzbudljivih okusa kao \u0161to su <strong>Borovnica Led<\/strong>, <strong>Mango Breskva<\/strong>, <strong>Hladna metvica<\/strong>, i vi\u0161e. Svaki je okus osmi\u0161ljen kako bi pru\u017eio jedinstven i dosljedan okus, osiguravaju\u0107i da je svaki dim ugodan kao i prvi. Otkrijte vrhunsko zadovoljstvo vapinga uz RandM Tornado 15000 Puffs. Opcije za rasuti teret sada su dostupne na <a href=\"https:\/\/vapestornado.com\/hr\/\"><strong>vapestornado<\/strong><\/a>, va\u0161 pouzdani izvor vrhunskih jednokratnih vapeova. Kupujte danas i podignite svoje putovanje vapingom na vi\u0161u razinu!<\/p>","protected":false},"excerpt":{"rendered":"<p>Ovo <strong data-start=\"1355\" data-end=\"1381\">RandM Tornado 15K Vape<\/strong> nudi kapacitet od 25 ml, 15.000 udisaja i dvostruke indikatore. Lagana, punjiva opcija prilago\u0111ena za <strong data-start=\"1487\" data-end=\"1523\">veleprodajna tr\u017ei\u0161ta vapea u Europi<\/strong>.<\/p>\n<figure id=\"attachment_2951\" aria-describedby=\"caption-attachment-2951\" style=\"width: 265px\" class=\"wp-caption alignnone\"><img fetchpriority=\"high\" decoding=\"async\" class=\"size-medium wp-image-2951\" src=\"https:\/\/vapestornado.com\/wp-content\/uploads\/2024\/12\/Wholesale-Disposable-Vape-265x300.jpg\" alt=\"Veleprodaja jednokratnih vape ure\u0111aja\" width=\"265\" height=\"300\" srcset=\"https:\/\/vapestornado.com\/wp-content\/uploads\/2024\/12\/Wholesale-Disposable-Vape-265x300.jpg 265w, https:\/\/vapestornado.com\/wp-content\/uploads\/2024\/12\/Wholesale-Disposable-Vape-768x871.jpg 768w, https:\/\/vapestornado.com\/wp-content\/uploads\/2024\/12\/Wholesale-Disposable-Vape-600x680.jpg 600w, https:\/\/vapestornado.com\/wp-content\/uploads\/2024\/12\/Wholesale-Disposable-Vape.jpg 823w\" sizes=\"(max-width: 265px) 100vw, 265px\" \/><figcaption id=\"caption-attachment-2951\" class=\"wp-caption-text\">Molimo kontaktirajte Mandy's WhatsApp za cijenu s popustom<a href=\"https:\/\/wa.me\/8618077105796\">+8618077105796<\/a><\/figcaption><\/figure>\n<p>&nbsp;<\/p>","protected":false},"featured_media":2933,"comment_status":"open","ping_status":"closed","template":"","meta":{"_acf_changed":false,"_uag_custom_page_level_css":"","_lmt_disableupdate":"no","_lmt_disable":"","_monsterinsights_skip_tracking":false,"_monsterinsights_sitenote_active":false,"_monsterinsights_sitenote_note":"","_monsterinsights_sitenote_category":0,"site-sidebar-layout":"default","site-content-layout":"","ast-site-content-layout":"default","site-content-style":"default","site-sidebar-style":"default","ast-global-header-display":"","ast-banner-title-visibility":"","ast-main-header-display":"","ast-hfb-above-header-display":"","ast-hfb-below-header-display":"","ast-hfb-mobile-header-display":"","site-post-title":"","ast-breadcrumbs-content":"","ast-featured-img":"","footer-sml-layout":"","ast-disable-related-posts":"","theme-transparent-header-meta":"default","adv-header-id-meta":"","stick-header-meta":"","header-above-stick-meta":"","header-main-stick-meta":"","header-below-stick-meta":"","astra-migrate-meta-layouts":"set","ast-page-background-enabled":"default","ast-page-background-meta":{"desktop":{"background-color":"","background-image":"","background-repeat":"repeat","background-position":"center center","background-size":"auto","background-attachment":"scroll","background-type":"","background-media":"","overlay-type":"","overlay-color":"","overlay-opacity":"","overlay-gradient":""},"tablet":{"background-color":"","background-image":"","background-repeat":"repeat","background-position":"center center","background-size":"auto","background-attachment":"scroll","background-type":"","background-media":"","overlay-type":"","overlay-color":"","overlay-opacity":"","overlay-gradient":""},"mobile":{"background-color":"","background-image":"","background-repeat":"repeat","background-position":"center center","background-size":"auto","background-attachment":"scroll","background-type":"","background-media":"","overlay-type":"","overlay-color":"","overlay-opacity":"","overlay-gradient":""}},"ast-content-background-meta":{"desktop":{"background-color":"var(--ast-global-color-5)","background-image":"","background-repeat":"repeat","background-position":"center center","background-size":"auto","background-attachment":"scroll","background-type":"","background-media":"","overlay-type":"","overlay-color":"","overlay-opacity":"","overlay-gradient":""},"tablet":{"background-color":"var(--ast-global-color-5)","background-image":"","background-repeat":"repeat","background-position":"center center","background-size":"auto","background-attachment":"scroll","background-type":"","background-media":"","overlay-type":"","overlay-color":"","overlay-opacity":"","overlay-gradient":""},"mobile":{"background-color":"var(--ast-global-color-5)","background-image":"","background-repeat":"repeat","background-position":"center center","background-size":"auto","background-attachment":"scroll","background-type":"","background-media":"","overlay-type":"","overlay-color":"","overlay-opacity":"","overlay-gradient":""}},"_joinchat":{"telephone":"+8618077105796"}},"product_brand":[],"product_cat":[71,154,157,58,148],"product_tag":[97,80],"class_list":{"0":"post-2958","1":"product","2":"type-product","3":"status-publish","4":"has-post-thumbnail","6":"product_cat-15000-puff","7":"product_cat-buy-disposable-vapes-in-netherlands","8":"product_cat-buy-disposable-vapes-in-portugal","9":"product_cat-fumot-vape","10":"product_cat-tornado-disposable-vapes","11":"product_tag-hot-sale-disposable-vape","12":"product_tag-randm-15k","13":"desktop-align-left","14":"tablet-align-left","15":"mobile-align-left","17":"first","18":"instock","19":"sale","20":"shipping-taxable","21":"purchasable","22":"product-type-simple"},"acf":[],"uagb_featured_image_src":{"full":["https:\/\/vapestornado.com\/wp-content\/uploads\/2024\/12\/Discount-Price-Randm-Vape-Tornado-15000-Puffs-Apple-Peach-Pear.jpg",800,800,false],"thumbnail":["https:\/\/vapestornado.com\/wp-content\/uploads\/2024\/12\/Discount-Price-Randm-Vape-Tornado-15000-Puffs-Apple-Peach-Pear-150x150.jpg",150,150,true],"medium":["https:\/\/vapestornado.com\/wp-content\/uploads\/2024\/12\/Discount-Price-Randm-Vape-Tornado-15000-Puffs-Apple-Peach-Pear-300x300.jpg",300,300,true],"medium_large":["https:\/\/vapestornado.com\/wp-content\/uploads\/2024\/12\/Discount-Price-Randm-Vape-Tornado-15000-Puffs-Apple-Peach-Pear-768x768.jpg",768,768,true],"large":["https:\/\/vapestornado.com\/wp-content\/uploads\/2024\/12\/Discount-Price-Randm-Vape-Tornado-15000-Puffs-Apple-Peach-Pear.jpg",800,800,false],"1536x1536":["https:\/\/vapestornado.com\/wp-content\/uploads\/2024\/12\/Discount-Price-Randm-Vape-Tornado-15000-Puffs-Apple-Peach-Pear.jpg",800,800,false],"2048x2048":["https:\/\/vapestornado.com\/wp-content\/uploads\/2024\/12\/Discount-Price-Randm-Vape-Tornado-15000-Puffs-Apple-Peach-Pear.jpg",800,800,false],"trp-custom-language-flag":["https:\/\/vapestornado.com\/wp-content\/uploads\/2024\/12\/Discount-Price-Randm-Vape-Tornado-15000-Puffs-Apple-Peach-Pear.jpg",12,12,false],"woocommerce_thumbnail":["https:\/\/vapestornado.com\/wp-content\/uploads\/2024\/12\/Discount-Price-Randm-Vape-Tornado-15000-Puffs-Apple-Peach-Pear-300x300.jpg",300,300,true],"woocommerce_single":["https:\/\/vapestornado.com\/wp-content\/uploads\/2024\/12\/Discount-Price-Randm-Vape-Tornado-15000-Puffs-Apple-Peach-Pear-600x600.jpg",600,600,true],"woocommerce_gallery_thumbnail":["https:\/\/vapestornado.com\/wp-content\/uploads\/2024\/12\/Discount-Price-Randm-Vape-Tornado-15000-Puffs-Apple-Peach-Pear-100x100.jpg",100,100,true]},"uagb_author_info":{"display_name":"ESMANDY","author_link":"https:\/\/vapestornado.com\/hr\/author\/"},"uagb_comment_info":0,"uagb_excerpt":"The RandM Tornado 15K Vape offers 25ml capacity, 15,000 puffs, and dual indicators. A lightweight, rechargeable option tailored for wholesale vape markets in Europe. [caption id=\"attachment_2951\" align=\"alignnone\" width=\"265\"] Pls Contact Mandy's WhatsApp For Discount Price+8618077105796[\/caption] &nbsp;","_links":{"self":[{"href":"https:\/\/vapestornado.com\/hr\/wp-json\/wp\/v2\/product\/2958","targetHints":{"allow":["GET"]}}],"collection":[{"href":"https:\/\/vapestornado.com\/hr\/wp-json\/wp\/v2\/product"}],"about":[{"href":"https:\/\/vapestornado.com\/hr\/wp-json\/wp\/v2\/types\/product"}],"replies":[{"embeddable":true,"href":"https:\/\/vapestornado.com\/hr\/wp-json\/wp\/v2\/comments?post=2958"}],"wp:featuredmedia":[{"embeddable":true,"href":"https:\/\/vapestornado.com\/hr\/wp-json\/wp\/v2\/media\/2933"}],"wp:attachment":[{"href":"https:\/\/vapestornado.com\/hr\/wp-json\/wp\/v2\/media?parent=2958"}],"wp:term":[{"taxonomy":"product_brand","embeddable":true,"href":"https:\/\/vapestornado.com\/hr\/wp-json\/wp\/v2\/product_brand?post=2958"},{"taxonomy":"product_cat","embeddable":true,"href":"https:\/\/vapestornado.com\/hr\/wp-json\/wp\/v2\/product_cat?post=2958"},{"taxonomy":"product_tag","embeddable":true,"href":"https:\/\/vapestornado.com\/hr\/wp-json\/wp\/v2\/product_tag?post=2958"}],"curies":[{"name":"wp","href":"https:\/\/api.w.org\/{rel}","templated":true}]}}