{"id":2922,"date":"2024-12-02T03:41:29","date_gmt":"2024-12-02T03:41:29","guid":{"rendered":"https:\/\/vapestornado.com\/?post_type=product&#038;p=2922"},"modified":"2025-10-31T09:41:30","modified_gmt":"2025-10-31T09:41:30","slug":"fumot-randm-tornado-15000-puffs-rechargeable-disposable-vape-wholesale","status":"publish","type":"product","link":"https:\/\/vapestornado.com\/hr\/product\/fumot-randm-tornado-15000-puffs-rechargeable-disposable-vape-wholesale\/","title":{"rendered":"Fumot RandM Tornado 15000 Puffs punjivi jednokratni vape veleprodaja"},"content":{"rendered":"<h1 class=\"product-title\">Fumot RandM Tornado 15000 Puffs punjivi jednokratni vape veleprodaja<\/h1>\n<p data-start=\"0\" data-end=\"528\">Ovo <strong data-start=\"4\" data-end=\"55\">Fumot RandM Tornado 15000 Puffs Jednokratni Vape<\/strong> je sna\u017ean <strong data-start=\"70\" data-end=\"82\">15K vaporizator<\/strong> izgra\u0111en za performanse, pouzdanost i vrijednost. Svaki <strong data-start=\"135\" data-end=\"158\">RandM Tornado 15000<\/strong> ure\u0111aj pru\u017ea do <strong data-start=\"179\" data-end=\"195\">15.000 udisaja<\/strong> s ogromnim <strong data-start=\"211\" data-end=\"235\">22 ml prethodno napunjen spremnik<\/strong>, nude\u0107i izuzetnu dugotrajnost za trgovce i veleprodaje koji tra\u017ee robu velike potra\u017enje. Dizajniran s precizno\u0161\u0107u, ovaj <strong data-start=\"355\" data-end=\"375\">15K Tornado vaporizator<\/strong> osigurava dosljednu proizvodnju pare i bogat dojam okusa, \u010dine\u0107i ga jednim od najpopularnijih <strong data-start=\"473\" data-end=\"495\">tornado vaporizator 15000<\/strong> modela na europskom tr\u017ei\u0161tu.<\/p>\n<p data-start=\"530\" data-end=\"866\">Opremljen s <strong data-start=\"547\" data-end=\"578\">850mAh punjiva baterija<\/strong> i <strong data-start=\"583\" data-end=\"607\">Type-C brzo punjenje<\/strong>, ure\u0111aj minimizira vrijeme zastoja dok odr\u017eava stabilan rad tijekom svake sesije. The <strong data-start=\"700\" data-end=\"720\">mre\u017easti sustav zavojnica<\/strong> poja\u010dava intenzitet okusa i glatko\u0107u pare, dok <strong data-start=\"779\" data-end=\"797\">LED indikatori<\/strong> dr\u017eite korisnike informiranima o stanju e-teku\u0107ine i baterije na prvi pogled.<\/p>\n<p data-start=\"868\" data-end=\"1247\" data-is-last-node=\"\" data-is-only-node=\"\">Dostupno u <strong data-start=\"881\" data-end=\"910\">2% i 5% nikotinskim opcijama<\/strong> s vi\u0161e od <strong data-start=\"926\" data-end=\"940\">45 okusa<\/strong>, onda je <strong data-start=\"946\" data-end=\"966\">Fumot vaporizator 15000<\/strong> odgovara i casual korisnicima i te\u0161kim vaperima. Kompaktan, elegantan i jednostavan za no\u0161enje, savr\u0161en je dodatak svakom veleprodajnom katalogu. Za distributere diljem Europe, <strong data-start=\"1132\" data-end=\"1166\">RandM Tornado Vape 15000 Udisaja<\/strong> nudi vrhunske performanse, raznolikost okusa i neusporedive veleprodajne cijene.<\/p>\n<p>&nbsp;<\/p>\n<p><strong>Dodajte Amy na WhatsApp za brzi odgovor i kupon za vape!<\/strong><\/p>\n<p><img fetchpriority=\"high\" decoding=\"async\" class=\"size-full wp-image-2932\" src=\"https:\/\/vapestornado.com\/wp-content\/uploads\/2024\/12\/Vape-Wholesale.jpg\" alt=\"Veleprodaja vejpova\" width=\"229\" height=\"300\" \/><\/p>\n<h3><a href=\"https:\/\/wa.me\/8617776015835\" target=\"_blank\" rel=\"noopener\"><span style=\"color: #ff0000;\"><strong>WhatsApp: +86 17776015835<\/strong><\/span><\/a><\/h3>\n<p>&nbsp;<\/p>\n<h2><strong>RandM Tornado 15000 Zna\u010dajke proizvoda<\/strong><\/h2>\n<p>Udisaji: Do 15000 udisaja.<br \/>\nKapacitet baterije: 850mAh Punjiva baterija<br \/>\nBrzo punjenje: USB Type-C<br \/>\nLED indikator razine baterije i ulja.<br \/>\nMre\u017easta zavojnica<br \/>\nDostupno 45 okusa.<br \/>\nNikotin: 2% 5%<br \/>\nKompaktan<\/p>\n<h2 class=\"product-title\"><strong>Popis okusa za vaporizere RandM 15k<\/strong><\/h2>\n<p>1.Blue Razz Limunada<br \/>\n2.Led od breskve<br \/>\n3. Kisela jabuka<br \/>\n4. Lubenica Led<br \/>\n5. Borovnica na ledu<br \/>\n6. Borovnica malina<br \/>\n7. Ananas led<br \/>\n8. Tre\u0161nja<br \/>\n9. Jagoda led<br \/>\n10. Vimto<br \/>\n11. Gro\u017e\u0111e led<br \/>\n12. Cola led<br \/>\n13. Jagoda lubenica<br \/>\n14. Ru\u017ei\u010dasta limunada<br \/>\n15. Mije\u0161ano bobi\u010dasto vo\u0107e<br \/>\n16. Breskva Mango<br \/>\n17. Zmajevo vo\u0107e<br \/>\n18. Jagoda Gro\u017e\u0111e<br \/>\n19. Mr. Blue<br \/>\n20. Bujni led<br \/>\n21. Ledeni desert<br \/>\n22. Jagoda Kiwi<br \/>\n23. Kiwi Marakuja Guava<br \/>\n24. Trostruko bobi\u010dasto vo\u0107e<br \/>\n25. Banana Led<br \/>\n26. Bombon od breskve i borovnice<br \/>\n27. Jabuka Breskva Kru\u0161ka<br \/>\n28. Bobi\u010dasta limunada<br \/>\n29. Plava malina tre\u0161nja<br \/>\n30. \u017dvaka\u0107a guma od borovnice<br \/>\n31. Borovnica Tre\u0161nja Brusnica<br \/>\n32. Borovnica Nar<br \/>\n33. Kisela malina<br \/>\n34. Cherry Cola<br \/>\n35. Gumeni medvjedi\u0107<br \/>\n36. Limun<br \/>\n37. Mango na ledu<br \/>\n38. Crvena energetska ledena<br \/>\n39. Jagoda Banana<br \/>\n40. Jagoda Red Bull<br \/>\n41. Limunada od jagode i lubenice<br \/>\n42. Ledeni \u010daj Limun Led<br \/>\n43. Ledeni \u010daj Breskva Led<br \/>\n44. Gazirana tre\u0161nja<br \/>\n45. Skittles<\/p>\n<h3>Za\u0161to odabrati vapestornado za Fumot 15k Tornado Vape veleprodaju?<\/h3>\n<div class=\"flex-shrink-0 flex flex-col relative items-end\">\n<div class=\"pt-0\">\n<div class=\"gizmo-bot-avatar flex h-8 w-8 items-center justify-center overflow-hidden rounded-full\">\n<div class=\"relative p-1 rounded-sm flex items-center justify-center bg-token-main-surface-primary text-token-text-primary h-8 w-8\">\n<p>Dobrodo\u0161li na vapestornado, va\u0161 pouzdani online du\u0107an za vrhunske jednokratne vaporizere. S vi\u0161e od 5 godina iskustva, donosimo vam popularne marke jednokratnih vaporizera kao \u0161to su <a href=\"https:\/\/vapestornado.com\/hr\/product\/jnr-ragegorilla-55000-puffs-55k-vape-disposables-42ml-2-nicotine-wholesale-price\/\">JNR Vape<\/a>, Vapme, Bang Vape, Waspe Vape, i <a href=\"https:\/\/vapestornado.com\/hr\/product\/original-wga-ultra-35k-35000-puff-rechargeable-crystal-disposable-nicotine-vape-best-discount-price\/\">WGA Vape<\/a>, itd.<\/p>\n<p>Na\u0161 asortiman uklju\u010duje vru\u0107e rasprodaje vapea kao \u0161to je RandM Tornado 15000 i izbori bogati okusom kao \u0161to je WASPE Double Flavor 40000 Puffs. Svaki je proizvod odabran s naglaskom na kvalitetu, vrijednost i raznolikost, osiguravaju\u0107i da prona\u0111ete savr\u0161eno podudaranje za svoje potrebe. Otkrijte iznimnu uslugu i \u0161irok raspon vrhunskih proizvoda na vapestornado.<\/p>\n<\/div>\n<h3><\/h3>\n<div class=\"relative p-1 rounded-sm flex items-center justify-center bg-token-main-surface-primary text-token-text-primary h-8 w-8\">\n<h3>\u010cesto postavljana pitanja za RandM 15k jednokratni Vape<\/h3>\n<\/div>\n<\/div>\n<\/div>\n<\/div>\n<div class=\"flex-shrink-0 flex flex-col relative items-end\">\n<div class=\"pt-0\">\n<div class=\"gizmo-bot-avatar flex h-8 w-8 items-center justify-center overflow-hidden rounded-full\">\n<div class=\"relative p-1 rounded-sm flex items-center justify-center bg-token-main-surface-primary text-token-text-primary h-8 w-8\"><\/div>\n<\/div>\n<\/div>\n<\/div>\n<div class=\"group\/conversation-turn relative flex w-full min-w-0 flex-col agent-turn\">\n<div class=\"flex-col gap-1 md:gap-3\">\n<div class=\"flex max-w-full flex-col flex-grow\">\n<div class=\"min-h-8 text-message flex w-full flex-col items-end gap-2 whitespace-normal break-words [.text-message+&amp;]:mt-5\" dir=\"auto\" data-message-author-role=\"assistant\" data-message-id=\"db716a1c-9ed0-4b8d-b3b0-7bdb913c3d42\" data-message-model-slug=\"gpt-4o\">\n<div class=\"flex w-full flex-col gap-1 empty:hidden first:pt-[3px]\">\n<div class=\"markdown prose w-full break-words dark:prose-invert light\">\n<p><strong>Gdje kupiti RandM Tornado 15000 Vape po veleprodajnoj cijeni u Hrvatskoj<\/strong><br \/>\nDa biste kupili RandM Tornado 15000 vape po veleprodajnim cijenama u Hrvatskoj, obratite se ovla\u0161tenim veleprodajnim distributerima vapea ili internetskim dobavlja\u010dima specijaliziranim za RandM Vape proizvode. Provjerite jesu li u skladu s lokalnim propisima i nude autenti\u010dne proizvode.<\/p>\n<p><strong>Koliko Puffova Pru\u017ea Fumot Vape 15k?<\/strong><br \/>\nFumot Vape 15k nudi do 15.000 udisaja, pru\u017eaju\u0107i iznimnu dugovje\u010dnost za produljena vaping sesije.<\/p>\n<p><strong>Koliko Dugo Traje Popularna RandM 15000 Jednokratna Vape Olovka?<\/strong><br \/>\nTrajanje RandM 15000 ovisi o navikama korisnika. Za umjerene vapere, obi\u010dno traje dva do tri tjedna, zahvaljuju\u0107i visokom kapacitetu puhanja i dizajnu koji se mo\u017ee puniti.<\/p>\n<p><strong>Koji su popularni okusi za Fumot 15k Puffs jednokratnu kutiju?<\/strong><br \/>\nPopularni okusi za Fumot 15k uklju\u010duju vo\u0107ne opcije poput Mango Ice, Strawberry Watermelon i Blueberry Raspberry, kao i rashladne mje\u0161avine mentola i profile inspirirane desertima.<\/p>\n<p><strong>Koliko vremena je potrebno za punjenje RandM 15k Rechargeable Vape?<\/strong><br \/>\nPunjenje RandM 15k Rechargeable Vape traje otprilike 1-2 sata koriste\u0107i njegov USB Type-C priklju\u010dak za brzo punjenje, osiguravaju\u0107i brzo i u\u010dinkovito vra\u0107anje napajanja.<\/p>\n<p><strong>Koliko nikotina ima u RandM Tornado 15000 Puffs jednokratnom vapeu?<\/strong><br \/>\nRandM Tornado 15000 nudi prilagodljivo iskustvo nikotina, s ja\u010dinama do 50 mg, ovisno o varijanti, udovoljavaju\u0107i razli\u010ditim preferencijama korisnika.<\/p>\n<\/div>\n<\/div>\n<\/div>\n<\/div>\n<\/div>\n<\/div>","protected":false},"excerpt":{"rendered":"<p>Najbolji okusi RandM Tornado 15000 Puffs Najni\u017ea cijena<br \/>\nFumot RandM 15000 Puffs jednokratna vape veleprodaja<br \/>\nRandM Tornado 15000 Punjiva jednokratna vape rasprodaja<\/p>\n<p><strong>Dodajte Amy na WhatsApp za brzi odgovor i kupon za vape!<\/strong><\/p>\n<p><img fetchpriority=\"high\" decoding=\"async\" class=\"size-full wp-image-2932\" src=\"https:\/\/vapestornado.com\/wp-content\/uploads\/2024\/12\/Vape-Wholesale.jpg\" alt=\"Veleprodaja vejpova\" width=\"229\" height=\"300\" \/><\/p>\n<h3><a href=\"https:\/\/wa.me\/8617776015835\"><span style=\"color: #ff0000;\"><strong>WhatsApp: +86 17776015835<\/strong><\/span><\/a><\/h3>\n<p>&nbsp;<\/p>","protected":false},"featured_media":2929,"comment_status":"open","ping_status":"closed","template":"","meta":{"_acf_changed":false,"_uag_custom_page_level_css":"","_lmt_disableupdate":"no","_lmt_disable":"","_monsterinsights_skip_tracking":false,"_monsterinsights_sitenote_active":false,"_monsterinsights_sitenote_note":"","_monsterinsights_sitenote_category":0,"site-sidebar-layout":"default","site-content-layout":"","ast-site-content-layout":"default","site-content-style":"default","site-sidebar-style":"default","ast-global-header-display":"","ast-banner-title-visibility":"","ast-main-header-display":"","ast-hfb-above-header-display":"","ast-hfb-below-header-display":"","ast-hfb-mobile-header-display":"","site-post-title":"","ast-breadcrumbs-content":"","ast-featured-img":"","footer-sml-layout":"","ast-disable-related-posts":"","theme-transparent-header-meta":"default","adv-header-id-meta":"","stick-header-meta":"","header-above-stick-meta":"","header-main-stick-meta":"","header-below-stick-meta":"","astra-migrate-meta-layouts":"set","ast-page-background-enabled":"default","ast-page-background-meta":{"desktop":{"background-color":"","background-image":"","background-repeat":"repeat","background-position":"center center","background-size":"auto","background-attachment":"scroll","background-type":"","background-media":"","overlay-type":"","overlay-color":"","overlay-opacity":"","overlay-gradient":""},"tablet":{"background-color":"","background-image":"","background-repeat":"repeat","background-position":"center center","background-size":"auto","background-attachment":"scroll","background-type":"","background-media":"","overlay-type":"","overlay-color":"","overlay-opacity":"","overlay-gradient":""},"mobile":{"background-color":"","background-image":"","background-repeat":"repeat","background-position":"center center","background-size":"auto","background-attachment":"scroll","background-type":"","background-media":"","overlay-type":"","overlay-color":"","overlay-opacity":"","overlay-gradient":""}},"ast-content-background-meta":{"desktop":{"background-color":"var(--ast-global-color-5)","background-image":"","background-repeat":"repeat","background-position":"center center","background-size":"auto","background-attachment":"scroll","background-type":"","background-media":"","overlay-type":"","overlay-color":"","overlay-opacity":"","overlay-gradient":""},"tablet":{"background-color":"var(--ast-global-color-5)","background-image":"","background-repeat":"repeat","background-position":"center center","background-size":"auto","background-attachment":"scroll","background-type":"","background-media":"","overlay-type":"","overlay-color":"","overlay-opacity":"","overlay-gradient":""},"mobile":{"background-color":"var(--ast-global-color-5)","background-image":"","background-repeat":"repeat","background-position":"center center","background-size":"auto","background-attachment":"scroll","background-type":"","background-media":"","overlay-type":"","overlay-color":"","overlay-opacity":"","overlay-gradient":""}},"_joinchat":{"telephone":"+8617776015835"}},"product_brand":[],"product_cat":[71,140,149,150,152,157,58],"product_tag":[414,415,79,416,81,80,77,78,214],"class_list":{"0":"post-2922","1":"product","2":"type-product","3":"status-publish","4":"has-post-thumbnail","6":"product_cat-15000-puff","7":"product_cat-big-puffs-disposable-vapes","8":"product_cat-buy-disposable-vapes-in-austria","9":"product_cat-buy-disposable-vapes-in-belgium","10":"product_cat-buy-disposable-vapes-in-cermany","11":"product_cat-buy-disposable-vapes-in-portugal","12":"product_cat-fumot-vape","13":"product_tag-15k-tornado-vape","14":"product_tag-15k-vape","15":"product_tag-fumot-15k","16":"product_tag-fumot-vape-15000","17":"product_tag-randm-15000","18":"product_tag-randm-15k","19":"product_tag-randm-tornado-15000","20":"product_tag-randm-vape","21":"product_tag-tornado-vape-15000","22":"desktop-align-left","23":"tablet-align-left","24":"mobile-align-left","26":"first","27":"instock","28":"sale","29":"shipping-taxable","30":"purchasable","31":"product-type-simple"},"acf":[],"uagb_featured_image_src":{"full":["https:\/\/vapestornado.com\/wp-content\/uploads\/2024\/12\/RandM-15000-Tornado-Vape-Wholesale.jpg",1182,1182,false],"thumbnail":["https:\/\/vapestornado.com\/wp-content\/uploads\/2024\/12\/RandM-15000-Tornado-Vape-Wholesale-150x150.jpg",150,150,true],"medium":["https:\/\/vapestornado.com\/wp-content\/uploads\/2024\/12\/RandM-15000-Tornado-Vape-Wholesale-300x300.jpg",300,300,true],"medium_large":["https:\/\/vapestornado.com\/wp-content\/uploads\/2024\/12\/RandM-15000-Tornado-Vape-Wholesale-768x768.jpg",768,768,true],"large":["https:\/\/vapestornado.com\/wp-content\/uploads\/2024\/12\/RandM-15000-Tornado-Vape-Wholesale-1024x1024.jpg",1024,1024,true],"1536x1536":["https:\/\/vapestornado.com\/wp-content\/uploads\/2024\/12\/RandM-15000-Tornado-Vape-Wholesale.jpg",1182,1182,false],"2048x2048":["https:\/\/vapestornado.com\/wp-content\/uploads\/2024\/12\/RandM-15000-Tornado-Vape-Wholesale.jpg",1182,1182,false],"trp-custom-language-flag":["https:\/\/vapestornado.com\/wp-content\/uploads\/2024\/12\/RandM-15000-Tornado-Vape-Wholesale.jpg",12,12,false],"woocommerce_thumbnail":["https:\/\/vapestornado.com\/wp-content\/uploads\/2024\/12\/RandM-15000-Tornado-Vape-Wholesale-300x300.jpg",300,300,true],"woocommerce_single":["https:\/\/vapestornado.com\/wp-content\/uploads\/2024\/12\/RandM-15000-Tornado-Vape-Wholesale-600x600.jpg",600,600,true],"woocommerce_gallery_thumbnail":["https:\/\/vapestornado.com\/wp-content\/uploads\/2024\/12\/RandM-15000-Tornado-Vape-Wholesale-100x100.jpg",100,100,true]},"uagb_author_info":{"display_name":"ESAMY","author_link":"https:\/\/vapestornado.com\/hr\/author\/"},"uagb_comment_info":1,"uagb_excerpt":"Best RandM Tornado 15000 Puffs Flavours Lowest Price Fumot RandM 15000 Puffs Disposable Vape Wholesale RandM Tornado 15000 Rechargeable Disposable Vape Bulk Buy Price Add Amy's whatsapp get right reply and vape vape coupon! WhatsApp: +86 17776015835 &nbsp;","_links":{"self":[{"href":"https:\/\/vapestornado.com\/hr\/wp-json\/wp\/v2\/product\/2922","targetHints":{"allow":["GET"]}}],"collection":[{"href":"https:\/\/vapestornado.com\/hr\/wp-json\/wp\/v2\/product"}],"about":[{"href":"https:\/\/vapestornado.com\/hr\/wp-json\/wp\/v2\/types\/product"}],"replies":[{"embeddable":true,"href":"https:\/\/vapestornado.com\/hr\/wp-json\/wp\/v2\/comments?post=2922"}],"wp:featuredmedia":[{"embeddable":true,"href":"https:\/\/vapestornado.com\/hr\/wp-json\/wp\/v2\/media\/2929"}],"wp:attachment":[{"href":"https:\/\/vapestornado.com\/hr\/wp-json\/wp\/v2\/media?parent=2922"}],"wp:term":[{"taxonomy":"product_brand","embeddable":true,"href":"https:\/\/vapestornado.com\/hr\/wp-json\/wp\/v2\/product_brand?post=2922"},{"taxonomy":"product_cat","embeddable":true,"href":"https:\/\/vapestornado.com\/hr\/wp-json\/wp\/v2\/product_cat?post=2922"},{"taxonomy":"product_tag","embeddable":true,"href":"https:\/\/vapestornado.com\/hr\/wp-json\/wp\/v2\/product_tag?post=2922"}],"curies":[{"name":"wp","href":"https:\/\/api.w.org\/{rel}","templated":true}]}}