{"id":2784,"date":"2024-11-12T10:04:17","date_gmt":"2024-11-12T10:04:17","guid":{"rendered":"https:\/\/vapestornado.com\/?page_id=2784"},"modified":"2024-11-12T10:04:19","modified_gmt":"2024-11-12T10:04:19","slug":"payment-methods-at-vapestornado","status":"publish","type":"page","link":"https:\/\/vapestornado.com\/hr\/payment-methods-at-vapestornado\/","title":{"rendered":"Metode pla\u0107anja na vapestornado"},"content":{"rendered":"<p>Hvala vam \u0161to ste odabrali <strong>vapestornado<\/strong>, va\u0161u pouzdanu internetsku trgovinu za vrhunske jednokratne vape proizvode. S dugogodi\u0161njim iskustvom u industriji, ponosni smo \u0161to nudimo \u0161irok izbor vrhunskih robnih marki i \u0161aljemo na\u0161e proizvode globalno u razli\u010dite zemlje. Predani smo pru\u017eanju sigurnog, prakti\u010dnog i jednostavnog iskustva kupnje.<\/p>\n\n\n\n<p>Prihva\u0107amo sljede\u0107e na\u010dine pla\u0107anja:<\/p>\n\n\n\n<ol class=\"wp-block-list\">\n<li><strong>PayPal<\/strong>: U\u017eivajte u sigurnom i jednostavnom pla\u0107anju putem PayPala za svoje narud\u017ebe. <em>(primjenjuje se PDV od 20%)<\/em><\/li>\n\n\n\n<li><strong>Kreditna kartica<\/strong>: Prihva\u0107amo sve glavne kreditne kartice, osiguravaju\u0107i vam jednostavan postupak naplate. <em>(primjenjuje se PDV od 20%)<\/em><\/li>\n\n\n\n<li><strong>Bankovni prijenos<\/strong>: Za tradicionalna pla\u0107anja, dostupni su bankovni prijenosi. <em>(Bez PDV-a)<\/em><\/li>\n\n\n\n<li><strong>Kriptovaluta<\/strong>: Nudimo pla\u0107anje kriptovalutama kao modernu opciju pla\u0107anja usmjerenu na budu\u0107nost. <em>(Bez PDV-a)<\/em><\/li>\n\n\n\n<li><strong>Wise prijenos<\/strong>: Koristite Wise za u\u010dinkovite i isplative usluge prijenosa. <em>(Bez PDV-a)<\/em><\/li>\n<\/ol>\n\n\n\n<p>Ako imate bilo kakvih posebnih upita ili zahtjeva u vezi s pla\u0107anjem, na\u0161 tim za korisni\u010dku podr\u0161ku uvijek vam je spreman pomo\u0107i. Ovdje smo kako bismo osigurali da va\u0161e iskustvo kupnje na vapestornado bude glatko i sigurno!<\/p>\n\n\n\n<p><\/p>","protected":false},"excerpt":{"rendered":"<p>Hvala vam \u0161to ste odabrali vapestornado, va\u0161u pouzdanu internetsku trgovinu za vrhunske jednokratne vape proizvode. S dugogodi\u0161njim iskustvom u industriji, ponosni smo \u0161to nudimo \u0161irok izbor vrhunskih marki i dostavljamo na\u0161e proizvode globalno u razne zemlje. Posve\u0107eni smo pru\u017eanju sigurnog, prakti\u010dnog i besprijekornog iskustva kupnje.<\/p>","protected":false},"author":1,"featured_media":0,"parent":0,"menu_order":0,"comment_status":"closed","ping_status":"closed","template":"","meta":{"_acf_changed":false,"_uag_custom_page_level_css":"","_lmt_disableupdate":"","_lmt_disable":"","_monsterinsights_skip_tracking":false,"_monsterinsights_sitenote_active":false,"_monsterinsights_sitenote_note":"","_monsterinsights_sitenote_category":0,"site-sidebar-layout":"default","site-content-layout":"","ast-site-content-layout":"default","site-content-style":"default","site-sidebar-style":"default","ast-global-header-display":"","ast-banner-title-visibility":"","ast-main-header-display":"","ast-hfb-above-header-display":"","ast-hfb-below-header-display":"","ast-hfb-mobile-header-display":"","site-post-title":"","ast-breadcrumbs-content":"","ast-featured-img":"","footer-sml-layout":"","ast-disable-related-posts":"","theme-transparent-header-meta":"","adv-header-id-meta":"","stick-header-meta":"","header-above-stick-meta":"","header-main-stick-meta":"","header-below-stick-meta":"","astra-migrate-meta-layouts":"set","ast-page-background-enabled":"default","ast-page-background-meta":{"desktop":{"background-color":"","background-image":"","background-repeat":"repeat","background-position":"center center","background-size":"auto","background-attachment":"scroll","background-type":"","background-media":"","overlay-type":"","overlay-color":"","overlay-opacity":"","overlay-gradient":""},"tablet":{"background-color":"","background-image":"","background-repeat":"repeat","background-position":"center center","background-size":"auto","background-attachment":"scroll","background-type":"","background-media":"","overlay-type":"","overlay-color":"","overlay-opacity":"","overlay-gradient":""},"mobile":{"background-color":"","background-image":"","background-repeat":"repeat","background-position":"center center","background-size":"auto","background-attachment":"scroll","background-type":"","background-media":"","overlay-type":"","overlay-color":"","overlay-opacity":"","overlay-gradient":""}},"ast-content-background-meta":{"desktop":{"background-color":"var(--ast-global-color-5)","background-image":"","background-repeat":"repeat","background-position":"center center","background-size":"auto","background-attachment":"scroll","background-type":"","background-media":"","overlay-type":"","overlay-color":"","overlay-opacity":"","overlay-gradient":""},"tablet":{"background-color":"var(--ast-global-color-5)","background-image":"","background-repeat":"repeat","background-position":"center center","background-size":"auto","background-attachment":"scroll","background-type":"","background-media":"","overlay-type":"","overlay-color":"","overlay-opacity":"","overlay-gradient":""},"mobile":{"background-color":"var(--ast-global-color-5)","background-image":"","background-repeat":"repeat","background-position":"center center","background-size":"auto","background-attachment":"scroll","background-type":"","background-media":"","overlay-type":"","overlay-color":"","overlay-opacity":"","overlay-gradient":""}},"_joinchat":[],"footnotes":""},"class_list":["post-2784","page","type-page","status-publish","hentry"],"acf":[],"uagb_featured_image_src":{"full":false,"thumbnail":false,"medium":false,"medium_large":false,"large":false,"1536x1536":false,"2048x2048":false,"trp-custom-language-flag":false,"woocommerce_thumbnail":false,"woocommerce_single":false,"woocommerce_gallery_thumbnail":false},"uagb_author_info":{"display_name":"yannazhan@gmail.com","author_link":"https:\/\/vapestornado.com\/hr\/author\/yannazhangmail-com\/"},"uagb_comment_info":0,"uagb_excerpt":"Thank you for choosing vapestornado, your trusted online store for premium disposable vape products. With years of expertise in the industry, we are proud to offer a wide selection of top brands and ship our products globally to various countries. We are committed to providing you with a secure, convenient, and seamless shopping experience. We&hellip;","_links":{"self":[{"href":"https:\/\/vapestornado.com\/hr\/wp-json\/wp\/v2\/pages\/2784","targetHints":{"allow":["GET"]}}],"collection":[{"href":"https:\/\/vapestornado.com\/hr\/wp-json\/wp\/v2\/pages"}],"about":[{"href":"https:\/\/vapestornado.com\/hr\/wp-json\/wp\/v2\/types\/page"}],"author":[{"embeddable":true,"href":"https:\/\/vapestornado.com\/hr\/wp-json\/wp\/v2\/users\/1"}],"replies":[{"embeddable":true,"href":"https:\/\/vapestornado.com\/hr\/wp-json\/wp\/v2\/comments?post=2784"}],"version-history":[{"count":1,"href":"https:\/\/vapestornado.com\/hr\/wp-json\/wp\/v2\/pages\/2784\/revisions"}],"predecessor-version":[{"id":2785,"href":"https:\/\/vapestornado.com\/hr\/wp-json\/wp\/v2\/pages\/2784\/revisions\/2785"}],"wp:attachment":[{"href":"https:\/\/vapestornado.com\/hr\/wp-json\/wp\/v2\/media?parent=2784"}],"curies":[{"name":"wp","href":"https:\/\/api.w.org\/{rel}","templated":true}]}}