{"id":2781,"date":"2024-11-12T10:02:57","date_gmt":"2024-11-12T10:02:57","guid":{"rendered":"https:\/\/vapestornado.com\/?page_id=2781"},"modified":"2024-11-12T10:02:58","modified_gmt":"2024-11-12T10:02:58","slug":"age-verification-policy-for-vapestornado","status":"publish","type":"page","link":"https:\/\/vapestornado.com\/hr\/age-verification-policy-for-vapestornado\/","title":{"rendered":"Politika provjere dobi za vapestornado"},"content":{"rendered":"<p>U vapestornadu, predani smo odr\u017eavanju odgovornog i zakonitog pristupa prodaji na\u0161ih vape proizvoda. Kako bismo osigurali ispunjavanje zakonskih zahtjeva i promicali odgovorno kori\u0161tenje vapea, implementirali smo sljede\u0107u politiku provjere dobi:<\/p>\n\n\n\n<h3 class=\"wp-block-heading\"><strong>Zakonska dob za pu\u0161enje<\/strong><\/h3>\n\n\n\n<p>Kupci moraju imati najmanje <strong>21 godinu<\/strong> (zakonska dob za pu\u0161enje u Hrvatskoj) za kupnju vape proizvoda s na\u0161e web stranice, vapestornado.com.<\/p>\n\n\n\n<h3 class=\"wp-block-heading\"><strong>La\u017eiranje dobi je protuzakonito<\/strong><\/h3>\n\n\n\n<p>To je <strong>protuzakonito<\/strong> la\u017eirati svoju dob za kupnju na\u0161ih proizvoda. Kr\u0161enje ovog zakona mo\u017ee rezultirati pravnim kaznama, uklju\u010duju\u0107i nov\u010dane kazne i potencijalne kaznene prijave.<\/p>\n\n\n\n<h3 class=\"wp-block-heading\"><strong>Zabrana kupnje za maloljetnike<\/strong><\/h3>\n\n\n\n<p>Kupnja vape proizvoda od vapestornado za <strong>maloljetnike<\/strong> strogo je zabranjena. Svaki poku\u0161aj toga mo\u017ee dovesti do pravnih posljedica za kupca.<\/p>\n\n\n\n<h3 class=\"wp-block-heading\"><strong>Postupak provjere dobi<\/strong><\/h3>\n\n\n\n<p>Imamo <strong>strogi postupak provjere dobi<\/strong> kako bismo osigurali uskla\u0111enost sa zakonskim zahtjevima za dob. Za dovr\u0161etak provjere dobi, mo\u017eda \u0107ete morati navesti osobne podatke, uklju\u010duju\u0107i va\u0161e ime, adresu, datum ro\u0111enja i zadnje \u010detiri znamenke va\u0161eg OIB-a. Ovi \u0107e se podaci provjeriti s javnim evidencijama. Ako je provjera neuspje\u0161na ili ako ne mo\u017eete dati svoj OIB, morat \u0107ete u\u010ditati <strong>osobnu iskaznicu koju je izdala dr\u017eava<\/strong> radi provjere.<\/p>\n\n\n\n<h3 class=\"wp-block-heading\"><strong>Pravo na odbijanje usluge<\/strong><\/h3>\n\n\n\n<p>Zadr\u017eavamo pravo da <strong>odbijanje ili otkazivanje narud\u017ebe<\/strong> ako ne mo\u017eemo provjeriti va\u0161u dob ili ako se odgovaraju\u0107a identifikacija ne mo\u017ee odmah dostaviti.<\/p>\n\n\n\n<h3 class=\"wp-block-heading\"><strong>Predanost prevenciji mladih<\/strong><\/h3>\n\n\n\n<p>vapestornado je posve\u0107en sprje\u010davanju prodaje proizvoda maloljetnim osobama. Koristimo robustan sustav provjere dobi kako bismo osigurali uskla\u0111enost sa zakonskim ograni\u010denjima dobi i sprije\u010dili pristup mladih vape proizvodima.<\/p>\n\n\n\n<h3 class=\"wp-block-heading\"><strong>Odbijanje ili ograni\u010denje usluge<\/strong><\/h3>\n\n\n\n<p>Zadr\u017eavamo pravo da <strong>odbijemo uslugu<\/strong> pojedincima koji ne ispunjavaju dobne uvjete ili ne pru\u017ee dovoljan dokaz o dobi. Ako smatrate da vam je usluga nepravedno odbijena, obratite se na\u0161em timu za korisni\u010dku podr\u0161ku za pomo\u0107.<\/p>\n\n\n\n<h3 class=\"wp-block-heading\"><strong>Upozorenje o sadr\u017eaju web-mjesta<\/strong><\/h3>\n\n\n\n<p>Uklju\u010dujemo <strong>upozoravaju\u0107u poruku<\/strong> na na\u0161oj web stranici u vezi s proizvodima elektroni\u010dkih cigareta, podsje\u0107aju\u0107i kupce da moraju imati najmanje <strong>21 godinu<\/strong> u Hrvatskoj za obavljanje kupnje.<\/p>\n\n\n\n<p>U vapestornado, prioritet nam je <strong>sigurnost<\/strong> i <strong>dobrobit<\/strong> na\u0161ih kupaca. Osiguravanjem strogog pridr\u017eavanja protokola provjere dobi, odr\u017eavamo odgovoran i zakonit pristup prodaji e-cigareta. Na\u0161a predanost sprje\u010davanju pristupa maloljetnika odra\u017eava na\u0161u posve\u0107enost promicanju zdrave i odgovorne zajednice vapinga.<\/p>\n\n\n\n<p>4o mini<\/p>","protected":false},"excerpt":{"rendered":"<p>U vapestornado, predani smo odr\u017eavanju odgovornog i zakonitog pristupa prodaji na\u0161ih vape proizvoda. Kako bismo osigurali da ispunjavamo zakonske zahtjeve i promi\u010demo odgovorno vaping, implementirali smo sljede\u0107u politiku provjere dobi: Zahtjev za zakonsku dob za pu\u0161enje Kupci moraju imati najmanje 21 godinu (zakonska dob za pu\u0161enje u [...])<\/p>","protected":false},"author":1,"featured_media":0,"parent":0,"menu_order":0,"comment_status":"closed","ping_status":"closed","template":"","meta":{"_acf_changed":false,"_uag_custom_page_level_css":"","_lmt_disableupdate":"","_lmt_disable":"","_monsterinsights_skip_tracking":false,"_monsterinsights_sitenote_active":false,"_monsterinsights_sitenote_note":"","_monsterinsights_sitenote_category":0,"site-sidebar-layout":"default","site-content-layout":"","ast-site-content-layout":"default","site-content-style":"default","site-sidebar-style":"default","ast-global-header-display":"","ast-banner-title-visibility":"","ast-main-header-display":"","ast-hfb-above-header-display":"","ast-hfb-below-header-display":"","ast-hfb-mobile-header-display":"","site-post-title":"","ast-breadcrumbs-content":"","ast-featured-img":"","footer-sml-layout":"","ast-disable-related-posts":"","theme-transparent-header-meta":"","adv-header-id-meta":"","stick-header-meta":"","header-above-stick-meta":"","header-main-stick-meta":"","header-below-stick-meta":"","astra-migrate-meta-layouts":"set","ast-page-background-enabled":"default","ast-page-background-meta":{"desktop":{"background-color":"","background-image":"","background-repeat":"repeat","background-position":"center center","background-size":"auto","background-attachment":"scroll","background-type":"","background-media":"","overlay-type":"","overlay-color":"","overlay-opacity":"","overlay-gradient":""},"tablet":{"background-color":"","background-image":"","background-repeat":"repeat","background-position":"center center","background-size":"auto","background-attachment":"scroll","background-type":"","background-media":"","overlay-type":"","overlay-color":"","overlay-opacity":"","overlay-gradient":""},"mobile":{"background-color":"","background-image":"","background-repeat":"repeat","background-position":"center center","background-size":"auto","background-attachment":"scroll","background-type":"","background-media":"","overlay-type":"","overlay-color":"","overlay-opacity":"","overlay-gradient":""}},"ast-content-background-meta":{"desktop":{"background-color":"var(--ast-global-color-5)","background-image":"","background-repeat":"repeat","background-position":"center center","background-size":"auto","background-attachment":"scroll","background-type":"","background-media":"","overlay-type":"","overlay-color":"","overlay-opacity":"","overlay-gradient":""},"tablet":{"background-color":"var(--ast-global-color-5)","background-image":"","background-repeat":"repeat","background-position":"center center","background-size":"auto","background-attachment":"scroll","background-type":"","background-media":"","overlay-type":"","overlay-color":"","overlay-opacity":"","overlay-gradient":""},"mobile":{"background-color":"var(--ast-global-color-5)","background-image":"","background-repeat":"repeat","background-position":"center center","background-size":"auto","background-attachment":"scroll","background-type":"","background-media":"","overlay-type":"","overlay-color":"","overlay-opacity":"","overlay-gradient":""}},"_joinchat":[],"footnotes":""},"class_list":["post-2781","page","type-page","status-publish","hentry"],"acf":[],"uagb_featured_image_src":{"full":false,"thumbnail":false,"medium":false,"medium_large":false,"large":false,"1536x1536":false,"2048x2048":false,"trp-custom-language-flag":false,"woocommerce_thumbnail":false,"woocommerce_single":false,"woocommerce_gallery_thumbnail":false},"uagb_author_info":{"display_name":"yannazhan@gmail.com","author_link":"https:\/\/vapestornado.com\/hr\/author\/yannazhangmail-com\/"},"uagb_comment_info":0,"uagb_excerpt":"At vapestornado, we are committed to maintaining a responsible and legal approach to the sale of our vape products. To ensure we meet legal requirements and promote responsible vaping, we have implemented the following age verification policy: Legal Smoking Age Requirement Customers must be at least 21 years old (the legal smoking age in the&hellip;","_links":{"self":[{"href":"https:\/\/vapestornado.com\/hr\/wp-json\/wp\/v2\/pages\/2781","targetHints":{"allow":["GET"]}}],"collection":[{"href":"https:\/\/vapestornado.com\/hr\/wp-json\/wp\/v2\/pages"}],"about":[{"href":"https:\/\/vapestornado.com\/hr\/wp-json\/wp\/v2\/types\/page"}],"author":[{"embeddable":true,"href":"https:\/\/vapestornado.com\/hr\/wp-json\/wp\/v2\/users\/1"}],"replies":[{"embeddable":true,"href":"https:\/\/vapestornado.com\/hr\/wp-json\/wp\/v2\/comments?post=2781"}],"version-history":[{"count":1,"href":"https:\/\/vapestornado.com\/hr\/wp-json\/wp\/v2\/pages\/2781\/revisions"}],"predecessor-version":[{"id":2783,"href":"https:\/\/vapestornado.com\/hr\/wp-json\/wp\/v2\/pages\/2781\/revisions\/2783"}],"wp:attachment":[{"href":"https:\/\/vapestornado.com\/hr\/wp-json\/wp\/v2\/media?parent=2781"}],"curies":[{"name":"wp","href":"https:\/\/api.w.org\/{rel}","templated":true}]}}