{"id":2776,"date":"2024-11-12T09:55:46","date_gmt":"2024-11-12T09:55:46","guid":{"rendered":"https:\/\/vapestornado.com\/?page_id=2776"},"modified":"2024-11-12T09:55:48","modified_gmt":"2024-11-12T09:55:48","slug":"terms-conditions","status":"publish","type":"page","link":"https:\/\/vapestornado.com\/hr\/terms-conditions\/","title":{"rendered":"Uvjeti kori\u0161tenja"},"content":{"rendered":"<p>Dobrodo\u0161li na vapestornado! Pristupom i kori\u0161tenjem na\u0161e web stranice, sla\u017eete se da \u0107ete se pridr\u017eavati sljede\u0107ih uvjeta i odredbi, zajedno s primjenjivim zakonima. Ako se ne sla\u017eete s ovim uvjetima, molimo vas da ne koristite na\u0161u stranicu. Kupnjom na na\u0161oj web stranici, sla\u017eete se s Uvjetima<\/p>\n\n\n\n<p><strong>Me\u0111unarodne narud\u017ebe<\/strong><\/p>\n\n\n\n<p>vapestornado je sa sjedi\u0161tem u Hong Kongu i posluje globalno. Kupci koji kupuju kod nas i dostavljaju u zemlje izvan Hong Konga smatrat \u0107e se me\u0111unarodnim kupcima. Prije kupnje provjerite razumijete li propise svoje dr\u017eave u vezi s posjedovanjem, uvozom, izvozom i upotrebom proizvoda za ispariva\u010de. Dodatne politike za odre\u0111ene dr\u017eave navedene su u na\u0161im politikama o dostavi, povratu i jamstvu.<\/p>\n\n\n\n<p><strong>Autorsko pravo<\/strong><\/p>\n\n\n\n<p>Sav sadr\u017eaj na ovoj web stranici, uklju\u010duju\u0107i tekst, grafiku i kod, za\u0161ti\u0107en je kao zajedni\u010dko djelo prema zakonima o autorskim pravima. Ovo zajedni\u010dko djelo uklju\u010duje djela licencirana za vapestornado. Autorsko pravo 2022, vapestornado. Sva prava pridr\u017eana. Mo\u017eete elektroni\u010dki kopirati i ispisivati dijelove ove web stranice isklju\u010divo u svrhu naru\u010divanja kod vapestornado ili kupnje vapestornado proizvoda. Svaka druga upotreba, uklju\u010duju\u0107i reprodukciju, distribuciju, prikaz ili prijenos sadr\u017eaja web stranice, strogo je zabranjena bez izri\u010ditog dopu\u0161tenja tvrtke vapestornado Inc.<\/p>\n\n\n\n<p><strong>Za\u0161titni znakovi<\/strong><\/p>\n\n\n\n<p>Svi za\u0161titni znakovi, uslu\u017eni znakovi i trgova\u010dki nazivi kori\u0161teni na web stranici su za\u0161titni znakovi ili registrirani za\u0161titni znakovi tvrtke vapestornado.<\/p>\n\n\n\n<p><strong>Odricanje od jamstva<\/strong><\/p>\n\n\n\n<p>Na\u0161a web stranica te materijali i proizvodi koji se pru\u017eaju nude se \u201etakvi kakvi jesu\u201c bez jamstava bilo koje vrste, izri\u010ditih ili podrazumijevanih. vapestornado se odri\u010de svih jamstava, uklju\u010duju\u0107i tr\u017ei\u0161nu sposobnost, prikladnost za odre\u0111enu svrhu i nekr\u0161enje prava. Ne jam\u010dimo da \u0107e funkcije web stranice biti neprekinute ili bez pogre\u0161aka, ili da \u0107e bilo koji nedostaci biti ispravljeni. Tako\u0111er ne jam\u010dimo to\u010dnost, pravovremenost ili pouzdanost materijala na web stranici.<\/p>\n\n\n\n<p><strong>Ograni\u010denje odgovornosti<\/strong><\/p>\n\n\n\n<p>vapestornado ne\u0107e biti odgovoran za bilo kakve posebne ili posljedi\u010dne \u0161tete koje proizlaze iz kori\u0161tenja materijala na ovoj web stranici ili izvedbe proizvoda, \u010dak i ako je bio obavije\u0161ten o mogu\u0107nosti takvih \u0161teta. Neke jurisdikcije ne dopu\u0161taju ograni\u010denja jamstava ili isklju\u010denja odgovornosti za posljedi\u010dne \u0161tete, pa se ta ograni\u010denja mo\u017eda ne\u0107e odnositi na vas.<\/p>\n\n\n\n<p><strong>Raskid<\/strong><\/p>\n\n\n\n<p>Ovi uvjeti i odredbe primjenjuju se na vas nakon pristupa web stranici ili dovr\u0161etka bilo kojeg postupka registracije ili kupovine. vapestornado mo\u017ee raskinuti ove uvjete i odredbe, ili bilo koji njihov dio, bez prethodne obavijesti u bilo kojem trenutku, iz bilo kojeg razloga. Odre\u0111ene odredbe, uklju\u010duju\u0107i Autorska prava, Za\u0161titne znakove, Odricanje od odgovornosti, Ograni\u010denje odgovornosti, Obe\u0161te\u0107enje i Razno, ostaju na snazi i nakon raskida.<\/p>\n\n\n\n<p><strong>Obavijest<\/strong><\/p>\n\n\n\n<p>vapestornado vam mo\u017ee poslati obavijest putem e-po\u0161te, op\u0107e obavijesti na web stranici ili drugim pouzdanim metodama koriste\u0107i kontakt podatke koje ste naveli.<\/p>\n\n\n\n<p><strong>Razno<\/strong><\/p>\n\n\n\n<p>Va\u0161e kori\u0161tenje ove web stranice regulirano je zakonima Hrvatske bez obzira na odredbe o izboru zakona. Svi pravni postupci povezani s ovom web stranicom odvijat \u0107e se na sudovima u Hrvatskoj. Bilo kakvi zahtjevi povezani s web stranicom moraju biti podneseni u roku od jedne godine od nastanka zahtjeva. Neuspjeh vapestornada u provedbi bilo koje odredbe ovih uvjeta ne odri\u010de se nikakvih prava. vapestornado mo\u017ee prenijeti svoja prava i du\u017enosti prema ovom ugovoru bez obavijesti.<\/p>\n\n\n\n<p><strong>Kori\u0161tenje web stranice<\/strong><\/p>\n\n\n\n<p>Uznemiravanje u bilo kojem obliku na web stranici je zabranjeno. Ne smijete prenositi neprihvatljiv sadr\u017eaj niti tra\u017eiti komercijalne usluge od drugih. vapestornado zadr\u017eava pravo blokirati ili ukloniti neprikladan sadr\u017eaj prema vlastitom naho\u0111enju.<\/p>\n\n\n\n<p><strong>Odricanje od odgovornosti za sudjelovanje<\/strong><\/p>\n\n\n\n<p>vapestornado nije odgovoran za sadr\u017eaj koji generiraju korisnici na web stranici. Djelujemo kao posrednik za distribuciju i zadr\u017eavamo pravo uklanjanja bilo kakvog neprihvatljivog materijala.<\/p>\n\n\n\n<p><strong>Upotreba proizvoda<\/strong><\/p>\n\n\n\n<p>vapestornado ne daje nikakve izjave u vezi s u\u010dinkovito\u0161\u0107u na\u0161ih proizvoda za bilo koju specifi\u010dnu upotrebu. Kupnjom na\u0161ih proizvoda, sla\u017eete se da ih koristite na vlastitu odgovornost. Nikotinski proizvodi namijenjeni su isklju\u010divo za odrasle. Prije upotrebe nikotinskih proizvoda, posavjetujte se s lije\u010dnikom.<\/p>\n\n\n\n<p><strong>Od\u0161teta<\/strong><\/p>\n\n\n\n<p>Sla\u017eete se da \u0107ete obe\u0161tetiti vapestornado i njegove pru\u017eatelje usluga od bilo kakvih gubitaka, tro\u0161kova, ozljeda, \u0161teta i tro\u0161kova proiza\u0161lih iz bilo kakvog kr\u0161enja ovih uvjeta ili aktivnosti povezanih s va\u0161im ra\u010dunom.<\/p>\n\n\n\n<p><strong>Poveznice na tre\u0107e strane<\/strong><\/p>\n\n\n\n<p>vapestornado mo\u017ee sadr\u017eavati poveznice na web stranice tre\u0107ih strana radi pogodnosti posjetitelja. Nemamo kontrolu nad tim stranicama i nismo odgovorni za njihovu praksu.<\/p>\n\n\n\n<p><strong>Odricanje od odgovornosti za proizvod<\/strong><\/p>\n\n\n\n<p>Odre\u0111eni proizvodi mogu imati specifi\u010dna odricanja od odgovornosti u vezi s uvjetima za zamjene ili povrat novca. Prije kupnje, molimo pro\u010ditajte sva odricanja od odgovornosti za proizvod. Prihva\u0107anjem na\u0161ih Uvjeta i odredbi prilikom pla\u0107anja, potvr\u0111ujete da ste pro\u010ditali i razumjeli sva odricanja od odgovornosti za proizvod.<\/p>\n\n\n\n<p>Hvala vam \u0161to ste odabrali vapestornado!<\/p>","protected":false},"excerpt":{"rendered":"<p>Welcome to vapestornado! By accessing and using our website, you agree to comply with the following terms and conditions, along with applicable laws. If you do not agree with these terms, please do not use our site. By making a purchase on our website, you agree to the Terms &amp; Conditions below, as well as [&hellip;]<\/p>","protected":false},"author":1,"featured_media":0,"parent":0,"menu_order":0,"comment_status":"closed","ping_status":"closed","template":"","meta":{"_acf_changed":false,"_uag_custom_page_level_css":"","_lmt_disableupdate":"","_lmt_disable":"","_monsterinsights_skip_tracking":false,"_monsterinsights_sitenote_active":false,"_monsterinsights_sitenote_note":"","_monsterinsights_sitenote_category":0,"site-sidebar-layout":"default","site-content-layout":"","ast-site-content-layout":"default","site-content-style":"default","site-sidebar-style":"default","ast-global-header-display":"","ast-banner-title-visibility":"","ast-main-header-display":"","ast-hfb-above-header-display":"","ast-hfb-below-header-display":"","ast-hfb-mobile-header-display":"","site-post-title":"","ast-breadcrumbs-content":"","ast-featured-img":"","footer-sml-layout":"","ast-disable-related-posts":"","theme-transparent-header-meta":"","adv-header-id-meta":"","stick-header-meta":"","header-above-stick-meta":"","header-main-stick-meta":"","header-below-stick-meta":"","astra-migrate-meta-layouts":"set","ast-page-background-enabled":"default","ast-page-background-meta":{"desktop":{"background-color":"","background-image":"","background-repeat":"repeat","background-position":"center center","background-size":"auto","background-attachment":"scroll","background-type":"","background-media":"","overlay-type":"","overlay-color":"","overlay-opacity":"","overlay-gradient":""},"tablet":{"background-color":"","background-image":"","background-repeat":"repeat","background-position":"center center","background-size":"auto","background-attachment":"scroll","background-type":"","background-media":"","overlay-type":"","overlay-color":"","overlay-opacity":"","overlay-gradient":""},"mobile":{"background-color":"","background-image":"","background-repeat":"repeat","background-position":"center center","background-size":"auto","background-attachment":"scroll","background-type":"","background-media":"","overlay-type":"","overlay-color":"","overlay-opacity":"","overlay-gradient":""}},"ast-content-background-meta":{"desktop":{"background-color":"var(--ast-global-color-5)","background-image":"","background-repeat":"repeat","background-position":"center center","background-size":"auto","background-attachment":"scroll","background-type":"","background-media":"","overlay-type":"","overlay-color":"","overlay-opacity":"","overlay-gradient":""},"tablet":{"background-color":"var(--ast-global-color-5)","background-image":"","background-repeat":"repeat","background-position":"center center","background-size":"auto","background-attachment":"scroll","background-type":"","background-media":"","overlay-type":"","overlay-color":"","overlay-opacity":"","overlay-gradient":""},"mobile":{"background-color":"var(--ast-global-color-5)","background-image":"","background-repeat":"repeat","background-position":"center center","background-size":"auto","background-attachment":"scroll","background-type":"","background-media":"","overlay-type":"","overlay-color":"","overlay-opacity":"","overlay-gradient":""}},"_joinchat":[],"footnotes":""},"class_list":["post-2776","page","type-page","status-publish","hentry"],"acf":[],"uagb_featured_image_src":{"full":false,"thumbnail":false,"medium":false,"medium_large":false,"large":false,"1536x1536":false,"2048x2048":false,"trp-custom-language-flag":false,"woocommerce_thumbnail":false,"woocommerce_single":false,"woocommerce_gallery_thumbnail":false},"uagb_author_info":{"display_name":"yannazhan@gmail.com","author_link":"https:\/\/vapestornado.com\/hr\/author\/yannazhangmail-com\/"},"uagb_comment_info":0,"uagb_excerpt":"Welcome to vapestornado! By accessing and using our website, you agree to comply with the following terms and conditions, along with applicable laws. If you do not agree with these terms, please do not use our site. By making a purchase on our website, you agree to the Terms &amp; Conditions below, as well as&hellip;","_links":{"self":[{"href":"https:\/\/vapestornado.com\/hr\/wp-json\/wp\/v2\/pages\/2776","targetHints":{"allow":["GET"]}}],"collection":[{"href":"https:\/\/vapestornado.com\/hr\/wp-json\/wp\/v2\/pages"}],"about":[{"href":"https:\/\/vapestornado.com\/hr\/wp-json\/wp\/v2\/types\/page"}],"author":[{"embeddable":true,"href":"https:\/\/vapestornado.com\/hr\/wp-json\/wp\/v2\/users\/1"}],"replies":[{"embeddable":true,"href":"https:\/\/vapestornado.com\/hr\/wp-json\/wp\/v2\/comments?post=2776"}],"version-history":[{"count":1,"href":"https:\/\/vapestornado.com\/hr\/wp-json\/wp\/v2\/pages\/2776\/revisions"}],"predecessor-version":[{"id":2777,"href":"https:\/\/vapestornado.com\/hr\/wp-json\/wp\/v2\/pages\/2776\/revisions\/2777"}],"wp:attachment":[{"href":"https:\/\/vapestornado.com\/hr\/wp-json\/wp\/v2\/media?parent=2776"}],"curies":[{"name":"wp","href":"https:\/\/api.w.org\/{rel}","templated":true}]}}