{"id":2772,"date":"2024-11-12T09:48:42","date_gmt":"2024-11-12T09:48:42","guid":{"rendered":"https:\/\/vapestornado.com\/?page_id=2772"},"modified":"2024-11-12T09:52:13","modified_gmt":"2024-11-12T09:52:13","slug":"vapestornado-shipping-policy","status":"publish","type":"page","link":"https:\/\/vapestornado.com\/hr\/vapestornado-shipping-policy\/","title":{"rendered":"vapestornado politika dostave"},"content":{"rendered":"<ol class=\"wp-block-list\">\n<li><strong>Vrijeme obrade i otpreme:<\/strong><br>Narud\u017ebe se obra\u0111uju i otpremaju u roku od 1-3 radna dana. Vrijeme isporuke obi\u010dno se kre\u0107e od 7-15 radnih dana. Imajte na umu da ne vr\u0161imo otpremu vikendom.<\/li>\n\n\n\n<li><strong>Informacije o pra\u0107enju:<\/strong><br>Nakon \u0161to va\u0161a narud\u017eba bude otpremljena, primit \u0107ete e-mail s informacijama o pra\u0107enju. Pratite svoju po\u0161iljku pomo\u0107u prilo\u017eenog broja za pra\u0107enje na <a href=\"https:\/\/www.17track.net\/en\" target=\"_blank\" rel=\"noopener\">https:\/\/www.17track.net\/en<\/a>. Molimo pri\u010dekajte 1-2 dana nakon otpreme da se pojave a\u017euriranja pra\u0107enja.<\/li>\n\n\n\n<li><strong>Otkazivanje narud\u017ebe ili promjene adrese:<\/strong><br>Mo\u017eete otkazati ili a\u017eurirati adresu za dostavu bilo kada prije nego \u0161to va\u0161a narud\u017eba bude otpremljena. Me\u0111utim, nakon \u0161to je otpremljena, ne mo\u017eemo obraditi povrat novca ili promjene adrese.<\/li>\n\n\n\n<li><strong>Dostava s pla\u0107enom carinom (DDP):<\/strong><br>Za odabrane zemlje nudimo DDP dostavu, \u0161to zna\u010di da ne\u0107ete morati rje\u0161avati carinjenje ili pla\u0107ati carine.<ul><li><strong>Hrvatska<\/strong> \u2013 UPS Express<\/li><li><strong>UK<\/strong> \u2013 Lokalni DPD Express<\/li><li><strong>Europa<\/strong> \u2013 UPS Express\/DPD Express\/DHL Express<\/li><\/ul><strong>Zemlje koje ispunjavaju uvjete za DDP u Europi<\/strong> uklju\u010duju: Njema\u010dku, Belgiju, Luksemburg, Nizozemsku, \u010ce\u0161ku, Poljsku, Hrvatsku, Slova\u010dku, Sloveniju, Finsku, Dansku, \u0160vedsku, Austriju, Francusku, Italiju, Ma\u0111arsku, Bugarsku, Litvu, Estoniju, Latviju, Gr\u010dku, Irsku, Portugal i \u0160panjolsku.<\/li>\n\n\n\n<li><strong>Napomena:<\/strong> Za po\u0161iljke u Finsku, \u0160vedsku, Dansku, Norve\u0161ku, Island, \u0160vicarsku i Srbiju postoji rizik od sekundarnog carinjenja. Ako lokalna carina zaplijeni robu tijekom inspekcije, osiguranje carinjenja ne\u0107e pokriti gubitak.<\/li>\n<\/ol>\n\n\n\n<p>Hvala vam \u0161to ste odabrali vapestornado za va\u0161e potrebe vapinga!<\/p>\n\n\n\n<hr class=\"wp-block-separator has-alpha-channel-opacity\"\/>\n\n\n\n<p><strong>Vrijeme isporuke Puffa za odre\u0111ene zemlje<\/strong><\/p>\n\n\n\n<figure class=\"wp-block-table\"><table class=\"has-fixed-layout\"><thead><tr><th>Zemlja<\/th><th>Na\u010din isporuke<\/th><th>Vrijeme isporuke<\/th><\/tr><\/thead><tbody><tr><td>Hrvatska<\/td><td>Lokalni UPS Ground<\/td><td>10-15 dana<\/td><\/tr><tr><td>UK<\/td><td>Lokalni DPD Express<\/td><td>7-12 dana<\/td><\/tr><tr><td>Njema\u010dku<\/td><td>UPS\/DPD\/DHL<\/td><td>8-13 dana<\/td><\/tr><tr><td>Francusku<\/td><td>UPS\/DPD\/DHL<\/td><td>8-13 dana<\/td><\/tr><tr><td>Belgija<\/td><td>UPS\/DPD\/DHL<\/td><td>8-13 dana<\/td><\/tr><tr><td>Luksemburg<\/td><td>UPS\/DPD\/DHL<\/td><td>8-13 dana<\/td><\/tr><tr><td>Nizozemska<\/td><td>UPS\/DPD\/DHL<\/td><td>8-13 dana<\/td><\/tr><tr><td>\u010ce\u0161ka Republika<\/td><td>UPS\/DPD\/DHL<\/td><td>8-13 dana<\/td><\/tr><tr><td>Poljsku<\/td><td>UPS\/DPD\/DHL<\/td><td>8-13 dana<\/td><\/tr><tr><td>Hrvatska<\/td><td>UPS\/DPD\/DHL<\/td><td>8-13 dana<\/td><\/tr><tr><td>Slova\u010dka<\/td><td>UPS\/DPD\/DHL<\/td><td>8-13 dana<\/td><\/tr><tr><td>Slovenija<\/td><td>UPS\/DPD\/DHL<\/td><td>8-13 dana<\/td><\/tr><tr><td>Finska<\/td><td>UPS\/DPD\/DHL<\/td><td>8-13 dana<\/td><\/tr><tr><td>Danska<\/td><td>UPS\/DPD\/DHL<\/td><td>8-13 dana<\/td><\/tr><tr><td>\u0160vedska<\/td><td>UPS\/DPD\/DHL<\/td><td>8-13 dana<\/td><\/tr><tr><td>Austrija<\/td><td>UPS\/DPD\/DHL<\/td><td>8-13 dana<\/td><\/tr><tr><td>Italiju<\/td><td>UPS\/DPD\/DHL<\/td><td>8-13 dana<\/td><\/tr><tr><td>Ma\u0111arska<\/td><td>UPS\/DPD\/DHL<\/td><td>8-13 dana<\/td><\/tr><tr><td>Litva<\/td><td>UPS\/DPD\/DHL<\/td><td>8-13 dana<\/td><\/tr><tr><td>Estonija<\/td><td>UPS\/DPD\/DHL<\/td><td>8-13 dana<\/td><\/tr><tr><td>Latvija<\/td><td>UPS\/DPD\/DHL<\/td><td>8-13 dana<\/td><\/tr><tr><td>Gr\u010dka<\/td><td>UPS\/DPD\/DHL<\/td><td>8-13 dana<\/td><\/tr><tr><td>Irska<\/td><td>UPS\/DPD\/DHL<\/td><td>8-13 dana<\/td><\/tr><tr><td>Portugal<\/td><td>UPS\/DPD\/DHL<\/td><td>8-13 dana<\/td><\/tr><tr><td>\u0160panjolsku<\/td><td>UPS\/DPD\/DHL<\/td><td>8-13 dana<\/td><\/tr><tr><td>UAE (Dubai)<\/td><td>Namjenska linija za Dubai<\/td><td>12-18 dana<\/td><\/tr><tr><td>Ju\u017ena Afrika<\/td><td>Namjenska linija za Ju\u017enu Afriku<\/td><td>15-25 dana<\/td><\/tr><tr><td>Vijetnam<\/td><td>Namjenska linija za Vijetnam<\/td><td>3-5 dana<\/td><\/tr><tr><td>Zapadna Malezija<\/td><td>Namjenska linija za Maleziju<\/td><td>4-8 dana<\/td><\/tr><\/tbody><\/table><\/figure>\n\n\n\n<p><\/p>","protected":false},"excerpt":{"rendered":"<p>Hvala vam \u0161to ste odabrali vapestornado za va\u0161e potrebe vapinga! Vrijeme isporuke Puffa za odre\u0111ene zemlje Zemlja Na\u010din isporuke Vrijeme isporuke Hrvatska Lokalna UPS Ground 10-15 dana UK Lokalna DPD Express 7-12 dana Njema\u010dka UPS\/DPD\/DHL 8-13 dana Francuska UPS\/DPD\/DHL 8-13 dana Belgija UPS\/DPD\/DHL 8-13 dana Luksemburg UPS\/DPD\/DHL 8-13 dana Nizozemska UPS\/DPD\/DHL 8-13 dana \u010ce\u0161ka UPS\/DPD\/DHL [\u2026]<\/p>","protected":false},"author":1,"featured_media":0,"parent":0,"menu_order":0,"comment_status":"closed","ping_status":"closed","template":"","meta":{"_acf_changed":false,"_uag_custom_page_level_css":"","_lmt_disableupdate":"","_lmt_disable":"","_monsterinsights_skip_tracking":false,"_monsterinsights_sitenote_active":false,"_monsterinsights_sitenote_note":"","_monsterinsights_sitenote_category":0,"site-sidebar-layout":"default","site-content-layout":"","ast-site-content-layout":"default","site-content-style":"default","site-sidebar-style":"default","ast-global-header-display":"","ast-banner-title-visibility":"","ast-main-header-display":"","ast-hfb-above-header-display":"","ast-hfb-below-header-display":"","ast-hfb-mobile-header-display":"","site-post-title":"","ast-breadcrumbs-content":"","ast-featured-img":"","footer-sml-layout":"","ast-disable-related-posts":"","theme-transparent-header-meta":"","adv-header-id-meta":"","stick-header-meta":"","header-above-stick-meta":"","header-main-stick-meta":"","header-below-stick-meta":"","astra-migrate-meta-layouts":"set","ast-page-background-enabled":"default","ast-page-background-meta":{"desktop":{"background-color":"","background-image":"","background-repeat":"repeat","background-position":"center center","background-size":"auto","background-attachment":"scroll","background-type":"","background-media":"","overlay-type":"","overlay-color":"","overlay-opacity":"","overlay-gradient":""},"tablet":{"background-color":"","background-image":"","background-repeat":"repeat","background-position":"center center","background-size":"auto","background-attachment":"scroll","background-type":"","background-media":"","overlay-type":"","overlay-color":"","overlay-opacity":"","overlay-gradient":""},"mobile":{"background-color":"","background-image":"","background-repeat":"repeat","background-position":"center center","background-size":"auto","background-attachment":"scroll","background-type":"","background-media":"","overlay-type":"","overlay-color":"","overlay-opacity":"","overlay-gradient":""}},"ast-content-background-meta":{"desktop":{"background-color":"var(--ast-global-color-5)","background-image":"","background-repeat":"repeat","background-position":"center center","background-size":"auto","background-attachment":"scroll","background-type":"","background-media":"","overlay-type":"","overlay-color":"","overlay-opacity":"","overlay-gradient":""},"tablet":{"background-color":"var(--ast-global-color-5)","background-image":"","background-repeat":"repeat","background-position":"center center","background-size":"auto","background-attachment":"scroll","background-type":"","background-media":"","overlay-type":"","overlay-color":"","overlay-opacity":"","overlay-gradient":""},"mobile":{"background-color":"var(--ast-global-color-5)","background-image":"","background-repeat":"repeat","background-position":"center center","background-size":"auto","background-attachment":"scroll","background-type":"","background-media":"","overlay-type":"","overlay-color":"","overlay-opacity":"","overlay-gradient":""}},"_joinchat":[],"footnotes":""},"class_list":["post-2772","page","type-page","status-publish","hentry"],"acf":[],"uagb_featured_image_src":{"full":false,"thumbnail":false,"medium":false,"medium_large":false,"large":false,"1536x1536":false,"2048x2048":false,"trp-custom-language-flag":false,"woocommerce_thumbnail":false,"woocommerce_single":false,"woocommerce_gallery_thumbnail":false},"uagb_author_info":{"display_name":"yannazhan@gmail.com","author_link":"https:\/\/vapestornado.com\/hr\/author\/yannazhangmail-com\/"},"uagb_comment_info":0,"uagb_excerpt":"Thank you for choosing vapestornado for your vaping needs! Puff Shipping Times for Specific Countries Country Shipping Method Shipping Time USA Local UPS Ground 10-15 Days UK Local DPD Express 7-12 Days Germany UPS\/DPD\/DHL 8-13 Days France UPS\/DPD\/DHL 8-13 Days Belgium UPS\/DPD\/DHL 8-13 Days Luxembourg UPS\/DPD\/DHL 8-13 Days Netherlands UPS\/DPD\/DHL 8-13 Days Czech Republic UPS\/DPD\/DHL&hellip;","_links":{"self":[{"href":"https:\/\/vapestornado.com\/hr\/wp-json\/wp\/v2\/pages\/2772","targetHints":{"allow":["GET"]}}],"collection":[{"href":"https:\/\/vapestornado.com\/hr\/wp-json\/wp\/v2\/pages"}],"about":[{"href":"https:\/\/vapestornado.com\/hr\/wp-json\/wp\/v2\/types\/page"}],"author":[{"embeddable":true,"href":"https:\/\/vapestornado.com\/hr\/wp-json\/wp\/v2\/users\/1"}],"replies":[{"embeddable":true,"href":"https:\/\/vapestornado.com\/hr\/wp-json\/wp\/v2\/comments?post=2772"}],"version-history":[{"count":3,"href":"https:\/\/vapestornado.com\/hr\/wp-json\/wp\/v2\/pages\/2772\/revisions"}],"predecessor-version":[{"id":2775,"href":"https:\/\/vapestornado.com\/hr\/wp-json\/wp\/v2\/pages\/2772\/revisions\/2775"}],"wp:attachment":[{"href":"https:\/\/vapestornado.com\/hr\/wp-json\/wp\/v2\/media?parent=2772"}],"curies":[{"name":"wp","href":"https:\/\/api.w.org\/{rel}","templated":true}]}}